{"id":879,"date":"2023-04-03T06:14:55","date_gmt":"2023-04-03T06:14:55","guid":{"rendered":"https:\/\/bglbike.com\/?post_type=product&#038;p=879"},"modified":"2023-05-31T02:30:13","modified_gmt":"2023-05-31T02:30:13","slug":"et01","status":"publish","type":"product","link":"https:\/\/bglbike.com\/pt\/produto\/et01\/","title":{"rendered":"Triciclos El\u00e9tricos ET01 Para Idosos Capacidade de Carga de 300kg"},"content":{"rendered":"<h3>Especifica\u00e7\u00e3o<\/h3>\n<div id=\"footable_parent_883\"\n         class=\"footable_parent ninja_table_wrapper loading_ninja_table wp_table_data_press_parent semantic_ui\">\n                <table data-ninja_table_instance=\"ninja_table_instance_0\" data-footable_id=\"883\" data-filter-delay=\"1000\" aria-label=\"ET01.csv\"            id=\"footable_883\"\n           data-unique_identifier=\"ninja_table_unique_id_1542079746_883\"\n           class=\"foo-table ninja_footable foo_table_883 ninja_table_unique_id_1542079746_883 ui table  nt_type_legacy_table selectable striped vertical_centered  footable-paging-right ninja_table_pro\">\n                <colgroup>\n                            <col class=\"ninja_column_0\">\n                            <col class=\"ninja_column_1\">\n                    <\/colgroup>\n        <thead>\n<tr class=\"footable-header\">\n                                        <th scope=\"col\"  class=\"ninja_column_0 ninja_clmn_nm_placeoforigin\">Lugar de origem<\/th><th scope=\"col\"  class=\"ninja_column_1 ninja_clmn_nm_zhejiangchina\">Zhejiang China<\/th><\/tr>\n<\/thead>\n<tbody>\n\n        <tr data-row_id=\"828\" class=\"ninja_table_row_0 nt_row_id_828\">\n            <td>Engrenagens<\/td><td>Shimano 7 velocidades<\/td>        <\/tr>\n            <tr data-row_id=\"829\" class=\"ninja_table_row_1 nt_row_id_829\">\n            <td>Alcance por Pot\u00eancia<\/td><td>31 - 60 km<\/td>        <\/tr>\n            <tr data-row_id=\"830\" class=\"ninja_table_row_2 nt_row_id_830\">\n            <td>Material da Arma\u00e7\u00e3o<\/td><td>Liga de alum\u00ednio<\/td>        <\/tr>\n            <tr data-row_id=\"831\" class=\"ninja_table_row_3 nt_row_id_831\">\n            <td>Velocidade m\u00e1xima<\/td><td>20-40Km\/h<\/td>        <\/tr>\n            <tr data-row_id=\"832\" class=\"ninja_table_row_4 nt_row_id_832\">\n            <td>Tens\u00e3o<\/td><td>48V<\/td>        <\/tr>\n            <tr data-row_id=\"833\" class=\"ninja_table_row_5 nt_row_id_833\">\n            <td>Fonte de energia<\/td><td>bateria de l\u00edtio<\/td>        <\/tr>\n            <tr data-row_id=\"834\" class=\"ninja_table_row_6 nt_row_id_834\">\n            <td>Sistema de travagem<\/td><td>Freio de disco<\/td>        <\/tr>\n            <tr data-row_id=\"835\" class=\"ninja_table_row_7 nt_row_id_835\">\n            <td>Torque<\/td><td>80-90 Nm<\/td>        <\/tr>\n            <tr data-row_id=\"836\" class=\"ninja_table_row_8 nt_row_id_836\">\n            <td>O tempo de carga<\/td><td>&gt;3 horas<\/td>        <\/tr>\n            <tr data-row_id=\"837\" class=\"ninja_table_row_9 nt_row_id_837\">\n            <td>Posi\u00e7\u00e3o do motor<\/td><td>Motores duplos<\/td>        <\/tr>\n            <tr data-row_id=\"838\" class=\"ninja_table_row_10 nt_row_id_838\">\n            <td>Posi\u00e7\u00e3o da bateria<\/td><td>Tubo inferior<\/td>        <\/tr>\n            <tr data-row_id=\"839\" class=\"ninja_table_row_11 nt_row_id_839\">\n            <td>Bateria<\/td><td>Bateria de L\u00edtio 48V 20Ah+15Ah<\/td>        <\/tr>\n            <tr data-row_id=\"840\" class=\"ninja_table_row_12 nt_row_id_840\">\n            <td>Pot\u00eancia do motor<\/td><td>250 W\/350 W\/500 W\/750 W<\/td>        <\/tr>\n            <tr data-row_id=\"841\" class=\"ninja_table_row_13 nt_row_id_841\">\n            <td>Cor<\/td><td>Cor personalizada<\/td>        <\/tr>\n            <tr data-row_id=\"842\" class=\"ninja_table_row_14 nt_row_id_842\">\n            <td>Freio<\/td><td>freio a disco<\/td>        <\/tr>\n            <tr data-row_id=\"843\" class=\"ninja_table_row_15 nt_row_id_843\">\n            <td>Quadro<\/td><td>Estrutura de liga de alum\u00ednio<\/td>        <\/tr>\n            <tr data-row_id=\"844\" class=\"ninja_table_row_16 nt_row_id_844\">\n            <td>Pneu<\/td><td>KENDA<\/td>        <\/tr>\n    <\/tbody><!--ninja_tobody_rendering_done-->\n    <\/table>\n    \n    \n    \n<\/div>\n\n<h3>capacidade de fornecimento<\/h3>\n<p>5000 Pe\u00e7as\/Pe\u00e7as por M\u00eas 500<\/p>\n<h3>Embalagem e entrega<\/h3>\n<p>Detalhes da embalagem: 1 pe\u00e7a(s)\/caixa feita de papel\u00e3o de alta qualidade. Embalado em tamanho pequeno<br \/>\nPorto: Ningbo ou Xangai<br \/>\nTempo de espera:<div id=\"footable_parent_882\"\n         class=\"footable_parent ninja_table_wrapper loading_ninja_table wp_table_data_press_parent semantic_ui\">\n                <table data-ninja_table_instance=\"ninja_table_instance_1\" data-footable_id=\"882\" data-filter-delay=\"1000\" aria-label=\"PAck08.csv\"            id=\"footable_882\"\n           data-unique_identifier=\"ninja_table_unique_id_2861803074_882\"\n           class=\"foo-table ninja_footable foo_table_882 ninja_table_unique_id_2861803074_882 ui table  nt_type_legacy_table selectable striped vertical_centered  footable-paging-right ninja_table_pro\">\n                <colgroup>\n                            <col class=\"ninja_column_0\">\n                            <col class=\"ninja_column_1\">\n                            <col class=\"ninja_column_2\">\n                    <\/colgroup>\n        <thead>\n<tr class=\"footable-header\">\n                                                        <th scope=\"col\"  class=\"ninja_column_0 ninja_clmn_nm_quantitypieces\">Quantidade (pe\u00e7as)<\/th><th scope=\"col\"  class=\"ninja_column_1 ninja_clmn_nm_11\">1-5000<\/th><th scope=\"col\"  class=\"ninja_column_2 ninja_clmn_nm_1\">&gt;5000<\/th><\/tr>\n<\/thead>\n<tbody>\n\n        <tr data-row_id=\"827\" class=\"ninja_table_row_0 nt_row_id_827\">\n            <td>Prazo de entrega (dias)<\/td><td>30<\/td><td>A ser negociado<\/td>        <\/tr>\n    <\/tbody><!--ninja_tobody_rendering_done-->\n    <\/table>\n    \n    \n    \n<\/div>\n<\/p>\n<h3>Imagem da embalagem<\/h3>\n<p><img fetchpriority=\"high\" decoding=\"async\" class=\"size-full wp-image-3553\" src=\"https:\/\/bglbike.com\/wp-content\/uploads\/2023\/04\/EBB05-1.png\" alt=\"Imagem da embalagem\" width=\"600\" height=\"600\" srcset=\"https:\/\/bglbike.com\/wp-content\/uploads\/2023\/04\/EBB05-1.png 600w, https:\/\/bglbike.com\/wp-content\/uploads\/2023\/04\/EBB05-1-300x300.png 300w, https:\/\/bglbike.com\/wp-content\/uploads\/2023\/04\/EBB05-1-150x150.png 150w, https:\/\/bglbike.com\/wp-content\/uploads\/2023\/04\/EBB05-1-12x12.png 12w, https:\/\/bglbike.com\/wp-content\/uploads\/2023\/04\/EBB05-1-200x200.png 200w, https:\/\/bglbike.com\/wp-content\/uploads\/2023\/04\/EBB05-1-100x100.png 100w\" sizes=\"(max-width: 600px) 100vw, 600px\" \/><\/p>\n<h3>perguntas frequentes<\/h3>\n<p><strong>Quanto tempo dura a bateria com uma \u00fanica carga?<\/strong><br \/>\nO ET01 Electric Trikes for Seniors vem com uma bateria de \u00edons de l\u00edtio de alta qualidade que dura at\u00e9 60 km com uma \u00fanica carga, o que \u00e9 perfeito para viagens de longa dist\u00e2ncia.<\/p>\n<p><strong>O Triciclo El\u00e9trico ET01 para Idosos \u00e9 f\u00e1cil de operar?<\/strong><br \/>\nSim, o ET01 Electric Trikes for Seniors foi projetado para ser f\u00e1cil de usar, com um painel de controle simples que facilita a opera\u00e7\u00e3o dos idosos. Conta ainda com assento confort\u00e1vel e guid\u00e3o ergon\u00f4mico, garantindo uma condu\u00e7\u00e3o confort\u00e1vel e segura.<\/p>\n<p><strong>Que tipo de materiais s\u00e3o utilizados para fabricar os Triciclos El\u00e9tricos ET01 para Seniores?<\/strong><br \/>\nO ET01 Electric Trikes for Seniors \u00e9 feito de materiais leves e dur\u00e1veis, incluindo liga de alum\u00ednio, o que o torna resistente e duradouro. Al\u00e9m disso, o trike apresenta materiais ecol\u00f3gicos, como couro ecol\u00f3gico para o assento e os punhos do guid\u00e3o.<\/p>\n<p><strong>O triciclo el\u00e9trico ET01 para idosos \u00e9 adequado para uso interno?<\/strong><br \/>\nEmbora o ET01 Electric Trikes for Seniors seja projetado principalmente para uso externo, tamb\u00e9m \u00e9 adequado para uso interno em espa\u00e7os como armaz\u00e9ns, f\u00e1bricas e shopping centers. O trike \u00e9 compacto e \u00e1gil, facilitando a manobra em espa\u00e7os apertados.<\/p>","protected":false},"excerpt":{"rendered":"<p>O <strong>Triciclos El\u00e9tricos ET01 Para Idosos Capacidade de Carga de 300kg<\/strong> foi projetado para fornecer uma maneira f\u00e1cil e segura para os idosos se movimentarem com uma impressionante capacidade de carga de at\u00e9 300 kg. Com sistema de controle f\u00e1cil de usar e navega\u00e7\u00e3o intuitiva, o Trike El\u00e9trico ET01 \u00e9 perfeito para quem deseja um meio de transporte seguro e eficiente. Esteja voc\u00ea realizando tarefas ou simplesmente desfrutando de um passeio tranquilo, este triciclo el\u00e9trico \u00e9 a escolha perfeita. N\u00e3o deixe que problemas de mobilidade o impe\u00e7am de explorar o mundo ao seu redor - experimente hoje mesmo o triciclo el\u00e9trico ET01 para idosos.<\/p>","protected":false},"featured_media":3929,"template":"","meta":{"site-sidebar-layout":"default","site-content-layout":"default","ast-site-content-layout":"default","site-content-style":"default","site-sidebar-style":"default","ast-global-header-display":"","ast-banner-title-visibility":"","ast-main-header-display":"","ast-hfb-above-header-display":"","ast-hfb-below-header-display":"","ast-hfb-mobile-header-display":"","site-post-title":"","ast-breadcrumbs-content":"","ast-featured-img":"","footer-sml-layout":"","ast-disable-related-posts":"","theme-transparent-header-meta":"default","adv-header-id-meta":"","stick-header-meta":"default","header-above-stick-meta":"","header-main-stick-meta":"","header-below-stick-meta":"","astra-migrate-meta-layouts":"default","ast-page-background-enabled":"default","ast-page-background-meta":{"desktop":{"background-color":"var(--ast-global-color-4)","background-image":"","background-repeat":"repeat","background-position":"center center","background-size":"auto","background-attachment":"scroll","background-type":"","background-media":"","overlay-type":"","overlay-color":"","overlay-opacity":"","overlay-gradient":""},"tablet":{"background-color":"","background-image":"","background-repeat":"repeat","background-position":"center center","background-size":"auto","background-attachment":"scroll","background-type":"","background-media":"","overlay-type":"","overlay-color":"","overlay-opacity":"","overlay-gradient":""},"mobile":{"background-color":"","background-image":"","background-repeat":"repeat","background-position":"center center","background-size":"auto","background-attachment":"scroll","background-type":"","background-media":"","overlay-type":"","overlay-color":"","overlay-opacity":"","overlay-gradient":""}},"ast-content-background-meta":{"desktop":{"background-color":"var(--ast-global-color-5)","background-image":"","background-repeat":"repeat","background-position":"center center","background-size":"auto","background-attachment":"scroll","background-type":"","background-media":"","overlay-type":"","overlay-color":"","overlay-opacity":"","overlay-gradient":""},"tablet":{"background-color":"var(--ast-global-color-5)","background-image":"","background-repeat":"repeat","background-position":"center center","background-size":"auto","background-attachment":"scroll","background-type":"","background-media":"","overlay-type":"","overlay-color":"","overlay-opacity":"","overlay-gradient":""},"mobile":{"background-color":"var(--ast-global-color-5)","background-image":"","background-repeat":"repeat","background-position":"center center","background-size":"auto","background-attachment":"scroll","background-type":"","background-media":"","overlay-type":"","overlay-color":"","overlay-opacity":"","overlay-gradient":""}}},"product_brand":[],"product_cat":[25],"product_tag":[],"class_list":{"0":"post-879","1":"product","2":"type-product","3":"status-publish","4":"has-post-thumbnail","6":"product_cat-electric-trike","7":"desktop-align-left","8":"tablet-align-left","9":"mobile-align-left","10":"ast-product-gallery-layout-horizontal-slider","11":"ast-product-gallery-with-no-image","12":"ast-product-single-variable","13":"ast-product-tabs-layout-horizontal","15":"first","16":"instock","17":"shipping-taxable","18":"purchasable","19":"product-type-variable"},"yoast_head":"<!-- This site is optimized with the Yoast SEO Premium plugin v20.9 (Yoast SEO v27.3) - https:\/\/yoast.com\/product\/yoast-seo-premium-wordpress\/ -->\n<title>ET01 Electric Trikes For Seniors 300kg Loading Capacity - Bglbike<\/title>\n<meta name=\"description\" content=\"With a maximum loading capacity of 300 kg, this electric trike is the perfect transportation solution for those who want to stay independent and active.\" \/>\n<meta name=\"robots\" content=\"index, follow, max-snippet:-1, max-image-preview:large, max-video-preview:-1\" \/>\n<link rel=\"canonical\" href=\"https:\/\/bglbike.com\/pt\/produto\/et01\/\" \/>\n<meta property=\"og:locale\" content=\"pt_PT\" \/>\n<meta property=\"og:type\" content=\"article\" \/>\n<meta property=\"og:title\" content=\"ET01 Electric Trikes For Seniors 300kg Loading Capacity\" \/>\n<meta property=\"og:description\" content=\"With a maximum loading capacity of 300 kg, this electric trike is the perfect transportation solution for those who want to stay independent and active.\" \/>\n<meta property=\"og:url\" content=\"https:\/\/bglbike.com\/pt\/produto\/et01\/\" \/>\n<meta property=\"og:site_name\" content=\"Bglbike\" \/>\n<meta property=\"article:modified_time\" content=\"2023-05-31T02:30:13+00:00\" \/>\n<meta property=\"og:image\" content=\"https:\/\/bglbike.com\/wp-content\/uploads\/2023\/04\/111-6.png\" \/>\n\t<meta property=\"og:image:width\" content=\"600\" \/>\n\t<meta property=\"og:image:height\" content=\"600\" \/>\n\t<meta property=\"og:image:type\" content=\"image\/png\" \/>\n<meta name=\"twitter:card\" content=\"summary_large_image\" \/>\n<meta name=\"twitter:label1\" content=\"Tempo estimado de leitura\" \/>\n\t<meta name=\"twitter:data1\" content=\"2 minutos\" \/>\n<script type=\"application\/ld+json\" class=\"yoast-schema-graph\">{\"@context\":\"https:\\\/\\\/schema.org\",\"@graph\":[{\"@type\":\"WebPage\",\"@id\":\"https:\\\/\\\/bglbike.com\\\/product\\\/et01\\\/\",\"url\":\"https:\\\/\\\/bglbike.com\\\/product\\\/et01\\\/\",\"name\":\"ET01 Electric Trikes For Seniors 300kg Loading Capacity - Bglbike\",\"isPartOf\":{\"@id\":\"https:\\\/\\\/bglbike.com\\\/#website\"},\"primaryImageOfPage\":{\"@id\":\"https:\\\/\\\/bglbike.com\\\/product\\\/et01\\\/#primaryimage\"},\"image\":{\"@id\":\"https:\\\/\\\/bglbike.com\\\/product\\\/et01\\\/#primaryimage\"},\"thumbnailUrl\":\"https:\\\/\\\/bglbike.com\\\/wp-content\\\/uploads\\\/2023\\\/04\\\/111-6.png\",\"datePublished\":\"2023-04-03T06:14:55+00:00\",\"dateModified\":\"2023-05-31T02:30:13+00:00\",\"description\":\"With a maximum loading capacity of 300 kg, this electric trike is the perfect transportation solution for those who want to stay independent and active.\",\"breadcrumb\":{\"@id\":\"https:\\\/\\\/bglbike.com\\\/product\\\/et01\\\/#breadcrumb\"},\"inLanguage\":\"pt-PT\",\"potentialAction\":[{\"@type\":\"ReadAction\",\"target\":[\"https:\\\/\\\/bglbike.com\\\/product\\\/et01\\\/\"]}]},{\"@type\":\"ImageObject\",\"inLanguage\":\"pt-PT\",\"@id\":\"https:\\\/\\\/bglbike.com\\\/product\\\/et01\\\/#primaryimage\",\"url\":\"https:\\\/\\\/bglbike.com\\\/wp-content\\\/uploads\\\/2023\\\/04\\\/111-6.png\",\"contentUrl\":\"https:\\\/\\\/bglbike.com\\\/wp-content\\\/uploads\\\/2023\\\/04\\\/111-6.png\",\"width\":600,\"height\":600,\"caption\":\"ET01\"},{\"@type\":\"BreadcrumbList\",\"@id\":\"https:\\\/\\\/bglbike.com\\\/product\\\/et01\\\/#breadcrumb\",\"itemListElement\":[{\"@type\":\"ListItem\",\"position\":1,\"name\":\"Home\",\"item\":\"https:\\\/\\\/bglbike.com\\\/\"},{\"@type\":\"ListItem\",\"position\":2,\"name\":\"Wholesale Electric Bike\",\"item\":\"https:\\\/\\\/bglbike.com\\\/wholesale-electric-bike\\\/\"},{\"@type\":\"ListItem\",\"position\":3,\"name\":\"ET01 Electric Trikes For Seniors 300kg Loading Capacity\"}]},{\"@type\":\"WebSite\",\"@id\":\"https:\\\/\\\/bglbike.com\\\/#website\",\"url\":\"https:\\\/\\\/bglbike.com\\\/\",\"name\":\"Bglbike\",\"description\":\"Top  Ebike manufacturer in China\",\"publisher\":{\"@id\":\"https:\\\/\\\/bglbike.com\\\/#organization\"},\"potentialAction\":[{\"@type\":\"SearchAction\",\"target\":{\"@type\":\"EntryPoint\",\"urlTemplate\":\"https:\\\/\\\/bglbike.com\\\/?s={search_term_string}\"},\"query-input\":{\"@type\":\"PropertyValueSpecification\",\"valueRequired\":true,\"valueName\":\"search_term_string\"}}],\"inLanguage\":\"pt-PT\"},{\"@type\":\"Organization\",\"@id\":\"https:\\\/\\\/bglbike.com\\\/#organization\",\"name\":\"Bglbike\",\"url\":\"https:\\\/\\\/bglbike.com\\\/\",\"logo\":{\"@type\":\"ImageObject\",\"inLanguage\":\"pt-PT\",\"@id\":\"https:\\\/\\\/bglbike.com\\\/#\\\/schema\\\/logo\\\/image\\\/\",\"url\":\"https:\\\/\\\/bglbike.com\\\/wp-content\\\/uploads\\\/2023\\\/04\\\/cropped-LOGO.png\",\"contentUrl\":\"https:\\\/\\\/bglbike.com\\\/wp-content\\\/uploads\\\/2023\\\/04\\\/cropped-LOGO.png\",\"width\":426,\"height\":141,\"caption\":\"Bglbike\"},\"image\":{\"@id\":\"https:\\\/\\\/bglbike.com\\\/#\\\/schema\\\/logo\\\/image\\\/\"}}]}<\/script>\n<!-- \/ Yoast SEO Premium plugin. -->","yoast_head_json":{"title":"ET01 Electric Trikes For Seniors 300kg Loading Capacity - Bglbike","description":"With a maximum loading capacity of 300 kg, this electric trike is the perfect transportation solution for those who want to stay independent and active.","robots":{"index":"index","follow":"follow","max-snippet":"max-snippet:-1","max-image-preview":"max-image-preview:large","max-video-preview":"max-video-preview:-1"},"canonical":"https:\/\/bglbike.com\/pt\/produto\/et01\/","og_locale":"pt_PT","og_type":"article","og_title":"ET01 Electric Trikes For Seniors 300kg Loading Capacity","og_description":"With a maximum loading capacity of 300 kg, this electric trike is the perfect transportation solution for those who want to stay independent and active.","og_url":"https:\/\/bglbike.com\/pt\/produto\/et01\/","og_site_name":"Bglbike","article_modified_time":"2023-05-31T02:30:13+00:00","og_image":[{"width":600,"height":600,"url":"https:\/\/bglbike.com\/wp-content\/uploads\/2023\/04\/111-6.png","type":"image\/png"}],"twitter_card":"summary_large_image","twitter_misc":{"Tempo estimado de leitura":"2 minutos"},"schema":{"@context":"https:\/\/schema.org","@graph":[{"@type":"WebPage","@id":"https:\/\/bglbike.com\/product\/et01\/","url":"https:\/\/bglbike.com\/product\/et01\/","name":"ET01 Electric Trikes For Seniors 300kg Loading Capacity - Bglbike","isPartOf":{"@id":"https:\/\/bglbike.com\/#website"},"primaryImageOfPage":{"@id":"https:\/\/bglbike.com\/product\/et01\/#primaryimage"},"image":{"@id":"https:\/\/bglbike.com\/product\/et01\/#primaryimage"},"thumbnailUrl":"https:\/\/bglbike.com\/wp-content\/uploads\/2023\/04\/111-6.png","datePublished":"2023-04-03T06:14:55+00:00","dateModified":"2023-05-31T02:30:13+00:00","description":"With a maximum loading capacity of 300 kg, this electric trike is the perfect transportation solution for those who want to stay independent and active.","breadcrumb":{"@id":"https:\/\/bglbike.com\/product\/et01\/#breadcrumb"},"inLanguage":"pt-PT","potentialAction":[{"@type":"ReadAction","target":["https:\/\/bglbike.com\/product\/et01\/"]}]},{"@type":"ImageObject","inLanguage":"pt-PT","@id":"https:\/\/bglbike.com\/product\/et01\/#primaryimage","url":"https:\/\/bglbike.com\/wp-content\/uploads\/2023\/04\/111-6.png","contentUrl":"https:\/\/bglbike.com\/wp-content\/uploads\/2023\/04\/111-6.png","width":600,"height":600,"caption":"ET01"},{"@type":"BreadcrumbList","@id":"https:\/\/bglbike.com\/product\/et01\/#breadcrumb","itemListElement":[{"@type":"ListItem","position":1,"name":"Home","item":"https:\/\/bglbike.com\/"},{"@type":"ListItem","position":2,"name":"Wholesale Electric Bike","item":"https:\/\/bglbike.com\/wholesale-electric-bike\/"},{"@type":"ListItem","position":3,"name":"ET01 Electric Trikes For Seniors 300kg Loading Capacity"}]},{"@type":"WebSite","@id":"https:\/\/bglbike.com\/#website","url":"https:\/\/bglbike.com\/","name":"Bglbike","description":"Top  Ebike manufacturer in China","publisher":{"@id":"https:\/\/bglbike.com\/#organization"},"potentialAction":[{"@type":"SearchAction","target":{"@type":"EntryPoint","urlTemplate":"https:\/\/bglbike.com\/?s={search_term_string}"},"query-input":{"@type":"PropertyValueSpecification","valueRequired":true,"valueName":"search_term_string"}}],"inLanguage":"pt-PT"},{"@type":"Organization","@id":"https:\/\/bglbike.com\/#organization","name":"Bglbike","url":"https:\/\/bglbike.com\/","logo":{"@type":"ImageObject","inLanguage":"pt-PT","@id":"https:\/\/bglbike.com\/#\/schema\/logo\/image\/","url":"https:\/\/bglbike.com\/wp-content\/uploads\/2023\/04\/cropped-LOGO.png","contentUrl":"https:\/\/bglbike.com\/wp-content\/uploads\/2023\/04\/cropped-LOGO.png","width":426,"height":141,"caption":"Bglbike"},"image":{"@id":"https:\/\/bglbike.com\/#\/schema\/logo\/image\/"}}]}},"_links":{"self":[{"href":"https:\/\/bglbike.com\/pt\/wp-json\/wp\/v2\/product\/879","targetHints":{"allow":["GET"]}}],"collection":[{"href":"https:\/\/bglbike.com\/pt\/wp-json\/wp\/v2\/product"}],"about":[{"href":"https:\/\/bglbike.com\/pt\/wp-json\/wp\/v2\/types\/product"}],"wp:featuredmedia":[{"embeddable":true,"href":"https:\/\/bglbike.com\/pt\/wp-json\/wp\/v2\/media\/3929"}],"wp:attachment":[{"href":"https:\/\/bglbike.com\/pt\/wp-json\/wp\/v2\/media?parent=879"}],"wp:term":[{"taxonomy":"product_brand","embeddable":true,"href":"https:\/\/bglbike.com\/pt\/wp-json\/wp\/v2\/product_brand?post=879"},{"taxonomy":"product_cat","embeddable":true,"href":"https:\/\/bglbike.com\/pt\/wp-json\/wp\/v2\/product_cat?post=879"},{"taxonomy":"product_tag","embeddable":true,"href":"https:\/\/bglbike.com\/pt\/wp-json\/wp\/v2\/product_tag?post=879"}],"curies":[{"name":"wp","href":"https:\/\/api.w.org\/{rel}","templated":true}]}}