{"id":871,"date":"2023-04-03T05:32:00","date_gmt":"2023-04-03T05:32:00","guid":{"rendered":"https:\/\/bglbike.com\/?post_type=product&#038;p=871"},"modified":"2023-05-31T02:31:04","modified_gmt":"2023-05-31T02:31:04","slug":"atv12","status":"publish","type":"product","link":"https:\/\/bglbike.com\/pt\/produto\/atv12\/","title":{"rendered":"Fat Bike el\u00e9trica ATV12 com 7 marchas, quadro em liga de alum\u00ednio, alcance de 60 km"},"content":{"rendered":"<h3>Especifica\u00e7\u00e3o do produto<\/h3>\n<div id=\"footable_parent_873\"\n         class=\"footable_parent ninja_table_wrapper loading_ninja_table wp_table_data_press_parent semantic_ui\">\n                <table data-ninja_table_instance=\"ninja_table_instance_0\" data-footable_id=\"873\" data-filter-delay=\"1000\" aria-label=\"ATV12.csv\"            id=\"footable_873\"\n           data-unique_identifier=\"ninja_table_unique_id_3007005119_873\"\n           class=\"foo-table ninja_footable foo_table_873 ninja_table_unique_id_3007005119_873 ui table  nt_type_legacy_table selectable striped vertical_centered  footable-paging-right ninja_table_pro\">\n                <colgroup>\n                            <col class=\"ninja_column_0\">\n                            <col class=\"ninja_column_1\">\n                    <\/colgroup>\n        <thead>\n<tr class=\"footable-header\">\n                                        <th scope=\"col\"  class=\"ninja_column_0 ninja_clmn_nm_item\">item<\/th><th scope=\"col\"  class=\"ninja_column_1 ninja_clmn_nm_value\">valor<\/th><\/tr>\n<\/thead>\n<tbody>\n\n        <tr data-row_id=\"811\" class=\"ninja_table_row_0 nt_row_id_811\">\n            <td>Lugar de origem<\/td><td>China<\/td>        <\/tr>\n            <tr data-row_id=\"812\" class=\"ninja_table_row_1 nt_row_id_812\">\n            <td><\/td><td>Zhejiang<\/td>        <\/tr>\n            <tr data-row_id=\"813\" class=\"ninja_table_row_2 nt_row_id_813\">\n            <td>Marca<\/td><td>bglbike<\/td>        <\/tr>\n            <tr data-row_id=\"814\" class=\"ninja_table_row_3 nt_row_id_814\">\n            <td>Engrenagens<\/td><td>7 velocidade<\/td>        <\/tr>\n            <tr data-row_id=\"815\" class=\"ninja_table_row_4 nt_row_id_815\">\n            <td>Alcance por Pot\u00eancia<\/td><td>&gt; 60km<\/td>        <\/tr>\n            <tr data-row_id=\"816\" class=\"ninja_table_row_5 nt_row_id_816\">\n            <td>Material da Arma\u00e7\u00e3o<\/td><td>Liga de alum\u00ednio<\/td>        <\/tr>\n            <tr data-row_id=\"817\" class=\"ninja_table_row_6 nt_row_id_817\">\n            <td>Tamanho da roda<\/td><td>26\"*1.94''<\/td>        <\/tr>\n            <tr data-row_id=\"818\" class=\"ninja_table_row_7 nt_row_id_818\">\n            <td>Tens\u00e3o<\/td><td>36V-48V<\/td>        <\/tr>\n            <tr data-row_id=\"819\" class=\"ninja_table_row_8 nt_row_id_819\">\n            <td>Capacidade de carga<\/td><td>10AH-20AH<\/td>        <\/tr>\n            <tr data-row_id=\"820\" class=\"ninja_table_row_9 nt_row_id_820\">\n            <td>Garfo<\/td><td>Liga de alum\u00ednio<\/td>        <\/tr>\n            <tr data-row_id=\"821\" class=\"ninja_table_row_10 nt_row_id_821\">\n            <td>Motor<\/td><td>48V250W\/48V500W\/48V750W\/48v1000W<\/td>        <\/tr>\n            <tr data-row_id=\"822\" class=\"ninja_table_row_11 nt_row_id_822\">\n            <td>Freio<\/td><td>freio a disco Tektro<\/td>        <\/tr>\n            <tr data-row_id=\"823\" class=\"ninja_table_row_12 nt_row_id_823\">\n            <td>Controlador<\/td><td>controlador integrado 48V22A<\/td>        <\/tr>\n            <tr data-row_id=\"824\" class=\"ninja_table_row_13 nt_row_id_824\">\n            <td>Cor<\/td><td>Personalizado<\/td>        <\/tr>\n            <tr data-row_id=\"825\" class=\"ninja_table_row_14 nt_row_id_825\">\n            <td>Certifica\u00e7\u00e3o<\/td><td>CE<\/td>        <\/tr>\n    <\/tbody><!--ninja_tobody_rendering_done-->\n    <\/table>\n    \n    \n    \n<\/div>\n\n<h3>capacidade de fornecimento<\/h3>\n<p>20000 pe\u00e7as\/pe\u00e7as por m\u00eas<\/p>\n<h3>Embalagem e entrega<\/h3>\n<p>Detalhes da embalagem: espuma com caixas.<br \/>\nPorto: Ning Bo ou Xangai<br \/>\nTempo de espera:<div id=\"footable_parent_874\"\n         class=\"footable_parent ninja_table_wrapper loading_ninja_table wp_table_data_press_parent semantic_ui\">\n                <table data-ninja_table_instance=\"ninja_table_instance_1\" data-footable_id=\"874\" data-filter-delay=\"1000\" aria-label=\"PAck08.csv\"            id=\"footable_874\"\n           data-unique_identifier=\"ninja_table_unique_id_1549905819_874\"\n           class=\"foo-table ninja_footable foo_table_874 ninja_table_unique_id_1549905819_874 ui table  nt_type_legacy_table selectable striped vertical_centered  footable-paging-right ninja_table_pro\">\n                <colgroup>\n                            <col class=\"ninja_column_0\">\n                            <col class=\"ninja_column_1\">\n                            <col class=\"ninja_column_2\">\n                    <\/colgroup>\n        <thead>\n<tr class=\"footable-header\">\n                                                        <th scope=\"col\"  class=\"ninja_column_0 ninja_clmn_nm_quantitypieces\">Quantidade (pe\u00e7as)<\/th><th scope=\"col\"  class=\"ninja_column_1 ninja_clmn_nm_11\">1-50<\/th><th scope=\"col\"  class=\"ninja_column_2 ninja_clmn_nm_1\">&gt;50<\/th><\/tr>\n<\/thead>\n<tbody>\n\n        <tr data-row_id=\"826\" class=\"ninja_table_row_0 nt_row_id_826\">\n            <td>Prazo de entrega (dias)<\/td><td>30<\/td><td>A ser negociado<\/td>        <\/tr>\n    <\/tbody><!--ninja_tobody_rendering_done-->\n    <\/table>\n    \n    \n    \n<\/div>\n<\/p>\n<h3>imagem da embalagem<\/h3>\n<p><img fetchpriority=\"high\" decoding=\"async\" class=\"size-full wp-image-3658\" src=\"https:\/\/bglbike.com\/wp-content\/uploads\/2023\/03\/EBB05-1.png\" alt=\"imagem da embalagem\" width=\"600\" height=\"600\" srcset=\"https:\/\/bglbike.com\/wp-content\/uploads\/2023\/03\/EBB05-1.png 600w, https:\/\/bglbike.com\/wp-content\/uploads\/2023\/03\/EBB05-1-300x300.png 300w, https:\/\/bglbike.com\/wp-content\/uploads\/2023\/03\/EBB05-1-150x150.png 150w, https:\/\/bglbike.com\/wp-content\/uploads\/2023\/03\/EBB05-1-12x12.png 12w, https:\/\/bglbike.com\/wp-content\/uploads\/2023\/03\/EBB05-1-200x200.png 200w, https:\/\/bglbike.com\/wp-content\/uploads\/2023\/03\/EBB05-1-100x100.png 100w\" sizes=\"(max-width: 600px) 100vw, 600px\" \/><\/p>\n<h3>perguntas frequentes<\/h3>\n<p>&nbsp;<\/p>\n<p><strong>Q1. Quais s\u00e3o os seus termos de embalagem?<\/strong><\/p>\n<p>Entregue seus produtos com confian\u00e7a com nossas solu\u00e7\u00f5es de embalagem profissionais e meticulosas. Geralmente embalamos nossos produtos em caixas brancas neutras ou caixas marrons, mas se voc\u00ea tiver uma patente registrada legalmente, podemos atender \u00e0s suas necessidades de marca e embalar os produtos em suas caixas de marca ap\u00f3s recebermos suas cartas de autoriza\u00e7\u00e3o. Aproveite a conveni\u00eancia de solu\u00e7\u00f5es de embalagem seguras que atendem \u00e0s suas necessidades!<\/p>\n<p><strong>Q2. Quais s\u00e3o as suas condi\u00e7\u00f5es de pagamento?<\/strong><\/p>\n<p>T\/T 30% como dep\u00f3sito e 70% antes da entrega. Mostraremos as fotos dos produtos e embalagens<br \/>\nantes de pagar o saldo.<\/p>\n<p><strong>Q3. Como sobre o seu tempo de entrega?<\/strong><\/p>\n<p>Receba seus pedidos dentro de um prazo que atenda \u00e0s suas necessidades! Geralmente, voc\u00ea pode esperar sua entrega dentro de 30 a 60 dias ap\u00f3s o recebimento do pagamento antecipado. O prazo exato de entrega pode variar dependendo dos itens e quantidade do seu pedido. Fique tranquilo, sabendo que todas as nossas entregas s\u00e3o profissionais e meticulosas, oferecendo a voc\u00ea a conveni\u00eancia de solu\u00e7\u00f5es oportunas e seguras.<\/p>\n<p><strong>Q4. voc\u00ea pode produzir de acordo com as amostras?<\/strong><\/p>\n<p>Sim, podemos produzir suas amostras ou desenhos t\u00e9cnicos. N\u00f3s podemos construir os moldes e acess\u00f3rios.<\/p>","protected":false},"excerpt":{"rendered":"<p>O <strong>Fat Bike el\u00e9trica ATV12 com 7 marchas, quadro em liga de alum\u00ednio, alcance de 60 km<\/strong> \u00e9 a escolha perfeita para quem procura uma mountain bike el\u00e9trica robusta e confi\u00e1vel. Voc\u00ea pode enfrentar qualquer terreno com facilidade! Seu motor eficiente \u00e9 alimentado por um sistema de 48 V, proporcionando torque suficiente para enfrentar at\u00e9 as colinas mais \u00edngremes. Al\u00e9m disso, voc\u00ea poder\u00e1 recarregar sua bateria rapidamente em apenas quatro horas gra\u00e7as ao seu tempo de carregamento incompar\u00e1vel. Ent\u00e3o, se voc\u00ea est\u00e1 procurando uma bicicleta el\u00e9trica gorda confi\u00e1vel e acess\u00edvel, a Electric Fat bike-ATV12<span style=\"font-size: 16px;\"> vale a pena considerar.<\/span><\/p>","protected":false},"featured_media":3888,"template":"","meta":{"site-sidebar-layout":"default","site-content-layout":"default","ast-site-content-layout":"default","site-content-style":"default","site-sidebar-style":"default","ast-global-header-display":"","ast-banner-title-visibility":"","ast-main-header-display":"","ast-hfb-above-header-display":"","ast-hfb-below-header-display":"","ast-hfb-mobile-header-display":"","site-post-title":"","ast-breadcrumbs-content":"","ast-featured-img":"","footer-sml-layout":"","ast-disable-related-posts":"","theme-transparent-header-meta":"default","adv-header-id-meta":"","stick-header-meta":"default","header-above-stick-meta":"","header-main-stick-meta":"","header-below-stick-meta":"","astra-migrate-meta-layouts":"default","ast-page-background-enabled":"default","ast-page-background-meta":{"desktop":{"background-color":"var(--ast-global-color-4)","background-image":"","background-repeat":"repeat","background-position":"center center","background-size":"auto","background-attachment":"scroll","background-type":"","background-media":"","overlay-type":"","overlay-color":"","overlay-opacity":"","overlay-gradient":""},"tablet":{"background-color":"","background-image":"","background-repeat":"repeat","background-position":"center center","background-size":"auto","background-attachment":"scroll","background-type":"","background-media":"","overlay-type":"","overlay-color":"","overlay-opacity":"","overlay-gradient":""},"mobile":{"background-color":"","background-image":"","background-repeat":"repeat","background-position":"center center","background-size":"auto","background-attachment":"scroll","background-type":"","background-media":"","overlay-type":"","overlay-color":"","overlay-opacity":"","overlay-gradient":""}},"ast-content-background-meta":{"desktop":{"background-color":"var(--ast-global-color-5)","background-image":"","background-repeat":"repeat","background-position":"center center","background-size":"auto","background-attachment":"scroll","background-type":"","background-media":"","overlay-type":"","overlay-color":"","overlay-opacity":"","overlay-gradient":""},"tablet":{"background-color":"var(--ast-global-color-5)","background-image":"","background-repeat":"repeat","background-position":"center center","background-size":"auto","background-attachment":"scroll","background-type":"","background-media":"","overlay-type":"","overlay-color":"","overlay-opacity":"","overlay-gradient":""},"mobile":{"background-color":"var(--ast-global-color-5)","background-image":"","background-repeat":"repeat","background-position":"center center","background-size":"auto","background-attachment":"scroll","background-type":"","background-media":"","overlay-type":"","overlay-color":"","overlay-opacity":"","overlay-gradient":""}}},"product_brand":[],"product_cat":[23],"product_tag":[],"class_list":{"0":"post-871","1":"product","2":"type-product","3":"status-publish","4":"has-post-thumbnail","6":"product_cat-electric-fat-bike","7":"desktop-align-left","8":"tablet-align-left","9":"mobile-align-left","10":"ast-product-gallery-layout-horizontal-slider","11":"ast-product-gallery-with-no-image","12":"ast-product-single-variable","13":"ast-product-tabs-layout-horizontal","15":"first","16":"instock","17":"shipping-taxable","18":"purchasable","19":"product-type-variable"},"yoast_head":"<!-- This site is optimized with the Yoast SEO Premium plugin v20.9 (Yoast SEO v27.3) - https:\/\/yoast.com\/product\/yoast-seo-premium-wordpress\/ -->\n<title>ATV12 Electric Fat Bike with 7 Speed Gears, Aluminum Alloy Frame, Range 60 km - Bglbike<\/title>\n<meta name=\"description\" content=\"This bike is made from high-quality materials and features a powerful motor that makes it easy to cruise through any terrain.\" \/>\n<meta name=\"robots\" content=\"index, follow, max-snippet:-1, max-image-preview:large, max-video-preview:-1\" \/>\n<link rel=\"canonical\" href=\"https:\/\/bglbike.com\/pt\/produto\/atv12\/\" \/>\n<meta property=\"og:locale\" content=\"pt_PT\" \/>\n<meta property=\"og:type\" content=\"article\" \/>\n<meta property=\"og:title\" content=\"ATV12 Electric Fat Bike with 7 Speed Gears, Aluminum Alloy Frame, Range 60 km\" \/>\n<meta property=\"og:description\" content=\"This bike is made from high-quality materials and features a powerful motor that makes it easy to cruise through any terrain.\" \/>\n<meta property=\"og:url\" content=\"https:\/\/bglbike.com\/pt\/produto\/atv12\/\" \/>\n<meta property=\"og:site_name\" content=\"Bglbike\" \/>\n<meta property=\"article:modified_time\" content=\"2023-05-31T02:31:04+00:00\" \/>\n<meta property=\"og:image\" content=\"https:\/\/bglbike.com\/wp-content\/uploads\/2023\/04\/33-15.png\" \/>\n\t<meta property=\"og:image:width\" content=\"600\" \/>\n\t<meta property=\"og:image:height\" content=\"600\" \/>\n\t<meta property=\"og:image:type\" content=\"image\/png\" \/>\n<meta name=\"twitter:card\" content=\"summary_large_image\" \/>\n<meta name=\"twitter:label1\" content=\"Tempo estimado de leitura\" \/>\n\t<meta name=\"twitter:data1\" content=\"2 minutos\" \/>\n<script type=\"application\/ld+json\" class=\"yoast-schema-graph\">{\"@context\":\"https:\\\/\\\/schema.org\",\"@graph\":[{\"@type\":\"WebPage\",\"@id\":\"https:\\\/\\\/bglbike.com\\\/product\\\/atv12\\\/\",\"url\":\"https:\\\/\\\/bglbike.com\\\/product\\\/atv12\\\/\",\"name\":\"ATV12 Electric Fat Bike with 7 Speed Gears, Aluminum Alloy Frame, Range 60 km - Bglbike\",\"isPartOf\":{\"@id\":\"https:\\\/\\\/bglbike.com\\\/#website\"},\"primaryImageOfPage\":{\"@id\":\"https:\\\/\\\/bglbike.com\\\/product\\\/atv12\\\/#primaryimage\"},\"image\":{\"@id\":\"https:\\\/\\\/bglbike.com\\\/product\\\/atv12\\\/#primaryimage\"},\"thumbnailUrl\":\"https:\\\/\\\/bglbike.com\\\/wp-content\\\/uploads\\\/2023\\\/04\\\/33-15.png\",\"datePublished\":\"2023-04-03T05:32:00+00:00\",\"dateModified\":\"2023-05-31T02:31:04+00:00\",\"description\":\"This bike is made from high-quality materials and features a powerful motor that makes it easy to cruise through any terrain.\",\"breadcrumb\":{\"@id\":\"https:\\\/\\\/bglbike.com\\\/product\\\/atv12\\\/#breadcrumb\"},\"inLanguage\":\"pt-PT\",\"potentialAction\":[{\"@type\":\"ReadAction\",\"target\":[\"https:\\\/\\\/bglbike.com\\\/product\\\/atv12\\\/\"]}]},{\"@type\":\"ImageObject\",\"inLanguage\":\"pt-PT\",\"@id\":\"https:\\\/\\\/bglbike.com\\\/product\\\/atv12\\\/#primaryimage\",\"url\":\"https:\\\/\\\/bglbike.com\\\/wp-content\\\/uploads\\\/2023\\\/04\\\/33-15.png\",\"contentUrl\":\"https:\\\/\\\/bglbike.com\\\/wp-content\\\/uploads\\\/2023\\\/04\\\/33-15.png\",\"width\":600,\"height\":600,\"caption\":\"ATV12\"},{\"@type\":\"BreadcrumbList\",\"@id\":\"https:\\\/\\\/bglbike.com\\\/product\\\/atv12\\\/#breadcrumb\",\"itemListElement\":[{\"@type\":\"ListItem\",\"position\":1,\"name\":\"Home\",\"item\":\"https:\\\/\\\/bglbike.com\\\/\"},{\"@type\":\"ListItem\",\"position\":2,\"name\":\"Wholesale Electric Bike\",\"item\":\"https:\\\/\\\/bglbike.com\\\/wholesale-electric-bike\\\/\"},{\"@type\":\"ListItem\",\"position\":3,\"name\":\"ATV12 Electric Fat Bike with 7 Speed Gears, Aluminum Alloy Frame, Range 60 km\"}]},{\"@type\":\"WebSite\",\"@id\":\"https:\\\/\\\/bglbike.com\\\/#website\",\"url\":\"https:\\\/\\\/bglbike.com\\\/\",\"name\":\"Bglbike\",\"description\":\"Top  Ebike manufacturer in China\",\"publisher\":{\"@id\":\"https:\\\/\\\/bglbike.com\\\/#organization\"},\"potentialAction\":[{\"@type\":\"SearchAction\",\"target\":{\"@type\":\"EntryPoint\",\"urlTemplate\":\"https:\\\/\\\/bglbike.com\\\/?s={search_term_string}\"},\"query-input\":{\"@type\":\"PropertyValueSpecification\",\"valueRequired\":true,\"valueName\":\"search_term_string\"}}],\"inLanguage\":\"pt-PT\"},{\"@type\":\"Organization\",\"@id\":\"https:\\\/\\\/bglbike.com\\\/#organization\",\"name\":\"Bglbike\",\"url\":\"https:\\\/\\\/bglbike.com\\\/\",\"logo\":{\"@type\":\"ImageObject\",\"inLanguage\":\"pt-PT\",\"@id\":\"https:\\\/\\\/bglbike.com\\\/#\\\/schema\\\/logo\\\/image\\\/\",\"url\":\"https:\\\/\\\/bglbike.com\\\/wp-content\\\/uploads\\\/2023\\\/04\\\/cropped-LOGO.png\",\"contentUrl\":\"https:\\\/\\\/bglbike.com\\\/wp-content\\\/uploads\\\/2023\\\/04\\\/cropped-LOGO.png\",\"width\":426,\"height\":141,\"caption\":\"Bglbike\"},\"image\":{\"@id\":\"https:\\\/\\\/bglbike.com\\\/#\\\/schema\\\/logo\\\/image\\\/\"}}]}<\/script>\n<!-- \/ Yoast SEO Premium plugin. -->","yoast_head_json":{"title":"ATV12 Electric Fat Bike with 7 Speed Gears, Aluminum Alloy Frame, Range 60 km - Bglbike","description":"This bike is made from high-quality materials and features a powerful motor that makes it easy to cruise through any terrain.","robots":{"index":"index","follow":"follow","max-snippet":"max-snippet:-1","max-image-preview":"max-image-preview:large","max-video-preview":"max-video-preview:-1"},"canonical":"https:\/\/bglbike.com\/pt\/produto\/atv12\/","og_locale":"pt_PT","og_type":"article","og_title":"ATV12 Electric Fat Bike with 7 Speed Gears, Aluminum Alloy Frame, Range 60 km","og_description":"This bike is made from high-quality materials and features a powerful motor that makes it easy to cruise through any terrain.","og_url":"https:\/\/bglbike.com\/pt\/produto\/atv12\/","og_site_name":"Bglbike","article_modified_time":"2023-05-31T02:31:04+00:00","og_image":[{"width":600,"height":600,"url":"https:\/\/bglbike.com\/wp-content\/uploads\/2023\/04\/33-15.png","type":"image\/png"}],"twitter_card":"summary_large_image","twitter_misc":{"Tempo estimado de leitura":"2 minutos"},"schema":{"@context":"https:\/\/schema.org","@graph":[{"@type":"WebPage","@id":"https:\/\/bglbike.com\/product\/atv12\/","url":"https:\/\/bglbike.com\/product\/atv12\/","name":"ATV12 Electric Fat Bike with 7 Speed Gears, Aluminum Alloy Frame, Range 60 km - Bglbike","isPartOf":{"@id":"https:\/\/bglbike.com\/#website"},"primaryImageOfPage":{"@id":"https:\/\/bglbike.com\/product\/atv12\/#primaryimage"},"image":{"@id":"https:\/\/bglbike.com\/product\/atv12\/#primaryimage"},"thumbnailUrl":"https:\/\/bglbike.com\/wp-content\/uploads\/2023\/04\/33-15.png","datePublished":"2023-04-03T05:32:00+00:00","dateModified":"2023-05-31T02:31:04+00:00","description":"This bike is made from high-quality materials and features a powerful motor that makes it easy to cruise through any terrain.","breadcrumb":{"@id":"https:\/\/bglbike.com\/product\/atv12\/#breadcrumb"},"inLanguage":"pt-PT","potentialAction":[{"@type":"ReadAction","target":["https:\/\/bglbike.com\/product\/atv12\/"]}]},{"@type":"ImageObject","inLanguage":"pt-PT","@id":"https:\/\/bglbike.com\/product\/atv12\/#primaryimage","url":"https:\/\/bglbike.com\/wp-content\/uploads\/2023\/04\/33-15.png","contentUrl":"https:\/\/bglbike.com\/wp-content\/uploads\/2023\/04\/33-15.png","width":600,"height":600,"caption":"ATV12"},{"@type":"BreadcrumbList","@id":"https:\/\/bglbike.com\/product\/atv12\/#breadcrumb","itemListElement":[{"@type":"ListItem","position":1,"name":"Home","item":"https:\/\/bglbike.com\/"},{"@type":"ListItem","position":2,"name":"Wholesale Electric Bike","item":"https:\/\/bglbike.com\/wholesale-electric-bike\/"},{"@type":"ListItem","position":3,"name":"ATV12 Electric Fat Bike with 7 Speed Gears, Aluminum Alloy Frame, Range 60 km"}]},{"@type":"WebSite","@id":"https:\/\/bglbike.com\/#website","url":"https:\/\/bglbike.com\/","name":"Bglbike","description":"Top  Ebike manufacturer in China","publisher":{"@id":"https:\/\/bglbike.com\/#organization"},"potentialAction":[{"@type":"SearchAction","target":{"@type":"EntryPoint","urlTemplate":"https:\/\/bglbike.com\/?s={search_term_string}"},"query-input":{"@type":"PropertyValueSpecification","valueRequired":true,"valueName":"search_term_string"}}],"inLanguage":"pt-PT"},{"@type":"Organization","@id":"https:\/\/bglbike.com\/#organization","name":"Bglbike","url":"https:\/\/bglbike.com\/","logo":{"@type":"ImageObject","inLanguage":"pt-PT","@id":"https:\/\/bglbike.com\/#\/schema\/logo\/image\/","url":"https:\/\/bglbike.com\/wp-content\/uploads\/2023\/04\/cropped-LOGO.png","contentUrl":"https:\/\/bglbike.com\/wp-content\/uploads\/2023\/04\/cropped-LOGO.png","width":426,"height":141,"caption":"Bglbike"},"image":{"@id":"https:\/\/bglbike.com\/#\/schema\/logo\/image\/"}}]}},"_links":{"self":[{"href":"https:\/\/bglbike.com\/pt\/wp-json\/wp\/v2\/product\/871","targetHints":{"allow":["GET"]}}],"collection":[{"href":"https:\/\/bglbike.com\/pt\/wp-json\/wp\/v2\/product"}],"about":[{"href":"https:\/\/bglbike.com\/pt\/wp-json\/wp\/v2\/types\/product"}],"wp:featuredmedia":[{"embeddable":true,"href":"https:\/\/bglbike.com\/pt\/wp-json\/wp\/v2\/media\/3888"}],"wp:attachment":[{"href":"https:\/\/bglbike.com\/pt\/wp-json\/wp\/v2\/media?parent=871"}],"wp:term":[{"taxonomy":"product_brand","embeddable":true,"href":"https:\/\/bglbike.com\/pt\/wp-json\/wp\/v2\/product_brand?post=871"},{"taxonomy":"product_cat","embeddable":true,"href":"https:\/\/bglbike.com\/pt\/wp-json\/wp\/v2\/product_cat?post=871"},{"taxonomy":"product_tag","embeddable":true,"href":"https:\/\/bglbike.com\/pt\/wp-json\/wp\/v2\/product_tag?post=871"}],"curies":[{"name":"wp","href":"https:\/\/api.w.org\/{rel}","templated":true}]}}