{"id":844,"date":"2023-04-03T04:08:08","date_gmt":"2023-04-03T04:08:08","guid":{"rendered":"https:\/\/bglbike.com\/?post_type=product&#038;p=844"},"modified":"2024-01-05T04:18:26","modified_gmt":"2024-01-05T04:18:26","slug":"atv13","status":"publish","type":"product","link":"https:\/\/bglbike.com\/pt\/produto\/atv13\/","title":{"rendered":"Bicicleta el\u00e9trica ATV13 com garfo de suspens\u00e3o total e motor Bafang 48V"},"content":{"rendered":"<h3>Especifica\u00e7\u00e3o do produto<\/h3>\n<div id=\"footable_parent_864\"\n         class=\"footable_parent ninja_table_wrapper loading_ninja_table wp_table_data_press_parent semantic_ui\">\n                <table data-ninja_table_instance=\"ninja_table_instance_0\" data-footable_id=\"864\" data-filter-delay=\"1000\" aria-label=\"ATV13-.csv\"            id=\"footable_864\"\n           data-unique_identifier=\"ninja_table_unique_id_3628886999_864\"\n           class=\"foo-table ninja_footable foo_table_864 ninja_table_unique_id_3628886999_864 ui table  nt_type_legacy_table selectable striped vertical_centered  footable-paging-right ninja_table_pro\">\n                <colgroup>\n                            <col class=\"ninja_column_0\">\n                            <col class=\"ninja_column_1\">\n                            <col class=\"ninja_column_2\">\n                    <\/colgroup>\n        <thead>\n<tr class=\"footable-header\">\n                                                        <th scope=\"col\"  class=\"ninja_column_0 ninja_clmn_nm_frame\">Quadro<\/th><th scope=\"col\"  class=\"ninja_column_1 ninja_clmn_nm_alluminumalloy661\">Liga de Alum\u00ednio 6061<\/th><th scope=\"col\"  class=\"ninja_column_2 ninja_clmn_nm_ninja_column_3\"><\/th><\/tr>\n<\/thead>\n<tbody>\n\n        <tr data-row_id=\"763\" class=\"ninja_table_row_0 nt_row_id_763\">\n            <td>Bateria<\/td><td>Bateria simples e dupla de l\u00edtio LG 48V [10Ah ~ 20Ah]<\/td><td><\/td>        <\/tr>\n            <tr data-row_id=\"764\" class=\"ninja_table_row_1 nt_row_id_764\">\n            <td>Motor<\/td><td>48V Bafang 350W\/500W\/750W\/1000W Motor simples e duplo<\/td><td><\/td>        <\/tr>\n            <tr data-row_id=\"765\" class=\"ninja_table_row_2 nt_row_id_765\">\n            <td>Pneu<\/td><td>Kenda 20&#039;&#039;*4.0 Fat Tire<\/td><td><\/td>        <\/tr>\n            <tr data-row_id=\"766\" class=\"ninja_table_row_3 nt_row_id_766\">\n            <td>Freio<\/td><td>Freio a disco mec\u00e2nico\/hidr\u00e1ulico<\/td><td><\/td>        <\/tr>\n            <tr data-row_id=\"767\" class=\"ninja_table_row_4 nt_row_id_767\">\n            <td>Engrenagens<\/td><td>Shimano 7 velocidades<\/td><td><\/td>        <\/tr>\n            <tr data-row_id=\"768\" class=\"ninja_table_row_5 nt_row_id_768\">\n            <td>Controlador<\/td><td>48V inteligente sem escova<\/td><td><\/td>        <\/tr>\n            <tr data-row_id=\"769\" class=\"ninja_table_row_6 nt_row_id_769\">\n            <td>Garfo<\/td><td>Forquilha de suspens\u00e3o total<\/td><td><\/td>        <\/tr>\n            <tr data-row_id=\"770\" class=\"ninja_table_row_7 nt_row_id_770\">\n            <td>Faixa<\/td><td>55Kms<\/td><td><\/td>        <\/tr>\n            <tr data-row_id=\"771\" class=\"ninja_table_row_8 nt_row_id_771\">\n            <td>Capacidade de carregamento<\/td><td>85Kgs<\/td><td><\/td>        <\/tr>\n            <tr data-row_id=\"772\" class=\"ninja_table_row_9 nt_row_id_772\">\n            <td>Tamanho da caixa externa<\/td><td>155*30*96cm<\/td><td><\/td>        <\/tr>\n            <tr data-row_id=\"773\" class=\"ninja_table_row_10 nt_row_id_773\">\n            <td>Quantidade do cont\u00eainer<\/td><td>90 pe\u00e7as\/20 p\u00e9s; 120 pe\u00e7as\/40 p\u00e9s<\/td><td><\/td>        <\/tr>\n            <tr data-row_id=\"774\" class=\"ninja_table_row_11 nt_row_id_774\">\n            <td>Mostrar<\/td><td>LCD\/LED<\/td><td><\/td>        <\/tr>\n    <\/tbody><!--ninja_tobody_rendering_done-->\n    <\/table>\n    \n    \n    \n<\/div>\n\n<h3>capacidade de fornecimento<\/h3>\n<p>20000 pe\u00e7as\/pe\u00e7as por m\u00eas<\/p>\n<h3>Embalagem e entrega<\/h3>\n<p>Detalhes da embalagem: espuma com caixas.<br \/>\nPorto: Ning Bo ou Xangai<br \/>\nTempo de espera:<div id=\"footable_parent_865\"\n         class=\"footable_parent ninja_table_wrapper loading_ninja_table wp_table_data_press_parent semantic_ui\">\n                <table data-ninja_table_instance=\"ninja_table_instance_1\" data-footable_id=\"865\" data-filter-delay=\"1000\" aria-label=\"EBB.csv\"            id=\"footable_865\"\n           data-unique_identifier=\"ninja_table_unique_id_4009356135_865\"\n           class=\"foo-table ninja_footable foo_table_865 ninja_table_unique_id_4009356135_865 ui table  nt_type_legacy_table selectable striped vertical_centered  footable-paging-right ninja_table_pro\">\n                <colgroup>\n                            <col class=\"ninja_column_0\">\n                            <col class=\"ninja_column_1\">\n                            <col class=\"ninja_column_2\">\n                            <col class=\"ninja_column_3\">\n                    <\/colgroup>\n        <thead>\n<tr class=\"footable-header\">\n                                                                        <th scope=\"col\"  class=\"ninja_column_0 ninja_clmn_nm_quantitypieces\">Quantidade (pe\u00e7as)<\/th><th scope=\"col\"  class=\"ninja_column_1 ninja_clmn_nm_11\">1-1<\/th><th scope=\"col\"  class=\"ninja_column_2 ninja_clmn_nm_22\">2-20<\/th><th scope=\"col\"  class=\"ninja_column_3 ninja_clmn_nm_2\">&gt;20<\/th><\/tr>\n<\/thead>\n<tbody>\n\n        <tr data-row_id=\"775\" class=\"ninja_table_row_0 nt_row_id_775\">\n            <td>Prazo de entrega (dias)<\/td><td>7<\/td><td>15<\/td><td>A ser negociado<\/td>        <\/tr>\n    <\/tbody><!--ninja_tobody_rendering_done-->\n    <\/table>\n    \n    \n    \n<\/div>\n<\/p>\n<h3>Detalhe da imagem<\/h3>\n<p><img fetchpriority=\"high\" decoding=\"async\" class=\"size-full wp-image-3560\" src=\"https:\/\/bglbike.com\/wp-content\/uploads\/2023\/04\/333-4.png\" alt=\"1\" width=\"600\" height=\"201\" srcset=\"https:\/\/bglbike.com\/wp-content\/uploads\/2023\/04\/333-4.png 600w, https:\/\/bglbike.com\/wp-content\/uploads\/2023\/04\/333-4-300x101.png 300w, https:\/\/bglbike.com\/wp-content\/uploads\/2023\/04\/333-4-18x6.png 18w, https:\/\/bglbike.com\/wp-content\/uploads\/2023\/04\/333-4-250x84.png 250w\" sizes=\"(max-width: 600px) 100vw, 600px\" \/><\/p>\n<h3>Perguntas frequentes sobre bicicleta el\u00e9trica ATV13 com garfo de suspens\u00e3o total e motor Bafang 48V<\/h3>\n<p>&nbsp;<\/p>\n<p><strong>1. Quais s\u00e3o os benef\u00edcios de uma bicicleta el\u00e9trica ATV13 com garfo de suspens\u00e3o total e motor Bafang de 48V?<\/strong><br \/>\nPossui um motor el\u00e9trico integrado, fornecendo pot\u00eancia poderosa e responsiva para acelera\u00e7\u00e3o r\u00e1pida e subidas. Ele tamb\u00e9m possui uma bateria de grande capacidade que pode ser de 31 km a 60 km. Depende do alcance com uma \u00fanica carga e pode ser facilmente recarregado com o carregador inclu\u00eddo em 4-6 horas.<\/p>\n<p><strong>2. Qu\u00e3o dur\u00e1vel \u00e9 a bicicleta el\u00e9trica ATV13 com garfo de suspens\u00e3o total e motor Bafang de 48V?<\/strong><br \/>\nA Fat Bike el\u00e9trica ATV13 com garfo de suspens\u00e3o total e motor Bafang 48V possui componentes e materiais de alta qualidade para suportar condi\u00e7\u00f5es adversas, garantindo anos de desempenho confi\u00e1vel. O quadro \u00e9 feito de liga de alum\u00ednio aeron\u00e1utica que \u00e9 leve, mas forte o suficiente para lidar com qualquer terreno em que voc\u00ea esteja andando.<\/p>\n<p><strong>3. Quais s\u00e3o os recursos de seguran\u00e7a da bicicleta el\u00e9trica Fat ATV13?<\/strong><br \/>\nO ATV13 possui v\u00e1rios recursos de seguran\u00e7a, incluindo um sistema de freio a disco duplo para pot\u00eancia de parada ideal em condi\u00e7\u00f5es \u00famidas ou secas. Todos esses recursos garantem sua seguran\u00e7a enquanto dependem de qualquer terreno durante todas as condi\u00e7\u00f5es clim\u00e1ticas.<\/p>\n<p><strong>4. Quais s\u00e3o algumas dicas para manter minha bicicleta el\u00e9trica Fat ATV13?<\/strong><br \/>\n\u00c9 importante realizar verifica\u00e7\u00f5es regulares de manuten\u00e7\u00e3o, como inspecionar todos os parafusos e parafusos, verificar a press\u00e3o dos pneus regularmente, lubrificar as pe\u00e7as m\u00f3veis, como correntes e freios, a cada poucos meses, limpar a lama\/sujeira das partes expostas com sab\u00e3o neutro regularmente, etc.<\/p>","protected":false},"excerpt":{"rendered":"<p>Prepare-se para uma experi\u00eancia \u00e9pica de pilotagem off-road com o ATV13! Esta fat bike el\u00e9trica de \u00faltima gera\u00e7\u00e3o foi projetada para oferecer conveni\u00eancia e pot\u00eancia, tornando-a perfeita para qualquer terreno. Sua estrutura leve e motor potente garantem velocidade e pot\u00eancia m\u00e1ximas, enquanto as luzes LED integradas fornecem visibilidade superior em todas as condi\u00e7\u00f5es. Al\u00e9m disso, os freios a disco garantem um controle de parada confi\u00e1vel, mesmo quando as condi\u00e7\u00f5es da estrada se tornam desafiadoras. Conquiste trilhas e alcance novas alturas com <strong>Bicicleta el\u00e9trica ATV13 com garfo de suspens\u00e3o total e motor Bafang 48V<\/strong>!<\/p>","protected":false},"featured_media":4635,"template":"","meta":{"site-sidebar-layout":"default","site-content-layout":"default","ast-site-content-layout":"default","site-content-style":"default","site-sidebar-style":"default","ast-global-header-display":"","ast-banner-title-visibility":"","ast-main-header-display":"","ast-hfb-above-header-display":"","ast-hfb-below-header-display":"","ast-hfb-mobile-header-display":"","site-post-title":"","ast-breadcrumbs-content":"","ast-featured-img":"","footer-sml-layout":"","ast-disable-related-posts":"","theme-transparent-header-meta":"default","adv-header-id-meta":"","stick-header-meta":"default","header-above-stick-meta":"","header-main-stick-meta":"","header-below-stick-meta":"","astra-migrate-meta-layouts":"set","ast-page-background-enabled":"default","ast-page-background-meta":{"desktop":{"background-color":"var(--ast-global-color-4)","background-image":"","background-repeat":"repeat","background-position":"center center","background-size":"auto","background-attachment":"scroll","background-type":"","background-media":"","overlay-type":"","overlay-color":"","overlay-opacity":"","overlay-gradient":""},"tablet":{"background-color":"","background-image":"","background-repeat":"repeat","background-position":"center center","background-size":"auto","background-attachment":"scroll","background-type":"","background-media":"","overlay-type":"","overlay-color":"","overlay-opacity":"","overlay-gradient":""},"mobile":{"background-color":"","background-image":"","background-repeat":"repeat","background-position":"center center","background-size":"auto","background-attachment":"scroll","background-type":"","background-media":"","overlay-type":"","overlay-color":"","overlay-opacity":"","overlay-gradient":""}},"ast-content-background-meta":{"desktop":{"background-color":"var(--ast-global-color-5)","background-image":"","background-repeat":"repeat","background-position":"center center","background-size":"auto","background-attachment":"scroll","background-type":"","background-media":"","overlay-type":"","overlay-color":"","overlay-opacity":"","overlay-gradient":""},"tablet":{"background-color":"var(--ast-global-color-5)","background-image":"","background-repeat":"repeat","background-position":"center center","background-size":"auto","background-attachment":"scroll","background-type":"","background-media":"","overlay-type":"","overlay-color":"","overlay-opacity":"","overlay-gradient":""},"mobile":{"background-color":"var(--ast-global-color-5)","background-image":"","background-repeat":"repeat","background-position":"center center","background-size":"auto","background-attachment":"scroll","background-type":"","background-media":"","overlay-type":"","overlay-color":"","overlay-opacity":"","overlay-gradient":""}}},"product_brand":[],"product_cat":[23],"product_tag":[],"class_list":{"0":"post-844","1":"product","2":"type-product","3":"status-publish","4":"has-post-thumbnail","6":"product_cat-electric-fat-bike","7":"desktop-align-left","8":"tablet-align-left","9":"mobile-align-left","10":"ast-product-gallery-layout-horizontal-slider","11":"ast-product-gallery-with-no-image","12":"ast-product-single-variable","13":"ast-product-tabs-layout-horizontal","15":"first","16":"instock","17":"shipping-taxable","18":"purchasable","19":"product-type-variable"},"yoast_head":"<!-- This site is optimized with the Yoast SEO Premium plugin v20.9 (Yoast SEO v27.3) - https:\/\/yoast.com\/product\/yoast-seo-premium-wordpress\/ -->\n<title>ATV13 Electric Fat Bike with Full Suspension Fork &amp; 48V Bafang Motor - Bglbike<\/title>\n<meta name=\"description\" content=\"It is the highest quality ATV13 on the market and it comes from China, so you can be sure you are getting a great product at an unbeatable price.\" \/>\n<meta name=\"robots\" content=\"index, follow, max-snippet:-1, max-image-preview:large, max-video-preview:-1\" \/>\n<link rel=\"canonical\" href=\"https:\/\/bglbike.com\/pt\/produto\/atv13\/\" \/>\n<meta property=\"og:locale\" content=\"pt_PT\" \/>\n<meta property=\"og:type\" content=\"article\" \/>\n<meta property=\"og:title\" content=\"ATV13 Electric Fat Bike with Full Suspension Fork &amp; 48V Bafang Motor\" \/>\n<meta property=\"og:description\" content=\"It is the highest quality ATV13 on the market and it comes from China, so you can be sure you are getting a great product at an unbeatable price.\" \/>\n<meta property=\"og:url\" content=\"https:\/\/bglbike.com\/pt\/produto\/atv13\/\" \/>\n<meta property=\"og:site_name\" content=\"Bglbike\" \/>\n<meta property=\"article:modified_time\" content=\"2024-01-05T04:18:26+00:00\" \/>\n<meta property=\"og:image\" content=\"https:\/\/bglbike.com\/wp-content\/uploads\/2023\/04\/1-96.png\" \/>\n\t<meta property=\"og:image:width\" content=\"600\" \/>\n\t<meta property=\"og:image:height\" content=\"600\" \/>\n\t<meta property=\"og:image:type\" content=\"image\/png\" \/>\n<meta name=\"twitter:card\" content=\"summary_large_image\" \/>\n<meta name=\"twitter:label1\" content=\"Tempo estimado de leitura\" \/>\n\t<meta name=\"twitter:data1\" content=\"2 minutos\" \/>\n<script type=\"application\/ld+json\" class=\"yoast-schema-graph\">{\"@context\":\"https:\\\/\\\/schema.org\",\"@graph\":[{\"@type\":\"WebPage\",\"@id\":\"https:\\\/\\\/bglbike.com\\\/product\\\/atv13\\\/\",\"url\":\"https:\\\/\\\/bglbike.com\\\/product\\\/atv13\\\/\",\"name\":\"ATV13 Electric Fat Bike with Full Suspension Fork & 48V Bafang Motor - Bglbike\",\"isPartOf\":{\"@id\":\"https:\\\/\\\/bglbike.com\\\/#website\"},\"primaryImageOfPage\":{\"@id\":\"https:\\\/\\\/bglbike.com\\\/product\\\/atv13\\\/#primaryimage\"},\"image\":{\"@id\":\"https:\\\/\\\/bglbike.com\\\/product\\\/atv13\\\/#primaryimage\"},\"thumbnailUrl\":\"https:\\\/\\\/bglbike.com\\\/wp-content\\\/uploads\\\/2023\\\/04\\\/1-96.png\",\"datePublished\":\"2023-04-03T04:08:08+00:00\",\"dateModified\":\"2024-01-05T04:18:26+00:00\",\"description\":\"It is the highest quality ATV13 on the market and it comes from China, so you can be sure you are getting a great product at an unbeatable price.\",\"breadcrumb\":{\"@id\":\"https:\\\/\\\/bglbike.com\\\/product\\\/atv13\\\/#breadcrumb\"},\"inLanguage\":\"pt-PT\",\"potentialAction\":[{\"@type\":\"ReadAction\",\"target\":[\"https:\\\/\\\/bglbike.com\\\/product\\\/atv13\\\/\"]}]},{\"@type\":\"ImageObject\",\"inLanguage\":\"pt-PT\",\"@id\":\"https:\\\/\\\/bglbike.com\\\/product\\\/atv13\\\/#primaryimage\",\"url\":\"https:\\\/\\\/bglbike.com\\\/wp-content\\\/uploads\\\/2023\\\/04\\\/1-96.png\",\"contentUrl\":\"https:\\\/\\\/bglbike.com\\\/wp-content\\\/uploads\\\/2023\\\/04\\\/1-96.png\",\"width\":600,\"height\":600,\"caption\":\"ATV13\"},{\"@type\":\"BreadcrumbList\",\"@id\":\"https:\\\/\\\/bglbike.com\\\/product\\\/atv13\\\/#breadcrumb\",\"itemListElement\":[{\"@type\":\"ListItem\",\"position\":1,\"name\":\"Home\",\"item\":\"https:\\\/\\\/bglbike.com\\\/\"},{\"@type\":\"ListItem\",\"position\":2,\"name\":\"Wholesale Electric Bike\",\"item\":\"https:\\\/\\\/bglbike.com\\\/wholesale-electric-bike\\\/\"},{\"@type\":\"ListItem\",\"position\":3,\"name\":\"ATV13 Electric Fat Bike with Full Suspension Fork &#038; 48V Bafang Motor\"}]},{\"@type\":\"WebSite\",\"@id\":\"https:\\\/\\\/bglbike.com\\\/#website\",\"url\":\"https:\\\/\\\/bglbike.com\\\/\",\"name\":\"Bglbike\",\"description\":\"Top  Ebike manufacturer in China\",\"publisher\":{\"@id\":\"https:\\\/\\\/bglbike.com\\\/#organization\"},\"potentialAction\":[{\"@type\":\"SearchAction\",\"target\":{\"@type\":\"EntryPoint\",\"urlTemplate\":\"https:\\\/\\\/bglbike.com\\\/?s={search_term_string}\"},\"query-input\":{\"@type\":\"PropertyValueSpecification\",\"valueRequired\":true,\"valueName\":\"search_term_string\"}}],\"inLanguage\":\"pt-PT\"},{\"@type\":\"Organization\",\"@id\":\"https:\\\/\\\/bglbike.com\\\/#organization\",\"name\":\"Bglbike\",\"url\":\"https:\\\/\\\/bglbike.com\\\/\",\"logo\":{\"@type\":\"ImageObject\",\"inLanguage\":\"pt-PT\",\"@id\":\"https:\\\/\\\/bglbike.com\\\/#\\\/schema\\\/logo\\\/image\\\/\",\"url\":\"https:\\\/\\\/bglbike.com\\\/wp-content\\\/uploads\\\/2023\\\/04\\\/cropped-LOGO.png\",\"contentUrl\":\"https:\\\/\\\/bglbike.com\\\/wp-content\\\/uploads\\\/2023\\\/04\\\/cropped-LOGO.png\",\"width\":426,\"height\":141,\"caption\":\"Bglbike\"},\"image\":{\"@id\":\"https:\\\/\\\/bglbike.com\\\/#\\\/schema\\\/logo\\\/image\\\/\"}}]}<\/script>\n<!-- \/ Yoast SEO Premium plugin. -->","yoast_head_json":{"title":"ATV13 Electric Fat Bike with Full Suspension Fork & 48V Bafang Motor - Bglbike","description":"It is the highest quality ATV13 on the market and it comes from China, so you can be sure you are getting a great product at an unbeatable price.","robots":{"index":"index","follow":"follow","max-snippet":"max-snippet:-1","max-image-preview":"max-image-preview:large","max-video-preview":"max-video-preview:-1"},"canonical":"https:\/\/bglbike.com\/pt\/produto\/atv13\/","og_locale":"pt_PT","og_type":"article","og_title":"ATV13 Electric Fat Bike with Full Suspension Fork & 48V Bafang Motor","og_description":"It is the highest quality ATV13 on the market and it comes from China, so you can be sure you are getting a great product at an unbeatable price.","og_url":"https:\/\/bglbike.com\/pt\/produto\/atv13\/","og_site_name":"Bglbike","article_modified_time":"2024-01-05T04:18:26+00:00","og_image":[{"width":600,"height":600,"url":"https:\/\/bglbike.com\/wp-content\/uploads\/2023\/04\/1-96.png","type":"image\/png"}],"twitter_card":"summary_large_image","twitter_misc":{"Tempo estimado de leitura":"2 minutos"},"schema":{"@context":"https:\/\/schema.org","@graph":[{"@type":"WebPage","@id":"https:\/\/bglbike.com\/product\/atv13\/","url":"https:\/\/bglbike.com\/product\/atv13\/","name":"ATV13 Electric Fat Bike with Full Suspension Fork & 48V Bafang Motor - Bglbike","isPartOf":{"@id":"https:\/\/bglbike.com\/#website"},"primaryImageOfPage":{"@id":"https:\/\/bglbike.com\/product\/atv13\/#primaryimage"},"image":{"@id":"https:\/\/bglbike.com\/product\/atv13\/#primaryimage"},"thumbnailUrl":"https:\/\/bglbike.com\/wp-content\/uploads\/2023\/04\/1-96.png","datePublished":"2023-04-03T04:08:08+00:00","dateModified":"2024-01-05T04:18:26+00:00","description":"It is the highest quality ATV13 on the market and it comes from China, so you can be sure you are getting a great product at an unbeatable price.","breadcrumb":{"@id":"https:\/\/bglbike.com\/product\/atv13\/#breadcrumb"},"inLanguage":"pt-PT","potentialAction":[{"@type":"ReadAction","target":["https:\/\/bglbike.com\/product\/atv13\/"]}]},{"@type":"ImageObject","inLanguage":"pt-PT","@id":"https:\/\/bglbike.com\/product\/atv13\/#primaryimage","url":"https:\/\/bglbike.com\/wp-content\/uploads\/2023\/04\/1-96.png","contentUrl":"https:\/\/bglbike.com\/wp-content\/uploads\/2023\/04\/1-96.png","width":600,"height":600,"caption":"ATV13"},{"@type":"BreadcrumbList","@id":"https:\/\/bglbike.com\/product\/atv13\/#breadcrumb","itemListElement":[{"@type":"ListItem","position":1,"name":"Home","item":"https:\/\/bglbike.com\/"},{"@type":"ListItem","position":2,"name":"Wholesale Electric Bike","item":"https:\/\/bglbike.com\/wholesale-electric-bike\/"},{"@type":"ListItem","position":3,"name":"ATV13 Electric Fat Bike with Full Suspension Fork &#038; 48V Bafang Motor"}]},{"@type":"WebSite","@id":"https:\/\/bglbike.com\/#website","url":"https:\/\/bglbike.com\/","name":"Bglbike","description":"Top  Ebike manufacturer in China","publisher":{"@id":"https:\/\/bglbike.com\/#organization"},"potentialAction":[{"@type":"SearchAction","target":{"@type":"EntryPoint","urlTemplate":"https:\/\/bglbike.com\/?s={search_term_string}"},"query-input":{"@type":"PropertyValueSpecification","valueRequired":true,"valueName":"search_term_string"}}],"inLanguage":"pt-PT"},{"@type":"Organization","@id":"https:\/\/bglbike.com\/#organization","name":"Bglbike","url":"https:\/\/bglbike.com\/","logo":{"@type":"ImageObject","inLanguage":"pt-PT","@id":"https:\/\/bglbike.com\/#\/schema\/logo\/image\/","url":"https:\/\/bglbike.com\/wp-content\/uploads\/2023\/04\/cropped-LOGO.png","contentUrl":"https:\/\/bglbike.com\/wp-content\/uploads\/2023\/04\/cropped-LOGO.png","width":426,"height":141,"caption":"Bglbike"},"image":{"@id":"https:\/\/bglbike.com\/#\/schema\/logo\/image\/"}}]}},"_links":{"self":[{"href":"https:\/\/bglbike.com\/pt\/wp-json\/wp\/v2\/product\/844","targetHints":{"allow":["GET"]}}],"collection":[{"href":"https:\/\/bglbike.com\/pt\/wp-json\/wp\/v2\/product"}],"about":[{"href":"https:\/\/bglbike.com\/pt\/wp-json\/wp\/v2\/types\/product"}],"wp:featuredmedia":[{"embeddable":true,"href":"https:\/\/bglbike.com\/pt\/wp-json\/wp\/v2\/media\/4635"}],"wp:attachment":[{"href":"https:\/\/bglbike.com\/pt\/wp-json\/wp\/v2\/media?parent=844"}],"wp:term":[{"taxonomy":"product_brand","embeddable":true,"href":"https:\/\/bglbike.com\/pt\/wp-json\/wp\/v2\/product_brand?post=844"},{"taxonomy":"product_cat","embeddable":true,"href":"https:\/\/bglbike.com\/pt\/wp-json\/wp\/v2\/product_cat?post=844"},{"taxonomy":"product_tag","embeddable":true,"href":"https:\/\/bglbike.com\/pt\/wp-json\/wp\/v2\/product_tag?post=844"}],"curies":[{"name":"wp","href":"https:\/\/api.w.org\/{rel}","templated":true}]}}