{"id":810,"date":"2023-04-03T02:06:07","date_gmt":"2023-04-03T02:06:07","guid":{"rendered":"https:\/\/bglbike.com\/?post_type=product&#038;p=810"},"modified":"2023-05-31T02:37:40","modified_gmt":"2023-05-31T02:37:40","slug":"atv10","status":"publish","type":"product","link":"https:\/\/bglbike.com\/pt\/produto\/atv10\/","title":{"rendered":"Fat Bike el\u00e9trica ATV10 \u2013 motor duplo 48V 500W, bateria de l\u00edtio Samsung, suspens\u00e3o dianteira\/traseira"},"content":{"rendered":"<h3>Especifica\u00e7\u00e3o do produto<\/h3>\n<div id=\"footable_parent_818\"\n         class=\"footable_parent ninja_table_wrapper loading_ninja_table wp_table_data_press_parent semantic_ui\">\n                <table data-ninja_table_instance=\"ninja_table_instance_0\" data-footable_id=\"818\" data-filter-delay=\"1000\" aria-label=\"ATV10.csv\"            id=\"footable_818\"\n           data-unique_identifier=\"ninja_table_unique_id_3668289978_818\"\n           class=\"foo-table ninja_footable foo_table_818 ninja_table_unique_id_3668289978_818 ui table  nt_type_legacy_table selectable striped vertical_centered  footable-paging-right ninja_table_pro\">\n                <colgroup>\n                            <col class=\"ninja_column_0\">\n                            <col class=\"ninja_column_1\">\n                    <\/colgroup>\n        <thead>\n<tr class=\"footable-header\">\n                                        <th scope=\"col\"  class=\"ninja_column_0 ninja_clmn_nm_modelnoatv1\">N\u00ba do modelo: ATV10<\/th><th scope=\"col\"  class=\"ninja_column_1 ninja_clmn_nm_chargetime46h\">Tempo de Carga: 4-6H<\/th><\/tr>\n<\/thead>\n<tbody>\n\n        <tr data-row_id=\"623\" class=\"ninja_table_row_0 nt_row_id_623\">\n            <td>Quadro: Liga de alum\u00ednio 6061#A, suspens\u00e3o traseira<\/td><td>Vida \u00fatil do carregador: &gt; 500 vezes<\/td>        <\/tr>\n            <tr data-row_id=\"624\" class=\"ninja_table_row_1 nt_row_id_624\">\n            <td>Motor: Motor duplo de 48V 500W<\/td><td>Carregador: 100 V CA - 240 V CA<\/td>        <\/tr>\n            <tr data-row_id=\"625\" class=\"ninja_table_row_2 nt_row_id_625\">\n            <td>Bateria: bateria de l\u00edtio Samsung 10~21Ah<\/td><td>Velocidade m\u00e1xima: 25-38km\/h<\/td>        <\/tr>\n            <tr data-row_id=\"626\" class=\"ninja_table_row_3 nt_row_id_626\">\n            <td>Garfo dianteiro: Suspens\u00e3o Garfo de liga de alum\u00ednio<\/td><td>Dist\u00e2ncia de condu\u00e7\u00e3o:&gt; 50 km<\/td>        <\/tr>\n            <tr data-row_id=\"627\" class=\"ninja_table_row_4 nt_row_id_627\">\n            <td>Freio: Freio a disco dianteiro\/traseiro Tektro<\/td><td>Capacidade de Carga: 150kg<\/td>        <\/tr>\n            <tr data-row_id=\"628\" class=\"ninja_table_row_5 nt_row_id_628\">\n            <td>Alavanca de freio: Marca Tektro<\/td><td>Sistema de assistente de pedal: 1:1<\/td>        <\/tr>\n            <tr data-row_id=\"629\" class=\"ninja_table_row_6 nt_row_id_629\">\n            <td>Guiador\/Avan\u00e7o: Liga de Alum\u00ednio<\/td><td>Visor multifuncional no guid\u00e3o:<\/td>        <\/tr>\n            <tr data-row_id=\"630\" class=\"ninja_table_row_7 nt_row_id_630\">\n            <td><\/td><td>LCD com velocidade PAS de 5 n\u00edveis,<\/td>        <\/tr>\n            <tr data-row_id=\"631\" class=\"ninja_table_row_8 nt_row_id_631\">\n            <td><\/td><td>interruptor liga\/desliga<\/td>        <\/tr>\n            <tr data-row_id=\"632\" class=\"ninja_table_row_9 nt_row_id_632\">\n            <td>Luz frontal e traseira de LED<\/td><td>Carregamento do cont\u00eainer: 20&quot;FCL 90pcs 40&quot;FCL 225pcs<\/td>        <\/tr>\n            <tr data-row_id=\"633\" class=\"ninja_table_row_10 nt_row_id_633\">\n            <td>Manusear com indicador de energia da bateria<\/td><td>NW:30kgs; GW: 35kgs<\/td>        <\/tr>\n            <tr data-row_id=\"634\" class=\"ninja_table_row_11 nt_row_id_634\">\n            <td>Dimens\u00e3o do pneu: KENDA 20*4,0<\/td><td>Caixa de embalagem: 145*25*90 cm<\/td>        <\/tr>\n            <tr data-row_id=\"635\" class=\"ninja_table_row_12 nt_row_id_635\">\n            <td>C\u00e2mbio: Shimano 7Speed<\/td><td>Cores Dispon\u00edveis: Preto, Prata ou Outras Cores<\/td>        <\/tr>\n            <tr data-row_id=\"636\" class=\"ninja_table_row_13 nt_row_id_636\">\n            <td><\/td><td><\/td>        <\/tr>\n    <\/tbody><!--ninja_tobody_rendering_done-->\n    <\/table>\n    \n    \n    \n<\/div>\n\n<h3>capacidade de fornecimento<\/h3>\n<p>2.000 unidades\/unidades por m\u00eas bicicleta el\u00e9trica de 20 polegadas<\/p>\n<h3>Embalagem e entrega<\/h3>\n<p>Detalhes da embalagem: tamanho da caixa: 145*25*90 cm<br \/>\nQuantidade de cont\u00eainer: 75 pe\u00e7as\/20 p\u00e9s, 180 pe\u00e7as\/40HQ<br \/>\nPorto: Ningbo ou Xangai<\/p>\n<h3>Detalhe da imagem<\/h3>\n<p><img fetchpriority=\"high\" decoding=\"async\" class=\"size-full wp-image-3568\" src=\"https:\/\/bglbike.com\/wp-content\/uploads\/2023\/04\/333-7.png\" alt=\"Detalhes Imagens\" width=\"600\" height=\"600\" srcset=\"https:\/\/bglbike.com\/wp-content\/uploads\/2023\/04\/333-7.png 600w, https:\/\/bglbike.com\/wp-content\/uploads\/2023\/04\/333-7-300x300.png 300w, https:\/\/bglbike.com\/wp-content\/uploads\/2023\/04\/333-7-150x150.png 150w, https:\/\/bglbike.com\/wp-content\/uploads\/2023\/04\/333-7-12x12.png 12w, https:\/\/bglbike.com\/wp-content\/uploads\/2023\/04\/333-7-200x200.png 200w, https:\/\/bglbike.com\/wp-content\/uploads\/2023\/04\/333-7-100x100.png 100w\" sizes=\"(max-width: 600px) 100vw, 600px\" \/><\/p>\n<h3>Fat Bike el\u00e9trica ATV10 \u2013 motor duplo de 48V 500W, bateria de l\u00edtio Samsung, perguntas frequentes sobre suspens\u00e3o dianteira\/traseira<\/h3>\n<p>&nbsp;<\/p>\n<p><strong>1. Quais s\u00e3o as caracter\u00edsticas da Fat Bike El\u00e9trica ATV10 \u2013 Motor Duplo 48V 500W, Bateria de L\u00edtio Samsung, Suspens\u00e3o Dianteira\/Traseira?<\/strong><br \/>\nO ATV10 possui um motor de 500 W de alto torque e uma bateria de l\u00edtio de 48V 13Ah ~ 21Ah, oferecendo mais pot\u00eancia e velocidade do que as bicicletas el\u00e9tricas tradicionais. Ele tamb\u00e9m possui um quadro superdimensionado de curso de suspens\u00e3o total, permitindo enfrentar trilhas e terrenos off-road desafiadores. Al\u00e9m disso, sua estrutura de alum\u00ednio dur\u00e1vel foi projetada para suportar ciclistas de at\u00e9 300 libras, proporcionando uma condu\u00e7\u00e3o confort\u00e1vel e confi\u00e1vel para ciclistas mais pesados.<\/p>\n<p><strong>2. Que tipo de terreno o ATV10 pode percorrer?<\/strong><br \/>\nA Fat Bike El\u00e9trica ATV10 \u2013 Motor Duplo 48V 500W, Bateria de L\u00edtio Samsung, Suspens\u00e3o Dianteira\/Traseira foi projetada para enfrentar terrenos off-road, como caminhos de terra, estradas de cascalho e trilhas rochosas. Sua combina\u00e7\u00e3o de motor potente, suspens\u00e3o total e pneus superdimensionados oferece tra\u00e7\u00e3o superior e absor\u00e7\u00e3o de choque para que voc\u00ea possa pedalar com confian\u00e7a em v\u00e1rios terrenos.<\/p>\n<p><strong>3. A Fat Bike-ATV10 el\u00e9trica vem com algum recurso de seguran\u00e7a?<\/strong><br \/>\nA Fat Bike-ATV10 el\u00e9trica possui v\u00e1rios recursos de seguran\u00e7a, incluindo freios a disco hidr\u00e1ulicos Tektro integrados que fornecem melhor pot\u00eancia de parada em condi\u00e7\u00f5es molhadas ou escorregadias. Ele tamb\u00e9m inclui pneus refletivos nas laterais para maior visibilidade em condi\u00e7\u00f5es de pouca luz e um farol brilhante para maior visibilidade \u00e0 noite.<\/p>\n<p><strong>4. Existem acess\u00f3rios adicionais dispon\u00edveis para compra?<\/strong><br \/>\nSim, al\u00e9m de pe\u00e7as de reposi\u00e7\u00e3o como pneus e baterias, est\u00e3o dispon\u00edveis para compra diversos acess\u00f3rios compat\u00edveis com a Fat Bike-ATV10 El\u00e9trica. Isso inclui cestas dianteiras para transportar carga e guarda-lamas e voc\u00ea mesmo de respingos de lama ao andar em trilhas off-road. Al\u00e9m disso, v\u00e1rias bolsas de espig\u00e3o podem ser facilmente anexadas para armazenar itens extras durante a condu\u00e7\u00e3o.<\/p>","protected":false},"excerpt":{"rendered":"<p>Prepare-se para explorar o mundo off-road com o <strong>Fat Bike el\u00e9trica ATV10 \u2013 motor duplo 48V 500W, bateria de l\u00edtio Samsung, suspens\u00e3o dianteira\/traseira<\/strong>! Esta fat bike el\u00e9trica ultramoderna foi projetada para conveni\u00eancia e desempenho. Seu quadro leve e motor potente fornecem pot\u00eancia superior, permitindo que voc\u00ea ande r\u00e1pido e enfrente inclina\u00e7\u00f5es \u00edngremes, enquanto suas luzes LCD integradas garantem visibilidade m\u00e1xima em qualquer condi\u00e7\u00e3o. Al\u00e9m disso, os freios a disco oferecem controle de parada confi\u00e1vel, mesmo quando as condi\u00e7\u00f5es da estrada se tornam desafiadoras. E com seu design dobr\u00e1vel, voc\u00ea pode armazen\u00e1-lo facilmente quando n\u00e3o estiver em uso e ainda ter muita liberdade de movimento. Desfrute de todas as emo\u00e7\u00f5es da condu\u00e7\u00e3o off-road com a Electric Fat Bike-ATV10!<\/p>","protected":false},"featured_media":3907,"template":"","meta":{"site-sidebar-layout":"default","site-content-layout":"default","ast-site-content-layout":"default","site-content-style":"default","site-sidebar-style":"default","ast-global-header-display":"","ast-banner-title-visibility":"","ast-main-header-display":"","ast-hfb-above-header-display":"","ast-hfb-below-header-display":"","ast-hfb-mobile-header-display":"","site-post-title":"","ast-breadcrumbs-content":"","ast-featured-img":"","footer-sml-layout":"","ast-disable-related-posts":"","theme-transparent-header-meta":"default","adv-header-id-meta":"","stick-header-meta":"default","header-above-stick-meta":"","header-main-stick-meta":"","header-below-stick-meta":"","astra-migrate-meta-layouts":"default","ast-page-background-enabled":"default","ast-page-background-meta":{"desktop":{"background-color":"var(--ast-global-color-4)","background-image":"","background-repeat":"repeat","background-position":"center center","background-size":"auto","background-attachment":"scroll","background-type":"","background-media":"","overlay-type":"","overlay-color":"","overlay-opacity":"","overlay-gradient":""},"tablet":{"background-color":"","background-image":"","background-repeat":"repeat","background-position":"center center","background-size":"auto","background-attachment":"scroll","background-type":"","background-media":"","overlay-type":"","overlay-color":"","overlay-opacity":"","overlay-gradient":""},"mobile":{"background-color":"","background-image":"","background-repeat":"repeat","background-position":"center center","background-size":"auto","background-attachment":"scroll","background-type":"","background-media":"","overlay-type":"","overlay-color":"","overlay-opacity":"","overlay-gradient":""}},"ast-content-background-meta":{"desktop":{"background-color":"var(--ast-global-color-5)","background-image":"","background-repeat":"repeat","background-position":"center center","background-size":"auto","background-attachment":"scroll","background-type":"","background-media":"","overlay-type":"","overlay-color":"","overlay-opacity":"","overlay-gradient":""},"tablet":{"background-color":"var(--ast-global-color-5)","background-image":"","background-repeat":"repeat","background-position":"center center","background-size":"auto","background-attachment":"scroll","background-type":"","background-media":"","overlay-type":"","overlay-color":"","overlay-opacity":"","overlay-gradient":""},"mobile":{"background-color":"var(--ast-global-color-5)","background-image":"","background-repeat":"repeat","background-position":"center center","background-size":"auto","background-attachment":"scroll","background-type":"","background-media":"","overlay-type":"","overlay-color":"","overlay-opacity":"","overlay-gradient":""}}},"product_brand":[],"product_cat":[23],"product_tag":[],"class_list":{"0":"post-810","1":"product","2":"type-product","3":"status-publish","4":"has-post-thumbnail","6":"product_cat-electric-fat-bike","7":"desktop-align-left","8":"tablet-align-left","9":"mobile-align-left","10":"ast-product-gallery-layout-horizontal-slider","11":"ast-product-gallery-with-no-image","12":"ast-product-single-variable","13":"ast-product-tabs-layout-horizontal","15":"first","16":"instock","17":"shipping-taxable","18":"purchasable","19":"product-type-variable"},"yoast_head":"<!-- This site is optimized with the Yoast SEO Premium plugin v20.9 (Yoast SEO v27.3) - https:\/\/yoast.com\/product\/yoast-seo-premium-wordpress\/ -->\n<title>ATV10 Electric Fat Bike - 48V 500W Dual Motor, Samsung Lithium Battery, Front\/Rear Suspension - Bglbike<\/title>\n<meta name=\"description\" content=\"This ATV10 Electric Fat Bike - 48V 500W Dual Motor, Samsung Lithium Battery, Front\/Rear Suspension is made from high-quality materials. It features a powerful motor that makes it easy to travel over any terrain.\" \/>\n<meta name=\"robots\" content=\"index, follow, max-snippet:-1, max-image-preview:large, max-video-preview:-1\" \/>\n<link rel=\"canonical\" href=\"https:\/\/bglbike.com\/pt\/produto\/atv10\/\" \/>\n<meta property=\"og:locale\" content=\"pt_PT\" \/>\n<meta property=\"og:type\" content=\"article\" \/>\n<meta property=\"og:title\" content=\"ATV10 Electric Fat Bike - 48V 500W Dual Motor, Samsung Lithium Battery, Front\/Rear Suspension\" \/>\n<meta property=\"og:description\" content=\"This ATV10 Electric Fat Bike - 48V 500W Dual Motor, Samsung Lithium Battery, Front\/Rear Suspension is made from high-quality materials. It features a powerful motor that makes it easy to travel over any terrain.\" \/>\n<meta property=\"og:url\" content=\"https:\/\/bglbike.com\/pt\/produto\/atv10\/\" \/>\n<meta property=\"og:site_name\" content=\"Bglbike\" \/>\n<meta property=\"article:modified_time\" content=\"2023-05-31T02:37:40+00:00\" \/>\n<meta property=\"og:image\" content=\"https:\/\/bglbike.com\/wp-content\/uploads\/2023\/04\/1-91.png\" \/>\n\t<meta property=\"og:image:width\" content=\"600\" \/>\n\t<meta property=\"og:image:height\" content=\"600\" \/>\n\t<meta property=\"og:image:type\" content=\"image\/png\" \/>\n<meta name=\"twitter:card\" content=\"summary_large_image\" \/>\n<meta name=\"twitter:label1\" content=\"Tempo estimado de leitura\" \/>\n\t<meta name=\"twitter:data1\" content=\"2 minutos\" \/>\n<script type=\"application\/ld+json\" class=\"yoast-schema-graph\">{\"@context\":\"https:\\\/\\\/schema.org\",\"@graph\":[{\"@type\":\"WebPage\",\"@id\":\"https:\\\/\\\/bglbike.com\\\/product\\\/atv10\\\/\",\"url\":\"https:\\\/\\\/bglbike.com\\\/product\\\/atv10\\\/\",\"name\":\"ATV10 Electric Fat Bike - 48V 500W Dual Motor, Samsung Lithium Battery, Front\\\/Rear Suspension - Bglbike\",\"isPartOf\":{\"@id\":\"https:\\\/\\\/bglbike.com\\\/#website\"},\"primaryImageOfPage\":{\"@id\":\"https:\\\/\\\/bglbike.com\\\/product\\\/atv10\\\/#primaryimage\"},\"image\":{\"@id\":\"https:\\\/\\\/bglbike.com\\\/product\\\/atv10\\\/#primaryimage\"},\"thumbnailUrl\":\"https:\\\/\\\/bglbike.com\\\/wp-content\\\/uploads\\\/2023\\\/04\\\/1-91.png\",\"datePublished\":\"2023-04-03T02:06:07+00:00\",\"dateModified\":\"2023-05-31T02:37:40+00:00\",\"description\":\"This ATV10 Electric Fat Bike - 48V 500W Dual Motor, Samsung Lithium Battery, Front\\\/Rear Suspension is made from high-quality materials. It features a powerful motor that makes it easy to travel over any terrain.\",\"breadcrumb\":{\"@id\":\"https:\\\/\\\/bglbike.com\\\/product\\\/atv10\\\/#breadcrumb\"},\"inLanguage\":\"pt-PT\",\"potentialAction\":[{\"@type\":\"ReadAction\",\"target\":[\"https:\\\/\\\/bglbike.com\\\/product\\\/atv10\\\/\"]}]},{\"@type\":\"ImageObject\",\"inLanguage\":\"pt-PT\",\"@id\":\"https:\\\/\\\/bglbike.com\\\/product\\\/atv10\\\/#primaryimage\",\"url\":\"https:\\\/\\\/bglbike.com\\\/wp-content\\\/uploads\\\/2023\\\/04\\\/1-91.png\",\"contentUrl\":\"https:\\\/\\\/bglbike.com\\\/wp-content\\\/uploads\\\/2023\\\/04\\\/1-91.png\",\"width\":600,\"height\":600,\"caption\":\"ATV10\"},{\"@type\":\"BreadcrumbList\",\"@id\":\"https:\\\/\\\/bglbike.com\\\/product\\\/atv10\\\/#breadcrumb\",\"itemListElement\":[{\"@type\":\"ListItem\",\"position\":1,\"name\":\"Home\",\"item\":\"https:\\\/\\\/bglbike.com\\\/\"},{\"@type\":\"ListItem\",\"position\":2,\"name\":\"Wholesale Electric Bike\",\"item\":\"https:\\\/\\\/bglbike.com\\\/wholesale-electric-bike\\\/\"},{\"@type\":\"ListItem\",\"position\":3,\"name\":\"ATV10 Electric Fat Bike &#8211; 48V 500W Dual Motor, Samsung Lithium Battery, Front\\\/Rear Suspension\"}]},{\"@type\":\"WebSite\",\"@id\":\"https:\\\/\\\/bglbike.com\\\/#website\",\"url\":\"https:\\\/\\\/bglbike.com\\\/\",\"name\":\"Bglbike\",\"description\":\"Top  Ebike manufacturer in China\",\"publisher\":{\"@id\":\"https:\\\/\\\/bglbike.com\\\/#organization\"},\"potentialAction\":[{\"@type\":\"SearchAction\",\"target\":{\"@type\":\"EntryPoint\",\"urlTemplate\":\"https:\\\/\\\/bglbike.com\\\/?s={search_term_string}\"},\"query-input\":{\"@type\":\"PropertyValueSpecification\",\"valueRequired\":true,\"valueName\":\"search_term_string\"}}],\"inLanguage\":\"pt-PT\"},{\"@type\":\"Organization\",\"@id\":\"https:\\\/\\\/bglbike.com\\\/#organization\",\"name\":\"Bglbike\",\"url\":\"https:\\\/\\\/bglbike.com\\\/\",\"logo\":{\"@type\":\"ImageObject\",\"inLanguage\":\"pt-PT\",\"@id\":\"https:\\\/\\\/bglbike.com\\\/#\\\/schema\\\/logo\\\/image\\\/\",\"url\":\"https:\\\/\\\/bglbike.com\\\/wp-content\\\/uploads\\\/2023\\\/04\\\/cropped-LOGO.png\",\"contentUrl\":\"https:\\\/\\\/bglbike.com\\\/wp-content\\\/uploads\\\/2023\\\/04\\\/cropped-LOGO.png\",\"width\":426,\"height\":141,\"caption\":\"Bglbike\"},\"image\":{\"@id\":\"https:\\\/\\\/bglbike.com\\\/#\\\/schema\\\/logo\\\/image\\\/\"}}]}<\/script>\n<!-- \/ Yoast SEO Premium plugin. -->","yoast_head_json":{"title":"ATV10 Electric Fat Bike - 48V 500W Dual Motor, Samsung Lithium Battery, Front\/Rear Suspension - Bglbike","description":"This ATV10 Electric Fat Bike - 48V 500W Dual Motor, Samsung Lithium Battery, Front\/Rear Suspension is made from high-quality materials. It features a powerful motor that makes it easy to travel over any terrain.","robots":{"index":"index","follow":"follow","max-snippet":"max-snippet:-1","max-image-preview":"max-image-preview:large","max-video-preview":"max-video-preview:-1"},"canonical":"https:\/\/bglbike.com\/pt\/produto\/atv10\/","og_locale":"pt_PT","og_type":"article","og_title":"ATV10 Electric Fat Bike - 48V 500W Dual Motor, Samsung Lithium Battery, Front\/Rear Suspension","og_description":"This ATV10 Electric Fat Bike - 48V 500W Dual Motor, Samsung Lithium Battery, Front\/Rear Suspension is made from high-quality materials. It features a powerful motor that makes it easy to travel over any terrain.","og_url":"https:\/\/bglbike.com\/pt\/produto\/atv10\/","og_site_name":"Bglbike","article_modified_time":"2023-05-31T02:37:40+00:00","og_image":[{"width":600,"height":600,"url":"https:\/\/bglbike.com\/wp-content\/uploads\/2023\/04\/1-91.png","type":"image\/png"}],"twitter_card":"summary_large_image","twitter_misc":{"Tempo estimado de leitura":"2 minutos"},"schema":{"@context":"https:\/\/schema.org","@graph":[{"@type":"WebPage","@id":"https:\/\/bglbike.com\/product\/atv10\/","url":"https:\/\/bglbike.com\/product\/atv10\/","name":"ATV10 Electric Fat Bike - 48V 500W Dual Motor, Samsung Lithium Battery, Front\/Rear Suspension - Bglbike","isPartOf":{"@id":"https:\/\/bglbike.com\/#website"},"primaryImageOfPage":{"@id":"https:\/\/bglbike.com\/product\/atv10\/#primaryimage"},"image":{"@id":"https:\/\/bglbike.com\/product\/atv10\/#primaryimage"},"thumbnailUrl":"https:\/\/bglbike.com\/wp-content\/uploads\/2023\/04\/1-91.png","datePublished":"2023-04-03T02:06:07+00:00","dateModified":"2023-05-31T02:37:40+00:00","description":"This ATV10 Electric Fat Bike - 48V 500W Dual Motor, Samsung Lithium Battery, Front\/Rear Suspension is made from high-quality materials. It features a powerful motor that makes it easy to travel over any terrain.","breadcrumb":{"@id":"https:\/\/bglbike.com\/product\/atv10\/#breadcrumb"},"inLanguage":"pt-PT","potentialAction":[{"@type":"ReadAction","target":["https:\/\/bglbike.com\/product\/atv10\/"]}]},{"@type":"ImageObject","inLanguage":"pt-PT","@id":"https:\/\/bglbike.com\/product\/atv10\/#primaryimage","url":"https:\/\/bglbike.com\/wp-content\/uploads\/2023\/04\/1-91.png","contentUrl":"https:\/\/bglbike.com\/wp-content\/uploads\/2023\/04\/1-91.png","width":600,"height":600,"caption":"ATV10"},{"@type":"BreadcrumbList","@id":"https:\/\/bglbike.com\/product\/atv10\/#breadcrumb","itemListElement":[{"@type":"ListItem","position":1,"name":"Home","item":"https:\/\/bglbike.com\/"},{"@type":"ListItem","position":2,"name":"Wholesale Electric Bike","item":"https:\/\/bglbike.com\/wholesale-electric-bike\/"},{"@type":"ListItem","position":3,"name":"ATV10 Electric Fat Bike &#8211; 48V 500W Dual Motor, Samsung Lithium Battery, Front\/Rear Suspension"}]},{"@type":"WebSite","@id":"https:\/\/bglbike.com\/#website","url":"https:\/\/bglbike.com\/","name":"Bglbike","description":"Top  Ebike manufacturer in China","publisher":{"@id":"https:\/\/bglbike.com\/#organization"},"potentialAction":[{"@type":"SearchAction","target":{"@type":"EntryPoint","urlTemplate":"https:\/\/bglbike.com\/?s={search_term_string}"},"query-input":{"@type":"PropertyValueSpecification","valueRequired":true,"valueName":"search_term_string"}}],"inLanguage":"pt-PT"},{"@type":"Organization","@id":"https:\/\/bglbike.com\/#organization","name":"Bglbike","url":"https:\/\/bglbike.com\/","logo":{"@type":"ImageObject","inLanguage":"pt-PT","@id":"https:\/\/bglbike.com\/#\/schema\/logo\/image\/","url":"https:\/\/bglbike.com\/wp-content\/uploads\/2023\/04\/cropped-LOGO.png","contentUrl":"https:\/\/bglbike.com\/wp-content\/uploads\/2023\/04\/cropped-LOGO.png","width":426,"height":141,"caption":"Bglbike"},"image":{"@id":"https:\/\/bglbike.com\/#\/schema\/logo\/image\/"}}]}},"_links":{"self":[{"href":"https:\/\/bglbike.com\/pt\/wp-json\/wp\/v2\/product\/810","targetHints":{"allow":["GET"]}}],"collection":[{"href":"https:\/\/bglbike.com\/pt\/wp-json\/wp\/v2\/product"}],"about":[{"href":"https:\/\/bglbike.com\/pt\/wp-json\/wp\/v2\/types\/product"}],"wp:featuredmedia":[{"embeddable":true,"href":"https:\/\/bglbike.com\/pt\/wp-json\/wp\/v2\/media\/3907"}],"wp:attachment":[{"href":"https:\/\/bglbike.com\/pt\/wp-json\/wp\/v2\/media?parent=810"}],"wp:term":[{"taxonomy":"product_brand","embeddable":true,"href":"https:\/\/bglbike.com\/pt\/wp-json\/wp\/v2\/product_brand?post=810"},{"taxonomy":"product_cat","embeddable":true,"href":"https:\/\/bglbike.com\/pt\/wp-json\/wp\/v2\/product_cat?post=810"},{"taxonomy":"product_tag","embeddable":true,"href":"https:\/\/bglbike.com\/pt\/wp-json\/wp\/v2\/product_tag?post=810"}],"curies":[{"name":"wp","href":"https:\/\/api.w.org\/{rel}","templated":true}]}}