{"id":790,"date":"2023-04-01T16:42:18","date_gmt":"2023-04-01T16:42:18","guid":{"rendered":"https:\/\/bglbike.com\/?post_type=product&#038;p=790"},"modified":"2023-05-31T02:39:20","modified_gmt":"2023-05-31T02:39:20","slug":"atv08","status":"publish","type":"product","link":"https:\/\/bglbike.com\/pt\/produto\/atv08\/","title":{"rendered":"Fat Bike el\u00e9trica ATV08: estrutura em liga de alum\u00ednio de 7 velocidades, bateria de l\u00edtio de 48 V, velocidade m\u00e1xima &gt; 50 km\/h"},"content":{"rendered":"<h3>Especifica\u00e7\u00e3o<\/h3>\n<div id=\"footable_parent_793\"\n         class=\"footable_parent ninja_table_wrapper loading_ninja_table wp_table_data_press_parent semantic_ui\">\n                <table data-ninja_table_instance=\"ninja_table_instance_0\" data-footable_id=\"793\" data-filter-delay=\"1000\" aria-label=\"ATV08.csv\"            id=\"footable_793\"\n           data-unique_identifier=\"ninja_table_unique_id_2287420279_793\"\n           class=\"foo-table ninja_footable foo_table_793 ninja_table_unique_id_2287420279_793 ui table  nt_type_legacy_table selectable striped vertical_centered  footable-paging-right ninja_table_pro\">\n                <colgroup>\n                            <col class=\"ninja_column_0\">\n                            <col class=\"ninja_column_1\">\n                    <\/colgroup>\n        <thead>\n<tr class=\"footable-header\">\n                                        <th scope=\"col\"  class=\"ninja_column_0 ninja_clmn_nm_item\">item<\/th><th scope=\"col\"  class=\"ninja_column_1 ninja_clmn_nm_value\">valor<\/th><\/tr>\n<\/thead>\n<tbody>\n\n        <tr data-row_id=\"565\" class=\"ninja_table_row_0 nt_row_id_565\">\n            <td>Lugar de origem<\/td><td>China<\/td>        <\/tr>\n            <tr data-row_id=\"566\" class=\"ninja_table_row_1 nt_row_id_566\">\n            <td><\/td><td>Zhejiang<\/td>        <\/tr>\n            <tr data-row_id=\"567\" class=\"ninja_table_row_2 nt_row_id_567\">\n            <td>Marca<\/td><td>bglbike<\/td>        <\/tr>\n            <tr data-row_id=\"568\" class=\"ninja_table_row_3 nt_row_id_568\">\n            <td>N\u00famero do modelo<\/td><td>ATV08<\/td>        <\/tr>\n            <tr data-row_id=\"569\" class=\"ninja_table_row_4 nt_row_id_569\">\n            <td>Engrenagens<\/td><td>7 velocidade<\/td>        <\/tr>\n            <tr data-row_id=\"570\" class=\"ninja_table_row_5 nt_row_id_570\">\n            <td>Alcance por Pot\u00eancia<\/td><td>31 - 60 km<\/td>        <\/tr>\n            <tr data-row_id=\"571\" class=\"ninja_table_row_6 nt_row_id_571\">\n            <td>Material da Arma\u00e7\u00e3o<\/td><td>Liga de alum\u00ednio<\/td>        <\/tr>\n            <tr data-row_id=\"572\" class=\"ninja_table_row_7 nt_row_id_572\">\n            <td>Tamanho da roda<\/td><td>20\"<\/td>        <\/tr>\n            <tr data-row_id=\"573\" class=\"ninja_table_row_8 nt_row_id_573\">\n            <td>Velocidade m\u00e1xima<\/td><td>&gt;50km\/h<\/td>        <\/tr>\n            <tr data-row_id=\"574\" class=\"ninja_table_row_9 nt_row_id_574\">\n            <td>Tens\u00e3o<\/td><td>48V<\/td>        <\/tr>\n            <tr data-row_id=\"575\" class=\"ninja_table_row_10 nt_row_id_575\">\n            <td>Fonte de energia<\/td><td>bateria de l\u00edtio<\/td>        <\/tr>\n            <tr data-row_id=\"576\" class=\"ninja_table_row_11 nt_row_id_576\">\n            <td>Sistema de travagem<\/td><td>Freio de disco<\/td>        <\/tr>\n            <tr data-row_id=\"577\" class=\"ninja_table_row_12 nt_row_id_577\">\n            <td>Torque<\/td><td>50-60 Nm<\/td>        <\/tr>\n            <tr data-row_id=\"578\" class=\"ninja_table_row_13 nt_row_id_578\">\n            <td>O tempo de carga<\/td><td>4-6 horas<\/td>        <\/tr>\n            <tr data-row_id=\"579\" class=\"ninja_table_row_14 nt_row_id_579\">\n            <td>Posi\u00e7\u00e3o do motor<\/td><td>Motor do cubo traseiro<\/td>        <\/tr>\n            <tr data-row_id=\"580\" class=\"ninja_table_row_15 nt_row_id_580\">\n            <td>Posi\u00e7\u00e3o da bateria<\/td><td>Bateria Integrada<\/td>        <\/tr>\n            <tr data-row_id=\"581\" class=\"ninja_table_row_16 nt_row_id_581\">\n            <td>Capacidade de carga<\/td><td>20H<\/td>        <\/tr>\n            <tr data-row_id=\"582\" class=\"ninja_table_row_17 nt_row_id_582\">\n            <td>Nome do Produto<\/td><td>Bicicleta el\u00e9trica<\/td>        <\/tr>\n            <tr data-row_id=\"583\" class=\"ninja_table_row_18 nt_row_id_583\">\n            <td>Bateria<\/td><td>Bateria de L\u00edtio 48V 20Ah<\/td>        <\/tr>\n            <tr data-row_id=\"584\" class=\"ninja_table_row_19 nt_row_id_584\">\n            <td>Pot\u00eancia do motor<\/td><td>250 W\/350 W\/500 W\/750 W\/1000 W<\/td>        <\/tr>\n            <tr data-row_id=\"585\" class=\"ninja_table_row_20 nt_row_id_585\">\n            <td>Pneu<\/td><td>20*4.0 Pneus gordos<\/td>        <\/tr>\n            <tr data-row_id=\"586\" class=\"ninja_table_row_21 nt_row_id_586\">\n            <td>Freio<\/td><td>freio a disco<\/td>        <\/tr>\n            <tr data-row_id=\"587\" class=\"ninja_table_row_22 nt_row_id_587\">\n            <td>Quadro<\/td><td>Liga de Alum\u00ednio<\/td>        <\/tr>\n            <tr data-row_id=\"588\" class=\"ninja_table_row_23 nt_row_id_588\">\n            <td>Mostrar<\/td><td>Tela de LCD<\/td>        <\/tr>\n            <tr data-row_id=\"589\" class=\"ninja_table_row_24 nt_row_id_589\">\n            <td>Controlador<\/td><td>Inteligente sem escova<\/td>        <\/tr>\n            <tr data-row_id=\"590\" class=\"ninja_table_row_25 nt_row_id_590\">\n            <td>garfo dianteiro<\/td><td>Suspens\u00e3o Garfo dianteiro<\/td>        <\/tr>\n            <tr data-row_id=\"591\" class=\"ninja_table_row_26 nt_row_id_591\">\n            <td>Velocidade m\u00e1xima<\/td><td>55km\/h<\/td>        <\/tr>\n    <\/tbody><!--ninja_tobody_rendering_done-->\n    <\/table>\n    \n    \n    \n<\/div>\n\n<h3>capacidade de fornecimento<\/h3>\n<p>20000 pe\u00e7as\/pe\u00e7as por m\u00eas<\/p>\n<h3>Embalagem e entrega<\/h3>\n<p>Detalhes da embalagem: espuma com caixas.<br \/>\nPorto: Ning Bo ou Xangai<br \/>\nTempo de espera:<div id=\"footable_parent_794\"\n         class=\"footable_parent ninja_table_wrapper loading_ninja_table wp_table_data_press_parent semantic_ui\">\n                <table data-ninja_table_instance=\"ninja_table_instance_1\" data-footable_id=\"794\" data-filter-delay=\"1000\" aria-label=\"EBB.csv\"            id=\"footable_794\"\n           data-unique_identifier=\"ninja_table_unique_id_1379299024_794\"\n           class=\"foo-table ninja_footable foo_table_794 ninja_table_unique_id_1379299024_794 ui table  nt_type_legacy_table selectable striped vertical_centered  footable-paging-right ninja_table_pro\">\n                <colgroup>\n                            <col class=\"ninja_column_0\">\n                            <col class=\"ninja_column_1\">\n                            <col class=\"ninja_column_2\">\n                            <col class=\"ninja_column_3\">\n                    <\/colgroup>\n        <thead>\n<tr class=\"footable-header\">\n                                                                        <th scope=\"col\"  class=\"ninja_column_0 ninja_clmn_nm_quantitypieces\">Quantidade (pe\u00e7as)<\/th><th scope=\"col\"  class=\"ninja_column_1 ninja_clmn_nm_11\">1-1<\/th><th scope=\"col\"  class=\"ninja_column_2 ninja_clmn_nm_22\">2-20<\/th><th scope=\"col\"  class=\"ninja_column_3 ninja_clmn_nm_2\">&gt;20<\/th><\/tr>\n<\/thead>\n<tbody>\n\n        <tr data-row_id=\"592\" class=\"ninja_table_row_0 nt_row_id_592\">\n            <td>Prazo de entrega (dias)<\/td><td>7<\/td><td>15<\/td><td>A ser negociado<\/td>        <\/tr>\n    <\/tbody><!--ninja_tobody_rendering_done-->\n    <\/table>\n    \n    \n    \n<\/div>\n<\/p>\n<h3>Detalhe da imagem<\/h3>\n<p><img fetchpriority=\"high\" decoding=\"async\" class=\"size-full wp-image-3573\" src=\"https:\/\/bglbike.com\/wp-content\/uploads\/2023\/04\/EBB04-6.png\" alt=\"Detalhes Imagens\" width=\"625\" height=\"600\" srcset=\"https:\/\/bglbike.com\/wp-content\/uploads\/2023\/04\/EBB04-6.png 625w, https:\/\/bglbike.com\/wp-content\/uploads\/2023\/04\/EBB04-6-300x288.png 300w, https:\/\/bglbike.com\/wp-content\/uploads\/2023\/04\/EBB04-6-13x12.png 13w, https:\/\/bglbike.com\/wp-content\/uploads\/2023\/04\/EBB04-6-208x200.png 208w, https:\/\/bglbike.com\/wp-content\/uploads\/2023\/04\/EBB04-6-600x576.png 600w\" sizes=\"(max-width: 625px) 100vw, 625px\" \/><\/p>\n<h3>Fat Bike el\u00e9trica ATV08: Quadro em liga de alum\u00ednio de 7 velocidades, bateria de l\u00edtio de 48 V, &gt; 50 km\/h Perguntas frequentes sobre velocidade m\u00e1xima<\/h3>\n<p>&nbsp;<\/p>\n<p><strong>1. Qual \u00e9 a diferen\u00e7a entre uma Fat Bike e uma Fat Bike el\u00e9trica?<\/strong><br \/>\nUma Fat Bike \u00e9 um tipo de bicicleta que normalmente tem pneus maiores do que uma bicicleta tradicional e \u00e9 projetada para uso off-road. Uma Fat Bike el\u00e9trica, tamb\u00e9m conhecida como ATV08, adiciona um motor movido a bateria \u00e0 mistura, o que permite ao ciclista percorrer dist\u00e2ncias maiores com menos esfor\u00e7o e maior velocidade.<\/p>\n<p><strong>2. Quanto custa uma Fat Bike el\u00e9trica ATV08: quadro de liga de alum\u00ednio de 7 velocidades, bateria de l\u00edtio de 48V, velocidade m\u00e1xima &gt; 50 km\/h?<\/strong><br \/>\nO custo de uma Fat Bike el\u00e9trica ATV08: quadro em liga de alum\u00ednio de 7 velocidades, bateria de l\u00edtio de 48V, velocidade m\u00e1xima &gt;50km\/h depender\u00e1 de v\u00e1rios fatores, como a qualidade dos componentes utilizados e o modelo selecionado.<\/p>\n<p><strong>3. Quais s\u00e3o algumas das vantagens de possuir uma Fat Bike el\u00e9trica?<\/strong><br \/>\nA principal vantagem de possuir uma Fat Bike el\u00e9trica \u00e9 sua capacidade de navegar em diferentes tipos de terreno com facilidade devido aos seus pneus grandes e motor potente. Al\u00e9m disso, em compara\u00e7\u00e3o com as bicicletas tradicionais, as Fat Bikes el\u00e9tricas exigem menos esfor\u00e7o dos ciclistas para percorrer longas dist\u00e2ncias, pois possuem motores el\u00e9tricos que fornecem assist\u00eancia quando necess\u00e1rio.<\/p>\n<p><strong>4. H\u00e1 alguma preocupa\u00e7\u00e3o de seguran\u00e7a ao andar de Fat Bike el\u00e9trica?<\/strong><br \/>\nComo acontece com qualquer ve\u00edculo, \u00e9 importante tomar certas precau\u00e7\u00f5es de seguran\u00e7a ao andar de bicicleta el\u00e9trica, como usar equipamento de prote\u00e7\u00e3o, incluindo um capacete, e estar atento a outros ve\u00edculos na estrada ou trilha durante a condu\u00e7\u00e3o. Tamb\u00e9m \u00e9 importante respeitar os limites de velocidade em vigor para se manter seguro ao andar de bicicleta.<\/p>\n<p><strong>5. A ATV08 oferece alguma garantia ou garantia para seus produtos?<\/strong><br \/>\nSim, a ATV08 oferece uma garantia limitada de um ano para todos os produtos, que cobre defeitos do fabricante ou danos causados por instala\u00e7\u00e3o ou uso inadequado de seus produtos.<\/p>","protected":false},"excerpt":{"rendered":"<p>Prepare-se para experimentar a emo\u00e7\u00e3o de andar com o The <strong>Fat Bike el\u00e9trica ATV08: estrutura em liga de alum\u00ednio de 7 velocidades, bateria de l\u00edtio de 48 V, velocidade m\u00e1xima &gt; 50 km\/h<\/strong>! Esta incr\u00edvel bicicleta el\u00e9trica apresenta uma combina\u00e7\u00e3o ideal de pot\u00eancia e conveni\u00eancia. Seu quadro leve e motor potente facilitam a condu\u00e7\u00e3o r\u00e1pida, enquanto suas luzes LED integradas garantem visibilidade superior em condi\u00e7\u00f5es de pouca luz ou molhadas. Al\u00e9m disso, os freios a disco oferecem excelente capacidade de parada em todos os estados. Al\u00e9m disso, seu design dobr\u00e1vel facilita o armazenamento quando n\u00e3o est\u00e1 em uso, mantendo muito espa\u00e7o para explora\u00e7\u00e3o. Leve sua experi\u00eancia de pilotagem para o pr\u00f3ximo n\u00edvel com o ATV08!<\/p>","protected":false},"featured_media":3908,"template":"","meta":{"site-sidebar-layout":"default","site-content-layout":"default","ast-site-content-layout":"default","site-content-style":"default","site-sidebar-style":"default","ast-global-header-display":"","ast-banner-title-visibility":"","ast-main-header-display":"","ast-hfb-above-header-display":"","ast-hfb-below-header-display":"","ast-hfb-mobile-header-display":"","site-post-title":"","ast-breadcrumbs-content":"","ast-featured-img":"","footer-sml-layout":"","ast-disable-related-posts":"","theme-transparent-header-meta":"default","adv-header-id-meta":"","stick-header-meta":"default","header-above-stick-meta":"","header-main-stick-meta":"","header-below-stick-meta":"","astra-migrate-meta-layouts":"default","ast-page-background-enabled":"default","ast-page-background-meta":{"desktop":{"background-color":"var(--ast-global-color-4)","background-image":"","background-repeat":"repeat","background-position":"center center","background-size":"auto","background-attachment":"scroll","background-type":"","background-media":"","overlay-type":"","overlay-color":"","overlay-opacity":"","overlay-gradient":""},"tablet":{"background-color":"","background-image":"","background-repeat":"repeat","background-position":"center center","background-size":"auto","background-attachment":"scroll","background-type":"","background-media":"","overlay-type":"","overlay-color":"","overlay-opacity":"","overlay-gradient":""},"mobile":{"background-color":"","background-image":"","background-repeat":"repeat","background-position":"center center","background-size":"auto","background-attachment":"scroll","background-type":"","background-media":"","overlay-type":"","overlay-color":"","overlay-opacity":"","overlay-gradient":""}},"ast-content-background-meta":{"desktop":{"background-color":"var(--ast-global-color-5)","background-image":"","background-repeat":"repeat","background-position":"center center","background-size":"auto","background-attachment":"scroll","background-type":"","background-media":"","overlay-type":"","overlay-color":"","overlay-opacity":"","overlay-gradient":""},"tablet":{"background-color":"var(--ast-global-color-5)","background-image":"","background-repeat":"repeat","background-position":"center center","background-size":"auto","background-attachment":"scroll","background-type":"","background-media":"","overlay-type":"","overlay-color":"","overlay-opacity":"","overlay-gradient":""},"mobile":{"background-color":"var(--ast-global-color-5)","background-image":"","background-repeat":"repeat","background-position":"center center","background-size":"auto","background-attachment":"scroll","background-type":"","background-media":"","overlay-type":"","overlay-color":"","overlay-opacity":"","overlay-gradient":""}}},"product_brand":[],"product_cat":[23],"product_tag":[],"class_list":{"0":"post-790","1":"product","2":"type-product","3":"status-publish","4":"has-post-thumbnail","6":"product_cat-electric-fat-bike","7":"desktop-align-left","8":"tablet-align-left","9":"mobile-align-left","10":"ast-product-gallery-layout-horizontal-slider","11":"ast-product-gallery-with-no-image","12":"ast-product-single-variable","13":"ast-product-tabs-layout-horizontal","15":"first","16":"instock","17":"shipping-taxable","18":"purchasable","19":"product-type-variable"},"yoast_head":"<!-- This site is optimized with the Yoast SEO Premium plugin v20.9 (Yoast SEO v27.4) - https:\/\/yoast.com\/product\/yoast-seo-premium-wordpress\/ -->\n<title>ATV08 Electric Fat Bike: 7-Speed Aluminum Alloy Frame, 48V Lithium Battery, &gt;50km\/h Max Speed - Bglbike<\/title>\n<meta name=\"description\" content=\"This ATV08 Electric Fat Bike: 7-Speed Aluminum Alloy Frame, 48V Lithium Battery, &gt;50km\/h Max Speed is the highest-quality electric fat bike on the market, and it comes from a trusted manufacturer. It features a powerful motor, large tires, and an extended battery life.\" \/>\n<meta name=\"robots\" content=\"index, follow, max-snippet:-1, max-image-preview:large, max-video-preview:-1\" \/>\n<link rel=\"canonical\" href=\"https:\/\/bglbike.com\/pt\/produto\/atv08\/\" \/>\n<meta property=\"og:locale\" content=\"pt_PT\" \/>\n<meta property=\"og:type\" content=\"article\" \/>\n<meta property=\"og:title\" content=\"ATV08 Electric Fat Bike: 7-Speed Aluminum Alloy Frame, 48V Lithium Battery, &gt;50km\/h Max Speed\" \/>\n<meta property=\"og:description\" content=\"This ATV08 Electric Fat Bike: 7-Speed Aluminum Alloy Frame, 48V Lithium Battery, &gt;50km\/h Max Speed is the highest-quality electric fat bike on the market, and it comes from a trusted manufacturer. It features a powerful motor, large tires, and an extended battery life.\" \/>\n<meta property=\"og:url\" content=\"https:\/\/bglbike.com\/pt\/produto\/atv08\/\" \/>\n<meta property=\"og:site_name\" content=\"Bglbike\" \/>\n<meta property=\"article:modified_time\" content=\"2023-05-31T02:39:20+00:00\" \/>\n<meta property=\"og:image\" content=\"https:\/\/bglbike.com\/wp-content\/uploads\/2023\/04\/1-92.png\" \/>\n\t<meta property=\"og:image:width\" content=\"600\" \/>\n\t<meta property=\"og:image:height\" content=\"600\" \/>\n\t<meta property=\"og:image:type\" content=\"image\/png\" \/>\n<meta name=\"twitter:card\" content=\"summary_large_image\" \/>\n<meta name=\"twitter:label1\" content=\"Tempo estimado de leitura\" \/>\n\t<meta name=\"twitter:data1\" content=\"2 minutos\" \/>\n<script type=\"application\/ld+json\" class=\"yoast-schema-graph\">{\"@context\":\"https:\\\/\\\/schema.org\",\"@graph\":[{\"@type\":\"WebPage\",\"@id\":\"https:\\\/\\\/bglbike.com\\\/product\\\/atv08\\\/\",\"url\":\"https:\\\/\\\/bglbike.com\\\/product\\\/atv08\\\/\",\"name\":\"ATV08 Electric Fat Bike: 7-Speed Aluminum Alloy Frame, 48V Lithium Battery, >50km\\\/h Max Speed - Bglbike\",\"isPartOf\":{\"@id\":\"https:\\\/\\\/bglbike.com\\\/#website\"},\"primaryImageOfPage\":{\"@id\":\"https:\\\/\\\/bglbike.com\\\/product\\\/atv08\\\/#primaryimage\"},\"image\":{\"@id\":\"https:\\\/\\\/bglbike.com\\\/product\\\/atv08\\\/#primaryimage\"},\"thumbnailUrl\":\"https:\\\/\\\/bglbike.com\\\/wp-content\\\/uploads\\\/2023\\\/04\\\/1-92.png\",\"datePublished\":\"2023-04-01T16:42:18+00:00\",\"dateModified\":\"2023-05-31T02:39:20+00:00\",\"description\":\"This ATV08 Electric Fat Bike: 7-Speed Aluminum Alloy Frame, 48V Lithium Battery, >50km\\\/h Max Speed is the highest-quality electric fat bike on the market, and it comes from a trusted manufacturer. It features a powerful motor, large tires, and an extended battery life.\",\"breadcrumb\":{\"@id\":\"https:\\\/\\\/bglbike.com\\\/product\\\/atv08\\\/#breadcrumb\"},\"inLanguage\":\"pt-PT\",\"potentialAction\":[{\"@type\":\"ReadAction\",\"target\":[\"https:\\\/\\\/bglbike.com\\\/product\\\/atv08\\\/\"]}]},{\"@type\":\"ImageObject\",\"inLanguage\":\"pt-PT\",\"@id\":\"https:\\\/\\\/bglbike.com\\\/product\\\/atv08\\\/#primaryimage\",\"url\":\"https:\\\/\\\/bglbike.com\\\/wp-content\\\/uploads\\\/2023\\\/04\\\/1-92.png\",\"contentUrl\":\"https:\\\/\\\/bglbike.com\\\/wp-content\\\/uploads\\\/2023\\\/04\\\/1-92.png\",\"width\":600,\"height\":600,\"caption\":\"ATV08\"},{\"@type\":\"BreadcrumbList\",\"@id\":\"https:\\\/\\\/bglbike.com\\\/product\\\/atv08\\\/#breadcrumb\",\"itemListElement\":[{\"@type\":\"ListItem\",\"position\":1,\"name\":\"Home\",\"item\":\"https:\\\/\\\/bglbike.com\\\/\"},{\"@type\":\"ListItem\",\"position\":2,\"name\":\"Wholesale Electric Bike\",\"item\":\"https:\\\/\\\/bglbike.com\\\/wholesale-electric-bike\\\/\"},{\"@type\":\"ListItem\",\"position\":3,\"name\":\"ATV08 Electric Fat Bike: 7-Speed Aluminum Alloy Frame, 48V Lithium Battery, >50km\\\/h Max Speed\"}]},{\"@type\":\"WebSite\",\"@id\":\"https:\\\/\\\/bglbike.com\\\/#website\",\"url\":\"https:\\\/\\\/bglbike.com\\\/\",\"name\":\"Bglbike\",\"description\":\"Top  Ebike manufacturer in China\",\"publisher\":{\"@id\":\"https:\\\/\\\/bglbike.com\\\/#organization\"},\"potentialAction\":[{\"@type\":\"SearchAction\",\"target\":{\"@type\":\"EntryPoint\",\"urlTemplate\":\"https:\\\/\\\/bglbike.com\\\/?s={search_term_string}\"},\"query-input\":{\"@type\":\"PropertyValueSpecification\",\"valueRequired\":true,\"valueName\":\"search_term_string\"}}],\"inLanguage\":\"pt-PT\"},{\"@type\":\"Organization\",\"@id\":\"https:\\\/\\\/bglbike.com\\\/#organization\",\"name\":\"Bglbike\",\"url\":\"https:\\\/\\\/bglbike.com\\\/\",\"logo\":{\"@type\":\"ImageObject\",\"inLanguage\":\"pt-PT\",\"@id\":\"https:\\\/\\\/bglbike.com\\\/#\\\/schema\\\/logo\\\/image\\\/\",\"url\":\"https:\\\/\\\/bglbike.com\\\/wp-content\\\/uploads\\\/2023\\\/04\\\/cropped-LOGO.png\",\"contentUrl\":\"https:\\\/\\\/bglbike.com\\\/wp-content\\\/uploads\\\/2023\\\/04\\\/cropped-LOGO.png\",\"width\":426,\"height\":141,\"caption\":\"Bglbike\"},\"image\":{\"@id\":\"https:\\\/\\\/bglbike.com\\\/#\\\/schema\\\/logo\\\/image\\\/\"}}]}<\/script>\n<!-- \/ Yoast SEO Premium plugin. -->","yoast_head_json":{"title":"ATV08 Electric Fat Bike: 7-Speed Aluminum Alloy Frame, 48V Lithium Battery, >50km\/h Max Speed - Bglbike","description":"This ATV08 Electric Fat Bike: 7-Speed Aluminum Alloy Frame, 48V Lithium Battery, >50km\/h Max Speed is the highest-quality electric fat bike on the market, and it comes from a trusted manufacturer. It features a powerful motor, large tires, and an extended battery life.","robots":{"index":"index","follow":"follow","max-snippet":"max-snippet:-1","max-image-preview":"max-image-preview:large","max-video-preview":"max-video-preview:-1"},"canonical":"https:\/\/bglbike.com\/pt\/produto\/atv08\/","og_locale":"pt_PT","og_type":"article","og_title":"ATV08 Electric Fat Bike: 7-Speed Aluminum Alloy Frame, 48V Lithium Battery, >50km\/h Max Speed","og_description":"This ATV08 Electric Fat Bike: 7-Speed Aluminum Alloy Frame, 48V Lithium Battery, >50km\/h Max Speed is the highest-quality electric fat bike on the market, and it comes from a trusted manufacturer. It features a powerful motor, large tires, and an extended battery life.","og_url":"https:\/\/bglbike.com\/pt\/produto\/atv08\/","og_site_name":"Bglbike","article_modified_time":"2023-05-31T02:39:20+00:00","og_image":[{"width":600,"height":600,"url":"https:\/\/bglbike.com\/wp-content\/uploads\/2023\/04\/1-92.png","type":"image\/png"}],"twitter_card":"summary_large_image","twitter_misc":{"Tempo estimado de leitura":"2 minutos"},"schema":{"@context":"https:\/\/schema.org","@graph":[{"@type":"WebPage","@id":"https:\/\/bglbike.com\/product\/atv08\/","url":"https:\/\/bglbike.com\/product\/atv08\/","name":"ATV08 Electric Fat Bike: 7-Speed Aluminum Alloy Frame, 48V Lithium Battery, >50km\/h Max Speed - Bglbike","isPartOf":{"@id":"https:\/\/bglbike.com\/#website"},"primaryImageOfPage":{"@id":"https:\/\/bglbike.com\/product\/atv08\/#primaryimage"},"image":{"@id":"https:\/\/bglbike.com\/product\/atv08\/#primaryimage"},"thumbnailUrl":"https:\/\/bglbike.com\/wp-content\/uploads\/2023\/04\/1-92.png","datePublished":"2023-04-01T16:42:18+00:00","dateModified":"2023-05-31T02:39:20+00:00","description":"This ATV08 Electric Fat Bike: 7-Speed Aluminum Alloy Frame, 48V Lithium Battery, >50km\/h Max Speed is the highest-quality electric fat bike on the market, and it comes from a trusted manufacturer. It features a powerful motor, large tires, and an extended battery life.","breadcrumb":{"@id":"https:\/\/bglbike.com\/product\/atv08\/#breadcrumb"},"inLanguage":"pt-PT","potentialAction":[{"@type":"ReadAction","target":["https:\/\/bglbike.com\/product\/atv08\/"]}]},{"@type":"ImageObject","inLanguage":"pt-PT","@id":"https:\/\/bglbike.com\/product\/atv08\/#primaryimage","url":"https:\/\/bglbike.com\/wp-content\/uploads\/2023\/04\/1-92.png","contentUrl":"https:\/\/bglbike.com\/wp-content\/uploads\/2023\/04\/1-92.png","width":600,"height":600,"caption":"ATV08"},{"@type":"BreadcrumbList","@id":"https:\/\/bglbike.com\/product\/atv08\/#breadcrumb","itemListElement":[{"@type":"ListItem","position":1,"name":"Home","item":"https:\/\/bglbike.com\/"},{"@type":"ListItem","position":2,"name":"Wholesale Electric Bike","item":"https:\/\/bglbike.com\/wholesale-electric-bike\/"},{"@type":"ListItem","position":3,"name":"ATV08 Electric Fat Bike: 7-Speed Aluminum Alloy Frame, 48V Lithium Battery, >50km\/h Max Speed"}]},{"@type":"WebSite","@id":"https:\/\/bglbike.com\/#website","url":"https:\/\/bglbike.com\/","name":"Bglbike","description":"Top  Ebike manufacturer in China","publisher":{"@id":"https:\/\/bglbike.com\/#organization"},"potentialAction":[{"@type":"SearchAction","target":{"@type":"EntryPoint","urlTemplate":"https:\/\/bglbike.com\/?s={search_term_string}"},"query-input":{"@type":"PropertyValueSpecification","valueRequired":true,"valueName":"search_term_string"}}],"inLanguage":"pt-PT"},{"@type":"Organization","@id":"https:\/\/bglbike.com\/#organization","name":"Bglbike","url":"https:\/\/bglbike.com\/","logo":{"@type":"ImageObject","inLanguage":"pt-PT","@id":"https:\/\/bglbike.com\/#\/schema\/logo\/image\/","url":"https:\/\/bglbike.com\/wp-content\/uploads\/2023\/04\/cropped-LOGO.png","contentUrl":"https:\/\/bglbike.com\/wp-content\/uploads\/2023\/04\/cropped-LOGO.png","width":426,"height":141,"caption":"Bglbike"},"image":{"@id":"https:\/\/bglbike.com\/#\/schema\/logo\/image\/"}}]}},"_links":{"self":[{"href":"https:\/\/bglbike.com\/pt\/wp-json\/wp\/v2\/product\/790","targetHints":{"allow":["GET"]}}],"collection":[{"href":"https:\/\/bglbike.com\/pt\/wp-json\/wp\/v2\/product"}],"about":[{"href":"https:\/\/bglbike.com\/pt\/wp-json\/wp\/v2\/types\/product"}],"wp:featuredmedia":[{"embeddable":true,"href":"https:\/\/bglbike.com\/pt\/wp-json\/wp\/v2\/media\/3908"}],"wp:attachment":[{"href":"https:\/\/bglbike.com\/pt\/wp-json\/wp\/v2\/media?parent=790"}],"wp:term":[{"taxonomy":"product_brand","embeddable":true,"href":"https:\/\/bglbike.com\/pt\/wp-json\/wp\/v2\/product_brand?post=790"},{"taxonomy":"product_cat","embeddable":true,"href":"https:\/\/bglbike.com\/pt\/wp-json\/wp\/v2\/product_cat?post=790"},{"taxonomy":"product_tag","embeddable":true,"href":"https:\/\/bglbike.com\/pt\/wp-json\/wp\/v2\/product_tag?post=790"}],"curies":[{"name":"wp","href":"https:\/\/api.w.org\/{rel}","templated":true}]}}