{"id":744,"date":"2023-03-31T07:10:52","date_gmt":"2023-03-31T07:10:52","guid":{"rendered":"https:\/\/bglbike.com\/?post_type=product&#038;p=744"},"modified":"2023-05-31T02:44:51","modified_gmt":"2023-05-31T02:44:51","slug":"atv04","status":"publish","type":"product","link":"https:\/\/bglbike.com\/pt\/produto\/atv04\/","title":{"rendered":"Fat Bike el\u00e9trica ATV04 \u2013 7 velocidades, 60 km de alcance, quadro em liga de alum\u00ednio"},"content":{"rendered":"<h3>Especifica\u00e7\u00e3o<\/h3>\n<div id=\"footable_parent_747\"\n         class=\"footable_parent ninja_table_wrapper loading_ninja_table wp_table_data_press_parent semantic_ui\">\n                <table data-ninja_table_instance=\"ninja_table_instance_0\" data-footable_id=\"747\" data-filter-delay=\"1000\" aria-label=\"ATV04.csv\"            id=\"footable_747\"\n           data-unique_identifier=\"ninja_table_unique_id_1706451410_747\"\n           class=\"foo-table ninja_footable foo_table_747 ninja_table_unique_id_1706451410_747 ui table  nt_type_legacy_table selectable striped vertical_centered  footable-paging-right ninja_table_pro\">\n                <colgroup>\n                            <col class=\"ninja_column_0\">\n                            <col class=\"ninja_column_1\">\n                    <\/colgroup>\n        <thead>\n<tr class=\"footable-header\">\n                                        <th scope=\"col\"  class=\"ninja_column_0 ninja_clmn_nm_item\">item<\/th><th scope=\"col\"  class=\"ninja_column_1 ninja_clmn_nm_value\">valor<\/th><\/tr>\n<\/thead>\n<tbody>\n\n        <tr data-row_id=\"451\" class=\"ninja_table_row_0 nt_row_id_451\">\n            <td>Lugar de origem<\/td><td>China<\/td>        <\/tr>\n            <tr data-row_id=\"452\" class=\"ninja_table_row_1 nt_row_id_452\">\n            <td><\/td><td>Zhejiang<\/td>        <\/tr>\n            <tr data-row_id=\"453\" class=\"ninja_table_row_2 nt_row_id_453\">\n            <td>Marca<\/td><td>bglbike<\/td>        <\/tr>\n            <tr data-row_id=\"454\" class=\"ninja_table_row_3 nt_row_id_454\">\n            <td>N\u00famero do modelo<\/td><td>ATV04<\/td>        <\/tr>\n            <tr data-row_id=\"455\" class=\"ninja_table_row_4 nt_row_id_455\">\n            <td>Engrenagens<\/td><td>7 velocidade<\/td>        <\/tr>\n            <tr data-row_id=\"456\" class=\"ninja_table_row_5 nt_row_id_456\">\n            <td>Alcance por Pot\u00eancia<\/td><td>31 - 60 km<\/td>        <\/tr>\n            <tr data-row_id=\"457\" class=\"ninja_table_row_6 nt_row_id_457\">\n            <td>Material da Arma\u00e7\u00e3o<\/td><td>Liga de alum\u00ednio<\/td>        <\/tr>\n            <tr data-row_id=\"458\" class=\"ninja_table_row_7 nt_row_id_458\">\n            <td>Tamanho da roda<\/td><td>26\"<\/td>        <\/tr>\n            <tr data-row_id=\"459\" class=\"ninja_table_row_8 nt_row_id_459\">\n            <td>Velocidade m\u00e1xima<\/td><td>&gt;50km\/h<\/td>        <\/tr>\n            <tr data-row_id=\"460\" class=\"ninja_table_row_9 nt_row_id_460\">\n            <td>Tens\u00e3o<\/td><td>48V<\/td>        <\/tr>\n            <tr data-row_id=\"461\" class=\"ninja_table_row_10 nt_row_id_461\">\n            <td>Fonte de energia<\/td><td>bateria de l\u00edtio<\/td>        <\/tr>\n            <tr data-row_id=\"462\" class=\"ninja_table_row_11 nt_row_id_462\">\n            <td>Sistema de travagem<\/td><td>Freio de disco<\/td>        <\/tr>\n            <tr data-row_id=\"463\" class=\"ninja_table_row_12 nt_row_id_463\">\n            <td>Torque<\/td><td>50-60 Nm<\/td>        <\/tr>\n            <tr data-row_id=\"464\" class=\"ninja_table_row_13 nt_row_id_464\">\n            <td>O tempo de carga<\/td><td>4-6 horas<\/td>        <\/tr>\n            <tr data-row_id=\"465\" class=\"ninja_table_row_14 nt_row_id_465\">\n            <td>Posi\u00e7\u00e3o do motor<\/td><td>Motor do cubo traseiro<\/td>        <\/tr>\n            <tr data-row_id=\"466\" class=\"ninja_table_row_15 nt_row_id_466\">\n            <td>Posi\u00e7\u00e3o da bateria<\/td><td>Bateria Integrada<\/td>        <\/tr>\n            <tr data-row_id=\"467\" class=\"ninja_table_row_16 nt_row_id_467\">\n            <td>Capacidade de carga<\/td><td>13h<\/td>        <\/tr>\n            <tr data-row_id=\"468\" class=\"ninja_table_row_17 nt_row_id_468\">\n            <td>Nome do Produto<\/td><td>Bicicleta el\u00e9trica<\/td>        <\/tr>\n            <tr data-row_id=\"469\" class=\"ninja_table_row_18 nt_row_id_469\">\n            <td>Bateria<\/td><td>Bateria de L\u00edtio 48V 13Ah<\/td>        <\/tr>\n            <tr data-row_id=\"470\" class=\"ninja_table_row_19 nt_row_id_470\">\n            <td>Pot\u00eancia do motor<\/td><td>500W<\/td>        <\/tr>\n            <tr data-row_id=\"471\" class=\"ninja_table_row_20 nt_row_id_471\">\n            <td>Pneu<\/td><td>Pneus Gordos 26*4.0<\/td>        <\/tr>\n            <tr data-row_id=\"472\" class=\"ninja_table_row_21 nt_row_id_472\">\n            <td>Freio<\/td><td>freio a disco<\/td>        <\/tr>\n            <tr data-row_id=\"473\" class=\"ninja_table_row_22 nt_row_id_473\">\n            <td>Quadro<\/td><td>Liga de Alum\u00ednio<\/td>        <\/tr>\n            <tr data-row_id=\"474\" class=\"ninja_table_row_23 nt_row_id_474\">\n            <td>Mostrar<\/td><td>Tela de LCD<\/td>        <\/tr>\n            <tr data-row_id=\"475\" class=\"ninja_table_row_24 nt_row_id_475\">\n            <td>Controlador<\/td><td>Inteligente sem escova<\/td>        <\/tr>\n            <tr data-row_id=\"476\" class=\"ninja_table_row_25 nt_row_id_476\">\n            <td>garfo dianteiro<\/td><td>Suspens\u00e3o Liga de Alum\u00ednio<\/td>        <\/tr>\n            <tr data-row_id=\"477\" class=\"ninja_table_row_26 nt_row_id_477\">\n            <td>Velocidade m\u00e1xima<\/td><td>55km\/h<\/td>        <\/tr>\n    <\/tbody><!--ninja_tobody_rendering_done-->\n    <\/table>\n    \n    \n    \n<\/div>\n\n<h3>Embalagem e entrega<\/h3>\n<p>Detalhes da embalagem: espuma com caixas.<br \/>\nPorto: Ning Bo ou Xangai<br \/>\nTempo de espera:<div id=\"footable_parent_748\"\n         class=\"footable_parent ninja_table_wrapper loading_ninja_table wp_table_data_press_parent semantic_ui\">\n                <table data-ninja_table_instance=\"ninja_table_instance_1\" data-footable_id=\"748\" data-filter-delay=\"1000\" aria-label=\"EBB.csv\"            id=\"footable_748\"\n           data-unique_identifier=\"ninja_table_unique_id_2400057537_748\"\n           class=\"foo-table ninja_footable foo_table_748 ninja_table_unique_id_2400057537_748 ui table  nt_type_legacy_table selectable striped vertical_centered  footable-paging-right ninja_table_pro\">\n                <colgroup>\n                            <col class=\"ninja_column_0\">\n                            <col class=\"ninja_column_1\">\n                            <col class=\"ninja_column_2\">\n                            <col class=\"ninja_column_3\">\n                    <\/colgroup>\n        <thead>\n<tr class=\"footable-header\">\n                                                                        <th scope=\"col\"  class=\"ninja_column_0 ninja_clmn_nm_quantitypieces\">Quantidade (pe\u00e7as)<\/th><th scope=\"col\"  class=\"ninja_column_1 ninja_clmn_nm_11\">1-1<\/th><th scope=\"col\"  class=\"ninja_column_2 ninja_clmn_nm_22\">2-\u00a020<\/th><th scope=\"col\"  class=\"ninja_column_3 ninja_clmn_nm_2\">&gt;20<\/th><\/tr>\n<\/thead>\n<tbody>\n\n        <tr data-row_id=\"478\" class=\"ninja_table_row_0 nt_row_id_478\">\n            <td>Prazo de entrega (dias)<\/td><td>7<\/td><td>15<\/td><td>A ser negociado<\/td>        <\/tr>\n    <\/tbody><!--ninja_tobody_rendering_done-->\n    <\/table>\n    \n    \n    \n<\/div>\n<\/p>\n<h3>imagem da embalagem<\/h3>\n<p><img fetchpriority=\"high\" decoding=\"async\" class=\"size-full wp-image-3521\" src=\"https:\/\/bglbike.com\/wp-content\/uploads\/2023\/04\/111-4.png\" alt=\"imagem da embalagem\" width=\"600\" height=\"600\" srcset=\"https:\/\/bglbike.com\/wp-content\/uploads\/2023\/04\/111-4.png 600w, https:\/\/bglbike.com\/wp-content\/uploads\/2023\/04\/111-4-300x300.png 300w, https:\/\/bglbike.com\/wp-content\/uploads\/2023\/04\/111-4-150x150.png 150w, https:\/\/bglbike.com\/wp-content\/uploads\/2023\/04\/111-4-12x12.png 12w, https:\/\/bglbike.com\/wp-content\/uploads\/2023\/04\/111-4-200x200.png 200w, https:\/\/bglbike.com\/wp-content\/uploads\/2023\/04\/111-4-100x100.png 100w\" sizes=\"(max-width: 600px) 100vw, 600px\" \/><\/p>\n<h3>capacidade de fornecimento<\/h3>\n<p>20000 pe\u00e7as\/pe\u00e7as por m\u00eas<\/p>\n<h3>perguntas frequentes<\/h3>\n<p><strong>Q1: Quais s\u00e3o os benef\u00edcios das bicicletas el\u00e9tricas ATV04 Fat?<\/strong><br \/>\nAs bicicletas el\u00e9tricas ATV04 Fat oferecem uma s\u00e9rie de benef\u00edcios para os ciclistas, incluindo maior pot\u00eancia e acelera\u00e7\u00e3o, melhor manuseio, peso geral mais leve e pre\u00e7o acess\u00edvel.<\/p>\n<p><strong>Q2: Quanto tempo dura a bateria da Fat Bike El\u00e9trica ATV04?<\/strong><br \/>\nA bateria das Fatbikes el\u00e9tricas ATV04 carrega uma \u00fanica vez, dependendo do terreno e do peso do ciclista. Esse alcance \u00e9 mais do que suficiente para a maioria dos passeios de um dia ou deslocamentos pela cidade. A bateria tamb\u00e9m pode ser facilmente removida para recarregar com uma tomada padr\u00e3o quando necess\u00e1rio.<\/p>\n<p><strong>Q3: Os pneus de bicicleta el\u00e9trica ATV04 s\u00e3o adequados para todos os tipos de terreno?<\/strong><br \/>\nSim, os pneus das fat bikes el\u00e9tricas ATV04 s\u00e3o projetados para proporcionar excelente tra\u00e7\u00e3o em todos os tipos de terreno, incluindo estradas de terra, gramados, trilhas de lama, dunas de areia e at\u00e9 superf\u00edcies cobertas de neve. Eles tamb\u00e9m apresentam boas capacidades de absor\u00e7\u00e3o de choque que ajudam a reduzir a fadiga durante a condu\u00e7\u00e3o em terrenos acidentados.<\/p>\n<p><strong>Q4: A bicicleta el\u00e9trica ATV04 oferece algum recurso de seguran\u00e7a?<\/strong><br \/>\nSim, as fat bikes el\u00e9tricas ATV04 s\u00e3o equipadas com v\u00e1rios recursos de seguran\u00e7a, como sistemas de suspens\u00e3o dianteira e traseira que absorvem choques de solavancos e buracos ao longo de sua rota, bem como freios a disco duplos que permitem uma parada r\u00e1pida quando necess\u00e1rio. Al\u00e9m disso, h\u00e1 um sistema de alarme integrado que alertar\u00e1 os ciclistas se a bicicleta for movida ou adulterada enquanto estiver desacompanhada.<\/p>\n<p><strong>Q5: Quais acess\u00f3rios eu preciso para minha bicicleta el\u00e9trica ATV04?<\/strong><br \/>\nAl\u00e9m do equipamento padr\u00e3o inclu\u00eddo na compra da bicicleta el\u00e9trica ATV04, considere investir em acess\u00f3rios adicionais, como capacetes, luvas e outros equipamentos de prote\u00e7\u00e3o para andar em condi\u00e7\u00f5es mais extremas; luzes e refletores para visibilidade noturna; racks ou cestas que fornecem espa\u00e7o de armazenamento adicional; ou kits assistidos por pedal que oferecem assist\u00eancia adicional durante subidas ou passeios mais longos.<\/p>","protected":false},"excerpt":{"rendered":"<p><strong>Fat Bike el\u00e9trica ATV04 \u2013 7 velocidades, 60 km de alcance, quadro em liga de alum\u00ednio<\/strong> \u00e9 uma excelente op\u00e7\u00e3o para empresas que compram bicicletas el\u00e9tricas Fat a granel. Esta bicicleta foi constru\u00edda para durabilidade e desempenho e tem um pre\u00e7o acess\u00edvel. Sua estrutura leve e motor potente proporcionam aos pilotos pot\u00eancia m\u00e1xima sem sacrificar a efici\u00eancia. Ele tamb\u00e9m possui um motor potente que facilita a travessia em qualquer terreno. Portanto, se voc\u00ea est\u00e1 procurando uma fat bike el\u00e9trica confi\u00e1vel que possa atender \u00e0s demandas do seu neg\u00f3cio, vale a pena considerar a Electric Fat bike-ATV04.<\/p>","protected":false},"featured_media":3886,"template":"","meta":{"site-sidebar-layout":"default","site-content-layout":"default","ast-site-content-layout":"default","site-content-style":"default","site-sidebar-style":"default","ast-global-header-display":"","ast-banner-title-visibility":"","ast-main-header-display":"","ast-hfb-above-header-display":"","ast-hfb-below-header-display":"","ast-hfb-mobile-header-display":"","site-post-title":"","ast-breadcrumbs-content":"","ast-featured-img":"","footer-sml-layout":"","ast-disable-related-posts":"","theme-transparent-header-meta":"default","adv-header-id-meta":"","stick-header-meta":"default","header-above-stick-meta":"","header-main-stick-meta":"","header-below-stick-meta":"","astra-migrate-meta-layouts":"default","ast-page-background-enabled":"default","ast-page-background-meta":{"desktop":{"background-color":"var(--ast-global-color-4)","background-image":"","background-repeat":"repeat","background-position":"center center","background-size":"auto","background-attachment":"scroll","background-type":"","background-media":"","overlay-type":"","overlay-color":"","overlay-opacity":"","overlay-gradient":""},"tablet":{"background-color":"","background-image":"","background-repeat":"repeat","background-position":"center center","background-size":"auto","background-attachment":"scroll","background-type":"","background-media":"","overlay-type":"","overlay-color":"","overlay-opacity":"","overlay-gradient":""},"mobile":{"background-color":"","background-image":"","background-repeat":"repeat","background-position":"center center","background-size":"auto","background-attachment":"scroll","background-type":"","background-media":"","overlay-type":"","overlay-color":"","overlay-opacity":"","overlay-gradient":""}},"ast-content-background-meta":{"desktop":{"background-color":"var(--ast-global-color-5)","background-image":"","background-repeat":"repeat","background-position":"center center","background-size":"auto","background-attachment":"scroll","background-type":"","background-media":"","overlay-type":"","overlay-color":"","overlay-opacity":"","overlay-gradient":""},"tablet":{"background-color":"var(--ast-global-color-5)","background-image":"","background-repeat":"repeat","background-position":"center center","background-size":"auto","background-attachment":"scroll","background-type":"","background-media":"","overlay-type":"","overlay-color":"","overlay-opacity":"","overlay-gradient":""},"mobile":{"background-color":"var(--ast-global-color-5)","background-image":"","background-repeat":"repeat","background-position":"center center","background-size":"auto","background-attachment":"scroll","background-type":"","background-media":"","overlay-type":"","overlay-color":"","overlay-opacity":"","overlay-gradient":""}}},"product_brand":[],"product_cat":[23],"product_tag":[],"class_list":{"0":"post-744","1":"product","2":"type-product","3":"status-publish","4":"has-post-thumbnail","6":"product_cat-electric-fat-bike","7":"desktop-align-left","8":"tablet-align-left","9":"mobile-align-left","10":"ast-product-gallery-layout-horizontal-slider","11":"ast-product-gallery-with-no-image","12":"ast-product-single-variable","13":"ast-product-tabs-layout-horizontal","15":"first","16":"instock","17":"shipping-taxable","18":"purchasable","19":"product-type-variable"},"yoast_head":"<!-- This site is optimized with the Yoast SEO Premium plugin v20.9 (Yoast SEO v27.4) - https:\/\/yoast.com\/product\/yoast-seo-premium-wordpress\/ -->\n<title>ATV04 Electric Fat Bike - 7 Speed, 60 km Range, Aluminum Alloy Frame - Bglbike<\/title>\n<meta name=\"description\" content=\"The ATV04 Electric Fat Bike With its powerful electric motor, long-range battery, and versatile design, this fat bike is perfect for anyone looking for an exciting and sustainable way to experience the great outdoors.\" \/>\n<meta name=\"robots\" content=\"index, follow, max-snippet:-1, max-image-preview:large, max-video-preview:-1\" \/>\n<link rel=\"canonical\" href=\"https:\/\/bglbike.com\/pt\/produto\/atv04\/\" \/>\n<meta property=\"og:locale\" content=\"pt_PT\" \/>\n<meta property=\"og:type\" content=\"article\" \/>\n<meta property=\"og:title\" content=\"ATV04 Electric Fat Bike - 7 Speed, 60 km Range, Aluminum Alloy Frame\" \/>\n<meta property=\"og:description\" content=\"The ATV04 Electric Fat Bike With its powerful electric motor, long-range battery, and versatile design, this fat bike is perfect for anyone looking for an exciting and sustainable way to experience the great outdoors.\" \/>\n<meta property=\"og:url\" content=\"https:\/\/bglbike.com\/pt\/produto\/atv04\/\" \/>\n<meta property=\"og:site_name\" content=\"Bglbike\" \/>\n<meta property=\"article:modified_time\" content=\"2023-05-31T02:44:51+00:00\" \/>\n<meta property=\"og:image\" content=\"https:\/\/bglbike.com\/wp-content\/uploads\/2023\/03\/333-24.png\" \/>\n\t<meta property=\"og:image:width\" content=\"600\" \/>\n\t<meta property=\"og:image:height\" content=\"600\" \/>\n\t<meta property=\"og:image:type\" content=\"image\/png\" \/>\n<meta name=\"twitter:card\" content=\"summary_large_image\" \/>\n<meta name=\"twitter:label1\" content=\"Tempo estimado de leitura\" \/>\n\t<meta name=\"twitter:data1\" content=\"2 minutos\" \/>\n<script type=\"application\/ld+json\" class=\"yoast-schema-graph\">{\"@context\":\"https:\\\/\\\/schema.org\",\"@graph\":[{\"@type\":\"WebPage\",\"@id\":\"https:\\\/\\\/bglbike.com\\\/product\\\/atv04\\\/\",\"url\":\"https:\\\/\\\/bglbike.com\\\/product\\\/atv04\\\/\",\"name\":\"ATV04 Electric Fat Bike - 7 Speed, 60 km Range, Aluminum Alloy Frame - Bglbike\",\"isPartOf\":{\"@id\":\"https:\\\/\\\/bglbike.com\\\/#website\"},\"primaryImageOfPage\":{\"@id\":\"https:\\\/\\\/bglbike.com\\\/product\\\/atv04\\\/#primaryimage\"},\"image\":{\"@id\":\"https:\\\/\\\/bglbike.com\\\/product\\\/atv04\\\/#primaryimage\"},\"thumbnailUrl\":\"https:\\\/\\\/bglbike.com\\\/wp-content\\\/uploads\\\/2023\\\/03\\\/333-24.png\",\"datePublished\":\"2023-03-31T07:10:52+00:00\",\"dateModified\":\"2023-05-31T02:44:51+00:00\",\"description\":\"The ATV04 Electric Fat Bike With its powerful electric motor, long-range battery, and versatile design, this fat bike is perfect for anyone looking for an exciting and sustainable way to experience the great outdoors.\",\"breadcrumb\":{\"@id\":\"https:\\\/\\\/bglbike.com\\\/product\\\/atv04\\\/#breadcrumb\"},\"inLanguage\":\"pt-PT\",\"potentialAction\":[{\"@type\":\"ReadAction\",\"target\":[\"https:\\\/\\\/bglbike.com\\\/product\\\/atv04\\\/\"]}]},{\"@type\":\"ImageObject\",\"inLanguage\":\"pt-PT\",\"@id\":\"https:\\\/\\\/bglbike.com\\\/product\\\/atv04\\\/#primaryimage\",\"url\":\"https:\\\/\\\/bglbike.com\\\/wp-content\\\/uploads\\\/2023\\\/03\\\/333-24.png\",\"contentUrl\":\"https:\\\/\\\/bglbike.com\\\/wp-content\\\/uploads\\\/2023\\\/03\\\/333-24.png\",\"width\":600,\"height\":600,\"caption\":\"ATV04\"},{\"@type\":\"BreadcrumbList\",\"@id\":\"https:\\\/\\\/bglbike.com\\\/product\\\/atv04\\\/#breadcrumb\",\"itemListElement\":[{\"@type\":\"ListItem\",\"position\":1,\"name\":\"Home\",\"item\":\"https:\\\/\\\/bglbike.com\\\/\"},{\"@type\":\"ListItem\",\"position\":2,\"name\":\"Wholesale Electric Bike\",\"item\":\"https:\\\/\\\/bglbike.com\\\/wholesale-electric-bike\\\/\"},{\"@type\":\"ListItem\",\"position\":3,\"name\":\"ATV04 Electric Fat Bike &#8211; 7 Speed, 60 km Range, Aluminum Alloy Frame\"}]},{\"@type\":\"WebSite\",\"@id\":\"https:\\\/\\\/bglbike.com\\\/#website\",\"url\":\"https:\\\/\\\/bglbike.com\\\/\",\"name\":\"Bglbike\",\"description\":\"Top  Ebike manufacturer in China\",\"publisher\":{\"@id\":\"https:\\\/\\\/bglbike.com\\\/#organization\"},\"potentialAction\":[{\"@type\":\"SearchAction\",\"target\":{\"@type\":\"EntryPoint\",\"urlTemplate\":\"https:\\\/\\\/bglbike.com\\\/?s={search_term_string}\"},\"query-input\":{\"@type\":\"PropertyValueSpecification\",\"valueRequired\":true,\"valueName\":\"search_term_string\"}}],\"inLanguage\":\"pt-PT\"},{\"@type\":\"Organization\",\"@id\":\"https:\\\/\\\/bglbike.com\\\/#organization\",\"name\":\"Bglbike\",\"url\":\"https:\\\/\\\/bglbike.com\\\/\",\"logo\":{\"@type\":\"ImageObject\",\"inLanguage\":\"pt-PT\",\"@id\":\"https:\\\/\\\/bglbike.com\\\/#\\\/schema\\\/logo\\\/image\\\/\",\"url\":\"https:\\\/\\\/bglbike.com\\\/wp-content\\\/uploads\\\/2023\\\/04\\\/cropped-LOGO.png\",\"contentUrl\":\"https:\\\/\\\/bglbike.com\\\/wp-content\\\/uploads\\\/2023\\\/04\\\/cropped-LOGO.png\",\"width\":426,\"height\":141,\"caption\":\"Bglbike\"},\"image\":{\"@id\":\"https:\\\/\\\/bglbike.com\\\/#\\\/schema\\\/logo\\\/image\\\/\"}}]}<\/script>\n<!-- \/ Yoast SEO Premium plugin. -->","yoast_head_json":{"title":"ATV04 Electric Fat Bike - 7 Speed, 60 km Range, Aluminum Alloy Frame - Bglbike","description":"The ATV04 Electric Fat Bike With its powerful electric motor, long-range battery, and versatile design, this fat bike is perfect for anyone looking for an exciting and sustainable way to experience the great outdoors.","robots":{"index":"index","follow":"follow","max-snippet":"max-snippet:-1","max-image-preview":"max-image-preview:large","max-video-preview":"max-video-preview:-1"},"canonical":"https:\/\/bglbike.com\/pt\/produto\/atv04\/","og_locale":"pt_PT","og_type":"article","og_title":"ATV04 Electric Fat Bike - 7 Speed, 60 km Range, Aluminum Alloy Frame","og_description":"The ATV04 Electric Fat Bike With its powerful electric motor, long-range battery, and versatile design, this fat bike is perfect for anyone looking for an exciting and sustainable way to experience the great outdoors.","og_url":"https:\/\/bglbike.com\/pt\/produto\/atv04\/","og_site_name":"Bglbike","article_modified_time":"2023-05-31T02:44:51+00:00","og_image":[{"width":600,"height":600,"url":"https:\/\/bglbike.com\/wp-content\/uploads\/2023\/03\/333-24.png","type":"image\/png"}],"twitter_card":"summary_large_image","twitter_misc":{"Tempo estimado de leitura":"2 minutos"},"schema":{"@context":"https:\/\/schema.org","@graph":[{"@type":"WebPage","@id":"https:\/\/bglbike.com\/product\/atv04\/","url":"https:\/\/bglbike.com\/product\/atv04\/","name":"ATV04 Electric Fat Bike - 7 Speed, 60 km Range, Aluminum Alloy Frame - Bglbike","isPartOf":{"@id":"https:\/\/bglbike.com\/#website"},"primaryImageOfPage":{"@id":"https:\/\/bglbike.com\/product\/atv04\/#primaryimage"},"image":{"@id":"https:\/\/bglbike.com\/product\/atv04\/#primaryimage"},"thumbnailUrl":"https:\/\/bglbike.com\/wp-content\/uploads\/2023\/03\/333-24.png","datePublished":"2023-03-31T07:10:52+00:00","dateModified":"2023-05-31T02:44:51+00:00","description":"The ATV04 Electric Fat Bike With its powerful electric motor, long-range battery, and versatile design, this fat bike is perfect for anyone looking for an exciting and sustainable way to experience the great outdoors.","breadcrumb":{"@id":"https:\/\/bglbike.com\/product\/atv04\/#breadcrumb"},"inLanguage":"pt-PT","potentialAction":[{"@type":"ReadAction","target":["https:\/\/bglbike.com\/product\/atv04\/"]}]},{"@type":"ImageObject","inLanguage":"pt-PT","@id":"https:\/\/bglbike.com\/product\/atv04\/#primaryimage","url":"https:\/\/bglbike.com\/wp-content\/uploads\/2023\/03\/333-24.png","contentUrl":"https:\/\/bglbike.com\/wp-content\/uploads\/2023\/03\/333-24.png","width":600,"height":600,"caption":"ATV04"},{"@type":"BreadcrumbList","@id":"https:\/\/bglbike.com\/product\/atv04\/#breadcrumb","itemListElement":[{"@type":"ListItem","position":1,"name":"Home","item":"https:\/\/bglbike.com\/"},{"@type":"ListItem","position":2,"name":"Wholesale Electric Bike","item":"https:\/\/bglbike.com\/wholesale-electric-bike\/"},{"@type":"ListItem","position":3,"name":"ATV04 Electric Fat Bike &#8211; 7 Speed, 60 km Range, Aluminum Alloy Frame"}]},{"@type":"WebSite","@id":"https:\/\/bglbike.com\/#website","url":"https:\/\/bglbike.com\/","name":"Bglbike","description":"Top  Ebike manufacturer in China","publisher":{"@id":"https:\/\/bglbike.com\/#organization"},"potentialAction":[{"@type":"SearchAction","target":{"@type":"EntryPoint","urlTemplate":"https:\/\/bglbike.com\/?s={search_term_string}"},"query-input":{"@type":"PropertyValueSpecification","valueRequired":true,"valueName":"search_term_string"}}],"inLanguage":"pt-PT"},{"@type":"Organization","@id":"https:\/\/bglbike.com\/#organization","name":"Bglbike","url":"https:\/\/bglbike.com\/","logo":{"@type":"ImageObject","inLanguage":"pt-PT","@id":"https:\/\/bglbike.com\/#\/schema\/logo\/image\/","url":"https:\/\/bglbike.com\/wp-content\/uploads\/2023\/04\/cropped-LOGO.png","contentUrl":"https:\/\/bglbike.com\/wp-content\/uploads\/2023\/04\/cropped-LOGO.png","width":426,"height":141,"caption":"Bglbike"},"image":{"@id":"https:\/\/bglbike.com\/#\/schema\/logo\/image\/"}}]}},"_links":{"self":[{"href":"https:\/\/bglbike.com\/pt\/wp-json\/wp\/v2\/product\/744","targetHints":{"allow":["GET"]}}],"collection":[{"href":"https:\/\/bglbike.com\/pt\/wp-json\/wp\/v2\/product"}],"about":[{"href":"https:\/\/bglbike.com\/pt\/wp-json\/wp\/v2\/types\/product"}],"wp:featuredmedia":[{"embeddable":true,"href":"https:\/\/bglbike.com\/pt\/wp-json\/wp\/v2\/media\/3886"}],"wp:attachment":[{"href":"https:\/\/bglbike.com\/pt\/wp-json\/wp\/v2\/media?parent=744"}],"wp:term":[{"taxonomy":"product_brand","embeddable":true,"href":"https:\/\/bglbike.com\/pt\/wp-json\/wp\/v2\/product_brand?post=744"},{"taxonomy":"product_cat","embeddable":true,"href":"https:\/\/bglbike.com\/pt\/wp-json\/wp\/v2\/product_cat?post=744"},{"taxonomy":"product_tag","embeddable":true,"href":"https:\/\/bglbike.com\/pt\/wp-json\/wp\/v2\/product_tag?post=744"}],"curies":[{"name":"wp","href":"https:\/\/api.w.org\/{rel}","templated":true}]}}