{"id":734,"date":"2023-03-31T06:44:49","date_gmt":"2023-03-31T06:44:49","guid":{"rendered":"https:\/\/bglbike.com\/?post_type=product&#038;p=734"},"modified":"2023-05-31T02:45:40","modified_gmt":"2023-05-31T02:45:40","slug":"atv03","status":"publish","type":"product","link":"https:\/\/bglbike.com\/pt\/produto\/atv03\/","title":{"rendered":"Fat Bike el\u00e9trica ATV03 \u2013 Motor potente de 250 W a 750 W, com certifica\u00e7\u00e3o CE"},"content":{"rendered":"<h3>Especifica\u00e7\u00e3o<\/h3>\n<div id=\"footable_parent_737\"\n         class=\"footable_parent ninja_table_wrapper loading_ninja_table wp_table_data_press_parent semantic_ui\">\n                <table data-ninja_table_instance=\"ninja_table_instance_0\" data-footable_id=\"737\" data-filter-delay=\"1000\" aria-label=\"ATV03.csv\"            id=\"footable_737\"\n           data-unique_identifier=\"ninja_table_unique_id_4156134650_737\"\n           class=\"foo-table ninja_footable foo_table_737 ninja_table_unique_id_4156134650_737 ui table  nt_type_legacy_table selectable striped vertical_centered  footable-paging-right ninja_table_pro\">\n                <colgroup>\n                            <col class=\"ninja_column_0\">\n                            <col class=\"ninja_column_1\">\n                            <col class=\"ninja_column_2\">\n                            <col class=\"ninja_column_3\">\n                    <\/colgroup>\n        <thead>\n<tr class=\"footable-header\">\n                                                                        <th scope=\"col\"  class=\"ninja_column_0 ninja_clmn_nm_model\">Modelo<\/th><th scope=\"col\"  class=\"ninja_column_1 ninja_clmn_nm_atv3\">ATV03<\/th><th scope=\"col\"  class=\"ninja_column_2 ninja_clmn_nm_certification\">Certifica\u00e7\u00e3o<\/th><th scope=\"col\"  class=\"ninja_column_3 ninja_clmn_nm_ceen15194ios\">CE,EN15194,IOS<\/th><\/tr>\n<\/thead>\n<tbody>\n\n        <tr data-row_id=\"431\" class=\"ninja_table_row_0 nt_row_id_431\">\n            <td><\/td><td>250 W--750 W (8FUN)<\/td><td>Bateria<\/td><td>36V OU 48V<\/td>        <\/tr>\n            <tr data-row_id=\"432\" class=\"ninja_table_row_1 nt_row_id_432\">\n            <td>Motor<\/td><td>Montado na parte traseira<\/td><td><\/td><td>Samsung l\u00edtio-\u00edon ou<\/td>        <\/tr>\n            <tr data-row_id=\"433\" class=\"ninja_table_row_2 nt_row_id_433\">\n            <td><\/td><td>Cubo Gearless<\/td><td><\/td><td>Panasonic Lithium-ion<\/td>        <\/tr>\n            <tr data-row_id=\"434\" class=\"ninja_table_row_3 nt_row_id_434\">\n            <td>Pneu<\/td><td>Kenda, 26&quot; x 4,0&quot;<\/td><td>garantia<\/td><td>2 anos<\/td>        <\/tr>\n            <tr data-row_id=\"435\" class=\"ninja_table_row_4 nt_row_id_435\">\n            <td>Carregador<\/td><td>2A CE\/UL<\/td><td>Hora de carregar<\/td><td>4-6 horas<\/td>        <\/tr>\n            <tr data-row_id=\"436\" class=\"ninja_table_row_5 nt_row_id_436\">\n            <td><\/td><td>19 milhas (30 km)-37 milhas (60 km)<\/td><td>Controlador<\/td><td>Controlador integrado 36V15A Ou controlador integrado 48V18A<\/td>        <\/tr>\n            <tr data-row_id=\"437\" class=\"ninja_table_row_6 nt_row_id_437\">\n            <td>Faixa estimada<\/td><td><\/td><td><\/td><td><\/td>        <\/tr>\n            <tr data-row_id=\"438\" class=\"ninja_table_row_7 nt_row_id_438\">\n            <td><\/td><td>Assist\u00eancia do pedal com detec\u00e7\u00e3o de cad\u00eancia, acelerador de gatilho (disco com sensor de 6 \u00edm\u00e3s)<\/td><td>Velocidade m\u00e1xima<\/td><td>UE: 15,6 mph (25 km\/h)\/Am\u00e9rica do Norte: 20 mph (32 km\/h)<\/td>        <\/tr>\n            <tr data-row_id=\"439\" class=\"ninja_table_row_8 nt_row_id_439\">\n            <td>Modo de condu\u00e7\u00e3o<\/td><td><\/td><td><\/td><td><\/td>        <\/tr>\n            <tr data-row_id=\"440\" class=\"ninja_table_row_9 nt_row_id_440\">\n            <td>Garfo<\/td><td>R\u00edgida, Liga de Alum\u00ednio<\/td><td>Peso total<\/td><td>57 lbs (26 kg) -- 60 lbs (27 kg)<\/td>        <\/tr>\n            <tr data-row_id=\"441\" class=\"ninja_table_row_10 nt_row_id_441\">\n            <td><\/td><td>Ou suspens\u00e3o b\u00e1sica<\/td><td><\/td><td><\/td>        <\/tr>\n            <tr data-row_id=\"442\" class=\"ninja_table_row_11 nt_row_id_442\">\n            <td>Quadro<\/td><td>26&quot;, 6061 Liga de Alum\u00ednio<\/td><td>Mostrar<\/td><td>Visor LED ou LCD<\/td>        <\/tr>\n            <tr data-row_id=\"443\" class=\"ninja_table_row_12 nt_row_id_443\">\n            <td>engrenagem<\/td><td>7 velocidades 1x7, Shimano Tourney TX<\/td><td>Manivelas<\/td><td>Coroa de corrente de 44 dentes, bra\u00e7os de manivela de 170 mm<\/td>        <\/tr>\n            <tr data-row_id=\"444\" class=\"ninja_table_row_13 nt_row_id_444\">\n            <td>Mudan\u00e7a<\/td><td>7 velocidades Shimano<\/td><td>pedais<\/td><td>Liga de alum\u00ednio<\/td>        <\/tr>\n            <tr data-row_id=\"445\" class=\"ninja_table_row_14 nt_row_id_445\">\n            <td>Fone de ouvido<\/td><td>Rolamento vedado<\/td><td>Tronco<\/td><td>Liga de alum\u00ednio<\/td>        <\/tr>\n            <tr data-row_id=\"446\" class=\"ninja_table_row_15 nt_row_id_446\">\n            <td>Guid\u00e3o<\/td><td>Liga de alum\u00ednio<\/td><td>Punhos<\/td><td>Velo Grips<\/td>        <\/tr>\n            <tr data-row_id=\"447\" class=\"ninja_table_row_16 nt_row_id_447\">\n            <td>Freio<\/td><td>Disco Zoom OU Tektro com rotores de 160 mm<\/td><td>Alavancas<\/td><td>Alavancas Tektro e Inibidor de Motor<\/td>        <\/tr>\n            <tr data-row_id=\"448\" class=\"ninja_table_row_17 nt_row_id_448\">\n            <td>Selim<\/td><td>Velo<\/td><td>Espig\u00e3o<\/td><td>Liga de alum\u00ednio<\/td>        <\/tr>\n            <tr data-row_id=\"449\" class=\"ninja_table_row_18 nt_row_id_449\">\n            <td>Aro<\/td><td>Liga de alum\u00ednio<\/td><td>raios<\/td><td>A\u00e7o inoxid\u00e1vel, 36H<\/td>        <\/tr>\n    <\/tbody><!--ninja_tobody_rendering_done-->\n    <\/table>\n    \n    \n    \n<\/div>\n\n<h3>Embalagem e entrega<\/h3>\n<p>Detalhes da embalagem: 1 unidade\/pacote<\/p>\n<p>Tamanhos da caixa: 155*77*27cm<br \/>\nRecipiente: 65 pe\u00e7as\/20 p\u00e9s; 180 pe\u00e7as\/40 p\u00e9s<\/p>\n<p>Porto: Ningbo<\/p>\n<p>Tempo de espera:<div id=\"footable_parent_738\"\n         class=\"footable_parent ninja_table_wrapper loading_ninja_table wp_table_data_press_parent semantic_ui\">\n                <table data-ninja_table_instance=\"ninja_table_instance_1\" data-footable_id=\"738\" data-filter-delay=\"1000\" aria-label=\"EFB12Leadtime.csv\"            id=\"footable_738\"\n           data-unique_identifier=\"ninja_table_unique_id_3546355451_738\"\n           class=\"foo-table ninja_footable foo_table_738 ninja_table_unique_id_3546355451_738 ui table  nt_type_legacy_table selectable striped vertical_centered  footable-paging-right ninja_table_pro\">\n                <colgroup>\n                            <col class=\"ninja_column_0\">\n                            <col class=\"ninja_column_1\">\n                            <col class=\"ninja_column_2\">\n                    <\/colgroup>\n        <thead>\n<tr class=\"footable-header\">\n                                                        <th scope=\"col\"  class=\"ninja_column_0 ninja_clmn_nm_quantitypieces\">Quantidade (pe\u00e7as)<\/th><th scope=\"col\"  class=\"ninja_column_1 ninja_clmn_nm_11\">1-100<\/th><th scope=\"col\"  class=\"ninja_column_2 ninja_clmn_nm_1\">&gt;100<\/th><\/tr>\n<\/thead>\n<tbody>\n\n        <tr data-row_id=\"450\" class=\"ninja_table_row_0 nt_row_id_450\">\n            <td>Prazo de entrega (dias)<\/td><td>45<\/td><td>A ser negociado<\/td>        <\/tr>\n    <\/tbody><!--ninja_tobody_rendering_done-->\n    <\/table>\n    \n    \n    \n<\/div>\n<\/p>\n<h3>Detalhe da imagem<\/h3>\n<p><img fetchpriority=\"high\" decoding=\"async\" class=\"size-full wp-image-3588\" src=\"https:\/\/bglbike.com\/wp-content\/uploads\/2023\/03\/333-4.png\" alt=\"Imagens detalhadas\" width=\"600\" height=\"600\" srcset=\"https:\/\/bglbike.com\/wp-content\/uploads\/2023\/03\/333-4.png 600w, https:\/\/bglbike.com\/wp-content\/uploads\/2023\/03\/333-4-300x300.png 300w, https:\/\/bglbike.com\/wp-content\/uploads\/2023\/03\/333-4-150x150.png 150w, https:\/\/bglbike.com\/wp-content\/uploads\/2023\/03\/333-4-12x12.png 12w, https:\/\/bglbike.com\/wp-content\/uploads\/2023\/03\/333-4-200x200.png 200w, https:\/\/bglbike.com\/wp-content\/uploads\/2023\/03\/333-4-100x100.png 100w\" sizes=\"(max-width: 600px) 100vw, 600px\" \/><\/p>\n<h3>perguntas frequentes<\/h3>\n<p><strong>1: Quanto tempo leva para carregar a bicicleta el\u00e9trica ATV03?<\/strong><\/p>\n<p>Leva aproximadamente 4-6 horas para carregar totalmente a bateria da Fat Bike El\u00e9trica ATV03. A bateria possui um BMS inteligente integrado, que monitora anomalias de temperatura e prote\u00e7\u00e3o contra sobrecarga, para que voc\u00ea tenha certeza de que sua bicicleta n\u00e3o ser\u00e1 danificada durante o carregamento.<\/p>\n<p><strong>2: O ATV03 vem com pedais?<\/strong><\/p>\n<p>Sim! A Fat Bike el\u00e9trica ATV03 vem com pedais padr\u00e3o para opera\u00e7\u00e3o regular de ciclismo, al\u00e9m de um sistema PAS integrado para quando voc\u00ea precisar de ajuda extra ao enfrentar colinas \u00edngremes ou terrenos dif\u00edceis.<\/p>\n<p><strong>3: Que tipo de garantia vem com o ATV03?<\/strong><\/p>\n<p>A Fat Bike El\u00e9trica ATV03 vem com uma garantia limitada de 1 ano que cobre defeitos do fabricante, desde que seja usada de acordo com as leis\/regulamentos locais. Esta garantia n\u00e3o cobre danos causados por acidentes ou uso indevido. Em caso de problemas ou d\u00favidas sobre o desempenho de sua bicicleta ou cobertura de garantia, entre em contato com nossa equipe de atendimento ao cliente.<\/p>","protected":false},"excerpt":{"rendered":"<p>Esse<strong> Fat Bike el\u00e9trica ATV03 \u2013 Motor potente de 250 W a 750 W, com certifica\u00e7\u00e3o CE<\/strong> \u00e9 a maneira perfeita de passear ao ar livre neste ver\u00e3o. \u00c9 uma \u00f3tima alternativa para carros e motos e \u00e9 perfeita para empresas que desejam comprar a granel. Com luzes LED integradas e trav\u00f5es de disco para uma pot\u00eancia de travagem superior, pode viajar com confian\u00e7a em condi\u00e7\u00f5es de pouca luz ou chuva. Junto com seu design dobr\u00e1vel conveniente, voc\u00ea poder\u00e1 armazenar facilmente esta bicicleta quando n\u00e3o estiver em uso, ao mesmo tempo que ter\u00e1 bastante espa\u00e7o para se movimentar livremente. Ent\u00e3o, se voc\u00ea est\u00e1 procurando uma maneira divertida e acess\u00edvel de se locomover, a ATV03 Electric Fat Bike \u00e9 a escolha perfeita.<\/p>","protected":false},"featured_media":3915,"template":"","meta":{"site-sidebar-layout":"default","site-content-layout":"default","ast-site-content-layout":"default","site-content-style":"default","site-sidebar-style":"default","ast-global-header-display":"","ast-banner-title-visibility":"","ast-main-header-display":"","ast-hfb-above-header-display":"","ast-hfb-below-header-display":"","ast-hfb-mobile-header-display":"","site-post-title":"","ast-breadcrumbs-content":"","ast-featured-img":"","footer-sml-layout":"","ast-disable-related-posts":"","theme-transparent-header-meta":"default","adv-header-id-meta":"","stick-header-meta":"default","header-above-stick-meta":"","header-main-stick-meta":"","header-below-stick-meta":"","astra-migrate-meta-layouts":"default","ast-page-background-enabled":"default","ast-page-background-meta":{"desktop":{"background-color":"var(--ast-global-color-4)","background-image":"","background-repeat":"repeat","background-position":"center center","background-size":"auto","background-attachment":"scroll","background-type":"","background-media":"","overlay-type":"","overlay-color":"","overlay-opacity":"","overlay-gradient":""},"tablet":{"background-color":"","background-image":"","background-repeat":"repeat","background-position":"center center","background-size":"auto","background-attachment":"scroll","background-type":"","background-media":"","overlay-type":"","overlay-color":"","overlay-opacity":"","overlay-gradient":""},"mobile":{"background-color":"","background-image":"","background-repeat":"repeat","background-position":"center center","background-size":"auto","background-attachment":"scroll","background-type":"","background-media":"","overlay-type":"","overlay-color":"","overlay-opacity":"","overlay-gradient":""}},"ast-content-background-meta":{"desktop":{"background-color":"var(--ast-global-color-5)","background-image":"","background-repeat":"repeat","background-position":"center center","background-size":"auto","background-attachment":"scroll","background-type":"","background-media":"","overlay-type":"","overlay-color":"","overlay-opacity":"","overlay-gradient":""},"tablet":{"background-color":"var(--ast-global-color-5)","background-image":"","background-repeat":"repeat","background-position":"center center","background-size":"auto","background-attachment":"scroll","background-type":"","background-media":"","overlay-type":"","overlay-color":"","overlay-opacity":"","overlay-gradient":""},"mobile":{"background-color":"var(--ast-global-color-5)","background-image":"","background-repeat":"repeat","background-position":"center center","background-size":"auto","background-attachment":"scroll","background-type":"","background-media":"","overlay-type":"","overlay-color":"","overlay-opacity":"","overlay-gradient":""}}},"product_brand":[],"product_cat":[23],"product_tag":[],"class_list":{"0":"post-734","1":"product","2":"type-product","3":"status-publish","4":"has-post-thumbnail","6":"product_cat-electric-fat-bike","7":"desktop-align-left","8":"tablet-align-left","9":"mobile-align-left","10":"ast-product-gallery-layout-horizontal-slider","11":"ast-product-gallery-with-no-image","12":"ast-product-single-variable","13":"ast-product-tabs-layout-horizontal","15":"first","16":"instock","17":"shipping-taxable","18":"purchasable","19":"product-type-variable"},"yoast_head":"<!-- This site is optimized with the Yoast SEO Premium plugin v20.9 (Yoast SEO v27.3) - https:\/\/yoast.com\/product\/yoast-seo-premium-wordpress\/ -->\n<title>ATV03 Electric Fat Bike - Powerful 250W to 750W Motor, CE Certified - Bglbike<\/title>\n<meta name=\"description\" content=\"This multifunctional electric fat bike gives you the power and performance to go anywhere, anytime. Featuring a lightweight frame and powerful motor, you can get maximum performance without sacrificing efficiency.\" \/>\n<meta name=\"robots\" content=\"index, follow, max-snippet:-1, max-image-preview:large, max-video-preview:-1\" \/>\n<link rel=\"canonical\" href=\"https:\/\/bglbike.com\/pt\/produto\/atv03\/\" \/>\n<meta property=\"og:locale\" content=\"pt_PT\" \/>\n<meta property=\"og:type\" content=\"article\" \/>\n<meta property=\"og:title\" content=\"ATV03 Electric Fat Bike - Powerful 250W to 750W Motor, CE Certified\" \/>\n<meta property=\"og:description\" content=\"This multifunctional electric fat bike gives you the power and performance to go anywhere, anytime. Featuring a lightweight frame and powerful motor, you can get maximum performance without sacrificing efficiency.\" \/>\n<meta property=\"og:url\" content=\"https:\/\/bglbike.com\/pt\/produto\/atv03\/\" \/>\n<meta property=\"og:site_name\" content=\"Bglbike\" \/>\n<meta property=\"article:modified_time\" content=\"2023-05-31T02:45:40+00:00\" \/>\n<meta property=\"og:image\" content=\"https:\/\/bglbike.com\/wp-content\/uploads\/2023\/03\/1-28.png\" \/>\n\t<meta property=\"og:image:width\" content=\"600\" \/>\n\t<meta property=\"og:image:height\" content=\"600\" \/>\n\t<meta property=\"og:image:type\" content=\"image\/png\" \/>\n<meta name=\"twitter:card\" content=\"summary_large_image\" \/>\n<meta name=\"twitter:label1\" content=\"Tempo estimado de leitura\" \/>\n\t<meta name=\"twitter:data1\" content=\"2 minutos\" \/>\n<script type=\"application\/ld+json\" class=\"yoast-schema-graph\">{\"@context\":\"https:\\\/\\\/schema.org\",\"@graph\":[{\"@type\":\"WebPage\",\"@id\":\"https:\\\/\\\/bglbike.com\\\/product\\\/atv03\\\/\",\"url\":\"https:\\\/\\\/bglbike.com\\\/product\\\/atv03\\\/\",\"name\":\"ATV03 Electric Fat Bike - Powerful 250W to 750W Motor, CE Certified - Bglbike\",\"isPartOf\":{\"@id\":\"https:\\\/\\\/bglbike.com\\\/#website\"},\"primaryImageOfPage\":{\"@id\":\"https:\\\/\\\/bglbike.com\\\/product\\\/atv03\\\/#primaryimage\"},\"image\":{\"@id\":\"https:\\\/\\\/bglbike.com\\\/product\\\/atv03\\\/#primaryimage\"},\"thumbnailUrl\":\"https:\\\/\\\/bglbike.com\\\/wp-content\\\/uploads\\\/2023\\\/03\\\/1-28.png\",\"datePublished\":\"2023-03-31T06:44:49+00:00\",\"dateModified\":\"2023-05-31T02:45:40+00:00\",\"description\":\"This multifunctional electric fat bike gives you the power and performance to go anywhere, anytime. Featuring a lightweight frame and powerful motor, you can get maximum performance without sacrificing efficiency.\",\"breadcrumb\":{\"@id\":\"https:\\\/\\\/bglbike.com\\\/product\\\/atv03\\\/#breadcrumb\"},\"inLanguage\":\"pt-PT\",\"potentialAction\":[{\"@type\":\"ReadAction\",\"target\":[\"https:\\\/\\\/bglbike.com\\\/product\\\/atv03\\\/\"]}]},{\"@type\":\"ImageObject\",\"inLanguage\":\"pt-PT\",\"@id\":\"https:\\\/\\\/bglbike.com\\\/product\\\/atv03\\\/#primaryimage\",\"url\":\"https:\\\/\\\/bglbike.com\\\/wp-content\\\/uploads\\\/2023\\\/03\\\/1-28.png\",\"contentUrl\":\"https:\\\/\\\/bglbike.com\\\/wp-content\\\/uploads\\\/2023\\\/03\\\/1-28.png\",\"width\":600,\"height\":600,\"caption\":\"ATV03\"},{\"@type\":\"BreadcrumbList\",\"@id\":\"https:\\\/\\\/bglbike.com\\\/product\\\/atv03\\\/#breadcrumb\",\"itemListElement\":[{\"@type\":\"ListItem\",\"position\":1,\"name\":\"Home\",\"item\":\"https:\\\/\\\/bglbike.com\\\/\"},{\"@type\":\"ListItem\",\"position\":2,\"name\":\"Wholesale Electric Bike\",\"item\":\"https:\\\/\\\/bglbike.com\\\/wholesale-electric-bike\\\/\"},{\"@type\":\"ListItem\",\"position\":3,\"name\":\"ATV03 Electric Fat Bike &#8211; Powerful 250W to 750W Motor, CE Certified\"}]},{\"@type\":\"WebSite\",\"@id\":\"https:\\\/\\\/bglbike.com\\\/#website\",\"url\":\"https:\\\/\\\/bglbike.com\\\/\",\"name\":\"Bglbike\",\"description\":\"Top  Ebike manufacturer in China\",\"publisher\":{\"@id\":\"https:\\\/\\\/bglbike.com\\\/#organization\"},\"potentialAction\":[{\"@type\":\"SearchAction\",\"target\":{\"@type\":\"EntryPoint\",\"urlTemplate\":\"https:\\\/\\\/bglbike.com\\\/?s={search_term_string}\"},\"query-input\":{\"@type\":\"PropertyValueSpecification\",\"valueRequired\":true,\"valueName\":\"search_term_string\"}}],\"inLanguage\":\"pt-PT\"},{\"@type\":\"Organization\",\"@id\":\"https:\\\/\\\/bglbike.com\\\/#organization\",\"name\":\"Bglbike\",\"url\":\"https:\\\/\\\/bglbike.com\\\/\",\"logo\":{\"@type\":\"ImageObject\",\"inLanguage\":\"pt-PT\",\"@id\":\"https:\\\/\\\/bglbike.com\\\/#\\\/schema\\\/logo\\\/image\\\/\",\"url\":\"https:\\\/\\\/bglbike.com\\\/wp-content\\\/uploads\\\/2023\\\/04\\\/cropped-LOGO.png\",\"contentUrl\":\"https:\\\/\\\/bglbike.com\\\/wp-content\\\/uploads\\\/2023\\\/04\\\/cropped-LOGO.png\",\"width\":426,\"height\":141,\"caption\":\"Bglbike\"},\"image\":{\"@id\":\"https:\\\/\\\/bglbike.com\\\/#\\\/schema\\\/logo\\\/image\\\/\"}}]}<\/script>\n<!-- \/ Yoast SEO Premium plugin. -->","yoast_head_json":{"title":"ATV03 Electric Fat Bike - Powerful 250W to 750W Motor, CE Certified - Bglbike","description":"This multifunctional electric fat bike gives you the power and performance to go anywhere, anytime. Featuring a lightweight frame and powerful motor, you can get maximum performance without sacrificing efficiency.","robots":{"index":"index","follow":"follow","max-snippet":"max-snippet:-1","max-image-preview":"max-image-preview:large","max-video-preview":"max-video-preview:-1"},"canonical":"https:\/\/bglbike.com\/pt\/produto\/atv03\/","og_locale":"pt_PT","og_type":"article","og_title":"ATV03 Electric Fat Bike - Powerful 250W to 750W Motor, CE Certified","og_description":"This multifunctional electric fat bike gives you the power and performance to go anywhere, anytime. Featuring a lightweight frame and powerful motor, you can get maximum performance without sacrificing efficiency.","og_url":"https:\/\/bglbike.com\/pt\/produto\/atv03\/","og_site_name":"Bglbike","article_modified_time":"2023-05-31T02:45:40+00:00","og_image":[{"width":600,"height":600,"url":"https:\/\/bglbike.com\/wp-content\/uploads\/2023\/03\/1-28.png","type":"image\/png"}],"twitter_card":"summary_large_image","twitter_misc":{"Tempo estimado de leitura":"2 minutos"},"schema":{"@context":"https:\/\/schema.org","@graph":[{"@type":"WebPage","@id":"https:\/\/bglbike.com\/product\/atv03\/","url":"https:\/\/bglbike.com\/product\/atv03\/","name":"ATV03 Electric Fat Bike - Powerful 250W to 750W Motor, CE Certified - Bglbike","isPartOf":{"@id":"https:\/\/bglbike.com\/#website"},"primaryImageOfPage":{"@id":"https:\/\/bglbike.com\/product\/atv03\/#primaryimage"},"image":{"@id":"https:\/\/bglbike.com\/product\/atv03\/#primaryimage"},"thumbnailUrl":"https:\/\/bglbike.com\/wp-content\/uploads\/2023\/03\/1-28.png","datePublished":"2023-03-31T06:44:49+00:00","dateModified":"2023-05-31T02:45:40+00:00","description":"This multifunctional electric fat bike gives you the power and performance to go anywhere, anytime. Featuring a lightweight frame and powerful motor, you can get maximum performance without sacrificing efficiency.","breadcrumb":{"@id":"https:\/\/bglbike.com\/product\/atv03\/#breadcrumb"},"inLanguage":"pt-PT","potentialAction":[{"@type":"ReadAction","target":["https:\/\/bglbike.com\/product\/atv03\/"]}]},{"@type":"ImageObject","inLanguage":"pt-PT","@id":"https:\/\/bglbike.com\/product\/atv03\/#primaryimage","url":"https:\/\/bglbike.com\/wp-content\/uploads\/2023\/03\/1-28.png","contentUrl":"https:\/\/bglbike.com\/wp-content\/uploads\/2023\/03\/1-28.png","width":600,"height":600,"caption":"ATV03"},{"@type":"BreadcrumbList","@id":"https:\/\/bglbike.com\/product\/atv03\/#breadcrumb","itemListElement":[{"@type":"ListItem","position":1,"name":"Home","item":"https:\/\/bglbike.com\/"},{"@type":"ListItem","position":2,"name":"Wholesale Electric Bike","item":"https:\/\/bglbike.com\/wholesale-electric-bike\/"},{"@type":"ListItem","position":3,"name":"ATV03 Electric Fat Bike &#8211; Powerful 250W to 750W Motor, CE Certified"}]},{"@type":"WebSite","@id":"https:\/\/bglbike.com\/#website","url":"https:\/\/bglbike.com\/","name":"Bglbike","description":"Top  Ebike manufacturer in China","publisher":{"@id":"https:\/\/bglbike.com\/#organization"},"potentialAction":[{"@type":"SearchAction","target":{"@type":"EntryPoint","urlTemplate":"https:\/\/bglbike.com\/?s={search_term_string}"},"query-input":{"@type":"PropertyValueSpecification","valueRequired":true,"valueName":"search_term_string"}}],"inLanguage":"pt-PT"},{"@type":"Organization","@id":"https:\/\/bglbike.com\/#organization","name":"Bglbike","url":"https:\/\/bglbike.com\/","logo":{"@type":"ImageObject","inLanguage":"pt-PT","@id":"https:\/\/bglbike.com\/#\/schema\/logo\/image\/","url":"https:\/\/bglbike.com\/wp-content\/uploads\/2023\/04\/cropped-LOGO.png","contentUrl":"https:\/\/bglbike.com\/wp-content\/uploads\/2023\/04\/cropped-LOGO.png","width":426,"height":141,"caption":"Bglbike"},"image":{"@id":"https:\/\/bglbike.com\/#\/schema\/logo\/image\/"}}]}},"_links":{"self":[{"href":"https:\/\/bglbike.com\/pt\/wp-json\/wp\/v2\/product\/734","targetHints":{"allow":["GET"]}}],"collection":[{"href":"https:\/\/bglbike.com\/pt\/wp-json\/wp\/v2\/product"}],"about":[{"href":"https:\/\/bglbike.com\/pt\/wp-json\/wp\/v2\/types\/product"}],"wp:featuredmedia":[{"embeddable":true,"href":"https:\/\/bglbike.com\/pt\/wp-json\/wp\/v2\/media\/3915"}],"wp:attachment":[{"href":"https:\/\/bglbike.com\/pt\/wp-json\/wp\/v2\/media?parent=734"}],"wp:term":[{"taxonomy":"product_brand","embeddable":true,"href":"https:\/\/bglbike.com\/pt\/wp-json\/wp\/v2\/product_brand?post=734"},{"taxonomy":"product_cat","embeddable":true,"href":"https:\/\/bglbike.com\/pt\/wp-json\/wp\/v2\/product_cat?post=734"},{"taxonomy":"product_tag","embeddable":true,"href":"https:\/\/bglbike.com\/pt\/wp-json\/wp\/v2\/product_tag?post=734"}],"curies":[{"name":"wp","href":"https:\/\/api.w.org\/{rel}","templated":true}]}}