{"id":691,"date":"2023-03-31T04:42:05","date_gmt":"2023-03-31T04:42:05","guid":{"rendered":"https:\/\/bglbike.com\/?post_type=product&#038;p=691"},"modified":"2023-05-31T02:49:58","modified_gmt":"2023-05-31T02:49:58","slug":"efb12","status":"publish","type":"product","link":"https:\/\/bglbike.com\/pt\/produto\/efb12\/","title":{"rendered":"Bicicleta el\u00e9trica dobr\u00e1vel EFB12 com cubo sem engrenagem 36V250W para alcance de 30 milhas"},"content":{"rendered":"<h3><strong><span data-spm-anchor-id=\"a2700.details.0.i23.612020b4CRYhNa\">Especifica\u00e7\u00f5es<\/span><\/strong><\/h3>\n<div id=\"footable_parent_694\"\n         class=\"footable_parent ninja_table_wrapper loading_ninja_table wp_table_data_press_parent semantic_ui\">\n                <table data-ninja_table_instance=\"ninja_table_instance_0\" data-footable_id=\"694\" data-filter-delay=\"1000\" aria-label=\"EFB12.csv\"            id=\"footable_694\"\n           data-unique_identifier=\"ninja_table_unique_id_1950914721_694\"\n           class=\"foo-table ninja_footable foo_table_694 ninja_table_unique_id_1950914721_694 ui table  nt_type_legacy_table selectable striped vertical_centered  footable-paging-right ninja_table_pro\">\n                <colgroup>\n                            <col class=\"ninja_column_0\">\n                            <col class=\"ninja_column_1\">\n                            <col class=\"ninja_column_2\">\n                    <\/colgroup>\n        <thead>\n<tr class=\"footable-header\">\n                                                        <th scope=\"col\"  class=\"ninja_column_0 ninja_clmn_nm_motor\">Motor<\/th><th scope=\"col\"  class=\"ninja_column_1 ninja_clmn_nm_36v25wxfrearmountedgearlesshub\">Cubo Gearless montado na parte traseira 36V250W(XF)<\/th><th scope=\"col\"  class=\"ninja_column_2 ninja_clmn_nm_36v25w8funrearmountedgearlesshub\">Cubo Gearless montado na parte traseira 36V250W(8FUN)<\/th><\/tr>\n<\/thead>\n<tbody>\n\n        <tr data-row_id=\"359\" class=\"ninja_table_row_0 nt_row_id_359\">\n            <td>Bateria<\/td><td>36V10AH(China) \u00edon de l\u00edtio<\/td><td>36V10AH (Samsung) \u00edon de l\u00edtio<\/td>        <\/tr>\n            <tr data-row_id=\"360\" class=\"ninja_table_row_1 nt_row_id_360\">\n            <td>Hora de carregar<\/td><td>4-6 horas<\/td><td>4-6 horas<\/td>        <\/tr>\n            <tr data-row_id=\"361\" class=\"ninja_table_row_2 nt_row_id_361\">\n            <td>Carregador<\/td><td>2A CE\/UL<\/td><td>2A CE\/UL<\/td>        <\/tr>\n            <tr data-row_id=\"362\" class=\"ninja_table_row_3 nt_row_id_362\">\n            <td>Controlador<\/td><td>controlador integrado 36V15A<\/td><td>controlador integrado 36V15A<\/td>        <\/tr>\n            <tr data-row_id=\"363\" class=\"ninja_table_row_4 nt_row_id_363\">\n            <td>Faixa estimada<\/td><td>20 milhas (32 km)-30 milhas (48 km)<\/td><td>20 milhas (32 km)-30 milhas (48 km)<\/td>        <\/tr>\n            <tr data-row_id=\"364\" class=\"ninja_table_row_5 nt_row_id_364\">\n            <td>Mostrar<\/td><td>Display LED<\/td><td>tela de LCD<\/td>        <\/tr>\n            <tr data-row_id=\"365\" class=\"ninja_table_row_6 nt_row_id_365\">\n            <td>Modo de condu\u00e7\u00e3o<\/td><td>Assist\u00eancia do pedal com detec\u00e7\u00e3o de cad\u00eancia, acelerador de gatilho (disco com sensor de 6 \u00edm\u00e3s)<\/td><td>Assist\u00eancia do pedal com detec\u00e7\u00e3o de cad\u00eancia, acelerador de gatilho (disco com sensor de 6 \u00edm\u00e3s)<\/td>        <\/tr>\n            <tr data-row_id=\"366\" class=\"ninja_table_row_7 nt_row_id_366\">\n            <td>Velocidade m\u00e1xima<\/td><td>UE: 15,6 mph (25 km\/h)\/Am\u00e9rica do Norte: 20 mph (32 km\/h)<\/td><td>UE: 15,6 mph (25 km\/h)\/Am\u00e9rica do Norte: 20 mph (32 km\/h)<\/td>        <\/tr>\n    <\/tbody><!--ninja_tobody_rendering_done-->\n    <\/table>\n    \n    \n    \n<\/div>\n\n<h3>Embalagem e entrega<\/h3>\n<p>Detalhes da embalagem: 1 pc\/pacote<br \/>\nPorto: Ningbo<br \/>\nTempo de espera:<div id=\"footable_parent_696\"\n         class=\"footable_parent ninja_table_wrapper loading_ninja_table wp_table_data_press_parent semantic_ui\">\n                <table data-ninja_table_instance=\"ninja_table_instance_1\" data-footable_id=\"696\" data-filter-delay=\"1000\" aria-label=\"EFB12Leadtime.csv\"            id=\"footable_696\"\n           data-unique_identifier=\"ninja_table_unique_id_3873920902_696\"\n           class=\"foo-table ninja_footable foo_table_696 ninja_table_unique_id_3873920902_696 ui table  nt_type_legacy_table selectable striped vertical_centered  footable-paging-right ninja_table_pro\">\n                <colgroup>\n                            <col class=\"ninja_column_0\">\n                            <col class=\"ninja_column_1\">\n                            <col class=\"ninja_column_2\">\n                    <\/colgroup>\n        <thead>\n<tr class=\"footable-header\">\n                                                        <th scope=\"col\"  class=\"ninja_column_0 ninja_clmn_nm_quantitypieces\">Quantidade (pe\u00e7as)<\/th><th scope=\"col\"  class=\"ninja_column_1 ninja_clmn_nm_11\">1-100<\/th><th scope=\"col\"  class=\"ninja_column_2 ninja_clmn_nm_1\">&gt;100<\/th><\/tr>\n<\/thead>\n<tbody>\n\n        <tr data-row_id=\"368\" class=\"ninja_table_row_0 nt_row_id_368\">\n            <td>Prazo de entrega (dias)<\/td><td>45<\/td><td>A ser negociado<\/td>        <\/tr>\n    <\/tbody><!--ninja_tobody_rendering_done-->\n    <\/table>\n    \n    \n    \n<\/div>\n<\/p>\n<h3>capacidade de fornecimento<\/h3>\n<p>3000 pe\u00e7as\/pe\u00e7as por m\u00eas<\/p>\n<h3>Detalhe da imagem<\/h3>\n<p><img fetchpriority=\"high\" decoding=\"async\" class=\"size-full wp-image-3598\" src=\"https:\/\/bglbike.com\/wp-content\/uploads\/2023\/03\/333-11-e1681264085811.png\" alt=\"Imagem detalhada\" width=\"600\" height=\"576\" srcset=\"https:\/\/bglbike.com\/wp-content\/uploads\/2023\/03\/333-11-e1681264085811.png 600w, https:\/\/bglbike.com\/wp-content\/uploads\/2023\/03\/333-11-e1681264085811-300x288.png 300w, https:\/\/bglbike.com\/wp-content\/uploads\/2023\/03\/333-11-e1681264085811-13x12.png 13w, https:\/\/bglbike.com\/wp-content\/uploads\/2023\/03\/333-11-e1681264085811-208x200.png 208w\" sizes=\"(max-width: 600px) 100vw, 600px\" \/><\/p>\n<h3>perguntas frequentes<\/h3>\n<p>&nbsp;<\/p>\n<p><strong>Q1: O que faz EFB12 Electric Folding Bike com 36V250W Gearless Hub para 30 Miles Range se destacar de outras bicicletas el\u00e9tricas dobr\u00e1veis?<\/strong><br \/>\nA EFB12 se destaca de outras bicicletas el\u00e9tricas dobr\u00e1veis devido \u00e0 dura\u00e7\u00e3o superior da bateria, design leve e controles intuitivos. Sua bateria tem autonomia de at\u00e9 25 milhas com uma \u00fanica carga, tornando-a ideal para deslocamentos di\u00e1rios e passeios de lazer. A estrutura de alum\u00ednio leve da bicicleta e o guid\u00e3o ajust\u00e1vel tamb\u00e9m facilitam o transporte quando dobrada, enquanto seu sistema de assist\u00eancia de pedal de tr\u00eas n\u00edveis permite que os ciclistas personalizem o n\u00edvel de assist\u00eancia de pot\u00eancia de acordo com suas necessidades.<\/p>\n<p><strong>Q2: Quais s\u00e3o os recursos de seguran\u00e7a de um EFB12?<\/strong><br \/>\nO EFB12 oferece v\u00e1rios recursos de seguran\u00e7a para manter o motociclista seguro enquanto estiver na estrada. Isso inclui freios V dianteiros e traseiros para parada r\u00e1pida; uma campainha alertando pedestres e ciclistas da sua presen\u00e7a; uma faixa refletora para melhor visibilidade; e um farol integrado que ilumina o seu passeio em condi\u00e7\u00f5es de pouca luz.<\/p>\n<p><strong>Q3: Quanto custa um EFB12?<\/strong><br \/>\nO pre\u00e7o de uma bicicleta dobr\u00e1vel el\u00e9trica EFB12 varia de acordo com o modelo e as caracter\u00edsticas selecionadas.<\/p>\n<p><strong>Q4: Um EFB12 \u00e9 adequado para todos os tipos de terreno?<\/strong><br \/>\nSim, a bicicleta dobr\u00e1vel el\u00e9trica EFB12 foi projetada para ser adequada para todos os tipos de terreno, gra\u00e7as ao seu quadro robusto, engrenagens ajust\u00e1veis, motor potente e pneus grandes que podem lidar com estradas acidentadas ou caminhos de cascalho com facilidade.<\/p>\n<p><strong>P5: Onde posso encontrar t\u00e9cnicos certificados especializados em manuten\u00e7\u00e3o do EFB12?<\/strong><br \/>\nVoc\u00ea pode encontrar t\u00e9cnicos certificados especializados em consertar bicicletas el\u00e9tricas dobr\u00e1veis pesquisando on-line ou perguntando a amigos ou familiares que possam ter tido experi\u00eancias semelhantes com suas bicicletas el\u00e9tricas dobr\u00e1veis. Al\u00e9m disso, muitos fabricantes oferecem linhas de atendimento ao cliente onde t\u00e9cnicos treinados podem ajudar com qualquer problema relacionado a seus produtos que voc\u00ea possa ter encontrado durante o uso, como fia\u00e7\u00e3o defeituosa ou pe\u00e7as quebradas.<\/p>","protected":false},"excerpt":{"rendered":"<p>O <strong>Bicicleta el\u00e9trica dobr\u00e1vel EFB12 com cubo sem engrenagem 36V250W para alcance de 30 milhas <\/strong>\u00e9 a solu\u00e7\u00e3o perfeita para empresas que procuram uma bicicleta dobr\u00e1vel el\u00e9trica eficiente, confi\u00e1vel e acess\u00edvel. Esta bicicleta \u00e9 feita com materiais de alta qualidade e vem com garantia de 12 meses. \u00c9 uma excelente escolha para empresas que desejam fornecer a seus funcion\u00e1rios um meio de transporte conveniente e bom para o meio ambiente. O EFB12 dobra-se de forma r\u00e1pida e f\u00e1cil, facilitando o armazenamento em espa\u00e7os apertados. Al\u00e9m disso, \u00e9 leve para que possa ser transportado facilmente de um local para outro. O EFB12 \u00e9 uma excelente escolha para empresas que buscam uma maneira eficiente e econ\u00f4mica de se locomover pela cidade.<\/p>","protected":false},"featured_media":3933,"template":"","meta":{"site-sidebar-layout":"default","site-content-layout":"default","ast-site-content-layout":"default","site-content-style":"default","site-sidebar-style":"default","ast-global-header-display":"","ast-banner-title-visibility":"","ast-main-header-display":"","ast-hfb-above-header-display":"","ast-hfb-below-header-display":"","ast-hfb-mobile-header-display":"","site-post-title":"","ast-breadcrumbs-content":"","ast-featured-img":"","footer-sml-layout":"","ast-disable-related-posts":"","theme-transparent-header-meta":"default","adv-header-id-meta":"","stick-header-meta":"default","header-above-stick-meta":"","header-main-stick-meta":"","header-below-stick-meta":"","astra-migrate-meta-layouts":"default","ast-page-background-enabled":"default","ast-page-background-meta":{"desktop":{"background-color":"var(--ast-global-color-4)","background-image":"","background-repeat":"repeat","background-position":"center center","background-size":"auto","background-attachment":"scroll","background-type":"","background-media":"","overlay-type":"","overlay-color":"","overlay-opacity":"","overlay-gradient":""},"tablet":{"background-color":"","background-image":"","background-repeat":"repeat","background-position":"center center","background-size":"auto","background-attachment":"scroll","background-type":"","background-media":"","overlay-type":"","overlay-color":"","overlay-opacity":"","overlay-gradient":""},"mobile":{"background-color":"","background-image":"","background-repeat":"repeat","background-position":"center center","background-size":"auto","background-attachment":"scroll","background-type":"","background-media":"","overlay-type":"","overlay-color":"","overlay-opacity":"","overlay-gradient":""}},"ast-content-background-meta":{"desktop":{"background-color":"var(--ast-global-color-5)","background-image":"","background-repeat":"repeat","background-position":"center center","background-size":"auto","background-attachment":"scroll","background-type":"","background-media":"","overlay-type":"","overlay-color":"","overlay-opacity":"","overlay-gradient":""},"tablet":{"background-color":"var(--ast-global-color-5)","background-image":"","background-repeat":"repeat","background-position":"center center","background-size":"auto","background-attachment":"scroll","background-type":"","background-media":"","overlay-type":"","overlay-color":"","overlay-opacity":"","overlay-gradient":""},"mobile":{"background-color":"var(--ast-global-color-5)","background-image":"","background-repeat":"repeat","background-position":"center center","background-size":"auto","background-attachment":"scroll","background-type":"","background-media":"","overlay-type":"","overlay-color":"","overlay-opacity":"","overlay-gradient":""}}},"product_brand":[],"product_cat":[22],"product_tag":[],"class_list":{"0":"post-691","1":"product","2":"type-product","3":"status-publish","4":"has-post-thumbnail","6":"product_cat-electric-folding-bike","7":"desktop-align-left","8":"tablet-align-left","9":"mobile-align-left","10":"ast-product-gallery-layout-horizontal-slider","11":"ast-product-gallery-with-no-image","12":"ast-product-single-variable","13":"ast-product-tabs-layout-horizontal","15":"first","16":"instock","17":"shipping-taxable","18":"purchasable","19":"product-type-variable"},"yoast_head":"<!-- This site is optimized with the Yoast SEO Premium plugin v20.9 (Yoast SEO v27.4) - https:\/\/yoast.com\/product\/yoast-seo-premium-wordpress\/ -->\n<title>EFB12 Electric Folding Bike with 36V250W Gearless Hub for 30 Miles Range - Bglbike<\/title>\n<meta name=\"description\" content=\"EFB12 stands out from other electric folding bikes due to its superior battery life, lightweight design, and intuitive controls.\" \/>\n<meta name=\"robots\" content=\"index, follow, max-snippet:-1, max-image-preview:large, max-video-preview:-1\" \/>\n<link rel=\"canonical\" href=\"https:\/\/bglbike.com\/pt\/produto\/efb12\/\" \/>\n<meta property=\"og:locale\" content=\"pt_PT\" \/>\n<meta property=\"og:type\" content=\"article\" \/>\n<meta property=\"og:title\" content=\"EFB12 Electric Folding Bike with 36V250W Gearless Hub for 30 Miles Range\" \/>\n<meta property=\"og:description\" content=\"EFB12 stands out from other electric folding bikes due to its superior battery life, lightweight design, and intuitive controls.\" \/>\n<meta property=\"og:url\" content=\"https:\/\/bglbike.com\/pt\/produto\/efb12\/\" \/>\n<meta property=\"og:site_name\" content=\"Bglbike\" \/>\n<meta property=\"article:modified_time\" content=\"2023-05-31T02:49:58+00:00\" \/>\n<meta property=\"og:image\" content=\"https:\/\/bglbike.com\/wp-content\/uploads\/2023\/03\/1-39.png\" \/>\n\t<meta property=\"og:image:width\" content=\"600\" \/>\n\t<meta property=\"og:image:height\" content=\"600\" \/>\n\t<meta property=\"og:image:type\" content=\"image\/png\" \/>\n<meta name=\"twitter:card\" content=\"summary_large_image\" \/>\n<meta name=\"twitter:label1\" content=\"Tempo estimado de leitura\" \/>\n\t<meta name=\"twitter:data1\" content=\"2 minutos\" \/>\n<script type=\"application\/ld+json\" class=\"yoast-schema-graph\">{\"@context\":\"https:\\\/\\\/schema.org\",\"@graph\":[{\"@type\":\"WebPage\",\"@id\":\"https:\\\/\\\/bglbike.com\\\/product\\\/efb12\\\/\",\"url\":\"https:\\\/\\\/bglbike.com\\\/product\\\/efb12\\\/\",\"name\":\"EFB12 Electric Folding Bike with 36V250W Gearless Hub for 30 Miles Range - Bglbike\",\"isPartOf\":{\"@id\":\"https:\\\/\\\/bglbike.com\\\/#website\"},\"primaryImageOfPage\":{\"@id\":\"https:\\\/\\\/bglbike.com\\\/product\\\/efb12\\\/#primaryimage\"},\"image\":{\"@id\":\"https:\\\/\\\/bglbike.com\\\/product\\\/efb12\\\/#primaryimage\"},\"thumbnailUrl\":\"https:\\\/\\\/bglbike.com\\\/wp-content\\\/uploads\\\/2023\\\/03\\\/1-39.png\",\"datePublished\":\"2023-03-31T04:42:05+00:00\",\"dateModified\":\"2023-05-31T02:49:58+00:00\",\"description\":\"EFB12 stands out from other electric folding bikes due to its superior battery life, lightweight design, and intuitive controls.\",\"breadcrumb\":{\"@id\":\"https:\\\/\\\/bglbike.com\\\/product\\\/efb12\\\/#breadcrumb\"},\"inLanguage\":\"pt-PT\",\"potentialAction\":[{\"@type\":\"ReadAction\",\"target\":[\"https:\\\/\\\/bglbike.com\\\/product\\\/efb12\\\/\"]}]},{\"@type\":\"ImageObject\",\"inLanguage\":\"pt-PT\",\"@id\":\"https:\\\/\\\/bglbike.com\\\/product\\\/efb12\\\/#primaryimage\",\"url\":\"https:\\\/\\\/bglbike.com\\\/wp-content\\\/uploads\\\/2023\\\/03\\\/1-39.png\",\"contentUrl\":\"https:\\\/\\\/bglbike.com\\\/wp-content\\\/uploads\\\/2023\\\/03\\\/1-39.png\",\"width\":600,\"height\":600,\"caption\":\"EFB12\"},{\"@type\":\"BreadcrumbList\",\"@id\":\"https:\\\/\\\/bglbike.com\\\/product\\\/efb12\\\/#breadcrumb\",\"itemListElement\":[{\"@type\":\"ListItem\",\"position\":1,\"name\":\"Home\",\"item\":\"https:\\\/\\\/bglbike.com\\\/\"},{\"@type\":\"ListItem\",\"position\":2,\"name\":\"Wholesale Electric Bike\",\"item\":\"https:\\\/\\\/bglbike.com\\\/wholesale-electric-bike\\\/\"},{\"@type\":\"ListItem\",\"position\":3,\"name\":\"EFB12 Electric Folding Bike with 36V250W Gearless Hub for 30 Miles Range\"}]},{\"@type\":\"WebSite\",\"@id\":\"https:\\\/\\\/bglbike.com\\\/#website\",\"url\":\"https:\\\/\\\/bglbike.com\\\/\",\"name\":\"Bglbike\",\"description\":\"Top  Ebike manufacturer in China\",\"publisher\":{\"@id\":\"https:\\\/\\\/bglbike.com\\\/#organization\"},\"potentialAction\":[{\"@type\":\"SearchAction\",\"target\":{\"@type\":\"EntryPoint\",\"urlTemplate\":\"https:\\\/\\\/bglbike.com\\\/?s={search_term_string}\"},\"query-input\":{\"@type\":\"PropertyValueSpecification\",\"valueRequired\":true,\"valueName\":\"search_term_string\"}}],\"inLanguage\":\"pt-PT\"},{\"@type\":\"Organization\",\"@id\":\"https:\\\/\\\/bglbike.com\\\/#organization\",\"name\":\"Bglbike\",\"url\":\"https:\\\/\\\/bglbike.com\\\/\",\"logo\":{\"@type\":\"ImageObject\",\"inLanguage\":\"pt-PT\",\"@id\":\"https:\\\/\\\/bglbike.com\\\/#\\\/schema\\\/logo\\\/image\\\/\",\"url\":\"https:\\\/\\\/bglbike.com\\\/wp-content\\\/uploads\\\/2023\\\/04\\\/cropped-LOGO.png\",\"contentUrl\":\"https:\\\/\\\/bglbike.com\\\/wp-content\\\/uploads\\\/2023\\\/04\\\/cropped-LOGO.png\",\"width\":426,\"height\":141,\"caption\":\"Bglbike\"},\"image\":{\"@id\":\"https:\\\/\\\/bglbike.com\\\/#\\\/schema\\\/logo\\\/image\\\/\"}}]}<\/script>\n<!-- \/ Yoast SEO Premium plugin. -->","yoast_head_json":{"title":"EFB12 Electric Folding Bike with 36V250W Gearless Hub for 30 Miles Range - Bglbike","description":"EFB12 stands out from other electric folding bikes due to its superior battery life, lightweight design, and intuitive controls.","robots":{"index":"index","follow":"follow","max-snippet":"max-snippet:-1","max-image-preview":"max-image-preview:large","max-video-preview":"max-video-preview:-1"},"canonical":"https:\/\/bglbike.com\/pt\/produto\/efb12\/","og_locale":"pt_PT","og_type":"article","og_title":"EFB12 Electric Folding Bike with 36V250W Gearless Hub for 30 Miles Range","og_description":"EFB12 stands out from other electric folding bikes due to its superior battery life, lightweight design, and intuitive controls.","og_url":"https:\/\/bglbike.com\/pt\/produto\/efb12\/","og_site_name":"Bglbike","article_modified_time":"2023-05-31T02:49:58+00:00","og_image":[{"width":600,"height":600,"url":"https:\/\/bglbike.com\/wp-content\/uploads\/2023\/03\/1-39.png","type":"image\/png"}],"twitter_card":"summary_large_image","twitter_misc":{"Tempo estimado de leitura":"2 minutos"},"schema":{"@context":"https:\/\/schema.org","@graph":[{"@type":"WebPage","@id":"https:\/\/bglbike.com\/product\/efb12\/","url":"https:\/\/bglbike.com\/product\/efb12\/","name":"EFB12 Electric Folding Bike with 36V250W Gearless Hub for 30 Miles Range - Bglbike","isPartOf":{"@id":"https:\/\/bglbike.com\/#website"},"primaryImageOfPage":{"@id":"https:\/\/bglbike.com\/product\/efb12\/#primaryimage"},"image":{"@id":"https:\/\/bglbike.com\/product\/efb12\/#primaryimage"},"thumbnailUrl":"https:\/\/bglbike.com\/wp-content\/uploads\/2023\/03\/1-39.png","datePublished":"2023-03-31T04:42:05+00:00","dateModified":"2023-05-31T02:49:58+00:00","description":"EFB12 stands out from other electric folding bikes due to its superior battery life, lightweight design, and intuitive controls.","breadcrumb":{"@id":"https:\/\/bglbike.com\/product\/efb12\/#breadcrumb"},"inLanguage":"pt-PT","potentialAction":[{"@type":"ReadAction","target":["https:\/\/bglbike.com\/product\/efb12\/"]}]},{"@type":"ImageObject","inLanguage":"pt-PT","@id":"https:\/\/bglbike.com\/product\/efb12\/#primaryimage","url":"https:\/\/bglbike.com\/wp-content\/uploads\/2023\/03\/1-39.png","contentUrl":"https:\/\/bglbike.com\/wp-content\/uploads\/2023\/03\/1-39.png","width":600,"height":600,"caption":"EFB12"},{"@type":"BreadcrumbList","@id":"https:\/\/bglbike.com\/product\/efb12\/#breadcrumb","itemListElement":[{"@type":"ListItem","position":1,"name":"Home","item":"https:\/\/bglbike.com\/"},{"@type":"ListItem","position":2,"name":"Wholesale Electric Bike","item":"https:\/\/bglbike.com\/wholesale-electric-bike\/"},{"@type":"ListItem","position":3,"name":"EFB12 Electric Folding Bike with 36V250W Gearless Hub for 30 Miles Range"}]},{"@type":"WebSite","@id":"https:\/\/bglbike.com\/#website","url":"https:\/\/bglbike.com\/","name":"Bglbike","description":"Top  Ebike manufacturer in China","publisher":{"@id":"https:\/\/bglbike.com\/#organization"},"potentialAction":[{"@type":"SearchAction","target":{"@type":"EntryPoint","urlTemplate":"https:\/\/bglbike.com\/?s={search_term_string}"},"query-input":{"@type":"PropertyValueSpecification","valueRequired":true,"valueName":"search_term_string"}}],"inLanguage":"pt-PT"},{"@type":"Organization","@id":"https:\/\/bglbike.com\/#organization","name":"Bglbike","url":"https:\/\/bglbike.com\/","logo":{"@type":"ImageObject","inLanguage":"pt-PT","@id":"https:\/\/bglbike.com\/#\/schema\/logo\/image\/","url":"https:\/\/bglbike.com\/wp-content\/uploads\/2023\/04\/cropped-LOGO.png","contentUrl":"https:\/\/bglbike.com\/wp-content\/uploads\/2023\/04\/cropped-LOGO.png","width":426,"height":141,"caption":"Bglbike"},"image":{"@id":"https:\/\/bglbike.com\/#\/schema\/logo\/image\/"}}]}},"_links":{"self":[{"href":"https:\/\/bglbike.com\/pt\/wp-json\/wp\/v2\/product\/691","targetHints":{"allow":["GET"]}}],"collection":[{"href":"https:\/\/bglbike.com\/pt\/wp-json\/wp\/v2\/product"}],"about":[{"href":"https:\/\/bglbike.com\/pt\/wp-json\/wp\/v2\/types\/product"}],"wp:featuredmedia":[{"embeddable":true,"href":"https:\/\/bglbike.com\/pt\/wp-json\/wp\/v2\/media\/3933"}],"wp:attachment":[{"href":"https:\/\/bglbike.com\/pt\/wp-json\/wp\/v2\/media?parent=691"}],"wp:term":[{"taxonomy":"product_brand","embeddable":true,"href":"https:\/\/bglbike.com\/pt\/wp-json\/wp\/v2\/product_brand?post=691"},{"taxonomy":"product_cat","embeddable":true,"href":"https:\/\/bglbike.com\/pt\/wp-json\/wp\/v2\/product_cat?post=691"},{"taxonomy":"product_tag","embeddable":true,"href":"https:\/\/bglbike.com\/pt\/wp-json\/wp\/v2\/product_tag?post=691"}],"curies":[{"name":"wp","href":"https:\/\/api.w.org\/{rel}","templated":true}]}}