{"id":682,"date":"2023-03-31T03:52:45","date_gmt":"2023-03-31T03:52:45","guid":{"rendered":"https:\/\/bglbike.com\/?post_type=product&#038;p=682"},"modified":"2024-01-05T04:29:51","modified_gmt":"2024-01-05T04:29:51","slug":"efb11","status":"publish","type":"product","link":"https:\/\/bglbike.com\/pt\/produto\/efb11\/","title":{"rendered":"Bicicleta el\u00e9trica dobr\u00e1vel EFB11 com motor de 500 W, bateria de 48 V e desviador Shimano de 7 velocidades"},"content":{"rendered":"<h3>Especifica\u00e7\u00e3o<\/h3>\n<div id=\"footable_parent_685\"\n         class=\"footable_parent ninja_table_wrapper loading_ninja_table wp_table_data_press_parent semantic_ui\">\n                <table data-ninja_table_instance=\"ninja_table_instance_0\" data-footable_id=\"685\" data-filter-delay=\"1000\" aria-label=\"EFB11.csv\"            id=\"footable_685\"\n           data-unique_identifier=\"ninja_table_unique_id_2069065865_685\"\n           class=\"foo-table ninja_footable foo_table_685 ninja_table_unique_id_2069065865_685 ui table  nt_type_legacy_table selectable striped vertical_centered  footable-paging-right ninja_table_pro\">\n                <colgroup>\n                            <col class=\"ninja_column_0\">\n                            <col class=\"ninja_column_1\">\n                    <\/colgroup>\n        <thead>\n<tr class=\"footable-header\">\n                                        <th scope=\"col\"  class=\"ninja_column_0 ninja_clmn_nm_modelnoefb11\">N\u00ba do modelo: EFB11<\/th><th scope=\"col\"  class=\"ninja_column_1 ninja_clmn_nm_chargetime68h\">Tempo de Carga: 6-8H<\/th><\/tr>\n<\/thead>\n<tbody>\n\n        <tr data-row_id=\"344\" class=\"ninja_table_row_0 nt_row_id_344\">\n            <td>Estrutura: 6061#A liga de alum\u00ednio dobr\u00e1vel<\/td><td>Vida \u00fatil do carregador: &gt; 500 vezes<\/td>        <\/tr>\n            <tr data-row_id=\"345\" class=\"ninja_table_row_1 nt_row_id_345\">\n            <td>Motor: Motor sem escova traseiro 36V ou 48V 250W \/ 350W\/500W<\/td><td>Carregador: 100 V CA - 240 V CA<\/td>        <\/tr>\n            <tr data-row_id=\"346\" class=\"ninja_table_row_2 nt_row_id_346\">\n            <td>Bateria: 36V ou 48V 10AH\/13AH\/14AH Bateria chinesa ou SANSUNG<\/td><td>Velocidade m\u00e1xima: 25-38km\/h<\/td>        <\/tr>\n            <tr data-row_id=\"347\" class=\"ninja_table_row_3 nt_row_id_347\">\n            <td>Garfo dianteiro: Garfo de alum\u00ednio r\u00edgido ou garfo de suspens\u00e3o<\/td><td>Dist\u00e2ncia de condu\u00e7\u00e3o: &gt; 50kms<\/td>        <\/tr>\n            <tr data-row_id=\"348\" class=\"ninja_table_row_4 nt_row_id_348\">\n            <td>Freio: Freio a disco dianteiro\/traseiro Tektro<\/td><td>Capacidade de Carga: 150kg<\/td>        <\/tr>\n            <tr data-row_id=\"349\" class=\"ninja_table_row_5 nt_row_id_349\">\n            <td>Alavanca de freio: marca Tektro ou Wuxing<\/td><td>Sistema de assistente de pedal: 1:1<\/td>        <\/tr>\n            <tr data-row_id=\"350\" class=\"ninja_table_row_6 nt_row_id_350\">\n            <td>Guiador\/Avan\u00e7o: Liga de Alumium<\/td><td>Visor multifuncional no guid\u00e3o:<\/td>        <\/tr>\n            <tr data-row_id=\"351\" class=\"ninja_table_row_7 nt_row_id_351\">\n            <td><\/td><td>LCD com velocidade PAS de 5 n\u00edveis,<\/td>        <\/tr>\n            <tr data-row_id=\"352\" class=\"ninja_table_row_8 nt_row_id_352\">\n            <td><\/td><td>interruptor liga\/desliga<\/td>        <\/tr>\n            <tr data-row_id=\"353\" class=\"ninja_table_row_9 nt_row_id_353\">\n            <td>\u00a0Luz frontal e traseira de LED<\/td><td>Carregamento do cont\u00eainer: 20&quot;FCL 90pcs 40&quot;FCL 225pcs<\/td>        <\/tr>\n            <tr data-row_id=\"354\" class=\"ninja_table_row_10 nt_row_id_354\">\n            <td>Manusear com indicador de energia da bateria<\/td><td>NW:25kgs; GW: 30kgs<\/td>        <\/tr>\n            <tr data-row_id=\"355\" class=\"ninja_table_row_11 nt_row_id_355\">\n            <td>Dimens\u00e3o do pneu: KENDA20*4,0<\/td><td>Caixa de embalagem: 94*60*70 cm<\/td>        <\/tr>\n            <tr data-row_id=\"356\" class=\"ninja_table_row_12 nt_row_id_356\">\n            <td>C\u00e2mbio: Shimano7Speed<\/td><td>Cores Dispon\u00edveis: Preto, Prata ou Outras Cores<\/td>        <\/tr>\n            <tr data-row_id=\"357\" class=\"ninja_table_row_13 nt_row_id_357\">\n            <td><\/td><td><\/td>        <\/tr>\n    <\/tbody><!--ninja_tobody_rendering_done-->\n    <\/table>\n    \n    \n    \n<\/div>\n\n<h3>Embalagem e entrega<\/h3>\n<p>Detalhes da embalagem: Espuma e um saco pl\u00e1stico enrolado no corpo da bicicleta, uma caixa forte para a embalagem externa e um palete de madeira tamb\u00e9m est\u00e3o dispon\u00edveis.<br \/>\nPorto: NINGBO, XANGAI<\/p>\n<p>Tempo de espera:<div id=\"footable_parent_686\"\n         class=\"footable_parent ninja_table_wrapper loading_ninja_table wp_table_data_press_parent semantic_ui\">\n                <table data-ninja_table_instance=\"ninja_table_instance_1\" data-footable_id=\"686\" data-filter-delay=\"1000\" aria-label=\"EBB.csv\"            id=\"footable_686\"\n           data-unique_identifier=\"ninja_table_unique_id_4001626052_686\"\n           class=\"foo-table ninja_footable foo_table_686 ninja_table_unique_id_4001626052_686 ui table  nt_type_legacy_table selectable striped vertical_centered  footable-paging-right ninja_table_pro\">\n                <colgroup>\n                            <col class=\"ninja_column_0\">\n                            <col class=\"ninja_column_1\">\n                            <col class=\"ninja_column_2\">\n                            <col class=\"ninja_column_3\">\n                    <\/colgroup>\n        <thead>\n<tr class=\"footable-header\">\n                                                                        <th scope=\"col\"  class=\"ninja_column_0 ninja_clmn_nm_quantitypieces\">Quantidade (pe\u00e7as)<\/th><th scope=\"col\"  class=\"ninja_column_1 ninja_clmn_nm_11\">1-2<\/th><th scope=\"col\"  class=\"ninja_column_2 ninja_clmn_nm_22\">3-90<\/th><th scope=\"col\"  class=\"ninja_column_3 ninja_clmn_nm_2\">&gt;90<\/th><\/tr>\n<\/thead>\n<tbody>\n\n        <tr data-row_id=\"358\" class=\"ninja_table_row_0 nt_row_id_358\">\n            <td>Prazo de entrega (dias)<\/td><td>35<\/td><td>60<\/td><td>A ser negociado<\/td>        <\/tr>\n    <\/tbody><!--ninja_tobody_rendering_done-->\n    <\/table>\n    \n    \n    \n<\/div>\n<\/p>\n<h3>Detalhe da imagem<\/h3>\n<p><img fetchpriority=\"high\" decoding=\"async\" class=\"size-full wp-image-3608\" src=\"https:\/\/bglbike.com\/wp-content\/uploads\/2023\/03\/333-14.png\" alt=\"Imagens detalhadas\" width=\"625\" height=\"600\" srcset=\"https:\/\/bglbike.com\/wp-content\/uploads\/2023\/03\/333-14.png 625w, https:\/\/bglbike.com\/wp-content\/uploads\/2023\/03\/333-14-300x288.png 300w, https:\/\/bglbike.com\/wp-content\/uploads\/2023\/03\/333-14-13x12.png 13w, https:\/\/bglbike.com\/wp-content\/uploads\/2023\/03\/333-14-208x200.png 208w, https:\/\/bglbike.com\/wp-content\/uploads\/2023\/03\/333-14-600x576.png 600w\" sizes=\"(max-width: 625px) 100vw, 625px\" \/><\/p>\n<h3>perguntas frequentes<\/h3>\n<p>&nbsp;<\/p>\n<p><strong>Q1: Quais s\u00e3o as principais caracter\u00edsticas da \u201cBicicleta El\u00e9trica Dobr\u00e1vel EFB11\u201d?<\/strong><br \/>\nA bicicleta el\u00e9trica dobr\u00e1vel EFB11 tem muitos recursos impressionantes, como quadro e garfo robustos em liga de alum\u00ednio, altura do selim ajust\u00e1vel, design dobr\u00e1vel para f\u00e1cil armazenamento, quatro n\u00edveis de assist\u00eancia el\u00e9trica e modo somente acelerador, luzes dianteiras e traseiras para melhor visibilidade \u00e0 noite, pneus antiderrapantes com sistema de suspens\u00e3o absorvente de choque e freios a disco mec\u00e2nicos.<\/p>\n<p><strong>Q2: Quanto tempo levar\u00e1 para montar a bicicleta el\u00e9trica dobr\u00e1vel EFB11?<\/strong><br \/>\nA Bicicleta El\u00e9trica Dobr\u00e1vel EFB11 vem pr\u00e9-montada e tudo o que voc\u00ea precisa fazer \u00e9 carregar a bateria no quadro antes de poder pedalar. Isso n\u00e3o deve levar mais de 10 minutos.<\/p>\n<p><strong>Q3: A Bicicleta El\u00e9trica Dobr\u00e1vel EFB11 \u00e9 adequada para escalar colinas?<\/strong><br \/>\nSim! Sua altura de selim ajust\u00e1vel o torna ideal para enfrentar subidas com facilidade e confian\u00e7a. Al\u00e9m disso, seus pneus antiderrapantes fornecem excelente poder de ader\u00eancia \u00e0 estrada para tornar sua viagem mais suave.<\/p>\n<p><strong>Q4: Que medidas de seguran\u00e7a a bicicleta el\u00e9trica dobr\u00e1vel el\u00e9trica EFB11 possui?<\/strong><br \/>\nO EFB11 possui v\u00e1rias medidas de seguran\u00e7a, incluindo uma altura de selim ajust\u00e1vel para garantir uma condu\u00e7\u00e3o segura, independentemente do seu tamanho ou idade; pneus antiderrapantes que fornecem excelente poder de ader\u00eancia na estrada; um sistema de freio a disco mec\u00e2nico que oferece for\u00e7a de frenagem poderosa em segundos; far\u00f3is dianteiros e traseiros que melhoram a visibilidade \u00e0 noite; bem como um limite seguro de velocidade de condu\u00e7\u00e3o de 25 km\/h definido pelo sistema controlador do motor.<\/p>\n<p><strong>Q5: Existe alguma garantia dispon\u00edvel na bicicleta el\u00e9trica dobr\u00e1vel EFB11?<\/strong><br \/>\nSim! O fabricante oferece um ano de garantia de manuten\u00e7\u00e3o gratuita em todas as suas bicicletas el\u00e9tricas dobr\u00e1veis, incluindo o modelo EFB11 Folding Electric Bike, que cobre quaisquer defeitos de fabrica\u00e7\u00e3o ou falhas causadas durante o uso regular dentro desse per\u00edodo (o que ocorrer primeiro).<\/p>","protected":false},"excerpt":{"rendered":"<p>Procurando uma bicicleta dobr\u00e1vel el\u00e9trica de qualidade? N\u00e3o procure mais do que o <strong>Bicicleta el\u00e9trica dobr\u00e1vel EFB11 com motor de 500 W, bateria de 48 V e desviador Shimano de 7 velocidades<\/strong> da China. Esta bicicleta \u00e9 perfeita para empresas que desejam comprar a granel. \u00c9 feito de materiais de alta qualidade e possui uma bateria forte que dura quil\u00f4metros. A sua capacidade de dobragem permite que seja rapidamente dobrado e guardado em \u00e1reas urbanas apertadas ou discretamente quando n\u00e3o estiver em uso. O EFB11 \u00e9 a combina\u00e7\u00e3o perfeita de conveni\u00eancia, desempenho e seguran\u00e7a \u2013 tornando-o um complemento essencial ao seu estilo de vida.<\/p>","protected":false},"featured_media":4637,"template":"","meta":{"site-sidebar-layout":"default","site-content-layout":"default","ast-site-content-layout":"default","site-content-style":"default","site-sidebar-style":"default","ast-global-header-display":"","ast-banner-title-visibility":"","ast-main-header-display":"","ast-hfb-above-header-display":"","ast-hfb-below-header-display":"","ast-hfb-mobile-header-display":"","site-post-title":"","ast-breadcrumbs-content":"","ast-featured-img":"","footer-sml-layout":"","ast-disable-related-posts":"","theme-transparent-header-meta":"default","adv-header-id-meta":"","stick-header-meta":"default","header-above-stick-meta":"","header-main-stick-meta":"","header-below-stick-meta":"","astra-migrate-meta-layouts":"set","ast-page-background-enabled":"default","ast-page-background-meta":{"desktop":{"background-color":"var(--ast-global-color-4)","background-image":"","background-repeat":"repeat","background-position":"center center","background-size":"auto","background-attachment":"scroll","background-type":"","background-media":"","overlay-type":"","overlay-color":"","overlay-opacity":"","overlay-gradient":""},"tablet":{"background-color":"","background-image":"","background-repeat":"repeat","background-position":"center center","background-size":"auto","background-attachment":"scroll","background-type":"","background-media":"","overlay-type":"","overlay-color":"","overlay-opacity":"","overlay-gradient":""},"mobile":{"background-color":"","background-image":"","background-repeat":"repeat","background-position":"center center","background-size":"auto","background-attachment":"scroll","background-type":"","background-media":"","overlay-type":"","overlay-color":"","overlay-opacity":"","overlay-gradient":""}},"ast-content-background-meta":{"desktop":{"background-color":"var(--ast-global-color-5)","background-image":"","background-repeat":"repeat","background-position":"center center","background-size":"auto","background-attachment":"scroll","background-type":"","background-media":"","overlay-type":"","overlay-color":"","overlay-opacity":"","overlay-gradient":""},"tablet":{"background-color":"var(--ast-global-color-5)","background-image":"","background-repeat":"repeat","background-position":"center center","background-size":"auto","background-attachment":"scroll","background-type":"","background-media":"","overlay-type":"","overlay-color":"","overlay-opacity":"","overlay-gradient":""},"mobile":{"background-color":"var(--ast-global-color-5)","background-image":"","background-repeat":"repeat","background-position":"center center","background-size":"auto","background-attachment":"scroll","background-type":"","background-media":"","overlay-type":"","overlay-color":"","overlay-opacity":"","overlay-gradient":""}}},"product_brand":[],"product_cat":[22],"product_tag":[],"class_list":{"0":"post-682","1":"product","2":"type-product","3":"status-publish","4":"has-post-thumbnail","6":"product_cat-electric-folding-bike","7":"desktop-align-left","8":"tablet-align-left","9":"mobile-align-left","10":"ast-product-gallery-layout-horizontal-slider","11":"ast-product-gallery-with-no-image","12":"ast-product-single-variable","13":"ast-product-tabs-layout-horizontal","15":"first","16":"instock","17":"shipping-taxable","18":"purchasable","19":"product-type-variable"},"yoast_head":"<!-- This site is optimized with the Yoast SEO Premium plugin v20.9 (Yoast SEO v27.3) - https:\/\/yoast.com\/product\/yoast-seo-premium-wordpress\/ -->\n<title>EFB11 Folding Electric Bike with 500W Motor, 48V Battery, and 7-Speed Shimano Derailleur - Bglbike<\/title>\n<meta name=\"description\" content=\"The Electric Folding Bike (EFB11) is the perfect transportation solution for those looking for a convenient and energy-efficient way to get around town.\" \/>\n<meta name=\"robots\" content=\"index, follow, max-snippet:-1, max-image-preview:large, max-video-preview:-1\" \/>\n<link rel=\"canonical\" href=\"https:\/\/bglbike.com\/pt\/produto\/efb11\/\" \/>\n<meta property=\"og:locale\" content=\"pt_PT\" \/>\n<meta property=\"og:type\" content=\"article\" \/>\n<meta property=\"og:title\" content=\"EFB11 Folding Electric Bike with 500W Motor, 48V Battery, and 7-Speed Shimano Derailleur\" \/>\n<meta property=\"og:description\" content=\"The Electric Folding Bike (EFB11) is the perfect transportation solution for those looking for a convenient and energy-efficient way to get around town.\" \/>\n<meta property=\"og:url\" content=\"https:\/\/bglbike.com\/pt\/produto\/efb11\/\" \/>\n<meta property=\"og:site_name\" content=\"Bglbike\" \/>\n<meta property=\"article:modified_time\" content=\"2024-01-05T04:29:51+00:00\" \/>\n<meta property=\"og:image\" content=\"https:\/\/bglbike.com\/wp-content\/uploads\/2023\/03\/1-44.png\" \/>\n\t<meta property=\"og:image:width\" content=\"600\" \/>\n\t<meta property=\"og:image:height\" content=\"600\" \/>\n\t<meta property=\"og:image:type\" content=\"image\/png\" \/>\n<meta name=\"twitter:card\" content=\"summary_large_image\" \/>\n<meta name=\"twitter:label1\" content=\"Tempo estimado de leitura\" \/>\n\t<meta name=\"twitter:data1\" content=\"2 minutos\" \/>\n<script type=\"application\/ld+json\" class=\"yoast-schema-graph\">{\"@context\":\"https:\\\/\\\/schema.org\",\"@graph\":[{\"@type\":\"WebPage\",\"@id\":\"https:\\\/\\\/bglbike.com\\\/product\\\/efb11\\\/\",\"url\":\"https:\\\/\\\/bglbike.com\\\/product\\\/efb11\\\/\",\"name\":\"EFB11 Folding Electric Bike with 500W Motor, 48V Battery, and 7-Speed Shimano Derailleur - Bglbike\",\"isPartOf\":{\"@id\":\"https:\\\/\\\/bglbike.com\\\/#website\"},\"primaryImageOfPage\":{\"@id\":\"https:\\\/\\\/bglbike.com\\\/product\\\/efb11\\\/#primaryimage\"},\"image\":{\"@id\":\"https:\\\/\\\/bglbike.com\\\/product\\\/efb11\\\/#primaryimage\"},\"thumbnailUrl\":\"https:\\\/\\\/bglbike.com\\\/wp-content\\\/uploads\\\/2023\\\/03\\\/1-44.png\",\"datePublished\":\"2023-03-31T03:52:45+00:00\",\"dateModified\":\"2024-01-05T04:29:51+00:00\",\"description\":\"The Electric Folding Bike (EFB11) is the perfect transportation solution for those looking for a convenient and energy-efficient way to get around town.\",\"breadcrumb\":{\"@id\":\"https:\\\/\\\/bglbike.com\\\/product\\\/efb11\\\/#breadcrumb\"},\"inLanguage\":\"pt-PT\",\"potentialAction\":[{\"@type\":\"ReadAction\",\"target\":[\"https:\\\/\\\/bglbike.com\\\/product\\\/efb11\\\/\"]}]},{\"@type\":\"ImageObject\",\"inLanguage\":\"pt-PT\",\"@id\":\"https:\\\/\\\/bglbike.com\\\/product\\\/efb11\\\/#primaryimage\",\"url\":\"https:\\\/\\\/bglbike.com\\\/wp-content\\\/uploads\\\/2023\\\/03\\\/1-44.png\",\"contentUrl\":\"https:\\\/\\\/bglbike.com\\\/wp-content\\\/uploads\\\/2023\\\/03\\\/1-44.png\",\"width\":600,\"height\":600,\"caption\":\"EFB11\"},{\"@type\":\"BreadcrumbList\",\"@id\":\"https:\\\/\\\/bglbike.com\\\/product\\\/efb11\\\/#breadcrumb\",\"itemListElement\":[{\"@type\":\"ListItem\",\"position\":1,\"name\":\"Home\",\"item\":\"https:\\\/\\\/bglbike.com\\\/\"},{\"@type\":\"ListItem\",\"position\":2,\"name\":\"Wholesale Electric Bike\",\"item\":\"https:\\\/\\\/bglbike.com\\\/wholesale-electric-bike\\\/\"},{\"@type\":\"ListItem\",\"position\":3,\"name\":\"EFB11 Folding Electric Bike with 500W Motor, 48V Battery, and 7-Speed Shimano Derailleur\"}]},{\"@type\":\"WebSite\",\"@id\":\"https:\\\/\\\/bglbike.com\\\/#website\",\"url\":\"https:\\\/\\\/bglbike.com\\\/\",\"name\":\"Bglbike\",\"description\":\"Top  Ebike manufacturer in China\",\"publisher\":{\"@id\":\"https:\\\/\\\/bglbike.com\\\/#organization\"},\"potentialAction\":[{\"@type\":\"SearchAction\",\"target\":{\"@type\":\"EntryPoint\",\"urlTemplate\":\"https:\\\/\\\/bglbike.com\\\/?s={search_term_string}\"},\"query-input\":{\"@type\":\"PropertyValueSpecification\",\"valueRequired\":true,\"valueName\":\"search_term_string\"}}],\"inLanguage\":\"pt-PT\"},{\"@type\":\"Organization\",\"@id\":\"https:\\\/\\\/bglbike.com\\\/#organization\",\"name\":\"Bglbike\",\"url\":\"https:\\\/\\\/bglbike.com\\\/\",\"logo\":{\"@type\":\"ImageObject\",\"inLanguage\":\"pt-PT\",\"@id\":\"https:\\\/\\\/bglbike.com\\\/#\\\/schema\\\/logo\\\/image\\\/\",\"url\":\"https:\\\/\\\/bglbike.com\\\/wp-content\\\/uploads\\\/2023\\\/04\\\/cropped-LOGO.png\",\"contentUrl\":\"https:\\\/\\\/bglbike.com\\\/wp-content\\\/uploads\\\/2023\\\/04\\\/cropped-LOGO.png\",\"width\":426,\"height\":141,\"caption\":\"Bglbike\"},\"image\":{\"@id\":\"https:\\\/\\\/bglbike.com\\\/#\\\/schema\\\/logo\\\/image\\\/\"}}]}<\/script>\n<!-- \/ Yoast SEO Premium plugin. -->","yoast_head_json":{"title":"EFB11 Folding Electric Bike with 500W Motor, 48V Battery, and 7-Speed Shimano Derailleur - Bglbike","description":"The Electric Folding Bike (EFB11) is the perfect transportation solution for those looking for a convenient and energy-efficient way to get around town.","robots":{"index":"index","follow":"follow","max-snippet":"max-snippet:-1","max-image-preview":"max-image-preview:large","max-video-preview":"max-video-preview:-1"},"canonical":"https:\/\/bglbike.com\/pt\/produto\/efb11\/","og_locale":"pt_PT","og_type":"article","og_title":"EFB11 Folding Electric Bike with 500W Motor, 48V Battery, and 7-Speed Shimano Derailleur","og_description":"The Electric Folding Bike (EFB11) is the perfect transportation solution for those looking for a convenient and energy-efficient way to get around town.","og_url":"https:\/\/bglbike.com\/pt\/produto\/efb11\/","og_site_name":"Bglbike","article_modified_time":"2024-01-05T04:29:51+00:00","og_image":[{"width":600,"height":600,"url":"https:\/\/bglbike.com\/wp-content\/uploads\/2023\/03\/1-44.png","type":"image\/png"}],"twitter_card":"summary_large_image","twitter_misc":{"Tempo estimado de leitura":"2 minutos"},"schema":{"@context":"https:\/\/schema.org","@graph":[{"@type":"WebPage","@id":"https:\/\/bglbike.com\/product\/efb11\/","url":"https:\/\/bglbike.com\/product\/efb11\/","name":"EFB11 Folding Electric Bike with 500W Motor, 48V Battery, and 7-Speed Shimano Derailleur - Bglbike","isPartOf":{"@id":"https:\/\/bglbike.com\/#website"},"primaryImageOfPage":{"@id":"https:\/\/bglbike.com\/product\/efb11\/#primaryimage"},"image":{"@id":"https:\/\/bglbike.com\/product\/efb11\/#primaryimage"},"thumbnailUrl":"https:\/\/bglbike.com\/wp-content\/uploads\/2023\/03\/1-44.png","datePublished":"2023-03-31T03:52:45+00:00","dateModified":"2024-01-05T04:29:51+00:00","description":"The Electric Folding Bike (EFB11) is the perfect transportation solution for those looking for a convenient and energy-efficient way to get around town.","breadcrumb":{"@id":"https:\/\/bglbike.com\/product\/efb11\/#breadcrumb"},"inLanguage":"pt-PT","potentialAction":[{"@type":"ReadAction","target":["https:\/\/bglbike.com\/product\/efb11\/"]}]},{"@type":"ImageObject","inLanguage":"pt-PT","@id":"https:\/\/bglbike.com\/product\/efb11\/#primaryimage","url":"https:\/\/bglbike.com\/wp-content\/uploads\/2023\/03\/1-44.png","contentUrl":"https:\/\/bglbike.com\/wp-content\/uploads\/2023\/03\/1-44.png","width":600,"height":600,"caption":"EFB11"},{"@type":"BreadcrumbList","@id":"https:\/\/bglbike.com\/product\/efb11\/#breadcrumb","itemListElement":[{"@type":"ListItem","position":1,"name":"Home","item":"https:\/\/bglbike.com\/"},{"@type":"ListItem","position":2,"name":"Wholesale Electric Bike","item":"https:\/\/bglbike.com\/wholesale-electric-bike\/"},{"@type":"ListItem","position":3,"name":"EFB11 Folding Electric Bike with 500W Motor, 48V Battery, and 7-Speed Shimano Derailleur"}]},{"@type":"WebSite","@id":"https:\/\/bglbike.com\/#website","url":"https:\/\/bglbike.com\/","name":"Bglbike","description":"Top  Ebike manufacturer in China","publisher":{"@id":"https:\/\/bglbike.com\/#organization"},"potentialAction":[{"@type":"SearchAction","target":{"@type":"EntryPoint","urlTemplate":"https:\/\/bglbike.com\/?s={search_term_string}"},"query-input":{"@type":"PropertyValueSpecification","valueRequired":true,"valueName":"search_term_string"}}],"inLanguage":"pt-PT"},{"@type":"Organization","@id":"https:\/\/bglbike.com\/#organization","name":"Bglbike","url":"https:\/\/bglbike.com\/","logo":{"@type":"ImageObject","inLanguage":"pt-PT","@id":"https:\/\/bglbike.com\/#\/schema\/logo\/image\/","url":"https:\/\/bglbike.com\/wp-content\/uploads\/2023\/04\/cropped-LOGO.png","contentUrl":"https:\/\/bglbike.com\/wp-content\/uploads\/2023\/04\/cropped-LOGO.png","width":426,"height":141,"caption":"Bglbike"},"image":{"@id":"https:\/\/bglbike.com\/#\/schema\/logo\/image\/"}}]}},"_links":{"self":[{"href":"https:\/\/bglbike.com\/pt\/wp-json\/wp\/v2\/product\/682","targetHints":{"allow":["GET"]}}],"collection":[{"href":"https:\/\/bglbike.com\/pt\/wp-json\/wp\/v2\/product"}],"about":[{"href":"https:\/\/bglbike.com\/pt\/wp-json\/wp\/v2\/types\/product"}],"wp:featuredmedia":[{"embeddable":true,"href":"https:\/\/bglbike.com\/pt\/wp-json\/wp\/v2\/media\/4637"}],"wp:attachment":[{"href":"https:\/\/bglbike.com\/pt\/wp-json\/wp\/v2\/media?parent=682"}],"wp:term":[{"taxonomy":"product_brand","embeddable":true,"href":"https:\/\/bglbike.com\/pt\/wp-json\/wp\/v2\/product_brand?post=682"},{"taxonomy":"product_cat","embeddable":true,"href":"https:\/\/bglbike.com\/pt\/wp-json\/wp\/v2\/product_cat?post=682"},{"taxonomy":"product_tag","embeddable":true,"href":"https:\/\/bglbike.com\/pt\/wp-json\/wp\/v2\/product_tag?post=682"}],"curies":[{"name":"wp","href":"https:\/\/api.w.org\/{rel}","templated":true}]}}