{"id":673,"date":"2023-03-31T03:02:04","date_gmt":"2023-03-31T03:02:04","guid":{"rendered":"https:\/\/bglbike.com\/?post_type=product&#038;p=673"},"modified":"2023-05-31T02:52:06","modified_gmt":"2023-05-31T02:52:06","slug":"efb10","status":"publish","type":"product","link":"https:\/\/bglbike.com\/pt\/produto\/efb10\/","title":{"rendered":"EFB10 Bicicleta El\u00e9trica Dobr\u00e1vel 32km\/h. Obtenha at\u00e9 40 milhas (64 km) de alcance estimado"},"content":{"rendered":"<h3>Caracter\u00edsticas<\/h3>\n<p>\u2022 A bicicleta dobr\u00e1vel el\u00e9trica EFB10 \u00e9 uma bicicleta leve e dobr\u00e1vel com portabilidade superior.<br \/>\n\u2022 Sua estrutura \u00e9 constru\u00edda em liga de alum\u00ednio e apresenta um design dobr\u00e1vel patenteado.<br \/>\n\u2022 O sistema de motor integrado com motores de cubo dianteiro e traseiro fornece at\u00e9 25 milhas de alcance com uma \u00fanica carga.<br \/>\n\u2022 A bateria potente e o software de controle intuitivo permitem a personaliza\u00e7\u00e3o da velocidade e da sa\u00edda de energia.<br \/>\n\u2022 A combina\u00e7\u00e3o de recursos a torna uma das bicicletas dobr\u00e1veis mais avan\u00e7adas do mercado atualmente.<\/p>\n<h3>Especifica\u00e7\u00e3o<\/h3>\n<div id=\"footable_parent_676\"\n         class=\"footable_parent ninja_table_wrapper loading_ninja_table wp_table_data_press_parent semantic_ui\">\n                <table data-ninja_table_instance=\"ninja_table_instance_0\" data-footable_id=\"676\" data-filter-delay=\"1000\" aria-label=\"EFB10.csv\"            id=\"footable_676\"\n           data-unique_identifier=\"ninja_table_unique_id_3517505798_676\"\n           class=\"foo-table ninja_footable foo_table_676 ninja_table_unique_id_3517505798_676 ui table  nt_type_legacy_table selectable striped vertical_centered  footable-paging-right ninja_table_pro\">\n                <colgroup>\n                            <col class=\"ninja_column_0\">\n                            <col class=\"ninja_column_1\">\n                            <col class=\"ninja_column_2\">\n                            <col class=\"ninja_column_3\">\n                    <\/colgroup>\n        <thead>\n<tr class=\"footable-header\">\n                                                                        <th scope=\"col\"  class=\"ninja_column_0 ninja_clmn_nm_mainconponents\">CONPONENTES PRINCIPAIS<\/th><th scope=\"col\"  class=\"ninja_column_1 ninja_clmn_nm_ninja_column_2\"><\/th><th scope=\"col\"  class=\"ninja_column_2 ninja_clmn_nm_electricsystem\">SISTEMA EL\u00c9TRICO<\/th><th scope=\"col\"  class=\"ninja_column_3 ninja_clmn_nm_ninja_column_4\"><\/th><\/tr>\n<\/thead>\n<tbody>\n\n        <tr data-row_id=\"327\" class=\"ninja_table_row_0 nt_row_id_327\">\n            <td>Quadro<\/td><td>20&quot;, 6061 Liga de Alum\u00ednio<\/td><td>36Motor<\/td><td>36 V 250 W\/48 V 250 W \/ 48 V 350 W \/ 48 V 500 W \/ 48 V 750 W \/ 48 V 1000 W\/60 V 1000 W<\/td>        <\/tr>\n            <tr data-row_id=\"328\" class=\"ninja_table_row_1 nt_row_id_328\">\n            <td>Garfo<\/td><td>6061 Liga de Alum\u00ednio, r\u00edgida<\/td><td><\/td><td>(bafang) Cubo sem escova montado na parte traseira<\/td>        <\/tr>\n            <tr data-row_id=\"329\" class=\"ninja_table_row_2 nt_row_id_329\">\n            <td>Freio<\/td><td>Disco Tektro com rotores de 160 mm<\/td><td>Bateria<\/td><td>48V 10AH \/ 48V16AH \/ 48V 20AH \/ 52V 20AH \/ 60V 21AH<\/td>        <\/tr>\n            <tr data-row_id=\"330\" class=\"ninja_table_row_3 nt_row_id_330\">\n            <td>Alavancas de freio<\/td><td>Alavancas Tektro e Inibidor de Motor<\/td><td><\/td><td>(LG SAMSUNG) \u00edon de l\u00edtio<\/td>        <\/tr>\n            <tr data-row_id=\"331\" class=\"ninja_table_row_4 nt_row_id_331\">\n            <td>desviador<\/td><td>7 velocidades 1x7, Shimano Tourney TX<\/td><td>Carregador<\/td><td>48V 2A CE\/UL<\/td>        <\/tr>\n            <tr data-row_id=\"332\" class=\"ninja_table_row_5 nt_row_id_332\">\n            <td>c\u00e2mbio<\/td><td>7 velocidades Shimano<\/td><td><\/td><td>4-6 horas<\/td>        <\/tr>\n            <tr data-row_id=\"333\" class=\"ninja_table_row_6 nt_row_id_333\">\n            <td>Manivelas<\/td><td>Coroa de corrente de 48 dentes, bra\u00e7os de manivela Prowheel de 170 mm<\/td><td>Controlador<\/td><td>48V22A \/ 48V25A \/ 48V30A<\/td>        <\/tr>\n            <tr data-row_id=\"334\" class=\"ninja_table_row_7 nt_row_id_334\">\n            <td>Fone de ouvido<\/td><td>Rolamento vedado<\/td><td><\/td><td>controlador integrado<\/td>        <\/tr>\n            <tr data-row_id=\"335\" class=\"ninja_table_row_8 nt_row_id_335\">\n            <td>Tronco<\/td><td>Liga de alum\u00ednio preta ou igual ao quadro<\/td><td>Modo de condu\u00e7\u00e3o<\/td><td>Sensor de cad\u00eancia Pedal Assist 5 n\u00edveis, Thumb Throttle<\/td>        <\/tr>\n            <tr data-row_id=\"336\" class=\"ninja_table_row_9 nt_row_id_336\">\n            <td>Guid\u00e3o<\/td><td>Liga de alum\u00ednio preta ou igual ao quadro<\/td><td>Luz<\/td><td>LED frontal e traseiro<\/td>        <\/tr>\n            <tr data-row_id=\"337\" class=\"ninja_table_row_10 nt_row_id_337\">\n            <td>Punhos<\/td><td>Punhos de borracha Velo pretos<\/td><td>Mostrar<\/td><td>Visor LCD (C961)<\/td>        <\/tr>\n            <tr data-row_id=\"338\" class=\"ninja_table_row_11 nt_row_id_338\">\n            <td>Selim<\/td><td>Para duas pessoas preto<\/td><td>DESEMPENHO<\/td><td><\/td>        <\/tr>\n            <tr data-row_id=\"339\" class=\"ninja_table_row_12 nt_row_id_339\">\n            <td>Aro<\/td><td>Liga de alum\u00ednio preto<\/td><td>Faixa estimada<\/td><td>20 milhas (32 km)-40 milhas (64 km) depende de<\/td>        <\/tr>\n            <tr data-row_id=\"340\" class=\"ninja_table_row_13 nt_row_id_340\">\n            <td>raios<\/td><td>A\u00e7o inoxid\u00e1vel, 36H<\/td><td>Velocidade m\u00e1xima<\/td><td>Europa 25 km\/h ou Am\u00e9rica do Norte: 32 km\/h<\/td>        <\/tr>\n            <tr data-row_id=\"341\" class=\"ninja_table_row_14 nt_row_id_341\">\n            <td>Pneu<\/td><td>Kenda 20&quot; x 4,0&quot;<\/td><td>Tamanho da caixa<\/td><td>148*25*93cm<\/td>        <\/tr>\n            <tr data-row_id=\"342\" class=\"ninja_table_row_15 nt_row_id_342\">\n            <td>Suporte<\/td><td>Alloy Kickstand<\/td><td>QUANTIDADE\/20 P\u00c9S<\/td><td>80 unidades<\/td>        <\/tr>\n    <\/tbody><!--ninja_tobody_rendering_done-->\n    <\/table>\n    \n    \n    \n<\/div>\n\n<h3>Embalagem e entrega<\/h3>\n<p>Detalhes da embalagem: espuma com caixas.<br \/>\nPorto: Ning Bo ou Xangai<\/p>\n<p>Tempo de espera:<div id=\"footable_parent_677\"\n         class=\"footable_parent ninja_table_wrapper loading_ninja_table wp_table_data_press_parent semantic_ui\">\n                <table data-ninja_table_instance=\"ninja_table_instance_1\" data-footable_id=\"677\" data-filter-delay=\"1000\" aria-label=\"EBB.csv\"            id=\"footable_677\"\n           data-unique_identifier=\"ninja_table_unique_id_3954920453_677\"\n           class=\"foo-table ninja_footable foo_table_677 ninja_table_unique_id_3954920453_677 ui table  nt_type_legacy_table selectable striped vertical_centered  footable-paging-right ninja_table_pro\">\n                <colgroup>\n                            <col class=\"ninja_column_0\">\n                            <col class=\"ninja_column_1\">\n                            <col class=\"ninja_column_2\">\n                            <col class=\"ninja_column_3\">\n                    <\/colgroup>\n        <thead>\n<tr class=\"footable-header\">\n                                                                        <th scope=\"col\"  class=\"ninja_column_0 ninja_clmn_nm_quantitypieces\">Quantidade (pe\u00e7as)<\/th><th scope=\"col\"  class=\"ninja_column_1 ninja_clmn_nm_11\">1-1<\/th><th scope=\"col\"  class=\"ninja_column_2 ninja_clmn_nm_22\">2\u00a0-20<\/th><th scope=\"col\"  class=\"ninja_column_3 ninja_clmn_nm_2\">&gt;20<\/th><\/tr>\n<\/thead>\n<tbody>\n\n        <tr data-row_id=\"343\" class=\"ninja_table_row_0 nt_row_id_343\">\n            <td>Prazo de entrega (dias)<\/td><td>3<\/td><td>7<\/td><td>A ser negociado<\/td>        <\/tr>\n    <\/tbody><!--ninja_tobody_rendering_done-->\n    <\/table>\n    \n    \n    \n<\/div>\n<\/p>\n<h3>Imagem da embalagem<\/h3>\n<p><img fetchpriority=\"high\" decoding=\"async\" class=\"size-full wp-image-679\" src=\"https:\/\/bglbike.com\/wp-content\/uploads\/2023\/03\/\u53bb.png\" alt=\"imagem da embalagem\" width=\"600\" height=\"400\" srcset=\"https:\/\/bglbike.com\/wp-content\/uploads\/2023\/03\/\u53bb.png 600w, https:\/\/bglbike.com\/wp-content\/uploads\/2023\/03\/\u53bb-300x200.png 300w, https:\/\/bglbike.com\/wp-content\/uploads\/2023\/03\/\u53bb-250x167.png 250w\" sizes=\"(max-width: 600px) 100vw, 600px\" \/><\/p>\n<h3>capacidade de fornecimento<\/h3>\n<p>20000 pe\u00e7as\/pe\u00e7as por m\u00eas<\/p>\n<h3>Nossas vantagens<\/h3>\n<p><img decoding=\"async\" class=\"wp-image-3564\" src=\"https:\/\/bglbike.com\/wp-content\/uploads\/2023\/04\/1111.webp\" alt=\"Nossas vantagens\" width=\"600\" height=\"400\" \/><\/p>\n<h3>perguntas frequentes<\/h3>\n<p>&nbsp;<\/p>\n<p><strong>Q2: Quais recursos de seguran\u00e7a est\u00e3o inclu\u00eddos na bicicleta dobr\u00e1vel el\u00e9trica EFB10?<\/strong><br \/>\nA EFB10 foi projetada com a seguran\u00e7a em mente, apresentando v\u00e1rios componentes importantes que garantem a seguran\u00e7a do piloto ao operar a bicicleta. Isso inclui freios a disco duplos, aros de roda de alta densidade, guid\u00e3o de a\u00e7o dur\u00e1vel, design de baixo centro de gravidade e um revestimento de borracha antiderrapante aplicado \u00e0 superf\u00edcie de cada roda. A moto tamb\u00e9m possui um sistema de computador integrado que monitora a velocidade do piloto e a pot\u00eancia para evitar poss\u00edveis acidentes ou contratempos durante a opera\u00e7\u00e3o.<\/p>\n<p><strong>Q3: Que tipo de terreno a bicicleta dobr\u00e1vel el\u00e9trica EFB10 suporta?<\/strong><br \/>\nO EFB10 \u00e9 adequado tanto para estradas pavimentadas quanto para terrenos moderados, como grama ou trilhas de terra. O sistema de motor integrado da bicicleta fornece pot\u00eancia suficiente para subir colinas ou enfrentar terrenos irregulares com facilidade, gra\u00e7as \u00e0 sua tra\u00e7\u00e3o aprimorada em condi\u00e7\u00f5es escorregadias em compara\u00e7\u00e3o com as bicicletas dobr\u00e1veis padr\u00e3o com tamanhos de roda menores.<\/p>\n<p><strong>Q4: Quanto tempo leva para recarregar a bateria?<\/strong><br \/>\nO EFB10 vem equipado com uma potente Bateria de L\u00edtio 48V 19.2Ah. Isso o torna ideal para passageiros que precisam de tempos de carregamento r\u00e1pidos entre as viagens para permanecer dentro do cronograma e ainda aproveitar todo o tempo de viagem sem interrup\u00e7\u00e3o devido a problemas com a bateria!<\/p>","protected":false},"excerpt":{"rendered":"<p>O<strong> EFB10 Bicicleta El\u00e9trica Dobr\u00e1vel 32km\/h. Obtenha at\u00e9 40 milhas (64 km) de alcance estimado<\/strong>\u00a0n\u00e3o se trata apenas de conveni\u00eancia - trata-se tamb\u00e9m de seguran\u00e7a! Est\u00e1 equipado com trav\u00f5es de disco dianteiros e traseiros que proporcionam uma pot\u00eancia de travagem superior em todas as condi\u00e7\u00f5es meteorol\u00f3gicas, bem como luzes integradas para visibilidade ao conduzir \u00e0 noite ou quando a visibilidade \u00e9 fraca.<\/p>\n<p>Ent\u00e3o, se voc\u00ea est\u00e1 procurando uma nova maneira de se locomover pela cidade ou apenas quer algo divertido para passear nos finais de semana, considere investir em uma bicicleta el\u00e9trica dobr\u00e1vel! Com seu design leve, recursos de conveni\u00eancia, capacidades de desempenho impressionantes e recursos de seguran\u00e7a superiores, n\u00e3o h\u00e1 d\u00favida de que este meio de transporte de duas rodas se tornar\u00e1 uma parte importante de suas necessidades de transporte.<\/p>","protected":false},"featured_media":3934,"template":"","meta":{"site-sidebar-layout":"default","site-content-layout":"default","ast-site-content-layout":"default","site-content-style":"default","site-sidebar-style":"default","ast-global-header-display":"","ast-banner-title-visibility":"","ast-main-header-display":"","ast-hfb-above-header-display":"","ast-hfb-below-header-display":"","ast-hfb-mobile-header-display":"","site-post-title":"","ast-breadcrumbs-content":"","ast-featured-img":"","footer-sml-layout":"","ast-disable-related-posts":"","theme-transparent-header-meta":"default","adv-header-id-meta":"","stick-header-meta":"default","header-above-stick-meta":"","header-main-stick-meta":"","header-below-stick-meta":"","astra-migrate-meta-layouts":"default","ast-page-background-enabled":"default","ast-page-background-meta":{"desktop":{"background-color":"var(--ast-global-color-4)","background-image":"","background-repeat":"repeat","background-position":"center center","background-size":"auto","background-attachment":"scroll","background-type":"","background-media":"","overlay-type":"","overlay-color":"","overlay-opacity":"","overlay-gradient":""},"tablet":{"background-color":"","background-image":"","background-repeat":"repeat","background-position":"center center","background-size":"auto","background-attachment":"scroll","background-type":"","background-media":"","overlay-type":"","overlay-color":"","overlay-opacity":"","overlay-gradient":""},"mobile":{"background-color":"","background-image":"","background-repeat":"repeat","background-position":"center center","background-size":"auto","background-attachment":"scroll","background-type":"","background-media":"","overlay-type":"","overlay-color":"","overlay-opacity":"","overlay-gradient":""}},"ast-content-background-meta":{"desktop":{"background-color":"var(--ast-global-color-5)","background-image":"","background-repeat":"repeat","background-position":"center center","background-size":"auto","background-attachment":"scroll","background-type":"","background-media":"","overlay-type":"","overlay-color":"","overlay-opacity":"","overlay-gradient":""},"tablet":{"background-color":"var(--ast-global-color-5)","background-image":"","background-repeat":"repeat","background-position":"center center","background-size":"auto","background-attachment":"scroll","background-type":"","background-media":"","overlay-type":"","overlay-color":"","overlay-opacity":"","overlay-gradient":""},"mobile":{"background-color":"var(--ast-global-color-5)","background-image":"","background-repeat":"repeat","background-position":"center center","background-size":"auto","background-attachment":"scroll","background-type":"","background-media":"","overlay-type":"","overlay-color":"","overlay-opacity":"","overlay-gradient":""}}},"product_brand":[],"product_cat":[22],"product_tag":[],"class_list":{"0":"post-673","1":"product","2":"type-product","3":"status-publish","4":"has-post-thumbnail","6":"product_cat-electric-folding-bike","7":"desktop-align-left","8":"tablet-align-left","9":"mobile-align-left","10":"ast-product-gallery-layout-horizontal-slider","11":"ast-product-gallery-with-no-image","12":"ast-product-single-variable","13":"ast-product-tabs-layout-horizontal","15":"first","16":"instock","17":"shipping-taxable","18":"purchasable","19":"product-type-variable"},"yoast_head":"<!-- This site is optimized with the Yoast SEO Premium plugin v20.9 (Yoast SEO v27.3) - https:\/\/yoast.com\/product\/yoast-seo-premium-wordpress\/ -->\n<title>EFB10 Electric Folding Bike 32km\/h. Get up to 40 miles(64 km) of estimated range - Bglbike<\/title>\n<meta name=\"description\" content=\"This energy-efficient electric bike is designed to fold up quickly and easily, making it perfect for everyday commutes or long adventures. With its lightweight frame and powerful motor, you&#039;ll get maximum performance with minimal effort.\" \/>\n<meta name=\"robots\" content=\"index, follow, max-snippet:-1, max-image-preview:large, max-video-preview:-1\" \/>\n<link rel=\"canonical\" href=\"https:\/\/bglbike.com\/pt\/produto\/efb10\/\" \/>\n<meta property=\"og:locale\" content=\"pt_PT\" \/>\n<meta property=\"og:type\" content=\"article\" \/>\n<meta property=\"og:title\" content=\"EFB10 Electric Folding Bike 32km\/h. Get up to 40 miles(64 km) of estimated range\" \/>\n<meta property=\"og:description\" content=\"This energy-efficient electric bike is designed to fold up quickly and easily, making it perfect for everyday commutes or long adventures. With its lightweight frame and powerful motor, you&#039;ll get maximum performance with minimal effort.\" \/>\n<meta property=\"og:url\" content=\"https:\/\/bglbike.com\/pt\/produto\/efb10\/\" \/>\n<meta property=\"og:site_name\" content=\"Bglbike\" \/>\n<meta property=\"article:modified_time\" content=\"2023-05-31T02:52:06+00:00\" \/>\n<meta property=\"og:image\" content=\"https:\/\/bglbike.com\/wp-content\/uploads\/2023\/03\/1-40.png\" \/>\n\t<meta property=\"og:image:width\" content=\"600\" \/>\n\t<meta property=\"og:image:height\" content=\"600\" \/>\n\t<meta property=\"og:image:type\" content=\"image\/png\" \/>\n<meta name=\"twitter:card\" content=\"summary_large_image\" \/>\n<meta name=\"twitter:label1\" content=\"Tempo estimado de leitura\" \/>\n\t<meta name=\"twitter:data1\" content=\"2 minutos\" \/>\n<script type=\"application\/ld+json\" class=\"yoast-schema-graph\">{\"@context\":\"https:\\\/\\\/schema.org\",\"@graph\":[{\"@type\":\"WebPage\",\"@id\":\"https:\\\/\\\/bglbike.com\\\/product\\\/efb10\\\/\",\"url\":\"https:\\\/\\\/bglbike.com\\\/product\\\/efb10\\\/\",\"name\":\"EFB10 Electric Folding Bike 32km\\\/h. Get up to 40 miles(64 km) of estimated range - Bglbike\",\"isPartOf\":{\"@id\":\"https:\\\/\\\/bglbike.com\\\/#website\"},\"primaryImageOfPage\":{\"@id\":\"https:\\\/\\\/bglbike.com\\\/product\\\/efb10\\\/#primaryimage\"},\"image\":{\"@id\":\"https:\\\/\\\/bglbike.com\\\/product\\\/efb10\\\/#primaryimage\"},\"thumbnailUrl\":\"https:\\\/\\\/bglbike.com\\\/wp-content\\\/uploads\\\/2023\\\/03\\\/1-40.png\",\"datePublished\":\"2023-03-31T03:02:04+00:00\",\"dateModified\":\"2023-05-31T02:52:06+00:00\",\"description\":\"This energy-efficient electric bike is designed to fold up quickly and easily, making it perfect for everyday commutes or long adventures. With its lightweight frame and powerful motor, you'll get maximum performance with minimal effort.\",\"breadcrumb\":{\"@id\":\"https:\\\/\\\/bglbike.com\\\/product\\\/efb10\\\/#breadcrumb\"},\"inLanguage\":\"pt-PT\",\"potentialAction\":[{\"@type\":\"ReadAction\",\"target\":[\"https:\\\/\\\/bglbike.com\\\/product\\\/efb10\\\/\"]}]},{\"@type\":\"ImageObject\",\"inLanguage\":\"pt-PT\",\"@id\":\"https:\\\/\\\/bglbike.com\\\/product\\\/efb10\\\/#primaryimage\",\"url\":\"https:\\\/\\\/bglbike.com\\\/wp-content\\\/uploads\\\/2023\\\/03\\\/1-40.png\",\"contentUrl\":\"https:\\\/\\\/bglbike.com\\\/wp-content\\\/uploads\\\/2023\\\/03\\\/1-40.png\",\"width\":600,\"height\":600,\"caption\":\"EFB10\"},{\"@type\":\"BreadcrumbList\",\"@id\":\"https:\\\/\\\/bglbike.com\\\/product\\\/efb10\\\/#breadcrumb\",\"itemListElement\":[{\"@type\":\"ListItem\",\"position\":1,\"name\":\"Home\",\"item\":\"https:\\\/\\\/bglbike.com\\\/\"},{\"@type\":\"ListItem\",\"position\":2,\"name\":\"Wholesale Electric Bike\",\"item\":\"https:\\\/\\\/bglbike.com\\\/wholesale-electric-bike\\\/\"},{\"@type\":\"ListItem\",\"position\":3,\"name\":\"EFB10 Electric Folding Bike 32km\\\/h. Get up to 40 miles(64 km) of estimated range\"}]},{\"@type\":\"WebSite\",\"@id\":\"https:\\\/\\\/bglbike.com\\\/#website\",\"url\":\"https:\\\/\\\/bglbike.com\\\/\",\"name\":\"Bglbike\",\"description\":\"Top  Ebike manufacturer in China\",\"publisher\":{\"@id\":\"https:\\\/\\\/bglbike.com\\\/#organization\"},\"potentialAction\":[{\"@type\":\"SearchAction\",\"target\":{\"@type\":\"EntryPoint\",\"urlTemplate\":\"https:\\\/\\\/bglbike.com\\\/?s={search_term_string}\"},\"query-input\":{\"@type\":\"PropertyValueSpecification\",\"valueRequired\":true,\"valueName\":\"search_term_string\"}}],\"inLanguage\":\"pt-PT\"},{\"@type\":\"Organization\",\"@id\":\"https:\\\/\\\/bglbike.com\\\/#organization\",\"name\":\"Bglbike\",\"url\":\"https:\\\/\\\/bglbike.com\\\/\",\"logo\":{\"@type\":\"ImageObject\",\"inLanguage\":\"pt-PT\",\"@id\":\"https:\\\/\\\/bglbike.com\\\/#\\\/schema\\\/logo\\\/image\\\/\",\"url\":\"https:\\\/\\\/bglbike.com\\\/wp-content\\\/uploads\\\/2023\\\/04\\\/cropped-LOGO.png\",\"contentUrl\":\"https:\\\/\\\/bglbike.com\\\/wp-content\\\/uploads\\\/2023\\\/04\\\/cropped-LOGO.png\",\"width\":426,\"height\":141,\"caption\":\"Bglbike\"},\"image\":{\"@id\":\"https:\\\/\\\/bglbike.com\\\/#\\\/schema\\\/logo\\\/image\\\/\"}}]}<\/script>\n<!-- \/ Yoast SEO Premium plugin. -->","yoast_head_json":{"title":"EFB10 Electric Folding Bike 32km\/h. Get up to 40 miles(64 km) of estimated range - Bglbike","description":"This energy-efficient electric bike is designed to fold up quickly and easily, making it perfect for everyday commutes or long adventures. With its lightweight frame and powerful motor, you'll get maximum performance with minimal effort.","robots":{"index":"index","follow":"follow","max-snippet":"max-snippet:-1","max-image-preview":"max-image-preview:large","max-video-preview":"max-video-preview:-1"},"canonical":"https:\/\/bglbike.com\/pt\/produto\/efb10\/","og_locale":"pt_PT","og_type":"article","og_title":"EFB10 Electric Folding Bike 32km\/h. Get up to 40 miles(64 km) of estimated range","og_description":"This energy-efficient electric bike is designed to fold up quickly and easily, making it perfect for everyday commutes or long adventures. With its lightweight frame and powerful motor, you'll get maximum performance with minimal effort.","og_url":"https:\/\/bglbike.com\/pt\/produto\/efb10\/","og_site_name":"Bglbike","article_modified_time":"2023-05-31T02:52:06+00:00","og_image":[{"width":600,"height":600,"url":"https:\/\/bglbike.com\/wp-content\/uploads\/2023\/03\/1-40.png","type":"image\/png"}],"twitter_card":"summary_large_image","twitter_misc":{"Tempo estimado de leitura":"2 minutos"},"schema":{"@context":"https:\/\/schema.org","@graph":[{"@type":"WebPage","@id":"https:\/\/bglbike.com\/product\/efb10\/","url":"https:\/\/bglbike.com\/product\/efb10\/","name":"EFB10 Electric Folding Bike 32km\/h. Get up to 40 miles(64 km) of estimated range - Bglbike","isPartOf":{"@id":"https:\/\/bglbike.com\/#website"},"primaryImageOfPage":{"@id":"https:\/\/bglbike.com\/product\/efb10\/#primaryimage"},"image":{"@id":"https:\/\/bglbike.com\/product\/efb10\/#primaryimage"},"thumbnailUrl":"https:\/\/bglbike.com\/wp-content\/uploads\/2023\/03\/1-40.png","datePublished":"2023-03-31T03:02:04+00:00","dateModified":"2023-05-31T02:52:06+00:00","description":"This energy-efficient electric bike is designed to fold up quickly and easily, making it perfect for everyday commutes or long adventures. With its lightweight frame and powerful motor, you'll get maximum performance with minimal effort.","breadcrumb":{"@id":"https:\/\/bglbike.com\/product\/efb10\/#breadcrumb"},"inLanguage":"pt-PT","potentialAction":[{"@type":"ReadAction","target":["https:\/\/bglbike.com\/product\/efb10\/"]}]},{"@type":"ImageObject","inLanguage":"pt-PT","@id":"https:\/\/bglbike.com\/product\/efb10\/#primaryimage","url":"https:\/\/bglbike.com\/wp-content\/uploads\/2023\/03\/1-40.png","contentUrl":"https:\/\/bglbike.com\/wp-content\/uploads\/2023\/03\/1-40.png","width":600,"height":600,"caption":"EFB10"},{"@type":"BreadcrumbList","@id":"https:\/\/bglbike.com\/product\/efb10\/#breadcrumb","itemListElement":[{"@type":"ListItem","position":1,"name":"Home","item":"https:\/\/bglbike.com\/"},{"@type":"ListItem","position":2,"name":"Wholesale Electric Bike","item":"https:\/\/bglbike.com\/wholesale-electric-bike\/"},{"@type":"ListItem","position":3,"name":"EFB10 Electric Folding Bike 32km\/h. Get up to 40 miles(64 km) of estimated range"}]},{"@type":"WebSite","@id":"https:\/\/bglbike.com\/#website","url":"https:\/\/bglbike.com\/","name":"Bglbike","description":"Top  Ebike manufacturer in China","publisher":{"@id":"https:\/\/bglbike.com\/#organization"},"potentialAction":[{"@type":"SearchAction","target":{"@type":"EntryPoint","urlTemplate":"https:\/\/bglbike.com\/?s={search_term_string}"},"query-input":{"@type":"PropertyValueSpecification","valueRequired":true,"valueName":"search_term_string"}}],"inLanguage":"pt-PT"},{"@type":"Organization","@id":"https:\/\/bglbike.com\/#organization","name":"Bglbike","url":"https:\/\/bglbike.com\/","logo":{"@type":"ImageObject","inLanguage":"pt-PT","@id":"https:\/\/bglbike.com\/#\/schema\/logo\/image\/","url":"https:\/\/bglbike.com\/wp-content\/uploads\/2023\/04\/cropped-LOGO.png","contentUrl":"https:\/\/bglbike.com\/wp-content\/uploads\/2023\/04\/cropped-LOGO.png","width":426,"height":141,"caption":"Bglbike"},"image":{"@id":"https:\/\/bglbike.com\/#\/schema\/logo\/image\/"}}]}},"_links":{"self":[{"href":"https:\/\/bglbike.com\/pt\/wp-json\/wp\/v2\/product\/673","targetHints":{"allow":["GET"]}}],"collection":[{"href":"https:\/\/bglbike.com\/pt\/wp-json\/wp\/v2\/product"}],"about":[{"href":"https:\/\/bglbike.com\/pt\/wp-json\/wp\/v2\/types\/product"}],"wp:featuredmedia":[{"embeddable":true,"href":"https:\/\/bglbike.com\/pt\/wp-json\/wp\/v2\/media\/3934"}],"wp:attachment":[{"href":"https:\/\/bglbike.com\/pt\/wp-json\/wp\/v2\/media?parent=673"}],"wp:term":[{"taxonomy":"product_brand","embeddable":true,"href":"https:\/\/bglbike.com\/pt\/wp-json\/wp\/v2\/product_brand?post=673"},{"taxonomy":"product_cat","embeddable":true,"href":"https:\/\/bglbike.com\/pt\/wp-json\/wp\/v2\/product_cat?post=673"},{"taxonomy":"product_tag","embeddable":true,"href":"https:\/\/bglbike.com\/pt\/wp-json\/wp\/v2\/product_tag?post=673"}],"curies":[{"name":"wp","href":"https:\/\/api.w.org\/{rel}","templated":true}]}}