{"id":664,"date":"2023-03-30T10:33:55","date_gmt":"2023-03-30T10:33:55","guid":{"rendered":"https:\/\/bglbike.com\/?post_type=product&#038;p=664"},"modified":"2023-05-31T02:52:50","modified_gmt":"2023-05-31T02:52:50","slug":"efb09","status":"publish","type":"product","link":"https:\/\/bglbike.com\/pt\/produto\/efb09\/","title":{"rendered":"EFB09 Bicicleta El\u00e9trica Dobr\u00e1vel: Motor 36V 250W, Certificado CE e RoHS 6 Cores"},"content":{"rendered":"<h3>Caracter\u00edsticas<\/h3>\n<p>\u2022 A Bicicleta El\u00e9ctrica Dobr\u00e1vel EFB09 \u00e9 um meio de transporte vers\u00e1til e potente com um motor de 36V 250W.<br \/>\n\u2022 Foi certificado pela CE e RoHS, garantindo os mais altos padr\u00f5es ambientais e de seguran\u00e7a.<br \/>\n\u2022 Capaz de ser dobrada para um tamanho compacto, esta bicicleta oferece conveni\u00eancia e estilo sem sacrificar o desempenho.<br \/>\n\u2022 Dispon\u00edvel em seis cores, a bicicleta dobr\u00e1vel el\u00e9trica EFB09 \u00e9 uma solu\u00e7\u00e3o ecol\u00f3gica ideal para as necessidades di\u00e1rias de deslocamento.<\/p>\n<h3>Especifica\u00e7\u00e3o<\/h3>\n<div id=\"footable_parent_667\"\n         class=\"footable_parent ninja_table_wrapper loading_ninja_table wp_table_data_press_parent semantic_ui\">\n                <table data-ninja_table_instance=\"ninja_table_instance_0\" data-footable_id=\"667\" data-filter-delay=\"1000\" aria-label=\"EFB09.csv\"            id=\"footable_667\"\n           data-unique_identifier=\"ninja_table_unique_id_2422277863_667\"\n           class=\"foo-table ninja_footable foo_table_667 ninja_table_unique_id_2422277863_667 ui table  nt_type_legacy_table selectable striped vertical_centered  footable-paging-right ninja_table_pro\">\n                <colgroup>\n                            <col class=\"ninja_column_0\">\n                            <col class=\"ninja_column_1\">\n                            <col class=\"ninja_column_2\">\n                            <col class=\"ninja_column_3\">\n                    <\/colgroup>\n        <thead>\n<tr class=\"footable-header\">\n                                                                        <th scope=\"col\"  class=\"ninja_column_0 ninja_clmn_nm_batteryworkinglife\">Vida \u00fatil da bateria<\/th><th scope=\"col\"  class=\"ninja_column_1 ninja_clmn_nm_8cycles\">&gt;800 ciclos<\/th><th scope=\"col\"  class=\"ninja_column_2 ninja_clmn_nm_chargetime\">Hora de carregar<\/th><th scope=\"col\"  class=\"ninja_column_3 ninja_clmn_nm_46hours\">4-6 horas<\/th><\/tr>\n<\/thead>\n<tbody>\n\n        <tr data-row_id=\"320\" class=\"ninja_table_row_0 nt_row_id_320\">\n            <td>Cor<\/td><td>branco, preto, vermelho, verde, azul, amarelo<\/td><td>Velocidade m\u00e1xima<\/td><td>Europa: 25km\/h; Am\u00e9rica do Norte, Canad\u00e1: 32km\/h<\/td>        <\/tr>\n            <tr data-row_id=\"321\" class=\"ninja_table_row_1 nt_row_id_321\">\n            <td>Motor<\/td><td>36V 250W<\/td><td>Certifica\u00e7\u00e3o<\/td><td>CE, RoHS<\/td>        <\/tr>\n            <tr data-row_id=\"322\" class=\"ninja_table_row_2 nt_row_id_322\">\n            <td>Bateria<\/td><td>36V 10AH<\/td><td>garantia<\/td><td>1 ano<\/td>        <\/tr>\n            <tr data-row_id=\"323\" class=\"ninja_table_row_3 nt_row_id_323\">\n            <td>Nome do item<\/td><td>Bicicleta El\u00e9trica Dobr\u00e1vel<\/td><td>Mudan\u00e7a<\/td><td>Shimano 7 velocidades<\/td>        <\/tr>\n            <tr data-row_id=\"324\" class=\"ninja_table_row_4 nt_row_id_324\">\n            <td>Garfo<\/td><td>r\u00edgido, alum\u00ednio\/suspens\u00e3o<\/td><td>MOQ<\/td><td>10 pe\u00e7as<\/td>        <\/tr>\n            <tr data-row_id=\"325\" class=\"ninja_table_row_5 nt_row_id_325\">\n            <td>N\u00famero do modelo<\/td><td>BGL-EFB09<\/td><td>Pre\u00e7o<\/td><td>10-50 PCS USD 390,00<\/td>        <\/tr>\n            <tr data-row_id=\"326\" class=\"ninja_table_row_6 nt_row_id_326\">\n            <td>Quadro<\/td><td>6061 Liga de Alum\u00ednio<\/td><td>Porta<\/td><td>Ningbo\/Xangai<\/td>        <\/tr>\n    <\/tbody><!--ninja_tobody_rendering_done-->\n    <\/table>\n    \n    \n    \n<\/div>\n\n<h3>Embalagem e entrega<\/h3>\n<p>Detalhes da embalagem: Tamanho da caixa: 94*40*70 cm<br \/>\nRecipiente: 100 pe\u00e7as\/20 p\u00e9s 210 pe\u00e7as\/40 p\u00e9s 270 pe\u00e7as\/40HQ<br \/>\nPorto: Ningbo<br \/>\nPrazo de entrega: Enviado em 45 dias ap\u00f3s o pagamento<\/p>\n<h3>capacidade de fornecimento<\/h3>\n<p>1000 pe\u00e7as\/pe\u00e7as por m\u00eas<\/p>\n<h3>Detalhe da imagem<\/h3>\n<p><img fetchpriority=\"high\" decoding=\"async\" class=\"wp-image-3616\" src=\"https:\/\/bglbike.com\/wp-content\/uploads\/2023\/03\/333-17-e1681265019222.png\" alt=\"Imagens detalhadas\" width=\"800\" height=\"545\" srcset=\"https:\/\/bglbike.com\/wp-content\/uploads\/2023\/03\/333-17-e1681265019222.png 600w, https:\/\/bglbike.com\/wp-content\/uploads\/2023\/03\/333-17-e1681265019222-300x205.png 300w, https:\/\/bglbike.com\/wp-content\/uploads\/2023\/03\/333-17-e1681265019222-18x12.png 18w, https:\/\/bglbike.com\/wp-content\/uploads\/2023\/03\/333-17-e1681265019222-250x170.png 250w\" sizes=\"(max-width: 800px) 100vw, 800px\" \/><\/p>\n<h3>perguntas frequentes<\/h3>\n<p>&nbsp;<\/p>\n<p><strong>1. Para que tipo de terreno \u00e9 a bicicleta dobr\u00e1vel el\u00e9trica EFB09: Motor 36V 250W, certificado CE e RoHS 6 cores adequadas?<\/strong><br \/>\nO EFB09 foi projetado para lidar com uma variedade de terrenos, incluindo condi\u00e7\u00f5es urbanas e rurais.<\/p>\n<p><strong>2. A bicicleta dobr\u00e1vel el\u00e9trica EFB09 \u00e9 f\u00e1cil de dobrar e guardar?<\/strong><br \/>\nSua estrutura de alum\u00ednio leve e design compacto facilitam a redu\u00e7\u00e3o da bicicleta para um tamanho pequeno, que pode ser armazenado em um arm\u00e1rio, embaixo de uma mesa ou no porta-malas de um carro.<\/p>\n<p><strong>3. \u00c9 f\u00e1cil montar a bicicleta dobr\u00e1vel el\u00e9trica EFB09: Motor 36V 250W, certificado CE e RoHS 6 cores?<\/strong><br \/>\nSim, o EFB09 vem parcialmente montado e feito facilmente com apenas algumas ferramentas essenciais. As instru\u00e7\u00f5es est\u00e3o inclu\u00eddas na bicicleta e a maioria dos usu\u00e1rios pode mont\u00e1-la em menos de uma hora.<\/p>\n<p><strong>4. Qual \u00e9 a pol\u00edtica de garantia para a bicicleta dobr\u00e1vel el\u00e9trica EFB09: Motor 36V 250W, certificado CE e RoHS 6 cores?<\/strong><br \/>\nO EFB09 vem com garantia de um ano em todas as pe\u00e7as. Esta garantia cobre defeitos de materiais ou m\u00e3o de obra, mas n\u00e3o cobre desgaste normal ou danos causados por uso indevido ou acidentes.<\/p>","protected":false},"excerpt":{"rendered":"<p>Apresentando o <strong>EFB09 Bicicleta El\u00e9trica Dobr\u00e1vel: Motor 36V 250W, Certificado CE e RoHS 6 Cores<\/strong>! Esta bicicleta f\u00e1cil de manobrar \u00e9 feita de materiais de alta qualidade e possui certifica\u00e7\u00e3o CE e RoHS. Alimentado por um motor de 36 V 250 W, \u00e9 perfeito para deslocamentos e tarefas di\u00e1rias. Quer v\u00e1 para a escola ou para o trabalho, esta bicicleta ir\u00e1 lev\u00e1-lo at\u00e9 l\u00e1 de forma r\u00e1pida e tranquila. Al\u00e9m disso, vem em 6 cores vibrantes, para que voc\u00ea escolha a que mais combina com seu estilo. Ent\u00e3o, o que voc\u00ea est\u00e1 esperando? Coloque as m\u00e3os na bicicleta el\u00e9trica dobr\u00e1vel EFB09 hoje e experimente a alegria de andar!<\/p>","protected":false},"featured_media":3931,"template":"","meta":{"site-sidebar-layout":"default","site-content-layout":"default","ast-site-content-layout":"default","site-content-style":"default","site-sidebar-style":"default","ast-global-header-display":"","ast-banner-title-visibility":"","ast-main-header-display":"","ast-hfb-above-header-display":"","ast-hfb-below-header-display":"","ast-hfb-mobile-header-display":"","site-post-title":"","ast-breadcrumbs-content":"","ast-featured-img":"","footer-sml-layout":"","ast-disable-related-posts":"","theme-transparent-header-meta":"default","adv-header-id-meta":"","stick-header-meta":"default","header-above-stick-meta":"","header-main-stick-meta":"","header-below-stick-meta":"","astra-migrate-meta-layouts":"default","ast-page-background-enabled":"default","ast-page-background-meta":{"desktop":{"background-color":"var(--ast-global-color-4)","background-image":"","background-repeat":"repeat","background-position":"center center","background-size":"auto","background-attachment":"scroll","background-type":"","background-media":"","overlay-type":"","overlay-color":"","overlay-opacity":"","overlay-gradient":""},"tablet":{"background-color":"","background-image":"","background-repeat":"repeat","background-position":"center center","background-size":"auto","background-attachment":"scroll","background-type":"","background-media":"","overlay-type":"","overlay-color":"","overlay-opacity":"","overlay-gradient":""},"mobile":{"background-color":"","background-image":"","background-repeat":"repeat","background-position":"center center","background-size":"auto","background-attachment":"scroll","background-type":"","background-media":"","overlay-type":"","overlay-color":"","overlay-opacity":"","overlay-gradient":""}},"ast-content-background-meta":{"desktop":{"background-color":"var(--ast-global-color-5)","background-image":"","background-repeat":"repeat","background-position":"center center","background-size":"auto","background-attachment":"scroll","background-type":"","background-media":"","overlay-type":"","overlay-color":"","overlay-opacity":"","overlay-gradient":""},"tablet":{"background-color":"var(--ast-global-color-5)","background-image":"","background-repeat":"repeat","background-position":"center center","background-size":"auto","background-attachment":"scroll","background-type":"","background-media":"","overlay-type":"","overlay-color":"","overlay-opacity":"","overlay-gradient":""},"mobile":{"background-color":"var(--ast-global-color-5)","background-image":"","background-repeat":"repeat","background-position":"center center","background-size":"auto","background-attachment":"scroll","background-type":"","background-media":"","overlay-type":"","overlay-color":"","overlay-opacity":"","overlay-gradient":""}}},"product_brand":[],"product_cat":[22],"product_tag":[],"class_list":{"0":"post-664","1":"product","2":"type-product","3":"status-publish","4":"has-post-thumbnail","6":"product_cat-electric-folding-bike","7":"desktop-align-left","8":"tablet-align-left","9":"mobile-align-left","10":"ast-product-gallery-layout-horizontal-slider","11":"ast-product-gallery-with-no-image","12":"ast-product-single-variable","13":"ast-product-tabs-layout-horizontal","15":"first","16":"instock","17":"shipping-taxable","18":"purchasable","19":"product-type-variable"},"yoast_head":"<!-- This site is optimized with the Yoast SEO Premium plugin v20.9 (Yoast SEO v27.4) - https:\/\/yoast.com\/product\/yoast-seo-premium-wordpress\/ -->\n<title>EFB09 Electric Folding Bike: 36V 250W Motor, CE and RoHS Certified 6 Colors - Bglbike<\/title>\n<meta name=\"description\" content=\"Introducing the EFB09 Electric Folding Bike, equipped with a powerful 36V 250W motor and available in six vibrant colors.\" \/>\n<meta name=\"robots\" content=\"index, follow, max-snippet:-1, max-image-preview:large, max-video-preview:-1\" \/>\n<link rel=\"canonical\" href=\"https:\/\/bglbike.com\/pt\/produto\/efb09\/\" \/>\n<meta property=\"og:locale\" content=\"pt_PT\" \/>\n<meta property=\"og:type\" content=\"article\" \/>\n<meta property=\"og:title\" content=\"EFB09 Electric Folding Bike: 36V 250W Motor, CE and RoHS Certified 6 Colors\" \/>\n<meta property=\"og:description\" content=\"Introducing the EFB09 Electric Folding Bike, equipped with a powerful 36V 250W motor and available in six vibrant colors.\" \/>\n<meta property=\"og:url\" content=\"https:\/\/bglbike.com\/pt\/produto\/efb09\/\" \/>\n<meta property=\"og:site_name\" content=\"Bglbike\" \/>\n<meta property=\"article:modified_time\" content=\"2023-05-31T02:52:50+00:00\" \/>\n<meta property=\"og:image\" content=\"https:\/\/bglbike.com\/wp-content\/uploads\/2023\/03\/1-37.png\" \/>\n\t<meta property=\"og:image:width\" content=\"600\" \/>\n\t<meta property=\"og:image:height\" content=\"600\" \/>\n\t<meta property=\"og:image:type\" content=\"image\/png\" \/>\n<meta name=\"twitter:card\" content=\"summary_large_image\" \/>\n<meta name=\"twitter:label1\" content=\"Tempo estimado de leitura\" \/>\n\t<meta name=\"twitter:data1\" content=\"2 minutos\" \/>\n<script type=\"application\/ld+json\" class=\"yoast-schema-graph\">{\"@context\":\"https:\\\/\\\/schema.org\",\"@graph\":[{\"@type\":\"WebPage\",\"@id\":\"https:\\\/\\\/bglbike.com\\\/product\\\/efb09\\\/\",\"url\":\"https:\\\/\\\/bglbike.com\\\/product\\\/efb09\\\/\",\"name\":\"EFB09 Electric Folding Bike: 36V 250W Motor, CE and RoHS Certified 6 Colors - Bglbike\",\"isPartOf\":{\"@id\":\"https:\\\/\\\/bglbike.com\\\/#website\"},\"primaryImageOfPage\":{\"@id\":\"https:\\\/\\\/bglbike.com\\\/product\\\/efb09\\\/#primaryimage\"},\"image\":{\"@id\":\"https:\\\/\\\/bglbike.com\\\/product\\\/efb09\\\/#primaryimage\"},\"thumbnailUrl\":\"https:\\\/\\\/bglbike.com\\\/wp-content\\\/uploads\\\/2023\\\/03\\\/1-37.png\",\"datePublished\":\"2023-03-30T10:33:55+00:00\",\"dateModified\":\"2023-05-31T02:52:50+00:00\",\"description\":\"Introducing the EFB09 Electric Folding Bike, equipped with a powerful 36V 250W motor and available in six vibrant colors.\",\"breadcrumb\":{\"@id\":\"https:\\\/\\\/bglbike.com\\\/product\\\/efb09\\\/#breadcrumb\"},\"inLanguage\":\"pt-PT\",\"potentialAction\":[{\"@type\":\"ReadAction\",\"target\":[\"https:\\\/\\\/bglbike.com\\\/product\\\/efb09\\\/\"]}]},{\"@type\":\"ImageObject\",\"inLanguage\":\"pt-PT\",\"@id\":\"https:\\\/\\\/bglbike.com\\\/product\\\/efb09\\\/#primaryimage\",\"url\":\"https:\\\/\\\/bglbike.com\\\/wp-content\\\/uploads\\\/2023\\\/03\\\/1-37.png\",\"contentUrl\":\"https:\\\/\\\/bglbike.com\\\/wp-content\\\/uploads\\\/2023\\\/03\\\/1-37.png\",\"width\":600,\"height\":600,\"caption\":\"EFB09\"},{\"@type\":\"BreadcrumbList\",\"@id\":\"https:\\\/\\\/bglbike.com\\\/product\\\/efb09\\\/#breadcrumb\",\"itemListElement\":[{\"@type\":\"ListItem\",\"position\":1,\"name\":\"Home\",\"item\":\"https:\\\/\\\/bglbike.com\\\/\"},{\"@type\":\"ListItem\",\"position\":2,\"name\":\"Wholesale Electric Bike\",\"item\":\"https:\\\/\\\/bglbike.com\\\/wholesale-electric-bike\\\/\"},{\"@type\":\"ListItem\",\"position\":3,\"name\":\"EFB09 Electric Folding Bike: 36V 250W Motor, CE and RoHS Certified 6 Colors\"}]},{\"@type\":\"WebSite\",\"@id\":\"https:\\\/\\\/bglbike.com\\\/#website\",\"url\":\"https:\\\/\\\/bglbike.com\\\/\",\"name\":\"Bglbike\",\"description\":\"Top  Ebike manufacturer in China\",\"publisher\":{\"@id\":\"https:\\\/\\\/bglbike.com\\\/#organization\"},\"potentialAction\":[{\"@type\":\"SearchAction\",\"target\":{\"@type\":\"EntryPoint\",\"urlTemplate\":\"https:\\\/\\\/bglbike.com\\\/?s={search_term_string}\"},\"query-input\":{\"@type\":\"PropertyValueSpecification\",\"valueRequired\":true,\"valueName\":\"search_term_string\"}}],\"inLanguage\":\"pt-PT\"},{\"@type\":\"Organization\",\"@id\":\"https:\\\/\\\/bglbike.com\\\/#organization\",\"name\":\"Bglbike\",\"url\":\"https:\\\/\\\/bglbike.com\\\/\",\"logo\":{\"@type\":\"ImageObject\",\"inLanguage\":\"pt-PT\",\"@id\":\"https:\\\/\\\/bglbike.com\\\/#\\\/schema\\\/logo\\\/image\\\/\",\"url\":\"https:\\\/\\\/bglbike.com\\\/wp-content\\\/uploads\\\/2023\\\/04\\\/cropped-LOGO.png\",\"contentUrl\":\"https:\\\/\\\/bglbike.com\\\/wp-content\\\/uploads\\\/2023\\\/04\\\/cropped-LOGO.png\",\"width\":426,\"height\":141,\"caption\":\"Bglbike\"},\"image\":{\"@id\":\"https:\\\/\\\/bglbike.com\\\/#\\\/schema\\\/logo\\\/image\\\/\"}}]}<\/script>\n<!-- \/ Yoast SEO Premium plugin. -->","yoast_head_json":{"title":"EFB09 Electric Folding Bike: 36V 250W Motor, CE and RoHS Certified 6 Colors - Bglbike","description":"Introducing the EFB09 Electric Folding Bike, equipped with a powerful 36V 250W motor and available in six vibrant colors.","robots":{"index":"index","follow":"follow","max-snippet":"max-snippet:-1","max-image-preview":"max-image-preview:large","max-video-preview":"max-video-preview:-1"},"canonical":"https:\/\/bglbike.com\/pt\/produto\/efb09\/","og_locale":"pt_PT","og_type":"article","og_title":"EFB09 Electric Folding Bike: 36V 250W Motor, CE and RoHS Certified 6 Colors","og_description":"Introducing the EFB09 Electric Folding Bike, equipped with a powerful 36V 250W motor and available in six vibrant colors.","og_url":"https:\/\/bglbike.com\/pt\/produto\/efb09\/","og_site_name":"Bglbike","article_modified_time":"2023-05-31T02:52:50+00:00","og_image":[{"width":600,"height":600,"url":"https:\/\/bglbike.com\/wp-content\/uploads\/2023\/03\/1-37.png","type":"image\/png"}],"twitter_card":"summary_large_image","twitter_misc":{"Tempo estimado de leitura":"2 minutos"},"schema":{"@context":"https:\/\/schema.org","@graph":[{"@type":"WebPage","@id":"https:\/\/bglbike.com\/product\/efb09\/","url":"https:\/\/bglbike.com\/product\/efb09\/","name":"EFB09 Electric Folding Bike: 36V 250W Motor, CE and RoHS Certified 6 Colors - Bglbike","isPartOf":{"@id":"https:\/\/bglbike.com\/#website"},"primaryImageOfPage":{"@id":"https:\/\/bglbike.com\/product\/efb09\/#primaryimage"},"image":{"@id":"https:\/\/bglbike.com\/product\/efb09\/#primaryimage"},"thumbnailUrl":"https:\/\/bglbike.com\/wp-content\/uploads\/2023\/03\/1-37.png","datePublished":"2023-03-30T10:33:55+00:00","dateModified":"2023-05-31T02:52:50+00:00","description":"Introducing the EFB09 Electric Folding Bike, equipped with a powerful 36V 250W motor and available in six vibrant colors.","breadcrumb":{"@id":"https:\/\/bglbike.com\/product\/efb09\/#breadcrumb"},"inLanguage":"pt-PT","potentialAction":[{"@type":"ReadAction","target":["https:\/\/bglbike.com\/product\/efb09\/"]}]},{"@type":"ImageObject","inLanguage":"pt-PT","@id":"https:\/\/bglbike.com\/product\/efb09\/#primaryimage","url":"https:\/\/bglbike.com\/wp-content\/uploads\/2023\/03\/1-37.png","contentUrl":"https:\/\/bglbike.com\/wp-content\/uploads\/2023\/03\/1-37.png","width":600,"height":600,"caption":"EFB09"},{"@type":"BreadcrumbList","@id":"https:\/\/bglbike.com\/product\/efb09\/#breadcrumb","itemListElement":[{"@type":"ListItem","position":1,"name":"Home","item":"https:\/\/bglbike.com\/"},{"@type":"ListItem","position":2,"name":"Wholesale Electric Bike","item":"https:\/\/bglbike.com\/wholesale-electric-bike\/"},{"@type":"ListItem","position":3,"name":"EFB09 Electric Folding Bike: 36V 250W Motor, CE and RoHS Certified 6 Colors"}]},{"@type":"WebSite","@id":"https:\/\/bglbike.com\/#website","url":"https:\/\/bglbike.com\/","name":"Bglbike","description":"Top  Ebike manufacturer in China","publisher":{"@id":"https:\/\/bglbike.com\/#organization"},"potentialAction":[{"@type":"SearchAction","target":{"@type":"EntryPoint","urlTemplate":"https:\/\/bglbike.com\/?s={search_term_string}"},"query-input":{"@type":"PropertyValueSpecification","valueRequired":true,"valueName":"search_term_string"}}],"inLanguage":"pt-PT"},{"@type":"Organization","@id":"https:\/\/bglbike.com\/#organization","name":"Bglbike","url":"https:\/\/bglbike.com\/","logo":{"@type":"ImageObject","inLanguage":"pt-PT","@id":"https:\/\/bglbike.com\/#\/schema\/logo\/image\/","url":"https:\/\/bglbike.com\/wp-content\/uploads\/2023\/04\/cropped-LOGO.png","contentUrl":"https:\/\/bglbike.com\/wp-content\/uploads\/2023\/04\/cropped-LOGO.png","width":426,"height":141,"caption":"Bglbike"},"image":{"@id":"https:\/\/bglbike.com\/#\/schema\/logo\/image\/"}}]}},"_links":{"self":[{"href":"https:\/\/bglbike.com\/pt\/wp-json\/wp\/v2\/product\/664","targetHints":{"allow":["GET"]}}],"collection":[{"href":"https:\/\/bglbike.com\/pt\/wp-json\/wp\/v2\/product"}],"about":[{"href":"https:\/\/bglbike.com\/pt\/wp-json\/wp\/v2\/types\/product"}],"wp:featuredmedia":[{"embeddable":true,"href":"https:\/\/bglbike.com\/pt\/wp-json\/wp\/v2\/media\/3931"}],"wp:attachment":[{"href":"https:\/\/bglbike.com\/pt\/wp-json\/wp\/v2\/media?parent=664"}],"wp:term":[{"taxonomy":"product_brand","embeddable":true,"href":"https:\/\/bglbike.com\/pt\/wp-json\/wp\/v2\/product_brand?post=664"},{"taxonomy":"product_cat","embeddable":true,"href":"https:\/\/bglbike.com\/pt\/wp-json\/wp\/v2\/product_cat?post=664"},{"taxonomy":"product_tag","embeddable":true,"href":"https:\/\/bglbike.com\/pt\/wp-json\/wp\/v2\/product_tag?post=664"}],"curies":[{"name":"wp","href":"https:\/\/api.w.org\/{rel}","templated":true}]}}