{"id":647,"date":"2023-03-30T09:23:12","date_gmt":"2023-03-30T09:23:12","guid":{"rendered":"https:\/\/bglbike.com\/?post_type=product&#038;p=647"},"modified":"2023-05-31T02:54:09","modified_gmt":"2023-05-31T02:54:09","slug":"efb06","status":"publish","type":"product","link":"https:\/\/bglbike.com\/pt\/produto\/emb06\/","title":{"rendered":"EFB06 Bicicleta dobr\u00e1vel el\u00e9trica leve com bateria de \u00edon de l\u00edtio Samsung"},"content":{"rendered":"<h3>Especifica\u00e7\u00e3o do produto<\/h3>\n<div id=\"footable_parent_3634\"\n         class=\"footable_parent ninja_table_wrapper loading_ninja_table wp_table_data_press_parent semantic_ui\">\n                <table data-ninja_table_instance=\"ninja_table_instance_0\" data-footable_id=\"3634\" data-filter-delay=\"1000\" aria-label=\"EMB06.csv\"            id=\"footable_3634\"\n           data-unique_identifier=\"ninja_table_unique_id_514166008_3634\"\n           class=\"foo-table ninja_footable foo_table_3634 ninja_table_unique_id_514166008_3634 ui table  nt_type_legacy_table selectable striped vertical_centered  footable-paging-right ninja_table_pro\">\n                <colgroup>\n                            <col class=\"ninja_column_0\">\n                            <col class=\"ninja_column_1\">\n                            <col class=\"ninja_column_2\">\n                            <col class=\"ninja_column_3\">\n                    <\/colgroup>\n        <thead>\n<tr class=\"footable-header\">\n                                                                        <th scope=\"col\"  class=\"ninja_column_0 ninja_clmn_nm_model\">Modelo<\/th><th scope=\"col\"  class=\"ninja_column_1 ninja_clmn_nm_emb6\">EMB06<\/th><th scope=\"col\"  class=\"ninja_column_2 ninja_clmn_nm_certification\">Certifica\u00e7\u00e3o<\/th><th scope=\"col\"  class=\"ninja_column_3 ninja_clmn_nm_ceen15194ios\">CE,EN15194,IOS<\/th><\/tr>\n<\/thead>\n<tbody>\n\n        <tr data-row_id=\"930\" class=\"ninja_table_row_0 nt_row_id_930\">\n            <td><\/td><td>36V250W(XF)<\/td><td><\/td><td>36V<\/td>        <\/tr>\n            <tr data-row_id=\"931\" class=\"ninja_table_row_1 nt_row_id_931\">\n            <td>Motor<\/td><td>Montado na parte traseira<\/td><td>Bateria<\/td><td>\u00edon de l\u00edtio Samsung <\/td>        <\/tr>\n            <tr data-row_id=\"932\" class=\"ninja_table_row_2 nt_row_id_932\">\n            <td><\/td><td>Cubo Gearless<\/td><td><\/td><td><\/td>        <\/tr>\n            <tr data-row_id=\"933\" class=\"ninja_table_row_3 nt_row_id_933\">\n            <td>Pneu<\/td><td>Kenda, 20&quot; x 2,35&quot;<\/td><td>garantia<\/td><td>2 anos<\/td>        <\/tr>\n            <tr data-row_id=\"934\" class=\"ninja_table_row_4 nt_row_id_934\">\n            <td>Carregador<\/td><td>2A CE\/UL<\/td><td>Hora de carregar<\/td><td>4-6 horas<\/td>        <\/tr>\n            <tr data-row_id=\"935\" class=\"ninja_table_row_5 nt_row_id_935\">\n            <td>Faixa estimada<\/td><td>20 milhas (32 km)-30 milhas (48 km)<\/td><td>Controlador<\/td><td>controlador integrado 36V15A<\/td>        <\/tr>\n            <tr data-row_id=\"936\" class=\"ninja_table_row_6 nt_row_id_936\">\n            <td><\/td><td>Assist\u00eancia do pedal com detec\u00e7\u00e3o de cad\u00eancia, acelerador de gatilho (disco com sensor de 6 \u00edm\u00e3s)<\/td><td>Velocidade m\u00e1xima<\/td><td>UE: 15,6 mph (25 km\/h)\/Am\u00e9rica do Norte: 20 mph (32 km\/h)<\/td>        <\/tr>\n            <tr data-row_id=\"937\" class=\"ninja_table_row_7 nt_row_id_937\">\n            <td>Modo de condu\u00e7\u00e3o<\/td><td><\/td><td><\/td><td><\/td>        <\/tr>\n            <tr data-row_id=\"938\" class=\"ninja_table_row_8 nt_row_id_938\">\n            <td>Garfo<\/td><td>Suspens\u00e3o B\u00e1sica<\/td><td>Peso total<\/td><td>48,5 libras (22 kg)<\/td>        <\/tr>\n            <tr data-row_id=\"939\" class=\"ninja_table_row_9 nt_row_id_939\">\n            <td>Quadro<\/td><td>20&quot;, 6061 Liga de Alum\u00ednio, Dobr\u00e1vel<\/td><td>Mostrar<\/td><td>Visor LED ou LCD<\/td>        <\/tr>\n            <tr data-row_id=\"940\" class=\"ninja_table_row_10 nt_row_id_940\">\n            <td>engrenagem<\/td><td>7 velocidades 1x7, Shimano Tourney TX<\/td><td>Manivelas<\/td><td>Coroa de corrente de 50 dentes, bra\u00e7os de manivela de 170 mm<\/td>        <\/tr>\n            <tr data-row_id=\"941\" class=\"ninja_table_row_11 nt_row_id_941\">\n            <td>Mudan\u00e7a<\/td><td>7 velocidades Shimano<\/td><td>pedais<\/td><td>Liga de alum\u00ednio<\/td>        <\/tr>\n            <tr data-row_id=\"942\" class=\"ninja_table_row_12 nt_row_id_942\">\n            <td>Fone de ouvido<\/td><td>Rolamento vedado<\/td><td>Tronco<\/td><td>Liga de alum\u00ednio<\/td>        <\/tr>\n            <tr data-row_id=\"943\" class=\"ninja_table_row_13 nt_row_id_943\">\n            <td>Guid\u00e3o<\/td><td>Liga de alum\u00ednio<\/td><td>Punhos<\/td><td>Punhos de borracha<\/td>        <\/tr>\n            <tr data-row_id=\"944\" class=\"ninja_table_row_14 nt_row_id_944\">\n            <td>Freio<\/td><td>Disco Zoom OU Tektro com rotores de 160 mm<\/td><td>Alavancas<\/td><td>Alavancas Tektro e Inibidor de Motor<\/td>        <\/tr>\n    <\/tbody><!--ninja_tobody_rendering_done-->\n    <\/table>\n    \n    \n    \n<\/div>\n\n<h3>Embalagem e entrega<\/h3>\n<p>Detalhes da embalagem: espuma com caixas.<br \/>\nPorto: Ning Bo ou Xangai<\/p>\n<p>Tempo de espera:<div id=\"footable_parent_651\"\n         class=\"footable_parent ninja_table_wrapper loading_ninja_table wp_table_data_press_parent semantic_ui\">\n                <table data-ninja_table_instance=\"ninja_table_instance_1\" data-footable_id=\"651\" data-filter-delay=\"1000\" aria-label=\"EBB.csv\"            id=\"footable_651\"\n           data-unique_identifier=\"ninja_table_unique_id_3028648317_651\"\n           class=\"foo-table ninja_footable foo_table_651 ninja_table_unique_id_3028648317_651 ui table  nt_type_legacy_table selectable striped vertical_centered  footable-paging-right ninja_table_pro\">\n                <colgroup>\n                            <col class=\"ninja_column_0\">\n                            <col class=\"ninja_column_1\">\n                            <col class=\"ninja_column_2\">\n                            <col class=\"ninja_column_3\">\n                    <\/colgroup>\n        <thead>\n<tr class=\"footable-header\">\n                                                                        <th scope=\"col\"  class=\"ninja_column_0 ninja_clmn_nm_quantitypieces\">Quantidade (pe\u00e7as)<\/th><th scope=\"col\"  class=\"ninja_column_1 ninja_clmn_nm_11\">1\u00a0-\u00a01<\/th><th scope=\"col\"  class=\"ninja_column_2 ninja_clmn_nm_22\">2\u00a0-\u00a020<\/th><th scope=\"col\"  class=\"ninja_column_3 ninja_clmn_nm_2\">&gt;20<\/th><\/tr>\n<\/thead>\n<tbody>\n\n        <tr data-row_id=\"290\" class=\"ninja_table_row_0 nt_row_id_290\">\n            <td>Prazo de entrega (dias)<\/td><td>7<\/td><td>15<\/td><td>A ser negociado<\/td>        <\/tr>\n    <\/tbody><!--ninja_tobody_rendering_done-->\n    <\/table>\n    \n    \n    \n<\/div>\n<\/p>\n<h3>imagem da embalagem<\/h3>\n<p><img fetchpriority=\"high\" decoding=\"async\" class=\"size-full wp-image-3521\" src=\"https:\/\/bglbike.com\/wp-content\/uploads\/2023\/04\/111-4.png\" alt=\"imagem da embalagem\" width=\"600\" height=\"600\" srcset=\"https:\/\/bglbike.com\/wp-content\/uploads\/2023\/04\/111-4.png 600w, https:\/\/bglbike.com\/wp-content\/uploads\/2023\/04\/111-4-300x300.png 300w, https:\/\/bglbike.com\/wp-content\/uploads\/2023\/04\/111-4-150x150.png 150w, https:\/\/bglbike.com\/wp-content\/uploads\/2023\/04\/111-4-12x12.png 12w, https:\/\/bglbike.com\/wp-content\/uploads\/2023\/04\/111-4-200x200.png 200w, https:\/\/bglbike.com\/wp-content\/uploads\/2023\/04\/111-4-100x100.png 100w\" sizes=\"(max-width: 600px) 100vw, 600px\" \/><\/p>\n<h3>capacidade de fornecimento<\/h3>\n<p>20000 pe\u00e7as\/pe\u00e7as por m\u00eas<\/p>\n<h3>Detalhe da imagem<\/h3>\n<p><img decoding=\"async\" class=\"size-full wp-image-3629\" src=\"https:\/\/bglbike.com\/wp-content\/uploads\/2023\/03\/333-19-e1681265535302.png\" alt=\"Imagens detalhadas\" width=\"600\" height=\"576\" srcset=\"https:\/\/bglbike.com\/wp-content\/uploads\/2023\/03\/333-19-e1681265535302.png 600w, https:\/\/bglbike.com\/wp-content\/uploads\/2023\/03\/333-19-e1681265535302-300x288.png 300w, https:\/\/bglbike.com\/wp-content\/uploads\/2023\/03\/333-19-e1681265535302-13x12.png 13w, https:\/\/bglbike.com\/wp-content\/uploads\/2023\/03\/333-19-e1681265535302-208x200.png 208w\" sizes=\"(max-width: 600px) 100vw, 600px\" \/><\/p>\n<h3>Perguntas frequentes sobre bicicleta dobr\u00e1vel el\u00e9trica leve EFB06 com bateria de \u00edon de l\u00edtio Samsung<\/h3>\n<p>&nbsp;<\/p>\n<p><strong>Q1.Quais s\u00e3o as caracter\u00edsticas da bicicleta dobr\u00e1vel el\u00e9trica leve EFB06 com bateria de \u00edon de l\u00edtio Samsung?<\/strong><br \/>\nA bicicleta el\u00e9trica dobr\u00e1vel leve EFB06 com bateria de \u00edons de l\u00edtio Samsung \u00e9 uma bicicleta el\u00e9trica exclusiva de alto desempenho que combina a conveni\u00eancia de uma estrutura dobr\u00e1vel com componentes l\u00edderes do setor e tecnologia avan\u00e7ada.<br \/>\nPossui um motor CC sem escova de 250 W, uma bateria de l\u00edtio de 48 V 20 Ah para pedaladas de longo alcance, transmiss\u00e3o Shimano Tourney de 7 velocidades para uma pedalada suave, freios a disco mec\u00e2nicos para pot\u00eancia de parada eficiente e um design dobr\u00e1vel patenteado que pode ser rapidamente dobrado em apenas 3 passos.<\/p>\n<p><strong>Q2: A bicicleta dobr\u00e1vel el\u00e9trica leve EFB06 com bateria de \u00edon de l\u00edtio Samsung requer montagem?<\/strong><br \/>\nNenhuma montagem \u00e9 necess\u00e1ria; todas as pe\u00e7as v\u00eam pr\u00e9-montadas em uma caixa.<\/p>\n<p><strong>Q3: Quais s\u00e3o os recursos de seguran\u00e7a da bicicleta dobr\u00e1vel el\u00e9trica leve EFB06 com bateria de \u00edon de l\u00edtio Samsung?<\/strong><br \/>\nIncluindo um display LCD dianteiro e traseiro brilhante para visibilidade \u00e0 noite, paredes laterais reflexivas para melhor visibilidade para outros ve\u00edculos em condi\u00e7\u00f5es de pouca luz e uma classifica\u00e7\u00e3o IPX6 \u00e0 prova de intemp\u00e9ries para que n\u00e3o seja afetado pela chuva ou neve.<\/p>","protected":false},"excerpt":{"rendered":"<p><strong>EFB06 Bicicleta dobr\u00e1vel el\u00e9trica leve com bateria de \u00edon de l\u00edtio Samsung<\/strong> \u00e9 elegante e moderno e foi projetado com a conveni\u00eancia em mente. A estrutura leve dobra-se rapidamente, facilitando o transporte di\u00e1rio ou mesmo em uma longa viagem. Divirta-se andando pela cidade ou fazendo passeios panor\u00e2micos pelo campo com seu motor el\u00e9trico potente e com baixo consumo de energia. Esta bicicleta \u00e9 feita de materiais de alta qualidade e possui um motor potente que facilita a condu\u00e7\u00e3o. Dobra-se de forma r\u00e1pida e f\u00e1cil, tornando-o perfeito para transporte e armazenamento.<\/p>\n<p>&nbsp;<\/p>","protected":false},"featured_media":3923,"template":"","meta":{"site-sidebar-layout":"default","site-content-layout":"default","ast-site-content-layout":"default","site-content-style":"default","site-sidebar-style":"default","ast-global-header-display":"","ast-banner-title-visibility":"","ast-main-header-display":"","ast-hfb-above-header-display":"","ast-hfb-below-header-display":"","ast-hfb-mobile-header-display":"","site-post-title":"","ast-breadcrumbs-content":"","ast-featured-img":"","footer-sml-layout":"","ast-disable-related-posts":"","theme-transparent-header-meta":"default","adv-header-id-meta":"","stick-header-meta":"default","header-above-stick-meta":"","header-main-stick-meta":"","header-below-stick-meta":"","astra-migrate-meta-layouts":"default","ast-page-background-enabled":"default","ast-page-background-meta":{"desktop":{"background-color":"var(--ast-global-color-4)","background-image":"","background-repeat":"repeat","background-position":"center center","background-size":"auto","background-attachment":"scroll","background-type":"","background-media":"","overlay-type":"","overlay-color":"","overlay-opacity":"","overlay-gradient":""},"tablet":{"background-color":"","background-image":"","background-repeat":"repeat","background-position":"center center","background-size":"auto","background-attachment":"scroll","background-type":"","background-media":"","overlay-type":"","overlay-color":"","overlay-opacity":"","overlay-gradient":""},"mobile":{"background-color":"","background-image":"","background-repeat":"repeat","background-position":"center center","background-size":"auto","background-attachment":"scroll","background-type":"","background-media":"","overlay-type":"","overlay-color":"","overlay-opacity":"","overlay-gradient":""}},"ast-content-background-meta":{"desktop":{"background-color":"var(--ast-global-color-5)","background-image":"","background-repeat":"repeat","background-position":"center center","background-size":"auto","background-attachment":"scroll","background-type":"","background-media":"","overlay-type":"","overlay-color":"","overlay-opacity":"","overlay-gradient":""},"tablet":{"background-color":"var(--ast-global-color-5)","background-image":"","background-repeat":"repeat","background-position":"center center","background-size":"auto","background-attachment":"scroll","background-type":"","background-media":"","overlay-type":"","overlay-color":"","overlay-opacity":"","overlay-gradient":""},"mobile":{"background-color":"var(--ast-global-color-5)","background-image":"","background-repeat":"repeat","background-position":"center center","background-size":"auto","background-attachment":"scroll","background-type":"","background-media":"","overlay-type":"","overlay-color":"","overlay-opacity":"","overlay-gradient":""}}},"product_brand":[],"product_cat":[22],"product_tag":[],"class_list":{"0":"post-647","1":"product","2":"type-product","3":"status-publish","4":"has-post-thumbnail","6":"product_cat-electric-folding-bike","7":"desktop-align-left","8":"tablet-align-left","9":"mobile-align-left","10":"ast-product-gallery-layout-horizontal-slider","11":"ast-product-gallery-with-no-image","12":"ast-product-single-variable","13":"ast-product-tabs-layout-horizontal","15":"first","16":"instock","17":"shipping-taxable","18":"purchasable","19":"product-type-variable"},"yoast_head":"<!-- This site is optimized with the Yoast SEO Premium plugin v20.9 (Yoast SEO v27.4) - https:\/\/yoast.com\/product\/yoast-seo-premium-wordpress\/ -->\n<title>EFB06 Lightweight Electric Folding Bike with Samsung Lithium-Ion Battery - Bglbike<\/title>\n<meta name=\"description\" content=\"It&#039;s light, compact, and easy to carry, so you can take it wherever you go. Enjoy zipping around town or taking scenic countryside rides on this efficient and eco-friendly bike. .\" \/>\n<meta name=\"robots\" content=\"index, follow, max-snippet:-1, max-image-preview:large, max-video-preview:-1\" \/>\n<link rel=\"canonical\" href=\"https:\/\/bglbike.com\/pt\/produto\/emb06\/\" \/>\n<meta property=\"og:locale\" content=\"pt_PT\" \/>\n<meta property=\"og:type\" content=\"article\" \/>\n<meta property=\"og:title\" content=\"EFB06 Lightweight Electric Folding Bike with Samsung Lithium-Ion Battery\" \/>\n<meta property=\"og:description\" content=\"It&#039;s light, compact, and easy to carry, so you can take it wherever you go. Enjoy zipping around town or taking scenic countryside rides on this efficient and eco-friendly bike. .\" \/>\n<meta property=\"og:url\" content=\"https:\/\/bglbike.com\/pt\/produto\/emb06\/\" \/>\n<meta property=\"og:site_name\" content=\"Bglbike\" \/>\n<meta property=\"article:modified_time\" content=\"2023-05-31T02:54:09+00:00\" \/>\n<meta property=\"og:image\" content=\"https:\/\/bglbike.com\/wp-content\/uploads\/2023\/03\/1-33.png\" \/>\n\t<meta property=\"og:image:width\" content=\"600\" \/>\n\t<meta property=\"og:image:height\" content=\"600\" \/>\n\t<meta property=\"og:image:type\" content=\"image\/png\" \/>\n<meta name=\"twitter:card\" content=\"summary_large_image\" \/>\n<meta name=\"twitter:label1\" content=\"Tempo estimado de leitura\" \/>\n\t<meta name=\"twitter:data1\" content=\"2 minutos\" \/>\n<script type=\"application\/ld+json\" class=\"yoast-schema-graph\">{\"@context\":\"https:\\\/\\\/schema.org\",\"@graph\":[{\"@type\":\"WebPage\",\"@id\":\"https:\\\/\\\/bglbike.com\\\/product\\\/efb06\\\/\",\"url\":\"https:\\\/\\\/bglbike.com\\\/product\\\/efb06\\\/\",\"name\":\"EFB06 Lightweight Electric Folding Bike with Samsung Lithium-Ion Battery - Bglbike\",\"isPartOf\":{\"@id\":\"https:\\\/\\\/bglbike.com\\\/#website\"},\"primaryImageOfPage\":{\"@id\":\"https:\\\/\\\/bglbike.com\\\/product\\\/efb06\\\/#primaryimage\"},\"image\":{\"@id\":\"https:\\\/\\\/bglbike.com\\\/product\\\/efb06\\\/#primaryimage\"},\"thumbnailUrl\":\"https:\\\/\\\/bglbike.com\\\/wp-content\\\/uploads\\\/2023\\\/03\\\/1-33.png\",\"datePublished\":\"2023-03-30T09:23:12+00:00\",\"dateModified\":\"2023-05-31T02:54:09+00:00\",\"description\":\"It's light, compact, and easy to carry, so you can take it wherever you go. Enjoy zipping around town or taking scenic countryside rides on this efficient and eco-friendly bike. .\",\"breadcrumb\":{\"@id\":\"https:\\\/\\\/bglbike.com\\\/product\\\/efb06\\\/#breadcrumb\"},\"inLanguage\":\"pt-PT\",\"potentialAction\":[{\"@type\":\"ReadAction\",\"target\":[\"https:\\\/\\\/bglbike.com\\\/product\\\/efb06\\\/\"]}]},{\"@type\":\"ImageObject\",\"inLanguage\":\"pt-PT\",\"@id\":\"https:\\\/\\\/bglbike.com\\\/product\\\/efb06\\\/#primaryimage\",\"url\":\"https:\\\/\\\/bglbike.com\\\/wp-content\\\/uploads\\\/2023\\\/03\\\/1-33.png\",\"contentUrl\":\"https:\\\/\\\/bglbike.com\\\/wp-content\\\/uploads\\\/2023\\\/03\\\/1-33.png\",\"width\":600,\"height\":600,\"caption\":\"EFB06\"},{\"@type\":\"BreadcrumbList\",\"@id\":\"https:\\\/\\\/bglbike.com\\\/product\\\/efb06\\\/#breadcrumb\",\"itemListElement\":[{\"@type\":\"ListItem\",\"position\":1,\"name\":\"Home\",\"item\":\"https:\\\/\\\/bglbike.com\\\/\"},{\"@type\":\"ListItem\",\"position\":2,\"name\":\"Wholesale Electric Bike\",\"item\":\"https:\\\/\\\/bglbike.com\\\/wholesale-electric-bike\\\/\"},{\"@type\":\"ListItem\",\"position\":3,\"name\":\"EFB06 Lightweight Electric Folding Bike with Samsung Lithium-Ion Battery\"}]},{\"@type\":\"WebSite\",\"@id\":\"https:\\\/\\\/bglbike.com\\\/#website\",\"url\":\"https:\\\/\\\/bglbike.com\\\/\",\"name\":\"Bglbike\",\"description\":\"Top  Ebike manufacturer in China\",\"publisher\":{\"@id\":\"https:\\\/\\\/bglbike.com\\\/#organization\"},\"potentialAction\":[{\"@type\":\"SearchAction\",\"target\":{\"@type\":\"EntryPoint\",\"urlTemplate\":\"https:\\\/\\\/bglbike.com\\\/?s={search_term_string}\"},\"query-input\":{\"@type\":\"PropertyValueSpecification\",\"valueRequired\":true,\"valueName\":\"search_term_string\"}}],\"inLanguage\":\"pt-PT\"},{\"@type\":\"Organization\",\"@id\":\"https:\\\/\\\/bglbike.com\\\/#organization\",\"name\":\"Bglbike\",\"url\":\"https:\\\/\\\/bglbike.com\\\/\",\"logo\":{\"@type\":\"ImageObject\",\"inLanguage\":\"pt-PT\",\"@id\":\"https:\\\/\\\/bglbike.com\\\/#\\\/schema\\\/logo\\\/image\\\/\",\"url\":\"https:\\\/\\\/bglbike.com\\\/wp-content\\\/uploads\\\/2023\\\/04\\\/cropped-LOGO.png\",\"contentUrl\":\"https:\\\/\\\/bglbike.com\\\/wp-content\\\/uploads\\\/2023\\\/04\\\/cropped-LOGO.png\",\"width\":426,\"height\":141,\"caption\":\"Bglbike\"},\"image\":{\"@id\":\"https:\\\/\\\/bglbike.com\\\/#\\\/schema\\\/logo\\\/image\\\/\"}}]}<\/script>\n<!-- \/ Yoast SEO Premium plugin. -->","yoast_head_json":{"title":"EFB06 Lightweight Electric Folding Bike with Samsung Lithium-Ion Battery - Bglbike","description":"It's light, compact, and easy to carry, so you can take it wherever you go. Enjoy zipping around town or taking scenic countryside rides on this efficient and eco-friendly bike. .","robots":{"index":"index","follow":"follow","max-snippet":"max-snippet:-1","max-image-preview":"max-image-preview:large","max-video-preview":"max-video-preview:-1"},"canonical":"https:\/\/bglbike.com\/pt\/produto\/emb06\/","og_locale":"pt_PT","og_type":"article","og_title":"EFB06 Lightweight Electric Folding Bike with Samsung Lithium-Ion Battery","og_description":"It's light, compact, and easy to carry, so you can take it wherever you go. Enjoy zipping around town or taking scenic countryside rides on this efficient and eco-friendly bike. .","og_url":"https:\/\/bglbike.com\/pt\/produto\/emb06\/","og_site_name":"Bglbike","article_modified_time":"2023-05-31T02:54:09+00:00","og_image":[{"width":600,"height":600,"url":"https:\/\/bglbike.com\/wp-content\/uploads\/2023\/03\/1-33.png","type":"image\/png"}],"twitter_card":"summary_large_image","twitter_misc":{"Tempo estimado de leitura":"2 minutos"},"schema":{"@context":"https:\/\/schema.org","@graph":[{"@type":"WebPage","@id":"https:\/\/bglbike.com\/product\/efb06\/","url":"https:\/\/bglbike.com\/product\/efb06\/","name":"EFB06 Lightweight Electric Folding Bike with Samsung Lithium-Ion Battery - Bglbike","isPartOf":{"@id":"https:\/\/bglbike.com\/#website"},"primaryImageOfPage":{"@id":"https:\/\/bglbike.com\/product\/efb06\/#primaryimage"},"image":{"@id":"https:\/\/bglbike.com\/product\/efb06\/#primaryimage"},"thumbnailUrl":"https:\/\/bglbike.com\/wp-content\/uploads\/2023\/03\/1-33.png","datePublished":"2023-03-30T09:23:12+00:00","dateModified":"2023-05-31T02:54:09+00:00","description":"It's light, compact, and easy to carry, so you can take it wherever you go. Enjoy zipping around town or taking scenic countryside rides on this efficient and eco-friendly bike. .","breadcrumb":{"@id":"https:\/\/bglbike.com\/product\/efb06\/#breadcrumb"},"inLanguage":"pt-PT","potentialAction":[{"@type":"ReadAction","target":["https:\/\/bglbike.com\/product\/efb06\/"]}]},{"@type":"ImageObject","inLanguage":"pt-PT","@id":"https:\/\/bglbike.com\/product\/efb06\/#primaryimage","url":"https:\/\/bglbike.com\/wp-content\/uploads\/2023\/03\/1-33.png","contentUrl":"https:\/\/bglbike.com\/wp-content\/uploads\/2023\/03\/1-33.png","width":600,"height":600,"caption":"EFB06"},{"@type":"BreadcrumbList","@id":"https:\/\/bglbike.com\/product\/efb06\/#breadcrumb","itemListElement":[{"@type":"ListItem","position":1,"name":"Home","item":"https:\/\/bglbike.com\/"},{"@type":"ListItem","position":2,"name":"Wholesale Electric Bike","item":"https:\/\/bglbike.com\/wholesale-electric-bike\/"},{"@type":"ListItem","position":3,"name":"EFB06 Lightweight Electric Folding Bike with Samsung Lithium-Ion Battery"}]},{"@type":"WebSite","@id":"https:\/\/bglbike.com\/#website","url":"https:\/\/bglbike.com\/","name":"Bglbike","description":"Top  Ebike manufacturer in China","publisher":{"@id":"https:\/\/bglbike.com\/#organization"},"potentialAction":[{"@type":"SearchAction","target":{"@type":"EntryPoint","urlTemplate":"https:\/\/bglbike.com\/?s={search_term_string}"},"query-input":{"@type":"PropertyValueSpecification","valueRequired":true,"valueName":"search_term_string"}}],"inLanguage":"pt-PT"},{"@type":"Organization","@id":"https:\/\/bglbike.com\/#organization","name":"Bglbike","url":"https:\/\/bglbike.com\/","logo":{"@type":"ImageObject","inLanguage":"pt-PT","@id":"https:\/\/bglbike.com\/#\/schema\/logo\/image\/","url":"https:\/\/bglbike.com\/wp-content\/uploads\/2023\/04\/cropped-LOGO.png","contentUrl":"https:\/\/bglbike.com\/wp-content\/uploads\/2023\/04\/cropped-LOGO.png","width":426,"height":141,"caption":"Bglbike"},"image":{"@id":"https:\/\/bglbike.com\/#\/schema\/logo\/image\/"}}]}},"_links":{"self":[{"href":"https:\/\/bglbike.com\/pt\/wp-json\/wp\/v2\/product\/647","targetHints":{"allow":["GET"]}}],"collection":[{"href":"https:\/\/bglbike.com\/pt\/wp-json\/wp\/v2\/product"}],"about":[{"href":"https:\/\/bglbike.com\/pt\/wp-json\/wp\/v2\/types\/product"}],"wp:featuredmedia":[{"embeddable":true,"href":"https:\/\/bglbike.com\/pt\/wp-json\/wp\/v2\/media\/3923"}],"wp:attachment":[{"href":"https:\/\/bglbike.com\/pt\/wp-json\/wp\/v2\/media?parent=647"}],"wp:term":[{"taxonomy":"product_brand","embeddable":true,"href":"https:\/\/bglbike.com\/pt\/wp-json\/wp\/v2\/product_brand?post=647"},{"taxonomy":"product_cat","embeddable":true,"href":"https:\/\/bglbike.com\/pt\/wp-json\/wp\/v2\/product_cat?post=647"},{"taxonomy":"product_tag","embeddable":true,"href":"https:\/\/bglbike.com\/pt\/wp-json\/wp\/v2\/product_tag?post=647"}],"curies":[{"name":"wp","href":"https:\/\/api.w.org\/{rel}","templated":true}]}}