{"id":604,"date":"2023-03-30T04:25:02","date_gmt":"2023-03-30T04:25:02","guid":{"rendered":"https:\/\/bglbike.com\/?post_type=product&#038;p=604"},"modified":"2023-05-31T02:59:05","modified_gmt":"2023-05-31T02:59:05","slug":"ecb03","status":"publish","type":"product","link":"https:\/\/bglbike.com\/pt\/produto\/ecb03\/","title":{"rendered":"ECB03 Bicicleta el\u00e9trica urbana leve quadro de alum\u00ednio 36V\/15Ah 60-70km de alcance"},"content":{"rendered":"<h3>Especifica\u00e7\u00e3o<\/h3>\n<div id=\"footable_parent_606\"\n         class=\"footable_parent ninja_table_wrapper loading_ninja_table wp_table_data_press_parent semantic_ui\">\n                <table data-ninja_table_instance=\"ninja_table_instance_0\" data-footable_id=\"606\" data-filter-delay=\"1000\" aria-label=\"ECB03.csv\"            id=\"footable_606\"\n           data-unique_identifier=\"ninja_table_unique_id_2975362390_606\"\n           class=\"foo-table ninja_footable foo_table_606 ninja_table_unique_id_2975362390_606 ui table  nt_type_legacy_table selectable striped vertical_centered  footable-paging-right ninja_table_pro\">\n                <colgroup>\n                            <col class=\"ninja_column_0\">\n                            <col class=\"ninja_column_1\">\n                    <\/colgroup>\n        <thead>\n<tr class=\"footable-header\">\n                                        <th scope=\"col\"  class=\"ninja_column_0 ninja_clmn_nm_frame\">Quadro:<\/th><th scope=\"col\"  class=\"ninja_column_1 ninja_clmn_nm_661aluminumalloy\">6061 liga de alum\u00ednio<\/th><\/tr>\n<\/thead>\n<tbody>\n\n        <tr data-row_id=\"196\" class=\"ninja_table_row_0 nt_row_id_196\">\n            <td>Motor:<\/td><td>Motor de cubo sem escova de 250 W<\/td>        <\/tr>\n            <tr data-row_id=\"197\" class=\"ninja_table_row_1 nt_row_id_197\">\n            <td>Bateria de L\u00edtio:<\/td><td>36V\/15Ah<\/td>        <\/tr>\n            <tr data-row_id=\"198\" class=\"ninja_table_row_2 nt_row_id_198\">\n            <td>Controlador:<\/td><td>controlador inteligente<\/td>        <\/tr>\n            <tr data-row_id=\"199\" class=\"ninja_table_row_3 nt_row_id_199\">\n            <td>Sistema de sensores:<\/td><td>PAS<\/td>        <\/tr>\n            <tr data-row_id=\"200\" class=\"ninja_table_row_4 nt_row_id_200\">\n            <td>Engrenagens de velocidade:<\/td><td>Engrenagens Shimano de 6 velocidades<\/td>        <\/tr>\n            <tr data-row_id=\"201\" class=\"ninja_table_row_5 nt_row_id_201\">\n            <td>Freio (dianteiro\/traseiro):<\/td><td>Freio a disco \/ Freio a disco<\/td>        <\/tr>\n            <tr data-row_id=\"202\" class=\"ninja_table_row_6 nt_row_id_202\">\n            <td>Alavanca de freio:<\/td><td>corte ao frear<\/td>        <\/tr>\n            <tr data-row_id=\"203\" class=\"ninja_table_row_7 nt_row_id_203\">\n            <td>Pneu:<\/td><td>Kenda 26&quot;*1,75<\/td>        <\/tr>\n            <tr data-row_id=\"204\" class=\"ninja_table_row_8 nt_row_id_204\">\n            <td>Tempo de recarga:<\/td><td>4-6 horas<\/td>        <\/tr>\n            <tr data-row_id=\"205\" class=\"ninja_table_row_9 nt_row_id_205\">\n            <td>Gradeability<\/td><td>:<10\u00b0<\/td>        <\/tr>\n            <tr data-row_id=\"206\" class=\"ninja_table_row_10 nt_row_id_206\">\n            <td>Alcance por carga:<\/td><td>60-70Kms<\/td>        <\/tr>\n            <tr data-row_id=\"207\" class=\"ninja_table_row_11 nt_row_id_207\">\n            <td>Capacidade de carga:<\/td><td>100Kgs<\/td>        <\/tr>\n            <tr data-row_id=\"208\" class=\"ninja_table_row_12 nt_row_id_208\">\n            <td>NW\/GW:<\/td><td>28KGS\/32KGS<\/td>        <\/tr>\n            <tr data-row_id=\"209\" class=\"ninja_table_row_13 nt_row_id_209\">\n            <td>Velocidade m\u00e1xima:<\/td><td>25 km\/h (UE), 32 km\/h (EUA e CA)<\/td>        <\/tr>\n            <tr data-row_id=\"210\" class=\"ninja_table_row_14 nt_row_id_210\">\n            <td>Tamanho da caixa:<\/td><td>153x23x76cm<\/td>        <\/tr>\n            <tr data-row_id=\"211\" class=\"ninja_table_row_15 nt_row_id_211\">\n            <td>FCL:<\/td><td>105 p\u00e7s\/20 p\u00e9s 225 p\u00e7s\/40 p\u00e9s 246 p\u00e7s\/40HQ<\/td>        <\/tr>\n    <\/tbody><!--ninja_tobody_rendering_done-->\n    <\/table>\n    \n    \n    \n<\/div>\n\n<h3>Embalagem e entrega<\/h3>\n<p>Detalhes da embalagem: Tamanho da caixa: 153*23*76cm<br \/>\nRecipiente: 105 pe\u00e7as\/20 p\u00e9s 225 pe\u00e7as\/40 p\u00e9s 263 pe\u00e7as\/40HQ<br \/>\nPorto: Ningbo<br \/>\nPrazo de entrega: Enviado em 30-45 dias ap\u00f3s o pagamento<\/p>\n<h3>Embalagem e envio<\/h3>\n<p><img fetchpriority=\"high\" decoding=\"async\" class=\"size-full wp-image-3670\" src=\"https:\/\/bglbike.com\/wp-content\/uploads\/2023\/03\/EBB04-9-e1681267240458.png\" alt=\"1\" width=\"600\" height=\"188\" srcset=\"https:\/\/bglbike.com\/wp-content\/uploads\/2023\/03\/EBB04-9-e1681267240458.png 600w, https:\/\/bglbike.com\/wp-content\/uploads\/2023\/03\/EBB04-9-e1681267240458-300x94.png 300w, https:\/\/bglbike.com\/wp-content\/uploads\/2023\/03\/EBB04-9-e1681267240458-18x6.png 18w, https:\/\/bglbike.com\/wp-content\/uploads\/2023\/03\/EBB04-9-e1681267240458-250x78.png 250w\" sizes=\"(max-width: 600px) 100vw, 600px\" \/><\/p>\n<h3>capacidade de fornecimento<\/h3>\n<p>1000 pe\u00e7as\/pe\u00e7as por m\u00eas<\/p>\n<h3>perguntas frequentes<\/h3>\n<p><strong>Qual \u00e9 o limite m\u00e1ximo de peso para a bicicleta el\u00e9trica de cidade ECB03?<\/strong><br \/>\nA Electric City Bike ECB03 tem um limite m\u00e1ximo de peso de 100 kg, tornando-a adequada para ciclistas de todos os tamanhos.<\/p>\n<p><strong>Quanto tempo leva para carregar totalmente a bateria da bicicleta el\u00e9trica de cidade ECB03?<\/strong><br \/>\nA bateria da Electric City Bike ECB03 leva aproximadamente 4 a 6 horas para carregar totalmente, proporcionando um alcance de at\u00e9 60 a 70 km com uma \u00fanica carga.<\/p>\n<p><strong>A Electric City Bike ECB03 pode ser usada para passeios off-road?<\/strong><br \/>\nA bicicleta el\u00e9trica de cidade ECB03 foi projetada para uso na cidade e n\u00e3o \u00e9 recomendada para passeios fora de estrada. No entanto, ele pode lidar facilmente com pequenos solavancos e terrenos acidentados devido \u00e0s suas rodas de 26 polegadas e estrutura de alum\u00ednio resistente.<\/p>\n<p><strong>A Electric City Bike ECB03 \u00e9 adequada para iniciantes?<\/strong><br \/>\nCom seu quadro de alum\u00ednio leve, c\u00e2mbio Shimano de 7 velocidades e altura do assento ajust\u00e1vel, esta bicicleta \u00e9 f\u00e1cil de manusear e oferece uma experi\u00eancia de pilotagem confort\u00e1vel para iniciantes.<\/p>\n<p><strong>A ECB03 Electric City Bike foi projetada para ciclistas altos ou baixos?<\/strong><br \/>\nA Electric City Bike ECB03 foi projetada para ciclistas de diferentes alturas com seu assento ajust\u00e1vel em altura.<\/p>","protected":false},"excerpt":{"rendered":"<p>O <strong>ECB03 Bicicleta el\u00e9trica urbana leve quadro de alum\u00ednio 36V\/15Ah 60-70km de alcance<\/strong> \u00e9 a maneira perfeita de se locomover pela cidade. \u00c9 f\u00e1cil de usar e ecol\u00f3gico. \u00c9 uma bicicleta confi\u00e1vel que pode ser usada em viagens curtas ou longas e \u00e9 perfeita para ambientes urbanos. A altura do assento ajust\u00e1vel e as alavancas do guiador proporcionam o m\u00e1ximo controle sobre o seu n\u00edvel de conforto durante a condu\u00e7\u00e3o, garantindo sempre um passeio confort\u00e1vel. Encomende hoje a sua Electric City Bike e comece a desfrutar da comodidade e efici\u00eancia do transporte el\u00e9trico!<\/p>","protected":false},"featured_media":3926,"template":"","meta":{"site-sidebar-layout":"default","site-content-layout":"default","ast-site-content-layout":"default","site-content-style":"default","site-sidebar-style":"default","ast-global-header-display":"","ast-banner-title-visibility":"","ast-main-header-display":"","ast-hfb-above-header-display":"","ast-hfb-below-header-display":"","ast-hfb-mobile-header-display":"","site-post-title":"","ast-breadcrumbs-content":"","ast-featured-img":"","footer-sml-layout":"","ast-disable-related-posts":"","theme-transparent-header-meta":"default","adv-header-id-meta":"","stick-header-meta":"default","header-above-stick-meta":"","header-main-stick-meta":"","header-below-stick-meta":"","astra-migrate-meta-layouts":"default","ast-page-background-enabled":"default","ast-page-background-meta":{"desktop":{"background-color":"var(--ast-global-color-4)","background-image":"","background-repeat":"repeat","background-position":"center center","background-size":"auto","background-attachment":"scroll","background-type":"","background-media":"","overlay-type":"","overlay-color":"","overlay-opacity":"","overlay-gradient":""},"tablet":{"background-color":"","background-image":"","background-repeat":"repeat","background-position":"center center","background-size":"auto","background-attachment":"scroll","background-type":"","background-media":"","overlay-type":"","overlay-color":"","overlay-opacity":"","overlay-gradient":""},"mobile":{"background-color":"","background-image":"","background-repeat":"repeat","background-position":"center center","background-size":"auto","background-attachment":"scroll","background-type":"","background-media":"","overlay-type":"","overlay-color":"","overlay-opacity":"","overlay-gradient":""}},"ast-content-background-meta":{"desktop":{"background-color":"var(--ast-global-color-5)","background-image":"","background-repeat":"repeat","background-position":"center center","background-size":"auto","background-attachment":"scroll","background-type":"","background-media":"","overlay-type":"","overlay-color":"","overlay-opacity":"","overlay-gradient":""},"tablet":{"background-color":"var(--ast-global-color-5)","background-image":"","background-repeat":"repeat","background-position":"center center","background-size":"auto","background-attachment":"scroll","background-type":"","background-media":"","overlay-type":"","overlay-color":"","overlay-opacity":"","overlay-gradient":""},"mobile":{"background-color":"var(--ast-global-color-5)","background-image":"","background-repeat":"repeat","background-position":"center center","background-size":"auto","background-attachment":"scroll","background-type":"","background-media":"","overlay-type":"","overlay-color":"","overlay-opacity":"","overlay-gradient":""}}},"product_brand":[],"product_cat":[21],"product_tag":[],"class_list":{"0":"post-604","1":"product","2":"type-product","3":"status-publish","4":"has-post-thumbnail","6":"product_cat-electric-city-bike","7":"desktop-align-left","8":"tablet-align-left","9":"mobile-align-left","10":"ast-product-gallery-layout-horizontal-slider","11":"ast-product-single-variable","12":"ast-product-tabs-layout-horizontal","14":"first","15":"instock","16":"shipping-taxable","17":"purchasable","18":"product-type-variable"},"yoast_head":"<!-- This site is optimized with the Yoast SEO Premium plugin v20.9 (Yoast SEO v27.3) - https:\/\/yoast.com\/product\/yoast-seo-premium-wordpress\/ -->\n<title>ECB03 Electric City Bike Lightweight Aluminum Frame 36V\/15Ah 60-70km Range - Bglbike<\/title>\n<meta name=\"description\" content=\"The ECB03 Electric City Bike Lightweight Aluminum Frame 36V\/15Ah 60-70km Range is constructed from a lightweight and durable aluminum alloy frame with a comfortable and adjustable saddle made of synthetic leather.\" \/>\n<meta name=\"robots\" content=\"index, follow, max-snippet:-1, max-image-preview:large, max-video-preview:-1\" \/>\n<link rel=\"canonical\" href=\"https:\/\/bglbike.com\/pt\/produto\/ecb03\/\" \/>\n<meta property=\"og:locale\" content=\"pt_PT\" \/>\n<meta property=\"og:type\" content=\"article\" \/>\n<meta property=\"og:title\" content=\"ECB03 Electric City Bike Lightweight Aluminum Frame 36V\/15Ah 60-70km Range\" \/>\n<meta property=\"og:description\" content=\"The ECB03 Electric City Bike Lightweight Aluminum Frame 36V\/15Ah 60-70km Range is constructed from a lightweight and durable aluminum alloy frame with a comfortable and adjustable saddle made of synthetic leather.\" \/>\n<meta property=\"og:url\" content=\"https:\/\/bglbike.com\/pt\/produto\/ecb03\/\" \/>\n<meta property=\"og:site_name\" content=\"Bglbike\" \/>\n<meta property=\"article:modified_time\" content=\"2023-05-31T02:59:05+00:00\" \/>\n<meta property=\"og:image\" content=\"https:\/\/bglbike.com\/wp-content\/uploads\/2023\/03\/1-34.png\" \/>\n\t<meta property=\"og:image:width\" content=\"600\" \/>\n\t<meta property=\"og:image:height\" content=\"600\" \/>\n\t<meta property=\"og:image:type\" content=\"image\/png\" \/>\n<meta name=\"twitter:card\" content=\"summary_large_image\" \/>\n<meta name=\"twitter:label1\" content=\"Tempo estimado de leitura\" \/>\n\t<meta name=\"twitter:data1\" content=\"2 minutos\" \/>\n<script type=\"application\/ld+json\" class=\"yoast-schema-graph\">{\"@context\":\"https:\\\/\\\/schema.org\",\"@graph\":[{\"@type\":\"WebPage\",\"@id\":\"https:\\\/\\\/bglbike.com\\\/product\\\/ecb03\\\/\",\"url\":\"https:\\\/\\\/bglbike.com\\\/product\\\/ecb03\\\/\",\"name\":\"ECB03 Electric City Bike Lightweight Aluminum Frame 36V\\\/15Ah 60-70km Range - Bglbike\",\"isPartOf\":{\"@id\":\"https:\\\/\\\/bglbike.com\\\/#website\"},\"primaryImageOfPage\":{\"@id\":\"https:\\\/\\\/bglbike.com\\\/product\\\/ecb03\\\/#primaryimage\"},\"image\":{\"@id\":\"https:\\\/\\\/bglbike.com\\\/product\\\/ecb03\\\/#primaryimage\"},\"thumbnailUrl\":\"https:\\\/\\\/bglbike.com\\\/wp-content\\\/uploads\\\/2023\\\/03\\\/1-34.png\",\"datePublished\":\"2023-03-30T04:25:02+00:00\",\"dateModified\":\"2023-05-31T02:59:05+00:00\",\"description\":\"The ECB03 Electric City Bike Lightweight Aluminum Frame 36V\\\/15Ah 60-70km Range is constructed from a lightweight and durable aluminum alloy frame with a comfortable and adjustable saddle made of synthetic leather.\",\"breadcrumb\":{\"@id\":\"https:\\\/\\\/bglbike.com\\\/product\\\/ecb03\\\/#breadcrumb\"},\"inLanguage\":\"pt-PT\",\"potentialAction\":[{\"@type\":\"ReadAction\",\"target\":[\"https:\\\/\\\/bglbike.com\\\/product\\\/ecb03\\\/\"]}]},{\"@type\":\"ImageObject\",\"inLanguage\":\"pt-PT\",\"@id\":\"https:\\\/\\\/bglbike.com\\\/product\\\/ecb03\\\/#primaryimage\",\"url\":\"https:\\\/\\\/bglbike.com\\\/wp-content\\\/uploads\\\/2023\\\/03\\\/1-34.png\",\"contentUrl\":\"https:\\\/\\\/bglbike.com\\\/wp-content\\\/uploads\\\/2023\\\/03\\\/1-34.png\",\"width\":600,\"height\":600,\"caption\":\"ECB03\"},{\"@type\":\"BreadcrumbList\",\"@id\":\"https:\\\/\\\/bglbike.com\\\/product\\\/ecb03\\\/#breadcrumb\",\"itemListElement\":[{\"@type\":\"ListItem\",\"position\":1,\"name\":\"Home\",\"item\":\"https:\\\/\\\/bglbike.com\\\/\"},{\"@type\":\"ListItem\",\"position\":2,\"name\":\"Wholesale Electric Bike\",\"item\":\"https:\\\/\\\/bglbike.com\\\/wholesale-electric-bike\\\/\"},{\"@type\":\"ListItem\",\"position\":3,\"name\":\"ECB03 Electric City Bike Lightweight Aluminum Frame 36V\\\/15Ah 60-70km Range\"}]},{\"@type\":\"WebSite\",\"@id\":\"https:\\\/\\\/bglbike.com\\\/#website\",\"url\":\"https:\\\/\\\/bglbike.com\\\/\",\"name\":\"Bglbike\",\"description\":\"Top  Ebike manufacturer in China\",\"publisher\":{\"@id\":\"https:\\\/\\\/bglbike.com\\\/#organization\"},\"potentialAction\":[{\"@type\":\"SearchAction\",\"target\":{\"@type\":\"EntryPoint\",\"urlTemplate\":\"https:\\\/\\\/bglbike.com\\\/?s={search_term_string}\"},\"query-input\":{\"@type\":\"PropertyValueSpecification\",\"valueRequired\":true,\"valueName\":\"search_term_string\"}}],\"inLanguage\":\"pt-PT\"},{\"@type\":\"Organization\",\"@id\":\"https:\\\/\\\/bglbike.com\\\/#organization\",\"name\":\"Bglbike\",\"url\":\"https:\\\/\\\/bglbike.com\\\/\",\"logo\":{\"@type\":\"ImageObject\",\"inLanguage\":\"pt-PT\",\"@id\":\"https:\\\/\\\/bglbike.com\\\/#\\\/schema\\\/logo\\\/image\\\/\",\"url\":\"https:\\\/\\\/bglbike.com\\\/wp-content\\\/uploads\\\/2023\\\/04\\\/cropped-LOGO.png\",\"contentUrl\":\"https:\\\/\\\/bglbike.com\\\/wp-content\\\/uploads\\\/2023\\\/04\\\/cropped-LOGO.png\",\"width\":426,\"height\":141,\"caption\":\"Bglbike\"},\"image\":{\"@id\":\"https:\\\/\\\/bglbike.com\\\/#\\\/schema\\\/logo\\\/image\\\/\"}}]}<\/script>\n<!-- \/ Yoast SEO Premium plugin. -->","yoast_head_json":{"title":"ECB03 Electric City Bike Lightweight Aluminum Frame 36V\/15Ah 60-70km Range - Bglbike","description":"The ECB03 Electric City Bike Lightweight Aluminum Frame 36V\/15Ah 60-70km Range is constructed from a lightweight and durable aluminum alloy frame with a comfortable and adjustable saddle made of synthetic leather.","robots":{"index":"index","follow":"follow","max-snippet":"max-snippet:-1","max-image-preview":"max-image-preview:large","max-video-preview":"max-video-preview:-1"},"canonical":"https:\/\/bglbike.com\/pt\/produto\/ecb03\/","og_locale":"pt_PT","og_type":"article","og_title":"ECB03 Electric City Bike Lightweight Aluminum Frame 36V\/15Ah 60-70km Range","og_description":"The ECB03 Electric City Bike Lightweight Aluminum Frame 36V\/15Ah 60-70km Range is constructed from a lightweight and durable aluminum alloy frame with a comfortable and adjustable saddle made of synthetic leather.","og_url":"https:\/\/bglbike.com\/pt\/produto\/ecb03\/","og_site_name":"Bglbike","article_modified_time":"2023-05-31T02:59:05+00:00","og_image":[{"width":600,"height":600,"url":"https:\/\/bglbike.com\/wp-content\/uploads\/2023\/03\/1-34.png","type":"image\/png"}],"twitter_card":"summary_large_image","twitter_misc":{"Tempo estimado de leitura":"2 minutos"},"schema":{"@context":"https:\/\/schema.org","@graph":[{"@type":"WebPage","@id":"https:\/\/bglbike.com\/product\/ecb03\/","url":"https:\/\/bglbike.com\/product\/ecb03\/","name":"ECB03 Electric City Bike Lightweight Aluminum Frame 36V\/15Ah 60-70km Range - Bglbike","isPartOf":{"@id":"https:\/\/bglbike.com\/#website"},"primaryImageOfPage":{"@id":"https:\/\/bglbike.com\/product\/ecb03\/#primaryimage"},"image":{"@id":"https:\/\/bglbike.com\/product\/ecb03\/#primaryimage"},"thumbnailUrl":"https:\/\/bglbike.com\/wp-content\/uploads\/2023\/03\/1-34.png","datePublished":"2023-03-30T04:25:02+00:00","dateModified":"2023-05-31T02:59:05+00:00","description":"The ECB03 Electric City Bike Lightweight Aluminum Frame 36V\/15Ah 60-70km Range is constructed from a lightweight and durable aluminum alloy frame with a comfortable and adjustable saddle made of synthetic leather.","breadcrumb":{"@id":"https:\/\/bglbike.com\/product\/ecb03\/#breadcrumb"},"inLanguage":"pt-PT","potentialAction":[{"@type":"ReadAction","target":["https:\/\/bglbike.com\/product\/ecb03\/"]}]},{"@type":"ImageObject","inLanguage":"pt-PT","@id":"https:\/\/bglbike.com\/product\/ecb03\/#primaryimage","url":"https:\/\/bglbike.com\/wp-content\/uploads\/2023\/03\/1-34.png","contentUrl":"https:\/\/bglbike.com\/wp-content\/uploads\/2023\/03\/1-34.png","width":600,"height":600,"caption":"ECB03"},{"@type":"BreadcrumbList","@id":"https:\/\/bglbike.com\/product\/ecb03\/#breadcrumb","itemListElement":[{"@type":"ListItem","position":1,"name":"Home","item":"https:\/\/bglbike.com\/"},{"@type":"ListItem","position":2,"name":"Wholesale Electric Bike","item":"https:\/\/bglbike.com\/wholesale-electric-bike\/"},{"@type":"ListItem","position":3,"name":"ECB03 Electric City Bike Lightweight Aluminum Frame 36V\/15Ah 60-70km Range"}]},{"@type":"WebSite","@id":"https:\/\/bglbike.com\/#website","url":"https:\/\/bglbike.com\/","name":"Bglbike","description":"Top  Ebike manufacturer in China","publisher":{"@id":"https:\/\/bglbike.com\/#organization"},"potentialAction":[{"@type":"SearchAction","target":{"@type":"EntryPoint","urlTemplate":"https:\/\/bglbike.com\/?s={search_term_string}"},"query-input":{"@type":"PropertyValueSpecification","valueRequired":true,"valueName":"search_term_string"}}],"inLanguage":"pt-PT"},{"@type":"Organization","@id":"https:\/\/bglbike.com\/#organization","name":"Bglbike","url":"https:\/\/bglbike.com\/","logo":{"@type":"ImageObject","inLanguage":"pt-PT","@id":"https:\/\/bglbike.com\/#\/schema\/logo\/image\/","url":"https:\/\/bglbike.com\/wp-content\/uploads\/2023\/04\/cropped-LOGO.png","contentUrl":"https:\/\/bglbike.com\/wp-content\/uploads\/2023\/04\/cropped-LOGO.png","width":426,"height":141,"caption":"Bglbike"},"image":{"@id":"https:\/\/bglbike.com\/#\/schema\/logo\/image\/"}}]}},"_links":{"self":[{"href":"https:\/\/bglbike.com\/pt\/wp-json\/wp\/v2\/product\/604","targetHints":{"allow":["GET"]}}],"collection":[{"href":"https:\/\/bglbike.com\/pt\/wp-json\/wp\/v2\/product"}],"about":[{"href":"https:\/\/bglbike.com\/pt\/wp-json\/wp\/v2\/types\/product"}],"wp:featuredmedia":[{"embeddable":true,"href":"https:\/\/bglbike.com\/pt\/wp-json\/wp\/v2\/media\/3926"}],"wp:attachment":[{"href":"https:\/\/bglbike.com\/pt\/wp-json\/wp\/v2\/media?parent=604"}],"wp:term":[{"taxonomy":"product_brand","embeddable":true,"href":"https:\/\/bglbike.com\/pt\/wp-json\/wp\/v2\/product_brand?post=604"},{"taxonomy":"product_cat","embeddable":true,"href":"https:\/\/bglbike.com\/pt\/wp-json\/wp\/v2\/product_cat?post=604"},{"taxonomy":"product_tag","embeddable":true,"href":"https:\/\/bglbike.com\/pt\/wp-json\/wp\/v2\/product_tag?post=604"}],"curies":[{"name":"wp","href":"https:\/\/api.w.org\/{rel}","templated":true}]}}