{"id":595,"date":"2023-03-30T03:38:04","date_gmt":"2023-03-30T03:38:04","guid":{"rendered":"https:\/\/bglbike.com\/?post_type=product&#038;p=595"},"modified":"2023-05-31T02:59:36","modified_gmt":"2023-05-31T02:59:36","slug":"ecb04","status":"publish","type":"product","link":"https:\/\/bglbike.com\/pt\/produto\/ecb04\/","title":{"rendered":"ECB04 Bicicleta el\u00e9trica urbana de 7 velocidades com rodas de 26\u2033 e alcance de 60 km"},"content":{"rendered":"<h3>Especifica\u00e7\u00e3o<\/h3>\n<div id=\"footable_parent_598\"\n         class=\"footable_parent ninja_table_wrapper loading_ninja_table wp_table_data_press_parent semantic_ui\">\n                <table data-ninja_table_instance=\"ninja_table_instance_0\" data-footable_id=\"598\" data-filter-delay=\"1000\" aria-label=\"ECB04.csv\"            id=\"footable_598\"\n           data-unique_identifier=\"ninja_table_unique_id_819898315_598\"\n           class=\"foo-table ninja_footable foo_table_598 ninja_table_unique_id_819898315_598 ui table  nt_type_legacy_table selectable striped vertical_centered  footable-paging-right ninja_table_pro\">\n                <colgroup>\n                            <col class=\"ninja_column_0\">\n                            <col class=\"ninja_column_1\">\n                    <\/colgroup>\n        <thead>\n<tr class=\"footable-header\">\n                                        <th scope=\"col\"  class=\"ninja_column_0 ninja_clmn_nm_item\">item<\/th><th scope=\"col\"  class=\"ninja_column_1 ninja_clmn_nm_value\">valor<\/th><\/tr>\n<\/thead>\n<tbody>\n\n        <tr data-row_id=\"168\" class=\"ninja_table_row_0 nt_row_id_168\">\n            <td>Lugar de origem<\/td><td>China<\/td>        <\/tr>\n            <tr data-row_id=\"169\" class=\"ninja_table_row_1 nt_row_id_169\">\n            <td><\/td><td>Zhejiang<\/td>        <\/tr>\n            <tr data-row_id=\"170\" class=\"ninja_table_row_2 nt_row_id_170\">\n            <td>Marca<\/td><td>bglbike<\/td>        <\/tr>\n            <tr data-row_id=\"171\" class=\"ninja_table_row_3 nt_row_id_171\">\n            <td>N\u00famero do modelo<\/td><td>ECB04<\/td>        <\/tr>\n            <tr data-row_id=\"172\" class=\"ninja_table_row_4 nt_row_id_172\">\n            <td>Engrenagens<\/td><td>7Velocidade<\/td>        <\/tr>\n            <tr data-row_id=\"173\" class=\"ninja_table_row_5 nt_row_id_173\">\n            <td>Alcance por Pot\u00eancia<\/td><td>31 - 60 km<\/td>        <\/tr>\n            <tr data-row_id=\"174\" class=\"ninja_table_row_6 nt_row_id_174\">\n            <td>Material da Arma\u00e7\u00e3o<\/td><td>Liga de alum\u00ednio<\/td>        <\/tr>\n            <tr data-row_id=\"175\" class=\"ninja_table_row_7 nt_row_id_175\">\n            <td>Tamanho da roda<\/td><td>26\"<\/td>        <\/tr>\n            <tr data-row_id=\"176\" class=\"ninja_table_row_8 nt_row_id_176\">\n            <td>Velocidade m\u00e1xima<\/td><td>30-50km\/h<\/td>        <\/tr>\n            <tr data-row_id=\"177\" class=\"ninja_table_row_9 nt_row_id_177\">\n            <td>Tens\u00e3o<\/td><td>36V<\/td>        <\/tr>\n            <tr data-row_id=\"178\" class=\"ninja_table_row_10 nt_row_id_178\">\n            <td>Fonte de energia<\/td><td>bateria de l\u00edtio<\/td>        <\/tr>\n            <tr data-row_id=\"179\" class=\"ninja_table_row_11 nt_row_id_179\">\n            <td>Sistema de travagem<\/td><td>Freio de disco<\/td>        <\/tr>\n            <tr data-row_id=\"180\" class=\"ninja_table_row_12 nt_row_id_180\">\n            <td>Torque<\/td><td>50-60 Nm<\/td>        <\/tr>\n            <tr data-row_id=\"181\" class=\"ninja_table_row_13 nt_row_id_181\">\n            <td>O tempo de carga<\/td><td>4-6 horas<\/td>        <\/tr>\n            <tr data-row_id=\"182\" class=\"ninja_table_row_14 nt_row_id_182\">\n            <td>Posi\u00e7\u00e3o do motor<\/td><td>motor traseiro<\/td>        <\/tr>\n            <tr data-row_id=\"183\" class=\"ninja_table_row_15 nt_row_id_183\">\n            <td>Posi\u00e7\u00e3o da bateria<\/td><td>Bateria Integrada<\/td>        <\/tr>\n            <tr data-row_id=\"184\" class=\"ninja_table_row_16 nt_row_id_184\">\n            <td>Capacidade de carga<\/td><td>15h<\/td>        <\/tr>\n            <tr data-row_id=\"185\" class=\"ninja_table_row_17 nt_row_id_185\">\n            <td>Nome do Produto<\/td><td>Bicicleta el\u00e9trica<\/td>        <\/tr>\n            <tr data-row_id=\"186\" class=\"ninja_table_row_18 nt_row_id_186\">\n            <td>Bateria<\/td><td>Bateria de L\u00edtio 36V 15Ah<\/td>        <\/tr>\n            <tr data-row_id=\"187\" class=\"ninja_table_row_19 nt_row_id_187\">\n            <td>Pot\u00eancia do motor<\/td><td>250W\/500W<\/td>        <\/tr>\n            <tr data-row_id=\"188\" class=\"ninja_table_row_20 nt_row_id_188\">\n            <td>Pneu<\/td><td>Pneus 26*4.0&quot;<\/td>        <\/tr>\n            <tr data-row_id=\"189\" class=\"ninja_table_row_21 nt_row_id_189\">\n            <td>Freio<\/td><td>freio a disco<\/td>        <\/tr>\n            <tr data-row_id=\"190\" class=\"ninja_table_row_22 nt_row_id_190\">\n            <td>Quadro<\/td><td>Liga de Alum\u00ednio<\/td>        <\/tr>\n            <tr data-row_id=\"191\" class=\"ninja_table_row_23 nt_row_id_191\">\n            <td>Mostrar<\/td><td>Tela de LCD<\/td>        <\/tr>\n            <tr data-row_id=\"192\" class=\"ninja_table_row_24 nt_row_id_192\">\n            <td>Controlador<\/td><td>Inteligente sem escova<\/td>        <\/tr>\n            <tr data-row_id=\"193\" class=\"ninja_table_row_25 nt_row_id_193\">\n            <td>garfo dianteiro<\/td><td>Suspens\u00e3o Garfo dianteiro<\/td>        <\/tr>\n            <tr data-row_id=\"194\" class=\"ninja_table_row_26 nt_row_id_194\">\n            <td>Velocidade m\u00e1xima<\/td><td>55km\/h<\/td>        <\/tr>\n    <\/tbody><!--ninja_tobody_rendering_done-->\n    <\/table>\n    \n    \n    \n<\/div>\n\n<h3>Embalagem e entrega<\/h3>\n<p>Detalhes da embalagem: espuma com caixas.<\/p>\n<p>Porto: Ning Bo ou Xangai<\/p>\n<p>Tempo de espera: <div id=\"footable_parent_599\"\n         class=\"footable_parent ninja_table_wrapper loading_ninja_table wp_table_data_press_parent semantic_ui\">\n                <table data-ninja_table_instance=\"ninja_table_instance_1\" data-footable_id=\"599\" data-filter-delay=\"1000\" aria-label=\"pack.csv\"            id=\"footable_599\"\n           data-unique_identifier=\"ninja_table_unique_id_3789717095_599\"\n           class=\"foo-table ninja_footable foo_table_599 ninja_table_unique_id_3789717095_599 ui table  nt_type_legacy_table selectable striped vertical_centered  footable-paging-right ninja_table_pro\">\n                <colgroup>\n                            <col class=\"ninja_column_0\">\n                            <col class=\"ninja_column_1\">\n                            <col class=\"ninja_column_2\">\n                            <col class=\"ninja_column_3\">\n                    <\/colgroup>\n        <thead>\n<tr class=\"footable-header\">\n                                                                        <th scope=\"col\"  class=\"ninja_column_0 ninja_clmn_nm_quantitypieces\">Quantidade (pe\u00e7as)<\/th><th scope=\"col\"  class=\"ninja_column_1 ninja_clmn_nm_11\">1-1<\/th><th scope=\"col\"  class=\"ninja_column_2 ninja_clmn_nm_22\">2-20<\/th><th scope=\"col\"  class=\"ninja_column_3 ninja_clmn_nm_2\">&gt;20<\/th><\/tr>\n<\/thead>\n<tbody>\n\n        <tr data-row_id=\"195\" class=\"ninja_table_row_0 nt_row_id_195\">\n            <td>Prazo de entrega (dias)<\/td><td>7<\/td><td>15<\/td><td>A ser negociado<\/td>        <\/tr>\n    <\/tbody><!--ninja_tobody_rendering_done-->\n    <\/table>\n    \n    \n    \n<\/div>\n<\/p>\n<h3>imagem da embalagem<\/h3>\n<p><img fetchpriority=\"high\" decoding=\"async\" class=\"alignnone wp-image-3670\" src=\"https:\/\/bglbike.com\/wp-content\/uploads\/2023\/03\/EBB04-9-e1681267240458.png\" alt=\"1\" width=\"800\" height=\"251\" srcset=\"https:\/\/bglbike.com\/wp-content\/uploads\/2023\/03\/EBB04-9-e1681267240458.png 600w, https:\/\/bglbike.com\/wp-content\/uploads\/2023\/03\/EBB04-9-e1681267240458-300x94.png 300w, https:\/\/bglbike.com\/wp-content\/uploads\/2023\/03\/EBB04-9-e1681267240458-18x6.png 18w, https:\/\/bglbike.com\/wp-content\/uploads\/2023\/03\/EBB04-9-e1681267240458-250x78.png 250w\" sizes=\"(max-width: 800px) 100vw, 800px\" \/><\/p>\n<h3>perguntas frequentes<\/h3>\n<p><strong>P1: A bicicleta el\u00e9trica de 7 velocidades ECB04 vem pr\u00e9-montada ou preciso mont\u00e1-la sozinho?<\/strong><br \/>\nA City Bike El\u00e9trica de 7 Velocidades ECB04 vem parcialmente pr\u00e9-montada para que voc\u00ea possa completar o processo de montagem de forma eficiente em casa usando apenas ferramentas essenciais, como um jogo de chaves Allen ou um jogo de chaves de fenda, se necess\u00e1rio, seguindo as instru\u00e7\u00f5es claras fornecidas no manual fornecido com cada bicicleta comprar.<\/p>\n<p><strong>Q2: Por que voc\u00ea deve comprar de n\u00f3s?<\/strong><br \/>\nNossa vantagem sobre outros fornecedores reside em nossa oficina com equipamentos avan\u00e7ados e rob\u00f4s de soldagem, que nos permitem manter os custos baixos e entregar tempos de execu\u00e7\u00e3o mais curtos.<\/p>\n<p><strong>Q3: como podemos garantir a qualidade?<\/strong><br \/>\nSempre uma amostra de pr\u00e9-produ\u00e7\u00e3o antes da produ\u00e7\u00e3o em massa;<br \/>\nSempre inspe\u00e7\u00e3o final antes do embarque;<\/p>\n<p><strong>Q4: quais servi\u00e7os podemos fornecer?<\/strong><br \/>\nTermos de entrega aceitos: FOB, CFR, CIF, EXW, DDP, DDU, entrega expressa;<br \/>\nMoeda de pagamento aceita: USD, EUR, CAD, CNY;<br \/>\nTipo de pagamento aceito: T\/T,L\/C,cart\u00e3o de cr\u00e9dito,PayPal,Western Union;<br \/>\nIdioma falado: ingl\u00eas, chin\u00eas<\/p>","protected":false},"excerpt":{"rendered":"<p>O <strong>Bicicleta el\u00e9trica urbana ECB04 de 7 velocidades<\/strong> \u00e9 a combina\u00e7\u00e3o perfeita de conforto e pot\u00eancia. Apresentando rodas de 26\u2033 para viagens mais suaves, um potente motor de cubo traseiro de 500 W para acelera\u00e7\u00e3o sem esfor\u00e7o e uma impressionante autonomia de bateria de at\u00e9 60 km com uma \u00fanica carga. Ele tamb\u00e9m possui uma transmiss\u00e3o Shimano de 7 velocidades que oferece bastante torque em qualquer terreno. Seja nas ruas da cidade ou em trilhas off-road, esta bicicleta o levar\u00e1 aonde voc\u00ea precisa!<\/p>","protected":false},"featured_media":3924,"template":"","meta":{"site-sidebar-layout":"default","site-content-layout":"default","ast-site-content-layout":"default","site-content-style":"default","site-sidebar-style":"default","ast-global-header-display":"","ast-banner-title-visibility":"","ast-main-header-display":"","ast-hfb-above-header-display":"","ast-hfb-below-header-display":"","ast-hfb-mobile-header-display":"","site-post-title":"","ast-breadcrumbs-content":"","ast-featured-img":"","footer-sml-layout":"","ast-disable-related-posts":"","theme-transparent-header-meta":"default","adv-header-id-meta":"","stick-header-meta":"default","header-above-stick-meta":"","header-main-stick-meta":"","header-below-stick-meta":"","astra-migrate-meta-layouts":"default","ast-page-background-enabled":"default","ast-page-background-meta":{"desktop":{"background-color":"var(--ast-global-color-4)","background-image":"","background-repeat":"repeat","background-position":"center center","background-size":"auto","background-attachment":"scroll","background-type":"","background-media":"","overlay-type":"","overlay-color":"","overlay-opacity":"","overlay-gradient":""},"tablet":{"background-color":"","background-image":"","background-repeat":"repeat","background-position":"center center","background-size":"auto","background-attachment":"scroll","background-type":"","background-media":"","overlay-type":"","overlay-color":"","overlay-opacity":"","overlay-gradient":""},"mobile":{"background-color":"","background-image":"","background-repeat":"repeat","background-position":"center center","background-size":"auto","background-attachment":"scroll","background-type":"","background-media":"","overlay-type":"","overlay-color":"","overlay-opacity":"","overlay-gradient":""}},"ast-content-background-meta":{"desktop":{"background-color":"var(--ast-global-color-5)","background-image":"","background-repeat":"repeat","background-position":"center center","background-size":"auto","background-attachment":"scroll","background-type":"","background-media":"","overlay-type":"","overlay-color":"","overlay-opacity":"","overlay-gradient":""},"tablet":{"background-color":"var(--ast-global-color-5)","background-image":"","background-repeat":"repeat","background-position":"center center","background-size":"auto","background-attachment":"scroll","background-type":"","background-media":"","overlay-type":"","overlay-color":"","overlay-opacity":"","overlay-gradient":""},"mobile":{"background-color":"var(--ast-global-color-5)","background-image":"","background-repeat":"repeat","background-position":"center center","background-size":"auto","background-attachment":"scroll","background-type":"","background-media":"","overlay-type":"","overlay-color":"","overlay-opacity":"","overlay-gradient":""}}},"product_brand":[],"product_cat":[21],"product_tag":[],"class_list":{"0":"post-595","1":"product","2":"type-product","3":"status-publish","4":"has-post-thumbnail","6":"product_cat-electric-city-bike","7":"desktop-align-left","8":"tablet-align-left","9":"mobile-align-left","10":"ast-product-gallery-layout-horizontal-slider","11":"ast-product-gallery-with-no-image","12":"ast-product-single-variable","13":"ast-product-tabs-layout-horizontal","15":"first","16":"instock","17":"shipping-taxable","18":"purchasable","19":"product-type-variable"},"yoast_head":"<!-- This site is optimized with the Yoast SEO Premium plugin v20.9 (Yoast SEO v27.4) - https:\/\/yoast.com\/product\/yoast-seo-premium-wordpress\/ -->\n<title>ECB04 7-Speed Electric City Bike with 26&quot; Wheels &amp; 60 km Range - Bglbike<\/title>\n<meta name=\"description\" content=\"The ECB04 7-Speed Electric City Bike with 26&quot; Wheels &amp; 60 km Range is designed to provide riders an efficient and convenient way to get around town.\" \/>\n<meta name=\"robots\" content=\"index, follow, max-snippet:-1, max-image-preview:large, max-video-preview:-1\" \/>\n<link rel=\"canonical\" href=\"https:\/\/bglbike.com\/pt\/produto\/ecb04\/\" \/>\n<meta property=\"og:locale\" content=\"pt_PT\" \/>\n<meta property=\"og:type\" content=\"article\" \/>\n<meta property=\"og:title\" content=\"ECB04 7-Speed Electric City Bike with 26&quot; Wheels &amp; 60 km Range\" \/>\n<meta property=\"og:description\" content=\"The ECB04 7-Speed Electric City Bike with 26&quot; Wheels &amp; 60 km Range is designed to provide riders an efficient and convenient way to get around town.\" \/>\n<meta property=\"og:url\" content=\"https:\/\/bglbike.com\/pt\/produto\/ecb04\/\" \/>\n<meta property=\"og:site_name\" content=\"Bglbike\" \/>\n<meta property=\"article:modified_time\" content=\"2023-05-31T02:59:36+00:00\" \/>\n<meta property=\"og:image\" content=\"https:\/\/bglbike.com\/wp-content\/uploads\/2023\/03\/11-13.png\" \/>\n\t<meta property=\"og:image:width\" content=\"600\" \/>\n\t<meta property=\"og:image:height\" content=\"600\" \/>\n\t<meta property=\"og:image:type\" content=\"image\/png\" \/>\n<meta name=\"twitter:card\" content=\"summary_large_image\" \/>\n<meta name=\"twitter:label1\" content=\"Tempo estimado de leitura\" \/>\n\t<meta name=\"twitter:data1\" content=\"1 minuto\" \/>\n<script type=\"application\/ld+json\" class=\"yoast-schema-graph\">{\"@context\":\"https:\\\/\\\/schema.org\",\"@graph\":[{\"@type\":\"WebPage\",\"@id\":\"https:\\\/\\\/bglbike.com\\\/product\\\/ecb04\\\/\",\"url\":\"https:\\\/\\\/bglbike.com\\\/product\\\/ecb04\\\/\",\"name\":\"ECB04 7-Speed Electric City Bike with 26\\\" Wheels & 60 km Range - Bglbike\",\"isPartOf\":{\"@id\":\"https:\\\/\\\/bglbike.com\\\/#website\"},\"primaryImageOfPage\":{\"@id\":\"https:\\\/\\\/bglbike.com\\\/product\\\/ecb04\\\/#primaryimage\"},\"image\":{\"@id\":\"https:\\\/\\\/bglbike.com\\\/product\\\/ecb04\\\/#primaryimage\"},\"thumbnailUrl\":\"https:\\\/\\\/bglbike.com\\\/wp-content\\\/uploads\\\/2023\\\/03\\\/11-13.png\",\"datePublished\":\"2023-03-30T03:38:04+00:00\",\"dateModified\":\"2023-05-31T02:59:36+00:00\",\"description\":\"The ECB04 7-Speed Electric City Bike with 26\\\" Wheels & 60 km Range is designed to provide riders an efficient and convenient way to get around town.\",\"breadcrumb\":{\"@id\":\"https:\\\/\\\/bglbike.com\\\/product\\\/ecb04\\\/#breadcrumb\"},\"inLanguage\":\"pt-PT\",\"potentialAction\":[{\"@type\":\"ReadAction\",\"target\":[\"https:\\\/\\\/bglbike.com\\\/product\\\/ecb04\\\/\"]}]},{\"@type\":\"ImageObject\",\"inLanguage\":\"pt-PT\",\"@id\":\"https:\\\/\\\/bglbike.com\\\/product\\\/ecb04\\\/#primaryimage\",\"url\":\"https:\\\/\\\/bglbike.com\\\/wp-content\\\/uploads\\\/2023\\\/03\\\/11-13.png\",\"contentUrl\":\"https:\\\/\\\/bglbike.com\\\/wp-content\\\/uploads\\\/2023\\\/03\\\/11-13.png\",\"width\":600,\"height\":600,\"caption\":\"ECB04\"},{\"@type\":\"BreadcrumbList\",\"@id\":\"https:\\\/\\\/bglbike.com\\\/product\\\/ecb04\\\/#breadcrumb\",\"itemListElement\":[{\"@type\":\"ListItem\",\"position\":1,\"name\":\"Home\",\"item\":\"https:\\\/\\\/bglbike.com\\\/\"},{\"@type\":\"ListItem\",\"position\":2,\"name\":\"Wholesale Electric Bike\",\"item\":\"https:\\\/\\\/bglbike.com\\\/wholesale-electric-bike\\\/\"},{\"@type\":\"ListItem\",\"position\":3,\"name\":\"ECB04 7-Speed Electric City Bike with 26&#8243; Wheels &#038; 60 km Range\"}]},{\"@type\":\"WebSite\",\"@id\":\"https:\\\/\\\/bglbike.com\\\/#website\",\"url\":\"https:\\\/\\\/bglbike.com\\\/\",\"name\":\"Bglbike\",\"description\":\"Top  Ebike manufacturer in China\",\"publisher\":{\"@id\":\"https:\\\/\\\/bglbike.com\\\/#organization\"},\"potentialAction\":[{\"@type\":\"SearchAction\",\"target\":{\"@type\":\"EntryPoint\",\"urlTemplate\":\"https:\\\/\\\/bglbike.com\\\/?s={search_term_string}\"},\"query-input\":{\"@type\":\"PropertyValueSpecification\",\"valueRequired\":true,\"valueName\":\"search_term_string\"}}],\"inLanguage\":\"pt-PT\"},{\"@type\":\"Organization\",\"@id\":\"https:\\\/\\\/bglbike.com\\\/#organization\",\"name\":\"Bglbike\",\"url\":\"https:\\\/\\\/bglbike.com\\\/\",\"logo\":{\"@type\":\"ImageObject\",\"inLanguage\":\"pt-PT\",\"@id\":\"https:\\\/\\\/bglbike.com\\\/#\\\/schema\\\/logo\\\/image\\\/\",\"url\":\"https:\\\/\\\/bglbike.com\\\/wp-content\\\/uploads\\\/2023\\\/04\\\/cropped-LOGO.png\",\"contentUrl\":\"https:\\\/\\\/bglbike.com\\\/wp-content\\\/uploads\\\/2023\\\/04\\\/cropped-LOGO.png\",\"width\":426,\"height\":141,\"caption\":\"Bglbike\"},\"image\":{\"@id\":\"https:\\\/\\\/bglbike.com\\\/#\\\/schema\\\/logo\\\/image\\\/\"}}]}<\/script>\n<!-- \/ Yoast SEO Premium plugin. -->","yoast_head_json":{"title":"ECB04 7-Speed Electric City Bike with 26\" Wheels & 60 km Range - Bglbike","description":"The ECB04 7-Speed Electric City Bike with 26\" Wheels & 60 km Range is designed to provide riders an efficient and convenient way to get around town.","robots":{"index":"index","follow":"follow","max-snippet":"max-snippet:-1","max-image-preview":"max-image-preview:large","max-video-preview":"max-video-preview:-1"},"canonical":"https:\/\/bglbike.com\/pt\/produto\/ecb04\/","og_locale":"pt_PT","og_type":"article","og_title":"ECB04 7-Speed Electric City Bike with 26\" Wheels & 60 km Range","og_description":"The ECB04 7-Speed Electric City Bike with 26\" Wheels & 60 km Range is designed to provide riders an efficient and convenient way to get around town.","og_url":"https:\/\/bglbike.com\/pt\/produto\/ecb04\/","og_site_name":"Bglbike","article_modified_time":"2023-05-31T02:59:36+00:00","og_image":[{"width":600,"height":600,"url":"https:\/\/bglbike.com\/wp-content\/uploads\/2023\/03\/11-13.png","type":"image\/png"}],"twitter_card":"summary_large_image","twitter_misc":{"Tempo estimado de leitura":"1 minuto"},"schema":{"@context":"https:\/\/schema.org","@graph":[{"@type":"WebPage","@id":"https:\/\/bglbike.com\/product\/ecb04\/","url":"https:\/\/bglbike.com\/product\/ecb04\/","name":"ECB04 7-Speed Electric City Bike with 26\" Wheels & 60 km Range - Bglbike","isPartOf":{"@id":"https:\/\/bglbike.com\/#website"},"primaryImageOfPage":{"@id":"https:\/\/bglbike.com\/product\/ecb04\/#primaryimage"},"image":{"@id":"https:\/\/bglbike.com\/product\/ecb04\/#primaryimage"},"thumbnailUrl":"https:\/\/bglbike.com\/wp-content\/uploads\/2023\/03\/11-13.png","datePublished":"2023-03-30T03:38:04+00:00","dateModified":"2023-05-31T02:59:36+00:00","description":"The ECB04 7-Speed Electric City Bike with 26\" Wheels & 60 km Range is designed to provide riders an efficient and convenient way to get around town.","breadcrumb":{"@id":"https:\/\/bglbike.com\/product\/ecb04\/#breadcrumb"},"inLanguage":"pt-PT","potentialAction":[{"@type":"ReadAction","target":["https:\/\/bglbike.com\/product\/ecb04\/"]}]},{"@type":"ImageObject","inLanguage":"pt-PT","@id":"https:\/\/bglbike.com\/product\/ecb04\/#primaryimage","url":"https:\/\/bglbike.com\/wp-content\/uploads\/2023\/03\/11-13.png","contentUrl":"https:\/\/bglbike.com\/wp-content\/uploads\/2023\/03\/11-13.png","width":600,"height":600,"caption":"ECB04"},{"@type":"BreadcrumbList","@id":"https:\/\/bglbike.com\/product\/ecb04\/#breadcrumb","itemListElement":[{"@type":"ListItem","position":1,"name":"Home","item":"https:\/\/bglbike.com\/"},{"@type":"ListItem","position":2,"name":"Wholesale Electric Bike","item":"https:\/\/bglbike.com\/wholesale-electric-bike\/"},{"@type":"ListItem","position":3,"name":"ECB04 7-Speed Electric City Bike with 26&#8243; Wheels &#038; 60 km Range"}]},{"@type":"WebSite","@id":"https:\/\/bglbike.com\/#website","url":"https:\/\/bglbike.com\/","name":"Bglbike","description":"Top  Ebike manufacturer in China","publisher":{"@id":"https:\/\/bglbike.com\/#organization"},"potentialAction":[{"@type":"SearchAction","target":{"@type":"EntryPoint","urlTemplate":"https:\/\/bglbike.com\/?s={search_term_string}"},"query-input":{"@type":"PropertyValueSpecification","valueRequired":true,"valueName":"search_term_string"}}],"inLanguage":"pt-PT"},{"@type":"Organization","@id":"https:\/\/bglbike.com\/#organization","name":"Bglbike","url":"https:\/\/bglbike.com\/","logo":{"@type":"ImageObject","inLanguage":"pt-PT","@id":"https:\/\/bglbike.com\/#\/schema\/logo\/image\/","url":"https:\/\/bglbike.com\/wp-content\/uploads\/2023\/04\/cropped-LOGO.png","contentUrl":"https:\/\/bglbike.com\/wp-content\/uploads\/2023\/04\/cropped-LOGO.png","width":426,"height":141,"caption":"Bglbike"},"image":{"@id":"https:\/\/bglbike.com\/#\/schema\/logo\/image\/"}}]}},"_links":{"self":[{"href":"https:\/\/bglbike.com\/pt\/wp-json\/wp\/v2\/product\/595","targetHints":{"allow":["GET"]}}],"collection":[{"href":"https:\/\/bglbike.com\/pt\/wp-json\/wp\/v2\/product"}],"about":[{"href":"https:\/\/bglbike.com\/pt\/wp-json\/wp\/v2\/types\/product"}],"wp:featuredmedia":[{"embeddable":true,"href":"https:\/\/bglbike.com\/pt\/wp-json\/wp\/v2\/media\/3924"}],"wp:attachment":[{"href":"https:\/\/bglbike.com\/pt\/wp-json\/wp\/v2\/media?parent=595"}],"wp:term":[{"taxonomy":"product_brand","embeddable":true,"href":"https:\/\/bglbike.com\/pt\/wp-json\/wp\/v2\/product_brand?post=595"},{"taxonomy":"product_cat","embeddable":true,"href":"https:\/\/bglbike.com\/pt\/wp-json\/wp\/v2\/product_cat?post=595"},{"taxonomy":"product_tag","embeddable":true,"href":"https:\/\/bglbike.com\/pt\/wp-json\/wp\/v2\/product_tag?post=595"}],"curies":[{"name":"wp","href":"https:\/\/api.w.org\/{rel}","templated":true}]}}