{"id":562,"date":"2023-03-29T06:02:53","date_gmt":"2023-03-29T06:02:53","guid":{"rendered":"https:\/\/bglbike.com\/?post_type=product&#038;p=562"},"modified":"2023-05-31T03:02:04","modified_gmt":"2023-05-31T03:02:04","slug":"emb16","status":"publish","type":"product","link":"https:\/\/bglbike.com\/pt\/produto\/emb16\/","title":{"rendered":"Bicicleta de montanha el\u00e9trica EMB16 Poderosa faixa de motor de cubo sem engrenagem de 36V250W entre 19 e 25 milhas"},"content":{"rendered":"<h3>Descri\u00e7\u00e3o do produto<\/h3>\n<div id=\"footable_parent_576\"\n         class=\"footable_parent ninja_table_wrapper loading_ninja_table wp_table_data_press_parent semantic_ui\">\n                <table data-ninja_table_instance=\"ninja_table_instance_0\" data-footable_id=\"576\" data-filter-delay=\"1000\" aria-label=\"EMB16.csv\"            id=\"footable_576\"\n           data-unique_identifier=\"ninja_table_unique_id_4058601990_576\"\n           class=\"foo-table ninja_footable foo_table_576 ninja_table_unique_id_4058601990_576 ui table  nt_type_legacy_table selectable striped vertical_centered  footable-paging-right ninja_table_pro\">\n                <colgroup>\n                            <col class=\"ninja_column_0\">\n                            <col class=\"ninja_column_1\">\n                            <col class=\"ninja_column_2\">\n                            <col class=\"ninja_column_3\">\n                    <\/colgroup>\n        <thead>\n<tr class=\"footable-header\">\n                                                                        <th scope=\"col\"  class=\"ninja_column_0 ninja_clmn_nm_model\">Modelo<\/th><th scope=\"col\"  class=\"ninja_column_1 ninja_clmn_nm_emb16\">EMB16<\/th><th scope=\"col\"  class=\"ninja_column_2 ninja_clmn_nm_certification\">Certifica\u00e7\u00e3o<\/th><th scope=\"col\"  class=\"ninja_column_3 ninja_clmn_nm_ceen15194ios\">CE,EN15194,IOS<\/th><\/tr>\n<\/thead>\n<tbody>\n\n        <tr data-row_id=\"133\" class=\"ninja_table_row_0 nt_row_id_133\">\n            <td><\/td><td>Cubo Gearless montado na parte traseira 36V250W(XF)<\/td><td>Bateria<\/td><td>36V9AH(China) \u00edon de l\u00edtio<\/td>        <\/tr>\n            <tr data-row_id=\"134\" class=\"ninja_table_row_1 nt_row_id_134\">\n            <td>Motor<\/td><td><\/td><td><\/td><td><\/td>        <\/tr>\n            <tr data-row_id=\"135\" class=\"ninja_table_row_2 nt_row_id_135\">\n            <td>Pneu<\/td><td>Kenda, 26&quot; x 1,95&quot;<\/td><td>garantia<\/td><td>2 anos<\/td>        <\/tr>\n            <tr data-row_id=\"136\" class=\"ninja_table_row_3 nt_row_id_136\">\n            <td>Carregador<\/td><td>2A CE\/UL<\/td><td>Hora de carregar<\/td><td>4-6 horas<\/td>        <\/tr>\n            <tr data-row_id=\"137\" class=\"ninja_table_row_4 nt_row_id_137\">\n            <td><\/td><td>19 milhas (30 km)-25 milhas (40 km)<\/td><td>Controlador<\/td><td>controlador integrado 36V15A<\/td>        <\/tr>\n            <tr data-row_id=\"138\" class=\"ninja_table_row_5 nt_row_id_138\">\n            <td>Faixa estimada<\/td><td><\/td><td><\/td><td><\/td>        <\/tr>\n            <tr data-row_id=\"139\" class=\"ninja_table_row_6 nt_row_id_139\">\n            <td><\/td><td>Assist\u00eancia do pedal com detec\u00e7\u00e3o de cad\u00eancia, acelerador de gatilho (disco com sensor de 6 \u00edm\u00e3s)<\/td><td>Velocidade m\u00e1xima<\/td><td>UE: 15,6 mph (25 km\/h)\/Am\u00e9rica do Norte: 20 mph (32 km\/h)<\/td>        <\/tr>\n            <tr data-row_id=\"140\" class=\"ninja_table_row_7 nt_row_id_140\">\n            <td>Modo de condu\u00e7\u00e3o<\/td><td><\/td><td><\/td><td><\/td>        <\/tr>\n            <tr data-row_id=\"141\" class=\"ninja_table_row_8 nt_row_id_141\">\n            <td>Garfo<\/td><td>Zoom Suspens\u00e3o B\u00e1sica<\/td><td>Peso total<\/td><td>48,5 libras (22 kg)<\/td>        <\/tr>\n            <tr data-row_id=\"142\" class=\"ninja_table_row_9 nt_row_id_142\">\n            <td>Quadro<\/td><td>26&quot;, 6061 Liga de Alum\u00ednio<\/td><td>Mostrar<\/td><td>Visor LED ou LCD<\/td>        <\/tr>\n            <tr data-row_id=\"143\" class=\"ninja_table_row_10 nt_row_id_143\">\n            <td>engrenagem<\/td><td>7 velocidades 1x7, Shimano Tourney TX<\/td><td>Manivelas<\/td><td>Coroa de corrente de 44 dentes, bra\u00e7os de manivela de 170 mm<\/td>        <\/tr>\n            <tr data-row_id=\"144\" class=\"ninja_table_row_11 nt_row_id_144\">\n            <td>Mudan\u00e7a<\/td><td>7 velocidades Shimano<\/td><td>pedais<\/td><td>Liga de alum\u00ednio<\/td>        <\/tr>\n            <tr data-row_id=\"145\" class=\"ninja_table_row_12 nt_row_id_145\">\n            <td>Fone de ouvido<\/td><td>Rolamento vedado<\/td><td>Tronco<\/td><td>Liga de alum\u00ednio<\/td>        <\/tr>\n            <tr data-row_id=\"146\" class=\"ninja_table_row_13 nt_row_id_146\">\n            <td>Guid\u00e3o<\/td><td>Liga de alum\u00ednio<\/td><td>Punhos<\/td><td>Punhos de borracha<\/td>        <\/tr>\n            <tr data-row_id=\"147\" class=\"ninja_table_row_14 nt_row_id_147\">\n            <td>Freio<\/td><td>Disco Zoom OU Tektro com rotores de 160 mm<\/td><td>Alavancas<\/td><td>Alavancas Tektro e Inibidor de Motor<\/td>        <\/tr>\n            <tr data-row_id=\"148\" class=\"ninja_table_row_15 nt_row_id_148\">\n            <td>Selim<\/td><td>Velo<\/td><td>Espig\u00e3o<\/td><td>Liga de alum\u00ednio<\/td>        <\/tr>\n            <tr data-row_id=\"149\" class=\"ninja_table_row_16 nt_row_id_149\">\n            <td>Aro<\/td><td>Liga de alum\u00ednio<\/td><td>raios<\/td><td>A\u00e7o inoxid\u00e1vel, 36H<\/td>        <\/tr>\n    <\/tbody><!--ninja_tobody_rendering_done-->\n    <\/table>\n    \n    \n    \n<\/div>\n\n<h3>Embalagem e entrega<\/h3>\n<p>Detalhes da embalagem: 1 pc\/pacote<\/p>\n<p>Porto: Ning Bo<\/p>\n<p>Tempo de espera:<div id=\"footable_parent_572\"\n         class=\"footable_parent ninja_table_wrapper loading_ninja_table wp_table_data_press_parent semantic_ui\">\n                <table data-ninja_table_instance=\"ninja_table_instance_1\" data-footable_id=\"572\" data-filter-delay=\"1000\" aria-label=\"prazo de entrega.csv\"            id=\"footable_572\"\n           data-unique_identifier=\"ninja_table_unique_id_1102908887_572\"\n           class=\"foo-table ninja_footable foo_table_572 ninja_table_unique_id_1102908887_572 ui table  nt_type_legacy_table selectable striped vertical_centered  footable-paging-right ninja_table_pro\">\n                <colgroup>\n                            <col class=\"ninja_column_0\">\n                            <col class=\"ninja_column_1\">\n                            <col class=\"ninja_column_2\">\n                    <\/colgroup>\n        <thead>\n<tr class=\"footable-header\">\n                                                        <th scope=\"col\"  class=\"ninja_column_0 ninja_clmn_nm_quantitypieces\">Quantidade (pe\u00e7as)<\/th><th scope=\"col\"  class=\"ninja_column_1 ninja_clmn_nm_15\">1-50<\/th><th scope=\"col\"  class=\"ninja_column_2 ninja_clmn_nm_5\">&gt;50<\/th><\/tr>\n<\/thead>\n<tbody>\n\n        <tr data-row_id=\"132\" class=\"ninja_table_row_0 nt_row_id_132\">\n            <td>Prazo de entrega (dias)<\/td><td>60<\/td><td>A ser negociado<\/td>        <\/tr>\n    <\/tbody><!--ninja_tobody_rendering_done-->\n    <\/table>\n    \n    \n    \n<\/div>\n<\/p>\n<h3>Especifica\u00e7\u00f5es<\/h3>\n<p>1. Fornecimento para EUA, Europa, \u00c1sia e Austr\u00e1lia<br \/>\n2. Prazo de entrega: 45 dias<br \/>\n3. Tamanhos da caixa: 155*77*27cm<br \/>\n4. Recipiente: 65 pe\u00e7as\/20 p\u00e9s; 180 pe\u00e7as\/40 p\u00e9s<\/p>\n<h3>Detalhe da imagem<\/h3>\n<p><img fetchpriority=\"high\" decoding=\"async\" class=\"size-full wp-image-3702\" src=\"https:\/\/bglbike.com\/wp-content\/uploads\/2023\/03\/33-6.png\" alt=\"Imagens detalhadas\" width=\"600\" height=\"576\" srcset=\"https:\/\/bglbike.com\/wp-content\/uploads\/2023\/03\/33-6.png 600w, https:\/\/bglbike.com\/wp-content\/uploads\/2023\/03\/33-6-300x288.png 300w, https:\/\/bglbike.com\/wp-content\/uploads\/2023\/03\/33-6-13x12.png 13w, https:\/\/bglbike.com\/wp-content\/uploads\/2023\/03\/33-6-208x200.png 208w\" sizes=\"(max-width: 600px) 100vw, 600px\" \/><\/p>\n<h3>perguntas frequentes<\/h3>\n<p><strong>Q1: Quanto tempo duram as baterias de uma bicicleta de montanha el\u00e9trica EMB16?<\/strong><br \/>\nA expectativa de vida exata depender\u00e1 dos estilos e h\u00e1bitos individuais de pilotagem, como a frequ\u00eancia com que usam a bicicleta e o esfor\u00e7o que colocam nela.<\/p>\n<p><strong>Q2: Existe manuten\u00e7\u00e3o necess\u00e1ria para uma mountain bike el\u00e9trica EMB16?<\/strong><br \/>\nSim, isso inclui verificar os n\u00edveis de press\u00e3o dos pneus regularmente, bem como lubrificar a corrente periodicamente para garantir o desempenho ideal de sua bicicleta ao longo do tempo. Al\u00e9m disso, \u00e9 importante carregar constantemente a bateria regularmente para que ela permane\u00e7a saud\u00e1vel durante todo o seu ciclo de vida.<\/p>\n<p><strong>P3: Quais considera\u00e7\u00f5es de seguran\u00e7a devem ser feitas ao andar de bicicleta de montanha el\u00e9trica EMB16?<\/strong><br \/>\nAo andar de Mountain Bike El\u00e9trica EMB16, \u00e9 essencial seguir todas as precau\u00e7\u00f5es de seguran\u00e7a relevantes, como usar equipamentos de prote\u00e7\u00e3o adequados, incluindo capacetes, luvas e prote\u00e7\u00e3o para os olhos; estar ciente dos arredores em todos os momentos; seguindo todas as leis de tr\u00e2nsito.<\/p>\n<p><a href=\"https:\/\/bglbike.com\/pt\/categoria-de-produto\/electric-mountain-bike\/\" target=\"_blank\">Obtenha a solu\u00e7\u00e3o completa de mountain bike el\u00e9trica.<\/a><\/p>","protected":false},"excerpt":{"rendered":"<p>Procurando um meio de transporte emocionante e sustent\u00e1vel para percorrer as trilhas? O<strong> Bicicleta de montanha el\u00e9trica EMB16<\/strong> impressiona com seu potente motor de cubo sem engrenagens de 36V250W, projetado para tornar a subida de colinas uma brisa e proporcionar uma emocionante aventura off-road. Quer voc\u00ea seja um ciclista experiente ou esteja apenas come\u00e7ando, a Mountain Bike El\u00e9trica EMB16 \u00e9 uma \u00f3tima op\u00e7\u00e3o para levar sua experi\u00eancia de mountain bike para o pr\u00f3ximo n\u00edvel. Ent\u00e3o, o que voc\u00ea est\u00e1 esperando? Experimente hoje mesmo a Mountain Bike El\u00e9trica EMB16 e conquiste novos terrenos com estilo e conforto!<\/p>\n<p>&nbsp;<\/p>","protected":false},"featured_media":3918,"template":"","meta":{"site-sidebar-layout":"default","site-content-layout":"default","ast-site-content-layout":"default","site-content-style":"default","site-sidebar-style":"default","ast-global-header-display":"","ast-banner-title-visibility":"","ast-main-header-display":"","ast-hfb-above-header-display":"","ast-hfb-below-header-display":"","ast-hfb-mobile-header-display":"","site-post-title":"","ast-breadcrumbs-content":"","ast-featured-img":"","footer-sml-layout":"","ast-disable-related-posts":"","theme-transparent-header-meta":"default","adv-header-id-meta":"","stick-header-meta":"default","header-above-stick-meta":"","header-main-stick-meta":"","header-below-stick-meta":"","astra-migrate-meta-layouts":"default","ast-page-background-enabled":"default","ast-page-background-meta":{"desktop":{"background-color":"var(--ast-global-color-4)","background-image":"","background-repeat":"repeat","background-position":"center center","background-size":"auto","background-attachment":"scroll","background-type":"","background-media":"","overlay-type":"","overlay-color":"","overlay-opacity":"","overlay-gradient":""},"tablet":{"background-color":"","background-image":"","background-repeat":"repeat","background-position":"center center","background-size":"auto","background-attachment":"scroll","background-type":"","background-media":"","overlay-type":"","overlay-color":"","overlay-opacity":"","overlay-gradient":""},"mobile":{"background-color":"","background-image":"","background-repeat":"repeat","background-position":"center center","background-size":"auto","background-attachment":"scroll","background-type":"","background-media":"","overlay-type":"","overlay-color":"","overlay-opacity":"","overlay-gradient":""}},"ast-content-background-meta":{"desktop":{"background-color":"var(--ast-global-color-5)","background-image":"","background-repeat":"repeat","background-position":"center center","background-size":"auto","background-attachment":"scroll","background-type":"","background-media":"","overlay-type":"","overlay-color":"","overlay-opacity":"","overlay-gradient":""},"tablet":{"background-color":"var(--ast-global-color-5)","background-image":"","background-repeat":"repeat","background-position":"center center","background-size":"auto","background-attachment":"scroll","background-type":"","background-media":"","overlay-type":"","overlay-color":"","overlay-opacity":"","overlay-gradient":""},"mobile":{"background-color":"var(--ast-global-color-5)","background-image":"","background-repeat":"repeat","background-position":"center center","background-size":"auto","background-attachment":"scroll","background-type":"","background-media":"","overlay-type":"","overlay-color":"","overlay-opacity":"","overlay-gradient":""}}},"product_brand":[],"product_cat":[20],"product_tag":[],"class_list":{"0":"post-562","1":"product","2":"type-product","3":"status-publish","4":"has-post-thumbnail","6":"product_cat-electric-mountain-bike","7":"desktop-align-left","8":"tablet-align-left","9":"mobile-align-left","10":"ast-product-gallery-layout-horizontal-slider","11":"ast-product-gallery-with-no-image","12":"ast-product-single-variable","13":"ast-product-tabs-layout-horizontal","15":"first","16":"instock","17":"shipping-taxable","18":"purchasable","19":"product-type-variable"},"yoast_head":"<!-- This site is optimized with the Yoast SEO Premium plugin v20.9 (Yoast SEO v27.3) - https:\/\/yoast.com\/product\/yoast-seo-premium-wordpress\/ -->\n<title>EMB16 Electric Mountain Bike Powerful 36V250W gearless hub motor range between 19-25 miles - Bglbike<\/title>\n<meta name=\"description\" content=\"With its aluminum frame, hydraulic brakes, and adjustable suspension, this electric mountain bike is sure to provide a comfortable ride every time.\" \/>\n<meta name=\"robots\" content=\"index, follow, max-snippet:-1, max-image-preview:large, max-video-preview:-1\" \/>\n<link rel=\"canonical\" href=\"https:\/\/bglbike.com\/pt\/produto\/emb16\/\" \/>\n<meta property=\"og:locale\" content=\"pt_PT\" \/>\n<meta property=\"og:type\" content=\"article\" \/>\n<meta property=\"og:title\" content=\"EMB16 Electric Mountain Bike Powerful 36V250W gearless hub motor range between 19-25 miles\" \/>\n<meta property=\"og:description\" content=\"With its aluminum frame, hydraulic brakes, and adjustable suspension, this electric mountain bike is sure to provide a comfortable ride every time.\" \/>\n<meta property=\"og:url\" content=\"https:\/\/bglbike.com\/pt\/produto\/emb16\/\" \/>\n<meta property=\"og:site_name\" content=\"Bglbike\" \/>\n<meta property=\"article:modified_time\" content=\"2023-05-31T03:02:04+00:00\" \/>\n<meta property=\"og:image\" content=\"https:\/\/bglbike.com\/wp-content\/uploads\/2023\/03\/EBB04-2-5.png\" \/>\n\t<meta property=\"og:image:width\" content=\"600\" \/>\n\t<meta property=\"og:image:height\" content=\"600\" \/>\n\t<meta property=\"og:image:type\" content=\"image\/png\" \/>\n<meta name=\"twitter:card\" content=\"summary_large_image\" \/>\n<meta name=\"twitter:label1\" content=\"Tempo estimado de leitura\" \/>\n\t<meta name=\"twitter:data1\" content=\"2 minutos\" \/>\n<script type=\"application\/ld+json\" class=\"yoast-schema-graph\">{\"@context\":\"https:\\\/\\\/schema.org\",\"@graph\":[{\"@type\":\"WebPage\",\"@id\":\"https:\\\/\\\/bglbike.com\\\/product\\\/emb16\\\/\",\"url\":\"https:\\\/\\\/bglbike.com\\\/product\\\/emb16\\\/\",\"name\":\"EMB16 Electric Mountain Bike Powerful 36V250W gearless hub motor range between 19-25 miles - Bglbike\",\"isPartOf\":{\"@id\":\"https:\\\/\\\/bglbike.com\\\/#website\"},\"primaryImageOfPage\":{\"@id\":\"https:\\\/\\\/bglbike.com\\\/product\\\/emb16\\\/#primaryimage\"},\"image\":{\"@id\":\"https:\\\/\\\/bglbike.com\\\/product\\\/emb16\\\/#primaryimage\"},\"thumbnailUrl\":\"https:\\\/\\\/bglbike.com\\\/wp-content\\\/uploads\\\/2023\\\/03\\\/EBB04-2-5.png\",\"datePublished\":\"2023-03-29T06:02:53+00:00\",\"dateModified\":\"2023-05-31T03:02:04+00:00\",\"description\":\"With its aluminum frame, hydraulic brakes, and adjustable suspension, this electric mountain bike is sure to provide a comfortable ride every time.\",\"breadcrumb\":{\"@id\":\"https:\\\/\\\/bglbike.com\\\/product\\\/emb16\\\/#breadcrumb\"},\"inLanguage\":\"pt-PT\",\"potentialAction\":[{\"@type\":\"ReadAction\",\"target\":[\"https:\\\/\\\/bglbike.com\\\/product\\\/emb16\\\/\"]}]},{\"@type\":\"ImageObject\",\"inLanguage\":\"pt-PT\",\"@id\":\"https:\\\/\\\/bglbike.com\\\/product\\\/emb16\\\/#primaryimage\",\"url\":\"https:\\\/\\\/bglbike.com\\\/wp-content\\\/uploads\\\/2023\\\/03\\\/EBB04-2-5.png\",\"contentUrl\":\"https:\\\/\\\/bglbike.com\\\/wp-content\\\/uploads\\\/2023\\\/03\\\/EBB04-2-5.png\",\"width\":600,\"height\":600,\"caption\":\"EMB16\"},{\"@type\":\"BreadcrumbList\",\"@id\":\"https:\\\/\\\/bglbike.com\\\/product\\\/emb16\\\/#breadcrumb\",\"itemListElement\":[{\"@type\":\"ListItem\",\"position\":1,\"name\":\"Home\",\"item\":\"https:\\\/\\\/bglbike.com\\\/\"},{\"@type\":\"ListItem\",\"position\":2,\"name\":\"Wholesale Electric Bike\",\"item\":\"https:\\\/\\\/bglbike.com\\\/wholesale-electric-bike\\\/\"},{\"@type\":\"ListItem\",\"position\":3,\"name\":\"EMB16 Electric Mountain Bike Powerful 36V250W gearless hub motor range between 19-25 miles\"}]},{\"@type\":\"WebSite\",\"@id\":\"https:\\\/\\\/bglbike.com\\\/#website\",\"url\":\"https:\\\/\\\/bglbike.com\\\/\",\"name\":\"Bglbike\",\"description\":\"Top  Ebike manufacturer in China\",\"publisher\":{\"@id\":\"https:\\\/\\\/bglbike.com\\\/#organization\"},\"potentialAction\":[{\"@type\":\"SearchAction\",\"target\":{\"@type\":\"EntryPoint\",\"urlTemplate\":\"https:\\\/\\\/bglbike.com\\\/?s={search_term_string}\"},\"query-input\":{\"@type\":\"PropertyValueSpecification\",\"valueRequired\":true,\"valueName\":\"search_term_string\"}}],\"inLanguage\":\"pt-PT\"},{\"@type\":\"Organization\",\"@id\":\"https:\\\/\\\/bglbike.com\\\/#organization\",\"name\":\"Bglbike\",\"url\":\"https:\\\/\\\/bglbike.com\\\/\",\"logo\":{\"@type\":\"ImageObject\",\"inLanguage\":\"pt-PT\",\"@id\":\"https:\\\/\\\/bglbike.com\\\/#\\\/schema\\\/logo\\\/image\\\/\",\"url\":\"https:\\\/\\\/bglbike.com\\\/wp-content\\\/uploads\\\/2023\\\/04\\\/cropped-LOGO.png\",\"contentUrl\":\"https:\\\/\\\/bglbike.com\\\/wp-content\\\/uploads\\\/2023\\\/04\\\/cropped-LOGO.png\",\"width\":426,\"height\":141,\"caption\":\"Bglbike\"},\"image\":{\"@id\":\"https:\\\/\\\/bglbike.com\\\/#\\\/schema\\\/logo\\\/image\\\/\"}}]}<\/script>\n<!-- \/ Yoast SEO Premium plugin. -->","yoast_head_json":{"title":"EMB16 Electric Mountain Bike Powerful 36V250W gearless hub motor range between 19-25 miles - Bglbike","description":"With its aluminum frame, hydraulic brakes, and adjustable suspension, this electric mountain bike is sure to provide a comfortable ride every time.","robots":{"index":"index","follow":"follow","max-snippet":"max-snippet:-1","max-image-preview":"max-image-preview:large","max-video-preview":"max-video-preview:-1"},"canonical":"https:\/\/bglbike.com\/pt\/produto\/emb16\/","og_locale":"pt_PT","og_type":"article","og_title":"EMB16 Electric Mountain Bike Powerful 36V250W gearless hub motor range between 19-25 miles","og_description":"With its aluminum frame, hydraulic brakes, and adjustable suspension, this electric mountain bike is sure to provide a comfortable ride every time.","og_url":"https:\/\/bglbike.com\/pt\/produto\/emb16\/","og_site_name":"Bglbike","article_modified_time":"2023-05-31T03:02:04+00:00","og_image":[{"width":600,"height":600,"url":"https:\/\/bglbike.com\/wp-content\/uploads\/2023\/03\/EBB04-2-5.png","type":"image\/png"}],"twitter_card":"summary_large_image","twitter_misc":{"Tempo estimado de leitura":"2 minutos"},"schema":{"@context":"https:\/\/schema.org","@graph":[{"@type":"WebPage","@id":"https:\/\/bglbike.com\/product\/emb16\/","url":"https:\/\/bglbike.com\/product\/emb16\/","name":"EMB16 Electric Mountain Bike Powerful 36V250W gearless hub motor range between 19-25 miles - Bglbike","isPartOf":{"@id":"https:\/\/bglbike.com\/#website"},"primaryImageOfPage":{"@id":"https:\/\/bglbike.com\/product\/emb16\/#primaryimage"},"image":{"@id":"https:\/\/bglbike.com\/product\/emb16\/#primaryimage"},"thumbnailUrl":"https:\/\/bglbike.com\/wp-content\/uploads\/2023\/03\/EBB04-2-5.png","datePublished":"2023-03-29T06:02:53+00:00","dateModified":"2023-05-31T03:02:04+00:00","description":"With its aluminum frame, hydraulic brakes, and adjustable suspension, this electric mountain bike is sure to provide a comfortable ride every time.","breadcrumb":{"@id":"https:\/\/bglbike.com\/product\/emb16\/#breadcrumb"},"inLanguage":"pt-PT","potentialAction":[{"@type":"ReadAction","target":["https:\/\/bglbike.com\/product\/emb16\/"]}]},{"@type":"ImageObject","inLanguage":"pt-PT","@id":"https:\/\/bglbike.com\/product\/emb16\/#primaryimage","url":"https:\/\/bglbike.com\/wp-content\/uploads\/2023\/03\/EBB04-2-5.png","contentUrl":"https:\/\/bglbike.com\/wp-content\/uploads\/2023\/03\/EBB04-2-5.png","width":600,"height":600,"caption":"EMB16"},{"@type":"BreadcrumbList","@id":"https:\/\/bglbike.com\/product\/emb16\/#breadcrumb","itemListElement":[{"@type":"ListItem","position":1,"name":"Home","item":"https:\/\/bglbike.com\/"},{"@type":"ListItem","position":2,"name":"Wholesale Electric Bike","item":"https:\/\/bglbike.com\/wholesale-electric-bike\/"},{"@type":"ListItem","position":3,"name":"EMB16 Electric Mountain Bike Powerful 36V250W gearless hub motor range between 19-25 miles"}]},{"@type":"WebSite","@id":"https:\/\/bglbike.com\/#website","url":"https:\/\/bglbike.com\/","name":"Bglbike","description":"Top  Ebike manufacturer in China","publisher":{"@id":"https:\/\/bglbike.com\/#organization"},"potentialAction":[{"@type":"SearchAction","target":{"@type":"EntryPoint","urlTemplate":"https:\/\/bglbike.com\/?s={search_term_string}"},"query-input":{"@type":"PropertyValueSpecification","valueRequired":true,"valueName":"search_term_string"}}],"inLanguage":"pt-PT"},{"@type":"Organization","@id":"https:\/\/bglbike.com\/#organization","name":"Bglbike","url":"https:\/\/bglbike.com\/","logo":{"@type":"ImageObject","inLanguage":"pt-PT","@id":"https:\/\/bglbike.com\/#\/schema\/logo\/image\/","url":"https:\/\/bglbike.com\/wp-content\/uploads\/2023\/04\/cropped-LOGO.png","contentUrl":"https:\/\/bglbike.com\/wp-content\/uploads\/2023\/04\/cropped-LOGO.png","width":426,"height":141,"caption":"Bglbike"},"image":{"@id":"https:\/\/bglbike.com\/#\/schema\/logo\/image\/"}}]}},"_links":{"self":[{"href":"https:\/\/bglbike.com\/pt\/wp-json\/wp\/v2\/product\/562","targetHints":{"allow":["GET"]}}],"collection":[{"href":"https:\/\/bglbike.com\/pt\/wp-json\/wp\/v2\/product"}],"about":[{"href":"https:\/\/bglbike.com\/pt\/wp-json\/wp\/v2\/types\/product"}],"wp:featuredmedia":[{"embeddable":true,"href":"https:\/\/bglbike.com\/pt\/wp-json\/wp\/v2\/media\/3918"}],"wp:attachment":[{"href":"https:\/\/bglbike.com\/pt\/wp-json\/wp\/v2\/media?parent=562"}],"wp:term":[{"taxonomy":"product_brand","embeddable":true,"href":"https:\/\/bglbike.com\/pt\/wp-json\/wp\/v2\/product_brand?post=562"},{"taxonomy":"product_cat","embeddable":true,"href":"https:\/\/bglbike.com\/pt\/wp-json\/wp\/v2\/product_cat?post=562"},{"taxonomy":"product_tag","embeddable":true,"href":"https:\/\/bglbike.com\/pt\/wp-json\/wp\/v2\/product_tag?post=562"}],"curies":[{"name":"wp","href":"https:\/\/api.w.org\/{rel}","templated":true}]}}