{"id":13,"date":"2021-11-04T10:21:53","date_gmt":"2021-11-04T10:21:53","guid":{"rendered":"https:\/\/bglbike.com\/about\/"},"modified":"2025-03-08T05:43:59","modified_gmt":"2025-03-08T05:43:59","slug":"about","status":"publish","type":"page","link":"https:\/\/bglbike.com\/pt\/sobre\/","title":{"rendered":"Sobre"},"content":{"rendered":"<div data-elementor-type=\"wp-page\" data-elementor-id=\"13\" class=\"elementor elementor-13\" data-elementor-post-type=\"page\">\n\t\t\t\t\t\t<section data-particle_enable=\"false\" data-particle-mobile-disabled=\"false\" class=\"elementor-section elementor-top-section elementor-element elementor-element-6f7566c elementor-section-boxed elementor-section-height-default elementor-section-height-default\" data-id=\"6f7566c\" data-element_type=\"section\" data-e-type=\"section\">\n\t\t\t\t\t\t<div class=\"elementor-container elementor-column-gap-default\">\n\t\t\t\t\t<div class=\"elementor-column elementor-col-100 elementor-top-column elementor-element elementor-element-6bdedaa\" data-id=\"6bdedaa\" data-element_type=\"column\" data-e-type=\"column\">\n\t\t\t<div class=\"elementor-widget-wrap elementor-element-populated\">\n\t\t\t\t\t\t<div class=\"elementor-element elementor-element-21c6be6 elementor-widget elementor-widget-spacer\" data-id=\"21c6be6\" data-element_type=\"widget\" data-e-type=\"widget\" data-widget_type=\"spacer.default\">\n\t\t\t\t<div class=\"elementor-widget-container\">\n\t\t\t\t\t\t\t<div class=\"elementor-spacer\">\n\t\t\t<div class=\"elementor-spacer-inner\"><\/div>\n\t\t<\/div>\n\t\t\t\t\t\t<\/div>\n\t\t\t\t<\/div>\n\t\t\t\t\t<\/div>\n\t\t<\/div>\n\t\t\t\t\t<\/div>\n\t\t<\/section>\n\t\t\t\t<section data-particle_enable=\"false\" data-particle-mobile-disabled=\"false\" class=\"elementor-section elementor-top-section elementor-element elementor-element-dbqc3c9 elementor-section-boxed elementor-section-height-default elementor-section-height-default\" data-id=\"dbqc3c9\" data-element_type=\"section\" data-e-type=\"section\" data-settings=\"{&quot;background_background&quot;:&quot;classic&quot;}\">\n\t\t\t\t\t\t<div class=\"elementor-container elementor-column-gap-no\">\n\t\t\t\t\t<div class=\"elementor-column elementor-col-100 elementor-top-column elementor-element elementor-element-1863ca0\" data-id=\"1863ca0\" data-element_type=\"column\" data-e-type=\"column\">\n\t\t\t<div class=\"elementor-widget-wrap elementor-element-populated\">\n\t\t\t\t\t\t<div class=\"elementor-element elementor-element-2352c3b elementor-widget elementor-widget-heading\" data-id=\"2352c3b\" data-element_type=\"widget\" data-e-type=\"widget\" data-widget_type=\"heading.default\">\n\t\t\t\t<div class=\"elementor-widget-container\">\n\t\t\t\t\t<h1 class=\"elementor-heading-title elementor-size-default\">Sobre n\u00f3s<\/h1>\t\t\t\t<\/div>\n\t\t\t\t<\/div>\n\t\t\t\t<div class=\"elementor-element elementor-element-a49b493 elementor-widget elementor-widget-heading\" data-id=\"a49b493\" data-element_type=\"widget\" data-e-type=\"widget\" data-widget_type=\"heading.default\">\n\t\t\t\t<div class=\"elementor-widget-container\">\n\t\t\t\t\t<h3 class=\"elementor-heading-title elementor-size-default\">Estamos empenhados em fornecer aos nossos clientes bicicletas el\u00e9tricas, triciclos e scooters de alta qualidade. <\/h3>\t\t\t\t<\/div>\n\t\t\t\t<\/div>\n\t\t\t\t<section data-particle_enable=\"false\" data-particle-mobile-disabled=\"false\" class=\"elementor-section elementor-inner-section elementor-element elementor-element-dfd30cb elementor-section-boxed elementor-section-height-default elementor-section-height-default\" data-id=\"dfd30cb\" data-element_type=\"section\" data-e-type=\"section\">\n\t\t\t\t\t\t<div class=\"elementor-container elementor-column-gap-no\">\n\t\t\t\t\t<div class=\"elementor-column elementor-col-50 elementor-inner-column elementor-element elementor-element-5b11464\" data-id=\"5b11464\" data-element_type=\"column\" data-e-type=\"column\">\n\t\t\t<div class=\"elementor-widget-wrap elementor-element-populated\">\n\t\t\t\t\t\t<div class=\"elementor-element elementor-element-9a587a3 elementor-widget elementor-widget-heading\" data-id=\"9a587a3\" data-element_type=\"widget\" data-e-type=\"widget\" data-widget_type=\"heading.default\">\n\t\t\t\t<div class=\"elementor-widget-container\">\n\t\t\t\t\t<h6 class=\"elementor-heading-title elementor-size-default\">Nossa hist\u00f3ria<\/h6>\t\t\t\t<\/div>\n\t\t\t\t<\/div>\n\t\t\t\t<div class=\"elementor-element elementor-element-cac74ba elementor-widget elementor-widget-heading\" data-id=\"cac74ba\" data-element_type=\"widget\" data-e-type=\"widget\" data-widget_type=\"heading.default\">\n\t\t\t\t<div class=\"elementor-widget-container\">\n\t\t\t\t\t<h2 class=\"elementor-heading-title elementor-size-default\">Sobre o Baoguilai<\/h2>\t\t\t\t<\/div>\n\t\t\t\t<\/div>\n\t\t\t\t<div class=\"elementor-element elementor-element-5f3c689 elementor-widget elementor-widget-text-editor\" data-id=\"5f3c689\" data-element_type=\"widget\" data-e-type=\"widget\" data-widget_type=\"text-editor.default\">\n\t\t\t\t<div class=\"elementor-widget-container\">\n\t\t\t\t\t\t\t\t\t<p>Zhejiang Baoguilai Vehicle Co., Ltd. \u00e9 um fabricante l\u00edder de <strong>bicicletas el\u00e9tricas<\/strong>, triciclos e scooters. <strong>Fundada em 2010<\/strong>, nos tornamos uma empresa conhecida e respeit\u00e1vel no setor, comprometida em fornecer produtos de alta qualidade aos nossos clientes.<\/p><p>N\u00f3s oferecemos <strong>customiza\u00e7\u00e3o leve<\/strong>, <strong>processamento de amostra<\/strong>, <strong>processamento gr\u00e1fico<\/strong>, e <strong>servi\u00e7os sob demanda<\/strong>, mostrando nossas fortes capacidades de P&amp;D.<\/p>\t\t\t\t\t\t\t\t<\/div>\n\t\t\t\t<\/div>\n\t\t\t\t<div class=\"elementor-element elementor-element-d13dc9b elementor-icon-list--layout-inline elementor-list-item-link-full_width elementor-widget elementor-widget-icon-list\" data-id=\"d13dc9b\" data-element_type=\"widget\" data-e-type=\"widget\" data-widget_type=\"icon-list.default\">\n\t\t\t\t<div class=\"elementor-widget-container\">\n\t\t\t\t\t\t\t<ul class=\"elementor-icon-list-items elementor-inline-items\">\n\t\t\t\t\t\t\t<li class=\"elementor-icon-list-item elementor-inline-item\">\n\t\t\t\t\t\t\t\t\t\t\t<a href=\"https:\/\/bglbike.com\/wp-content\/uploads\/2025\/03\/\u8d28\u91cf\u8bda\u4fe1\u62a5\u544a-\u676d\u5dde\u4e16\u9526\u8f66\u4e1a\u6709\u9650\u516c\u53f81.pdf\" target=\"_blank\">\n\n\t\t\t\t\t\t\t\t\t\t\t\t<span class=\"elementor-icon-list-icon\">\n\t\t\t\t\t\t\t<i aria-hidden=\"true\" class=\"far fa-file-pdf\"><\/i>\t\t\t\t\t\t<\/span>\n\t\t\t\t\t\t\t\t\t\t<span class=\"elementor-icon-list-text\">Relat\u00f3rio de integridade de qualidade<\/span>\n\t\t\t\t\t\t\t\t\t\t\t<\/a>\n\t\t\t\t\t\t\t\t\t<\/li>\n\t\t\t\t\t\t\t\t<li class=\"elementor-icon-list-item elementor-inline-item\">\n\t\t\t\t\t\t\t\t\t\t\t<a href=\"https:\/\/bglbike.com\/wp-content\/uploads\/2025\/03\/\u793e\u4f1a\u8d23\u4efb\u62a5\u544a-\u676d\u5dde\u4e16\u9526\u8f66\u4e1a\u6709\u9650\u516c\u53f81.pdf\" target=\"_blank\">\n\n\t\t\t\t\t\t\t\t\t\t\t\t<span class=\"elementor-icon-list-icon\">\n\t\t\t\t\t\t\t<i aria-hidden=\"true\" class=\"far fa-file-pdf\"><\/i>\t\t\t\t\t\t<\/span>\n\t\t\t\t\t\t\t\t\t\t<span class=\"elementor-icon-list-text\">Relat\u00f3rio de Responsabilidade Social<\/span>\n\t\t\t\t\t\t\t\t\t\t\t<\/a>\n\t\t\t\t\t\t\t\t\t<\/li>\n\t\t\t\t\t\t<\/ul>\n\t\t\t\t\t\t<\/div>\n\t\t\t\t<\/div>\n\t\t\t\t\t<\/div>\n\t\t<\/div>\n\t\t\t\t<div class=\"elementor-column elementor-col-50 elementor-inner-column elementor-element elementor-element-e408a1c\" data-id=\"e408a1c\" data-element_type=\"column\" data-e-type=\"column\" data-settings=\"{&quot;background_background&quot;:&quot;classic&quot;}\">\n\t\t\t<div class=\"elementor-widget-wrap elementor-element-populated\">\n\t\t\t\t\t\t<div class=\"elementor-element elementor-element-e911eae elementor-widget elementor-widget-spacer\" data-id=\"e911eae\" data-element_type=\"widget\" data-e-type=\"widget\" data-widget_type=\"spacer.default\">\n\t\t\t\t<div class=\"elementor-widget-container\">\n\t\t\t\t\t\t\t<div class=\"elementor-spacer\">\n\t\t\t<div class=\"elementor-spacer-inner\"><\/div>\n\t\t<\/div>\n\t\t\t\t\t\t<\/div>\n\t\t\t\t<\/div>\n\t\t\t\t\t<\/div>\n\t\t<\/div>\n\t\t\t\t\t<\/div>\n\t\t<\/section>\n\t\t\t\t\t<\/div>\n\t\t<\/div>\n\t\t\t\t\t<\/div>\n\t\t<\/section>\n\t\t\t\t<section data-particle_enable=\"false\" data-particle-mobile-disabled=\"false\" class=\"elementor-section elementor-top-section elementor-element elementor-element-ps4j5rc elementor-section-boxed elementor-section-height-default elementor-section-height-default\" data-id=\"ps4j5rc\" data-element_type=\"section\" data-e-type=\"section\">\n\t\t\t\t\t\t<div class=\"elementor-container elementor-column-gap-no\">\n\t\t\t\t\t<div class=\"elementor-column elementor-col-100 elementor-top-column elementor-element elementor-element-5c02f17\" data-id=\"5c02f17\" data-element_type=\"column\" data-e-type=\"column\">\n\t\t\t<div class=\"elementor-widget-wrap elementor-element-populated\">\n\t\t\t\t\t\t<div class=\"elementor-element elementor-element-ed9147c elementor-widget-divider--view-line elementor-widget elementor-widget-divider\" data-id=\"ed9147c\" data-element_type=\"widget\" data-e-type=\"widget\" data-widget_type=\"divider.default\">\n\t\t\t\t<div class=\"elementor-widget-container\">\n\t\t\t\t\t\t\t<div class=\"elementor-divider\">\n\t\t\t<span class=\"elementor-divider-separator\">\n\t\t\t\t\t\t<\/span>\n\t\t<\/div>\n\t\t\t\t\t\t<\/div>\n\t\t\t\t<\/div>\n\t\t\t\t<div class=\"elementor-element elementor-element-aa8a37b elementor-widget elementor-widget-heading\" data-id=\"aa8a37b\" data-element_type=\"widget\" data-e-type=\"widget\" data-widget_type=\"heading.default\">\n\t\t\t\t<div class=\"elementor-widget-container\">\n\t\t\t\t\t<h6 class=\"elementor-heading-title elementor-size-default\">n\u00f3s valorizamos nossos clientes<\/h6>\t\t\t\t<\/div>\n\t\t\t\t<\/div>\n\t\t\t\t<div class=\"elementor-element elementor-element-78205d4 elementor-widget elementor-widget-heading\" data-id=\"78205d4\" data-element_type=\"widget\" data-e-type=\"widget\" data-widget_type=\"heading.default\">\n\t\t\t\t<div class=\"elementor-widget-container\">\n\t\t\t\t\t<h2 class=\"elementor-heading-title elementor-size-default\"> O atendimento ao cliente est\u00e1 no centro do nosso neg\u00f3cio<\/h2>\t\t\t\t<\/div>\n\t\t\t\t<\/div>\n\t\t\t\t<div class=\"elementor-element elementor-element-1d2c009 elementor-widget elementor-widget-text-editor\" data-id=\"1d2c009\" data-element_type=\"widget\" data-e-type=\"widget\" data-widget_type=\"text-editor.default\">\n\t\t\t\t<div class=\"elementor-widget-container\">\n\t\t\t\t\t\t\t\t\t<p>Na Zhejiang Baoguilai Vehicle Co., Ltd., priorizamos o controle de qualidade em nossas linhas de produ\u00e7\u00e3o. Com mais de 10 inspetores QA\/QC, nossos produtos passam por rigoroso controle de qualidade e rastreabilidade de mat\u00e9ria-prima para garantir a satisfa\u00e7\u00e3o do cliente.<\/p><p>Temos orgulho em servir clientes em v\u00e1rias regi\u00f5es, com a Am\u00e9rica do Norte respondendo por 50% de nossos principais mercados, a Europa Ocidental em 25% e o Sul da Europa em 10%. Nossos principais tipos de clientes incluem varejistas e atacadistas.<\/p>\t\t\t\t\t\t\t\t<\/div>\n\t\t\t\t<\/div>\n\t\t\t\t\t<\/div>\n\t\t<\/div>\n\t\t\t\t\t<\/div>\n\t\t<\/section>\n\t\t\t\t<section data-particle_enable=\"false\" data-particle-mobile-disabled=\"false\" class=\"elementor-section elementor-top-section elementor-element elementor-element-r2zlefd elementor-section-boxed elementor-section-height-default elementor-section-height-default\" data-id=\"r2zlefd\" data-element_type=\"section\" data-e-type=\"section\" data-settings=\"{&quot;background_background&quot;:&quot;classic&quot;}\">\n\t\t\t\t\t\t\t<div class=\"elementor-background-overlay\"><\/div>\n\t\t\t\t\t\t\t<div class=\"elementor-container elementor-column-gap-no\">\n\t\t\t\t\t<div class=\"elementor-column elementor-col-100 elementor-top-column elementor-element elementor-element-566ea74\" data-id=\"566ea74\" data-element_type=\"column\" data-e-type=\"column\">\n\t\t\t<div class=\"elementor-widget-wrap elementor-element-populated\">\n\t\t\t\t\t\t<div class=\"elementor-element elementor-element-e379734 elementor-widget elementor-widget-spacer\" data-id=\"e379734\" data-element_type=\"widget\" data-e-type=\"widget\" data-widget_type=\"spacer.default\">\n\t\t\t\t<div class=\"elementor-widget-container\">\n\t\t\t\t\t\t\t<div class=\"elementor-spacer\">\n\t\t\t<div class=\"elementor-spacer-inner\"><\/div>\n\t\t<\/div>\n\t\t\t\t\t\t<\/div>\n\t\t\t\t<\/div>\n\t\t\t\t\t<\/div>\n\t\t<\/div>\n\t\t\t\t\t<\/div>\n\t\t<\/section>\n\t\t\t\t<\/div>","protected":false},"excerpt":{"rendered":"<p>Sobre n\u00f3s Temos o compromisso de fornecer aos nossos clientes bicicletas, triciclos e scooters el\u00e9tricos de alta qualidade. Nossa hist\u00f3ria sobre a Baoguilai Zhejiang Baoguilai Vehicle Co., Ltd. \u00e9 um fabricante l\u00edder de bicicletas el\u00e9tricas, triciclos e scooters. Fundada em 2010, nos tornamos uma empresa conhecida e conceituada no setor, comprometida em entregar produtos de alta qualidade [...]<\/p>","protected":false},"author":1,"featured_media":0,"parent":0,"menu_order":0,"comment_status":"closed","ping_status":"closed","template":"","meta":{"site-sidebar-layout":"no-sidebar","site-content-layout":"page-builder","ast-site-content-layout":"default","site-content-style":"default","site-sidebar-style":"default","ast-global-header-display":"","ast-banner-title-visibility":"","ast-main-header-display":"","ast-hfb-above-header-display":"","ast-hfb-below-header-display":"","ast-hfb-mobile-header-display":"","site-post-title":"disabled","ast-breadcrumbs-content":"disabled","ast-featured-img":"disabled","footer-sml-layout":"","ast-disable-related-posts":"","theme-transparent-header-meta":"enabled","adv-header-id-meta":"","stick-header-meta":"default","header-above-stick-meta":"","header-main-stick-meta":"","header-below-stick-meta":"","astra-migrate-meta-layouts":"default","ast-page-background-enabled":"default","ast-page-background-meta":{"desktop":{"background-color":"var(--ast-global-color-4)","background-image":"","background-repeat":"repeat","background-position":"center center","background-size":"auto","background-attachment":"scroll","background-type":"","background-media":"","overlay-type":"","overlay-color":"","overlay-opacity":"","overlay-gradient":""},"tablet":{"background-color":"","background-image":"","background-repeat":"repeat","background-position":"center center","background-size":"auto","background-attachment":"scroll","background-type":"","background-media":"","overlay-type":"","overlay-color":"","overlay-opacity":"","overlay-gradient":""},"mobile":{"background-color":"","background-image":"","background-repeat":"repeat","background-position":"center center","background-size":"auto","background-attachment":"scroll","background-type":"","background-media":"","overlay-type":"","overlay-color":"","overlay-opacity":"","overlay-gradient":""}},"ast-content-background-meta":{"desktop":{"background-color":"var(--ast-global-color-5)","background-image":"","background-repeat":"repeat","background-position":"center center","background-size":"auto","background-attachment":"scroll","background-type":"","background-media":"","overlay-type":"","overlay-color":"","overlay-opacity":"","overlay-gradient":""},"tablet":{"background-color":"var(--ast-global-color-5)","background-image":"","background-repeat":"repeat","background-position":"center center","background-size":"auto","background-attachment":"scroll","background-type":"","background-media":"","overlay-type":"","overlay-color":"","overlay-opacity":"","overlay-gradient":""},"mobile":{"background-color":"var(--ast-global-color-5)","background-image":"","background-repeat":"repeat","background-position":"center center","background-size":"auto","background-attachment":"scroll","background-type":"","background-media":"","overlay-type":"","overlay-color":"","overlay-opacity":"","overlay-gradient":""}},"footnotes":""},"class_list":["post-13","page","type-page","status-publish","hentry"],"yoast_head":"<!-- This site is optimized with the Yoast SEO Premium plugin v20.9 (Yoast SEO v27.3) - https:\/\/yoast.com\/product\/yoast-seo-premium-wordpress\/ -->\n<title>About - Bglbike<\/title>\n<meta name=\"description\" content=\"BAOGL is a leading electric bike wholesaler from China. We offer a wide range of high-quality electric bikes at competitive prices.\" \/>\n<meta name=\"robots\" content=\"index, follow, max-snippet:-1, max-image-preview:large, max-video-preview:-1\" \/>\n<link rel=\"canonical\" href=\"https:\/\/bglbike.com\/pt\/sobre\/\" \/>\n<meta property=\"og:locale\" content=\"pt_PT\" \/>\n<meta property=\"og:type\" content=\"article\" \/>\n<meta property=\"og:title\" content=\"About\" \/>\n<meta property=\"og:description\" content=\"BAOGL is a leading electric bike wholesaler from China. We offer a wide range of high-quality electric bikes at competitive prices.\" \/>\n<meta property=\"og:url\" content=\"https:\/\/bglbike.com\/pt\/sobre\/\" \/>\n<meta property=\"og:site_name\" content=\"Bglbike\" \/>\n<meta property=\"article:modified_time\" content=\"2025-03-08T05:43:59+00:00\" \/>\n<meta name=\"twitter:card\" content=\"summary_large_image\" \/>\n<meta name=\"twitter:label1\" content=\"Tempo estimado de leitura\" \/>\n\t<meta name=\"twitter:data1\" content=\"1 minuto\" \/>\n<script type=\"application\/ld+json\" class=\"yoast-schema-graph\">{\"@context\":\"https:\\\/\\\/schema.org\",\"@graph\":[{\"@type\":\"WebPage\",\"@id\":\"https:\\\/\\\/bglbike.com\\\/about\\\/\",\"url\":\"https:\\\/\\\/bglbike.com\\\/about\\\/\",\"name\":\"About - Bglbike\",\"isPartOf\":{\"@id\":\"https:\\\/\\\/bglbike.com\\\/#website\"},\"datePublished\":\"2021-11-04T10:21:53+00:00\",\"dateModified\":\"2025-03-08T05:43:59+00:00\",\"description\":\"BAOGL is a leading electric bike wholesaler from China. We offer a wide range of high-quality electric bikes at competitive prices.\",\"breadcrumb\":{\"@id\":\"https:\\\/\\\/bglbike.com\\\/about\\\/#breadcrumb\"},\"inLanguage\":\"pt-PT\",\"potentialAction\":[{\"@type\":\"ReadAction\",\"target\":[\"https:\\\/\\\/bglbike.com\\\/about\\\/\"]}]},{\"@type\":\"BreadcrumbList\",\"@id\":\"https:\\\/\\\/bglbike.com\\\/about\\\/#breadcrumb\",\"itemListElement\":[{\"@type\":\"ListItem\",\"position\":1,\"name\":\"Home\",\"item\":\"https:\\\/\\\/bglbike.com\\\/\"},{\"@type\":\"ListItem\",\"position\":2,\"name\":\"About\"}]},{\"@type\":\"WebSite\",\"@id\":\"https:\\\/\\\/bglbike.com\\\/#website\",\"url\":\"https:\\\/\\\/bglbike.com\\\/\",\"name\":\"Bglbike\",\"description\":\"Top  Ebike manufacturer in China\",\"publisher\":{\"@id\":\"https:\\\/\\\/bglbike.com\\\/#organization\"},\"potentialAction\":[{\"@type\":\"SearchAction\",\"target\":{\"@type\":\"EntryPoint\",\"urlTemplate\":\"https:\\\/\\\/bglbike.com\\\/?s={search_term_string}\"},\"query-input\":{\"@type\":\"PropertyValueSpecification\",\"valueRequired\":true,\"valueName\":\"search_term_string\"}}],\"inLanguage\":\"pt-PT\"},{\"@type\":\"Organization\",\"@id\":\"https:\\\/\\\/bglbike.com\\\/#organization\",\"name\":\"Bglbike\",\"url\":\"https:\\\/\\\/bglbike.com\\\/\",\"logo\":{\"@type\":\"ImageObject\",\"inLanguage\":\"pt-PT\",\"@id\":\"https:\\\/\\\/bglbike.com\\\/#\\\/schema\\\/logo\\\/image\\\/\",\"url\":\"https:\\\/\\\/bglbike.com\\\/wp-content\\\/uploads\\\/2023\\\/04\\\/cropped-LOGO.png\",\"contentUrl\":\"https:\\\/\\\/bglbike.com\\\/wp-content\\\/uploads\\\/2023\\\/04\\\/cropped-LOGO.png\",\"width\":426,\"height\":141,\"caption\":\"Bglbike\"},\"image\":{\"@id\":\"https:\\\/\\\/bglbike.com\\\/#\\\/schema\\\/logo\\\/image\\\/\"}}]}<\/script>\n<!-- \/ Yoast SEO Premium plugin. -->","yoast_head_json":{"title":"About - Bglbike","description":"BAOGL is a leading electric bike wholesaler from China. We offer a wide range of high-quality electric bikes at competitive prices.","robots":{"index":"index","follow":"follow","max-snippet":"max-snippet:-1","max-image-preview":"max-image-preview:large","max-video-preview":"max-video-preview:-1"},"canonical":"https:\/\/bglbike.com\/pt\/sobre\/","og_locale":"pt_PT","og_type":"article","og_title":"About","og_description":"BAOGL is a leading electric bike wholesaler from China. We offer a wide range of high-quality electric bikes at competitive prices.","og_url":"https:\/\/bglbike.com\/pt\/sobre\/","og_site_name":"Bglbike","article_modified_time":"2025-03-08T05:43:59+00:00","twitter_card":"summary_large_image","twitter_misc":{"Tempo estimado de leitura":"1 minuto"},"schema":{"@context":"https:\/\/schema.org","@graph":[{"@type":"WebPage","@id":"https:\/\/bglbike.com\/about\/","url":"https:\/\/bglbike.com\/about\/","name":"About - Bglbike","isPartOf":{"@id":"https:\/\/bglbike.com\/#website"},"datePublished":"2021-11-04T10:21:53+00:00","dateModified":"2025-03-08T05:43:59+00:00","description":"BAOGL is a leading electric bike wholesaler from China. We offer a wide range of high-quality electric bikes at competitive prices.","breadcrumb":{"@id":"https:\/\/bglbike.com\/about\/#breadcrumb"},"inLanguage":"pt-PT","potentialAction":[{"@type":"ReadAction","target":["https:\/\/bglbike.com\/about\/"]}]},{"@type":"BreadcrumbList","@id":"https:\/\/bglbike.com\/about\/#breadcrumb","itemListElement":[{"@type":"ListItem","position":1,"name":"Home","item":"https:\/\/bglbike.com\/"},{"@type":"ListItem","position":2,"name":"About"}]},{"@type":"WebSite","@id":"https:\/\/bglbike.com\/#website","url":"https:\/\/bglbike.com\/","name":"Bglbike","description":"Top  Ebike manufacturer in China","publisher":{"@id":"https:\/\/bglbike.com\/#organization"},"potentialAction":[{"@type":"SearchAction","target":{"@type":"EntryPoint","urlTemplate":"https:\/\/bglbike.com\/?s={search_term_string}"},"query-input":{"@type":"PropertyValueSpecification","valueRequired":true,"valueName":"search_term_string"}}],"inLanguage":"pt-PT"},{"@type":"Organization","@id":"https:\/\/bglbike.com\/#organization","name":"Bglbike","url":"https:\/\/bglbike.com\/","logo":{"@type":"ImageObject","inLanguage":"pt-PT","@id":"https:\/\/bglbike.com\/#\/schema\/logo\/image\/","url":"https:\/\/bglbike.com\/wp-content\/uploads\/2023\/04\/cropped-LOGO.png","contentUrl":"https:\/\/bglbike.com\/wp-content\/uploads\/2023\/04\/cropped-LOGO.png","width":426,"height":141,"caption":"Bglbike"},"image":{"@id":"https:\/\/bglbike.com\/#\/schema\/logo\/image\/"}}]}},"_links":{"self":[{"href":"https:\/\/bglbike.com\/pt\/wp-json\/wp\/v2\/pages\/13","targetHints":{"allow":["GET"]}}],"collection":[{"href":"https:\/\/bglbike.com\/pt\/wp-json\/wp\/v2\/pages"}],"about":[{"href":"https:\/\/bglbike.com\/pt\/wp-json\/wp\/v2\/types\/page"}],"author":[{"embeddable":true,"href":"https:\/\/bglbike.com\/pt\/wp-json\/wp\/v2\/users\/1"}],"replies":[{"embeddable":true,"href":"https:\/\/bglbike.com\/pt\/wp-json\/wp\/v2\/comments?post=13"}],"version-history":[{"count":0,"href":"https:\/\/bglbike.com\/pt\/wp-json\/wp\/v2\/pages\/13\/revisions"}],"wp:attachment":[{"href":"https:\/\/bglbike.com\/pt\/wp-json\/wp\/v2\/media?parent=13"}],"curies":[{"name":"wp","href":"https:\/\/api.w.org\/{rel}","templated":true}]}}