{"id":902,"date":"2023-04-03T07:37:53","date_gmt":"2023-04-03T07:37:53","guid":{"rendered":"https:\/\/bglbike.com\/?post_type=product&#038;p=902"},"modified":"2023-05-31T02:25:00","modified_gmt":"2023-05-31T02:25:00","slug":"rb02","status":"publish","type":"product","link":"https:\/\/bglbike.com\/es\/producto\/bicicleta-de-carretera-electrica\/","title":{"rendered":"Bicicleta de carretera el\u00e9ctrica RB02 con bater\u00eda de iones de litio 36V10AH"},"content":{"rendered":"<h3>Especificaciones<\/h3>\n<p>1. Suministro a EE. UU., Europa, Sudeste Asi\u00e1tico y Medio Oriente.<br \/>\n2. Marco: acero<br \/>\n3. de alta calidad; bajo costo; entrega a tiempo.<br \/>\n4. Innovaci\u00f3n y desarrollo, cooperaci\u00f3n y beneficio mutuo.<\/p>\n<div id=\"footable_parent_905\"\n         class=\"footable_parent ninja_table_wrapper loading_ninja_table wp_table_data_press_parent semantic_ui\">\n                <table data-ninja_table_instance=\"ninja_table_instance_0\" data-footable_id=\"905\" data-filter-delay=\"1000\" aria-label=\"RB02.csv\"            id=\"footable_905\"\n           data-unique_identifier=\"ninja_table_unique_id_1103884550_905\"\n           class=\"foo-table ninja_footable foo_table_905 ninja_table_unique_id_1103884550_905 ui table  nt_type_legacy_table selectable striped vertical_centered  footable-paging-right ninja_table_pro\">\n                <colgroup>\n                            <col class=\"ninja_column_0\">\n                            <col class=\"ninja_column_1\">\n                            <col class=\"ninja_column_2\">\n                            <col class=\"ninja_column_3\">\n                    <\/colgroup>\n        <thead>\n<tr class=\"footable-header\">\n                                                                        <th scope=\"col\"  class=\"ninja_column_0 ninja_clmn_nm_motor\">Motor<\/th><th scope=\"col\"  class=\"ninja_column_1 ninja_clmn_nm_36v25wrearmountedgearhub\">Cubo de engranajes montado en la parte trasera 36V250W<\/th><th scope=\"col\"  class=\"ninja_column_2 ninja_clmn_nm_frame\">Marco<\/th><th scope=\"col\"  class=\"ninja_column_3 ninja_clmn_nm_26steel\">26&quot; acero<\/th><\/tr>\n<\/thead>\n<tbody>\n\n        <tr data-row_id=\"876\" class=\"ninja_table_row_0 nt_row_id_876\">\n            <td>Bater\u00eda<\/td><td>Bater\u00eda de litio 36V10AH<\/td><td>Neum\u00e1tico<\/td><td>26&quot;x1.75<\/td>        <\/tr>\n            <tr data-row_id=\"877\" class=\"ninja_table_row_1 nt_row_id_877\">\n            <td>Tiempo de carga<\/td><td>4-6 horas<\/td><td>Tenedor<\/td><td>Amortiguador, acero<\/td>        <\/tr>\n            <tr data-row_id=\"878\" class=\"ninja_table_row_2 nt_row_id_878\">\n            <td>controlador<\/td><td>Controlador integrado 36V 15AH<\/td><td>Manillar<\/td><td>Aleaci\u00f3n de aluminio<\/td>        <\/tr>\n            <tr data-row_id=\"879\" class=\"ninja_table_row_3 nt_row_id_879\">\n            <td>Rango<\/td><td>30-40 km<\/td><td>Cambio<\/td><td>Shimano de 7 velocidades<\/td>        <\/tr>\n            <tr data-row_id=\"880\" class=\"ninja_table_row_4 nt_row_id_880\">\n            <td>Rango estimado<\/td><td>19 millas (30 km)-25 millas (40 km)<\/td><td>Freno<\/td><td>Freno V<\/td>        <\/tr>\n            <tr data-row_id=\"881\" class=\"ninja_table_row_5 nt_row_id_881\">\n            <td>Velocidad m\u00e1xima<\/td><td>Norteam\u00e9rica: 20 mph (32 kph)<\/td><td>Mostrar<\/td><td>Pantalla LED<\/td>        <\/tr>\n            <tr data-row_id=\"882\" class=\"ninja_table_row_6 nt_row_id_882\">\n            <td>Modo conductor<\/td><td>Detecci\u00f3n de cadencia, asistencia de pedales, acelerador de gatillo<\/td><td>Peso total<\/td><td>31kg<\/td>        <\/tr>\n            <tr data-row_id=\"883\" class=\"ninja_table_row_7 nt_row_id_883\">\n            <td>Bielas<\/td><td>Plato de 44 dientes<\/td><td>Borde<\/td><td>Acero<\/td>        <\/tr>\n    <\/tbody><!--ninja_tobody_rendering_done-->\n    <\/table>\n    \n    \n    \n<\/div>\n\n<h3>Capacidad de suministro<\/h3>\n<p>3000 piezas\/piezas por mes<\/p>\n<h3>Empaquetado y entrega<\/h3>\n<p>Detalles de empaquetado: Tama\u00f1o del cart\u00f3n: 147*25*78cm<br \/>\nContenedor: 96 piezas\/20 pies; 192 piezas\/40 pies<br \/>\nPuerto: Ningb\u00f3<br \/>\nPlazo de ejecuci\u00f3n: 35-45 d\u00edas despu\u00e9s del pago<\/p>\n<h3>Imagen de detalle<\/h3>\n<p><img fetchpriority=\"high\" decoding=\"async\" class=\"size-full wp-image-3519\" src=\"https:\/\/bglbike.com\/wp-content\/uploads\/2023\/04\/12-15.png\" alt=\"RB02\" width=\"600\" height=\"600\" srcset=\"https:\/\/bglbike.com\/wp-content\/uploads\/2023\/04\/12-15.png 600w, https:\/\/bglbike.com\/wp-content\/uploads\/2023\/04\/12-15-300x300.png 300w, https:\/\/bglbike.com\/wp-content\/uploads\/2023\/04\/12-15-150x150.png 150w, https:\/\/bglbike.com\/wp-content\/uploads\/2023\/04\/12-15-12x12.png 12w, https:\/\/bglbike.com\/wp-content\/uploads\/2023\/04\/12-15-200x200.png 200w, https:\/\/bglbike.com\/wp-content\/uploads\/2023\/04\/12-15-100x100.png 100w\" sizes=\"(max-width: 600px) 100vw, 600px\" \/><\/p>\n<h3>preguntas frecuentes<\/h3>\n<p><strong>P1:\u00bfCu\u00e1les son las caracter\u00edsticas de la bicicleta de carretera el\u00e9ctrica RB02 con bater\u00eda de iones de litio de 36V10AH?<\/strong><br \/>\nElectric Road Bike-RB02 es una bater\u00eda de largo alcance que puede durar hasta 19 millas (30 km)-25 millas (40 km) con una sola carga. Tiene una pantalla LCD integrada con seguimiento de velocidad, distancia y tiempo.<\/p>\n<p><strong>P2:\u00bfEn qu\u00e9 tipo de terreno se puede usar la bicicleta de carretera el\u00e9ctrica RB02 con bater\u00eda de iones de litio de 36V10AH?<\/strong><br \/>\nLa bicicleta de carretera el\u00e9ctrica RB02 est\u00e1 dise\u00f1ada para usarse en la mayor\u00eda de las superficies, incluidos caminos y caminos pavimentados, grava ligera, arena o nieve, seg\u00fan la elecci\u00f3n de neum\u00e1ticos.<\/p>\n<p><strong>P3:\u00bfLa bicicleta el\u00e9ctrica de carretera RB02 viene con accesorios o componentes adicionales?<\/strong><br \/>\n\u00a1S\u00ed! La Electric Road Bike-RB02 viene con varios accesorios adicionales, como un soporte para tel\u00e9fono a prueba de agua conectado al manillar, que le permite realizar un seguimiento de sus recorridos en tiempo real a trav\u00e9s de una conexi\u00f3n GPS; guardabarros que te protegen de la suciedad y los escombros; patas de apoyo ajustables para estacionamiento conveniente; Luces LED delanteras y traseras para mejorar la visibilidad.<\/p>\n<p><strong>P4: \u00bfEs f\u00e1cil de montar la bicicleta de carretera el\u00e9ctrica-RB02?<\/strong><br \/>\n\u00a1S\u00ed! La bicicleta de carretera el\u00e9ctrica RB02 viene parcialmente premontada, lo que la hace muy f\u00e1cil de configurar sin necesidad de asistencia profesional. Dependiendo de su conjunto de habilidades t\u00e9cnicas, no debe esperar pasar m\u00e1s de 30 minutos ensambl\u00e1ndolo antes de estar listo para salir a la carretera.<\/p>","protected":false},"excerpt":{"rendered":"<p>Introduciendo el <strong>Bicicleta de carretera el\u00e9ctrica RB02 con bater\u00eda de iones de litio 36V10AH<\/strong>. Este modelo ofrece a los mayoristas un m\u00e9todo de transporte asequible, fiable y elegante. Cuenta con una potente bater\u00eda 36V10AH y es capaz de alcanzar velocidades de hasta 25 mph (40 km\/h). La bicicleta tambi\u00e9n cuenta con una transmisi\u00f3n Shimano de 7 velocidades, manubrios ajustables, frenos delanteros y traseros bloqueables y dos neum\u00e1ticos Kenda para mayor estabilidad. El marco est\u00e1 hecho de una aleaci\u00f3n de aluminio liviano y se ha probado su durabilidad en condiciones adversas. Haga su pedido hoy, \u00a1no se sentir\u00e1 decepcionado!<\/p>","protected":false},"featured_media":3882,"template":"","meta":{"site-sidebar-layout":"default","site-content-layout":"default","ast-site-content-layout":"default","site-content-style":"default","site-sidebar-style":"default","ast-global-header-display":"","ast-banner-title-visibility":"","ast-main-header-display":"","ast-hfb-above-header-display":"","ast-hfb-below-header-display":"","ast-hfb-mobile-header-display":"","site-post-title":"","ast-breadcrumbs-content":"","ast-featured-img":"","footer-sml-layout":"","ast-disable-related-posts":"","theme-transparent-header-meta":"default","adv-header-id-meta":"","stick-header-meta":"default","header-above-stick-meta":"","header-main-stick-meta":"","header-below-stick-meta":"","astra-migrate-meta-layouts":"default","ast-page-background-enabled":"default","ast-page-background-meta":{"desktop":{"background-color":"var(--ast-global-color-4)","background-image":"","background-repeat":"repeat","background-position":"center center","background-size":"auto","background-attachment":"scroll","background-type":"","background-media":"","overlay-type":"","overlay-color":"","overlay-opacity":"","overlay-gradient":""},"tablet":{"background-color":"","background-image":"","background-repeat":"repeat","background-position":"center center","background-size":"auto","background-attachment":"scroll","background-type":"","background-media":"","overlay-type":"","overlay-color":"","overlay-opacity":"","overlay-gradient":""},"mobile":{"background-color":"","background-image":"","background-repeat":"repeat","background-position":"center center","background-size":"auto","background-attachment":"scroll","background-type":"","background-media":"","overlay-type":"","overlay-color":"","overlay-opacity":"","overlay-gradient":""}},"ast-content-background-meta":{"desktop":{"background-color":"var(--ast-global-color-5)","background-image":"","background-repeat":"repeat","background-position":"center center","background-size":"auto","background-attachment":"scroll","background-type":"","background-media":"","overlay-type":"","overlay-color":"","overlay-opacity":"","overlay-gradient":""},"tablet":{"background-color":"var(--ast-global-color-5)","background-image":"","background-repeat":"repeat","background-position":"center center","background-size":"auto","background-attachment":"scroll","background-type":"","background-media":"","overlay-type":"","overlay-color":"","overlay-opacity":"","overlay-gradient":""},"mobile":{"background-color":"var(--ast-global-color-5)","background-image":"","background-repeat":"repeat","background-position":"center center","background-size":"auto","background-attachment":"scroll","background-type":"","background-media":"","overlay-type":"","overlay-color":"","overlay-opacity":"","overlay-gradient":""}}},"product_brand":[],"product_cat":[24],"product_tag":[],"class_list":{"0":"post-902","1":"product","2":"type-product","3":"status-publish","4":"has-post-thumbnail","6":"product_cat-electric-road-bike","7":"desktop-align-left","8":"tablet-align-left","9":"mobile-align-left","10":"ast-product-gallery-layout-horizontal-slider","11":"ast-product-gallery-with-no-image","12":"ast-product-single-variable","13":"ast-product-tabs-layout-horizontal","15":"first","16":"instock","17":"shipping-taxable","18":"purchasable","19":"product-type-variable"},"yoast_head":"<!-- This site is optimized with the Yoast SEO Premium plugin v20.9 (Yoast SEO v27.3) - https:\/\/yoast.com\/product\/yoast-seo-premium-wordpress\/ -->\n<title>RB02 Electric Road Bike with 36V10AH Lithium-Ion Battery - Bglbike<\/title>\n<meta name=\"description\" content=\"RB02 Electric Road Bike with 36V10AH Lithium-Ion Battery has a large battery capacity that allows you to travel for extended periods without recharge.\" \/>\n<meta name=\"robots\" content=\"index, follow, max-snippet:-1, max-image-preview:large, max-video-preview:-1\" \/>\n<link rel=\"canonical\" href=\"https:\/\/bglbike.com\/es\/producto\/bicicleta-de-carretera-electrica\/\" \/>\n<meta property=\"og:locale\" content=\"es_ES\" \/>\n<meta property=\"og:type\" content=\"article\" \/>\n<meta property=\"og:title\" content=\"RB02 Electric Road Bike with 36V10AH Lithium-Ion Battery\" \/>\n<meta property=\"og:description\" content=\"RB02 Electric Road Bike with 36V10AH Lithium-Ion Battery has a large battery capacity that allows you to travel for extended periods without recharge.\" \/>\n<meta property=\"og:url\" content=\"https:\/\/bglbike.com\/es\/producto\/bicicleta-de-carretera-electrica\/\" \/>\n<meta property=\"og:site_name\" content=\"Bglbike\" \/>\n<meta property=\"article:modified_time\" content=\"2023-05-31T02:25:00+00:00\" \/>\n<meta property=\"og:image\" content=\"https:\/\/bglbike.com\/wp-content\/uploads\/2023\/04\/11-8.png\" \/>\n\t<meta property=\"og:image:width\" content=\"600\" \/>\n\t<meta property=\"og:image:height\" content=\"600\" \/>\n\t<meta property=\"og:image:type\" content=\"image\/png\" \/>\n<meta name=\"twitter:card\" content=\"summary_large_image\" \/>\n<meta name=\"twitter:label1\" content=\"Tiempo de lectura\" \/>\n\t<meta name=\"twitter:data1\" content=\"2 minutos\" \/>\n<script type=\"application\/ld+json\" class=\"yoast-schema-graph\">{\"@context\":\"https:\\\/\\\/schema.org\",\"@graph\":[{\"@type\":\"WebPage\",\"@id\":\"https:\\\/\\\/bglbike.com\\\/product\\\/rb02\\\/\",\"url\":\"https:\\\/\\\/bglbike.com\\\/product\\\/rb02\\\/\",\"name\":\"RB02 Electric Road Bike with 36V10AH Lithium-Ion Battery - Bglbike\",\"isPartOf\":{\"@id\":\"https:\\\/\\\/bglbike.com\\\/#website\"},\"primaryImageOfPage\":{\"@id\":\"https:\\\/\\\/bglbike.com\\\/product\\\/rb02\\\/#primaryimage\"},\"image\":{\"@id\":\"https:\\\/\\\/bglbike.com\\\/product\\\/rb02\\\/#primaryimage\"},\"thumbnailUrl\":\"https:\\\/\\\/bglbike.com\\\/wp-content\\\/uploads\\\/2023\\\/04\\\/11-8.png\",\"datePublished\":\"2023-04-03T07:37:53+00:00\",\"dateModified\":\"2023-05-31T02:25:00+00:00\",\"description\":\"RB02 Electric Road Bike with 36V10AH Lithium-Ion Battery has a large battery capacity that allows you to travel for extended periods without recharge.\",\"breadcrumb\":{\"@id\":\"https:\\\/\\\/bglbike.com\\\/product\\\/rb02\\\/#breadcrumb\"},\"inLanguage\":\"es\",\"potentialAction\":[{\"@type\":\"ReadAction\",\"target\":[\"https:\\\/\\\/bglbike.com\\\/product\\\/rb02\\\/\"]}]},{\"@type\":\"ImageObject\",\"inLanguage\":\"es\",\"@id\":\"https:\\\/\\\/bglbike.com\\\/product\\\/rb02\\\/#primaryimage\",\"url\":\"https:\\\/\\\/bglbike.com\\\/wp-content\\\/uploads\\\/2023\\\/04\\\/11-8.png\",\"contentUrl\":\"https:\\\/\\\/bglbike.com\\\/wp-content\\\/uploads\\\/2023\\\/04\\\/11-8.png\",\"width\":600,\"height\":600,\"caption\":\"RB02\"},{\"@type\":\"BreadcrumbList\",\"@id\":\"https:\\\/\\\/bglbike.com\\\/product\\\/rb02\\\/#breadcrumb\",\"itemListElement\":[{\"@type\":\"ListItem\",\"position\":1,\"name\":\"Home\",\"item\":\"https:\\\/\\\/bglbike.com\\\/\"},{\"@type\":\"ListItem\",\"position\":2,\"name\":\"Wholesale Electric Bike\",\"item\":\"https:\\\/\\\/bglbike.com\\\/wholesale-electric-bike\\\/\"},{\"@type\":\"ListItem\",\"position\":3,\"name\":\"RB02 Electric Road Bike with 36V10AH Lithium-Ion Battery\"}]},{\"@type\":\"WebSite\",\"@id\":\"https:\\\/\\\/bglbike.com\\\/#website\",\"url\":\"https:\\\/\\\/bglbike.com\\\/\",\"name\":\"Bglbike\",\"description\":\"Top  Ebike manufacturer in China\",\"publisher\":{\"@id\":\"https:\\\/\\\/bglbike.com\\\/#organization\"},\"potentialAction\":[{\"@type\":\"SearchAction\",\"target\":{\"@type\":\"EntryPoint\",\"urlTemplate\":\"https:\\\/\\\/bglbike.com\\\/?s={search_term_string}\"},\"query-input\":{\"@type\":\"PropertyValueSpecification\",\"valueRequired\":true,\"valueName\":\"search_term_string\"}}],\"inLanguage\":\"es\"},{\"@type\":\"Organization\",\"@id\":\"https:\\\/\\\/bglbike.com\\\/#organization\",\"name\":\"Bglbike\",\"url\":\"https:\\\/\\\/bglbike.com\\\/\",\"logo\":{\"@type\":\"ImageObject\",\"inLanguage\":\"es\",\"@id\":\"https:\\\/\\\/bglbike.com\\\/#\\\/schema\\\/logo\\\/image\\\/\",\"url\":\"https:\\\/\\\/bglbike.com\\\/wp-content\\\/uploads\\\/2023\\\/04\\\/cropped-LOGO.png\",\"contentUrl\":\"https:\\\/\\\/bglbike.com\\\/wp-content\\\/uploads\\\/2023\\\/04\\\/cropped-LOGO.png\",\"width\":426,\"height\":141,\"caption\":\"Bglbike\"},\"image\":{\"@id\":\"https:\\\/\\\/bglbike.com\\\/#\\\/schema\\\/logo\\\/image\\\/\"}}]}<\/script>\n<!-- \/ Yoast SEO Premium plugin. -->","yoast_head_json":{"title":"RB02 Electric Road Bike with 36V10AH Lithium-Ion Battery - Bglbike","description":"RB02 Electric Road Bike with 36V10AH Lithium-Ion Battery has a large battery capacity that allows you to travel for extended periods without recharge.","robots":{"index":"index","follow":"follow","max-snippet":"max-snippet:-1","max-image-preview":"max-image-preview:large","max-video-preview":"max-video-preview:-1"},"canonical":"https:\/\/bglbike.com\/es\/producto\/bicicleta-de-carretera-electrica\/","og_locale":"es_ES","og_type":"article","og_title":"RB02 Electric Road Bike with 36V10AH Lithium-Ion Battery","og_description":"RB02 Electric Road Bike with 36V10AH Lithium-Ion Battery has a large battery capacity that allows you to travel for extended periods without recharge.","og_url":"https:\/\/bglbike.com\/es\/producto\/bicicleta-de-carretera-electrica\/","og_site_name":"Bglbike","article_modified_time":"2023-05-31T02:25:00+00:00","og_image":[{"width":600,"height":600,"url":"https:\/\/bglbike.com\/wp-content\/uploads\/2023\/04\/11-8.png","type":"image\/png"}],"twitter_card":"summary_large_image","twitter_misc":{"Tiempo de lectura":"2 minutos"},"schema":{"@context":"https:\/\/schema.org","@graph":[{"@type":"WebPage","@id":"https:\/\/bglbike.com\/product\/rb02\/","url":"https:\/\/bglbike.com\/product\/rb02\/","name":"RB02 Electric Road Bike with 36V10AH Lithium-Ion Battery - Bglbike","isPartOf":{"@id":"https:\/\/bglbike.com\/#website"},"primaryImageOfPage":{"@id":"https:\/\/bglbike.com\/product\/rb02\/#primaryimage"},"image":{"@id":"https:\/\/bglbike.com\/product\/rb02\/#primaryimage"},"thumbnailUrl":"https:\/\/bglbike.com\/wp-content\/uploads\/2023\/04\/11-8.png","datePublished":"2023-04-03T07:37:53+00:00","dateModified":"2023-05-31T02:25:00+00:00","description":"RB02 Electric Road Bike with 36V10AH Lithium-Ion Battery has a large battery capacity that allows you to travel for extended periods without recharge.","breadcrumb":{"@id":"https:\/\/bglbike.com\/product\/rb02\/#breadcrumb"},"inLanguage":"es","potentialAction":[{"@type":"ReadAction","target":["https:\/\/bglbike.com\/product\/rb02\/"]}]},{"@type":"ImageObject","inLanguage":"es","@id":"https:\/\/bglbike.com\/product\/rb02\/#primaryimage","url":"https:\/\/bglbike.com\/wp-content\/uploads\/2023\/04\/11-8.png","contentUrl":"https:\/\/bglbike.com\/wp-content\/uploads\/2023\/04\/11-8.png","width":600,"height":600,"caption":"RB02"},{"@type":"BreadcrumbList","@id":"https:\/\/bglbike.com\/product\/rb02\/#breadcrumb","itemListElement":[{"@type":"ListItem","position":1,"name":"Home","item":"https:\/\/bglbike.com\/"},{"@type":"ListItem","position":2,"name":"Wholesale Electric Bike","item":"https:\/\/bglbike.com\/wholesale-electric-bike\/"},{"@type":"ListItem","position":3,"name":"RB02 Electric Road Bike with 36V10AH Lithium-Ion Battery"}]},{"@type":"WebSite","@id":"https:\/\/bglbike.com\/#website","url":"https:\/\/bglbike.com\/","name":"Bglbike","description":"Top  Ebike manufacturer in China","publisher":{"@id":"https:\/\/bglbike.com\/#organization"},"potentialAction":[{"@type":"SearchAction","target":{"@type":"EntryPoint","urlTemplate":"https:\/\/bglbike.com\/?s={search_term_string}"},"query-input":{"@type":"PropertyValueSpecification","valueRequired":true,"valueName":"search_term_string"}}],"inLanguage":"es"},{"@type":"Organization","@id":"https:\/\/bglbike.com\/#organization","name":"Bglbike","url":"https:\/\/bglbike.com\/","logo":{"@type":"ImageObject","inLanguage":"es","@id":"https:\/\/bglbike.com\/#\/schema\/logo\/image\/","url":"https:\/\/bglbike.com\/wp-content\/uploads\/2023\/04\/cropped-LOGO.png","contentUrl":"https:\/\/bglbike.com\/wp-content\/uploads\/2023\/04\/cropped-LOGO.png","width":426,"height":141,"caption":"Bglbike"},"image":{"@id":"https:\/\/bglbike.com\/#\/schema\/logo\/image\/"}}]}},"_links":{"self":[{"href":"https:\/\/bglbike.com\/es\/wp-json\/wp\/v2\/product\/902","targetHints":{"allow":["GET"]}}],"collection":[{"href":"https:\/\/bglbike.com\/es\/wp-json\/wp\/v2\/product"}],"about":[{"href":"https:\/\/bglbike.com\/es\/wp-json\/wp\/v2\/types\/product"}],"wp:featuredmedia":[{"embeddable":true,"href":"https:\/\/bglbike.com\/es\/wp-json\/wp\/v2\/media\/3882"}],"wp:attachment":[{"href":"https:\/\/bglbike.com\/es\/wp-json\/wp\/v2\/media?parent=902"}],"wp:term":[{"taxonomy":"product_brand","embeddable":true,"href":"https:\/\/bglbike.com\/es\/wp-json\/wp\/v2\/product_brand?post=902"},{"taxonomy":"product_cat","embeddable":true,"href":"https:\/\/bglbike.com\/es\/wp-json\/wp\/v2\/product_cat?post=902"},{"taxonomy":"product_tag","embeddable":true,"href":"https:\/\/bglbike.com\/es\/wp-json\/wp\/v2\/product_tag?post=902"}],"curies":[{"name":"wp","href":"https:\/\/api.w.org\/{rel}","templated":true}]}}