{"id":879,"date":"2023-04-03T06:14:55","date_gmt":"2023-04-03T06:14:55","guid":{"rendered":"https:\/\/bglbike.com\/?post_type=product&#038;p=879"},"modified":"2023-05-31T02:30:13","modified_gmt":"2023-05-31T02:30:13","slug":"et01","status":"publish","type":"product","link":"https:\/\/bglbike.com\/es\/producto\/et01\/","title":{"rendered":"Triciclos el\u00e9ctricos ET01 para personas mayores con capacidad de carga de 300 kg"},"content":{"rendered":"<h3>Especificaci\u00f3n<\/h3>\n<div id=\"footable_parent_883\"\n         class=\"footable_parent ninja_table_wrapper loading_ninja_table wp_table_data_press_parent semantic_ui\">\n                <table data-ninja_table_instance=\"ninja_table_instance_0\" data-footable_id=\"883\" data-filter-delay=\"1000\" aria-label=\"ET01.csv\"            id=\"footable_883\"\n           data-unique_identifier=\"ninja_table_unique_id_2124446253_883\"\n           class=\"foo-table ninja_footable foo_table_883 ninja_table_unique_id_2124446253_883 ui table  nt_type_legacy_table selectable striped vertical_centered  footable-paging-right ninja_table_pro\">\n                <colgroup>\n                            <col class=\"ninja_column_0\">\n                            <col class=\"ninja_column_1\">\n                    <\/colgroup>\n        <thead>\n<tr class=\"footable-header\">\n                                        <th scope=\"col\"  class=\"ninja_column_0 ninja_clmn_nm_placeoforigin\">Lugar de origen<\/th><th scope=\"col\"  class=\"ninja_column_1 ninja_clmn_nm_zhejiangchina\">Zhejiang China<\/th><\/tr>\n<\/thead>\n<tbody>\n\n        <tr data-row_id=\"828\" class=\"ninja_table_row_0 nt_row_id_828\">\n            <td>Engranajes<\/td><td>Shimano de 7 velocidades<\/td>        <\/tr>\n            <tr data-row_id=\"829\" class=\"ninja_table_row_1 nt_row_id_829\">\n            <td>Rango por Potencia<\/td><td>31 - 60 kil\u00f3metros<\/td>        <\/tr>\n            <tr data-row_id=\"830\" class=\"ninja_table_row_2 nt_row_id_830\">\n            <td>Material del marco<\/td><td>Aleaci\u00f3n de aluminio<\/td>        <\/tr>\n            <tr data-row_id=\"831\" class=\"ninja_table_row_3 nt_row_id_831\">\n            <td>M\u00e1xima velocidad<\/td><td>20-40 km\/h<\/td>        <\/tr>\n            <tr data-row_id=\"832\" class=\"ninja_table_row_4 nt_row_id_832\">\n            <td>Voltaje<\/td><td>48V<\/td>        <\/tr>\n            <tr data-row_id=\"833\" class=\"ninja_table_row_5 nt_row_id_833\">\n            <td>Fuente de alimentaci\u00f3n<\/td><td>Bater\u00eda de Litio<\/td>        <\/tr>\n            <tr data-row_id=\"834\" class=\"ninja_table_row_6 nt_row_id_834\">\n            <td>Sistema de frenado<\/td><td>Freno de disco<\/td>        <\/tr>\n            <tr data-row_id=\"835\" class=\"ninja_table_row_7 nt_row_id_835\">\n            <td>Esfuerzo de torsi\u00f3n<\/td><td>80-90 nm<\/td>        <\/tr>\n            <tr data-row_id=\"836\" class=\"ninja_table_row_8 nt_row_id_836\">\n            <td>Tiempo de carga<\/td><td>&gt;3 horas<\/td>        <\/tr>\n            <tr data-row_id=\"837\" class=\"ninja_table_row_9 nt_row_id_837\">\n            <td>Posici\u00f3n del motor<\/td><td>Motores duales<\/td>        <\/tr>\n            <tr data-row_id=\"838\" class=\"ninja_table_row_10 nt_row_id_838\">\n            <td>Posici\u00f3n de la bater\u00eda<\/td><td>tubo de bajada<\/td>        <\/tr>\n            <tr data-row_id=\"839\" class=\"ninja_table_row_11 nt_row_id_839\">\n            <td>Bater\u00eda<\/td><td>Bater\u00eda de litio 48V 20Ah+15Ah<\/td>        <\/tr>\n            <tr data-row_id=\"840\" class=\"ninja_table_row_12 nt_row_id_840\">\n            <td>Fuerza de motor<\/td><td>250W\/350W\/500W\/750W<\/td>        <\/tr>\n            <tr data-row_id=\"841\" class=\"ninja_table_row_13 nt_row_id_841\">\n            <td>Color<\/td><td>Color personalizado<\/td>        <\/tr>\n            <tr data-row_id=\"842\" class=\"ninja_table_row_14 nt_row_id_842\">\n            <td>Freno<\/td><td>Freno de disco<\/td>        <\/tr>\n            <tr data-row_id=\"843\" class=\"ninja_table_row_15 nt_row_id_843\">\n            <td>Marco<\/td><td>Marco de aleaci\u00f3n de aluminio<\/td>        <\/tr>\n            <tr data-row_id=\"844\" class=\"ninja_table_row_16 nt_row_id_844\">\n            <td>Neum\u00e1tico<\/td><td>KENDA<\/td>        <\/tr>\n    <\/tbody><!--ninja_tobody_rendering_done-->\n    <\/table>\n    \n    \n    \n<\/div>\n\n<h3>Capacidad de suministro<\/h3>\n<p>5000 pieza\/piezas por mes 500<\/p>\n<h3>Empaquetado y entrega<\/h3>\n<p>Detalles de empaquetado: 1 unidad(es)\/caja de cart\u00f3n de alta calidad. Embalado en tama\u00f1o peque\u00f1o<br \/>\nPuerto: Ningbo o Shanghai<br \/>\nTiempo de espera:<div id=\"footable_parent_882\"\n         class=\"footable_parent ninja_table_wrapper loading_ninja_table wp_table_data_press_parent semantic_ui\">\n                <table data-ninja_table_instance=\"ninja_table_instance_1\" data-footable_id=\"882\" data-filter-delay=\"1000\" aria-label=\"PACK08.csv\"            id=\"footable_882\"\n           data-unique_identifier=\"ninja_table_unique_id_2479711487_882\"\n           class=\"foo-table ninja_footable foo_table_882 ninja_table_unique_id_2479711487_882 ui table  nt_type_legacy_table selectable striped vertical_centered  footable-paging-right ninja_table_pro\">\n                <colgroup>\n                            <col class=\"ninja_column_0\">\n                            <col class=\"ninja_column_1\">\n                            <col class=\"ninja_column_2\">\n                    <\/colgroup>\n        <thead>\n<tr class=\"footable-header\">\n                                                        <th scope=\"col\"  class=\"ninja_column_0 ninja_clmn_nm_quantitypieces\">Cantidad (piezas)<\/th><th scope=\"col\"  class=\"ninja_column_1 ninja_clmn_nm_11\">1-5000<\/th><th scope=\"col\"  class=\"ninja_column_2 ninja_clmn_nm_1\">&gt;5000<\/th><\/tr>\n<\/thead>\n<tbody>\n\n        <tr data-row_id=\"827\" class=\"ninja_table_row_0 nt_row_id_827\">\n            <td>Plazo de ejecuci\u00f3n (d\u00edas)<\/td><td>30<\/td><td>Ser negociado<\/td>        <\/tr>\n    <\/tbody><!--ninja_tobody_rendering_done-->\n    <\/table>\n    \n    \n    \n<\/div>\n<\/p>\n<h3>Imagen de embalaje<\/h3>\n<p><img fetchpriority=\"high\" decoding=\"async\" class=\"size-full wp-image-3553\" src=\"https:\/\/bglbike.com\/wp-content\/uploads\/2023\/04\/EBB05-1.png\" alt=\"Imagen de embalaje\" width=\"600\" height=\"600\" srcset=\"https:\/\/bglbike.com\/wp-content\/uploads\/2023\/04\/EBB05-1.png 600w, https:\/\/bglbike.com\/wp-content\/uploads\/2023\/04\/EBB05-1-300x300.png 300w, https:\/\/bglbike.com\/wp-content\/uploads\/2023\/04\/EBB05-1-150x150.png 150w, https:\/\/bglbike.com\/wp-content\/uploads\/2023\/04\/EBB05-1-12x12.png 12w, https:\/\/bglbike.com\/wp-content\/uploads\/2023\/04\/EBB05-1-200x200.png 200w, https:\/\/bglbike.com\/wp-content\/uploads\/2023\/04\/EBB05-1-100x100.png 100w\" sizes=\"(max-width: 600px) 100vw, 600px\" \/><\/p>\n<h3>preguntas frecuentes<\/h3>\n<p><strong>Cuanto dura la bateria con una sola carga?<\/strong><br \/>\nLos triciclos el\u00e9ctricos para personas mayores ET01 vienen con una bater\u00eda de iones de litio de alta calidad que dura hasta 60 km con una sola carga, lo que es perfecto para viajes de larga distancia.<\/p>\n<p><strong>\u00bfLos triciclos el\u00e9ctricos para personas mayores ET01 son f\u00e1ciles de operar?<\/strong><br \/>\nS\u00ed, los triciclos el\u00e9ctricos para personas mayores ET01 est\u00e1n dise\u00f1ados para ser f\u00e1ciles de usar, con un panel de control simple que facilita el manejo de las personas mayores. Tambi\u00e9n cuenta con un asiento c\u00f3modo y manubrios ergon\u00f3micos, lo que garantiza un viaje c\u00f3modo y seguro.<\/p>\n<p><strong>\u00bfQu\u00e9 tipo de materiales se utilizan para fabricar los Triciclos El\u00e9ctricos para Personas Mayores ET01?<\/strong><br \/>\nLos triciclos el\u00e9ctricos para personas mayores ET01 est\u00e1n hechos de materiales livianos y duraderos, incluida la aleaci\u00f3n de aluminio, lo que los hace resistentes y duraderos. Adem\u00e1s, el triciclo cuenta con materiales ecol\u00f3gicos, como cuero ecol\u00f3gico para el asiento y las empu\u00f1aduras del manillar.<\/p>\n<p><strong>\u00bfLos triciclos el\u00e9ctricos para personas mayores ET01 son aptos para uso en interiores?<\/strong><br \/>\nSi bien los triciclos el\u00e9ctricos para personas mayores ET01 est\u00e1n dise\u00f1ados principalmente para uso en exteriores, tambi\u00e9n son adecuados para uso en interiores en espacios como almacenes, f\u00e1bricas y centros comerciales. El triciclo es compacto y \u00e1gil, por lo que es f\u00e1cil de maniobrar en espacios reducidos.<\/p>","protected":false},"excerpt":{"rendered":"<p>El <strong>Triciclos el\u00e9ctricos ET01 para personas mayores con capacidad de carga de 300 kg<\/strong> est\u00e1 dise\u00f1ado para proporcionar una manera f\u00e1cil y segura para que las personas mayores se desplacen con una impresionante capacidad de carga de hasta 300 kg. Con un sistema de control f\u00e1cil de usar y navegaci\u00f3n intuitiva, el triciclo el\u00e9ctrico ET01 es perfecto para quienes desean un modo de transporte seguro y eficiente. Ya sea que est\u00e9 haciendo recados o simplemente disfrutando de un paseo tranquilo, este triciclo el\u00e9ctrico es la elecci\u00f3n perfecta. No permita que los problemas de movilidad le impidan explorar el mundo que le rodea: pruebe hoy el triciclo el\u00e9ctrico para personas mayores ET01.<\/p>","protected":false},"featured_media":3929,"template":"","meta":{"site-sidebar-layout":"default","site-content-layout":"default","ast-site-content-layout":"default","site-content-style":"default","site-sidebar-style":"default","ast-global-header-display":"","ast-banner-title-visibility":"","ast-main-header-display":"","ast-hfb-above-header-display":"","ast-hfb-below-header-display":"","ast-hfb-mobile-header-display":"","site-post-title":"","ast-breadcrumbs-content":"","ast-featured-img":"","footer-sml-layout":"","ast-disable-related-posts":"","theme-transparent-header-meta":"default","adv-header-id-meta":"","stick-header-meta":"default","header-above-stick-meta":"","header-main-stick-meta":"","header-below-stick-meta":"","astra-migrate-meta-layouts":"default","ast-page-background-enabled":"default","ast-page-background-meta":{"desktop":{"background-color":"var(--ast-global-color-4)","background-image":"","background-repeat":"repeat","background-position":"center center","background-size":"auto","background-attachment":"scroll","background-type":"","background-media":"","overlay-type":"","overlay-color":"","overlay-opacity":"","overlay-gradient":""},"tablet":{"background-color":"","background-image":"","background-repeat":"repeat","background-position":"center center","background-size":"auto","background-attachment":"scroll","background-type":"","background-media":"","overlay-type":"","overlay-color":"","overlay-opacity":"","overlay-gradient":""},"mobile":{"background-color":"","background-image":"","background-repeat":"repeat","background-position":"center center","background-size":"auto","background-attachment":"scroll","background-type":"","background-media":"","overlay-type":"","overlay-color":"","overlay-opacity":"","overlay-gradient":""}},"ast-content-background-meta":{"desktop":{"background-color":"var(--ast-global-color-5)","background-image":"","background-repeat":"repeat","background-position":"center center","background-size":"auto","background-attachment":"scroll","background-type":"","background-media":"","overlay-type":"","overlay-color":"","overlay-opacity":"","overlay-gradient":""},"tablet":{"background-color":"var(--ast-global-color-5)","background-image":"","background-repeat":"repeat","background-position":"center center","background-size":"auto","background-attachment":"scroll","background-type":"","background-media":"","overlay-type":"","overlay-color":"","overlay-opacity":"","overlay-gradient":""},"mobile":{"background-color":"var(--ast-global-color-5)","background-image":"","background-repeat":"repeat","background-position":"center center","background-size":"auto","background-attachment":"scroll","background-type":"","background-media":"","overlay-type":"","overlay-color":"","overlay-opacity":"","overlay-gradient":""}}},"product_brand":[],"product_cat":[25],"product_tag":[],"class_list":{"0":"post-879","1":"product","2":"type-product","3":"status-publish","4":"has-post-thumbnail","6":"product_cat-electric-trike","7":"desktop-align-left","8":"tablet-align-left","9":"mobile-align-left","10":"ast-product-gallery-layout-horizontal-slider","11":"ast-product-gallery-with-no-image","12":"ast-product-single-variable","13":"ast-product-tabs-layout-horizontal","15":"first","16":"instock","17":"shipping-taxable","18":"purchasable","19":"product-type-variable"},"yoast_head":"<!-- This site is optimized with the Yoast SEO Premium plugin v20.9 (Yoast SEO v27.6) - https:\/\/yoast.com\/product\/yoast-seo-premium-wordpress\/ -->\n<title>ET01 Electric Trikes For Seniors 300kg Loading Capacity - Bglbike<\/title>\n<meta name=\"description\" content=\"With a maximum loading capacity of 300 kg, this electric trike is the perfect transportation solution for those who want to stay independent and active.\" \/>\n<meta name=\"robots\" content=\"index, follow, max-snippet:-1, max-image-preview:large, max-video-preview:-1\" \/>\n<link rel=\"canonical\" href=\"https:\/\/bglbike.com\/es\/producto\/et01\/\" \/>\n<meta property=\"og:locale\" content=\"es_ES\" \/>\n<meta property=\"og:type\" content=\"article\" \/>\n<meta property=\"og:title\" content=\"ET01 Electric Trikes For Seniors 300kg Loading Capacity\" \/>\n<meta property=\"og:description\" content=\"With a maximum loading capacity of 300 kg, this electric trike is the perfect transportation solution for those who want to stay independent and active.\" \/>\n<meta property=\"og:url\" content=\"https:\/\/bglbike.com\/es\/producto\/et01\/\" \/>\n<meta property=\"og:site_name\" content=\"Bglbike\" \/>\n<meta property=\"article:modified_time\" content=\"2023-05-31T02:30:13+00:00\" \/>\n<meta property=\"og:image\" content=\"https:\/\/bglbike.com\/wp-content\/uploads\/2023\/04\/111-6.png\" \/>\n\t<meta property=\"og:image:width\" content=\"600\" \/>\n\t<meta property=\"og:image:height\" content=\"600\" \/>\n\t<meta property=\"og:image:type\" content=\"image\/png\" \/>\n<meta name=\"twitter:card\" content=\"summary_large_image\" \/>\n<meta name=\"twitter:label1\" content=\"Tiempo de lectura\" \/>\n\t<meta name=\"twitter:data1\" content=\"2 minutos\" \/>\n<script type=\"application\/ld+json\" class=\"yoast-schema-graph\">{\"@context\":\"https:\\\/\\\/schema.org\",\"@graph\":[{\"@type\":\"WebPage\",\"@id\":\"https:\\\/\\\/bglbike.com\\\/product\\\/et01\\\/\",\"url\":\"https:\\\/\\\/bglbike.com\\\/product\\\/et01\\\/\",\"name\":\"ET01 Electric Trikes For Seniors 300kg Loading Capacity - Bglbike\",\"isPartOf\":{\"@id\":\"https:\\\/\\\/bglbike.com\\\/#website\"},\"primaryImageOfPage\":{\"@id\":\"https:\\\/\\\/bglbike.com\\\/product\\\/et01\\\/#primaryimage\"},\"image\":{\"@id\":\"https:\\\/\\\/bglbike.com\\\/product\\\/et01\\\/#primaryimage\"},\"thumbnailUrl\":\"https:\\\/\\\/bglbike.com\\\/wp-content\\\/uploads\\\/2023\\\/04\\\/111-6.png\",\"datePublished\":\"2023-04-03T06:14:55+00:00\",\"dateModified\":\"2023-05-31T02:30:13+00:00\",\"description\":\"With a maximum loading capacity of 300 kg, this electric trike is the perfect transportation solution for those who want to stay independent and active.\",\"breadcrumb\":{\"@id\":\"https:\\\/\\\/bglbike.com\\\/product\\\/et01\\\/#breadcrumb\"},\"inLanguage\":\"es\",\"potentialAction\":[{\"@type\":\"ReadAction\",\"target\":[\"https:\\\/\\\/bglbike.com\\\/product\\\/et01\\\/\"]}]},{\"@type\":\"ImageObject\",\"inLanguage\":\"es\",\"@id\":\"https:\\\/\\\/bglbike.com\\\/product\\\/et01\\\/#primaryimage\",\"url\":\"https:\\\/\\\/bglbike.com\\\/wp-content\\\/uploads\\\/2023\\\/04\\\/111-6.png\",\"contentUrl\":\"https:\\\/\\\/bglbike.com\\\/wp-content\\\/uploads\\\/2023\\\/04\\\/111-6.png\",\"width\":600,\"height\":600,\"caption\":\"ET01\"},{\"@type\":\"BreadcrumbList\",\"@id\":\"https:\\\/\\\/bglbike.com\\\/product\\\/et01\\\/#breadcrumb\",\"itemListElement\":[{\"@type\":\"ListItem\",\"position\":1,\"name\":\"Home\",\"item\":\"https:\\\/\\\/bglbike.com\\\/\"},{\"@type\":\"ListItem\",\"position\":2,\"name\":\"Wholesale Electric Bike\",\"item\":\"https:\\\/\\\/bglbike.com\\\/wholesale-electric-bike\\\/\"},{\"@type\":\"ListItem\",\"position\":3,\"name\":\"ET01 Electric Trikes For Seniors 300kg Loading Capacity\"}]},{\"@type\":\"WebSite\",\"@id\":\"https:\\\/\\\/bglbike.com\\\/#website\",\"url\":\"https:\\\/\\\/bglbike.com\\\/\",\"name\":\"Bglbike\",\"description\":\"Top  Ebike manufacturer in China\",\"publisher\":{\"@id\":\"https:\\\/\\\/bglbike.com\\\/#organization\"},\"potentialAction\":[{\"@type\":\"SearchAction\",\"target\":{\"@type\":\"EntryPoint\",\"urlTemplate\":\"https:\\\/\\\/bglbike.com\\\/?s={search_term_string}\"},\"query-input\":{\"@type\":\"PropertyValueSpecification\",\"valueRequired\":true,\"valueName\":\"search_term_string\"}}],\"inLanguage\":\"es\"},{\"@type\":\"Organization\",\"@id\":\"https:\\\/\\\/bglbike.com\\\/#organization\",\"name\":\"Bglbike\",\"url\":\"https:\\\/\\\/bglbike.com\\\/\",\"logo\":{\"@type\":\"ImageObject\",\"inLanguage\":\"es\",\"@id\":\"https:\\\/\\\/bglbike.com\\\/#\\\/schema\\\/logo\\\/image\\\/\",\"url\":\"https:\\\/\\\/bglbike.com\\\/wp-content\\\/uploads\\\/2023\\\/04\\\/cropped-LOGO.png\",\"contentUrl\":\"https:\\\/\\\/bglbike.com\\\/wp-content\\\/uploads\\\/2023\\\/04\\\/cropped-LOGO.png\",\"width\":426,\"height\":141,\"caption\":\"Bglbike\"},\"image\":{\"@id\":\"https:\\\/\\\/bglbike.com\\\/#\\\/schema\\\/logo\\\/image\\\/\"}}]}<\/script>\n<!-- \/ Yoast SEO Premium plugin. -->","yoast_head_json":{"title":"ET01 Electric Trikes For Seniors 300kg Loading Capacity - Bglbike","description":"With a maximum loading capacity of 300 kg, this electric trike is the perfect transportation solution for those who want to stay independent and active.","robots":{"index":"index","follow":"follow","max-snippet":"max-snippet:-1","max-image-preview":"max-image-preview:large","max-video-preview":"max-video-preview:-1"},"canonical":"https:\/\/bglbike.com\/es\/producto\/et01\/","og_locale":"es_ES","og_type":"article","og_title":"ET01 Electric Trikes For Seniors 300kg Loading Capacity","og_description":"With a maximum loading capacity of 300 kg, this electric trike is the perfect transportation solution for those who want to stay independent and active.","og_url":"https:\/\/bglbike.com\/es\/producto\/et01\/","og_site_name":"Bglbike","article_modified_time":"2023-05-31T02:30:13+00:00","og_image":[{"width":600,"height":600,"url":"https:\/\/bglbike.com\/wp-content\/uploads\/2023\/04\/111-6.png","type":"image\/png"}],"twitter_card":"summary_large_image","twitter_misc":{"Tiempo de lectura":"2 minutos"},"schema":{"@context":"https:\/\/schema.org","@graph":[{"@type":"WebPage","@id":"https:\/\/bglbike.com\/product\/et01\/","url":"https:\/\/bglbike.com\/product\/et01\/","name":"ET01 Electric Trikes For Seniors 300kg Loading Capacity - Bglbike","isPartOf":{"@id":"https:\/\/bglbike.com\/#website"},"primaryImageOfPage":{"@id":"https:\/\/bglbike.com\/product\/et01\/#primaryimage"},"image":{"@id":"https:\/\/bglbike.com\/product\/et01\/#primaryimage"},"thumbnailUrl":"https:\/\/bglbike.com\/wp-content\/uploads\/2023\/04\/111-6.png","datePublished":"2023-04-03T06:14:55+00:00","dateModified":"2023-05-31T02:30:13+00:00","description":"With a maximum loading capacity of 300 kg, this electric trike is the perfect transportation solution for those who want to stay independent and active.","breadcrumb":{"@id":"https:\/\/bglbike.com\/product\/et01\/#breadcrumb"},"inLanguage":"es","potentialAction":[{"@type":"ReadAction","target":["https:\/\/bglbike.com\/product\/et01\/"]}]},{"@type":"ImageObject","inLanguage":"es","@id":"https:\/\/bglbike.com\/product\/et01\/#primaryimage","url":"https:\/\/bglbike.com\/wp-content\/uploads\/2023\/04\/111-6.png","contentUrl":"https:\/\/bglbike.com\/wp-content\/uploads\/2023\/04\/111-6.png","width":600,"height":600,"caption":"ET01"},{"@type":"BreadcrumbList","@id":"https:\/\/bglbike.com\/product\/et01\/#breadcrumb","itemListElement":[{"@type":"ListItem","position":1,"name":"Home","item":"https:\/\/bglbike.com\/"},{"@type":"ListItem","position":2,"name":"Wholesale Electric Bike","item":"https:\/\/bglbike.com\/wholesale-electric-bike\/"},{"@type":"ListItem","position":3,"name":"ET01 Electric Trikes For Seniors 300kg Loading Capacity"}]},{"@type":"WebSite","@id":"https:\/\/bglbike.com\/#website","url":"https:\/\/bglbike.com\/","name":"Bglbike","description":"Top  Ebike manufacturer in China","publisher":{"@id":"https:\/\/bglbike.com\/#organization"},"potentialAction":[{"@type":"SearchAction","target":{"@type":"EntryPoint","urlTemplate":"https:\/\/bglbike.com\/?s={search_term_string}"},"query-input":{"@type":"PropertyValueSpecification","valueRequired":true,"valueName":"search_term_string"}}],"inLanguage":"es"},{"@type":"Organization","@id":"https:\/\/bglbike.com\/#organization","name":"Bglbike","url":"https:\/\/bglbike.com\/","logo":{"@type":"ImageObject","inLanguage":"es","@id":"https:\/\/bglbike.com\/#\/schema\/logo\/image\/","url":"https:\/\/bglbike.com\/wp-content\/uploads\/2023\/04\/cropped-LOGO.png","contentUrl":"https:\/\/bglbike.com\/wp-content\/uploads\/2023\/04\/cropped-LOGO.png","width":426,"height":141,"caption":"Bglbike"},"image":{"@id":"https:\/\/bglbike.com\/#\/schema\/logo\/image\/"}}]}},"_links":{"self":[{"href":"https:\/\/bglbike.com\/es\/wp-json\/wp\/v2\/product\/879","targetHints":{"allow":["GET"]}}],"collection":[{"href":"https:\/\/bglbike.com\/es\/wp-json\/wp\/v2\/product"}],"about":[{"href":"https:\/\/bglbike.com\/es\/wp-json\/wp\/v2\/types\/product"}],"wp:featuredmedia":[{"embeddable":true,"href":"https:\/\/bglbike.com\/es\/wp-json\/wp\/v2\/media\/3929"}],"wp:attachment":[{"href":"https:\/\/bglbike.com\/es\/wp-json\/wp\/v2\/media?parent=879"}],"wp:term":[{"taxonomy":"product_brand","embeddable":true,"href":"https:\/\/bglbike.com\/es\/wp-json\/wp\/v2\/product_brand?post=879"},{"taxonomy":"product_cat","embeddable":true,"href":"https:\/\/bglbike.com\/es\/wp-json\/wp\/v2\/product_cat?post=879"},{"taxonomy":"product_tag","embeddable":true,"href":"https:\/\/bglbike.com\/es\/wp-json\/wp\/v2\/product_tag?post=879"}],"curies":[{"name":"wp","href":"https:\/\/api.w.org\/{rel}","templated":true}]}}