{"id":876,"date":"2023-04-03T07:16:03","date_gmt":"2023-04-03T07:16:03","guid":{"rendered":"https:\/\/bglbike.com\/?post_type=product&#038;p=876"},"modified":"2023-05-31T02:28:07","modified_gmt":"2023-05-31T02:28:07","slug":"rb01","status":"publish","type":"product","link":"https:\/\/bglbike.com\/es\/producto\/rb01\/","title":{"rendered":"Bicicleta de carretera el\u00e9ctrica RB01 con buje sin engranajes montado en la parte trasera de 36V250W"},"content":{"rendered":"<h3>Especificaci\u00f3n<\/h3>\n<div id=\"footable_parent_3525\"\n         class=\"footable_parent ninja_table_wrapper loading_ninja_table wp_table_data_press_parent semantic_ui\">\n                <table data-ninja_table_instance=\"ninja_table_instance_0\" data-footable_id=\"3525\" data-filter-delay=\"1000\" aria-label=\"RB01.csv\"            id=\"footable_3525\"\n           data-unique_identifier=\"ninja_table_unique_id_2249407951_3525\"\n           class=\"foo-table ninja_footable foo_table_3525 ninja_table_unique_id_2249407951_3525 ui table  nt_type_legacy_table selectable striped vertical_centered  footable-paging-right ninja_table_pro\">\n                <colgroup>\n                            <col class=\"ninja_column_0\">\n                            <col class=\"ninja_column_1\">\n                            <col class=\"ninja_column_2\">\n                            <col class=\"ninja_column_3\">\n                    <\/colgroup>\n        <thead>\n<tr class=\"footable-header\">\n                                                                        <th scope=\"col\"  class=\"ninja_column_0 ninja_clmn_nm_model\">Modelo<\/th><th scope=\"col\"  class=\"ninja_column_1 ninja_clmn_nm_rb1\">RB01<\/th><th scope=\"col\"  class=\"ninja_column_2 ninja_clmn_nm_certification\">Certificaci\u00f3n<\/th><th scope=\"col\"  class=\"ninja_column_3 ninja_clmn_nm_ceen15194ios\">CE, EN15194, IOS<\/th><\/tr>\n<\/thead>\n<tbody>\n\n        <tr data-row_id=\"912\" class=\"ninja_table_row_0 nt_row_id_912\">\n            <td><\/td><td>Buje sin engranajes montado en la parte trasera 36V250W(XF)<\/td><td>Bater\u00eda<\/td><td>36V10AH (China) de iones de litio<\/td>        <\/tr>\n            <tr data-row_id=\"913\" class=\"ninja_table_row_1 nt_row_id_913\">\n            <td>Motor<\/td><td><\/td><td><\/td><td><\/td>        <\/tr>\n            <tr data-row_id=\"914\" class=\"ninja_table_row_2 nt_row_id_914\">\n            <td>Neum\u00e1tico<\/td><td>Kenda, 26&quot; x 4.0&quot;<\/td><td>Garant\u00eda<\/td><td>2 a\u00f1os<\/td>        <\/tr>\n            <tr data-row_id=\"915\" class=\"ninja_table_row_3 nt_row_id_915\">\n            <td>Cargador<\/td><td>2A CE\/UL<\/td><td>Tiempo de carga<\/td><td>4-6 horas<\/td>        <\/tr>\n            <tr data-row_id=\"916\" class=\"ninja_table_row_4 nt_row_id_916\">\n            <td><\/td><td>19 millas (30 km)-25 millas (40 km)<\/td><td>Controlador<\/td><td>Controlador integrado 36V15A o controlador integrado 48V18A<\/td>        <\/tr>\n            <tr data-row_id=\"917\" class=\"ninja_table_row_5 nt_row_id_917\">\n            <td>Rango estimado<\/td><td><\/td><td><\/td><td><\/td>        <\/tr>\n            <tr data-row_id=\"918\" class=\"ninja_table_row_6 nt_row_id_918\">\n            <td><\/td><td>Pedal de detecci\u00f3n de cadencia asistida, acelerador de gatillo (disco de sensor de 6 imanes)<\/td><td>Velocidad m\u00e1xima<\/td><td>UE: 15,6 mph (25 kph)\/Am\u00e9rica del Norte: 20 mph (32 kph)<\/td>        <\/tr>\n            <tr data-row_id=\"919\" class=\"ninja_table_row_7 nt_row_id_919\">\n            <td>Modo conductor<\/td><td><\/td><td><\/td><td><\/td>        <\/tr>\n            <tr data-row_id=\"920\" class=\"ninja_table_row_8 nt_row_id_920\">\n            <td>Tenedor<\/td><td>R\u00edgido, Aleaci\u00f3n de Aluminio<\/td><td>Peso total<\/td><td>57 libras (26 kg)--60 libras (27 kg)<\/td>        <\/tr>\n            <tr data-row_id=\"921\" class=\"ninja_table_row_9 nt_row_id_921\">\n            <td><\/td><td>O Suspensi\u00f3n B\u00e1sica<\/td><td><\/td><td><\/td>        <\/tr>\n            <tr data-row_id=\"922\" class=\"ninja_table_row_10 nt_row_id_922\">\n            <td>Marco<\/td><td>26&quot;, aleaci\u00f3n de aluminio 6061<\/td><td>Mostrar<\/td><td>Pantalla LED o LCD<\/td>        <\/tr>\n            <tr data-row_id=\"923\" class=\"ninja_table_row_11 nt_row_id_923\">\n            <td>Engranaje<\/td><td>7 velocidades 1x7, Shimano Tourney TX<\/td><td>Bielas<\/td><td>Plato de 44 dientes, bielas de 170 mm<\/td>        <\/tr>\n            <tr data-row_id=\"924\" class=\"ninja_table_row_12 nt_row_id_924\">\n            <td>Cambio<\/td><td>Shimano de 7 velocidades<\/td><td>pedales<\/td><td>Aleaci\u00f3n de aluminio<\/td>        <\/tr>\n            <tr data-row_id=\"925\" class=\"ninja_table_row_13 nt_row_id_925\">\n            <td>Auriculares<\/td><td>rodamiento sellado<\/td><td>Provenir<\/td><td>Aleaci\u00f3n de aluminio<\/td>        <\/tr>\n            <tr data-row_id=\"926\" class=\"ninja_table_row_14 nt_row_id_926\">\n            <td>Manillar<\/td><td>Aleaci\u00f3n de aluminio<\/td><td>Pu\u00f1os<\/td><td>Pu\u00f1os Velo<\/td>        <\/tr>\n            <tr data-row_id=\"927\" class=\"ninja_table_row_15 nt_row_id_927\">\n            <td>Freno<\/td><td>Disco Zoom OR Tektro con rotores de 160 mm<\/td><td>Palancas<\/td><td>Palancas Tektro e Inhibidor de Motor<\/td>        <\/tr>\n            <tr data-row_id=\"928\" class=\"ninja_table_row_16 nt_row_id_928\">\n            <td>Sill\u00edn<\/td><td>Velo<\/td><td>Tija de sill\u00edn<\/td><td>Aleaci\u00f3n de aluminio<\/td>        <\/tr>\n            <tr data-row_id=\"929\" class=\"ninja_table_row_17 nt_row_id_929\">\n            <td>Borde<\/td><td>Aleaci\u00f3n de aluminio<\/td><td>radios<\/td><td>Acero inoxidable, 36H<\/td>        <\/tr>\n    <\/tbody><!--ninja_tobody_rendering_done-->\n    <\/table>\n    \n    \n    \n<\/div>\n\n<h3>Capacidad de suministro<\/h3>\n<p>3000 piezas\/piezas por mes<\/p>\n<h3>Empaquetado y entrega<\/h3>\n<p>Detalles de empaquetado: 1 unidad\/paquete<\/p>\n<p>Puerto: Ningb\u00f3<\/p>\n<p>Suministrada a EE. UU., la bicicleta de carretera el\u00e9ctrica RB01 con buje sin engranajes montado en la parte trasera de 36V250W es una bicicleta el\u00e9ctrica de alto rendimiento que puede satisfacer las necesidades de diferentes ciclistas. Su rendimiento confiable, componentes de calidad y caracter\u00edsticas impresionantes lo convierten en una opci\u00f3n ideal para aquellos que desean experimentar un viaje suave y divertido. Europa, Asia y Austrilia<\/p>\n<p>Plazo de entrega: 45 d\u00edas<\/p>\n<p>Tama\u00f1os de cart\u00f3n: 155*77*27cm<\/p>\n<p>Contenedor: 65 piezas\/20 pies; 180 piezas\/40 pies<\/p>\n<p>Tiempo de espera:<div id=\"footable_parent_899\"\n         class=\"footable_parent ninja_table_wrapper loading_ninja_table wp_table_data_press_parent semantic_ui\">\n                <table data-ninja_table_instance=\"ninja_table_instance_1\" data-footable_id=\"899\" data-filter-delay=\"1000\" aria-label=\"PACK08.csv\"            id=\"footable_899\"\n           data-unique_identifier=\"ninja_table_unique_id_870343052_899\"\n           class=\"foo-table ninja_footable foo_table_899 ninja_table_unique_id_870343052_899 ui table  nt_type_legacy_table selectable striped vertical_centered  footable-paging-right ninja_table_pro\">\n                <colgroup>\n                            <col class=\"ninja_column_0\">\n                            <col class=\"ninja_column_1\">\n                            <col class=\"ninja_column_2\">\n                    <\/colgroup>\n        <thead>\n<tr class=\"footable-header\">\n                                                        <th scope=\"col\"  class=\"ninja_column_0 ninja_clmn_nm_quantitypieces\">Cantidad (piezas)<\/th><th scope=\"col\"  class=\"ninja_column_1 ninja_clmn_nm_11\">1-100<\/th><th scope=\"col\"  class=\"ninja_column_2 ninja_clmn_nm_1\">&gt;100<\/th><\/tr>\n<\/thead>\n<tbody>\n\n        <tr data-row_id=\"875\" class=\"ninja_table_row_0 nt_row_id_875\">\n            <td>Plazo de ejecuci\u00f3n (d\u00edas)<\/td><td>45<\/td><td>Ser negociado<\/td>        <\/tr>\n    <\/tbody><!--ninja_tobody_rendering_done-->\n    <\/table>\n    \n    \n    \n<\/div>\n<\/p>\n<h3>Imagen de embalaje<\/h3>\n<p><img fetchpriority=\"high\" decoding=\"async\" class=\"size-full wp-image-3521\" src=\"https:\/\/bglbike.com\/wp-content\/uploads\/2023\/04\/111-4.png\" alt=\"imagen de embalaje\" width=\"600\" height=\"600\" srcset=\"https:\/\/bglbike.com\/wp-content\/uploads\/2023\/04\/111-4.png 600w, https:\/\/bglbike.com\/wp-content\/uploads\/2023\/04\/111-4-300x300.png 300w, https:\/\/bglbike.com\/wp-content\/uploads\/2023\/04\/111-4-150x150.png 150w, https:\/\/bglbike.com\/wp-content\/uploads\/2023\/04\/111-4-12x12.png 12w, https:\/\/bglbike.com\/wp-content\/uploads\/2023\/04\/111-4-200x200.png 200w, https:\/\/bglbike.com\/wp-content\/uploads\/2023\/04\/111-4-100x100.png 100w\" sizes=\"(max-width: 600px) 100vw, 600px\" \/><\/p>\n<h3><\/h3>\n<h3>preguntas frecuentes<\/h3>\n<p><strong>\u00bfHasta d\u00f3nde puede llegar la bicicleta de carretera el\u00e9ctrica RB01 con una sola carga?<\/strong><\/p>\n<p>La bicicleta de carretera el\u00e9ctrica RB01 tiene un alcance impresionante de hasta 30-40 millas con una sola carga. Esto lo convierte en una opci\u00f3n ideal para los viajeros de la ciudad y los aventureros de fin de semana por igual.<\/p>\n<p><strong>\u00bfLa bicicleta de carretera el\u00e9ctrica RB01 es f\u00e1cil de montar?<\/strong><\/p>\n<p>S\u00ed, la bicicleta de carretera el\u00e9ctrica RB01 viene parcialmente ensamblada, con instrucciones claras y concisas en el paquete. A la mayor\u00eda de los ciclistas les tomar\u00e1 menos de una hora ponerlo en funcionamiento.<\/p>\n<p><strong>\u00bfCon qu\u00e9 tipo de frenos est\u00e1 equipada la bicicleta de carretera el\u00e9ctrica RB01?<\/strong><\/p>\n<p>La bicicleta de carretera el\u00e9ctrica RB01 cuenta con frenos de disco Tektro delanteros y traseros que brindan una excelente potencia de frenado y control, incluso en condiciones h\u00famedas o resbaladizas.<\/p>\n<p><strong>\u00bfLa bicicleta de carretera el\u00e9ctrica RB01 es apta para uso todoterreno?<\/strong><\/p>\n<p>Si bien la bicicleta de carretera el\u00e9ctrica RB01 est\u00e1 dise\u00f1ada principalmente para un uso suave en carretera, sus componentes de alta calidad y su marco resistente pueden manejar terrenos todoterreno ligeros. No se recomienda para uso pesado fuera de la carretera, pero ciertamente puede manejar caminos de grava y caminos de tierra con facilidad.<\/p>","protected":false},"excerpt":{"rendered":"<p>Introduciendo el <strong>Bicicleta de carretera el\u00e9ctrica RB01 con buje sin engranajes montado en la parte trasera de 36V250W<\/strong>, \u00a1ahora disponible para compras al por mayor! La bicicleta de carretera el\u00e9ctrica RB01 con buje sin engranajes montado en la parte trasera de 36V250W es una bicicleta el\u00e9ctrica de alto rendimiento que puede satisfacer las necesidades de diferentes ciclistas. Su rendimiento confiable, componentes de calidad y caracter\u00edsticas impresionantes lo convierten en una opci\u00f3n ideal para aquellos que desean experimentar un viaje suave y divertido.<\/p>","protected":false},"featured_media":3945,"template":"","meta":{"site-sidebar-layout":"default","site-content-layout":"default","ast-site-content-layout":"default","site-content-style":"default","site-sidebar-style":"default","ast-global-header-display":"","ast-banner-title-visibility":"","ast-main-header-display":"","ast-hfb-above-header-display":"","ast-hfb-below-header-display":"","ast-hfb-mobile-header-display":"","site-post-title":"","ast-breadcrumbs-content":"","ast-featured-img":"","footer-sml-layout":"","ast-disable-related-posts":"","theme-transparent-header-meta":"default","adv-header-id-meta":"","stick-header-meta":"default","header-above-stick-meta":"","header-main-stick-meta":"","header-below-stick-meta":"","astra-migrate-meta-layouts":"default","ast-page-background-enabled":"default","ast-page-background-meta":{"desktop":{"background-color":"var(--ast-global-color-4)","background-image":"","background-repeat":"repeat","background-position":"center center","background-size":"auto","background-attachment":"scroll","background-type":"","background-media":"","overlay-type":"","overlay-color":"","overlay-opacity":"","overlay-gradient":""},"tablet":{"background-color":"","background-image":"","background-repeat":"repeat","background-position":"center center","background-size":"auto","background-attachment":"scroll","background-type":"","background-media":"","overlay-type":"","overlay-color":"","overlay-opacity":"","overlay-gradient":""},"mobile":{"background-color":"","background-image":"","background-repeat":"repeat","background-position":"center center","background-size":"auto","background-attachment":"scroll","background-type":"","background-media":"","overlay-type":"","overlay-color":"","overlay-opacity":"","overlay-gradient":""}},"ast-content-background-meta":{"desktop":{"background-color":"var(--ast-global-color-5)","background-image":"","background-repeat":"repeat","background-position":"center center","background-size":"auto","background-attachment":"scroll","background-type":"","background-media":"","overlay-type":"","overlay-color":"","overlay-opacity":"","overlay-gradient":""},"tablet":{"background-color":"var(--ast-global-color-5)","background-image":"","background-repeat":"repeat","background-position":"center center","background-size":"auto","background-attachment":"scroll","background-type":"","background-media":"","overlay-type":"","overlay-color":"","overlay-opacity":"","overlay-gradient":""},"mobile":{"background-color":"var(--ast-global-color-5)","background-image":"","background-repeat":"repeat","background-position":"center center","background-size":"auto","background-attachment":"scroll","background-type":"","background-media":"","overlay-type":"","overlay-color":"","overlay-opacity":"","overlay-gradient":""}}},"product_brand":[],"product_cat":[24],"product_tag":[],"class_list":{"0":"post-876","1":"product","2":"type-product","3":"status-publish","4":"has-post-thumbnail","6":"product_cat-electric-road-bike","7":"desktop-align-left","8":"tablet-align-left","9":"mobile-align-left","10":"ast-product-gallery-layout-horizontal-slider","11":"ast-product-gallery-with-no-image","12":"ast-product-single-variable","13":"ast-product-tabs-layout-horizontal","15":"first","16":"instock","17":"shipping-taxable","18":"purchasable","19":"product-type-variable"},"yoast_head":"<!-- This site is optimized with the Yoast SEO Premium plugin v20.9 (Yoast SEO v27.3) - https:\/\/yoast.com\/product\/yoast-seo-premium-wordpress\/ -->\n<title>RB01 Electric Road Bike with 36V250W Rear-Mounted Gearless Hub - Bglbike<\/title>\n<meta name=\"description\" content=\"The RB01 Electric Road Bike with 36V250W Rear-Mounted Gearless Hub is a top-of-the-line electric bike designed to meet the needs of both commuters and sports enthusiasts.\" \/>\n<meta name=\"robots\" content=\"index, follow, max-snippet:-1, max-image-preview:large, max-video-preview:-1\" \/>\n<link rel=\"canonical\" href=\"https:\/\/bglbike.com\/es\/producto\/rb01\/\" \/>\n<meta property=\"og:locale\" content=\"es_ES\" \/>\n<meta property=\"og:type\" content=\"article\" \/>\n<meta property=\"og:title\" content=\"RB01 Electric Road Bike with 36V250W Rear-Mounted Gearless Hub\" \/>\n<meta property=\"og:description\" content=\"The RB01 Electric Road Bike with 36V250W Rear-Mounted Gearless Hub is a top-of-the-line electric bike designed to meet the needs of both commuters and sports enthusiasts.\" \/>\n<meta property=\"og:url\" content=\"https:\/\/bglbike.com\/es\/producto\/rb01\/\" \/>\n<meta property=\"og:site_name\" content=\"Bglbike\" \/>\n<meta property=\"article:modified_time\" content=\"2023-05-31T02:28:07+00:00\" \/>\n<meta property=\"og:image\" content=\"https:\/\/bglbike.com\/wp-content\/uploads\/2023\/04\/01.png\" \/>\n\t<meta property=\"og:image:width\" content=\"600\" \/>\n\t<meta property=\"og:image:height\" content=\"600\" \/>\n\t<meta property=\"og:image:type\" content=\"image\/png\" \/>\n<meta name=\"twitter:card\" content=\"summary_large_image\" \/>\n<meta name=\"twitter:label1\" content=\"Tiempo de lectura\" \/>\n\t<meta name=\"twitter:data1\" content=\"2 minutos\" \/>\n<script type=\"application\/ld+json\" class=\"yoast-schema-graph\">{\"@context\":\"https:\\\/\\\/schema.org\",\"@graph\":[{\"@type\":\"WebPage\",\"@id\":\"https:\\\/\\\/bglbike.com\\\/product\\\/rb01\\\/\",\"url\":\"https:\\\/\\\/bglbike.com\\\/product\\\/rb01\\\/\",\"name\":\"RB01 Electric Road Bike with 36V250W Rear-Mounted Gearless Hub - Bglbike\",\"isPartOf\":{\"@id\":\"https:\\\/\\\/bglbike.com\\\/#website\"},\"primaryImageOfPage\":{\"@id\":\"https:\\\/\\\/bglbike.com\\\/product\\\/rb01\\\/#primaryimage\"},\"image\":{\"@id\":\"https:\\\/\\\/bglbike.com\\\/product\\\/rb01\\\/#primaryimage\"},\"thumbnailUrl\":\"https:\\\/\\\/bglbike.com\\\/wp-content\\\/uploads\\\/2023\\\/04\\\/01.png\",\"datePublished\":\"2023-04-03T07:16:03+00:00\",\"dateModified\":\"2023-05-31T02:28:07+00:00\",\"description\":\"The RB01 Electric Road Bike with 36V250W Rear-Mounted Gearless Hub is a top-of-the-line electric bike designed to meet the needs of both commuters and sports enthusiasts.\",\"breadcrumb\":{\"@id\":\"https:\\\/\\\/bglbike.com\\\/product\\\/rb01\\\/#breadcrumb\"},\"inLanguage\":\"es\",\"potentialAction\":[{\"@type\":\"ReadAction\",\"target\":[\"https:\\\/\\\/bglbike.com\\\/product\\\/rb01\\\/\"]}]},{\"@type\":\"ImageObject\",\"inLanguage\":\"es\",\"@id\":\"https:\\\/\\\/bglbike.com\\\/product\\\/rb01\\\/#primaryimage\",\"url\":\"https:\\\/\\\/bglbike.com\\\/wp-content\\\/uploads\\\/2023\\\/04\\\/01.png\",\"contentUrl\":\"https:\\\/\\\/bglbike.com\\\/wp-content\\\/uploads\\\/2023\\\/04\\\/01.png\",\"width\":600,\"height\":600,\"caption\":\"RB01\"},{\"@type\":\"BreadcrumbList\",\"@id\":\"https:\\\/\\\/bglbike.com\\\/product\\\/rb01\\\/#breadcrumb\",\"itemListElement\":[{\"@type\":\"ListItem\",\"position\":1,\"name\":\"Home\",\"item\":\"https:\\\/\\\/bglbike.com\\\/\"},{\"@type\":\"ListItem\",\"position\":2,\"name\":\"Wholesale Electric Bike\",\"item\":\"https:\\\/\\\/bglbike.com\\\/wholesale-electric-bike\\\/\"},{\"@type\":\"ListItem\",\"position\":3,\"name\":\"RB01 Electric Road Bike with 36V250W Rear-Mounted Gearless Hub\"}]},{\"@type\":\"WebSite\",\"@id\":\"https:\\\/\\\/bglbike.com\\\/#website\",\"url\":\"https:\\\/\\\/bglbike.com\\\/\",\"name\":\"Bglbike\",\"description\":\"Top  Ebike manufacturer in China\",\"publisher\":{\"@id\":\"https:\\\/\\\/bglbike.com\\\/#organization\"},\"potentialAction\":[{\"@type\":\"SearchAction\",\"target\":{\"@type\":\"EntryPoint\",\"urlTemplate\":\"https:\\\/\\\/bglbike.com\\\/?s={search_term_string}\"},\"query-input\":{\"@type\":\"PropertyValueSpecification\",\"valueRequired\":true,\"valueName\":\"search_term_string\"}}],\"inLanguage\":\"es\"},{\"@type\":\"Organization\",\"@id\":\"https:\\\/\\\/bglbike.com\\\/#organization\",\"name\":\"Bglbike\",\"url\":\"https:\\\/\\\/bglbike.com\\\/\",\"logo\":{\"@type\":\"ImageObject\",\"inLanguage\":\"es\",\"@id\":\"https:\\\/\\\/bglbike.com\\\/#\\\/schema\\\/logo\\\/image\\\/\",\"url\":\"https:\\\/\\\/bglbike.com\\\/wp-content\\\/uploads\\\/2023\\\/04\\\/cropped-LOGO.png\",\"contentUrl\":\"https:\\\/\\\/bglbike.com\\\/wp-content\\\/uploads\\\/2023\\\/04\\\/cropped-LOGO.png\",\"width\":426,\"height\":141,\"caption\":\"Bglbike\"},\"image\":{\"@id\":\"https:\\\/\\\/bglbike.com\\\/#\\\/schema\\\/logo\\\/image\\\/\"}}]}<\/script>\n<!-- \/ Yoast SEO Premium plugin. -->","yoast_head_json":{"title":"RB01 Electric Road Bike with 36V250W Rear-Mounted Gearless Hub - Bglbike","description":"The RB01 Electric Road Bike with 36V250W Rear-Mounted Gearless Hub is a top-of-the-line electric bike designed to meet the needs of both commuters and sports enthusiasts.","robots":{"index":"index","follow":"follow","max-snippet":"max-snippet:-1","max-image-preview":"max-image-preview:large","max-video-preview":"max-video-preview:-1"},"canonical":"https:\/\/bglbike.com\/es\/producto\/rb01\/","og_locale":"es_ES","og_type":"article","og_title":"RB01 Electric Road Bike with 36V250W Rear-Mounted Gearless Hub","og_description":"The RB01 Electric Road Bike with 36V250W Rear-Mounted Gearless Hub is a top-of-the-line electric bike designed to meet the needs of both commuters and sports enthusiasts.","og_url":"https:\/\/bglbike.com\/es\/producto\/rb01\/","og_site_name":"Bglbike","article_modified_time":"2023-05-31T02:28:07+00:00","og_image":[{"width":600,"height":600,"url":"https:\/\/bglbike.com\/wp-content\/uploads\/2023\/04\/01.png","type":"image\/png"}],"twitter_card":"summary_large_image","twitter_misc":{"Tiempo de lectura":"2 minutos"},"schema":{"@context":"https:\/\/schema.org","@graph":[{"@type":"WebPage","@id":"https:\/\/bglbike.com\/product\/rb01\/","url":"https:\/\/bglbike.com\/product\/rb01\/","name":"RB01 Electric Road Bike with 36V250W Rear-Mounted Gearless Hub - Bglbike","isPartOf":{"@id":"https:\/\/bglbike.com\/#website"},"primaryImageOfPage":{"@id":"https:\/\/bglbike.com\/product\/rb01\/#primaryimage"},"image":{"@id":"https:\/\/bglbike.com\/product\/rb01\/#primaryimage"},"thumbnailUrl":"https:\/\/bglbike.com\/wp-content\/uploads\/2023\/04\/01.png","datePublished":"2023-04-03T07:16:03+00:00","dateModified":"2023-05-31T02:28:07+00:00","description":"The RB01 Electric Road Bike with 36V250W Rear-Mounted Gearless Hub is a top-of-the-line electric bike designed to meet the needs of both commuters and sports enthusiasts.","breadcrumb":{"@id":"https:\/\/bglbike.com\/product\/rb01\/#breadcrumb"},"inLanguage":"es","potentialAction":[{"@type":"ReadAction","target":["https:\/\/bglbike.com\/product\/rb01\/"]}]},{"@type":"ImageObject","inLanguage":"es","@id":"https:\/\/bglbike.com\/product\/rb01\/#primaryimage","url":"https:\/\/bglbike.com\/wp-content\/uploads\/2023\/04\/01.png","contentUrl":"https:\/\/bglbike.com\/wp-content\/uploads\/2023\/04\/01.png","width":600,"height":600,"caption":"RB01"},{"@type":"BreadcrumbList","@id":"https:\/\/bglbike.com\/product\/rb01\/#breadcrumb","itemListElement":[{"@type":"ListItem","position":1,"name":"Home","item":"https:\/\/bglbike.com\/"},{"@type":"ListItem","position":2,"name":"Wholesale Electric Bike","item":"https:\/\/bglbike.com\/wholesale-electric-bike\/"},{"@type":"ListItem","position":3,"name":"RB01 Electric Road Bike with 36V250W Rear-Mounted Gearless Hub"}]},{"@type":"WebSite","@id":"https:\/\/bglbike.com\/#website","url":"https:\/\/bglbike.com\/","name":"Bglbike","description":"Top  Ebike manufacturer in China","publisher":{"@id":"https:\/\/bglbike.com\/#organization"},"potentialAction":[{"@type":"SearchAction","target":{"@type":"EntryPoint","urlTemplate":"https:\/\/bglbike.com\/?s={search_term_string}"},"query-input":{"@type":"PropertyValueSpecification","valueRequired":true,"valueName":"search_term_string"}}],"inLanguage":"es"},{"@type":"Organization","@id":"https:\/\/bglbike.com\/#organization","name":"Bglbike","url":"https:\/\/bglbike.com\/","logo":{"@type":"ImageObject","inLanguage":"es","@id":"https:\/\/bglbike.com\/#\/schema\/logo\/image\/","url":"https:\/\/bglbike.com\/wp-content\/uploads\/2023\/04\/cropped-LOGO.png","contentUrl":"https:\/\/bglbike.com\/wp-content\/uploads\/2023\/04\/cropped-LOGO.png","width":426,"height":141,"caption":"Bglbike"},"image":{"@id":"https:\/\/bglbike.com\/#\/schema\/logo\/image\/"}}]}},"_links":{"self":[{"href":"https:\/\/bglbike.com\/es\/wp-json\/wp\/v2\/product\/876","targetHints":{"allow":["GET"]}}],"collection":[{"href":"https:\/\/bglbike.com\/es\/wp-json\/wp\/v2\/product"}],"about":[{"href":"https:\/\/bglbike.com\/es\/wp-json\/wp\/v2\/types\/product"}],"wp:featuredmedia":[{"embeddable":true,"href":"https:\/\/bglbike.com\/es\/wp-json\/wp\/v2\/media\/3945"}],"wp:attachment":[{"href":"https:\/\/bglbike.com\/es\/wp-json\/wp\/v2\/media?parent=876"}],"wp:term":[{"taxonomy":"product_brand","embeddable":true,"href":"https:\/\/bglbike.com\/es\/wp-json\/wp\/v2\/product_brand?post=876"},{"taxonomy":"product_cat","embeddable":true,"href":"https:\/\/bglbike.com\/es\/wp-json\/wp\/v2\/product_cat?post=876"},{"taxonomy":"product_tag","embeddable":true,"href":"https:\/\/bglbike.com\/es\/wp-json\/wp\/v2\/product_tag?post=876"}],"curies":[{"name":"wp","href":"https:\/\/api.w.org\/{rel}","templated":true}]}}