{"id":855,"date":"2023-04-03T05:18:44","date_gmt":"2023-04-03T05:18:44","guid":{"rendered":"https:\/\/bglbike.com\/?post_type=product&#038;p=855"},"modified":"2023-05-31T02:32:19","modified_gmt":"2023-05-31T02:32:19","slug":"atv15","status":"publish","type":"product","link":"https:\/\/bglbike.com\/es\/producto\/atv15\/","title":{"rendered":"Fat Bike el\u00e9ctrica ATV15 con motor de 1000 W y bater\u00eda de iones de litio de 48 V, rango de 25 a 45 millas"},"content":{"rendered":"<h3>Especificaciones del producto<\/h3>\n<div id=\"footable_parent_866\"\n         class=\"footable_parent ninja_table_wrapper loading_ninja_table wp_table_data_press_parent semantic_ui\">\n                <table data-ninja_table_instance=\"ninja_table_instance_0\" data-footable_id=\"866\" data-filter-delay=\"1000\" aria-label=\"ATV15.csv\"            id=\"footable_866\"\n           data-unique_identifier=\"ninja_table_unique_id_3123105003_866\"\n           class=\"foo-table ninja_footable foo_table_866 ninja_table_unique_id_3123105003_866 ui table  nt_type_legacy_table selectable striped vertical_centered  footable-paging-right ninja_table_pro\">\n                <colgroup>\n                            <col class=\"ninja_column_0\">\n                    <\/colgroup>\n        <thead>\n<tr class=\"footable-header\">\n                        <th scope=\"col\"  class=\"ninja_column_0 ninja_clmn_nm_powerful1wbafangmiddrivehubmotor\">Potente motor de cubo de accionamiento medio Bafang de 1000 W<\/th><\/tr>\n<\/thead>\n<tbody>\n\n        <tr data-row_id=\"776\" class=\"ninja_table_row_0 nt_row_id_776\">\n            <td>Bater\u00eda de iones de litio de 48 V y 17 Ah con celdas Samsung<\/td>        <\/tr>\n            <tr data-row_id=\"777\" class=\"ninja_table_row_1 nt_row_id_777\">\n            <td>Clasificado para 800 ciclos de carga<\/td>        <\/tr>\n            <tr data-row_id=\"778\" class=\"ninja_table_row_2 nt_row_id_778\">\n            <td>Capacidad de carga \u00fatil total: 275 libras<\/td>        <\/tr>\n            <tr data-row_id=\"779\" class=\"ninja_table_row_3 nt_row_id_779\">\n            <td>velocidad m\u00e1xima de 20 mph<\/td>        <\/tr>\n            <tr data-row_id=\"780\" class=\"ninja_table_row_4 nt_row_id_780\">\n            <td>Alcance estimado de 25-45+ millas<\/td>        <\/tr>\n            <tr data-row_id=\"781\" class=\"ninja_table_row_5 nt_row_id_781\">\n            <td>Pedaleo asistido de 5 niveles<\/td>        <\/tr>\n            <tr data-row_id=\"782\" class=\"ninja_table_row_6 nt_row_id_782\">\n            <td>Colorida pantalla LCD completa que incluye veloc\u00edmetro, vat\u00edmetro y od\u00f3metro<\/td>        <\/tr>\n            <tr data-row_id=\"783\" class=\"ninja_table_row_7 nt_row_id_783\">\n            <td>faro integrado<\/td>        <\/tr>\n            <tr data-row_id=\"784\" class=\"ninja_table_row_8 nt_row_id_784\">\n            <td>Horquilla de suspensi\u00f3n delantera con ajuste de rebote y bloqueo<\/td>        <\/tr>\n            <tr data-row_id=\"785\" class=\"ninja_table_row_9 nt_row_id_785\">\n            <td>Transmisi\u00f3n Shimano de 7 velocidades<\/td>        <\/tr>\n            <tr data-row_id=\"786\" class=\"ninja_table_row_10 nt_row_id_786\">\n            <td>Frenos de disco hidr\u00e1ulicos Tektro E350 de 180 mm<\/td>        <\/tr>\n            <tr data-row_id=\"787\" class=\"ninja_table_row_11 nt_row_id_787\">\n            <td>Llantas Kenda de 26&quot; x 4.0&quot;<\/td>        <\/tr>\n            <tr data-row_id=\"788\" class=\"ninja_table_row_12 nt_row_id_788\">\n            <td>Peso de la bicicleta: 61 libras<\/td>        <\/tr>\n    <\/tbody><!--ninja_tobody_rendering_done-->\n    <\/table>\n    \n    \n    \n<\/div>\n\n<h3>Detalles esenciales<\/h3>\n<div id=\"footable_parent_868\"\n         class=\"footable_parent ninja_table_wrapper loading_ninja_table wp_table_data_press_parent semantic_ui\">\n                <table data-ninja_table_instance=\"ninja_table_instance_1\" data-footable_id=\"868\" data-filter-delay=\"1000\" aria-label=\"15.csv\"            id=\"footable_868\"\n           data-unique_identifier=\"ninja_table_unique_id_3414353429_868\"\n           class=\"foo-table ninja_footable foo_table_868 ninja_table_unique_id_3414353429_868 ui table  nt_type_legacy_table selectable striped vertical_centered  footable-paging-right ninja_table_pro\">\n                <colgroup>\n                            <col class=\"ninja_column_0\">\n                            <col class=\"ninja_column_1\">\n                    <\/colgroup>\n        <thead>\n<tr class=\"footable-header\">\n                                        <th scope=\"col\"  class=\"ninja_column_0 ninja_clmn_nm_essentialdetails\">Detalles esenciales<\/th><th scope=\"col\"  class=\"ninja_column_1 ninja_clmn_nm_ninja_column_2\"><\/th><\/tr>\n<\/thead>\n<tbody>\n\n        <tr data-row_id=\"790\" class=\"ninja_table_row_0 nt_row_id_790\">\n            <td>Lugar de origen:<\/td><td>Zhejiang, China<\/td>        <\/tr>\n            <tr data-row_id=\"791\" class=\"ninja_table_row_1 nt_row_id_791\">\n            <td>Nombre de la marca:<\/td><td>bglbicicleta<\/td>        <\/tr>\n            <tr data-row_id=\"792\" class=\"ninja_table_row_2 nt_row_id_792\">\n            <td>N\u00famero de modelo:<\/td><td>cuatriciclo 15<\/td>        <\/tr>\n            <tr data-row_id=\"793\" class=\"ninja_table_row_3 nt_row_id_793\">\n            <td>Rango por potencia:<\/td><td>31 - 60 kil\u00f3metros<\/td>        <\/tr>\n            <tr data-row_id=\"794\" class=\"ninja_table_row_4 nt_row_id_794\">\n            <td>Material del marco:<\/td><td>Aleaci\u00f3n de aluminio<\/td>        <\/tr>\n            <tr data-row_id=\"795\" class=\"ninja_table_row_5 nt_row_id_795\">\n            <td>Tama\u00f1o de la rueda:<\/td><td>26\"<\/td>        <\/tr>\n            <tr data-row_id=\"796\" class=\"ninja_table_row_6 nt_row_id_796\">\n            <td>Potencia:<\/td><td>&gt; 500w<\/td>        <\/tr>\n            <tr data-row_id=\"797\" class=\"ninja_table_row_7 nt_row_id_797\">\n            <td>M\u00e1xima velocidad:<\/td><td>&gt;50 km\/h<\/td>        <\/tr>\n            <tr data-row_id=\"798\" class=\"ninja_table_row_8 nt_row_id_798\">\n            <td>Voltaje:<\/td><td>48V<\/td>        <\/tr>\n            <tr data-row_id=\"799\" class=\"ninja_table_row_9 nt_row_id_799\">\n            <td>Fuente de alimentaci\u00f3n:<\/td><td>Bater\u00eda de Litio<\/td>        <\/tr>\n            <tr data-row_id=\"800\" class=\"ninja_table_row_10 nt_row_id_800\">\n            <td>Motor:<\/td><td>sin escobillas<\/td>        <\/tr>\n            <tr data-row_id=\"801\" class=\"ninja_table_row_11 nt_row_id_801\">\n            <td>Certificaci\u00f3n:<\/td><td>ce<\/td>        <\/tr>\n            <tr data-row_id=\"802\" class=\"ninja_table_row_12 nt_row_id_802\">\n            <td>Plegable:<\/td><td>NO<\/td>        <\/tr>\n            <tr data-row_id=\"803\" class=\"ninja_table_row_13 nt_row_id_803\">\n            <td>Peso:<\/td><td>27kg<\/td>        <\/tr>\n            <tr data-row_id=\"804\" class=\"ninja_table_row_14 nt_row_id_804\">\n            <td>Mostrar:<\/td><td>LCD<\/td>        <\/tr>\n            <tr data-row_id=\"805\" class=\"ninja_table_row_15 nt_row_id_805\">\n            <td>Marco:<\/td><td>Aleaci\u00f3n de aluminio 6061<\/td>        <\/tr>\n            <tr data-row_id=\"806\" class=\"ninja_table_row_16 nt_row_id_806\">\n            <td>Tiempo de carga:<\/td><td>4-6 horas<\/td>        <\/tr>\n            <tr data-row_id=\"807\" class=\"ninja_table_row_17 nt_row_id_807\">\n            <td>Controlador:<\/td><td>Controlador integrado<\/td>        <\/tr>\n            <tr data-row_id=\"808\" class=\"ninja_table_row_18 nt_row_id_808\">\n            <td>Fuerza de motor:<\/td><td>250W\/350W\/500W\/750W\/1000W<\/td>        <\/tr>\n            <tr data-row_id=\"809\" class=\"ninja_table_row_19 nt_row_id_809\">\n            <td>Bater\u00eda:<\/td><td>Bater\u00eda de iones de litio<\/td>        <\/tr>\n            <tr data-row_id=\"810\" class=\"ninja_table_row_20 nt_row_id_810\">\n            <td>Carga maxima:<\/td><td>120kg<\/td>        <\/tr>\n    <\/tbody><!--ninja_tobody_rendering_done-->\n    <\/table>\n    \n    \n    \n<\/div>\n\n<h3>Capacidad de suministro<\/h3>\n<p>2000 pieza\/piezas por mes<\/p>\n<h3>Empaquetado y entrega<\/h3>\n<p>Detalles de empaquetado: Tama\u00f1os de cart\u00f3n: 155*77*27cm<br \/>\nContenedor: 65 piezas\/20 pies; 180 piezas\/40hq<br \/>\nPuerto: Ningbo o Shanghai<br \/>\nTiempo de espera:<div id=\"footable_parent_867\"\n         class=\"footable_parent ninja_table_wrapper loading_ninja_table wp_table_data_press_parent semantic_ui\">\n                <table data-ninja_table_instance=\"ninja_table_instance_2\" data-footable_id=\"867\" data-filter-delay=\"1000\" aria-label=\"PACK08.csv\"            id=\"footable_867\"\n           data-unique_identifier=\"ninja_table_unique_id_2308163783_867\"\n           class=\"foo-table ninja_footable foo_table_867 ninja_table_unique_id_2308163783_867 ui table  nt_type_legacy_table selectable striped vertical_centered  footable-paging-right ninja_table_pro\">\n                <colgroup>\n                            <col class=\"ninja_column_0\">\n                            <col class=\"ninja_column_1\">\n                            <col class=\"ninja_column_2\">\n                    <\/colgroup>\n        <thead>\n<tr class=\"footable-header\">\n                                                        <th scope=\"col\"  class=\"ninja_column_0 ninja_clmn_nm_quantitypieces\">Cantidad (piezas)<\/th><th scope=\"col\"  class=\"ninja_column_1 ninja_clmn_nm_11\">1\u00a0-\u00a010<\/th><th scope=\"col\"  class=\"ninja_column_2 ninja_clmn_nm_1\">>10<\/th><\/tr>\n<\/thead>\n<tbody>\n\n        <tr data-row_id=\"789\" class=\"ninja_table_row_0 nt_row_id_789\">\n            <td>Plazo de ejecuci\u00f3n (d\u00edas)<\/td><td>45<\/td><td>Ser negociado<\/td>        <\/tr>\n    <\/tbody><!--ninja_tobody_rendering_done-->\n    <\/table>\n    \n    \n    \n<\/div>\n<\/p>\n<h3>Imagen de embalaje<\/h3>\n<p><img fetchpriority=\"high\" decoding=\"async\" class=\"size-full wp-image-3553\" src=\"https:\/\/bglbike.com\/wp-content\/uploads\/2023\/04\/EBB05-1.png\" alt=\"Imagen de embalaje\" width=\"600\" height=\"600\" srcset=\"https:\/\/bglbike.com\/wp-content\/uploads\/2023\/04\/EBB05-1.png 600w, https:\/\/bglbike.com\/wp-content\/uploads\/2023\/04\/EBB05-1-300x300.png 300w, https:\/\/bglbike.com\/wp-content\/uploads\/2023\/04\/EBB05-1-150x150.png 150w, https:\/\/bglbike.com\/wp-content\/uploads\/2023\/04\/EBB05-1-12x12.png 12w, https:\/\/bglbike.com\/wp-content\/uploads\/2023\/04\/EBB05-1-200x200.png 200w, https:\/\/bglbike.com\/wp-content\/uploads\/2023\/04\/EBB05-1-100x100.png 100w\" sizes=\"(max-width: 600px) 100vw, 600px\" \/><\/p>\n<h3>Preguntas frecuentes sobre Fat Bike el\u00e9ctrica ATV15 con motor de 1000 W y bater\u00eda de iones de litio de 48 V Autonom\u00eda de 25 a 45 millas<\/h3>\n<p>&nbsp;<\/p>\n<p><strong>1. \u00bfQu\u00e9 tipo de bater\u00eda utiliza la Fat Bike el\u00e9ctrica ATV15 con motor de 1000 W y bater\u00eda de iones de litio de 48 V con autonom\u00eda de 25 a 45 millas?<\/strong><br \/>\nLa Fat Bike el\u00e9ctrica ATV15 con motor de 1000 W y bater\u00eda de iones de litio de 48 V de 25 a 45 millas de alcance alimentada por una bater\u00eda de iones de litio, que ofrece potencia duradera y una conducci\u00f3n confiable. La bater\u00eda es extra\u00edble, por lo que es f\u00e1cil de cargar en cualquier lugar.<\/p>\n<p><strong>2. \u00bfTiene la bicicleta alguna caracter\u00edstica adicional?<\/strong><br \/>\nS\u00ed, el ATV15 viene con varias caracter\u00edsticas, que incluyen suspensi\u00f3n de horquilla hidr\u00e1ulica para mayor comodidad y control, pantalla LCD con veloc\u00edmetro y medidor de distancia, dos frenos independientes para mayor seguridad, altura del sill\u00edn y posici\u00f3n del manillar ajustables para un ajuste \u00f3ptimo, configuraciones ajustables del nivel de asistencia del pedal para preferencias personales, as\u00ed como luz delantera, luz trasera y reflectores para ayudar a mejorar la visibilidad en condiciones de poca luz.<\/p>\n<p><strong>3. \u00bfSe requiere alg\u00fan mantenimiento?<\/strong><br \/>\nLa Fat Bike el\u00e9ctrica ATV15 con motor de 1000 W y bater\u00eda de iones de litio de 48 V con un alcance de 25 a 45 millas requiere un mantenimiento m\u00ednimo, como controles peri\u00f3dicos de la presi\u00f3n de los neum\u00e1ticos y limpieza de las pastillas o los discos de freno cuando sea necesario. La duraci\u00f3n de la bater\u00eda tambi\u00e9n debe controlarse peri\u00f3dicamente para garantizar un rendimiento y una autonom\u00eda \u00f3ptimos de su fat bike-ATV15 el\u00e9ctrica.<\/p>","protected":false},"excerpt":{"rendered":"<p>Vive la mejor experiencia de conducci\u00f3n todoterreno con el<strong> Fat Bike el\u00e9ctrica ATV15 con motor de 1000 W y bater\u00eda de iones de litio de 48 V, rango de 25 a 45 millas<\/strong>! Esta fat bike el\u00e9ctrica avanzada ha sido dise\u00f1ada para brindar comodidad y potencia, lo que le permite enfrentarse a cualquier terreno. Su marco liviano y su potente motor brindan la m\u00e1xima velocidad y potencia, mientras que las luces LED integradas ofrecen una visibilidad superior en todas las condiciones. Adem\u00e1s, el controlador integrado garantiza un control de parada fiable incluso cuando las condiciones de la carretera se vuelven dif\u00edciles. Y con su dise\u00f1o plegable, puede guardarlo f\u00e1cilmente cuando no est\u00e9 en uso sin dejar de tener mucha libertad de movimiento. \u00a1Lleva tus aventuras todoterreno al siguiente nivel con el ATV15!<\/p>","protected":false},"featured_media":3894,"template":"","meta":{"site-sidebar-layout":"default","site-content-layout":"default","ast-site-content-layout":"default","site-content-style":"default","site-sidebar-style":"default","ast-global-header-display":"","ast-banner-title-visibility":"","ast-main-header-display":"","ast-hfb-above-header-display":"","ast-hfb-below-header-display":"","ast-hfb-mobile-header-display":"","site-post-title":"","ast-breadcrumbs-content":"","ast-featured-img":"","footer-sml-layout":"","ast-disable-related-posts":"","theme-transparent-header-meta":"default","adv-header-id-meta":"","stick-header-meta":"default","header-above-stick-meta":"","header-main-stick-meta":"","header-below-stick-meta":"","astra-migrate-meta-layouts":"default","ast-page-background-enabled":"default","ast-page-background-meta":{"desktop":{"background-color":"var(--ast-global-color-4)","background-image":"","background-repeat":"repeat","background-position":"center center","background-size":"auto","background-attachment":"scroll","background-type":"","background-media":"","overlay-type":"","overlay-color":"","overlay-opacity":"","overlay-gradient":""},"tablet":{"background-color":"","background-image":"","background-repeat":"repeat","background-position":"center center","background-size":"auto","background-attachment":"scroll","background-type":"","background-media":"","overlay-type":"","overlay-color":"","overlay-opacity":"","overlay-gradient":""},"mobile":{"background-color":"","background-image":"","background-repeat":"repeat","background-position":"center center","background-size":"auto","background-attachment":"scroll","background-type":"","background-media":"","overlay-type":"","overlay-color":"","overlay-opacity":"","overlay-gradient":""}},"ast-content-background-meta":{"desktop":{"background-color":"var(--ast-global-color-5)","background-image":"","background-repeat":"repeat","background-position":"center center","background-size":"auto","background-attachment":"scroll","background-type":"","background-media":"","overlay-type":"","overlay-color":"","overlay-opacity":"","overlay-gradient":""},"tablet":{"background-color":"var(--ast-global-color-5)","background-image":"","background-repeat":"repeat","background-position":"center center","background-size":"auto","background-attachment":"scroll","background-type":"","background-media":"","overlay-type":"","overlay-color":"","overlay-opacity":"","overlay-gradient":""},"mobile":{"background-color":"var(--ast-global-color-5)","background-image":"","background-repeat":"repeat","background-position":"center center","background-size":"auto","background-attachment":"scroll","background-type":"","background-media":"","overlay-type":"","overlay-color":"","overlay-opacity":"","overlay-gradient":""}}},"product_brand":[],"product_cat":[23],"product_tag":[],"class_list":{"0":"post-855","1":"product","2":"type-product","3":"status-publish","4":"has-post-thumbnail","6":"product_cat-electric-fat-bike","7":"desktop-align-left","8":"tablet-align-left","9":"mobile-align-left","10":"ast-product-gallery-layout-horizontal-slider","11":"ast-product-gallery-with-no-image","12":"ast-product-single-variable","13":"ast-product-tabs-layout-horizontal","15":"first","16":"instock","17":"shipping-taxable","18":"purchasable","19":"product-type-variable"},"yoast_head":"<!-- This site is optimized with the Yoast SEO Premium plugin v20.9 (Yoast SEO v27.3) - https:\/\/yoast.com\/product\/yoast-seo-premium-wordpress\/ -->\n<title>ATV15 Electric Fat Bike with 1000W Motor and 48V Lithium-Ion Battery 25-45 Mile Range - Bglbike<\/title>\n<meta name=\"description\" content=\"with its comfortable seat and easy-to-use controls, this bike is perfect for anyone looking for a fun and adventurous ride.\" \/>\n<meta name=\"robots\" content=\"index, follow, max-snippet:-1, max-image-preview:large, max-video-preview:-1\" \/>\n<link rel=\"canonical\" href=\"https:\/\/bglbike.com\/es\/producto\/atv15\/\" \/>\n<meta property=\"og:locale\" content=\"es_ES\" \/>\n<meta property=\"og:type\" content=\"article\" \/>\n<meta property=\"og:title\" content=\"ATV15 Electric Fat Bike with 1000W Motor and 48V Lithium-Ion Battery 25-45 Mile Range\" \/>\n<meta property=\"og:description\" content=\"with its comfortable seat and easy-to-use controls, this bike is perfect for anyone looking for a fun and adventurous ride.\" \/>\n<meta property=\"og:url\" content=\"https:\/\/bglbike.com\/es\/producto\/atv15\/\" \/>\n<meta property=\"og:site_name\" content=\"Bglbike\" \/>\n<meta property=\"article:modified_time\" content=\"2023-05-31T02:32:19+00:00\" \/>\n<meta property=\"og:image\" content=\"https:\/\/bglbike.com\/wp-content\/uploads\/2023\/04\/1-74.png\" \/>\n\t<meta property=\"og:image:width\" content=\"600\" \/>\n\t<meta property=\"og:image:height\" content=\"600\" \/>\n\t<meta property=\"og:image:type\" content=\"image\/png\" \/>\n<meta name=\"twitter:card\" content=\"summary_large_image\" \/>\n<meta name=\"twitter:label1\" content=\"Tiempo de lectura\" \/>\n\t<meta name=\"twitter:data1\" content=\"2 minutos\" \/>\n<script type=\"application\/ld+json\" class=\"yoast-schema-graph\">{\"@context\":\"https:\\\/\\\/schema.org\",\"@graph\":[{\"@type\":\"WebPage\",\"@id\":\"https:\\\/\\\/bglbike.com\\\/product\\\/atv15\\\/\",\"url\":\"https:\\\/\\\/bglbike.com\\\/product\\\/atv15\\\/\",\"name\":\"ATV15 Electric Fat Bike with 1000W Motor and 48V Lithium-Ion Battery 25-45 Mile Range - Bglbike\",\"isPartOf\":{\"@id\":\"https:\\\/\\\/bglbike.com\\\/#website\"},\"primaryImageOfPage\":{\"@id\":\"https:\\\/\\\/bglbike.com\\\/product\\\/atv15\\\/#primaryimage\"},\"image\":{\"@id\":\"https:\\\/\\\/bglbike.com\\\/product\\\/atv15\\\/#primaryimage\"},\"thumbnailUrl\":\"https:\\\/\\\/bglbike.com\\\/wp-content\\\/uploads\\\/2023\\\/04\\\/1-74.png\",\"datePublished\":\"2023-04-03T05:18:44+00:00\",\"dateModified\":\"2023-05-31T02:32:19+00:00\",\"description\":\"with its comfortable seat and easy-to-use controls, this bike is perfect for anyone looking for a fun and adventurous ride.\",\"breadcrumb\":{\"@id\":\"https:\\\/\\\/bglbike.com\\\/product\\\/atv15\\\/#breadcrumb\"},\"inLanguage\":\"es\",\"potentialAction\":[{\"@type\":\"ReadAction\",\"target\":[\"https:\\\/\\\/bglbike.com\\\/product\\\/atv15\\\/\"]}]},{\"@type\":\"ImageObject\",\"inLanguage\":\"es\",\"@id\":\"https:\\\/\\\/bglbike.com\\\/product\\\/atv15\\\/#primaryimage\",\"url\":\"https:\\\/\\\/bglbike.com\\\/wp-content\\\/uploads\\\/2023\\\/04\\\/1-74.png\",\"contentUrl\":\"https:\\\/\\\/bglbike.com\\\/wp-content\\\/uploads\\\/2023\\\/04\\\/1-74.png\",\"width\":600,\"height\":600,\"caption\":\"ATV15\"},{\"@type\":\"BreadcrumbList\",\"@id\":\"https:\\\/\\\/bglbike.com\\\/product\\\/atv15\\\/#breadcrumb\",\"itemListElement\":[{\"@type\":\"ListItem\",\"position\":1,\"name\":\"Home\",\"item\":\"https:\\\/\\\/bglbike.com\\\/\"},{\"@type\":\"ListItem\",\"position\":2,\"name\":\"Wholesale Electric Bike\",\"item\":\"https:\\\/\\\/bglbike.com\\\/wholesale-electric-bike\\\/\"},{\"@type\":\"ListItem\",\"position\":3,\"name\":\"ATV15 Electric Fat Bike with 1000W Motor and 48V Lithium-Ion Battery 25-45 Mile Range\"}]},{\"@type\":\"WebSite\",\"@id\":\"https:\\\/\\\/bglbike.com\\\/#website\",\"url\":\"https:\\\/\\\/bglbike.com\\\/\",\"name\":\"Bglbike\",\"description\":\"Top  Ebike manufacturer in China\",\"publisher\":{\"@id\":\"https:\\\/\\\/bglbike.com\\\/#organization\"},\"potentialAction\":[{\"@type\":\"SearchAction\",\"target\":{\"@type\":\"EntryPoint\",\"urlTemplate\":\"https:\\\/\\\/bglbike.com\\\/?s={search_term_string}\"},\"query-input\":{\"@type\":\"PropertyValueSpecification\",\"valueRequired\":true,\"valueName\":\"search_term_string\"}}],\"inLanguage\":\"es\"},{\"@type\":\"Organization\",\"@id\":\"https:\\\/\\\/bglbike.com\\\/#organization\",\"name\":\"Bglbike\",\"url\":\"https:\\\/\\\/bglbike.com\\\/\",\"logo\":{\"@type\":\"ImageObject\",\"inLanguage\":\"es\",\"@id\":\"https:\\\/\\\/bglbike.com\\\/#\\\/schema\\\/logo\\\/image\\\/\",\"url\":\"https:\\\/\\\/bglbike.com\\\/wp-content\\\/uploads\\\/2023\\\/04\\\/cropped-LOGO.png\",\"contentUrl\":\"https:\\\/\\\/bglbike.com\\\/wp-content\\\/uploads\\\/2023\\\/04\\\/cropped-LOGO.png\",\"width\":426,\"height\":141,\"caption\":\"Bglbike\"},\"image\":{\"@id\":\"https:\\\/\\\/bglbike.com\\\/#\\\/schema\\\/logo\\\/image\\\/\"}}]}<\/script>\n<!-- \/ Yoast SEO Premium plugin. -->","yoast_head_json":{"title":"ATV15 Electric Fat Bike with 1000W Motor and 48V Lithium-Ion Battery 25-45 Mile Range - Bglbike","description":"with its comfortable seat and easy-to-use controls, this bike is perfect for anyone looking for a fun and adventurous ride.","robots":{"index":"index","follow":"follow","max-snippet":"max-snippet:-1","max-image-preview":"max-image-preview:large","max-video-preview":"max-video-preview:-1"},"canonical":"https:\/\/bglbike.com\/es\/producto\/atv15\/","og_locale":"es_ES","og_type":"article","og_title":"ATV15 Electric Fat Bike with 1000W Motor and 48V Lithium-Ion Battery 25-45 Mile Range","og_description":"with its comfortable seat and easy-to-use controls, this bike is perfect for anyone looking for a fun and adventurous ride.","og_url":"https:\/\/bglbike.com\/es\/producto\/atv15\/","og_site_name":"Bglbike","article_modified_time":"2023-05-31T02:32:19+00:00","og_image":[{"width":600,"height":600,"url":"https:\/\/bglbike.com\/wp-content\/uploads\/2023\/04\/1-74.png","type":"image\/png"}],"twitter_card":"summary_large_image","twitter_misc":{"Tiempo de lectura":"2 minutos"},"schema":{"@context":"https:\/\/schema.org","@graph":[{"@type":"WebPage","@id":"https:\/\/bglbike.com\/product\/atv15\/","url":"https:\/\/bglbike.com\/product\/atv15\/","name":"ATV15 Electric Fat Bike with 1000W Motor and 48V Lithium-Ion Battery 25-45 Mile Range - Bglbike","isPartOf":{"@id":"https:\/\/bglbike.com\/#website"},"primaryImageOfPage":{"@id":"https:\/\/bglbike.com\/product\/atv15\/#primaryimage"},"image":{"@id":"https:\/\/bglbike.com\/product\/atv15\/#primaryimage"},"thumbnailUrl":"https:\/\/bglbike.com\/wp-content\/uploads\/2023\/04\/1-74.png","datePublished":"2023-04-03T05:18:44+00:00","dateModified":"2023-05-31T02:32:19+00:00","description":"with its comfortable seat and easy-to-use controls, this bike is perfect for anyone looking for a fun and adventurous ride.","breadcrumb":{"@id":"https:\/\/bglbike.com\/product\/atv15\/#breadcrumb"},"inLanguage":"es","potentialAction":[{"@type":"ReadAction","target":["https:\/\/bglbike.com\/product\/atv15\/"]}]},{"@type":"ImageObject","inLanguage":"es","@id":"https:\/\/bglbike.com\/product\/atv15\/#primaryimage","url":"https:\/\/bglbike.com\/wp-content\/uploads\/2023\/04\/1-74.png","contentUrl":"https:\/\/bglbike.com\/wp-content\/uploads\/2023\/04\/1-74.png","width":600,"height":600,"caption":"ATV15"},{"@type":"BreadcrumbList","@id":"https:\/\/bglbike.com\/product\/atv15\/#breadcrumb","itemListElement":[{"@type":"ListItem","position":1,"name":"Home","item":"https:\/\/bglbike.com\/"},{"@type":"ListItem","position":2,"name":"Wholesale Electric Bike","item":"https:\/\/bglbike.com\/wholesale-electric-bike\/"},{"@type":"ListItem","position":3,"name":"ATV15 Electric Fat Bike with 1000W Motor and 48V Lithium-Ion Battery 25-45 Mile Range"}]},{"@type":"WebSite","@id":"https:\/\/bglbike.com\/#website","url":"https:\/\/bglbike.com\/","name":"Bglbike","description":"Top  Ebike manufacturer in China","publisher":{"@id":"https:\/\/bglbike.com\/#organization"},"potentialAction":[{"@type":"SearchAction","target":{"@type":"EntryPoint","urlTemplate":"https:\/\/bglbike.com\/?s={search_term_string}"},"query-input":{"@type":"PropertyValueSpecification","valueRequired":true,"valueName":"search_term_string"}}],"inLanguage":"es"},{"@type":"Organization","@id":"https:\/\/bglbike.com\/#organization","name":"Bglbike","url":"https:\/\/bglbike.com\/","logo":{"@type":"ImageObject","inLanguage":"es","@id":"https:\/\/bglbike.com\/#\/schema\/logo\/image\/","url":"https:\/\/bglbike.com\/wp-content\/uploads\/2023\/04\/cropped-LOGO.png","contentUrl":"https:\/\/bglbike.com\/wp-content\/uploads\/2023\/04\/cropped-LOGO.png","width":426,"height":141,"caption":"Bglbike"},"image":{"@id":"https:\/\/bglbike.com\/#\/schema\/logo\/image\/"}}]}},"_links":{"self":[{"href":"https:\/\/bglbike.com\/es\/wp-json\/wp\/v2\/product\/855","targetHints":{"allow":["GET"]}}],"collection":[{"href":"https:\/\/bglbike.com\/es\/wp-json\/wp\/v2\/product"}],"about":[{"href":"https:\/\/bglbike.com\/es\/wp-json\/wp\/v2\/types\/product"}],"wp:featuredmedia":[{"embeddable":true,"href":"https:\/\/bglbike.com\/es\/wp-json\/wp\/v2\/media\/3894"}],"wp:attachment":[{"href":"https:\/\/bglbike.com\/es\/wp-json\/wp\/v2\/media?parent=855"}],"wp:term":[{"taxonomy":"product_brand","embeddable":true,"href":"https:\/\/bglbike.com\/es\/wp-json\/wp\/v2\/product_brand?post=855"},{"taxonomy":"product_cat","embeddable":true,"href":"https:\/\/bglbike.com\/es\/wp-json\/wp\/v2\/product_cat?post=855"},{"taxonomy":"product_tag","embeddable":true,"href":"https:\/\/bglbike.com\/es\/wp-json\/wp\/v2\/product_tag?post=855"}],"curies":[{"name":"wp","href":"https:\/\/api.w.org\/{rel}","templated":true}]}}