{"id":844,"date":"2023-04-03T04:08:08","date_gmt":"2023-04-03T04:08:08","guid":{"rendered":"https:\/\/bglbike.com\/?post_type=product&#038;p=844"},"modified":"2024-01-05T04:18:26","modified_gmt":"2024-01-05T04:18:26","slug":"atv13","status":"publish","type":"product","link":"https:\/\/bglbike.com\/es\/producto\/atv13\/","title":{"rendered":"Fat Bike el\u00e9ctrica ATV13 con horquilla de suspensi\u00f3n completa y motor Bafang de 48 V"},"content":{"rendered":"<h3>Especificaciones del producto<\/h3>\n<div id=\"footable_parent_864\"\n         class=\"footable_parent ninja_table_wrapper loading_ninja_table wp_table_data_press_parent semantic_ui\">\n                <table data-ninja_table_instance=\"ninja_table_instance_0\" data-footable_id=\"864\" data-filter-delay=\"1000\" aria-label=\"ATV13-.csv\"            id=\"footable_864\"\n           data-unique_identifier=\"ninja_table_unique_id_1359460568_864\"\n           class=\"foo-table ninja_footable foo_table_864 ninja_table_unique_id_1359460568_864 ui table  nt_type_legacy_table selectable striped vertical_centered  footable-paging-right ninja_table_pro\">\n                <colgroup>\n                            <col class=\"ninja_column_0\">\n                            <col class=\"ninja_column_1\">\n                            <col class=\"ninja_column_2\">\n                    <\/colgroup>\n        <thead>\n<tr class=\"footable-header\">\n                                                        <th scope=\"col\"  class=\"ninja_column_0 ninja_clmn_nm_frame\">Marco<\/th><th scope=\"col\"  class=\"ninja_column_1 ninja_clmn_nm_alluminumalloy661\">Aleaci\u00f3n de aluminio 6061<\/th><th scope=\"col\"  class=\"ninja_column_2 ninja_clmn_nm_ninja_column_3\"><\/th><\/tr>\n<\/thead>\n<tbody>\n\n        <tr data-row_id=\"763\" class=\"ninja_table_row_0 nt_row_id_763\">\n            <td>Bater\u00eda<\/td><td>Bater\u00eda \u00fanica y doble de litio LG de 48 V [10 Ah ~ 20 Ah]<\/td><td><\/td>        <\/tr>\n            <tr data-row_id=\"764\" class=\"ninja_table_row_1 nt_row_id_764\">\n            <td>Motor<\/td><td>48V Bafang 350W\/500W\/750W\/1000W Motor simple y doble<\/td><td><\/td>        <\/tr>\n            <tr data-row_id=\"765\" class=\"ninja_table_row_2 nt_row_id_765\">\n            <td>Neum\u00e1tico<\/td><td>Neum\u00e1tico ancho Kenda 20&#039;&#039;*4.0<\/td><td><\/td>        <\/tr>\n            <tr data-row_id=\"766\" class=\"ninja_table_row_3 nt_row_id_766\">\n            <td>Freno<\/td><td>Freno de disco mec\u00e1nico\/hidr\u00e1ulico<\/td><td><\/td>        <\/tr>\n            <tr data-row_id=\"767\" class=\"ninja_table_row_4 nt_row_id_767\">\n            <td>Engranajes<\/td><td>Shimano de 7 velocidades<\/td><td><\/td>        <\/tr>\n            <tr data-row_id=\"768\" class=\"ninja_table_row_5 nt_row_id_768\">\n            <td>Controlador<\/td><td>Sin escobillas inteligente de 48 V<\/td><td><\/td>        <\/tr>\n            <tr data-row_id=\"769\" class=\"ninja_table_row_6 nt_row_id_769\">\n            <td>Tenedor<\/td><td>Horquilla de suspensi\u00f3n completa<\/td><td><\/td>        <\/tr>\n            <tr data-row_id=\"770\" class=\"ninja_table_row_7 nt_row_id_770\">\n            <td>Rango<\/td><td>55Kms<\/td><td><\/td>        <\/tr>\n            <tr data-row_id=\"771\" class=\"ninja_table_row_8 nt_row_id_771\">\n            <td>Capacidad de carga<\/td><td>85Kgs<\/td><td><\/td>        <\/tr>\n            <tr data-row_id=\"772\" class=\"ninja_table_row_9 nt_row_id_772\">\n            <td>Tama\u00f1o del cart\u00f3n exterior<\/td><td>155*30*96cm<\/td><td><\/td>        <\/tr>\n            <tr data-row_id=\"773\" class=\"ninja_table_row_10 nt_row_id_773\">\n            <td>Cantidad de contenedores<\/td><td>90 piezas\/20 pies; 120 piezas\/40 pies<\/td><td><\/td>        <\/tr>\n            <tr data-row_id=\"774\" class=\"ninja_table_row_11 nt_row_id_774\">\n            <td>Mostrar<\/td><td>LCD\/LED<\/td><td><\/td>        <\/tr>\n    <\/tbody><!--ninja_tobody_rendering_done-->\n    <\/table>\n    \n    \n    \n<\/div>\n\n<h3>Capacidad de suministro<\/h3>\n<p>20000 piezas\/piezas por mes<\/p>\n<h3>Empaquetado y entrega<\/h3>\n<p>Detalles de empaquetado: espuma con cajas de cart\u00f3n.<br \/>\nPuerto: Ning Bo o Shangh\u00e1i<br \/>\nTiempo de espera:<div id=\"footable_parent_865\"\n         class=\"footable_parent ninja_table_wrapper loading_ninja_table wp_table_data_press_parent semantic_ui\">\n                <table data-ninja_table_instance=\"ninja_table_instance_1\" data-footable_id=\"865\" data-filter-delay=\"1000\" aria-label=\"EBB.csv\"            id=\"footable_865\"\n           data-unique_identifier=\"ninja_table_unique_id_3090579270_865\"\n           class=\"foo-table ninja_footable foo_table_865 ninja_table_unique_id_3090579270_865 ui table  nt_type_legacy_table selectable striped vertical_centered  footable-paging-right ninja_table_pro\">\n                <colgroup>\n                            <col class=\"ninja_column_0\">\n                            <col class=\"ninja_column_1\">\n                            <col class=\"ninja_column_2\">\n                            <col class=\"ninja_column_3\">\n                    <\/colgroup>\n        <thead>\n<tr class=\"footable-header\">\n                                                                        <th scope=\"col\"  class=\"ninja_column_0 ninja_clmn_nm_quantitypieces\">Cantidad (piezas)<\/th><th scope=\"col\"  class=\"ninja_column_1 ninja_clmn_nm_11\">1-1<\/th><th scope=\"col\"  class=\"ninja_column_2 ninja_clmn_nm_22\">2-20<\/th><th scope=\"col\"  class=\"ninja_column_3 ninja_clmn_nm_2\">&gt;20<\/th><\/tr>\n<\/thead>\n<tbody>\n\n        <tr data-row_id=\"775\" class=\"ninja_table_row_0 nt_row_id_775\">\n            <td>Plazo de ejecuci\u00f3n (d\u00edas)<\/td><td>7<\/td><td>15<\/td><td>Ser negociado<\/td>        <\/tr>\n    <\/tbody><!--ninja_tobody_rendering_done-->\n    <\/table>\n    \n    \n    \n<\/div>\n<\/p>\n<h3>Imagen de detalle<\/h3>\n<p><img fetchpriority=\"high\" decoding=\"async\" class=\"size-full wp-image-3560\" src=\"https:\/\/bglbike.com\/wp-content\/uploads\/2023\/04\/333-4.png\" alt=\"1\" width=\"600\" height=\"201\" srcset=\"https:\/\/bglbike.com\/wp-content\/uploads\/2023\/04\/333-4.png 600w, https:\/\/bglbike.com\/wp-content\/uploads\/2023\/04\/333-4-300x101.png 300w, https:\/\/bglbike.com\/wp-content\/uploads\/2023\/04\/333-4-18x6.png 18w, https:\/\/bglbike.com\/wp-content\/uploads\/2023\/04\/333-4-250x84.png 250w\" sizes=\"(max-width: 600px) 100vw, 600px\" \/><\/p>\n<h3>Fat Bike el\u00e9ctrica ATV13 con horquilla de suspensi\u00f3n completa y motor Bafang de 48 V<\/h3>\n<p>&nbsp;<\/p>\n<p><strong>1. \u00bfCu\u00e1les son los beneficios de una Fat Bike el\u00e9ctrica ATV13 con horquilla de suspensi\u00f3n total y motor Bafang de 48 V?<\/strong><br \/>\nTiene un motor el\u00e9ctrico integrado, que proporciona una potencia potente y sensible para acelerar r\u00e1pidamente y subir pendientes. Tambi\u00e9n tiene una bater\u00eda de gran capacidad que puede ser de 31 km-60 km. Depende de la autonom\u00eda con una sola carga y se puede recargar f\u00e1cilmente con el cargador incluido en 4-6 horas.<\/p>\n<p><strong>2. \u00bfCu\u00e1l es la durabilidad de la Fat Bike el\u00e9ctrica ATV13 con horquilla de suspensi\u00f3n total y motor Bafang de 48 V?<\/strong><br \/>\nLa Fat Bike el\u00e9ctrica ATV13 con horquilla de suspensi\u00f3n total y motor Bafang de 48 V tiene componentes y materiales de alta calidad para soportar condiciones adversas, lo que garantiza a\u00f1os de rendimiento confiable. El marco est\u00e1 hecho de una aleaci\u00f3n de aluminio de grado aeron\u00e1utico que es liviano pero lo suficientemente fuerte para manejar cualquier terreno en el que pueda estar montando.<\/p>\n<p><strong>3. \u00bfQu\u00e9 caracter\u00edsticas de seguridad tiene el Electric Fat bike-ATV13?<\/strong><br \/>\nATV13 tiene numerosas caracter\u00edsticas de seguridad, incluido un sistema de freno de disco doble para una potencia de frenado \u00f3ptima en condiciones h\u00famedas o secas. Todas estas caracter\u00edsticas garantizan su seguridad mientras dependen de cualquier terreno durante todas las condiciones clim\u00e1ticas.<\/p>\n<p><strong>4. \u00bfCu\u00e1les son algunos consejos para el mantenimiento de mi Fatbike el\u00e9ctrica ATV13?<\/strong><br \/>\nEs importante realizar controles de mantenimiento peri\u00f3dicos, como inspeccionar todos los pernos y tornillos para comprobar que est\u00e9n apretados, comprobar la presi\u00f3n de los neum\u00e1ticos peri\u00f3dicamente, lubricar las piezas m\u00f3viles, como cadenas y frenos, cada pocos meses, limpiar peri\u00f3dicamente el barro o la suciedad de las piezas expuestas con un jab\u00f3n suave, etc.<\/p>","protected":false},"excerpt":{"rendered":"<p>\u00a1Prep\u00e1rate para una experiencia \u00e9pica de conducci\u00f3n todoterreno con ATV13! Esta fat bike el\u00e9ctrica de pr\u00f3xima generaci\u00f3n ha sido dise\u00f1ada para brindar comodidad y potencia, lo que la hace perfecta para cualquier terreno. Su marco liviano y su potente motor garantizan la m\u00e1xima velocidad y potencia, mientras que las luces LED integradas brindan una visibilidad superior en todas las condiciones. Adem\u00e1s, los frenos de disco garantizan un control de frenado fiable incluso cuando las condiciones de la carretera se vuelven dif\u00edciles. Conquista senderos y alcanza nuevas alturas con <strong>Fat Bike el\u00e9ctrica ATV13 con horquilla de suspensi\u00f3n completa y motor Bafang de 48 V<\/strong>!<\/p>","protected":false},"featured_media":4635,"template":"","meta":{"site-sidebar-layout":"default","site-content-layout":"default","ast-site-content-layout":"default","site-content-style":"default","site-sidebar-style":"default","ast-global-header-display":"","ast-banner-title-visibility":"","ast-main-header-display":"","ast-hfb-above-header-display":"","ast-hfb-below-header-display":"","ast-hfb-mobile-header-display":"","site-post-title":"","ast-breadcrumbs-content":"","ast-featured-img":"","footer-sml-layout":"","ast-disable-related-posts":"","theme-transparent-header-meta":"default","adv-header-id-meta":"","stick-header-meta":"default","header-above-stick-meta":"","header-main-stick-meta":"","header-below-stick-meta":"","astra-migrate-meta-layouts":"set","ast-page-background-enabled":"default","ast-page-background-meta":{"desktop":{"background-color":"var(--ast-global-color-4)","background-image":"","background-repeat":"repeat","background-position":"center center","background-size":"auto","background-attachment":"scroll","background-type":"","background-media":"","overlay-type":"","overlay-color":"","overlay-opacity":"","overlay-gradient":""},"tablet":{"background-color":"","background-image":"","background-repeat":"repeat","background-position":"center center","background-size":"auto","background-attachment":"scroll","background-type":"","background-media":"","overlay-type":"","overlay-color":"","overlay-opacity":"","overlay-gradient":""},"mobile":{"background-color":"","background-image":"","background-repeat":"repeat","background-position":"center center","background-size":"auto","background-attachment":"scroll","background-type":"","background-media":"","overlay-type":"","overlay-color":"","overlay-opacity":"","overlay-gradient":""}},"ast-content-background-meta":{"desktop":{"background-color":"var(--ast-global-color-5)","background-image":"","background-repeat":"repeat","background-position":"center center","background-size":"auto","background-attachment":"scroll","background-type":"","background-media":"","overlay-type":"","overlay-color":"","overlay-opacity":"","overlay-gradient":""},"tablet":{"background-color":"var(--ast-global-color-5)","background-image":"","background-repeat":"repeat","background-position":"center center","background-size":"auto","background-attachment":"scroll","background-type":"","background-media":"","overlay-type":"","overlay-color":"","overlay-opacity":"","overlay-gradient":""},"mobile":{"background-color":"var(--ast-global-color-5)","background-image":"","background-repeat":"repeat","background-position":"center center","background-size":"auto","background-attachment":"scroll","background-type":"","background-media":"","overlay-type":"","overlay-color":"","overlay-opacity":"","overlay-gradient":""}}},"product_brand":[],"product_cat":[23],"product_tag":[],"class_list":{"0":"post-844","1":"product","2":"type-product","3":"status-publish","4":"has-post-thumbnail","6":"product_cat-electric-fat-bike","7":"desktop-align-left","8":"tablet-align-left","9":"mobile-align-left","10":"ast-product-gallery-layout-horizontal-slider","11":"ast-product-gallery-with-no-image","12":"ast-product-single-variable","13":"ast-product-tabs-layout-horizontal","15":"first","16":"instock","17":"shipping-taxable","18":"purchasable","19":"product-type-variable"},"yoast_head":"<!-- This site is optimized with the Yoast SEO Premium plugin v20.9 (Yoast SEO v27.3) - https:\/\/yoast.com\/product\/yoast-seo-premium-wordpress\/ -->\n<title>ATV13 Electric Fat Bike with Full Suspension Fork &amp; 48V Bafang Motor - Bglbike<\/title>\n<meta name=\"description\" content=\"It is the highest quality ATV13 on the market and it comes from China, so you can be sure you are getting a great product at an unbeatable price.\" \/>\n<meta name=\"robots\" content=\"index, follow, max-snippet:-1, max-image-preview:large, max-video-preview:-1\" \/>\n<link rel=\"canonical\" href=\"https:\/\/bglbike.com\/es\/producto\/atv13\/\" \/>\n<meta property=\"og:locale\" content=\"es_ES\" \/>\n<meta property=\"og:type\" content=\"article\" \/>\n<meta property=\"og:title\" content=\"ATV13 Electric Fat Bike with Full Suspension Fork &amp; 48V Bafang Motor\" \/>\n<meta property=\"og:description\" content=\"It is the highest quality ATV13 on the market and it comes from China, so you can be sure you are getting a great product at an unbeatable price.\" \/>\n<meta property=\"og:url\" content=\"https:\/\/bglbike.com\/es\/producto\/atv13\/\" \/>\n<meta property=\"og:site_name\" content=\"Bglbike\" \/>\n<meta property=\"article:modified_time\" content=\"2024-01-05T04:18:26+00:00\" \/>\n<meta property=\"og:image\" content=\"https:\/\/bglbike.com\/wp-content\/uploads\/2023\/04\/1-96.png\" \/>\n\t<meta property=\"og:image:width\" content=\"600\" \/>\n\t<meta property=\"og:image:height\" content=\"600\" \/>\n\t<meta property=\"og:image:type\" content=\"image\/png\" \/>\n<meta name=\"twitter:card\" content=\"summary_large_image\" \/>\n<meta name=\"twitter:label1\" content=\"Tiempo de lectura\" \/>\n\t<meta name=\"twitter:data1\" content=\"2 minutos\" \/>\n<script type=\"application\/ld+json\" class=\"yoast-schema-graph\">{\"@context\":\"https:\\\/\\\/schema.org\",\"@graph\":[{\"@type\":\"WebPage\",\"@id\":\"https:\\\/\\\/bglbike.com\\\/product\\\/atv13\\\/\",\"url\":\"https:\\\/\\\/bglbike.com\\\/product\\\/atv13\\\/\",\"name\":\"ATV13 Electric Fat Bike with Full Suspension Fork & 48V Bafang Motor - Bglbike\",\"isPartOf\":{\"@id\":\"https:\\\/\\\/bglbike.com\\\/#website\"},\"primaryImageOfPage\":{\"@id\":\"https:\\\/\\\/bglbike.com\\\/product\\\/atv13\\\/#primaryimage\"},\"image\":{\"@id\":\"https:\\\/\\\/bglbike.com\\\/product\\\/atv13\\\/#primaryimage\"},\"thumbnailUrl\":\"https:\\\/\\\/bglbike.com\\\/wp-content\\\/uploads\\\/2023\\\/04\\\/1-96.png\",\"datePublished\":\"2023-04-03T04:08:08+00:00\",\"dateModified\":\"2024-01-05T04:18:26+00:00\",\"description\":\"It is the highest quality ATV13 on the market and it comes from China, so you can be sure you are getting a great product at an unbeatable price.\",\"breadcrumb\":{\"@id\":\"https:\\\/\\\/bglbike.com\\\/product\\\/atv13\\\/#breadcrumb\"},\"inLanguage\":\"es\",\"potentialAction\":[{\"@type\":\"ReadAction\",\"target\":[\"https:\\\/\\\/bglbike.com\\\/product\\\/atv13\\\/\"]}]},{\"@type\":\"ImageObject\",\"inLanguage\":\"es\",\"@id\":\"https:\\\/\\\/bglbike.com\\\/product\\\/atv13\\\/#primaryimage\",\"url\":\"https:\\\/\\\/bglbike.com\\\/wp-content\\\/uploads\\\/2023\\\/04\\\/1-96.png\",\"contentUrl\":\"https:\\\/\\\/bglbike.com\\\/wp-content\\\/uploads\\\/2023\\\/04\\\/1-96.png\",\"width\":600,\"height\":600,\"caption\":\"ATV13\"},{\"@type\":\"BreadcrumbList\",\"@id\":\"https:\\\/\\\/bglbike.com\\\/product\\\/atv13\\\/#breadcrumb\",\"itemListElement\":[{\"@type\":\"ListItem\",\"position\":1,\"name\":\"Home\",\"item\":\"https:\\\/\\\/bglbike.com\\\/\"},{\"@type\":\"ListItem\",\"position\":2,\"name\":\"Wholesale Electric Bike\",\"item\":\"https:\\\/\\\/bglbike.com\\\/wholesale-electric-bike\\\/\"},{\"@type\":\"ListItem\",\"position\":3,\"name\":\"ATV13 Electric Fat Bike with Full Suspension Fork &#038; 48V Bafang Motor\"}]},{\"@type\":\"WebSite\",\"@id\":\"https:\\\/\\\/bglbike.com\\\/#website\",\"url\":\"https:\\\/\\\/bglbike.com\\\/\",\"name\":\"Bglbike\",\"description\":\"Top  Ebike manufacturer in China\",\"publisher\":{\"@id\":\"https:\\\/\\\/bglbike.com\\\/#organization\"},\"potentialAction\":[{\"@type\":\"SearchAction\",\"target\":{\"@type\":\"EntryPoint\",\"urlTemplate\":\"https:\\\/\\\/bglbike.com\\\/?s={search_term_string}\"},\"query-input\":{\"@type\":\"PropertyValueSpecification\",\"valueRequired\":true,\"valueName\":\"search_term_string\"}}],\"inLanguage\":\"es\"},{\"@type\":\"Organization\",\"@id\":\"https:\\\/\\\/bglbike.com\\\/#organization\",\"name\":\"Bglbike\",\"url\":\"https:\\\/\\\/bglbike.com\\\/\",\"logo\":{\"@type\":\"ImageObject\",\"inLanguage\":\"es\",\"@id\":\"https:\\\/\\\/bglbike.com\\\/#\\\/schema\\\/logo\\\/image\\\/\",\"url\":\"https:\\\/\\\/bglbike.com\\\/wp-content\\\/uploads\\\/2023\\\/04\\\/cropped-LOGO.png\",\"contentUrl\":\"https:\\\/\\\/bglbike.com\\\/wp-content\\\/uploads\\\/2023\\\/04\\\/cropped-LOGO.png\",\"width\":426,\"height\":141,\"caption\":\"Bglbike\"},\"image\":{\"@id\":\"https:\\\/\\\/bglbike.com\\\/#\\\/schema\\\/logo\\\/image\\\/\"}}]}<\/script>\n<!-- \/ Yoast SEO Premium plugin. -->","yoast_head_json":{"title":"ATV13 Electric Fat Bike with Full Suspension Fork & 48V Bafang Motor - Bglbike","description":"It is the highest quality ATV13 on the market and it comes from China, so you can be sure you are getting a great product at an unbeatable price.","robots":{"index":"index","follow":"follow","max-snippet":"max-snippet:-1","max-image-preview":"max-image-preview:large","max-video-preview":"max-video-preview:-1"},"canonical":"https:\/\/bglbike.com\/es\/producto\/atv13\/","og_locale":"es_ES","og_type":"article","og_title":"ATV13 Electric Fat Bike with Full Suspension Fork & 48V Bafang Motor","og_description":"It is the highest quality ATV13 on the market and it comes from China, so you can be sure you are getting a great product at an unbeatable price.","og_url":"https:\/\/bglbike.com\/es\/producto\/atv13\/","og_site_name":"Bglbike","article_modified_time":"2024-01-05T04:18:26+00:00","og_image":[{"width":600,"height":600,"url":"https:\/\/bglbike.com\/wp-content\/uploads\/2023\/04\/1-96.png","type":"image\/png"}],"twitter_card":"summary_large_image","twitter_misc":{"Tiempo de lectura":"2 minutos"},"schema":{"@context":"https:\/\/schema.org","@graph":[{"@type":"WebPage","@id":"https:\/\/bglbike.com\/product\/atv13\/","url":"https:\/\/bglbike.com\/product\/atv13\/","name":"ATV13 Electric Fat Bike with Full Suspension Fork & 48V Bafang Motor - Bglbike","isPartOf":{"@id":"https:\/\/bglbike.com\/#website"},"primaryImageOfPage":{"@id":"https:\/\/bglbike.com\/product\/atv13\/#primaryimage"},"image":{"@id":"https:\/\/bglbike.com\/product\/atv13\/#primaryimage"},"thumbnailUrl":"https:\/\/bglbike.com\/wp-content\/uploads\/2023\/04\/1-96.png","datePublished":"2023-04-03T04:08:08+00:00","dateModified":"2024-01-05T04:18:26+00:00","description":"It is the highest quality ATV13 on the market and it comes from China, so you can be sure you are getting a great product at an unbeatable price.","breadcrumb":{"@id":"https:\/\/bglbike.com\/product\/atv13\/#breadcrumb"},"inLanguage":"es","potentialAction":[{"@type":"ReadAction","target":["https:\/\/bglbike.com\/product\/atv13\/"]}]},{"@type":"ImageObject","inLanguage":"es","@id":"https:\/\/bglbike.com\/product\/atv13\/#primaryimage","url":"https:\/\/bglbike.com\/wp-content\/uploads\/2023\/04\/1-96.png","contentUrl":"https:\/\/bglbike.com\/wp-content\/uploads\/2023\/04\/1-96.png","width":600,"height":600,"caption":"ATV13"},{"@type":"BreadcrumbList","@id":"https:\/\/bglbike.com\/product\/atv13\/#breadcrumb","itemListElement":[{"@type":"ListItem","position":1,"name":"Home","item":"https:\/\/bglbike.com\/"},{"@type":"ListItem","position":2,"name":"Wholesale Electric Bike","item":"https:\/\/bglbike.com\/wholesale-electric-bike\/"},{"@type":"ListItem","position":3,"name":"ATV13 Electric Fat Bike with Full Suspension Fork &#038; 48V Bafang Motor"}]},{"@type":"WebSite","@id":"https:\/\/bglbike.com\/#website","url":"https:\/\/bglbike.com\/","name":"Bglbike","description":"Top  Ebike manufacturer in China","publisher":{"@id":"https:\/\/bglbike.com\/#organization"},"potentialAction":[{"@type":"SearchAction","target":{"@type":"EntryPoint","urlTemplate":"https:\/\/bglbike.com\/?s={search_term_string}"},"query-input":{"@type":"PropertyValueSpecification","valueRequired":true,"valueName":"search_term_string"}}],"inLanguage":"es"},{"@type":"Organization","@id":"https:\/\/bglbike.com\/#organization","name":"Bglbike","url":"https:\/\/bglbike.com\/","logo":{"@type":"ImageObject","inLanguage":"es","@id":"https:\/\/bglbike.com\/#\/schema\/logo\/image\/","url":"https:\/\/bglbike.com\/wp-content\/uploads\/2023\/04\/cropped-LOGO.png","contentUrl":"https:\/\/bglbike.com\/wp-content\/uploads\/2023\/04\/cropped-LOGO.png","width":426,"height":141,"caption":"Bglbike"},"image":{"@id":"https:\/\/bglbike.com\/#\/schema\/logo\/image\/"}}]}},"_links":{"self":[{"href":"https:\/\/bglbike.com\/es\/wp-json\/wp\/v2\/product\/844","targetHints":{"allow":["GET"]}}],"collection":[{"href":"https:\/\/bglbike.com\/es\/wp-json\/wp\/v2\/product"}],"about":[{"href":"https:\/\/bglbike.com\/es\/wp-json\/wp\/v2\/types\/product"}],"wp:featuredmedia":[{"embeddable":true,"href":"https:\/\/bglbike.com\/es\/wp-json\/wp\/v2\/media\/4635"}],"wp:attachment":[{"href":"https:\/\/bglbike.com\/es\/wp-json\/wp\/v2\/media?parent=844"}],"wp:term":[{"taxonomy":"product_brand","embeddable":true,"href":"https:\/\/bglbike.com\/es\/wp-json\/wp\/v2\/product_brand?post=844"},{"taxonomy":"product_cat","embeddable":true,"href":"https:\/\/bglbike.com\/es\/wp-json\/wp\/v2\/product_cat?post=844"},{"taxonomy":"product_tag","embeddable":true,"href":"https:\/\/bglbike.com\/es\/wp-json\/wp\/v2\/product_tag?post=844"}],"curies":[{"name":"wp","href":"https:\/\/api.w.org\/{rel}","templated":true}]}}