{"id":810,"date":"2023-04-03T02:06:07","date_gmt":"2023-04-03T02:06:07","guid":{"rendered":"https:\/\/bglbike.com\/?post_type=product&#038;p=810"},"modified":"2023-05-31T02:37:40","modified_gmt":"2023-05-31T02:37:40","slug":"atv10","status":"publish","type":"product","link":"https:\/\/bglbike.com\/es\/producto\/atv10\/","title":{"rendered":"Fat Bike el\u00e9ctrica ATV10: motor dual de 48 V 500 W, bater\u00eda de litio Samsung, suspensi\u00f3n delantera\/trasera"},"content":{"rendered":"<h3>Especificaciones del producto<\/h3>\n<div id=\"footable_parent_818\"\n         class=\"footable_parent ninja_table_wrapper loading_ninja_table wp_table_data_press_parent semantic_ui\">\n                <table data-ninja_table_instance=\"ninja_table_instance_0\" data-footable_id=\"818\" data-filter-delay=\"1000\" aria-label=\"ATV10.csv\"            id=\"footable_818\"\n           data-unique_identifier=\"ninja_table_unique_id_2580615061_818\"\n           class=\"foo-table ninja_footable foo_table_818 ninja_table_unique_id_2580615061_818 ui table  nt_type_legacy_table selectable striped vertical_centered  footable-paging-right ninja_table_pro\">\n                <colgroup>\n                            <col class=\"ninja_column_0\">\n                            <col class=\"ninja_column_1\">\n                    <\/colgroup>\n        <thead>\n<tr class=\"footable-header\">\n                                        <th scope=\"col\"  class=\"ninja_column_0 ninja_clmn_nm_modelnoatv1\">N\u00famero de modelo: ATV10<\/th><th scope=\"col\"  class=\"ninja_column_1 ninja_clmn_nm_chargetime46h\">Tiempo de carga: 4-6H<\/th><\/tr>\n<\/thead>\n<tbody>\n\n        <tr data-row_id=\"623\" class=\"ninja_table_row_0 nt_row_id_623\">\n            <td>Cuadro: aleaci\u00f3n de aluminio 6061#A, suspensi\u00f3n trasera<\/td><td>Vida \u00fatil del cargador: &gt;500 veces<\/td>        <\/tr>\n            <tr data-row_id=\"624\" class=\"ninja_table_row_1 nt_row_id_624\">\n            <td>Motor: 48V 500W Motor doble<\/td><td>Cargador: 100V CA - 240V CA<\/td>        <\/tr>\n            <tr data-row_id=\"625\" class=\"ninja_table_row_2 nt_row_id_625\">\n            <td>Bater\u00eda: Bater\u00eda de litio Samsung 10~21Ah<\/td><td>Velocidad m\u00e1xima: 25-38 km\/h<\/td>        <\/tr>\n            <tr data-row_id=\"626\" class=\"ninja_table_row_3 nt_row_id_626\">\n            <td>Horquilla delantera: horquilla de aleaci\u00f3n de aluminio con suspensi\u00f3n<\/td><td>Distancia de conducci\u00f3n:&gt; 50 km<\/td>        <\/tr>\n            <tr data-row_id=\"627\" class=\"ninja_table_row_4 nt_row_id_627\">\n            <td>Freno: Freno de disco Tektro delantero\/trasero<\/td><td>Capacidad de carga: 150 kg<\/td>        <\/tr>\n            <tr data-row_id=\"628\" class=\"ninja_table_row_5 nt_row_id_628\">\n            <td>Palanca de freno: Marca Tektro<\/td><td>Sistema de asistente de pedal: 1:1<\/td>        <\/tr>\n            <tr data-row_id=\"629\" class=\"ninja_table_row_6 nt_row_id_629\">\n            <td>Manillar\/v\u00e1stago: aleaci\u00f3n de aluminio.<\/td><td>Pantalla multifunci\u00f3n en el manillar:<\/td>        <\/tr>\n            <tr data-row_id=\"630\" class=\"ninja_table_row_7 nt_row_id_630\">\n            <td><\/td><td>LCD con 5 niveles de velocidad PAS,<\/td>        <\/tr>\n            <tr data-row_id=\"631\" class=\"ninja_table_row_8 nt_row_id_631\">\n            <td><\/td><td>interruptor de encendido\/apagado<\/td>        <\/tr>\n            <tr data-row_id=\"632\" class=\"ninja_table_row_9 nt_row_id_632\">\n            <td>Luz delantera y trasera LED<\/td><td>Carga del contenedor: 20 &quot;FCL 90 piezas 40&quot; FCL 225 piezas<\/td>        <\/tr>\n            <tr data-row_id=\"633\" class=\"ninja_table_row_10 nt_row_id_633\">\n            <td>Mango con indicador de energ\u00eda de la bater\u00eda<\/td><td>NO: 30 kg; GW: 35kg<\/td>        <\/tr>\n            <tr data-row_id=\"634\" class=\"ninja_table_row_11 nt_row_id_634\">\n            <td>Dimensi\u00f3n del neum\u00e1tico: KENDA 20*4,0<\/td><td>Caja de embalaje: 145*25*90cm<\/td>        <\/tr>\n            <tr data-row_id=\"635\" class=\"ninja_table_row_12 nt_row_id_635\">\n            <td>Desviador: Shimano 7 velocidades<\/td><td>Colores disponibles: negro, plata u otros colores<\/td>        <\/tr>\n            <tr data-row_id=\"636\" class=\"ninja_table_row_13 nt_row_id_636\">\n            <td><\/td><td><\/td>        <\/tr>\n    <\/tbody><!--ninja_tobody_rendering_done-->\n    <\/table>\n    \n    \n    \n<\/div>\n\n<h3>Capacidad de suministro<\/h3>\n<p>2000 Unidades\/Unidades por mes Fat Bike el\u00e9ctrica de 20 pulgadas<\/p>\n<h3>Empaquetado y entrega<\/h3>\n<p>Detalles de empaquetado: Tama\u00f1o del cart\u00f3n: 145*25*90cm<br \/>\nCantidad de contenedores: 75 piezas\/20 pies, 180 piezas\/40 HQ<br \/>\nPuerto: Ningbo o Shanghai<\/p>\n<h3>Imagen de detalle<\/h3>\n<p><img fetchpriority=\"high\" decoding=\"async\" class=\"size-full wp-image-3568\" src=\"https:\/\/bglbike.com\/wp-content\/uploads\/2023\/04\/333-7.png\" alt=\"Im\u00e1genes de detalles\" width=\"600\" height=\"600\" srcset=\"https:\/\/bglbike.com\/wp-content\/uploads\/2023\/04\/333-7.png 600w, https:\/\/bglbike.com\/wp-content\/uploads\/2023\/04\/333-7-300x300.png 300w, https:\/\/bglbike.com\/wp-content\/uploads\/2023\/04\/333-7-150x150.png 150w, https:\/\/bglbike.com\/wp-content\/uploads\/2023\/04\/333-7-12x12.png 12w, https:\/\/bglbike.com\/wp-content\/uploads\/2023\/04\/333-7-200x200.png 200w, https:\/\/bglbike.com\/wp-content\/uploads\/2023\/04\/333-7-100x100.png 100w\" sizes=\"(max-width: 600px) 100vw, 600px\" \/><\/p>\n<h3>Fat Bike el\u00e9ctrica ATV10: motor dual de 48 V y 500 W, bater\u00eda de litio Samsung, suspensi\u00f3n delantera\/trasera<\/h3>\n<p>&nbsp;<\/p>\n<p><strong>1. \u00bfCu\u00e1les son las caracter\u00edsticas de la Fat Bike el\u00e9ctrica ATV10: motor dual de 48 V y 500 W, bater\u00eda de litio Samsung, suspensi\u00f3n delantera\/trasera?<\/strong><br \/>\nLa ATV10 cuenta con un motor de alto torque de 500 W y una bater\u00eda de litio de 48 V 13 Ah ~ 21 Ah, que ofrece m\u00e1s potencia y velocidad que las bicicletas el\u00e9ctricas tradicionales. Tambi\u00e9n tiene un marco de gran tama\u00f1o con recorrido de suspensi\u00f3n total, lo que le permite abordar senderos y terrenos todoterreno desafiantes. Adem\u00e1s, su marco de aluminio duradero est\u00e1 dise\u00f1ado para soportar ciclistas de hasta 300 libras, lo que brinda una conducci\u00f3n c\u00f3moda y confiable para ciclistas m\u00e1s pesados.<\/p>\n<p><strong>2. \u00bfQu\u00e9 tipo de terreno puede atravesar el ATV10?<\/strong><br \/>\nLa Fat Bike el\u00e9ctrica ATV10: motor dual de 48 V 500 W, bater\u00eda de litio Samsung, suspensi\u00f3n delantera\/trasera est\u00e1 dise\u00f1ada para abordar terrenos todoterreno como caminos de tierra, caminos de grava y senderos rocosos. Su combinaci\u00f3n de motor potente, suspensi\u00f3n total y llantas de gran tama\u00f1o proporciona una tracci\u00f3n superior y absorci\u00f3n de impactos para que pueda conducir con confianza en m\u00faltiples terrenos.<\/p>\n<p><strong>3. \u00bfEl Electric Fat Bike-ATV10 viene con caracter\u00edsticas de seguridad?<\/strong><br \/>\nEl Electric Fat Bike-ATV10 tiene varias caracter\u00edsticas de seguridad, incluidos los frenos de disco hidr\u00e1ulicos Tektro integrados que brindan una mejor potencia de frenado en condiciones h\u00famedas o resbaladizas. Tambi\u00e9n incluye llantas reflectantes en las paredes laterales para una mayor visibilidad en condiciones de poca luz y un faro brillante para mayor visibilidad en la noche.<\/p>\n<p><strong>4. \u00bfHay accesorios adicionales disponibles para comprar?<\/strong><br \/>\nS\u00ed, adem\u00e1s de repuestos como llantas y bater\u00edas, hay varios accesorios disponibles para comprar que son compatibles con Electric Fat Bike-ATV10. Estos incluyen cestas delanteras para transportar carga y guardabarros y protegerte de las salpicaduras de barro mientras conduces por senderos todoterreno. Adem\u00e1s, se pueden acoplar f\u00e1cilmente varias bolsas para la tija del sill\u00edn para guardar art\u00edculos adicionales mientras se conduce.<\/p>","protected":false},"excerpt":{"rendered":"<p>Prep\u00e1rate para explorar el mundo de la conducci\u00f3n todoterreno con el <strong>Fat Bike el\u00e9ctrica ATV10: motor dual de 48 V 500 W, bater\u00eda de litio Samsung, suspensi\u00f3n delantera\/trasera<\/strong>! Esta fat bike el\u00e9ctrica ultramoderna est\u00e1 dise\u00f1ada tanto para la comodidad como para el rendimiento. Su marco liviano y su potente motor brindan una potencia superior, lo que le permite conducir r\u00e1pido y tomar pendientes pronunciadas, mientras que sus luces LCD integradas garantizan la m\u00e1xima visibilidad en cualquier condici\u00f3n. Adem\u00e1s, los frenos de disco ofrecen un control de frenado confiable incluso cuando las condiciones del camino se vuelven dif\u00edciles. Y con su dise\u00f1o plegable, puede guardarlo f\u00e1cilmente cuando no est\u00e9 en uso sin dejar de tener mucha libertad de movimiento. \u00a1Disfruta de todas las emociones de la conducci\u00f3n todoterreno con Electric Fat Bike-ATV10!<\/p>","protected":false},"featured_media":3907,"template":"","meta":{"site-sidebar-layout":"default","site-content-layout":"default","ast-site-content-layout":"default","site-content-style":"default","site-sidebar-style":"default","ast-global-header-display":"","ast-banner-title-visibility":"","ast-main-header-display":"","ast-hfb-above-header-display":"","ast-hfb-below-header-display":"","ast-hfb-mobile-header-display":"","site-post-title":"","ast-breadcrumbs-content":"","ast-featured-img":"","footer-sml-layout":"","ast-disable-related-posts":"","theme-transparent-header-meta":"default","adv-header-id-meta":"","stick-header-meta":"default","header-above-stick-meta":"","header-main-stick-meta":"","header-below-stick-meta":"","astra-migrate-meta-layouts":"default","ast-page-background-enabled":"default","ast-page-background-meta":{"desktop":{"background-color":"var(--ast-global-color-4)","background-image":"","background-repeat":"repeat","background-position":"center center","background-size":"auto","background-attachment":"scroll","background-type":"","background-media":"","overlay-type":"","overlay-color":"","overlay-opacity":"","overlay-gradient":""},"tablet":{"background-color":"","background-image":"","background-repeat":"repeat","background-position":"center center","background-size":"auto","background-attachment":"scroll","background-type":"","background-media":"","overlay-type":"","overlay-color":"","overlay-opacity":"","overlay-gradient":""},"mobile":{"background-color":"","background-image":"","background-repeat":"repeat","background-position":"center center","background-size":"auto","background-attachment":"scroll","background-type":"","background-media":"","overlay-type":"","overlay-color":"","overlay-opacity":"","overlay-gradient":""}},"ast-content-background-meta":{"desktop":{"background-color":"var(--ast-global-color-5)","background-image":"","background-repeat":"repeat","background-position":"center center","background-size":"auto","background-attachment":"scroll","background-type":"","background-media":"","overlay-type":"","overlay-color":"","overlay-opacity":"","overlay-gradient":""},"tablet":{"background-color":"var(--ast-global-color-5)","background-image":"","background-repeat":"repeat","background-position":"center center","background-size":"auto","background-attachment":"scroll","background-type":"","background-media":"","overlay-type":"","overlay-color":"","overlay-opacity":"","overlay-gradient":""},"mobile":{"background-color":"var(--ast-global-color-5)","background-image":"","background-repeat":"repeat","background-position":"center center","background-size":"auto","background-attachment":"scroll","background-type":"","background-media":"","overlay-type":"","overlay-color":"","overlay-opacity":"","overlay-gradient":""}}},"product_brand":[],"product_cat":[23],"product_tag":[],"class_list":{"0":"post-810","1":"product","2":"type-product","3":"status-publish","4":"has-post-thumbnail","6":"product_cat-electric-fat-bike","7":"desktop-align-left","8":"tablet-align-left","9":"mobile-align-left","10":"ast-product-gallery-layout-horizontal-slider","11":"ast-product-gallery-with-no-image","12":"ast-product-single-variable","13":"ast-product-tabs-layout-horizontal","15":"first","16":"instock","17":"shipping-taxable","18":"purchasable","19":"product-type-variable"},"yoast_head":"<!-- This site is optimized with the Yoast SEO Premium plugin v20.9 (Yoast SEO v27.3) - https:\/\/yoast.com\/product\/yoast-seo-premium-wordpress\/ -->\n<title>ATV10 Electric Fat Bike - 48V 500W Dual Motor, Samsung Lithium Battery, Front\/Rear Suspension - Bglbike<\/title>\n<meta name=\"description\" content=\"This ATV10 Electric Fat Bike - 48V 500W Dual Motor, Samsung Lithium Battery, Front\/Rear Suspension is made from high-quality materials. It features a powerful motor that makes it easy to travel over any terrain.\" \/>\n<meta name=\"robots\" content=\"index, follow, max-snippet:-1, max-image-preview:large, max-video-preview:-1\" \/>\n<link rel=\"canonical\" href=\"https:\/\/bglbike.com\/es\/producto\/atv10\/\" \/>\n<meta property=\"og:locale\" content=\"es_ES\" \/>\n<meta property=\"og:type\" content=\"article\" \/>\n<meta property=\"og:title\" content=\"ATV10 Electric Fat Bike - 48V 500W Dual Motor, Samsung Lithium Battery, Front\/Rear Suspension\" \/>\n<meta property=\"og:description\" content=\"This ATV10 Electric Fat Bike - 48V 500W Dual Motor, Samsung Lithium Battery, Front\/Rear Suspension is made from high-quality materials. It features a powerful motor that makes it easy to travel over any terrain.\" \/>\n<meta property=\"og:url\" content=\"https:\/\/bglbike.com\/es\/producto\/atv10\/\" \/>\n<meta property=\"og:site_name\" content=\"Bglbike\" \/>\n<meta property=\"article:modified_time\" content=\"2023-05-31T02:37:40+00:00\" \/>\n<meta property=\"og:image\" content=\"https:\/\/bglbike.com\/wp-content\/uploads\/2023\/04\/1-91.png\" \/>\n\t<meta property=\"og:image:width\" content=\"600\" \/>\n\t<meta property=\"og:image:height\" content=\"600\" \/>\n\t<meta property=\"og:image:type\" content=\"image\/png\" \/>\n<meta name=\"twitter:card\" content=\"summary_large_image\" \/>\n<meta name=\"twitter:label1\" content=\"Tiempo de lectura\" \/>\n\t<meta name=\"twitter:data1\" content=\"2 minutos\" \/>\n<script type=\"application\/ld+json\" class=\"yoast-schema-graph\">{\"@context\":\"https:\\\/\\\/schema.org\",\"@graph\":[{\"@type\":\"WebPage\",\"@id\":\"https:\\\/\\\/bglbike.com\\\/product\\\/atv10\\\/\",\"url\":\"https:\\\/\\\/bglbike.com\\\/product\\\/atv10\\\/\",\"name\":\"ATV10 Electric Fat Bike - 48V 500W Dual Motor, Samsung Lithium Battery, Front\\\/Rear Suspension - Bglbike\",\"isPartOf\":{\"@id\":\"https:\\\/\\\/bglbike.com\\\/#website\"},\"primaryImageOfPage\":{\"@id\":\"https:\\\/\\\/bglbike.com\\\/product\\\/atv10\\\/#primaryimage\"},\"image\":{\"@id\":\"https:\\\/\\\/bglbike.com\\\/product\\\/atv10\\\/#primaryimage\"},\"thumbnailUrl\":\"https:\\\/\\\/bglbike.com\\\/wp-content\\\/uploads\\\/2023\\\/04\\\/1-91.png\",\"datePublished\":\"2023-04-03T02:06:07+00:00\",\"dateModified\":\"2023-05-31T02:37:40+00:00\",\"description\":\"This ATV10 Electric Fat Bike - 48V 500W Dual Motor, Samsung Lithium Battery, Front\\\/Rear Suspension is made from high-quality materials. It features a powerful motor that makes it easy to travel over any terrain.\",\"breadcrumb\":{\"@id\":\"https:\\\/\\\/bglbike.com\\\/product\\\/atv10\\\/#breadcrumb\"},\"inLanguage\":\"es\",\"potentialAction\":[{\"@type\":\"ReadAction\",\"target\":[\"https:\\\/\\\/bglbike.com\\\/product\\\/atv10\\\/\"]}]},{\"@type\":\"ImageObject\",\"inLanguage\":\"es\",\"@id\":\"https:\\\/\\\/bglbike.com\\\/product\\\/atv10\\\/#primaryimage\",\"url\":\"https:\\\/\\\/bglbike.com\\\/wp-content\\\/uploads\\\/2023\\\/04\\\/1-91.png\",\"contentUrl\":\"https:\\\/\\\/bglbike.com\\\/wp-content\\\/uploads\\\/2023\\\/04\\\/1-91.png\",\"width\":600,\"height\":600,\"caption\":\"ATV10\"},{\"@type\":\"BreadcrumbList\",\"@id\":\"https:\\\/\\\/bglbike.com\\\/product\\\/atv10\\\/#breadcrumb\",\"itemListElement\":[{\"@type\":\"ListItem\",\"position\":1,\"name\":\"Home\",\"item\":\"https:\\\/\\\/bglbike.com\\\/\"},{\"@type\":\"ListItem\",\"position\":2,\"name\":\"Wholesale Electric Bike\",\"item\":\"https:\\\/\\\/bglbike.com\\\/wholesale-electric-bike\\\/\"},{\"@type\":\"ListItem\",\"position\":3,\"name\":\"ATV10 Electric Fat Bike &#8211; 48V 500W Dual Motor, Samsung Lithium Battery, Front\\\/Rear Suspension\"}]},{\"@type\":\"WebSite\",\"@id\":\"https:\\\/\\\/bglbike.com\\\/#website\",\"url\":\"https:\\\/\\\/bglbike.com\\\/\",\"name\":\"Bglbike\",\"description\":\"Top  Ebike manufacturer in China\",\"publisher\":{\"@id\":\"https:\\\/\\\/bglbike.com\\\/#organization\"},\"potentialAction\":[{\"@type\":\"SearchAction\",\"target\":{\"@type\":\"EntryPoint\",\"urlTemplate\":\"https:\\\/\\\/bglbike.com\\\/?s={search_term_string}\"},\"query-input\":{\"@type\":\"PropertyValueSpecification\",\"valueRequired\":true,\"valueName\":\"search_term_string\"}}],\"inLanguage\":\"es\"},{\"@type\":\"Organization\",\"@id\":\"https:\\\/\\\/bglbike.com\\\/#organization\",\"name\":\"Bglbike\",\"url\":\"https:\\\/\\\/bglbike.com\\\/\",\"logo\":{\"@type\":\"ImageObject\",\"inLanguage\":\"es\",\"@id\":\"https:\\\/\\\/bglbike.com\\\/#\\\/schema\\\/logo\\\/image\\\/\",\"url\":\"https:\\\/\\\/bglbike.com\\\/wp-content\\\/uploads\\\/2023\\\/04\\\/cropped-LOGO.png\",\"contentUrl\":\"https:\\\/\\\/bglbike.com\\\/wp-content\\\/uploads\\\/2023\\\/04\\\/cropped-LOGO.png\",\"width\":426,\"height\":141,\"caption\":\"Bglbike\"},\"image\":{\"@id\":\"https:\\\/\\\/bglbike.com\\\/#\\\/schema\\\/logo\\\/image\\\/\"}}]}<\/script>\n<!-- \/ Yoast SEO Premium plugin. -->","yoast_head_json":{"title":"ATV10 Electric Fat Bike - 48V 500W Dual Motor, Samsung Lithium Battery, Front\/Rear Suspension - Bglbike","description":"This ATV10 Electric Fat Bike - 48V 500W Dual Motor, Samsung Lithium Battery, Front\/Rear Suspension is made from high-quality materials. It features a powerful motor that makes it easy to travel over any terrain.","robots":{"index":"index","follow":"follow","max-snippet":"max-snippet:-1","max-image-preview":"max-image-preview:large","max-video-preview":"max-video-preview:-1"},"canonical":"https:\/\/bglbike.com\/es\/producto\/atv10\/","og_locale":"es_ES","og_type":"article","og_title":"ATV10 Electric Fat Bike - 48V 500W Dual Motor, Samsung Lithium Battery, Front\/Rear Suspension","og_description":"This ATV10 Electric Fat Bike - 48V 500W Dual Motor, Samsung Lithium Battery, Front\/Rear Suspension is made from high-quality materials. It features a powerful motor that makes it easy to travel over any terrain.","og_url":"https:\/\/bglbike.com\/es\/producto\/atv10\/","og_site_name":"Bglbike","article_modified_time":"2023-05-31T02:37:40+00:00","og_image":[{"width":600,"height":600,"url":"https:\/\/bglbike.com\/wp-content\/uploads\/2023\/04\/1-91.png","type":"image\/png"}],"twitter_card":"summary_large_image","twitter_misc":{"Tiempo de lectura":"2 minutos"},"schema":{"@context":"https:\/\/schema.org","@graph":[{"@type":"WebPage","@id":"https:\/\/bglbike.com\/product\/atv10\/","url":"https:\/\/bglbike.com\/product\/atv10\/","name":"ATV10 Electric Fat Bike - 48V 500W Dual Motor, Samsung Lithium Battery, Front\/Rear Suspension - Bglbike","isPartOf":{"@id":"https:\/\/bglbike.com\/#website"},"primaryImageOfPage":{"@id":"https:\/\/bglbike.com\/product\/atv10\/#primaryimage"},"image":{"@id":"https:\/\/bglbike.com\/product\/atv10\/#primaryimage"},"thumbnailUrl":"https:\/\/bglbike.com\/wp-content\/uploads\/2023\/04\/1-91.png","datePublished":"2023-04-03T02:06:07+00:00","dateModified":"2023-05-31T02:37:40+00:00","description":"This ATV10 Electric Fat Bike - 48V 500W Dual Motor, Samsung Lithium Battery, Front\/Rear Suspension is made from high-quality materials. It features a powerful motor that makes it easy to travel over any terrain.","breadcrumb":{"@id":"https:\/\/bglbike.com\/product\/atv10\/#breadcrumb"},"inLanguage":"es","potentialAction":[{"@type":"ReadAction","target":["https:\/\/bglbike.com\/product\/atv10\/"]}]},{"@type":"ImageObject","inLanguage":"es","@id":"https:\/\/bglbike.com\/product\/atv10\/#primaryimage","url":"https:\/\/bglbike.com\/wp-content\/uploads\/2023\/04\/1-91.png","contentUrl":"https:\/\/bglbike.com\/wp-content\/uploads\/2023\/04\/1-91.png","width":600,"height":600,"caption":"ATV10"},{"@type":"BreadcrumbList","@id":"https:\/\/bglbike.com\/product\/atv10\/#breadcrumb","itemListElement":[{"@type":"ListItem","position":1,"name":"Home","item":"https:\/\/bglbike.com\/"},{"@type":"ListItem","position":2,"name":"Wholesale Electric Bike","item":"https:\/\/bglbike.com\/wholesale-electric-bike\/"},{"@type":"ListItem","position":3,"name":"ATV10 Electric Fat Bike &#8211; 48V 500W Dual Motor, Samsung Lithium Battery, Front\/Rear Suspension"}]},{"@type":"WebSite","@id":"https:\/\/bglbike.com\/#website","url":"https:\/\/bglbike.com\/","name":"Bglbike","description":"Top  Ebike manufacturer in China","publisher":{"@id":"https:\/\/bglbike.com\/#organization"},"potentialAction":[{"@type":"SearchAction","target":{"@type":"EntryPoint","urlTemplate":"https:\/\/bglbike.com\/?s={search_term_string}"},"query-input":{"@type":"PropertyValueSpecification","valueRequired":true,"valueName":"search_term_string"}}],"inLanguage":"es"},{"@type":"Organization","@id":"https:\/\/bglbike.com\/#organization","name":"Bglbike","url":"https:\/\/bglbike.com\/","logo":{"@type":"ImageObject","inLanguage":"es","@id":"https:\/\/bglbike.com\/#\/schema\/logo\/image\/","url":"https:\/\/bglbike.com\/wp-content\/uploads\/2023\/04\/cropped-LOGO.png","contentUrl":"https:\/\/bglbike.com\/wp-content\/uploads\/2023\/04\/cropped-LOGO.png","width":426,"height":141,"caption":"Bglbike"},"image":{"@id":"https:\/\/bglbike.com\/#\/schema\/logo\/image\/"}}]}},"_links":{"self":[{"href":"https:\/\/bglbike.com\/es\/wp-json\/wp\/v2\/product\/810","targetHints":{"allow":["GET"]}}],"collection":[{"href":"https:\/\/bglbike.com\/es\/wp-json\/wp\/v2\/product"}],"about":[{"href":"https:\/\/bglbike.com\/es\/wp-json\/wp\/v2\/types\/product"}],"wp:featuredmedia":[{"embeddable":true,"href":"https:\/\/bglbike.com\/es\/wp-json\/wp\/v2\/media\/3907"}],"wp:attachment":[{"href":"https:\/\/bglbike.com\/es\/wp-json\/wp\/v2\/media?parent=810"}],"wp:term":[{"taxonomy":"product_brand","embeddable":true,"href":"https:\/\/bglbike.com\/es\/wp-json\/wp\/v2\/product_brand?post=810"},{"taxonomy":"product_cat","embeddable":true,"href":"https:\/\/bglbike.com\/es\/wp-json\/wp\/v2\/product_cat?post=810"},{"taxonomy":"product_tag","embeddable":true,"href":"https:\/\/bglbike.com\/es\/wp-json\/wp\/v2\/product_tag?post=810"}],"curies":[{"name":"wp","href":"https:\/\/api.w.org\/{rel}","templated":true}]}}