{"id":801,"date":"2023-04-01T17:39:15","date_gmt":"2023-04-01T17:39:15","guid":{"rendered":"https:\/\/bglbike.com\/?post_type=product&#038;p=801"},"modified":"2024-01-05T04:32:53","modified_gmt":"2024-01-05T04:32:53","slug":"atv09","status":"publish","type":"product","link":"https:\/\/bglbike.com\/es\/producto\/atv09\/","title":{"rendered":"Fat Bike el\u00e9ctrica ATV09 con motor dual de 750 W y bater\u00eda de litio Samsung"},"content":{"rendered":"<h3>Especificaciones del producto<\/h3>\n<div id=\"footable_parent_928\"\n         class=\"footable_parent ninja_table_wrapper loading_ninja_table wp_table_data_press_parent semantic_ui\">\n                <table data-ninja_table_instance=\"ninja_table_instance_0\" data-footable_id=\"928\" data-filter-delay=\"1000\" aria-label=\"ATV9.csv\"            id=\"footable_928\"\n           data-unique_identifier=\"ninja_table_unique_id_4136235913_928\"\n           class=\"foo-table ninja_footable foo_table_928 ninja_table_unique_id_4136235913_928 ui table  nt_type_legacy_table selectable striped vertical_centered  footable-paging-right ninja_table_pro\">\n                <colgroup>\n                            <col class=\"ninja_column_0\">\n                            <col class=\"ninja_column_1\">\n                    <\/colgroup>\n        <thead>\n<tr class=\"footable-header\">\n                                        <th scope=\"col\"  class=\"ninja_column_0 ninja_clmn_nm_modelnoatv9\">N\u00famero de modelo: ATV09<\/th><th scope=\"col\"  class=\"ninja_column_1 ninja_clmn_nm_chargetime46h\">Tiempo de carga: 4-6H<\/th><\/tr>\n<\/thead>\n<tbody>\n\n        <tr data-row_id=\"897\" class=\"ninja_table_row_0 nt_row_id_897\">\n            <td>Cuadro: aleaci\u00f3n de aluminio 6061#A, suspensi\u00f3n trasera<\/td><td>Vida \u00fatil del cargador: &gt;500 veces<\/td>        <\/tr>\n            <tr data-row_id=\"898\" class=\"ninja_table_row_1 nt_row_id_898\">\n            <td>Motor: Motor doble 750W o 500W<\/td><td>Cargador: 100V CA - 240V CA<\/td>        <\/tr>\n            <tr data-row_id=\"899\" class=\"ninja_table_row_2 nt_row_id_899\">\n            <td>Bater\u00eda: Bater\u00eda de litio Samsung 10~14Ah<\/td><td>Velocidad m\u00e1xima: 25-38 km\/h<\/td>        <\/tr>\n            <tr data-row_id=\"900\" class=\"ninja_table_row_3 nt_row_id_900\">\n            <td>Horquilla delantera: horquilla de aleaci\u00f3n de aluminio con suspensi\u00f3n<\/td><td>Distancia de conducci\u00f3n:&gt; 50 km<\/td>        <\/tr>\n            <tr data-row_id=\"901\" class=\"ninja_table_row_4 nt_row_id_901\">\n            <td>Freno: Freno de disco Tektro delantero\/trasero<\/td><td>Capacidad de carga: 150 kg<\/td>        <\/tr>\n            <tr data-row_id=\"902\" class=\"ninja_table_row_5 nt_row_id_902\">\n            <td>Palanca de freno: Marca Tektro<\/td><td>Sistema de asistente de pedal: 1:1<\/td>        <\/tr>\n            <tr data-row_id=\"903\" class=\"ninja_table_row_6 nt_row_id_903\">\n            <td>Manillar\/v\u00e1stago: aleaci\u00f3n de aluminio.<\/td><td>Pantalla multifunci\u00f3n en el manillar:<\/td>        <\/tr>\n            <tr data-row_id=\"904\" class=\"ninja_table_row_7 nt_row_id_904\">\n            <td><\/td><td>LCD con 5 niveles de velocidad PAS,<\/td>        <\/tr>\n            <tr data-row_id=\"905\" class=\"ninja_table_row_8 nt_row_id_905\">\n            <td><\/td><td>interruptor de encendido\/apagado<\/td>        <\/tr>\n            <tr data-row_id=\"906\" class=\"ninja_table_row_9 nt_row_id_906\">\n            <td>Luz delantera y trasera LED<\/td><td>Carga del contenedor: 20 &quot;FCL 90 piezas 40&quot; FCL 225 piezas<\/td>        <\/tr>\n            <tr data-row_id=\"907\" class=\"ninja_table_row_10 nt_row_id_907\">\n            <td>Mango con indicador de energ\u00eda de la bater\u00eda<\/td><td>NO: 30 kg; GW: 35kg<\/td>        <\/tr>\n            <tr data-row_id=\"908\" class=\"ninja_table_row_11 nt_row_id_908\">\n            <td>Dimensi\u00f3n del neum\u00e1tico: KENDA 20*4,0<\/td><td>Caja de embalaje: 145*25*90cm<\/td>        <\/tr>\n            <tr data-row_id=\"909\" class=\"ninja_table_row_12 nt_row_id_909\">\n            <td>Desviador: Shimano 7 Velocidad\u00a0<\/td><td>\u00b7 Colores disponibles: Negro, Plata u Otros Colores<\/td>        <\/tr>\n            <tr data-row_id=\"910\" class=\"ninja_table_row_13 nt_row_id_910\">\n            <td><\/td><td><\/td>        <\/tr>\n    <\/tbody><!--ninja_tobody_rendering_done-->\n    <\/table>\n    \n    \n    \n<\/div>\n\n<h3>Capacidad de suministro<\/h3>\n<p>2000 Unidades\/Unidades por Mes Electric Fat Bike<\/p>\n<h3>Empaquetado y entrega<\/h3>\n<p>Detalles del embalaje: espuma envuelta en el cuerpo de la bicicleta, rueda delantera y manillar desmontados, cart\u00f3n de 7 capas para el paquete exterior.<\/p>\n<p>60 piezas para contenedor de 20GP. 144 piezas para contenedor 40HQ<br \/>\nPuerto: Ningbo o Shanghai<\/p>\n<p>Tiempo de espera:<div id=\"footable_parent_929\"\n         class=\"footable_parent ninja_table_wrapper loading_ninja_table wp_table_data_press_parent semantic_ui\">\n                <table data-ninja_table_instance=\"ninja_table_instance_1\" data-footable_id=\"929\" data-filter-delay=\"1000\" aria-label=\"EBB.csv\"            id=\"footable_929\"\n           data-unique_identifier=\"ninja_table_unique_id_3892469473_929\"\n           class=\"foo-table ninja_footable foo_table_929 ninja_table_unique_id_3892469473_929 ui table  nt_type_legacy_table selectable striped vertical_centered  footable-paging-right ninja_table_pro\">\n                <colgroup>\n                            <col class=\"ninja_column_0\">\n                            <col class=\"ninja_column_1\">\n                            <col class=\"ninja_column_2\">\n                            <col class=\"ninja_column_3\">\n                    <\/colgroup>\n        <thead>\n<tr class=\"footable-header\">\n                                                                        <th scope=\"col\"  class=\"ninja_column_0 ninja_clmn_nm_quantitypieces\">Cantidad (piezas)<\/th><th scope=\"col\"  class=\"ninja_column_1 ninja_clmn_nm_11\">1-2<\/th><th scope=\"col\"  class=\"ninja_column_2 ninja_clmn_nm_22\">3-500<\/th><th scope=\"col\"  class=\"ninja_column_3 ninja_clmn_nm_2\">&gt;500<\/th><\/tr>\n<\/thead>\n<tbody>\n\n        <tr data-row_id=\"911\" class=\"ninja_table_row_0 nt_row_id_911\">\n            <td>Plazo de ejecuci\u00f3n (d\u00edas)<\/td><td>60<\/td><td>150<\/td><td>Ser negociado<\/td>        <\/tr>\n    <\/tbody><!--ninja_tobody_rendering_done-->\n    <\/table>\n    \n    \n    \n<\/div>\n<\/p>\n<h3>imagen de embalaje<\/h3>\n<p><img fetchpriority=\"high\" decoding=\"async\" class=\"size-full wp-image-3521\" src=\"https:\/\/bglbike.com\/wp-content\/uploads\/2023\/04\/111-4.png\" alt=\"imagen de embalaje\" width=\"600\" height=\"600\" srcset=\"https:\/\/bglbike.com\/wp-content\/uploads\/2023\/04\/111-4.png 600w, https:\/\/bglbike.com\/wp-content\/uploads\/2023\/04\/111-4-300x300.png 300w, https:\/\/bglbike.com\/wp-content\/uploads\/2023\/04\/111-4-150x150.png 150w, https:\/\/bglbike.com\/wp-content\/uploads\/2023\/04\/111-4-12x12.png 12w, https:\/\/bglbike.com\/wp-content\/uploads\/2023\/04\/111-4-200x200.png 200w, https:\/\/bglbike.com\/wp-content\/uploads\/2023\/04\/111-4-100x100.png 100w\" sizes=\"(max-width: 600px) 100vw, 600px\" \/><\/p>\n<h3>Imagen de detalle<\/h3>\n<p><img decoding=\"async\" class=\"size-full wp-image-3571\" src=\"https:\/\/bglbike.com\/wp-content\/uploads\/2023\/04\/333-9.png\" alt=\"Im\u00e1genes de detalles\" width=\"600\" height=\"600\" srcset=\"https:\/\/bglbike.com\/wp-content\/uploads\/2023\/04\/333-9.png 600w, https:\/\/bglbike.com\/wp-content\/uploads\/2023\/04\/333-9-300x300.png 300w, https:\/\/bglbike.com\/wp-content\/uploads\/2023\/04\/333-9-150x150.png 150w, https:\/\/bglbike.com\/wp-content\/uploads\/2023\/04\/333-9-12x12.png 12w, https:\/\/bglbike.com\/wp-content\/uploads\/2023\/04\/333-9-200x200.png 200w, https:\/\/bglbike.com\/wp-content\/uploads\/2023\/04\/333-9-100x100.png 100w\" sizes=\"(max-width: 600px) 100vw, 600px\" \/><\/p>\n<h3>Fat Bike el\u00e9ctrica ATV09 con motor dual de 750 W y bater\u00eda de litio Samsung<\/h3>\n<p>&nbsp;<\/p>\n<p><strong>1 . \u00bfCu\u00e1l es la velocidad m\u00e1xima de la Fat Bike el\u00e9ctrica ATV09 con motor dual de 750 W y bater\u00eda de litio Samsung?<\/strong><br \/>\nLa velocidad m\u00e1xima de Electric Fat Bike-ATV09 es de hasta 30-50 km\/h. Dependiendo del motor, la bater\u00eda y otros componentes, se pueden lograr velocidades m\u00e1s altas con motores m\u00e1s potentes y bater\u00edas m\u00e1s grandes.<\/p>\n<p><strong>2. \u00bfSe requiere ensamblaje para la Fat Bike el\u00e9ctrica ATV09 con motor dual de 750 W y bater\u00eda de litio Samsung?<\/strong><br \/>\nS\u00ed, se requiere algo de ensamblaje para la Fat Bike el\u00e9ctrica ATV09 con motor dual de 750 W y bater\u00eda de litio Samsung. La bicicleta viene principalmente con piezas preensambladas, pero es posible que deba ajustar o apretar ciertos elementos como frenos, cadenas o manubrios antes de sacarla a dar un paseo.<\/p>\n<p><strong>3. \u00bfEl ATV09 viene con garant\u00eda?<\/strong><br \/>\nS\u00ed, el ATV09 tiene una garant\u00eda limitada de un a\u00f1o que cubre cualquier defecto o falla del fabricante durante el uso normal. Aseg\u00farese de registrar su bicicleta despu\u00e9s de la compra para activar su per\u00edodo de garant\u00eda.<\/p>\n<p><strong>4. \u00bfQu\u00e9 tipo de terreno es mejor para andar en un ATV09?<\/strong><br \/>\nEl ATV09 ha sido dise\u00f1ado para senderos todoterreno, caminos pavimentados y caminos como caminos de asfalto y concreto, senderos de grava compactada y terrenos monta\u00f1osos livianos como laderas cubiertas de hierba con rocas peque\u00f1as y condiciones de suelo suelto.<\/p>","protected":false},"excerpt":{"rendered":"<p>Prep\u00e1rate para revolucionar tu viaje con el<strong> Fat Bike el\u00e9ctrica ATV09 con motor dual de 750 W y bater\u00eda de litio Samsung.<\/strong> Esta bicicleta gorda el\u00e9ctrica de vanguardia seguramente llevar\u00e1 su experiencia de conducci\u00f3n a un nivel completamente nuevo. Su marco liviano y su potente motor aseguran la m\u00e1xima potencia y velocidad, mientras que sus luces LED integradas garantizan una visibilidad superior en todas las condiciones. Adem\u00e1s, los frenos de disco ofrecen una potencia de frenado excepcional incluso en condiciones de poca luz o humedad. Y con su dise\u00f1o plegable, puede guardar esta bicicleta f\u00e1cilmente cuando no est\u00e9 en uso y al mismo tiempo tener mucha libertad de movimiento. \u00a1Experimenta la emoci\u00f3n de viajar con el ATV09!<\/p>","protected":false},"featured_media":4638,"template":"","meta":{"site-sidebar-layout":"default","site-content-layout":"default","ast-site-content-layout":"default","site-content-style":"default","site-sidebar-style":"default","ast-global-header-display":"","ast-banner-title-visibility":"","ast-main-header-display":"","ast-hfb-above-header-display":"","ast-hfb-below-header-display":"","ast-hfb-mobile-header-display":"","site-post-title":"","ast-breadcrumbs-content":"","ast-featured-img":"","footer-sml-layout":"","ast-disable-related-posts":"","theme-transparent-header-meta":"default","adv-header-id-meta":"","stick-header-meta":"default","header-above-stick-meta":"","header-main-stick-meta":"","header-below-stick-meta":"","astra-migrate-meta-layouts":"set","ast-page-background-enabled":"default","ast-page-background-meta":{"desktop":{"background-color":"var(--ast-global-color-4)","background-image":"","background-repeat":"repeat","background-position":"center center","background-size":"auto","background-attachment":"scroll","background-type":"","background-media":"","overlay-type":"","overlay-color":"","overlay-opacity":"","overlay-gradient":""},"tablet":{"background-color":"","background-image":"","background-repeat":"repeat","background-position":"center center","background-size":"auto","background-attachment":"scroll","background-type":"","background-media":"","overlay-type":"","overlay-color":"","overlay-opacity":"","overlay-gradient":""},"mobile":{"background-color":"","background-image":"","background-repeat":"repeat","background-position":"center center","background-size":"auto","background-attachment":"scroll","background-type":"","background-media":"","overlay-type":"","overlay-color":"","overlay-opacity":"","overlay-gradient":""}},"ast-content-background-meta":{"desktop":{"background-color":"var(--ast-global-color-5)","background-image":"","background-repeat":"repeat","background-position":"center center","background-size":"auto","background-attachment":"scroll","background-type":"","background-media":"","overlay-type":"","overlay-color":"","overlay-opacity":"","overlay-gradient":""},"tablet":{"background-color":"var(--ast-global-color-5)","background-image":"","background-repeat":"repeat","background-position":"center center","background-size":"auto","background-attachment":"scroll","background-type":"","background-media":"","overlay-type":"","overlay-color":"","overlay-opacity":"","overlay-gradient":""},"mobile":{"background-color":"var(--ast-global-color-5)","background-image":"","background-repeat":"repeat","background-position":"center center","background-size":"auto","background-attachment":"scroll","background-type":"","background-media":"","overlay-type":"","overlay-color":"","overlay-opacity":"","overlay-gradient":""}}},"product_brand":[],"product_cat":[23],"product_tag":[],"class_list":{"0":"post-801","1":"product","2":"type-product","3":"status-publish","4":"has-post-thumbnail","6":"product_cat-electric-fat-bike","7":"desktop-align-left","8":"tablet-align-left","9":"mobile-align-left","10":"ast-product-gallery-layout-horizontal-slider","11":"ast-product-gallery-with-no-image","12":"ast-product-single-variable","13":"ast-product-tabs-layout-horizontal","15":"first","16":"instock","17":"shipping-taxable","18":"purchasable","19":"product-type-variable"},"yoast_head":"<!-- This site is optimized with the Yoast SEO Premium plugin v20.9 (Yoast SEO v27.3) - https:\/\/yoast.com\/product\/yoast-seo-premium-wordpress\/ -->\n<title>ATV09 Electric Fat Bike with Dual 750W Motor and Samsung Lithium Battery - Bglbike<\/title>\n<meta name=\"description\" content=\"This sturdy, reliable bike is made with high-quality materials and construction that can handle even the most rugged terrain. It&#039;s perfect for anyone looking for a fun, outdoor experience.\" \/>\n<meta name=\"robots\" content=\"index, follow, max-snippet:-1, max-image-preview:large, max-video-preview:-1\" \/>\n<link rel=\"canonical\" href=\"https:\/\/bglbike.com\/es\/producto\/atv09\/\" \/>\n<meta property=\"og:locale\" content=\"es_ES\" \/>\n<meta property=\"og:type\" content=\"article\" \/>\n<meta property=\"og:title\" content=\"ATV09 Electric Fat Bike with Dual 750W Motor and Samsung Lithium Battery\" \/>\n<meta property=\"og:description\" content=\"This sturdy, reliable bike is made with high-quality materials and construction that can handle even the most rugged terrain. It&#039;s perfect for anyone looking for a fun, outdoor experience.\" \/>\n<meta property=\"og:url\" content=\"https:\/\/bglbike.com\/es\/producto\/atv09\/\" \/>\n<meta property=\"og:site_name\" content=\"Bglbike\" \/>\n<meta property=\"article:modified_time\" content=\"2024-01-05T04:32:53+00:00\" \/>\n<meta property=\"og:image\" content=\"https:\/\/bglbike.com\/wp-content\/uploads\/2023\/04\/1-97.png\" \/>\n\t<meta property=\"og:image:width\" content=\"600\" \/>\n\t<meta property=\"og:image:height\" content=\"600\" \/>\n\t<meta property=\"og:image:type\" content=\"image\/png\" \/>\n<meta name=\"twitter:card\" content=\"summary_large_image\" \/>\n<meta name=\"twitter:label1\" content=\"Tiempo de lectura\" \/>\n\t<meta name=\"twitter:data1\" content=\"2 minutos\" \/>\n<script type=\"application\/ld+json\" class=\"yoast-schema-graph\">{\"@context\":\"https:\\\/\\\/schema.org\",\"@graph\":[{\"@type\":\"WebPage\",\"@id\":\"https:\\\/\\\/bglbike.com\\\/product\\\/atv09\\\/\",\"url\":\"https:\\\/\\\/bglbike.com\\\/product\\\/atv09\\\/\",\"name\":\"ATV09 Electric Fat Bike with Dual 750W Motor and Samsung Lithium Battery - Bglbike\",\"isPartOf\":{\"@id\":\"https:\\\/\\\/bglbike.com\\\/#website\"},\"primaryImageOfPage\":{\"@id\":\"https:\\\/\\\/bglbike.com\\\/product\\\/atv09\\\/#primaryimage\"},\"image\":{\"@id\":\"https:\\\/\\\/bglbike.com\\\/product\\\/atv09\\\/#primaryimage\"},\"thumbnailUrl\":\"https:\\\/\\\/bglbike.com\\\/wp-content\\\/uploads\\\/2023\\\/04\\\/1-97.png\",\"datePublished\":\"2023-04-01T17:39:15+00:00\",\"dateModified\":\"2024-01-05T04:32:53+00:00\",\"description\":\"This sturdy, reliable bike is made with high-quality materials and construction that can handle even the most rugged terrain. It's perfect for anyone looking for a fun, outdoor experience.\",\"breadcrumb\":{\"@id\":\"https:\\\/\\\/bglbike.com\\\/product\\\/atv09\\\/#breadcrumb\"},\"inLanguage\":\"es\",\"potentialAction\":[{\"@type\":\"ReadAction\",\"target\":[\"https:\\\/\\\/bglbike.com\\\/product\\\/atv09\\\/\"]}]},{\"@type\":\"ImageObject\",\"inLanguage\":\"es\",\"@id\":\"https:\\\/\\\/bglbike.com\\\/product\\\/atv09\\\/#primaryimage\",\"url\":\"https:\\\/\\\/bglbike.com\\\/wp-content\\\/uploads\\\/2023\\\/04\\\/1-97.png\",\"contentUrl\":\"https:\\\/\\\/bglbike.com\\\/wp-content\\\/uploads\\\/2023\\\/04\\\/1-97.png\",\"width\":600,\"height\":600,\"caption\":\"ATV09\"},{\"@type\":\"BreadcrumbList\",\"@id\":\"https:\\\/\\\/bglbike.com\\\/product\\\/atv09\\\/#breadcrumb\",\"itemListElement\":[{\"@type\":\"ListItem\",\"position\":1,\"name\":\"Home\",\"item\":\"https:\\\/\\\/bglbike.com\\\/\"},{\"@type\":\"ListItem\",\"position\":2,\"name\":\"Wholesale Electric Bike\",\"item\":\"https:\\\/\\\/bglbike.com\\\/wholesale-electric-bike\\\/\"},{\"@type\":\"ListItem\",\"position\":3,\"name\":\"ATV09 Electric Fat Bike with Dual 750W Motor and Samsung Lithium Battery\"}]},{\"@type\":\"WebSite\",\"@id\":\"https:\\\/\\\/bglbike.com\\\/#website\",\"url\":\"https:\\\/\\\/bglbike.com\\\/\",\"name\":\"Bglbike\",\"description\":\"Top  Ebike manufacturer in China\",\"publisher\":{\"@id\":\"https:\\\/\\\/bglbike.com\\\/#organization\"},\"potentialAction\":[{\"@type\":\"SearchAction\",\"target\":{\"@type\":\"EntryPoint\",\"urlTemplate\":\"https:\\\/\\\/bglbike.com\\\/?s={search_term_string}\"},\"query-input\":{\"@type\":\"PropertyValueSpecification\",\"valueRequired\":true,\"valueName\":\"search_term_string\"}}],\"inLanguage\":\"es\"},{\"@type\":\"Organization\",\"@id\":\"https:\\\/\\\/bglbike.com\\\/#organization\",\"name\":\"Bglbike\",\"url\":\"https:\\\/\\\/bglbike.com\\\/\",\"logo\":{\"@type\":\"ImageObject\",\"inLanguage\":\"es\",\"@id\":\"https:\\\/\\\/bglbike.com\\\/#\\\/schema\\\/logo\\\/image\\\/\",\"url\":\"https:\\\/\\\/bglbike.com\\\/wp-content\\\/uploads\\\/2023\\\/04\\\/cropped-LOGO.png\",\"contentUrl\":\"https:\\\/\\\/bglbike.com\\\/wp-content\\\/uploads\\\/2023\\\/04\\\/cropped-LOGO.png\",\"width\":426,\"height\":141,\"caption\":\"Bglbike\"},\"image\":{\"@id\":\"https:\\\/\\\/bglbike.com\\\/#\\\/schema\\\/logo\\\/image\\\/\"}}]}<\/script>\n<!-- \/ Yoast SEO Premium plugin. -->","yoast_head_json":{"title":"ATV09 Electric Fat Bike with Dual 750W Motor and Samsung Lithium Battery - Bglbike","description":"This sturdy, reliable bike is made with high-quality materials and construction that can handle even the most rugged terrain. It's perfect for anyone looking for a fun, outdoor experience.","robots":{"index":"index","follow":"follow","max-snippet":"max-snippet:-1","max-image-preview":"max-image-preview:large","max-video-preview":"max-video-preview:-1"},"canonical":"https:\/\/bglbike.com\/es\/producto\/atv09\/","og_locale":"es_ES","og_type":"article","og_title":"ATV09 Electric Fat Bike with Dual 750W Motor and Samsung Lithium Battery","og_description":"This sturdy, reliable bike is made with high-quality materials and construction that can handle even the most rugged terrain. It's perfect for anyone looking for a fun, outdoor experience.","og_url":"https:\/\/bglbike.com\/es\/producto\/atv09\/","og_site_name":"Bglbike","article_modified_time":"2024-01-05T04:32:53+00:00","og_image":[{"width":600,"height":600,"url":"https:\/\/bglbike.com\/wp-content\/uploads\/2023\/04\/1-97.png","type":"image\/png"}],"twitter_card":"summary_large_image","twitter_misc":{"Tiempo de lectura":"2 minutos"},"schema":{"@context":"https:\/\/schema.org","@graph":[{"@type":"WebPage","@id":"https:\/\/bglbike.com\/product\/atv09\/","url":"https:\/\/bglbike.com\/product\/atv09\/","name":"ATV09 Electric Fat Bike with Dual 750W Motor and Samsung Lithium Battery - Bglbike","isPartOf":{"@id":"https:\/\/bglbike.com\/#website"},"primaryImageOfPage":{"@id":"https:\/\/bglbike.com\/product\/atv09\/#primaryimage"},"image":{"@id":"https:\/\/bglbike.com\/product\/atv09\/#primaryimage"},"thumbnailUrl":"https:\/\/bglbike.com\/wp-content\/uploads\/2023\/04\/1-97.png","datePublished":"2023-04-01T17:39:15+00:00","dateModified":"2024-01-05T04:32:53+00:00","description":"This sturdy, reliable bike is made with high-quality materials and construction that can handle even the most rugged terrain. It's perfect for anyone looking for a fun, outdoor experience.","breadcrumb":{"@id":"https:\/\/bglbike.com\/product\/atv09\/#breadcrumb"},"inLanguage":"es","potentialAction":[{"@type":"ReadAction","target":["https:\/\/bglbike.com\/product\/atv09\/"]}]},{"@type":"ImageObject","inLanguage":"es","@id":"https:\/\/bglbike.com\/product\/atv09\/#primaryimage","url":"https:\/\/bglbike.com\/wp-content\/uploads\/2023\/04\/1-97.png","contentUrl":"https:\/\/bglbike.com\/wp-content\/uploads\/2023\/04\/1-97.png","width":600,"height":600,"caption":"ATV09"},{"@type":"BreadcrumbList","@id":"https:\/\/bglbike.com\/product\/atv09\/#breadcrumb","itemListElement":[{"@type":"ListItem","position":1,"name":"Home","item":"https:\/\/bglbike.com\/"},{"@type":"ListItem","position":2,"name":"Wholesale Electric Bike","item":"https:\/\/bglbike.com\/wholesale-electric-bike\/"},{"@type":"ListItem","position":3,"name":"ATV09 Electric Fat Bike with Dual 750W Motor and Samsung Lithium Battery"}]},{"@type":"WebSite","@id":"https:\/\/bglbike.com\/#website","url":"https:\/\/bglbike.com\/","name":"Bglbike","description":"Top  Ebike manufacturer in China","publisher":{"@id":"https:\/\/bglbike.com\/#organization"},"potentialAction":[{"@type":"SearchAction","target":{"@type":"EntryPoint","urlTemplate":"https:\/\/bglbike.com\/?s={search_term_string}"},"query-input":{"@type":"PropertyValueSpecification","valueRequired":true,"valueName":"search_term_string"}}],"inLanguage":"es"},{"@type":"Organization","@id":"https:\/\/bglbike.com\/#organization","name":"Bglbike","url":"https:\/\/bglbike.com\/","logo":{"@type":"ImageObject","inLanguage":"es","@id":"https:\/\/bglbike.com\/#\/schema\/logo\/image\/","url":"https:\/\/bglbike.com\/wp-content\/uploads\/2023\/04\/cropped-LOGO.png","contentUrl":"https:\/\/bglbike.com\/wp-content\/uploads\/2023\/04\/cropped-LOGO.png","width":426,"height":141,"caption":"Bglbike"},"image":{"@id":"https:\/\/bglbike.com\/#\/schema\/logo\/image\/"}}]}},"_links":{"self":[{"href":"https:\/\/bglbike.com\/es\/wp-json\/wp\/v2\/product\/801","targetHints":{"allow":["GET"]}}],"collection":[{"href":"https:\/\/bglbike.com\/es\/wp-json\/wp\/v2\/product"}],"about":[{"href":"https:\/\/bglbike.com\/es\/wp-json\/wp\/v2\/types\/product"}],"wp:featuredmedia":[{"embeddable":true,"href":"https:\/\/bglbike.com\/es\/wp-json\/wp\/v2\/media\/4638"}],"wp:attachment":[{"href":"https:\/\/bglbike.com\/es\/wp-json\/wp\/v2\/media?parent=801"}],"wp:term":[{"taxonomy":"product_brand","embeddable":true,"href":"https:\/\/bglbike.com\/es\/wp-json\/wp\/v2\/product_brand?post=801"},{"taxonomy":"product_cat","embeddable":true,"href":"https:\/\/bglbike.com\/es\/wp-json\/wp\/v2\/product_cat?post=801"},{"taxonomy":"product_tag","embeddable":true,"href":"https:\/\/bglbike.com\/es\/wp-json\/wp\/v2\/product_tag?post=801"}],"curies":[{"name":"wp","href":"https:\/\/api.w.org\/{rel}","templated":true}]}}