{"id":790,"date":"2023-04-01T16:42:18","date_gmt":"2023-04-01T16:42:18","guid":{"rendered":"https:\/\/bglbike.com\/?post_type=product&#038;p=790"},"modified":"2023-05-31T02:39:20","modified_gmt":"2023-05-31T02:39:20","slug":"atv08","status":"publish","type":"product","link":"https:\/\/bglbike.com\/es\/producto\/atv08\/","title":{"rendered":"Fat Bike el\u00e9ctrica ATV08: cuadro de aleaci\u00f3n de aluminio de 7 velocidades, bater\u00eda de litio de 48 V, velocidad m\u00e1xima de &gt;50 km\/h"},"content":{"rendered":"<h3>Especificaci\u00f3n<\/h3>\n<div id=\"footable_parent_793\"\n         class=\"footable_parent ninja_table_wrapper loading_ninja_table wp_table_data_press_parent semantic_ui\">\n                <table data-ninja_table_instance=\"ninja_table_instance_0\" data-footable_id=\"793\" data-filter-delay=\"1000\" aria-label=\"ATV08.csv\"            id=\"footable_793\"\n           data-unique_identifier=\"ninja_table_unique_id_2257366992_793\"\n           class=\"foo-table ninja_footable foo_table_793 ninja_table_unique_id_2257366992_793 ui table  nt_type_legacy_table selectable striped vertical_centered  footable-paging-right ninja_table_pro\">\n                <colgroup>\n                            <col class=\"ninja_column_0\">\n                            <col class=\"ninja_column_1\">\n                    <\/colgroup>\n        <thead>\n<tr class=\"footable-header\">\n                                        <th scope=\"col\"  class=\"ninja_column_0 ninja_clmn_nm_item\">art\u00edculo<\/th><th scope=\"col\"  class=\"ninja_column_1 ninja_clmn_nm_value\">valor<\/th><\/tr>\n<\/thead>\n<tbody>\n\n        <tr data-row_id=\"565\" class=\"ninja_table_row_0 nt_row_id_565\">\n            <td>Lugar de origen<\/td><td>Porcelana<\/td>        <\/tr>\n            <tr data-row_id=\"566\" class=\"ninja_table_row_1 nt_row_id_566\">\n            <td><\/td><td>Zhejiang<\/td>        <\/tr>\n            <tr data-row_id=\"567\" class=\"ninja_table_row_2 nt_row_id_567\">\n            <td>Nombre de la marca<\/td><td>bglbicicleta<\/td>        <\/tr>\n            <tr data-row_id=\"568\" class=\"ninja_table_row_3 nt_row_id_568\">\n            <td>N\u00famero de modelo<\/td><td>ATV08<\/td>        <\/tr>\n            <tr data-row_id=\"569\" class=\"ninja_table_row_4 nt_row_id_569\">\n            <td>Engranajes<\/td><td>7 velocidades<\/td>        <\/tr>\n            <tr data-row_id=\"570\" class=\"ninja_table_row_5 nt_row_id_570\">\n            <td>Rango por Potencia<\/td><td>31 - 60 kil\u00f3metros<\/td>        <\/tr>\n            <tr data-row_id=\"571\" class=\"ninja_table_row_6 nt_row_id_571\">\n            <td>Material del marco<\/td><td>Aleaci\u00f3n de aluminio<\/td>        <\/tr>\n            <tr data-row_id=\"572\" class=\"ninja_table_row_7 nt_row_id_572\">\n            <td>Tama\u00f1o de la rueda<\/td><td>20\"<\/td>        <\/tr>\n            <tr data-row_id=\"573\" class=\"ninja_table_row_8 nt_row_id_573\">\n            <td>M\u00e1xima velocidad<\/td><td>&gt;50 km\/h<\/td>        <\/tr>\n            <tr data-row_id=\"574\" class=\"ninja_table_row_9 nt_row_id_574\">\n            <td>Voltaje<\/td><td>48V<\/td>        <\/tr>\n            <tr data-row_id=\"575\" class=\"ninja_table_row_10 nt_row_id_575\">\n            <td>Fuente de alimentaci\u00f3n<\/td><td>Bater\u00eda de Litio<\/td>        <\/tr>\n            <tr data-row_id=\"576\" class=\"ninja_table_row_11 nt_row_id_576\">\n            <td>Sistema de frenado<\/td><td>Freno de disco<\/td>        <\/tr>\n            <tr data-row_id=\"577\" class=\"ninja_table_row_12 nt_row_id_577\">\n            <td>Esfuerzo de torsi\u00f3n<\/td><td>50-60 nm<\/td>        <\/tr>\n            <tr data-row_id=\"578\" class=\"ninja_table_row_13 nt_row_id_578\">\n            <td>Tiempo de carga<\/td><td>4-6 horas<\/td>        <\/tr>\n            <tr data-row_id=\"579\" class=\"ninja_table_row_14 nt_row_id_579\">\n            <td>Posici\u00f3n del motor<\/td><td>Motor del cubo trasero<\/td>        <\/tr>\n            <tr data-row_id=\"580\" class=\"ninja_table_row_15 nt_row_id_580\">\n            <td>Posici\u00f3n de la bater\u00eda<\/td><td>Bater\u00eda integrada<\/td>        <\/tr>\n            <tr data-row_id=\"581\" class=\"ninja_table_row_16 nt_row_id_581\">\n            <td>Capacidad de la bater\u00eda<\/td><td>20AH<\/td>        <\/tr>\n            <tr data-row_id=\"582\" class=\"ninja_table_row_17 nt_row_id_582\">\n            <td>Nombre del producto<\/td><td>Bicicleta electrica<\/td>        <\/tr>\n            <tr data-row_id=\"583\" class=\"ninja_table_row_18 nt_row_id_583\">\n            <td>Bater\u00eda<\/td><td>Bater\u00eda de litio de 48V 20Ah<\/td>        <\/tr>\n            <tr data-row_id=\"584\" class=\"ninja_table_row_19 nt_row_id_584\">\n            <td>Fuerza de motor<\/td><td>250W\/350W\/500W\/750W\/1000W<\/td>        <\/tr>\n            <tr data-row_id=\"585\" class=\"ninja_table_row_20 nt_row_id_585\">\n            <td>Neum\u00e1tico<\/td><td>Neum\u00e1ticos gordos 20*4,0<\/td>        <\/tr>\n            <tr data-row_id=\"586\" class=\"ninja_table_row_21 nt_row_id_586\">\n            <td>Freno<\/td><td>Freno de disco<\/td>        <\/tr>\n            <tr data-row_id=\"587\" class=\"ninja_table_row_22 nt_row_id_587\">\n            <td>Marco<\/td><td>Aleaci\u00f3n de aluminio<\/td>        <\/tr>\n            <tr data-row_id=\"588\" class=\"ninja_table_row_23 nt_row_id_588\">\n            <td>Mostrar<\/td><td>Pantalla LCD<\/td>        <\/tr>\n            <tr data-row_id=\"589\" class=\"ninja_table_row_24 nt_row_id_589\">\n            <td>Controlador<\/td><td>Sin escobillas inteligente<\/td>        <\/tr>\n            <tr data-row_id=\"590\" class=\"ninja_table_row_25 nt_row_id_590\">\n            <td>Tenedor frontal<\/td><td>Horquilla delantera de suspensi\u00f3n<\/td>        <\/tr>\n            <tr data-row_id=\"591\" class=\"ninja_table_row_26 nt_row_id_591\">\n            <td>M\u00e1xima velocidad<\/td><td>55 km\/h<\/td>        <\/tr>\n    <\/tbody><!--ninja_tobody_rendering_done-->\n    <\/table>\n    \n    \n    \n<\/div>\n\n<h3>Capacidad de suministro<\/h3>\n<p>20000 piezas\/piezas por mes<\/p>\n<h3>Empaquetado y entrega<\/h3>\n<p>Detalles de empaquetado: espuma con cajas de cart\u00f3n.<br \/>\nPuerto: Ning Bo o Shangh\u00e1i<br \/>\nTiempo de espera:<div id=\"footable_parent_794\"\n         class=\"footable_parent ninja_table_wrapper loading_ninja_table wp_table_data_press_parent semantic_ui\">\n                <table data-ninja_table_instance=\"ninja_table_instance_1\" data-footable_id=\"794\" data-filter-delay=\"1000\" aria-label=\"EBB.csv\"            id=\"footable_794\"\n           data-unique_identifier=\"ninja_table_unique_id_4041076401_794\"\n           class=\"foo-table ninja_footable foo_table_794 ninja_table_unique_id_4041076401_794 ui table  nt_type_legacy_table selectable striped vertical_centered  footable-paging-right ninja_table_pro\">\n                <colgroup>\n                            <col class=\"ninja_column_0\">\n                            <col class=\"ninja_column_1\">\n                            <col class=\"ninja_column_2\">\n                            <col class=\"ninja_column_3\">\n                    <\/colgroup>\n        <thead>\n<tr class=\"footable-header\">\n                                                                        <th scope=\"col\"  class=\"ninja_column_0 ninja_clmn_nm_quantitypieces\">Cantidad (piezas)<\/th><th scope=\"col\"  class=\"ninja_column_1 ninja_clmn_nm_11\">1-1<\/th><th scope=\"col\"  class=\"ninja_column_2 ninja_clmn_nm_22\">2-20<\/th><th scope=\"col\"  class=\"ninja_column_3 ninja_clmn_nm_2\">&gt;20<\/th><\/tr>\n<\/thead>\n<tbody>\n\n        <tr data-row_id=\"592\" class=\"ninja_table_row_0 nt_row_id_592\">\n            <td>Plazo de ejecuci\u00f3n (d\u00edas)<\/td><td>7<\/td><td>15<\/td><td>Ser negociado<\/td>        <\/tr>\n    <\/tbody><!--ninja_tobody_rendering_done-->\n    <\/table>\n    \n    \n    \n<\/div>\n<\/p>\n<h3>Imagen de detalle<\/h3>\n<p><img fetchpriority=\"high\" decoding=\"async\" class=\"size-full wp-image-3573\" src=\"https:\/\/bglbike.com\/wp-content\/uploads\/2023\/04\/EBB04-6.png\" alt=\"Im\u00e1genes de detalles\" width=\"625\" height=\"600\" srcset=\"https:\/\/bglbike.com\/wp-content\/uploads\/2023\/04\/EBB04-6.png 625w, https:\/\/bglbike.com\/wp-content\/uploads\/2023\/04\/EBB04-6-300x288.png 300w, https:\/\/bglbike.com\/wp-content\/uploads\/2023\/04\/EBB04-6-13x12.png 13w, https:\/\/bglbike.com\/wp-content\/uploads\/2023\/04\/EBB04-6-208x200.png 208w, https:\/\/bglbike.com\/wp-content\/uploads\/2023\/04\/EBB04-6-600x576.png 600w\" sizes=\"(max-width: 625px) 100vw, 625px\" \/><\/p>\n<h3>Fat Bike el\u00e9ctrica ATV08: marco de aleaci\u00f3n de aluminio de 7 velocidades, bater\u00eda de litio de 48 V, velocidad m\u00e1xima de &gt;50 km\/h<\/h3>\n<p>&nbsp;<\/p>\n<p><strong>1. \u00bfCu\u00e1l es la diferencia entre una Fat Bike y una Fat Bike el\u00e9ctrica?<\/strong><br \/>\nUna Fat Bike es un tipo de bicicleta que normalmente tiene llantas m\u00e1s grandes que una bicicleta tradicional y est\u00e1 dise\u00f1ada para uso todoterreno. Una Fat Bike el\u00e9ctrica, tambi\u00e9n conocida como ATV08, agrega un motor a bater\u00eda a la mezcla, lo que permite al ciclista viajar distancias m\u00e1s largas con menos esfuerzo y mayor velocidad.<\/p>\n<p><strong>2. \u00bfCu\u00e1nto cuesta una Fat Bike el\u00e9ctrica ATV08: cuadro de aleaci\u00f3n de aluminio de 7 velocidades, bater\u00eda de litio de 48 V, velocidad m\u00e1xima de &gt;50 km\/h?<\/strong><br \/>\nEl costo de una Fat Bike el\u00e9ctrica ATV08: cuadro de aleaci\u00f3n de aluminio de 7 velocidades, bater\u00eda de litio de 48 V, velocidad m\u00e1xima &gt;50 km\/h depender\u00e1 de varios factores, como la calidad de los componentes utilizados y el modelo seleccionado.<\/p>\n<p><strong>3. \u00bfCu\u00e1les son algunas de las ventajas de tener una Fat Bike el\u00e9ctrica?<\/strong><br \/>\nLa principal ventaja de tener una Fat Bike el\u00e9ctrica es su capacidad para navegar por diferentes tipos de terreno con facilidad debido a sus neum\u00e1ticos grandes y su potente motor. Adem\u00e1s, en comparaci\u00f3n con las bicicletas tradicionales, las Fat Bikes el\u00e9ctricas requieren menos esfuerzo por parte de los ciclistas para recorrer largas distancias porque tienen motores el\u00e9ctricos que brindan asistencia cuando es necesario.<\/p>\n<p><strong>4. \u00bfHay alg\u00fan problema de seguridad al andar en una Fat Bike el\u00e9ctrica?<\/strong><br \/>\nAl igual que con cualquier veh\u00edculo, es importante tomar ciertas precauciones de seguridad al andar en una Fat Bike el\u00e9ctrica, como usar equipo de protecci\u00f3n, incluido un casco, y estar atento a otros veh\u00edculos en la carretera o sendero mientras conduce. Tambi\u00e9n es importante cumplir con los l\u00edmites de velocidad establecidos para mantenerse seguro mientras anda en bicicleta.<\/p>\n<p><strong>5. \u00bfATV08 ofrece alguna garant\u00eda o garant\u00eda para sus productos?<\/strong><br \/>\nS\u00ed, ATV08 ofrece una garant\u00eda limitada de un a\u00f1o en todos los productos, que cubre defectos de fabricaci\u00f3n o da\u00f1os causados por una instalaci\u00f3n o uso inadecuado de sus productos.<\/p>","protected":false},"excerpt":{"rendered":"<p>Prep\u00e1rate para experimentar la emoci\u00f3n de montar con The <strong>Fat Bike el\u00e9ctrica ATV08: cuadro de aleaci\u00f3n de aluminio de 7 velocidades, bater\u00eda de litio de 48 V, velocidad m\u00e1xima de &gt;50 km\/h<\/strong>! Esta incre\u00edble fat bike el\u00e9ctrica presenta una combinaci\u00f3n \u00f3ptima de potencia y comodidad. Su estructura liviana y su potente motor facilitan la conducci\u00f3n r\u00e1pida, mientras que sus luces LED integradas garantizan una visibilidad superior en condiciones de poca luz o humedad. Adem\u00e1s, los frenos de disco brindan una excelente capacidad de frenado en todos los estados. Adem\u00e1s, su dise\u00f1o plegable hace que sea f\u00e1cil de guardar cuando no est\u00e1 en uso y a\u00fan tiene mucho espacio para explorar. \u00a1Lleva tu experiencia de conducci\u00f3n al siguiente nivel con el ATV08!<\/p>","protected":false},"featured_media":3908,"template":"","meta":{"site-sidebar-layout":"default","site-content-layout":"default","ast-site-content-layout":"default","site-content-style":"default","site-sidebar-style":"default","ast-global-header-display":"","ast-banner-title-visibility":"","ast-main-header-display":"","ast-hfb-above-header-display":"","ast-hfb-below-header-display":"","ast-hfb-mobile-header-display":"","site-post-title":"","ast-breadcrumbs-content":"","ast-featured-img":"","footer-sml-layout":"","ast-disable-related-posts":"","theme-transparent-header-meta":"default","adv-header-id-meta":"","stick-header-meta":"default","header-above-stick-meta":"","header-main-stick-meta":"","header-below-stick-meta":"","astra-migrate-meta-layouts":"default","ast-page-background-enabled":"default","ast-page-background-meta":{"desktop":{"background-color":"var(--ast-global-color-4)","background-image":"","background-repeat":"repeat","background-position":"center center","background-size":"auto","background-attachment":"scroll","background-type":"","background-media":"","overlay-type":"","overlay-color":"","overlay-opacity":"","overlay-gradient":""},"tablet":{"background-color":"","background-image":"","background-repeat":"repeat","background-position":"center center","background-size":"auto","background-attachment":"scroll","background-type":"","background-media":"","overlay-type":"","overlay-color":"","overlay-opacity":"","overlay-gradient":""},"mobile":{"background-color":"","background-image":"","background-repeat":"repeat","background-position":"center center","background-size":"auto","background-attachment":"scroll","background-type":"","background-media":"","overlay-type":"","overlay-color":"","overlay-opacity":"","overlay-gradient":""}},"ast-content-background-meta":{"desktop":{"background-color":"var(--ast-global-color-5)","background-image":"","background-repeat":"repeat","background-position":"center center","background-size":"auto","background-attachment":"scroll","background-type":"","background-media":"","overlay-type":"","overlay-color":"","overlay-opacity":"","overlay-gradient":""},"tablet":{"background-color":"var(--ast-global-color-5)","background-image":"","background-repeat":"repeat","background-position":"center center","background-size":"auto","background-attachment":"scroll","background-type":"","background-media":"","overlay-type":"","overlay-color":"","overlay-opacity":"","overlay-gradient":""},"mobile":{"background-color":"var(--ast-global-color-5)","background-image":"","background-repeat":"repeat","background-position":"center center","background-size":"auto","background-attachment":"scroll","background-type":"","background-media":"","overlay-type":"","overlay-color":"","overlay-opacity":"","overlay-gradient":""}}},"product_brand":[],"product_cat":[23],"product_tag":[],"class_list":{"0":"post-790","1":"product","2":"type-product","3":"status-publish","4":"has-post-thumbnail","6":"product_cat-electric-fat-bike","7":"desktop-align-left","8":"tablet-align-left","9":"mobile-align-left","10":"ast-product-gallery-layout-horizontal-slider","11":"ast-product-gallery-with-no-image","12":"ast-product-single-variable","13":"ast-product-tabs-layout-horizontal","15":"first","16":"instock","17":"shipping-taxable","18":"purchasable","19":"product-type-variable"},"yoast_head":"<!-- This site is optimized with the Yoast SEO Premium plugin v20.9 (Yoast SEO v27.3) - https:\/\/yoast.com\/product\/yoast-seo-premium-wordpress\/ -->\n<title>ATV08 Electric Fat Bike: 7-Speed Aluminum Alloy Frame, 48V Lithium Battery, &gt;50km\/h Max Speed - Bglbike<\/title>\n<meta name=\"description\" content=\"This ATV08 Electric Fat Bike: 7-Speed Aluminum Alloy Frame, 48V Lithium Battery, &gt;50km\/h Max Speed is the highest-quality electric fat bike on the market, and it comes from a trusted manufacturer. It features a powerful motor, large tires, and an extended battery life.\" \/>\n<meta name=\"robots\" content=\"index, follow, max-snippet:-1, max-image-preview:large, max-video-preview:-1\" \/>\n<link rel=\"canonical\" href=\"https:\/\/bglbike.com\/es\/producto\/atv08\/\" \/>\n<meta property=\"og:locale\" content=\"es_ES\" \/>\n<meta property=\"og:type\" content=\"article\" \/>\n<meta property=\"og:title\" content=\"ATV08 Electric Fat Bike: 7-Speed Aluminum Alloy Frame, 48V Lithium Battery, &gt;50km\/h Max Speed\" \/>\n<meta property=\"og:description\" content=\"This ATV08 Electric Fat Bike: 7-Speed Aluminum Alloy Frame, 48V Lithium Battery, &gt;50km\/h Max Speed is the highest-quality electric fat bike on the market, and it comes from a trusted manufacturer. It features a powerful motor, large tires, and an extended battery life.\" \/>\n<meta property=\"og:url\" content=\"https:\/\/bglbike.com\/es\/producto\/atv08\/\" \/>\n<meta property=\"og:site_name\" content=\"Bglbike\" \/>\n<meta property=\"article:modified_time\" content=\"2023-05-31T02:39:20+00:00\" \/>\n<meta property=\"og:image\" content=\"https:\/\/bglbike.com\/wp-content\/uploads\/2023\/04\/1-92.png\" \/>\n\t<meta property=\"og:image:width\" content=\"600\" \/>\n\t<meta property=\"og:image:height\" content=\"600\" \/>\n\t<meta property=\"og:image:type\" content=\"image\/png\" \/>\n<meta name=\"twitter:card\" content=\"summary_large_image\" \/>\n<meta name=\"twitter:label1\" content=\"Tiempo de lectura\" \/>\n\t<meta name=\"twitter:data1\" content=\"2 minutos\" \/>\n<script type=\"application\/ld+json\" class=\"yoast-schema-graph\">{\"@context\":\"https:\\\/\\\/schema.org\",\"@graph\":[{\"@type\":\"WebPage\",\"@id\":\"https:\\\/\\\/bglbike.com\\\/product\\\/atv08\\\/\",\"url\":\"https:\\\/\\\/bglbike.com\\\/product\\\/atv08\\\/\",\"name\":\"ATV08 Electric Fat Bike: 7-Speed Aluminum Alloy Frame, 48V Lithium Battery, >50km\\\/h Max Speed - Bglbike\",\"isPartOf\":{\"@id\":\"https:\\\/\\\/bglbike.com\\\/#website\"},\"primaryImageOfPage\":{\"@id\":\"https:\\\/\\\/bglbike.com\\\/product\\\/atv08\\\/#primaryimage\"},\"image\":{\"@id\":\"https:\\\/\\\/bglbike.com\\\/product\\\/atv08\\\/#primaryimage\"},\"thumbnailUrl\":\"https:\\\/\\\/bglbike.com\\\/wp-content\\\/uploads\\\/2023\\\/04\\\/1-92.png\",\"datePublished\":\"2023-04-01T16:42:18+00:00\",\"dateModified\":\"2023-05-31T02:39:20+00:00\",\"description\":\"This ATV08 Electric Fat Bike: 7-Speed Aluminum Alloy Frame, 48V Lithium Battery, >50km\\\/h Max Speed is the highest-quality electric fat bike on the market, and it comes from a trusted manufacturer. It features a powerful motor, large tires, and an extended battery life.\",\"breadcrumb\":{\"@id\":\"https:\\\/\\\/bglbike.com\\\/product\\\/atv08\\\/#breadcrumb\"},\"inLanguage\":\"es\",\"potentialAction\":[{\"@type\":\"ReadAction\",\"target\":[\"https:\\\/\\\/bglbike.com\\\/product\\\/atv08\\\/\"]}]},{\"@type\":\"ImageObject\",\"inLanguage\":\"es\",\"@id\":\"https:\\\/\\\/bglbike.com\\\/product\\\/atv08\\\/#primaryimage\",\"url\":\"https:\\\/\\\/bglbike.com\\\/wp-content\\\/uploads\\\/2023\\\/04\\\/1-92.png\",\"contentUrl\":\"https:\\\/\\\/bglbike.com\\\/wp-content\\\/uploads\\\/2023\\\/04\\\/1-92.png\",\"width\":600,\"height\":600,\"caption\":\"ATV08\"},{\"@type\":\"BreadcrumbList\",\"@id\":\"https:\\\/\\\/bglbike.com\\\/product\\\/atv08\\\/#breadcrumb\",\"itemListElement\":[{\"@type\":\"ListItem\",\"position\":1,\"name\":\"Home\",\"item\":\"https:\\\/\\\/bglbike.com\\\/\"},{\"@type\":\"ListItem\",\"position\":2,\"name\":\"Wholesale Electric Bike\",\"item\":\"https:\\\/\\\/bglbike.com\\\/wholesale-electric-bike\\\/\"},{\"@type\":\"ListItem\",\"position\":3,\"name\":\"ATV08 Electric Fat Bike: 7-Speed Aluminum Alloy Frame, 48V Lithium Battery, >50km\\\/h Max Speed\"}]},{\"@type\":\"WebSite\",\"@id\":\"https:\\\/\\\/bglbike.com\\\/#website\",\"url\":\"https:\\\/\\\/bglbike.com\\\/\",\"name\":\"Bglbike\",\"description\":\"Top  Ebike manufacturer in China\",\"publisher\":{\"@id\":\"https:\\\/\\\/bglbike.com\\\/#organization\"},\"potentialAction\":[{\"@type\":\"SearchAction\",\"target\":{\"@type\":\"EntryPoint\",\"urlTemplate\":\"https:\\\/\\\/bglbike.com\\\/?s={search_term_string}\"},\"query-input\":{\"@type\":\"PropertyValueSpecification\",\"valueRequired\":true,\"valueName\":\"search_term_string\"}}],\"inLanguage\":\"es\"},{\"@type\":\"Organization\",\"@id\":\"https:\\\/\\\/bglbike.com\\\/#organization\",\"name\":\"Bglbike\",\"url\":\"https:\\\/\\\/bglbike.com\\\/\",\"logo\":{\"@type\":\"ImageObject\",\"inLanguage\":\"es\",\"@id\":\"https:\\\/\\\/bglbike.com\\\/#\\\/schema\\\/logo\\\/image\\\/\",\"url\":\"https:\\\/\\\/bglbike.com\\\/wp-content\\\/uploads\\\/2023\\\/04\\\/cropped-LOGO.png\",\"contentUrl\":\"https:\\\/\\\/bglbike.com\\\/wp-content\\\/uploads\\\/2023\\\/04\\\/cropped-LOGO.png\",\"width\":426,\"height\":141,\"caption\":\"Bglbike\"},\"image\":{\"@id\":\"https:\\\/\\\/bglbike.com\\\/#\\\/schema\\\/logo\\\/image\\\/\"}}]}<\/script>\n<!-- \/ Yoast SEO Premium plugin. -->","yoast_head_json":{"title":"ATV08 Electric Fat Bike: 7-Speed Aluminum Alloy Frame, 48V Lithium Battery, >50km\/h Max Speed - Bglbike","description":"This ATV08 Electric Fat Bike: 7-Speed Aluminum Alloy Frame, 48V Lithium Battery, >50km\/h Max Speed is the highest-quality electric fat bike on the market, and it comes from a trusted manufacturer. It features a powerful motor, large tires, and an extended battery life.","robots":{"index":"index","follow":"follow","max-snippet":"max-snippet:-1","max-image-preview":"max-image-preview:large","max-video-preview":"max-video-preview:-1"},"canonical":"https:\/\/bglbike.com\/es\/producto\/atv08\/","og_locale":"es_ES","og_type":"article","og_title":"ATV08 Electric Fat Bike: 7-Speed Aluminum Alloy Frame, 48V Lithium Battery, >50km\/h Max Speed","og_description":"This ATV08 Electric Fat Bike: 7-Speed Aluminum Alloy Frame, 48V Lithium Battery, >50km\/h Max Speed is the highest-quality electric fat bike on the market, and it comes from a trusted manufacturer. It features a powerful motor, large tires, and an extended battery life.","og_url":"https:\/\/bglbike.com\/es\/producto\/atv08\/","og_site_name":"Bglbike","article_modified_time":"2023-05-31T02:39:20+00:00","og_image":[{"width":600,"height":600,"url":"https:\/\/bglbike.com\/wp-content\/uploads\/2023\/04\/1-92.png","type":"image\/png"}],"twitter_card":"summary_large_image","twitter_misc":{"Tiempo de lectura":"2 minutos"},"schema":{"@context":"https:\/\/schema.org","@graph":[{"@type":"WebPage","@id":"https:\/\/bglbike.com\/product\/atv08\/","url":"https:\/\/bglbike.com\/product\/atv08\/","name":"ATV08 Electric Fat Bike: 7-Speed Aluminum Alloy Frame, 48V Lithium Battery, >50km\/h Max Speed - Bglbike","isPartOf":{"@id":"https:\/\/bglbike.com\/#website"},"primaryImageOfPage":{"@id":"https:\/\/bglbike.com\/product\/atv08\/#primaryimage"},"image":{"@id":"https:\/\/bglbike.com\/product\/atv08\/#primaryimage"},"thumbnailUrl":"https:\/\/bglbike.com\/wp-content\/uploads\/2023\/04\/1-92.png","datePublished":"2023-04-01T16:42:18+00:00","dateModified":"2023-05-31T02:39:20+00:00","description":"This ATV08 Electric Fat Bike: 7-Speed Aluminum Alloy Frame, 48V Lithium Battery, >50km\/h Max Speed is the highest-quality electric fat bike on the market, and it comes from a trusted manufacturer. It features a powerful motor, large tires, and an extended battery life.","breadcrumb":{"@id":"https:\/\/bglbike.com\/product\/atv08\/#breadcrumb"},"inLanguage":"es","potentialAction":[{"@type":"ReadAction","target":["https:\/\/bglbike.com\/product\/atv08\/"]}]},{"@type":"ImageObject","inLanguage":"es","@id":"https:\/\/bglbike.com\/product\/atv08\/#primaryimage","url":"https:\/\/bglbike.com\/wp-content\/uploads\/2023\/04\/1-92.png","contentUrl":"https:\/\/bglbike.com\/wp-content\/uploads\/2023\/04\/1-92.png","width":600,"height":600,"caption":"ATV08"},{"@type":"BreadcrumbList","@id":"https:\/\/bglbike.com\/product\/atv08\/#breadcrumb","itemListElement":[{"@type":"ListItem","position":1,"name":"Home","item":"https:\/\/bglbike.com\/"},{"@type":"ListItem","position":2,"name":"Wholesale Electric Bike","item":"https:\/\/bglbike.com\/wholesale-electric-bike\/"},{"@type":"ListItem","position":3,"name":"ATV08 Electric Fat Bike: 7-Speed Aluminum Alloy Frame, 48V Lithium Battery, >50km\/h Max Speed"}]},{"@type":"WebSite","@id":"https:\/\/bglbike.com\/#website","url":"https:\/\/bglbike.com\/","name":"Bglbike","description":"Top  Ebike manufacturer in China","publisher":{"@id":"https:\/\/bglbike.com\/#organization"},"potentialAction":[{"@type":"SearchAction","target":{"@type":"EntryPoint","urlTemplate":"https:\/\/bglbike.com\/?s={search_term_string}"},"query-input":{"@type":"PropertyValueSpecification","valueRequired":true,"valueName":"search_term_string"}}],"inLanguage":"es"},{"@type":"Organization","@id":"https:\/\/bglbike.com\/#organization","name":"Bglbike","url":"https:\/\/bglbike.com\/","logo":{"@type":"ImageObject","inLanguage":"es","@id":"https:\/\/bglbike.com\/#\/schema\/logo\/image\/","url":"https:\/\/bglbike.com\/wp-content\/uploads\/2023\/04\/cropped-LOGO.png","contentUrl":"https:\/\/bglbike.com\/wp-content\/uploads\/2023\/04\/cropped-LOGO.png","width":426,"height":141,"caption":"Bglbike"},"image":{"@id":"https:\/\/bglbike.com\/#\/schema\/logo\/image\/"}}]}},"_links":{"self":[{"href":"https:\/\/bglbike.com\/es\/wp-json\/wp\/v2\/product\/790","targetHints":{"allow":["GET"]}}],"collection":[{"href":"https:\/\/bglbike.com\/es\/wp-json\/wp\/v2\/product"}],"about":[{"href":"https:\/\/bglbike.com\/es\/wp-json\/wp\/v2\/types\/product"}],"wp:featuredmedia":[{"embeddable":true,"href":"https:\/\/bglbike.com\/es\/wp-json\/wp\/v2\/media\/3908"}],"wp:attachment":[{"href":"https:\/\/bglbike.com\/es\/wp-json\/wp\/v2\/media?parent=790"}],"wp:term":[{"taxonomy":"product_brand","embeddable":true,"href":"https:\/\/bglbike.com\/es\/wp-json\/wp\/v2\/product_brand?post=790"},{"taxonomy":"product_cat","embeddable":true,"href":"https:\/\/bglbike.com\/es\/wp-json\/wp\/v2\/product_cat?post=790"},{"taxonomy":"product_tag","embeddable":true,"href":"https:\/\/bglbike.com\/es\/wp-json\/wp\/v2\/product_tag?post=790"}],"curies":[{"name":"wp","href":"https:\/\/api.w.org\/{rel}","templated":true}]}}