{"id":752,"date":"2023-04-01T13:56:42","date_gmt":"2023-04-01T13:56:42","guid":{"rendered":"https:\/\/bglbike.com\/?post_type=product&#038;p=752"},"modified":"2023-05-31T02:43:50","modified_gmt":"2023-05-31T02:43:50","slug":"atv05","status":"publish","type":"product","link":"https:\/\/bglbike.com\/es\/producto\/atv05\/","title":{"rendered":"Fat Bike el\u00e9ctrica ATV05: Potente motor 48V 500W, bater\u00eda Samsung"},"content":{"rendered":"<h3>Especificaci\u00f3n<\/h3>\n<div id=\"footable_parent_755\"\n         class=\"footable_parent ninja_table_wrapper loading_ninja_table wp_table_data_press_parent semantic_ui\">\n                <table data-ninja_table_instance=\"ninja_table_instance_0\" data-footable_id=\"755\" data-filter-delay=\"1000\" aria-label=\"ATV05.csv\"            id=\"footable_755\"\n           data-unique_identifier=\"ninja_table_unique_id_1857355698_755\"\n           class=\"foo-table ninja_footable foo_table_755 ninja_table_unique_id_1857355698_755 ui table  nt_type_legacy_table selectable striped vertical_centered  footable-paging-right ninja_table_pro\">\n                <colgroup>\n                            <col class=\"ninja_column_0\">\n                            <col class=\"ninja_column_1\">\n                    <\/colgroup>\n        <thead>\n<tr class=\"footable-header\">\n                                        <th scope=\"col\"  class=\"ninja_column_0 ninja_clmn_nm_motor\">Motor<\/th><th scope=\"col\"  class=\"ninja_column_1 ninja_clmn_nm_48v5w8funrearmountedbrushlesshub\">Buje sin escobillas montado en la parte trasera 48V500W(8FUN)<\/th><\/tr>\n<\/thead>\n<tbody>\n\n        <tr data-row_id=\"479\" class=\"ninja_table_row_0 nt_row_id_479\">\n            <td>Bater\u00eda<\/td><td>48V16AH (Samsung) de iones de litio<\/td>        <\/tr>\n            <tr data-row_id=\"480\" class=\"ninja_table_row_1 nt_row_id_480\">\n            <td>Tiempo de carga<\/td><td>4-6 horas<\/td>        <\/tr>\n            <tr data-row_id=\"481\" class=\"ninja_table_row_2 nt_row_id_481\">\n            <td>Cargador<\/td><td>2A CE\/UL<\/td>        <\/tr>\n            <tr data-row_id=\"482\" class=\"ninja_table_row_3 nt_row_id_482\">\n            <td>Controlador<\/td><td>Controlador integrado 48V 500W<\/td>        <\/tr>\n            <tr data-row_id=\"483\" class=\"ninja_table_row_4 nt_row_id_483\">\n            <td>Rango estimado<\/td><td>20 millas (32 km)-30 millas (48 km)<\/td>        <\/tr>\n            <tr data-row_id=\"484\" class=\"ninja_table_row_5 nt_row_id_484\">\n            <td>Mostrar<\/td><td>pantalla LCD<\/td>        <\/tr>\n            <tr data-row_id=\"485\" class=\"ninja_table_row_6 nt_row_id_485\">\n            <td>Modo conductor<\/td><td>Pedal de detecci\u00f3n de cadencia asistida, acelerador de gatillo (disco de sensor de 6 imanes)<\/td>        <\/tr>\n            <tr data-row_id=\"486\" class=\"ninja_table_row_7 nt_row_id_486\">\n            <td>Velocidad m\u00e1xima<\/td><td>UE: 15,6 mph (25 kph)\/Am\u00e9rica del Norte: 20 mph (32 kph)<\/td>        <\/tr>\n            <tr data-row_id=\"487\" class=\"ninja_table_row_8 nt_row_id_487\">\n            <td>Peso total<\/td><td>57 libras (26 kg)<\/td>        <\/tr>\n            <tr data-row_id=\"488\" class=\"ninja_table_row_9 nt_row_id_488\">\n            <td>Marco<\/td><td>26&quot;, aleaci\u00f3n de aluminio 6061<\/td>        <\/tr>\n            <tr data-row_id=\"489\" class=\"ninja_table_row_10 nt_row_id_489\">\n            <td>Tenedor<\/td><td>Suspensi\u00f3n b\u00e1sica<\/td>        <\/tr>\n            <tr data-row_id=\"490\" class=\"ninja_table_row_11 nt_row_id_490\">\n            <td>Engranaje<\/td><td>7 velocidades 1x7, Shimano Tourney TX<\/td>        <\/tr>\n            <tr data-row_id=\"491\" class=\"ninja_table_row_12 nt_row_id_491\">\n            <td>Cambio<\/td><td>Shimano de 7 velocidades<\/td>        <\/tr>\n            <tr data-row_id=\"492\" class=\"ninja_table_row_13 nt_row_id_492\">\n            <td>Bielas<\/td><td>Plato de 44 dientes, bielas Prowheel de 170 mm<\/td>        <\/tr>\n            <tr data-row_id=\"493\" class=\"ninja_table_row_14 nt_row_id_493\">\n            <td>pedales<\/td><td>Wellgo, aleaci\u00f3n de aluminio<\/td>        <\/tr>\n            <tr data-row_id=\"494\" class=\"ninja_table_row_15 nt_row_id_494\">\n            <td>Auriculares<\/td><td>Neco, Cojinete Sellado<\/td>        <\/tr>\n            <tr data-row_id=\"495\" class=\"ninja_table_row_16 nt_row_id_495\">\n            <td>Provenir<\/td><td>Promax, aleaci\u00f3n de aluminio<\/td>        <\/tr>\n            <tr data-row_id=\"496\" class=\"ninja_table_row_17 nt_row_id_496\">\n            <td>Manillar<\/td><td>Promax, aleaci\u00f3n de aluminio<\/td>        <\/tr>\n            <tr data-row_id=\"497\" class=\"ninja_table_row_18 nt_row_id_497\">\n            <td>Freno<\/td><td>Disco Tektro con rotores de 160 mm<\/td>        <\/tr>\n            <tr data-row_id=\"498\" class=\"ninja_table_row_19 nt_row_id_498\">\n            <td>Palancas<\/td><td>Palancas Tektro e Inhibidor de Motor<\/td>        <\/tr>\n            <tr data-row_id=\"499\" class=\"ninja_table_row_20 nt_row_id_499\">\n            <td>Pu\u00f1os<\/td><td>Pu\u00f1os de goma Velo<\/td>        <\/tr>\n            <tr data-row_id=\"500\" class=\"ninja_table_row_21 nt_row_id_500\">\n            <td>Sill\u00edn<\/td><td>velo comodo<\/td>        <\/tr>\n            <tr data-row_id=\"501\" class=\"ninja_table_row_22 nt_row_id_501\">\n            <td>Tija de sill\u00edn<\/td><td>Aleaci\u00f3n de aluminio Promax<\/td>        <\/tr>\n            <tr data-row_id=\"502\" class=\"ninja_table_row_23 nt_row_id_502\">\n            <td>Borde<\/td><td>Aleaci\u00f3n de aluminio<\/td>        <\/tr>\n            <tr data-row_id=\"503\" class=\"ninja_table_row_24 nt_row_id_503\">\n            <td>radios<\/td><td>Acero inoxidable, 36H<\/td>        <\/tr>\n            <tr data-row_id=\"504\" class=\"ninja_table_row_25 nt_row_id_504\">\n            <td>Neum\u00e1tico<\/td><td>Kenda, 26&quot; x 4.0&quot;<\/td>        <\/tr>\n            <tr data-row_id=\"505\" class=\"ninja_table_row_26 nt_row_id_505\">\n            <td>pata de cabra<\/td><td>Pata de apoyo de carga masiva<\/td>        <\/tr>\n            <tr data-row_id=\"506\" class=\"ninja_table_row_27 nt_row_id_506\">\n            <td>Tama\u00f1os de caja<\/td><td>155*77*27cm<\/td>        <\/tr>\n            <tr data-row_id=\"507\" class=\"ninja_table_row_28 nt_row_id_507\">\n            <td>Envase<\/td><td>65 piezas\/20 pies 180 piezas\/40 pies<\/td>        <\/tr>\n    <\/tbody><!--ninja_tobody_rendering_done-->\n    <\/table>\n    \n    \n    \n<\/div>\n\n<h3>Capacidad de suministro<\/h3>\n<p>20000 piezas\/piezas por mes<\/p>\n<h3>Empaquetado y entrega<\/h3>\n<p>Detalles de empaquetado: espuma con cajas de cart\u00f3n.<br \/>\nPuerto: Ning Bo o Shangh\u00e1i<br \/>\nTiempo de espera:<div id=\"footable_parent_756\"\n         class=\"footable_parent ninja_table_wrapper loading_ninja_table wp_table_data_press_parent semantic_ui\">\n                <table data-ninja_table_instance=\"ninja_table_instance_1\" data-footable_id=\"756\" data-filter-delay=\"1000\" aria-label=\"EBB.csv\"            id=\"footable_756\"\n           data-unique_identifier=\"ninja_table_unique_id_3662823926_756\"\n           class=\"foo-table ninja_footable foo_table_756 ninja_table_unique_id_3662823926_756 ui table  nt_type_legacy_table selectable striped vertical_centered  footable-paging-right ninja_table_pro\">\n                <colgroup>\n                            <col class=\"ninja_column_0\">\n                            <col class=\"ninja_column_1\">\n                            <col class=\"ninja_column_2\">\n                            <col class=\"ninja_column_3\">\n                    <\/colgroup>\n        <thead>\n<tr class=\"footable-header\">\n                                                                        <th scope=\"col\"  class=\"ninja_column_0 ninja_clmn_nm_quantitypieces\">Cantidad (piezas)<\/th><th scope=\"col\"  class=\"ninja_column_1 ninja_clmn_nm_11\">1-1<\/th><th scope=\"col\"  class=\"ninja_column_2 ninja_clmn_nm_22\">2-20<\/th><th scope=\"col\"  class=\"ninja_column_3 ninja_clmn_nm_2\">&gt;20<\/th><\/tr>\n<\/thead>\n<tbody>\n\n        <tr data-row_id=\"508\" class=\"ninja_table_row_0 nt_row_id_508\">\n            <td>Plazo de ejecuci\u00f3n (d\u00edas)<\/td><td>7<\/td><td>15<\/td><td>Ser negociado<\/td>        <\/tr>\n    <\/tbody><!--ninja_tobody_rendering_done-->\n    <\/table>\n    \n    \n    \n<\/div>\n<\/p>\n<h3>Imagen de embalaje<\/h3>\n<p><img fetchpriority=\"high\" decoding=\"async\" class=\"size-full wp-image-3553\" src=\"https:\/\/bglbike.com\/wp-content\/uploads\/2023\/04\/EBB05-1.png\" alt=\"Imagen de embalaje\" width=\"600\" height=\"600\" srcset=\"https:\/\/bglbike.com\/wp-content\/uploads\/2023\/04\/EBB05-1.png 600w, https:\/\/bglbike.com\/wp-content\/uploads\/2023\/04\/EBB05-1-300x300.png 300w, https:\/\/bglbike.com\/wp-content\/uploads\/2023\/04\/EBB05-1-150x150.png 150w, https:\/\/bglbike.com\/wp-content\/uploads\/2023\/04\/EBB05-1-12x12.png 12w, https:\/\/bglbike.com\/wp-content\/uploads\/2023\/04\/EBB05-1-200x200.png 200w, https:\/\/bglbike.com\/wp-content\/uploads\/2023\/04\/EBB05-1-100x100.png 100w\" sizes=\"(max-width: 600px) 100vw, 600px\" \/><\/p>\n<h3>Imagen de detalle<\/h3>\n<p><img decoding=\"async\" class=\"wp-image-3582\" src=\"https:\/\/bglbike.com\/wp-content\/uploads\/2023\/04\/333-14.png\" alt=\"Im\u00e1genes de detalles\" width=\"600\" height=\"576\" srcset=\"https:\/\/bglbike.com\/wp-content\/uploads\/2023\/04\/333-14.png 625w, https:\/\/bglbike.com\/wp-content\/uploads\/2023\/04\/333-14-300x288.png 300w, https:\/\/bglbike.com\/wp-content\/uploads\/2023\/04\/333-14-13x12.png 13w, https:\/\/bglbike.com\/wp-content\/uploads\/2023\/04\/333-14-208x200.png 208w, https:\/\/bglbike.com\/wp-content\/uploads\/2023\/04\/333-14-600x576.png 600w\" sizes=\"(max-width: 600px) 100vw, 600px\" \/><\/p>\n<h3>Fat Bike el\u00e9ctrica ATV05: Potente motor de 48 V 500 W, preguntas frecuentes sobre la bater\u00eda Samsung<\/h3>\n<p><strong>P1: \u00bfQu\u00e9 es una Fat Bike-ATV05 el\u00e9ctrica?<\/strong><br \/>\nUna ATV05 es una bicicleta el\u00e9ctrica dise\u00f1ada para uso todoterreno, generalmente con llantas anchas y un cuadro fuerte que brinda m\u00e1s estabilidad y tracci\u00f3n que una bicicleta normal. Tiene un motor el\u00e9ctrico para ayudar al pedaleo y puede alcanzar velocidades de hasta 40 kil\u00f3metros por hora. Tiene una autonom\u00eda de hasta 50 kil\u00f3metros, seg\u00fan el terreno y el peso del ciclista, y se puede utilizar para desplazamientos, paseos de ocio o aventuras todoterreno.<\/p>\n<p><strong>P2: \u00bfQu\u00e9 tipo de bater\u00eda tiene la bicicleta?<\/strong><br \/>\nLa Fat Bike el\u00e9ctrica ATV05: Potente motor de 48 V 500 W, la bater\u00eda Samsung est\u00e1 alimentada por una bater\u00eda avanzada de iones de litio con una capacidad de bater\u00eda de 48 V 16 Ah. Esto le da suficiente potencia para viajar hasta 50 kil\u00f3metros con una sola carga, lo que te permite explorar m\u00e1s lejos que nunca.<\/p>\n<p><strong>P3: \u00bfLa Fat Bike-ATV05 el\u00e9ctrica es adecuada para todos los ciclistas?<\/strong><br \/>\nGracias a su potencia ajustable y altura del asiento, Electric Fat lo hace ideal para todos, desde ni\u00f1os hasta adultos.<\/p>\n<p><strong>P4:\u00bfEl Electric Fat Bike-ATV05 viene con alg\u00fan accesorio?<\/strong><br \/>\nS\u00ed, el paquete est\u00e1ndar incluye todo lo que necesitas, incluidos los guardabarros; faro LED; bocina; campana; pata de cabra; pu\u00f1os de manillar; portabultos; paquete de bater\u00eda extra\u00edble para cargar lejos de su bicicleta; Puerto USB para cargar dispositivos como tel\u00e9fonos inteligentes o tabletas mientras exploras.<\/p>\n<p><strong>P5: \u00bfQu\u00e9 caracter\u00edsticas de seguridad tiene la bicicleta?<\/strong><br \/>\nLa Fat Bike el\u00e9ctrica ATV05 se ha dise\u00f1ado pensando en la seguridad y viene equipada con frenos de disco en ambas ruedas y reflectores de alta visibilidad en ambos lados del cuadro y las llantas de las ruedas para que otros usuarios de la carretera puedan verlo f\u00e1cilmente cuando est\u00e1 oscuro afuera. La bicicleta tambi\u00e9n cuenta con modos de tres velocidades (baja, media y alta), para que pueda ajustar su velocidad de acuerdo con sus preferencias personales o las condiciones del terreno mientras conduce por senderos todoterreno.<\/p>","protected":false},"excerpt":{"rendered":"<p>Experimenta la emoci\u00f3n de la aventura con<strong> Fat Bike el\u00e9ctrica ATV05: Potente motor 48V 500W, bater\u00eda Samsung<\/strong>! Y con su pr\u00e1ctico dise\u00f1o plegable, puedes guardar f\u00e1cilmente esta bicicleta cuando no est\u00e9 en uso sin sacrificar espacio para moverte libremente. \u00a1Lleva tus exploraciones al siguiente nivel con ATV05! El ATV05 es perfecto para empresas que compran fat bikes el\u00e9ctricas al por mayor. Este ATV05 es el mejor modelo del mercado y proviene de un fabricante de confianza. Cuenta con un potente motor que facilita atravesar cualquier terreno y tiene una bater\u00eda de larga duraci\u00f3n para disfrutar de tu viaje durante horas. Adem\u00e1s, es asequible para que pueda obtener el m\u00e1ximo valor por su dinero.<\/p>","protected":false},"featured_media":3914,"template":"","meta":{"site-sidebar-layout":"default","site-content-layout":"default","ast-site-content-layout":"default","site-content-style":"default","site-sidebar-style":"default","ast-global-header-display":"","ast-banner-title-visibility":"","ast-main-header-display":"","ast-hfb-above-header-display":"","ast-hfb-below-header-display":"","ast-hfb-mobile-header-display":"","site-post-title":"","ast-breadcrumbs-content":"","ast-featured-img":"","footer-sml-layout":"","ast-disable-related-posts":"","theme-transparent-header-meta":"default","adv-header-id-meta":"","stick-header-meta":"default","header-above-stick-meta":"","header-main-stick-meta":"","header-below-stick-meta":"","astra-migrate-meta-layouts":"default","ast-page-background-enabled":"default","ast-page-background-meta":{"desktop":{"background-color":"var(--ast-global-color-4)","background-image":"","background-repeat":"repeat","background-position":"center center","background-size":"auto","background-attachment":"scroll","background-type":"","background-media":"","overlay-type":"","overlay-color":"","overlay-opacity":"","overlay-gradient":""},"tablet":{"background-color":"","background-image":"","background-repeat":"repeat","background-position":"center center","background-size":"auto","background-attachment":"scroll","background-type":"","background-media":"","overlay-type":"","overlay-color":"","overlay-opacity":"","overlay-gradient":""},"mobile":{"background-color":"","background-image":"","background-repeat":"repeat","background-position":"center center","background-size":"auto","background-attachment":"scroll","background-type":"","background-media":"","overlay-type":"","overlay-color":"","overlay-opacity":"","overlay-gradient":""}},"ast-content-background-meta":{"desktop":{"background-color":"var(--ast-global-color-5)","background-image":"","background-repeat":"repeat","background-position":"center center","background-size":"auto","background-attachment":"scroll","background-type":"","background-media":"","overlay-type":"","overlay-color":"","overlay-opacity":"","overlay-gradient":""},"tablet":{"background-color":"var(--ast-global-color-5)","background-image":"","background-repeat":"repeat","background-position":"center center","background-size":"auto","background-attachment":"scroll","background-type":"","background-media":"","overlay-type":"","overlay-color":"","overlay-opacity":"","overlay-gradient":""},"mobile":{"background-color":"var(--ast-global-color-5)","background-image":"","background-repeat":"repeat","background-position":"center center","background-size":"auto","background-attachment":"scroll","background-type":"","background-media":"","overlay-type":"","overlay-color":"","overlay-opacity":"","overlay-gradient":""}}},"product_brand":[],"product_cat":[23],"product_tag":[],"class_list":{"0":"post-752","1":"product","2":"type-product","3":"status-publish","4":"has-post-thumbnail","6":"product_cat-electric-fat-bike","7":"desktop-align-left","8":"tablet-align-left","9":"mobile-align-left","10":"ast-product-gallery-layout-horizontal-slider","11":"ast-product-gallery-with-no-image","12":"ast-product-single-variable","13":"ast-product-tabs-layout-horizontal","15":"first","16":"instock","17":"shipping-taxable","18":"purchasable","19":"product-type-variable"},"yoast_head":"<!-- This site is optimized with the Yoast SEO Premium plugin v20.9 (Yoast SEO v27.3) - https:\/\/yoast.com\/product\/yoast-seo-premium-wordpress\/ -->\n<title>ATV05 Electric Fat Bike: Powerful 48V 500W Motor, Samsung Battery - Bglbike<\/title>\n<meta name=\"description\" content=\"Its lightweight frame and powerful motor provide maximum power, while its disc brakes ensure superior stopping power in low-light or wet weather conditions.\" \/>\n<meta name=\"robots\" content=\"index, follow, max-snippet:-1, max-image-preview:large, max-video-preview:-1\" \/>\n<link rel=\"canonical\" href=\"https:\/\/bglbike.com\/es\/producto\/atv05\/\" \/>\n<meta property=\"og:locale\" content=\"es_ES\" \/>\n<meta property=\"og:type\" content=\"article\" \/>\n<meta property=\"og:title\" content=\"ATV05 Electric Fat Bike: Powerful 48V 500W Motor, Samsung Battery\" \/>\n<meta property=\"og:description\" content=\"Its lightweight frame and powerful motor provide maximum power, while its disc brakes ensure superior stopping power in low-light or wet weather conditions.\" \/>\n<meta property=\"og:url\" content=\"https:\/\/bglbike.com\/es\/producto\/atv05\/\" \/>\n<meta property=\"og:site_name\" content=\"Bglbike\" \/>\n<meta property=\"article:modified_time\" content=\"2023-05-31T02:43:50+00:00\" \/>\n<meta property=\"og:image\" content=\"https:\/\/bglbike.com\/wp-content\/uploads\/2023\/04\/EBB04-8.png\" \/>\n\t<meta property=\"og:image:width\" content=\"600\" \/>\n\t<meta property=\"og:image:height\" content=\"600\" \/>\n\t<meta property=\"og:image:type\" content=\"image\/png\" \/>\n<meta name=\"twitter:card\" content=\"summary_large_image\" \/>\n<meta name=\"twitter:label1\" content=\"Tiempo de lectura\" \/>\n\t<meta name=\"twitter:data1\" content=\"2 minutos\" \/>\n<script type=\"application\/ld+json\" class=\"yoast-schema-graph\">{\"@context\":\"https:\\\/\\\/schema.org\",\"@graph\":[{\"@type\":\"WebPage\",\"@id\":\"https:\\\/\\\/bglbike.com\\\/product\\\/atv05\\\/\",\"url\":\"https:\\\/\\\/bglbike.com\\\/product\\\/atv05\\\/\",\"name\":\"ATV05 Electric Fat Bike: Powerful 48V 500W Motor, Samsung Battery - Bglbike\",\"isPartOf\":{\"@id\":\"https:\\\/\\\/bglbike.com\\\/#website\"},\"primaryImageOfPage\":{\"@id\":\"https:\\\/\\\/bglbike.com\\\/product\\\/atv05\\\/#primaryimage\"},\"image\":{\"@id\":\"https:\\\/\\\/bglbike.com\\\/product\\\/atv05\\\/#primaryimage\"},\"thumbnailUrl\":\"https:\\\/\\\/bglbike.com\\\/wp-content\\\/uploads\\\/2023\\\/04\\\/EBB04-8.png\",\"datePublished\":\"2023-04-01T13:56:42+00:00\",\"dateModified\":\"2023-05-31T02:43:50+00:00\",\"description\":\"Its lightweight frame and powerful motor provide maximum power, while its disc brakes ensure superior stopping power in low-light or wet weather conditions.\",\"breadcrumb\":{\"@id\":\"https:\\\/\\\/bglbike.com\\\/product\\\/atv05\\\/#breadcrumb\"},\"inLanguage\":\"es\",\"potentialAction\":[{\"@type\":\"ReadAction\",\"target\":[\"https:\\\/\\\/bglbike.com\\\/product\\\/atv05\\\/\"]}]},{\"@type\":\"ImageObject\",\"inLanguage\":\"es\",\"@id\":\"https:\\\/\\\/bglbike.com\\\/product\\\/atv05\\\/#primaryimage\",\"url\":\"https:\\\/\\\/bglbike.com\\\/wp-content\\\/uploads\\\/2023\\\/04\\\/EBB04-8.png\",\"contentUrl\":\"https:\\\/\\\/bglbike.com\\\/wp-content\\\/uploads\\\/2023\\\/04\\\/EBB04-8.png\",\"width\":600,\"height\":600,\"caption\":\"ATV05\"},{\"@type\":\"BreadcrumbList\",\"@id\":\"https:\\\/\\\/bglbike.com\\\/product\\\/atv05\\\/#breadcrumb\",\"itemListElement\":[{\"@type\":\"ListItem\",\"position\":1,\"name\":\"Home\",\"item\":\"https:\\\/\\\/bglbike.com\\\/\"},{\"@type\":\"ListItem\",\"position\":2,\"name\":\"Wholesale Electric Bike\",\"item\":\"https:\\\/\\\/bglbike.com\\\/wholesale-electric-bike\\\/\"},{\"@type\":\"ListItem\",\"position\":3,\"name\":\"ATV05 Electric Fat Bike: Powerful 48V 500W Motor, Samsung Battery\"}]},{\"@type\":\"WebSite\",\"@id\":\"https:\\\/\\\/bglbike.com\\\/#website\",\"url\":\"https:\\\/\\\/bglbike.com\\\/\",\"name\":\"Bglbike\",\"description\":\"Top  Ebike manufacturer in China\",\"publisher\":{\"@id\":\"https:\\\/\\\/bglbike.com\\\/#organization\"},\"potentialAction\":[{\"@type\":\"SearchAction\",\"target\":{\"@type\":\"EntryPoint\",\"urlTemplate\":\"https:\\\/\\\/bglbike.com\\\/?s={search_term_string}\"},\"query-input\":{\"@type\":\"PropertyValueSpecification\",\"valueRequired\":true,\"valueName\":\"search_term_string\"}}],\"inLanguage\":\"es\"},{\"@type\":\"Organization\",\"@id\":\"https:\\\/\\\/bglbike.com\\\/#organization\",\"name\":\"Bglbike\",\"url\":\"https:\\\/\\\/bglbike.com\\\/\",\"logo\":{\"@type\":\"ImageObject\",\"inLanguage\":\"es\",\"@id\":\"https:\\\/\\\/bglbike.com\\\/#\\\/schema\\\/logo\\\/image\\\/\",\"url\":\"https:\\\/\\\/bglbike.com\\\/wp-content\\\/uploads\\\/2023\\\/04\\\/cropped-LOGO.png\",\"contentUrl\":\"https:\\\/\\\/bglbike.com\\\/wp-content\\\/uploads\\\/2023\\\/04\\\/cropped-LOGO.png\",\"width\":426,\"height\":141,\"caption\":\"Bglbike\"},\"image\":{\"@id\":\"https:\\\/\\\/bglbike.com\\\/#\\\/schema\\\/logo\\\/image\\\/\"}}]}<\/script>\n<!-- \/ Yoast SEO Premium plugin. -->","yoast_head_json":{"title":"ATV05 Electric Fat Bike: Powerful 48V 500W Motor, Samsung Battery - Bglbike","description":"Its lightweight frame and powerful motor provide maximum power, while its disc brakes ensure superior stopping power in low-light or wet weather conditions.","robots":{"index":"index","follow":"follow","max-snippet":"max-snippet:-1","max-image-preview":"max-image-preview:large","max-video-preview":"max-video-preview:-1"},"canonical":"https:\/\/bglbike.com\/es\/producto\/atv05\/","og_locale":"es_ES","og_type":"article","og_title":"ATV05 Electric Fat Bike: Powerful 48V 500W Motor, Samsung Battery","og_description":"Its lightweight frame and powerful motor provide maximum power, while its disc brakes ensure superior stopping power in low-light or wet weather conditions.","og_url":"https:\/\/bglbike.com\/es\/producto\/atv05\/","og_site_name":"Bglbike","article_modified_time":"2023-05-31T02:43:50+00:00","og_image":[{"width":600,"height":600,"url":"https:\/\/bglbike.com\/wp-content\/uploads\/2023\/04\/EBB04-8.png","type":"image\/png"}],"twitter_card":"summary_large_image","twitter_misc":{"Tiempo de lectura":"2 minutos"},"schema":{"@context":"https:\/\/schema.org","@graph":[{"@type":"WebPage","@id":"https:\/\/bglbike.com\/product\/atv05\/","url":"https:\/\/bglbike.com\/product\/atv05\/","name":"ATV05 Electric Fat Bike: Powerful 48V 500W Motor, Samsung Battery - Bglbike","isPartOf":{"@id":"https:\/\/bglbike.com\/#website"},"primaryImageOfPage":{"@id":"https:\/\/bglbike.com\/product\/atv05\/#primaryimage"},"image":{"@id":"https:\/\/bglbike.com\/product\/atv05\/#primaryimage"},"thumbnailUrl":"https:\/\/bglbike.com\/wp-content\/uploads\/2023\/04\/EBB04-8.png","datePublished":"2023-04-01T13:56:42+00:00","dateModified":"2023-05-31T02:43:50+00:00","description":"Its lightweight frame and powerful motor provide maximum power, while its disc brakes ensure superior stopping power in low-light or wet weather conditions.","breadcrumb":{"@id":"https:\/\/bglbike.com\/product\/atv05\/#breadcrumb"},"inLanguage":"es","potentialAction":[{"@type":"ReadAction","target":["https:\/\/bglbike.com\/product\/atv05\/"]}]},{"@type":"ImageObject","inLanguage":"es","@id":"https:\/\/bglbike.com\/product\/atv05\/#primaryimage","url":"https:\/\/bglbike.com\/wp-content\/uploads\/2023\/04\/EBB04-8.png","contentUrl":"https:\/\/bglbike.com\/wp-content\/uploads\/2023\/04\/EBB04-8.png","width":600,"height":600,"caption":"ATV05"},{"@type":"BreadcrumbList","@id":"https:\/\/bglbike.com\/product\/atv05\/#breadcrumb","itemListElement":[{"@type":"ListItem","position":1,"name":"Home","item":"https:\/\/bglbike.com\/"},{"@type":"ListItem","position":2,"name":"Wholesale Electric Bike","item":"https:\/\/bglbike.com\/wholesale-electric-bike\/"},{"@type":"ListItem","position":3,"name":"ATV05 Electric Fat Bike: Powerful 48V 500W Motor, Samsung Battery"}]},{"@type":"WebSite","@id":"https:\/\/bglbike.com\/#website","url":"https:\/\/bglbike.com\/","name":"Bglbike","description":"Top  Ebike manufacturer in China","publisher":{"@id":"https:\/\/bglbike.com\/#organization"},"potentialAction":[{"@type":"SearchAction","target":{"@type":"EntryPoint","urlTemplate":"https:\/\/bglbike.com\/?s={search_term_string}"},"query-input":{"@type":"PropertyValueSpecification","valueRequired":true,"valueName":"search_term_string"}}],"inLanguage":"es"},{"@type":"Organization","@id":"https:\/\/bglbike.com\/#organization","name":"Bglbike","url":"https:\/\/bglbike.com\/","logo":{"@type":"ImageObject","inLanguage":"es","@id":"https:\/\/bglbike.com\/#\/schema\/logo\/image\/","url":"https:\/\/bglbike.com\/wp-content\/uploads\/2023\/04\/cropped-LOGO.png","contentUrl":"https:\/\/bglbike.com\/wp-content\/uploads\/2023\/04\/cropped-LOGO.png","width":426,"height":141,"caption":"Bglbike"},"image":{"@id":"https:\/\/bglbike.com\/#\/schema\/logo\/image\/"}}]}},"_links":{"self":[{"href":"https:\/\/bglbike.com\/es\/wp-json\/wp\/v2\/product\/752","targetHints":{"allow":["GET"]}}],"collection":[{"href":"https:\/\/bglbike.com\/es\/wp-json\/wp\/v2\/product"}],"about":[{"href":"https:\/\/bglbike.com\/es\/wp-json\/wp\/v2\/types\/product"}],"wp:featuredmedia":[{"embeddable":true,"href":"https:\/\/bglbike.com\/es\/wp-json\/wp\/v2\/media\/3914"}],"wp:attachment":[{"href":"https:\/\/bglbike.com\/es\/wp-json\/wp\/v2\/media?parent=752"}],"wp:term":[{"taxonomy":"product_brand","embeddable":true,"href":"https:\/\/bglbike.com\/es\/wp-json\/wp\/v2\/product_brand?post=752"},{"taxonomy":"product_cat","embeddable":true,"href":"https:\/\/bglbike.com\/es\/wp-json\/wp\/v2\/product_cat?post=752"},{"taxonomy":"product_tag","embeddable":true,"href":"https:\/\/bglbike.com\/es\/wp-json\/wp\/v2\/product_tag?post=752"}],"curies":[{"name":"wp","href":"https:\/\/api.w.org\/{rel}","templated":true}]}}