{"id":723,"date":"2023-03-31T06:16:59","date_gmt":"2023-03-31T06:16:59","guid":{"rendered":"https:\/\/bglbike.com\/?post_type=product&#038;p=723"},"modified":"2023-05-31T02:46:20","modified_gmt":"2023-05-31T02:46:20","slug":"atv02","status":"publish","type":"product","link":"https:\/\/bglbike.com\/es\/producto\/atv02\/","title":{"rendered":"Fat Bike el\u00e9ctrica ATV02 con bater\u00eda de litio Shimano 7 Speed Gears 48V 10Ah"},"content":{"rendered":"<h3>Especificaci\u00f3n<\/h3>\n<div id=\"footable_parent_726\"\n         class=\"footable_parent ninja_table_wrapper loading_ninja_table wp_table_data_press_parent semantic_ui\">\n                <table data-ninja_table_instance=\"ninja_table_instance_0\" data-footable_id=\"726\" data-filter-delay=\"1000\" aria-label=\"ATV02.csv\"            id=\"footable_726\"\n           data-unique_identifier=\"ninja_table_unique_id_1179287590_726\"\n           class=\"foo-table ninja_footable foo_table_726 ninja_table_unique_id_1179287590_726 ui table  nt_type_legacy_table selectable striped vertical_centered  footable-paging-right ninja_table_pro\">\n                <colgroup>\n                            <col class=\"ninja_column_0\">\n                            <col class=\"ninja_column_1\">\n                    <\/colgroup>\n        <thead>\n<tr class=\"footable-header\">\n                                        <th scope=\"col\"  class=\"ninja_column_0 ninja_clmn_nm_brandname\">Nombre de la marca<\/th><th scope=\"col\"  class=\"ninja_column_1 ninja_clmn_nm_baogl\">baogl<\/th><\/tr>\n<\/thead>\n<tbody>\n\n        <tr data-row_id=\"409\" class=\"ninja_table_row_0 nt_row_id_409\">\n            <td>N\u00famero de modelo<\/td><td>ATV02<\/td>        <\/tr>\n            <tr data-row_id=\"410\" class=\"ninja_table_row_1 nt_row_id_410\">\n            <td>Engranajes<\/td><td>Shimano de 7 velocidades<\/td>        <\/tr>\n            <tr data-row_id=\"411\" class=\"ninja_table_row_2 nt_row_id_411\">\n            <td>Rango por Potencia<\/td><td>31 - 60 kil\u00f3metros<\/td>        <\/tr>\n            <tr data-row_id=\"412\" class=\"ninja_table_row_3 nt_row_id_412\">\n            <td>Tama\u00f1o de la rueda<\/td><td>26\"<\/td>        <\/tr>\n            <tr data-row_id=\"413\" class=\"ninja_table_row_4 nt_row_id_413\">\n            <td>M\u00e1xima velocidad<\/td><td>&gt;50 km\/h<\/td>        <\/tr>\n            <tr data-row_id=\"414\" class=\"ninja_table_row_5 nt_row_id_414\">\n            <td>Voltaje<\/td><td>48V<\/td>        <\/tr>\n            <tr data-row_id=\"415\" class=\"ninja_table_row_6 nt_row_id_415\">\n            <td>Esfuerzo de torsi\u00f3n<\/td><td>50-60 nm<\/td>        <\/tr>\n            <tr data-row_id=\"416\" class=\"ninja_table_row_7 nt_row_id_416\">\n            <td>Tiempo de carga<\/td><td>4-6 horas<\/td>        <\/tr>\n            <tr data-row_id=\"417\" class=\"ninja_table_row_8 nt_row_id_417\">\n            <td>Posici\u00f3n del motor<\/td><td>Motor del cubo trasero<\/td>        <\/tr>\n            <tr data-row_id=\"418\" class=\"ninja_table_row_9 nt_row_id_418\">\n            <td>Posici\u00f3n de la bater\u00eda<\/td><td>Bater\u00eda integrada<\/td>        <\/tr>\n            <tr data-row_id=\"419\" class=\"ninja_table_row_10 nt_row_id_419\">\n            <td>Capacidad de la bater\u00eda<\/td><td>10AH<\/td>        <\/tr>\n            <tr data-row_id=\"420\" class=\"ninja_table_row_11 nt_row_id_420\">\n            <td>Nombre del producto<\/td><td>Bicicleta electrica<\/td>        <\/tr>\n            <tr data-row_id=\"421\" class=\"ninja_table_row_12 nt_row_id_421\">\n            <td>Bater\u00eda<\/td><td>Bater\u00eda de litio de 48V 10Ah<\/td>        <\/tr>\n            <tr data-row_id=\"422\" class=\"ninja_table_row_13 nt_row_id_422\">\n            <td>Fuerza de motor<\/td><td>500W<\/td>        <\/tr>\n            <tr data-row_id=\"423\" class=\"ninja_table_row_14 nt_row_id_423\">\n            <td>Neum\u00e1tico<\/td><td>Neum\u00e1ticos gordos 26*4,0<\/td>        <\/tr>\n            <tr data-row_id=\"424\" class=\"ninja_table_row_15 nt_row_id_424\">\n            <td>Freno<\/td><td>Freno de disco Tektro<\/td>        <\/tr>\n            <tr data-row_id=\"425\" class=\"ninja_table_row_16 nt_row_id_425\">\n            <td>Marco<\/td><td>Aleaci\u00f3n de aluminio<\/td>        <\/tr>\n            <tr data-row_id=\"426\" class=\"ninja_table_row_17 nt_row_id_426\">\n            <td>Mostrar<\/td><td>Pantalla LCD<\/td>        <\/tr>\n            <tr data-row_id=\"427\" class=\"ninja_table_row_18 nt_row_id_427\">\n            <td>Controlador<\/td><td>Sin escobillas inteligente<\/td>        <\/tr>\n            <tr data-row_id=\"428\" class=\"ninja_table_row_19 nt_row_id_428\">\n            <td>Tenedor frontal<\/td><td>R\u00edgido, Aleaci\u00f3n de Aluminio<\/td>        <\/tr>\n            <tr data-row_id=\"429\" class=\"ninja_table_row_20 nt_row_id_429\">\n            <td>M\u00e1xima velocidad<\/td><td>55 km\/h<\/td>        <\/tr>\n    <\/tbody><!--ninja_tobody_rendering_done-->\n    <\/table>\n    \n    \n    \n<\/div>\n\n<h3>Empaquetado y entrega<\/h3>\n<p>Detalles de empaquetado: Tama\u00f1o del cart\u00f3n: 165*76*28cm<br \/>\nContenedor: 65 piezas\/20 pies; 180 piezas\/40 pies<br \/>\nPuerto: Ningb\u00f3<br \/>\nTiempo de espera:<div id=\"footable_parent_727\"\n         class=\"footable_parent ninja_table_wrapper loading_ninja_table wp_table_data_press_parent semantic_ui\">\n                <table data-ninja_table_instance=\"ninja_table_instance_1\" data-footable_id=\"727\" data-filter-delay=\"1000\" aria-label=\"EFB12Leadtime.csv\"            id=\"footable_727\"\n           data-unique_identifier=\"ninja_table_unique_id_2414683933_727\"\n           class=\"foo-table ninja_footable foo_table_727 ninja_table_unique_id_2414683933_727 ui table  nt_type_legacy_table selectable striped vertical_centered  footable-paging-right ninja_table_pro\">\n                <colgroup>\n                            <col class=\"ninja_column_0\">\n                            <col class=\"ninja_column_1\">\n                            <col class=\"ninja_column_2\">\n                    <\/colgroup>\n        <thead>\n<tr class=\"footable-header\">\n                                                        <th scope=\"col\"  class=\"ninja_column_0 ninja_clmn_nm_quantitypieces\">Cantidad (piezas)<\/th><th scope=\"col\"  class=\"ninja_column_1 ninja_clmn_nm_11\">1-25<\/th><th scope=\"col\"  class=\"ninja_column_2 ninja_clmn_nm_1\">&gt;25<\/th><\/tr>\n<\/thead>\n<tbody>\n\n        <tr data-row_id=\"430\" class=\"ninja_table_row_0 nt_row_id_430\">\n            <td>Plazo de ejecuci\u00f3n (d\u00edas)<\/td><td>60<\/td><td>Ser negociado<\/td>        <\/tr>\n    <\/tbody><!--ninja_tobody_rendering_done-->\n    <\/table>\n    \n    \n    \n<\/div>\n<\/p>\n<h3>imagen de embalaje<\/h3>\n<p><img fetchpriority=\"high\" decoding=\"async\" class=\"size-full wp-image-3521\" src=\"https:\/\/bglbike.com\/wp-content\/uploads\/2023\/04\/111-4.png\" alt=\"imagen de embalaje\" width=\"600\" height=\"600\" srcset=\"https:\/\/bglbike.com\/wp-content\/uploads\/2023\/04\/111-4.png 600w, https:\/\/bglbike.com\/wp-content\/uploads\/2023\/04\/111-4-300x300.png 300w, https:\/\/bglbike.com\/wp-content\/uploads\/2023\/04\/111-4-150x150.png 150w, https:\/\/bglbike.com\/wp-content\/uploads\/2023\/04\/111-4-12x12.png 12w, https:\/\/bglbike.com\/wp-content\/uploads\/2023\/04\/111-4-200x200.png 200w, https:\/\/bglbike.com\/wp-content\/uploads\/2023\/04\/111-4-100x100.png 100w\" sizes=\"(max-width: 600px) 100vw, 600px\" \/><\/p>\n<h3>Aplicaciones<\/h3>\n<p><img decoding=\"async\" class=\"size-full wp-image-3591\" src=\"https:\/\/bglbike.com\/wp-content\/uploads\/2023\/03\/333-6.png\" alt=\"1\" width=\"600\" height=\"600\" srcset=\"https:\/\/bglbike.com\/wp-content\/uploads\/2023\/03\/333-6.png 600w, https:\/\/bglbike.com\/wp-content\/uploads\/2023\/03\/333-6-300x300.png 300w, https:\/\/bglbike.com\/wp-content\/uploads\/2023\/03\/333-6-150x150.png 150w, https:\/\/bglbike.com\/wp-content\/uploads\/2023\/03\/333-6-12x12.png 12w, https:\/\/bglbike.com\/wp-content\/uploads\/2023\/03\/333-6-200x200.png 200w, https:\/\/bglbike.com\/wp-content\/uploads\/2023\/03\/333-6-100x100.png 100w\" sizes=\"(max-width: 600px) 100vw, 600px\" \/><\/p>\n<p>&nbsp;<\/p>\n<h3>preguntas frecuentes<\/h3>\n<p><strong>P1:\u00bfEn qu\u00e9 se diferencia la Fat Bike el\u00e9ctrica ATV02 con bater\u00eda de litio Shimano de 7 velocidades y 48 V 10 Ah de otras bicicletas el\u00e9ctricas?<\/strong><br \/>\nLa Electric Fat bike-ATV02 est\u00e1 dise\u00f1ada con un marco duradero y robusto, lo que la convierte en una de las bicicletas el\u00e9ctricas m\u00e1s resistentes disponibles. Este modelo cuenta con una bater\u00eda de autonom\u00eda extralarga. El motor tambi\u00e9n es lo suficientemente potente como para hacer frente a colinas y terrenos irregulares con facilidad.<\/p>\n<p><strong>P2:\u00bfLa Fat Bike el\u00e9ctrica ATV02 con Shimano 7 Speed Gears 48V 10Ah bater\u00eda de litio viene con caracter\u00edsticas de seguridad?<\/strong><br \/>\nEste modelo incluye frenos de alta calidad que ofrecen una potencia de frenado r\u00e1pida y un control estable de la velocidad. Adem\u00e1s, los faros LED brillantes y las luces traseras brindan visibilidad adicional durante los viajes nocturnos. La bicicleta tambi\u00e9n tiene llantas resistentes a pinchazos para protecci\u00f3n adicional contra pinchazos y resbalones en superficies mojadas o caminos de grava.<\/p>\n<p><strong>P3:\u00bfCu\u00e1nto tiempo se tarda en cargar la bater\u00eda en una Fat Bike el\u00e9ctrica ATV02 con bater\u00eda de litio Shimano 7 Speed Gears 48V 10Ah?<\/strong><br \/>\nEl Electric Fat bike-ATV02 utiliza una potente bater\u00eda de iones de litio que se puede cargar por completo en tan solo 4 a 6 horas con un cargador de salida est\u00e1ndar o en solo 2 horas con un cargador r\u00e1pido.<\/p>\n<p><strong>P4:\u00bfEn qu\u00e9 tipo de terreno puedo usar mi Fat Bike el\u00e9ctrica ATV02 con bater\u00eda de litio Shimano de 7 velocidades y 48 V 10 Ah?<\/strong><br \/>\nYa sea que est\u00e9 conduciendo en barro, arena o grava, \u00a1esta bicicleta gorda el\u00e9ctrica est\u00e1 lista para el desaf\u00edo!<\/p>\n<p><strong>P5:\u00bfSe incluye una garant\u00eda con la compra de una Fat Bike el\u00e9ctrica ATV02 con bater\u00eda de litio Shimano de 7 velocidades, 48 V y 10 Ah?<\/strong><br \/>\nS\u00ed, cada compra de un ATV02 viene con una garant\u00eda integral de 1 a\u00f1o que cubre cualquier defecto de fabricaci\u00f3n o mal funcionamiento encontrado durante el uso normal del producto dentro de 1 a\u00f1o a partir de la fecha de compra.<\/p>","protected":false},"excerpt":{"rendered":"<p>Esta revolucionaria fat bike el\u00e9ctrica ofrece el m\u00e1ximo rendimiento, eficiencia, elegancia y comodidad. Su marco liviano combinado con un potente motor permite a los usuarios aprovechar al m\u00e1ximo sus paseos sin tener que preocuparse por el volumen innecesario. Con luces LED integradas y frenos de disco para una potencia de frenado superior; puede viajar en condiciones de poca luz o clima h\u00famedo con confianza. Prep\u00e1rate para revolucionar tu viaje hoy con <strong>Fat Bike el\u00e9ctrica ATV02 con bater\u00eda de litio Shimano 7 Speed Gears 48V 10Ah<\/strong>!<\/p>","protected":false},"featured_media":3910,"template":"","meta":{"site-sidebar-layout":"default","site-content-layout":"default","ast-site-content-layout":"default","site-content-style":"default","site-sidebar-style":"default","ast-global-header-display":"","ast-banner-title-visibility":"","ast-main-header-display":"","ast-hfb-above-header-display":"","ast-hfb-below-header-display":"","ast-hfb-mobile-header-display":"","site-post-title":"","ast-breadcrumbs-content":"","ast-featured-img":"","footer-sml-layout":"","ast-disable-related-posts":"","theme-transparent-header-meta":"default","adv-header-id-meta":"","stick-header-meta":"default","header-above-stick-meta":"","header-main-stick-meta":"","header-below-stick-meta":"","astra-migrate-meta-layouts":"default","ast-page-background-enabled":"default","ast-page-background-meta":{"desktop":{"background-color":"var(--ast-global-color-4)","background-image":"","background-repeat":"repeat","background-position":"center center","background-size":"auto","background-attachment":"scroll","background-type":"","background-media":"","overlay-type":"","overlay-color":"","overlay-opacity":"","overlay-gradient":""},"tablet":{"background-color":"","background-image":"","background-repeat":"repeat","background-position":"center center","background-size":"auto","background-attachment":"scroll","background-type":"","background-media":"","overlay-type":"","overlay-color":"","overlay-opacity":"","overlay-gradient":""},"mobile":{"background-color":"","background-image":"","background-repeat":"repeat","background-position":"center center","background-size":"auto","background-attachment":"scroll","background-type":"","background-media":"","overlay-type":"","overlay-color":"","overlay-opacity":"","overlay-gradient":""}},"ast-content-background-meta":{"desktop":{"background-color":"var(--ast-global-color-5)","background-image":"","background-repeat":"repeat","background-position":"center center","background-size":"auto","background-attachment":"scroll","background-type":"","background-media":"","overlay-type":"","overlay-color":"","overlay-opacity":"","overlay-gradient":""},"tablet":{"background-color":"var(--ast-global-color-5)","background-image":"","background-repeat":"repeat","background-position":"center center","background-size":"auto","background-attachment":"scroll","background-type":"","background-media":"","overlay-type":"","overlay-color":"","overlay-opacity":"","overlay-gradient":""},"mobile":{"background-color":"var(--ast-global-color-5)","background-image":"","background-repeat":"repeat","background-position":"center center","background-size":"auto","background-attachment":"scroll","background-type":"","background-media":"","overlay-type":"","overlay-color":"","overlay-opacity":"","overlay-gradient":""}}},"product_brand":[],"product_cat":[23],"product_tag":[],"class_list":{"0":"post-723","1":"product","2":"type-product","3":"status-publish","4":"has-post-thumbnail","6":"product_cat-electric-fat-bike","7":"desktop-align-left","8":"tablet-align-left","9":"mobile-align-left","10":"ast-product-gallery-layout-horizontal-slider","11":"ast-product-single-variable","12":"ast-product-tabs-layout-horizontal","14":"first","15":"instock","16":"shipping-taxable","17":"purchasable","18":"product-type-variable"},"yoast_head":"<!-- This site is optimized with the Yoast SEO Premium plugin v20.9 (Yoast SEO v27.4) - https:\/\/yoast.com\/product\/yoast-seo-premium-wordpress\/ -->\n<title>ATV02 Electric Fat Bike with Shimano 7 Speed Gears 48V 10Ah Lithium Battery - Bglbike<\/title>\n<meta name=\"description\" content=\"This bike offers an impressive design with a powerful motor, providing up to 800 watts for instant acceleration and plenty of torque for off-road adventure.\" \/>\n<meta name=\"robots\" content=\"index, follow, max-snippet:-1, max-image-preview:large, max-video-preview:-1\" \/>\n<link rel=\"canonical\" href=\"https:\/\/bglbike.com\/es\/producto\/atv02\/\" \/>\n<meta property=\"og:locale\" content=\"es_ES\" \/>\n<meta property=\"og:type\" content=\"article\" \/>\n<meta property=\"og:title\" content=\"ATV02 Electric Fat Bike with Shimano 7 Speed Gears 48V 10Ah Lithium Battery\" \/>\n<meta property=\"og:description\" content=\"This bike offers an impressive design with a powerful motor, providing up to 800 watts for instant acceleration and plenty of torque for off-road adventure.\" \/>\n<meta property=\"og:url\" content=\"https:\/\/bglbike.com\/es\/producto\/atv02\/\" \/>\n<meta property=\"og:site_name\" content=\"Bglbike\" \/>\n<meta property=\"article:modified_time\" content=\"2023-05-31T02:46:20+00:00\" \/>\n<meta property=\"og:image\" content=\"https:\/\/bglbike.com\/wp-content\/uploads\/2023\/03\/1-27.png\" \/>\n\t<meta property=\"og:image:width\" content=\"600\" \/>\n\t<meta property=\"og:image:height\" content=\"600\" \/>\n\t<meta property=\"og:image:type\" content=\"image\/png\" \/>\n<meta name=\"twitter:card\" content=\"summary_large_image\" \/>\n<meta name=\"twitter:label1\" content=\"Tiempo de lectura\" \/>\n\t<meta name=\"twitter:data1\" content=\"2 minutos\" \/>\n<script type=\"application\/ld+json\" class=\"yoast-schema-graph\">{\"@context\":\"https:\\\/\\\/schema.org\",\"@graph\":[{\"@type\":\"WebPage\",\"@id\":\"https:\\\/\\\/bglbike.com\\\/product\\\/atv02\\\/\",\"url\":\"https:\\\/\\\/bglbike.com\\\/product\\\/atv02\\\/\",\"name\":\"ATV02 Electric Fat Bike with Shimano 7 Speed Gears 48V 10Ah Lithium Battery - Bglbike\",\"isPartOf\":{\"@id\":\"https:\\\/\\\/bglbike.com\\\/#website\"},\"primaryImageOfPage\":{\"@id\":\"https:\\\/\\\/bglbike.com\\\/product\\\/atv02\\\/#primaryimage\"},\"image\":{\"@id\":\"https:\\\/\\\/bglbike.com\\\/product\\\/atv02\\\/#primaryimage\"},\"thumbnailUrl\":\"https:\\\/\\\/bglbike.com\\\/wp-content\\\/uploads\\\/2023\\\/03\\\/1-27.png\",\"datePublished\":\"2023-03-31T06:16:59+00:00\",\"dateModified\":\"2023-05-31T02:46:20+00:00\",\"description\":\"This bike offers an impressive design with a powerful motor, providing up to 800 watts for instant acceleration and plenty of torque for off-road adventure.\",\"breadcrumb\":{\"@id\":\"https:\\\/\\\/bglbike.com\\\/product\\\/atv02\\\/#breadcrumb\"},\"inLanguage\":\"es\",\"potentialAction\":[{\"@type\":\"ReadAction\",\"target\":[\"https:\\\/\\\/bglbike.com\\\/product\\\/atv02\\\/\"]}]},{\"@type\":\"ImageObject\",\"inLanguage\":\"es\",\"@id\":\"https:\\\/\\\/bglbike.com\\\/product\\\/atv02\\\/#primaryimage\",\"url\":\"https:\\\/\\\/bglbike.com\\\/wp-content\\\/uploads\\\/2023\\\/03\\\/1-27.png\",\"contentUrl\":\"https:\\\/\\\/bglbike.com\\\/wp-content\\\/uploads\\\/2023\\\/03\\\/1-27.png\",\"width\":600,\"height\":600,\"caption\":\"ATV02\"},{\"@type\":\"BreadcrumbList\",\"@id\":\"https:\\\/\\\/bglbike.com\\\/product\\\/atv02\\\/#breadcrumb\",\"itemListElement\":[{\"@type\":\"ListItem\",\"position\":1,\"name\":\"Home\",\"item\":\"https:\\\/\\\/bglbike.com\\\/\"},{\"@type\":\"ListItem\",\"position\":2,\"name\":\"Wholesale Electric Bike\",\"item\":\"https:\\\/\\\/bglbike.com\\\/wholesale-electric-bike\\\/\"},{\"@type\":\"ListItem\",\"position\":3,\"name\":\"ATV02 Electric Fat Bike with Shimano 7 Speed Gears 48V 10Ah Lithium Battery\"}]},{\"@type\":\"WebSite\",\"@id\":\"https:\\\/\\\/bglbike.com\\\/#website\",\"url\":\"https:\\\/\\\/bglbike.com\\\/\",\"name\":\"Bglbike\",\"description\":\"Top  Ebike manufacturer in China\",\"publisher\":{\"@id\":\"https:\\\/\\\/bglbike.com\\\/#organization\"},\"potentialAction\":[{\"@type\":\"SearchAction\",\"target\":{\"@type\":\"EntryPoint\",\"urlTemplate\":\"https:\\\/\\\/bglbike.com\\\/?s={search_term_string}\"},\"query-input\":{\"@type\":\"PropertyValueSpecification\",\"valueRequired\":true,\"valueName\":\"search_term_string\"}}],\"inLanguage\":\"es\"},{\"@type\":\"Organization\",\"@id\":\"https:\\\/\\\/bglbike.com\\\/#organization\",\"name\":\"Bglbike\",\"url\":\"https:\\\/\\\/bglbike.com\\\/\",\"logo\":{\"@type\":\"ImageObject\",\"inLanguage\":\"es\",\"@id\":\"https:\\\/\\\/bglbike.com\\\/#\\\/schema\\\/logo\\\/image\\\/\",\"url\":\"https:\\\/\\\/bglbike.com\\\/wp-content\\\/uploads\\\/2023\\\/04\\\/cropped-LOGO.png\",\"contentUrl\":\"https:\\\/\\\/bglbike.com\\\/wp-content\\\/uploads\\\/2023\\\/04\\\/cropped-LOGO.png\",\"width\":426,\"height\":141,\"caption\":\"Bglbike\"},\"image\":{\"@id\":\"https:\\\/\\\/bglbike.com\\\/#\\\/schema\\\/logo\\\/image\\\/\"}}]}<\/script>\n<!-- \/ Yoast SEO Premium plugin. -->","yoast_head_json":{"title":"ATV02 Electric Fat Bike with Shimano 7 Speed Gears 48V 10Ah Lithium Battery - Bglbike","description":"This bike offers an impressive design with a powerful motor, providing up to 800 watts for instant acceleration and plenty of torque for off-road adventure.","robots":{"index":"index","follow":"follow","max-snippet":"max-snippet:-1","max-image-preview":"max-image-preview:large","max-video-preview":"max-video-preview:-1"},"canonical":"https:\/\/bglbike.com\/es\/producto\/atv02\/","og_locale":"es_ES","og_type":"article","og_title":"ATV02 Electric Fat Bike with Shimano 7 Speed Gears 48V 10Ah Lithium Battery","og_description":"This bike offers an impressive design with a powerful motor, providing up to 800 watts for instant acceleration and plenty of torque for off-road adventure.","og_url":"https:\/\/bglbike.com\/es\/producto\/atv02\/","og_site_name":"Bglbike","article_modified_time":"2023-05-31T02:46:20+00:00","og_image":[{"width":600,"height":600,"url":"https:\/\/bglbike.com\/wp-content\/uploads\/2023\/03\/1-27.png","type":"image\/png"}],"twitter_card":"summary_large_image","twitter_misc":{"Tiempo de lectura":"2 minutos"},"schema":{"@context":"https:\/\/schema.org","@graph":[{"@type":"WebPage","@id":"https:\/\/bglbike.com\/product\/atv02\/","url":"https:\/\/bglbike.com\/product\/atv02\/","name":"ATV02 Electric Fat Bike with Shimano 7 Speed Gears 48V 10Ah Lithium Battery - Bglbike","isPartOf":{"@id":"https:\/\/bglbike.com\/#website"},"primaryImageOfPage":{"@id":"https:\/\/bglbike.com\/product\/atv02\/#primaryimage"},"image":{"@id":"https:\/\/bglbike.com\/product\/atv02\/#primaryimage"},"thumbnailUrl":"https:\/\/bglbike.com\/wp-content\/uploads\/2023\/03\/1-27.png","datePublished":"2023-03-31T06:16:59+00:00","dateModified":"2023-05-31T02:46:20+00:00","description":"This bike offers an impressive design with a powerful motor, providing up to 800 watts for instant acceleration and plenty of torque for off-road adventure.","breadcrumb":{"@id":"https:\/\/bglbike.com\/product\/atv02\/#breadcrumb"},"inLanguage":"es","potentialAction":[{"@type":"ReadAction","target":["https:\/\/bglbike.com\/product\/atv02\/"]}]},{"@type":"ImageObject","inLanguage":"es","@id":"https:\/\/bglbike.com\/product\/atv02\/#primaryimage","url":"https:\/\/bglbike.com\/wp-content\/uploads\/2023\/03\/1-27.png","contentUrl":"https:\/\/bglbike.com\/wp-content\/uploads\/2023\/03\/1-27.png","width":600,"height":600,"caption":"ATV02"},{"@type":"BreadcrumbList","@id":"https:\/\/bglbike.com\/product\/atv02\/#breadcrumb","itemListElement":[{"@type":"ListItem","position":1,"name":"Home","item":"https:\/\/bglbike.com\/"},{"@type":"ListItem","position":2,"name":"Wholesale Electric Bike","item":"https:\/\/bglbike.com\/wholesale-electric-bike\/"},{"@type":"ListItem","position":3,"name":"ATV02 Electric Fat Bike with Shimano 7 Speed Gears 48V 10Ah Lithium Battery"}]},{"@type":"WebSite","@id":"https:\/\/bglbike.com\/#website","url":"https:\/\/bglbike.com\/","name":"Bglbike","description":"Top  Ebike manufacturer in China","publisher":{"@id":"https:\/\/bglbike.com\/#organization"},"potentialAction":[{"@type":"SearchAction","target":{"@type":"EntryPoint","urlTemplate":"https:\/\/bglbike.com\/?s={search_term_string}"},"query-input":{"@type":"PropertyValueSpecification","valueRequired":true,"valueName":"search_term_string"}}],"inLanguage":"es"},{"@type":"Organization","@id":"https:\/\/bglbike.com\/#organization","name":"Bglbike","url":"https:\/\/bglbike.com\/","logo":{"@type":"ImageObject","inLanguage":"es","@id":"https:\/\/bglbike.com\/#\/schema\/logo\/image\/","url":"https:\/\/bglbike.com\/wp-content\/uploads\/2023\/04\/cropped-LOGO.png","contentUrl":"https:\/\/bglbike.com\/wp-content\/uploads\/2023\/04\/cropped-LOGO.png","width":426,"height":141,"caption":"Bglbike"},"image":{"@id":"https:\/\/bglbike.com\/#\/schema\/logo\/image\/"}}]}},"_links":{"self":[{"href":"https:\/\/bglbike.com\/es\/wp-json\/wp\/v2\/product\/723","targetHints":{"allow":["GET"]}}],"collection":[{"href":"https:\/\/bglbike.com\/es\/wp-json\/wp\/v2\/product"}],"about":[{"href":"https:\/\/bglbike.com\/es\/wp-json\/wp\/v2\/types\/product"}],"wp:featuredmedia":[{"embeddable":true,"href":"https:\/\/bglbike.com\/es\/wp-json\/wp\/v2\/media\/3910"}],"wp:attachment":[{"href":"https:\/\/bglbike.com\/es\/wp-json\/wp\/v2\/media?parent=723"}],"wp:term":[{"taxonomy":"product_brand","embeddable":true,"href":"https:\/\/bglbike.com\/es\/wp-json\/wp\/v2\/product_brand?post=723"},{"taxonomy":"product_cat","embeddable":true,"href":"https:\/\/bglbike.com\/es\/wp-json\/wp\/v2\/product_cat?post=723"},{"taxonomy":"product_tag","embeddable":true,"href":"https:\/\/bglbike.com\/es\/wp-json\/wp\/v2\/product_tag?post=723"}],"curies":[{"name":"wp","href":"https:\/\/api.w.org\/{rel}","templated":true}]}}