{"id":712,"date":"2023-03-31T05:50:48","date_gmt":"2023-03-31T05:50:48","guid":{"rendered":"https:\/\/bglbike.com\/?post_type=product&#038;p=712"},"modified":"2023-05-31T02:46:59","modified_gmt":"2023-05-31T02:46:59","slug":"electric-fat-bike-atv01","status":"publish","type":"product","link":"https:\/\/bglbike.com\/es\/producto\/fat-bike-electrica-atv01\/","title":{"rendered":"ATV01 Fat bike el\u00e9ctrica con motor 48V500W Bater\u00eda de litio LG 48V12.8AH"},"content":{"rendered":"<h3>Especificaci\u00f3n<\/h3>\n<div id=\"footable_parent_716\"\n         class=\"footable_parent ninja_table_wrapper loading_ninja_table wp_table_data_press_parent semantic_ui\">\n                <table data-ninja_table_instance=\"ninja_table_instance_0\" data-footable_id=\"716\" data-filter-delay=\"1000\" aria-label=\"ATV01.csv\"            id=\"footable_716\"\n           data-unique_identifier=\"ninja_table_unique_id_3684746915_716\"\n           class=\"foo-table ninja_footable foo_table_716 ninja_table_unique_id_3684746915_716 ui table  nt_type_legacy_table selectable striped vertical_centered  footable-paging-right ninja_table_pro\">\n                <colgroup>\n                            <col class=\"ninja_column_0\">\n                            <col class=\"ninja_column_1\">\n                    <\/colgroup>\n        <thead>\n<tr class=\"footable-header\">\n                                        <th scope=\"col\"  class=\"ninja_column_0 ninja_clmn_nm_motor\">Motor<\/th><th scope=\"col\"  class=\"ninja_column_1 ninja_clmn_nm_48v5wbangfangmotorrearmountedbrushlesshub\">Motor Bangfang 48V500W, buje sin escobillas montado en la parte trasera<\/th><\/tr>\n<\/thead>\n<tbody>\n\n        <tr data-row_id=\"379\" class=\"ninja_table_row_0 nt_row_id_379\">\n            <td>Bater\u00eda<\/td><td>48V12.8AH(LG3200mAh) Iones de litio<\/td>        <\/tr>\n            <tr data-row_id=\"380\" class=\"ninja_table_row_1 nt_row_id_380\">\n            <td>Tiempo de carga<\/td><td>4-6 horas<\/td>        <\/tr>\n            <tr data-row_id=\"381\" class=\"ninja_table_row_2 nt_row_id_381\">\n            <td>Cargador<\/td><td>2A CE\/UL<\/td>        <\/tr>\n            <tr data-row_id=\"382\" class=\"ninja_table_row_3 nt_row_id_382\">\n            <td>Controlador<\/td><td>Controlador integrado 48V500W<\/td>        <\/tr>\n            <tr data-row_id=\"383\" class=\"ninja_table_row_4 nt_row_id_383\">\n            <td>Rango estimado<\/td><td>25 millas -35 millas<\/td>        <\/tr>\n            <tr data-row_id=\"384\" class=\"ninja_table_row_5 nt_row_id_384\">\n            <td>Mostrar<\/td><td>Pantalla LCD C961<\/td>        <\/tr>\n            <tr data-row_id=\"385\" class=\"ninja_table_row_6 nt_row_id_385\">\n            <td>Modo conductor<\/td><td>Asistente de pedal con sensor de cadencia, acelerador de pulgar (disco con sensor de 12 imanes)<\/td>        <\/tr>\n            <tr data-row_id=\"386\" class=\"ninja_table_row_7 nt_row_id_386\">\n            <td>Velocidad m\u00e1xima<\/td><td>UE: 15,6 mph (25 kph)\/Norteam\u00e9rica: 20 mph (32 kph) o sin l\u00edmite<\/td>        <\/tr>\n            <tr data-row_id=\"387\" class=\"ninja_table_row_8 nt_row_id_387\">\n            <td>Peso total<\/td><td>57 libras (26 kg)<\/td>        <\/tr>\n            <tr data-row_id=\"388\" class=\"ninja_table_row_9 nt_row_id_388\">\n            <td>Marco<\/td><td>26&quot;, aleaci\u00f3n de aluminio 6061<\/td>        <\/tr>\n            <tr data-row_id=\"389\" class=\"ninja_table_row_10 nt_row_id_389\">\n            <td>Tenedor<\/td><td>R\u00edgido, Aleaci\u00f3n de Aluminio<\/td>        <\/tr>\n            <tr data-row_id=\"390\" class=\"ninja_table_row_11 nt_row_id_390\">\n            <td>Engranaje<\/td><td>7 velocidades 1x7, Shimano Tourney TX<\/td>        <\/tr>\n            <tr data-row_id=\"391\" class=\"ninja_table_row_12 nt_row_id_391\">\n            <td>Cambio<\/td><td>Shimano de 7 velocidades<\/td>        <\/tr>\n            <tr data-row_id=\"392\" class=\"ninja_table_row_13 nt_row_id_392\">\n            <td>Bielas<\/td><td>Plato de 44 dientes, 170 mm<\/td>        <\/tr>\n            <tr data-row_id=\"393\" class=\"ninja_table_row_14 nt_row_id_393\">\n            <td>pedales<\/td><td>Aleaci\u00f3n de aluminio<\/td>        <\/tr>\n            <tr data-row_id=\"394\" class=\"ninja_table_row_15 nt_row_id_394\">\n            <td>Auriculares<\/td><td>rodamiento sellado<\/td>        <\/tr>\n            <tr data-row_id=\"395\" class=\"ninja_table_row_16 nt_row_id_395\">\n            <td>Provenir<\/td><td>Aleaci\u00f3n de aluminio<\/td>        <\/tr>\n            <tr data-row_id=\"396\" class=\"ninja_table_row_17 nt_row_id_396\">\n            <td>Manillar<\/td><td>Aleaci\u00f3n de aluminio<\/td>        <\/tr>\n            <tr data-row_id=\"397\" class=\"ninja_table_row_18 nt_row_id_397\">\n            <td>Freno<\/td><td>Disco Tektro con rotores de 160 mm<\/td>        <\/tr>\n            <tr data-row_id=\"398\" class=\"ninja_table_row_19 nt_row_id_398\">\n            <td>Palancas<\/td><td>Palancas Tektro e Inhibidor de Motor<\/td>        <\/tr>\n            <tr data-row_id=\"399\" class=\"ninja_table_row_20 nt_row_id_399\">\n            <td>Pu\u00f1os<\/td><td>pu\u00f1os de goma velo<\/td>        <\/tr>\n            <tr data-row_id=\"400\" class=\"ninja_table_row_21 nt_row_id_400\">\n            <td>Sill\u00edn<\/td><td>Versi\u00f3n Velo Sports<\/td>        <\/tr>\n            <tr data-row_id=\"401\" class=\"ninja_table_row_22 nt_row_id_401\">\n            <td>Tija de sill\u00edn<\/td><td>Aleaci\u00f3n de aluminio<\/td>        <\/tr>\n            <tr data-row_id=\"402\" class=\"ninja_table_row_23 nt_row_id_402\">\n            <td>Borde<\/td><td>Aleaci\u00f3n de aluminio, cubo de rueda delantera: liberaci\u00f3n r\u00e1pida<\/td>        <\/tr>\n            <tr data-row_id=\"403\" class=\"ninja_table_row_24 nt_row_id_403\">\n            <td>radios<\/td><td>Acero inoxidable, 36H<\/td>        <\/tr>\n            <tr data-row_id=\"404\" class=\"ninja_table_row_25 nt_row_id_404\">\n            <td>Neum\u00e1tico<\/td><td>Kenda, 26&quot; x 4.0&quot;<\/td>        <\/tr>\n            <tr data-row_id=\"405\" class=\"ninja_table_row_26 nt_row_id_405\">\n            <td>pata de cabra<\/td><td>Aleaci\u00f3n de aluminio<\/td>        <\/tr>\n            <tr data-row_id=\"406\" class=\"ninja_table_row_27 nt_row_id_406\">\n            <td>Faro<\/td><td>LED, alimentado por bater\u00eda de bicicleta<\/td>        <\/tr>\n            <tr data-row_id=\"407\" class=\"ninja_table_row_28 nt_row_id_407\">\n            <td>Luz de la cola<\/td><td>en tija de sill\u00edn, con bater\u00eda seca<\/td>        <\/tr>\n            <tr data-row_id=\"408\" class=\"ninja_table_row_29 nt_row_id_408\">\n            <td>Tama\u00f1o de embalaje<\/td><td>157x27x88cm<\/td>        <\/tr>\n    <\/tbody><!--ninja_tobody_rendering_done-->\n    <\/table>\n    \n    \n    \n<\/div>\n\n<h3>Empaquetado y entrega<\/h3>\n<p>Detalles de empaquetado: espuma en cart\u00f3n de doble capa<br \/>\nPuerto: Ningbo\/Shangh\u00e1i<\/p>\n<p>Tiempo de espera:<div id=\"footable_parent_715\"\n         class=\"footable_parent ninja_table_wrapper loading_ninja_table wp_table_data_press_parent semantic_ui\">\n                <table data-ninja_table_instance=\"ninja_table_instance_1\" data-footable_id=\"715\" data-filter-delay=\"1000\" aria-label=\"EBB.csv\"            id=\"footable_715\"\n           data-unique_identifier=\"ninja_table_unique_id_1500976633_715\"\n           class=\"foo-table ninja_footable foo_table_715 ninja_table_unique_id_1500976633_715 ui table  nt_type_legacy_table selectable striped vertical_centered  footable-paging-right ninja_table_pro\">\n                <colgroup>\n                            <col class=\"ninja_column_0\">\n                            <col class=\"ninja_column_1\">\n                            <col class=\"ninja_column_2\">\n                            <col class=\"ninja_column_3\">\n                    <\/colgroup>\n        <thead>\n<tr class=\"footable-header\">\n                                                                        <th scope=\"col\"  class=\"ninja_column_0 ninja_clmn_nm_quantitypieces\">Cantidad (piezas)<\/th><th scope=\"col\"  class=\"ninja_column_1 ninja_clmn_nm_11\">1-1<\/th><th scope=\"col\"  class=\"ninja_column_2 ninja_clmn_nm_22\">2-100<\/th><th scope=\"col\"  class=\"ninja_column_3 ninja_clmn_nm_2\">&gt;100<\/th><\/tr>\n<\/thead>\n<tbody>\n\n        <tr data-row_id=\"378\" class=\"ninja_table_row_0 nt_row_id_378\">\n            <td>Plazo de ejecuci\u00f3n (d\u00edas)<\/td><td>10<\/td><td>35<\/td><td>Ser negociado<\/td>        <\/tr>\n    <\/tbody><!--ninja_tobody_rendering_done-->\n    <\/table>\n    \n    \n    \n<\/div>\n<\/p>\n<h3>Imagen de embalaje<\/h3>\n<p><img fetchpriority=\"high\" decoding=\"async\" class=\"size-full wp-image-3553\" src=\"https:\/\/bglbike.com\/wp-content\/uploads\/2023\/04\/EBB05-1.png\" alt=\"Imagen de embalaje\" width=\"600\" height=\"600\" srcset=\"https:\/\/bglbike.com\/wp-content\/uploads\/2023\/04\/EBB05-1.png 600w, https:\/\/bglbike.com\/wp-content\/uploads\/2023\/04\/EBB05-1-300x300.png 300w, https:\/\/bglbike.com\/wp-content\/uploads\/2023\/04\/EBB05-1-150x150.png 150w, https:\/\/bglbike.com\/wp-content\/uploads\/2023\/04\/EBB05-1-12x12.png 12w, https:\/\/bglbike.com\/wp-content\/uploads\/2023\/04\/EBB05-1-200x200.png 200w, https:\/\/bglbike.com\/wp-content\/uploads\/2023\/04\/EBB05-1-100x100.png 100w\" sizes=\"(max-width: 600px) 100vw, 600px\" \/><\/p>\n<h3>Capacidad de suministro<\/h3>\n<p>5000 pieza\/piezas por mes<\/p>\n<h3>Imagen de detalle<\/h3>\n<p><img decoding=\"async\" class=\"size-full wp-image-3594\" src=\"https:\/\/bglbike.com\/wp-content\/uploads\/2023\/03\/333-8-e1681263679807.png\" alt=\"Im\u00e1genes de detalles\" width=\"600\" height=\"576\" srcset=\"https:\/\/bglbike.com\/wp-content\/uploads\/2023\/03\/333-8-e1681263679807.png 600w, https:\/\/bglbike.com\/wp-content\/uploads\/2023\/03\/333-8-e1681263679807-300x288.png 300w, https:\/\/bglbike.com\/wp-content\/uploads\/2023\/03\/333-8-e1681263679807-13x12.png 13w, https:\/\/bglbike.com\/wp-content\/uploads\/2023\/03\/333-8-e1681263679807-208x200.png 208w\" sizes=\"(max-width: 600px) 100vw, 600px\" \/><\/p>\n<h3>preguntas frecuentes<\/h3>\n<p><strong>P1:\u00bfCu\u00e1les son los beneficios de elegir una bicicleta el\u00e9ctrica Fat Bike ATV01 con motor 48V500W 48V12.8AH LG bater\u00eda de litio?<\/strong><\/p>\n<p>El ATV01 ofrece muchas ventajas a los conductores, incluido un f\u00e1cil manejo y maniobrabilidad, un andar c\u00f3modo y una entrega de potencia eficiente. Cuenta con un potente motor Bafang de 500 W; tiene suficiente torque para subir pendientes de hasta 12\u00b0 con facilidad, lo que lo convierte en una opci\u00f3n ideal para la conducci\u00f3n todoterreno.<\/p>\n<p><strong>P2:\u00bfQu\u00e9 caracter\u00edsticas de seguridad ofrece la Fat Bike el\u00e9ctrica ATV01 con motor 48V500W y bater\u00eda de litio LG 48V12.8AH?<\/strong><\/p>\n<p>El ATV01 se toma muy en serio la seguridad del conductor: viene equipado con frenos de disco dobles que brindan potencia de frenado sensible en todas las condiciones, frenos antibloqueo para un control adicional en condiciones resbaladizas y un manillar ancho con empu\u00f1aduras ajustables para mayor comodidad al aire libre.<\/p>\n<p><strong>P3:\u00bfCu\u00e1nto tiempo dura la bater\u00eda en la bicicleta Fat Bike el\u00e9ctrica ATV01 con motor 48V500W 48V12.8AH bater\u00eda de litio LG?<\/strong><\/p>\n<p>Gracias a su bater\u00eda de iones de litio 48V12.8AH (LG3200mAh), podr\u00e1 disfrutar de hasta 25 millas -35 millas con una sola carga, \u00a1llev\u00e1ndolo m\u00e1s lejos que nunca!<\/p>\n<p><strong>P4:\u00bfCu\u00e1les son algunos consejos comunes para la soluci\u00f3n de problemas de este modelo?<\/strong><br \/>\nSi tiene alg\u00fan problema con su ATV01, hay algunas cosas que debe hacer primero: verifique si hay la presi\u00f3n de aire adecuada en ambas llantas; aseg\u00farese de que todos los tornillos est\u00e9n apretados; limpie cualquier residuo de su cadena; lubrique su cadena regularmente; verifique si hay cables sueltos o bridas para cables; y finalmente inspeccione sus pastillas de freno en busca de signos de desgaste o da\u00f1o. Si ninguno de estos pasos resuelve su problema, p\u00f3ngase en contacto con nuestro equipo de atenci\u00f3n al cliente, que estar\u00e1 encantado de ayudarle a volver a la normalidad.<\/p>\n<p><strong>P5: \u00bfQu\u00e9 accesorios se pueden usar con la bicicleta el\u00e9ctrica Fat Bike ATV01 con motor 48V500W y bater\u00eda de litio LG 48V12.8AH?<\/strong><\/p>\n<p>El ATV01 es compatible con muchos accesorios dise\u00f1ados para mejorar a\u00fan m\u00e1s su experiencia de conducci\u00f3n. Estos incluyen tiras de iluminaci\u00f3n LED que hacen que los viajes nocturnos sean m\u00e1s seguros que nunca, bolsas de carga impermeables perfectas para llevar comestibles u otros art\u00edculos de manera segura mientras conduces, guardabarros plegables que protegen contra salpicaduras de barro durante los d\u00edas lluviosos, \u00a1y mucho m\u00e1s!<\/p>","protected":false},"excerpt":{"rendered":"<p>El <strong>ATV01 Fat bike el\u00e9ctrica con motor 48V500W Bater\u00eda de litio LG 48V12.8AH<\/strong> presenta un marco liviano y un motor potente; Los usuarios pueden esperar el m\u00e1ximo rendimiento sin sacrificar la eficiencia. Con luces LED integradas y frenos de disco para una potencia de frenado superior, puedes conducir con confianza en condiciones clim\u00e1ticas h\u00famedas o con poca luz.<br \/>\nEl ATV01 es el veh\u00edculo perfecto para empresas que buscan comprar grandes cantidades de fat bikes el\u00e9ctricas. Esta bicicleta est\u00e1 fabricada con un motor potente y un cuadro resistente, lo que la hace perfecta para recorrer todo tipo de terreno. Tambi\u00e9n cuenta con una gran \u00e1rea de almacenamiento, excelente para transportar suministros o equipos. Adem\u00e1s, la Electric Fat bike-ATV01 tiene un precio inmejorable, lo que la convierte en una excelente opci\u00f3n para las empresas que invierten en fat bikes el\u00e9ctricas.<\/p>","protected":false},"featured_media":3916,"template":"","meta":{"site-sidebar-layout":"default","site-content-layout":"default","ast-site-content-layout":"default","site-content-style":"default","site-sidebar-style":"default","ast-global-header-display":"","ast-banner-title-visibility":"","ast-main-header-display":"","ast-hfb-above-header-display":"","ast-hfb-below-header-display":"","ast-hfb-mobile-header-display":"","site-post-title":"","ast-breadcrumbs-content":"","ast-featured-img":"","footer-sml-layout":"","ast-disable-related-posts":"","theme-transparent-header-meta":"default","adv-header-id-meta":"","stick-header-meta":"default","header-above-stick-meta":"","header-main-stick-meta":"","header-below-stick-meta":"","astra-migrate-meta-layouts":"default","ast-page-background-enabled":"default","ast-page-background-meta":{"desktop":{"background-color":"var(--ast-global-color-4)","background-image":"","background-repeat":"repeat","background-position":"center center","background-size":"auto","background-attachment":"scroll","background-type":"","background-media":"","overlay-type":"","overlay-color":"","overlay-opacity":"","overlay-gradient":""},"tablet":{"background-color":"","background-image":"","background-repeat":"repeat","background-position":"center center","background-size":"auto","background-attachment":"scroll","background-type":"","background-media":"","overlay-type":"","overlay-color":"","overlay-opacity":"","overlay-gradient":""},"mobile":{"background-color":"","background-image":"","background-repeat":"repeat","background-position":"center center","background-size":"auto","background-attachment":"scroll","background-type":"","background-media":"","overlay-type":"","overlay-color":"","overlay-opacity":"","overlay-gradient":""}},"ast-content-background-meta":{"desktop":{"background-color":"var(--ast-global-color-5)","background-image":"","background-repeat":"repeat","background-position":"center center","background-size":"auto","background-attachment":"scroll","background-type":"","background-media":"","overlay-type":"","overlay-color":"","overlay-opacity":"","overlay-gradient":""},"tablet":{"background-color":"var(--ast-global-color-5)","background-image":"","background-repeat":"repeat","background-position":"center center","background-size":"auto","background-attachment":"scroll","background-type":"","background-media":"","overlay-type":"","overlay-color":"","overlay-opacity":"","overlay-gradient":""},"mobile":{"background-color":"var(--ast-global-color-5)","background-image":"","background-repeat":"repeat","background-position":"center center","background-size":"auto","background-attachment":"scroll","background-type":"","background-media":"","overlay-type":"","overlay-color":"","overlay-opacity":"","overlay-gradient":""}}},"product_brand":[],"product_cat":[23],"product_tag":[],"class_list":{"0":"post-712","1":"product","2":"type-product","3":"status-publish","4":"has-post-thumbnail","6":"product_cat-electric-fat-bike","7":"desktop-align-left","8":"tablet-align-left","9":"mobile-align-left","10":"ast-product-gallery-layout-horizontal-slider","11":"ast-product-gallery-with-no-image","12":"ast-product-single-variable","13":"ast-product-tabs-layout-horizontal","15":"first","16":"instock","17":"shipping-taxable","18":"purchasable","19":"product-type-variable"},"yoast_head":"<!-- This site is optimized with the Yoast SEO Premium plugin v20.9 (Yoast SEO v27.3) - https:\/\/yoast.com\/product\/yoast-seo-premium-wordpress\/ -->\n<title>ATV01 Electric Fat bike with 48V500W Motor 48V12.8AH LG Lithium Battery - Bglbike<\/title>\n<meta name=\"description\" content=\"ATV01 Electric Fat bike with 48V500W Motor and 48V12.8AH LG Lithium Battery, this revolutionary and multi-functional e-bike offers the perfect combination of power, performance and style.\" \/>\n<meta name=\"robots\" content=\"index, follow, max-snippet:-1, max-image-preview:large, max-video-preview:-1\" \/>\n<link rel=\"canonical\" href=\"https:\/\/bglbike.com\/es\/producto\/fat-bike-electrica-atv01\/\" \/>\n<meta property=\"og:locale\" content=\"es_ES\" \/>\n<meta property=\"og:type\" content=\"article\" \/>\n<meta property=\"og:title\" content=\"ATV01 Electric Fat bike with 48V500W Motor 48V12.8AH LG Lithium Battery\" \/>\n<meta property=\"og:description\" content=\"ATV01 Electric Fat bike with 48V500W Motor and 48V12.8AH LG Lithium Battery, this revolutionary and multi-functional e-bike offers the perfect combination of power, performance and style.\" \/>\n<meta property=\"og:url\" content=\"https:\/\/bglbike.com\/es\/producto\/fat-bike-electrica-atv01\/\" \/>\n<meta property=\"og:site_name\" content=\"Bglbike\" \/>\n<meta property=\"article:modified_time\" content=\"2023-05-31T02:46:59+00:00\" \/>\n<meta property=\"og:image\" content=\"https:\/\/bglbike.com\/wp-content\/uploads\/2023\/03\/1-29.png\" \/>\n\t<meta property=\"og:image:width\" content=\"600\" \/>\n\t<meta property=\"og:image:height\" content=\"600\" \/>\n\t<meta property=\"og:image:type\" content=\"image\/png\" \/>\n<meta name=\"twitter:card\" content=\"summary_large_image\" \/>\n<meta name=\"twitter:label1\" content=\"Tiempo de lectura\" \/>\n\t<meta name=\"twitter:data1\" content=\"3 minutos\" \/>\n<script type=\"application\/ld+json\" class=\"yoast-schema-graph\">{\"@context\":\"https:\\\/\\\/schema.org\",\"@graph\":[{\"@type\":\"WebPage\",\"@id\":\"https:\\\/\\\/bglbike.com\\\/product\\\/electric-fat-bike-atv01\\\/\",\"url\":\"https:\\\/\\\/bglbike.com\\\/product\\\/electric-fat-bike-atv01\\\/\",\"name\":\"ATV01 Electric Fat bike with 48V500W Motor 48V12.8AH LG Lithium Battery - Bglbike\",\"isPartOf\":{\"@id\":\"https:\\\/\\\/bglbike.com\\\/#website\"},\"primaryImageOfPage\":{\"@id\":\"https:\\\/\\\/bglbike.com\\\/product\\\/electric-fat-bike-atv01\\\/#primaryimage\"},\"image\":{\"@id\":\"https:\\\/\\\/bglbike.com\\\/product\\\/electric-fat-bike-atv01\\\/#primaryimage\"},\"thumbnailUrl\":\"https:\\\/\\\/bglbike.com\\\/wp-content\\\/uploads\\\/2023\\\/03\\\/1-29.png\",\"datePublished\":\"2023-03-31T05:50:48+00:00\",\"dateModified\":\"2023-05-31T02:46:59+00:00\",\"description\":\"ATV01 Electric Fat bike with 48V500W Motor and 48V12.8AH LG Lithium Battery, this revolutionary and multi-functional e-bike offers the perfect combination of power, performance and style.\",\"breadcrumb\":{\"@id\":\"https:\\\/\\\/bglbike.com\\\/product\\\/electric-fat-bike-atv01\\\/#breadcrumb\"},\"inLanguage\":\"es\",\"potentialAction\":[{\"@type\":\"ReadAction\",\"target\":[\"https:\\\/\\\/bglbike.com\\\/product\\\/electric-fat-bike-atv01\\\/\"]}]},{\"@type\":\"ImageObject\",\"inLanguage\":\"es\",\"@id\":\"https:\\\/\\\/bglbike.com\\\/product\\\/electric-fat-bike-atv01\\\/#primaryimage\",\"url\":\"https:\\\/\\\/bglbike.com\\\/wp-content\\\/uploads\\\/2023\\\/03\\\/1-29.png\",\"contentUrl\":\"https:\\\/\\\/bglbike.com\\\/wp-content\\\/uploads\\\/2023\\\/03\\\/1-29.png\",\"width\":600,\"height\":600,\"caption\":\"ATV01\"},{\"@type\":\"BreadcrumbList\",\"@id\":\"https:\\\/\\\/bglbike.com\\\/product\\\/electric-fat-bike-atv01\\\/#breadcrumb\",\"itemListElement\":[{\"@type\":\"ListItem\",\"position\":1,\"name\":\"Home\",\"item\":\"https:\\\/\\\/bglbike.com\\\/\"},{\"@type\":\"ListItem\",\"position\":2,\"name\":\"Wholesale Electric Bike\",\"item\":\"https:\\\/\\\/bglbike.com\\\/wholesale-electric-bike\\\/\"},{\"@type\":\"ListItem\",\"position\":3,\"name\":\"ATV01 Electric Fat bike with 48V500W Motor 48V12.8AH LG Lithium Battery\"}]},{\"@type\":\"WebSite\",\"@id\":\"https:\\\/\\\/bglbike.com\\\/#website\",\"url\":\"https:\\\/\\\/bglbike.com\\\/\",\"name\":\"Bglbike\",\"description\":\"Top  Ebike manufacturer in China\",\"publisher\":{\"@id\":\"https:\\\/\\\/bglbike.com\\\/#organization\"},\"potentialAction\":[{\"@type\":\"SearchAction\",\"target\":{\"@type\":\"EntryPoint\",\"urlTemplate\":\"https:\\\/\\\/bglbike.com\\\/?s={search_term_string}\"},\"query-input\":{\"@type\":\"PropertyValueSpecification\",\"valueRequired\":true,\"valueName\":\"search_term_string\"}}],\"inLanguage\":\"es\"},{\"@type\":\"Organization\",\"@id\":\"https:\\\/\\\/bglbike.com\\\/#organization\",\"name\":\"Bglbike\",\"url\":\"https:\\\/\\\/bglbike.com\\\/\",\"logo\":{\"@type\":\"ImageObject\",\"inLanguage\":\"es\",\"@id\":\"https:\\\/\\\/bglbike.com\\\/#\\\/schema\\\/logo\\\/image\\\/\",\"url\":\"https:\\\/\\\/bglbike.com\\\/wp-content\\\/uploads\\\/2023\\\/04\\\/cropped-LOGO.png\",\"contentUrl\":\"https:\\\/\\\/bglbike.com\\\/wp-content\\\/uploads\\\/2023\\\/04\\\/cropped-LOGO.png\",\"width\":426,\"height\":141,\"caption\":\"Bglbike\"},\"image\":{\"@id\":\"https:\\\/\\\/bglbike.com\\\/#\\\/schema\\\/logo\\\/image\\\/\"}}]}<\/script>\n<!-- \/ Yoast SEO Premium plugin. -->","yoast_head_json":{"title":"ATV01 Electric Fat bike with 48V500W Motor 48V12.8AH LG Lithium Battery - Bglbike","description":"ATV01 Electric Fat bike with 48V500W Motor and 48V12.8AH LG Lithium Battery, this revolutionary and multi-functional e-bike offers the perfect combination of power, performance and style.","robots":{"index":"index","follow":"follow","max-snippet":"max-snippet:-1","max-image-preview":"max-image-preview:large","max-video-preview":"max-video-preview:-1"},"canonical":"https:\/\/bglbike.com\/es\/producto\/fat-bike-electrica-atv01\/","og_locale":"es_ES","og_type":"article","og_title":"ATV01 Electric Fat bike with 48V500W Motor 48V12.8AH LG Lithium Battery","og_description":"ATV01 Electric Fat bike with 48V500W Motor and 48V12.8AH LG Lithium Battery, this revolutionary and multi-functional e-bike offers the perfect combination of power, performance and style.","og_url":"https:\/\/bglbike.com\/es\/producto\/fat-bike-electrica-atv01\/","og_site_name":"Bglbike","article_modified_time":"2023-05-31T02:46:59+00:00","og_image":[{"width":600,"height":600,"url":"https:\/\/bglbike.com\/wp-content\/uploads\/2023\/03\/1-29.png","type":"image\/png"}],"twitter_card":"summary_large_image","twitter_misc":{"Tiempo de lectura":"3 minutos"},"schema":{"@context":"https:\/\/schema.org","@graph":[{"@type":"WebPage","@id":"https:\/\/bglbike.com\/product\/electric-fat-bike-atv01\/","url":"https:\/\/bglbike.com\/product\/electric-fat-bike-atv01\/","name":"ATV01 Electric Fat bike with 48V500W Motor 48V12.8AH LG Lithium Battery - Bglbike","isPartOf":{"@id":"https:\/\/bglbike.com\/#website"},"primaryImageOfPage":{"@id":"https:\/\/bglbike.com\/product\/electric-fat-bike-atv01\/#primaryimage"},"image":{"@id":"https:\/\/bglbike.com\/product\/electric-fat-bike-atv01\/#primaryimage"},"thumbnailUrl":"https:\/\/bglbike.com\/wp-content\/uploads\/2023\/03\/1-29.png","datePublished":"2023-03-31T05:50:48+00:00","dateModified":"2023-05-31T02:46:59+00:00","description":"ATV01 Electric Fat bike with 48V500W Motor and 48V12.8AH LG Lithium Battery, this revolutionary and multi-functional e-bike offers the perfect combination of power, performance and style.","breadcrumb":{"@id":"https:\/\/bglbike.com\/product\/electric-fat-bike-atv01\/#breadcrumb"},"inLanguage":"es","potentialAction":[{"@type":"ReadAction","target":["https:\/\/bglbike.com\/product\/electric-fat-bike-atv01\/"]}]},{"@type":"ImageObject","inLanguage":"es","@id":"https:\/\/bglbike.com\/product\/electric-fat-bike-atv01\/#primaryimage","url":"https:\/\/bglbike.com\/wp-content\/uploads\/2023\/03\/1-29.png","contentUrl":"https:\/\/bglbike.com\/wp-content\/uploads\/2023\/03\/1-29.png","width":600,"height":600,"caption":"ATV01"},{"@type":"BreadcrumbList","@id":"https:\/\/bglbike.com\/product\/electric-fat-bike-atv01\/#breadcrumb","itemListElement":[{"@type":"ListItem","position":1,"name":"Home","item":"https:\/\/bglbike.com\/"},{"@type":"ListItem","position":2,"name":"Wholesale Electric Bike","item":"https:\/\/bglbike.com\/wholesale-electric-bike\/"},{"@type":"ListItem","position":3,"name":"ATV01 Electric Fat bike with 48V500W Motor 48V12.8AH LG Lithium Battery"}]},{"@type":"WebSite","@id":"https:\/\/bglbike.com\/#website","url":"https:\/\/bglbike.com\/","name":"Bglbike","description":"Top  Ebike manufacturer in China","publisher":{"@id":"https:\/\/bglbike.com\/#organization"},"potentialAction":[{"@type":"SearchAction","target":{"@type":"EntryPoint","urlTemplate":"https:\/\/bglbike.com\/?s={search_term_string}"},"query-input":{"@type":"PropertyValueSpecification","valueRequired":true,"valueName":"search_term_string"}}],"inLanguage":"es"},{"@type":"Organization","@id":"https:\/\/bglbike.com\/#organization","name":"Bglbike","url":"https:\/\/bglbike.com\/","logo":{"@type":"ImageObject","inLanguage":"es","@id":"https:\/\/bglbike.com\/#\/schema\/logo\/image\/","url":"https:\/\/bglbike.com\/wp-content\/uploads\/2023\/04\/cropped-LOGO.png","contentUrl":"https:\/\/bglbike.com\/wp-content\/uploads\/2023\/04\/cropped-LOGO.png","width":426,"height":141,"caption":"Bglbike"},"image":{"@id":"https:\/\/bglbike.com\/#\/schema\/logo\/image\/"}}]}},"_links":{"self":[{"href":"https:\/\/bglbike.com\/es\/wp-json\/wp\/v2\/product\/712","targetHints":{"allow":["GET"]}}],"collection":[{"href":"https:\/\/bglbike.com\/es\/wp-json\/wp\/v2\/product"}],"about":[{"href":"https:\/\/bglbike.com\/es\/wp-json\/wp\/v2\/types\/product"}],"wp:featuredmedia":[{"embeddable":true,"href":"https:\/\/bglbike.com\/es\/wp-json\/wp\/v2\/media\/3916"}],"wp:attachment":[{"href":"https:\/\/bglbike.com\/es\/wp-json\/wp\/v2\/media?parent=712"}],"wp:term":[{"taxonomy":"product_brand","embeddable":true,"href":"https:\/\/bglbike.com\/es\/wp-json\/wp\/v2\/product_brand?post=712"},{"taxonomy":"product_cat","embeddable":true,"href":"https:\/\/bglbike.com\/es\/wp-json\/wp\/v2\/product_cat?post=712"},{"taxonomy":"product_tag","embeddable":true,"href":"https:\/\/bglbike.com\/es\/wp-json\/wp\/v2\/product_tag?post=712"}],"curies":[{"name":"wp","href":"https:\/\/api.w.org\/{rel}","templated":true}]}}