{"id":704,"date":"2023-03-31T05:16:42","date_gmt":"2023-03-31T05:16:42","guid":{"rendered":"https:\/\/bglbike.com\/?post_type=product&#038;p=704"},"modified":"2023-05-31T02:47:54","modified_gmt":"2023-05-31T02:47:54","slug":"efb13","status":"publish","type":"product","link":"https:\/\/bglbike.com\/es\/producto\/efb13\/","title":{"rendered":"Bicicleta Plegable El\u00e9ctrica EFB13 - Motor 48V 500W, Bater\u00eda Samsung, Neum\u00e1tico 20*4.0"},"content":{"rendered":"<h3>Especificaci\u00f3n<\/h3>\n<div id=\"footable_parent_706\"\n         class=\"footable_parent ninja_table_wrapper loading_ninja_table wp_table_data_press_parent semantic_ui\">\n                <table data-ninja_table_instance=\"ninja_table_instance_0\" data-footable_id=\"706\" data-filter-delay=\"1000\" aria-label=\"EFB13.csv\"            id=\"footable_706\"\n           data-unique_identifier=\"ninja_table_unique_id_2859993993_706\"\n           class=\"foo-table ninja_footable foo_table_706 ninja_table_unique_id_2859993993_706 ui table  nt_type_legacy_table selectable striped vertical_centered  footable-paging-right ninja_table_pro\">\n                <colgroup>\n                            <col class=\"ninja_column_0\">\n                            <col class=\"ninja_column_1\">\n                    <\/colgroup>\n        <thead>\n<tr class=\"footable-header\">\n                                        <th scope=\"col\"  class=\"ninja_column_0 ninja_clmn_nm_motor\">Motor<\/th><th scope=\"col\"  class=\"ninja_column_1 ninja_clmn_nm_48v5wbafangmotor\">Motor Bafang de 48V 500W<\/th><\/tr>\n<\/thead>\n<tbody>\n\n        <tr data-row_id=\"369\" class=\"ninja_table_row_0 nt_row_id_369\">\n            <td>Bater\u00eda<\/td><td>Bater\u00eda Samsung 48V 10.4AH<\/td>        <\/tr>\n            <tr data-row_id=\"370\" class=\"ninja_table_row_1 nt_row_id_370\">\n            <td>Controlador<\/td><td>controlador integrado<\/td>        <\/tr>\n            <tr data-row_id=\"371\" class=\"ninja_table_row_2 nt_row_id_371\">\n            <td>Mostrar<\/td><td>Pantalla KM529<\/td>        <\/tr>\n            <tr data-row_id=\"372\" class=\"ninja_table_row_3 nt_row_id_372\">\n            <td>Tenedor frontal<\/td><td>Suspensi\u00f3n Horquilla delantera<\/td>        <\/tr>\n            <tr data-row_id=\"373\" class=\"ninja_table_row_4 nt_row_id_373\">\n            <td>Marco<\/td><td>Aleaci\u00f3n de aluminio<\/td>        <\/tr>\n            <tr data-row_id=\"374\" class=\"ninja_table_row_5 nt_row_id_374\">\n            <td>Neum\u00e1tico<\/td><td>neum\u00e1tico 20*4,0<\/td>        <\/tr>\n            <tr data-row_id=\"375\" class=\"ninja_table_row_6 nt_row_id_375\">\n            <td>Engranaje<\/td><td>Shimano de 7 velocidades<\/td>        <\/tr>\n            <tr data-row_id=\"376\" class=\"ninja_table_row_7 nt_row_id_376\">\n            <td>Acelerador<\/td><td>Acelerador de pulgar o giro<\/td>        <\/tr>\n    <\/tbody><!--ninja_tobody_rendering_done-->\n    <\/table>\n    \n    \n    \n<\/div>\n\n<h3>Empaquetado y entrega<\/h3>\n<p>Detalles de empaquetado: 1 unidad\/paquete<br \/>\nPuerto: Ningb\u00f3<br \/>\nTiempo de espera:<div id=\"footable_parent_707\"\n         class=\"footable_parent ninja_table_wrapper loading_ninja_table wp_table_data_press_parent semantic_ui\">\n                <table data-ninja_table_instance=\"ninja_table_instance_1\" data-footable_id=\"707\" data-filter-delay=\"1000\" aria-label=\"EFB12Leadtime.csv\"            id=\"footable_707\"\n           data-unique_identifier=\"ninja_table_unique_id_4003081561_707\"\n           class=\"foo-table ninja_footable foo_table_707 ninja_table_unique_id_4003081561_707 ui table  nt_type_legacy_table selectable striped vertical_centered  footable-paging-right ninja_table_pro\">\n                <colgroup>\n                            <col class=\"ninja_column_0\">\n                            <col class=\"ninja_column_1\">\n                            <col class=\"ninja_column_2\">\n                    <\/colgroup>\n        <thead>\n<tr class=\"footable-header\">\n                                                        <th scope=\"col\"  class=\"ninja_column_0 ninja_clmn_nm_quantitypieces\">Cantidad (piezas)<\/th><th scope=\"col\"  class=\"ninja_column_1 ninja_clmn_nm_11\">1-100<\/th><th scope=\"col\"  class=\"ninja_column_2 ninja_clmn_nm_1\">&gt;100<\/th><\/tr>\n<\/thead>\n<tbody>\n\n        <tr data-row_id=\"377\" class=\"ninja_table_row_0 nt_row_id_377\">\n            <td>Plazo de ejecuci\u00f3n (d\u00edas)<\/td><td>50<\/td><td>Ser negociado<\/td>        <\/tr>\n    <\/tbody><!--ninja_tobody_rendering_done-->\n    <\/table>\n    \n    \n    \n<\/div>\n<\/p>\n<h3>Imagen de detalle<\/h3>\n<p><img fetchpriority=\"high\" decoding=\"async\" class=\"wp-image-3596\" src=\"https:\/\/bglbike.com\/wp-content\/uploads\/2023\/03\/333-10.png\" alt=\"Im\u00e1genes de detalles\" width=\"800\" height=\"173\" srcset=\"https:\/\/bglbike.com\/wp-content\/uploads\/2023\/03\/333-10.png 600w, https:\/\/bglbike.com\/wp-content\/uploads\/2023\/03\/333-10-300x65.png 300w, https:\/\/bglbike.com\/wp-content\/uploads\/2023\/03\/333-10-18x4.png 18w, https:\/\/bglbike.com\/wp-content\/uploads\/2023\/03\/333-10-250x54.png 250w\" sizes=\"(max-width: 800px) 100vw, 800px\" \/><\/p>\n<h3>preguntas frecuentes<\/h3>\n<p><strong>P1:\u00bfQu\u00e9 tan duradera es la bicicleta plegable el\u00e9ctrica EFB13 - Motor de 48 V 500 W, bater\u00eda Samsung, neum\u00e1tico 20*4.0?<\/strong><br \/>\nEl EFB13 est\u00e1 hecho de una aleaci\u00f3n de aluminio de grado aeron\u00e1utico, lo que lo hace liviano pero lo suficientemente fuerte como para soportar mucho castigo. Tambi\u00e9n cuenta con un dise\u00f1o de marco robusto que garantiza la estabilidad incluso cuando se viaja a velocidades m\u00e1s altas o sobre terreno accidentado. La construcci\u00f3n general tambi\u00e9n hace que esta bicicleta sea incre\u00edblemente duradera y capaz de brindar a\u00f1os de rendimiento confiable.<\/p>\n<p><strong>Q2: \u00bfPrueba todos sus productos antes de la entrega?<\/strong><br \/>\nR: S\u00ed, tenemos una prueba 100% antes de la entrega.<\/p>\n<p><strong>P3: \u00bfEst\u00e1 bien imprimir mi logotipo en el paquete?<\/strong><br \/>\nLos clientes pueden agregar un toque personalizado a sus pedidos imprimiendo su logotipo en el paquete del producto. Para garantizar la mejor calidad de impresi\u00f3n, los clientes deben informarnos formalmente de su solicitud antes de que comience nuestra producci\u00f3n y confirmar el dise\u00f1o en funci\u00f3n de nuestra muestra suministrada.<\/p>\n<p><strong>P4:\u00bfSe incluye alguna garant\u00eda con la compra de una bicicleta el\u00e9ctrica plegable EFB13: motor de 48 V y 500 W, bater\u00eda Samsung, llanta 20*4.0?<\/strong><br \/>\n\u00a1S\u00ed! Cuando nos compra directamente a nosotros, ofrecemos a nuestros clientes una garant\u00eda de 1 a\u00f1o que cubre cualquier defecto de fabricaci\u00f3n en los materiales o la mano de obra que se encuentren en nuestros productos en la fecha de entrega de la recepci\u00f3n, siempre que se les pueda proporcionar una prueba satisfactoria para su reclamaci\u00f3n dentro de los 30 d\u00edas posteriores. la fecha de compra del mismo.<\/p>","protected":false},"excerpt":{"rendered":"<p>El <strong>Bicicleta Plegable El\u00e9ctrica EFB13 - Motor 48V 500W, Bater\u00eda Samsung, Neum\u00e1tico 20*4.0 <\/strong>cuenta con un sistema de bater\u00eda eficiente que se puede recargar r\u00e1pidamente, lo que le permite regresar y disfrutar de su viaje a\u00fan m\u00e1s r\u00e1pido. Con su modo de asistencia el\u00e9ctrica, tambi\u00e9n puedes elegir cu\u00e1nta asistencia necesitas del motor dependiendo de qu\u00e9 tan lejos o r\u00e1pido quieras llegar. El EFB13 est\u00e1 dise\u00f1ado para hacer frente a una variedad de terrenos con su amplia gama de ajustes de par ajustable y su potente motor de 250-500 vatios. Al mismo tiempo, su sistema de cambio Shimano de 7 velocidades te permite encontrar las velocidades perfectas para afrontar cualquier terreno. Ya sea paseando por la ciudad, tomando un sendero fuera de la carretera o abordando colinas, \u00a1el EFB13 puede hacerlo todo!<\/p>","protected":false},"featured_media":3932,"template":"","meta":{"site-sidebar-layout":"default","site-content-layout":"default","ast-site-content-layout":"default","site-content-style":"default","site-sidebar-style":"default","ast-global-header-display":"","ast-banner-title-visibility":"","ast-main-header-display":"","ast-hfb-above-header-display":"","ast-hfb-below-header-display":"","ast-hfb-mobile-header-display":"","site-post-title":"","ast-breadcrumbs-content":"","ast-featured-img":"","footer-sml-layout":"","ast-disable-related-posts":"","theme-transparent-header-meta":"default","adv-header-id-meta":"","stick-header-meta":"default","header-above-stick-meta":"","header-main-stick-meta":"","header-below-stick-meta":"","astra-migrate-meta-layouts":"default","ast-page-background-enabled":"default","ast-page-background-meta":{"desktop":{"background-color":"var(--ast-global-color-4)","background-image":"","background-repeat":"repeat","background-position":"center center","background-size":"auto","background-attachment":"scroll","background-type":"","background-media":"","overlay-type":"","overlay-color":"","overlay-opacity":"","overlay-gradient":""},"tablet":{"background-color":"","background-image":"","background-repeat":"repeat","background-position":"center center","background-size":"auto","background-attachment":"scroll","background-type":"","background-media":"","overlay-type":"","overlay-color":"","overlay-opacity":"","overlay-gradient":""},"mobile":{"background-color":"","background-image":"","background-repeat":"repeat","background-position":"center center","background-size":"auto","background-attachment":"scroll","background-type":"","background-media":"","overlay-type":"","overlay-color":"","overlay-opacity":"","overlay-gradient":""}},"ast-content-background-meta":{"desktop":{"background-color":"var(--ast-global-color-5)","background-image":"","background-repeat":"repeat","background-position":"center center","background-size":"auto","background-attachment":"scroll","background-type":"","background-media":"","overlay-type":"","overlay-color":"","overlay-opacity":"","overlay-gradient":""},"tablet":{"background-color":"var(--ast-global-color-5)","background-image":"","background-repeat":"repeat","background-position":"center center","background-size":"auto","background-attachment":"scroll","background-type":"","background-media":"","overlay-type":"","overlay-color":"","overlay-opacity":"","overlay-gradient":""},"mobile":{"background-color":"var(--ast-global-color-5)","background-image":"","background-repeat":"repeat","background-position":"center center","background-size":"auto","background-attachment":"scroll","background-type":"","background-media":"","overlay-type":"","overlay-color":"","overlay-opacity":"","overlay-gradient":""}}},"product_brand":[],"product_cat":[22],"product_tag":[],"class_list":{"0":"post-704","1":"product","2":"type-product","3":"status-publish","4":"has-post-thumbnail","6":"product_cat-electric-folding-bike","7":"desktop-align-left","8":"tablet-align-left","9":"mobile-align-left","10":"ast-product-gallery-layout-horizontal-slider","11":"ast-product-gallery-with-no-image","12":"ast-product-single-variable","13":"ast-product-tabs-layout-horizontal","15":"first","16":"instock","17":"shipping-taxable","18":"purchasable","19":"product-type-variable"},"yoast_head":"<!-- This site is optimized with the Yoast SEO Premium plugin v20.9 (Yoast SEO v27.3) - https:\/\/yoast.com\/product\/yoast-seo-premium-wordpress\/ -->\n<title>EFB13 Electric Folding Bike - 48V 500W Motor, Samsung Battery, 20*4.0 Tire - Bglbike<\/title>\n<meta name=\"description\" content=\"This bike comes with multiple safety features including disc brakes, LED lights, reflective tyres, anti-skid tyres and many more ensuring that your ride remains safe and secure at all times.\" \/>\n<meta name=\"robots\" content=\"index, follow, max-snippet:-1, max-image-preview:large, max-video-preview:-1\" \/>\n<link rel=\"canonical\" href=\"https:\/\/bglbike.com\/es\/producto\/efb13\/\" \/>\n<meta property=\"og:locale\" content=\"es_ES\" \/>\n<meta property=\"og:type\" content=\"article\" \/>\n<meta property=\"og:title\" content=\"EFB13 Electric Folding Bike - 48V 500W Motor, Samsung Battery, 20*4.0 Tire\" \/>\n<meta property=\"og:description\" content=\"This bike comes with multiple safety features including disc brakes, LED lights, reflective tyres, anti-skid tyres and many more ensuring that your ride remains safe and secure at all times.\" \/>\n<meta property=\"og:url\" content=\"https:\/\/bglbike.com\/es\/producto\/efb13\/\" \/>\n<meta property=\"og:site_name\" content=\"Bglbike\" \/>\n<meta property=\"article:modified_time\" content=\"2023-05-31T02:47:54+00:00\" \/>\n<meta property=\"og:image\" content=\"https:\/\/bglbike.com\/wp-content\/uploads\/2023\/03\/1-38.png\" \/>\n\t<meta property=\"og:image:width\" content=\"600\" \/>\n\t<meta property=\"og:image:height\" content=\"600\" \/>\n\t<meta property=\"og:image:type\" content=\"image\/png\" \/>\n<meta name=\"twitter:card\" content=\"summary_large_image\" \/>\n<meta name=\"twitter:label1\" content=\"Tiempo de lectura\" \/>\n\t<meta name=\"twitter:data1\" content=\"2 minutos\" \/>\n<script type=\"application\/ld+json\" class=\"yoast-schema-graph\">{\"@context\":\"https:\\\/\\\/schema.org\",\"@graph\":[{\"@type\":\"WebPage\",\"@id\":\"https:\\\/\\\/bglbike.com\\\/product\\\/efb13\\\/\",\"url\":\"https:\\\/\\\/bglbike.com\\\/product\\\/efb13\\\/\",\"name\":\"EFB13 Electric Folding Bike - 48V 500W Motor, Samsung Battery, 20*4.0 Tire - Bglbike\",\"isPartOf\":{\"@id\":\"https:\\\/\\\/bglbike.com\\\/#website\"},\"primaryImageOfPage\":{\"@id\":\"https:\\\/\\\/bglbike.com\\\/product\\\/efb13\\\/#primaryimage\"},\"image\":{\"@id\":\"https:\\\/\\\/bglbike.com\\\/product\\\/efb13\\\/#primaryimage\"},\"thumbnailUrl\":\"https:\\\/\\\/bglbike.com\\\/wp-content\\\/uploads\\\/2023\\\/03\\\/1-38.png\",\"datePublished\":\"2023-03-31T05:16:42+00:00\",\"dateModified\":\"2023-05-31T02:47:54+00:00\",\"description\":\"This bike comes with multiple safety features including disc brakes, LED lights, reflective tyres, anti-skid tyres and many more ensuring that your ride remains safe and secure at all times.\",\"breadcrumb\":{\"@id\":\"https:\\\/\\\/bglbike.com\\\/product\\\/efb13\\\/#breadcrumb\"},\"inLanguage\":\"es\",\"potentialAction\":[{\"@type\":\"ReadAction\",\"target\":[\"https:\\\/\\\/bglbike.com\\\/product\\\/efb13\\\/\"]}]},{\"@type\":\"ImageObject\",\"inLanguage\":\"es\",\"@id\":\"https:\\\/\\\/bglbike.com\\\/product\\\/efb13\\\/#primaryimage\",\"url\":\"https:\\\/\\\/bglbike.com\\\/wp-content\\\/uploads\\\/2023\\\/03\\\/1-38.png\",\"contentUrl\":\"https:\\\/\\\/bglbike.com\\\/wp-content\\\/uploads\\\/2023\\\/03\\\/1-38.png\",\"width\":600,\"height\":600,\"caption\":\"EFB13\"},{\"@type\":\"BreadcrumbList\",\"@id\":\"https:\\\/\\\/bglbike.com\\\/product\\\/efb13\\\/#breadcrumb\",\"itemListElement\":[{\"@type\":\"ListItem\",\"position\":1,\"name\":\"Home\",\"item\":\"https:\\\/\\\/bglbike.com\\\/\"},{\"@type\":\"ListItem\",\"position\":2,\"name\":\"Wholesale Electric Bike\",\"item\":\"https:\\\/\\\/bglbike.com\\\/wholesale-electric-bike\\\/\"},{\"@type\":\"ListItem\",\"position\":3,\"name\":\"EFB13 Electric Folding Bike &#8211; 48V 500W Motor, Samsung Battery, 20*4.0 Tire\"}]},{\"@type\":\"WebSite\",\"@id\":\"https:\\\/\\\/bglbike.com\\\/#website\",\"url\":\"https:\\\/\\\/bglbike.com\\\/\",\"name\":\"Bglbike\",\"description\":\"Top  Ebike manufacturer in China\",\"publisher\":{\"@id\":\"https:\\\/\\\/bglbike.com\\\/#organization\"},\"potentialAction\":[{\"@type\":\"SearchAction\",\"target\":{\"@type\":\"EntryPoint\",\"urlTemplate\":\"https:\\\/\\\/bglbike.com\\\/?s={search_term_string}\"},\"query-input\":{\"@type\":\"PropertyValueSpecification\",\"valueRequired\":true,\"valueName\":\"search_term_string\"}}],\"inLanguage\":\"es\"},{\"@type\":\"Organization\",\"@id\":\"https:\\\/\\\/bglbike.com\\\/#organization\",\"name\":\"Bglbike\",\"url\":\"https:\\\/\\\/bglbike.com\\\/\",\"logo\":{\"@type\":\"ImageObject\",\"inLanguage\":\"es\",\"@id\":\"https:\\\/\\\/bglbike.com\\\/#\\\/schema\\\/logo\\\/image\\\/\",\"url\":\"https:\\\/\\\/bglbike.com\\\/wp-content\\\/uploads\\\/2023\\\/04\\\/cropped-LOGO.png\",\"contentUrl\":\"https:\\\/\\\/bglbike.com\\\/wp-content\\\/uploads\\\/2023\\\/04\\\/cropped-LOGO.png\",\"width\":426,\"height\":141,\"caption\":\"Bglbike\"},\"image\":{\"@id\":\"https:\\\/\\\/bglbike.com\\\/#\\\/schema\\\/logo\\\/image\\\/\"}}]}<\/script>\n<!-- \/ Yoast SEO Premium plugin. -->","yoast_head_json":{"title":"EFB13 Electric Folding Bike - 48V 500W Motor, Samsung Battery, 20*4.0 Tire - Bglbike","description":"This bike comes with multiple safety features including disc brakes, LED lights, reflective tyres, anti-skid tyres and many more ensuring that your ride remains safe and secure at all times.","robots":{"index":"index","follow":"follow","max-snippet":"max-snippet:-1","max-image-preview":"max-image-preview:large","max-video-preview":"max-video-preview:-1"},"canonical":"https:\/\/bglbike.com\/es\/producto\/efb13\/","og_locale":"es_ES","og_type":"article","og_title":"EFB13 Electric Folding Bike - 48V 500W Motor, Samsung Battery, 20*4.0 Tire","og_description":"This bike comes with multiple safety features including disc brakes, LED lights, reflective tyres, anti-skid tyres and many more ensuring that your ride remains safe and secure at all times.","og_url":"https:\/\/bglbike.com\/es\/producto\/efb13\/","og_site_name":"Bglbike","article_modified_time":"2023-05-31T02:47:54+00:00","og_image":[{"width":600,"height":600,"url":"https:\/\/bglbike.com\/wp-content\/uploads\/2023\/03\/1-38.png","type":"image\/png"}],"twitter_card":"summary_large_image","twitter_misc":{"Tiempo de lectura":"2 minutos"},"schema":{"@context":"https:\/\/schema.org","@graph":[{"@type":"WebPage","@id":"https:\/\/bglbike.com\/product\/efb13\/","url":"https:\/\/bglbike.com\/product\/efb13\/","name":"EFB13 Electric Folding Bike - 48V 500W Motor, Samsung Battery, 20*4.0 Tire - Bglbike","isPartOf":{"@id":"https:\/\/bglbike.com\/#website"},"primaryImageOfPage":{"@id":"https:\/\/bglbike.com\/product\/efb13\/#primaryimage"},"image":{"@id":"https:\/\/bglbike.com\/product\/efb13\/#primaryimage"},"thumbnailUrl":"https:\/\/bglbike.com\/wp-content\/uploads\/2023\/03\/1-38.png","datePublished":"2023-03-31T05:16:42+00:00","dateModified":"2023-05-31T02:47:54+00:00","description":"This bike comes with multiple safety features including disc brakes, LED lights, reflective tyres, anti-skid tyres and many more ensuring that your ride remains safe and secure at all times.","breadcrumb":{"@id":"https:\/\/bglbike.com\/product\/efb13\/#breadcrumb"},"inLanguage":"es","potentialAction":[{"@type":"ReadAction","target":["https:\/\/bglbike.com\/product\/efb13\/"]}]},{"@type":"ImageObject","inLanguage":"es","@id":"https:\/\/bglbike.com\/product\/efb13\/#primaryimage","url":"https:\/\/bglbike.com\/wp-content\/uploads\/2023\/03\/1-38.png","contentUrl":"https:\/\/bglbike.com\/wp-content\/uploads\/2023\/03\/1-38.png","width":600,"height":600,"caption":"EFB13"},{"@type":"BreadcrumbList","@id":"https:\/\/bglbike.com\/product\/efb13\/#breadcrumb","itemListElement":[{"@type":"ListItem","position":1,"name":"Home","item":"https:\/\/bglbike.com\/"},{"@type":"ListItem","position":2,"name":"Wholesale Electric Bike","item":"https:\/\/bglbike.com\/wholesale-electric-bike\/"},{"@type":"ListItem","position":3,"name":"EFB13 Electric Folding Bike &#8211; 48V 500W Motor, Samsung Battery, 20*4.0 Tire"}]},{"@type":"WebSite","@id":"https:\/\/bglbike.com\/#website","url":"https:\/\/bglbike.com\/","name":"Bglbike","description":"Top  Ebike manufacturer in China","publisher":{"@id":"https:\/\/bglbike.com\/#organization"},"potentialAction":[{"@type":"SearchAction","target":{"@type":"EntryPoint","urlTemplate":"https:\/\/bglbike.com\/?s={search_term_string}"},"query-input":{"@type":"PropertyValueSpecification","valueRequired":true,"valueName":"search_term_string"}}],"inLanguage":"es"},{"@type":"Organization","@id":"https:\/\/bglbike.com\/#organization","name":"Bglbike","url":"https:\/\/bglbike.com\/","logo":{"@type":"ImageObject","inLanguage":"es","@id":"https:\/\/bglbike.com\/#\/schema\/logo\/image\/","url":"https:\/\/bglbike.com\/wp-content\/uploads\/2023\/04\/cropped-LOGO.png","contentUrl":"https:\/\/bglbike.com\/wp-content\/uploads\/2023\/04\/cropped-LOGO.png","width":426,"height":141,"caption":"Bglbike"},"image":{"@id":"https:\/\/bglbike.com\/#\/schema\/logo\/image\/"}}]}},"_links":{"self":[{"href":"https:\/\/bglbike.com\/es\/wp-json\/wp\/v2\/product\/704","targetHints":{"allow":["GET"]}}],"collection":[{"href":"https:\/\/bglbike.com\/es\/wp-json\/wp\/v2\/product"}],"about":[{"href":"https:\/\/bglbike.com\/es\/wp-json\/wp\/v2\/types\/product"}],"wp:featuredmedia":[{"embeddable":true,"href":"https:\/\/bglbike.com\/es\/wp-json\/wp\/v2\/media\/3932"}],"wp:attachment":[{"href":"https:\/\/bglbike.com\/es\/wp-json\/wp\/v2\/media?parent=704"}],"wp:term":[{"taxonomy":"product_brand","embeddable":true,"href":"https:\/\/bglbike.com\/es\/wp-json\/wp\/v2\/product_brand?post=704"},{"taxonomy":"product_cat","embeddable":true,"href":"https:\/\/bglbike.com\/es\/wp-json\/wp\/v2\/product_cat?post=704"},{"taxonomy":"product_tag","embeddable":true,"href":"https:\/\/bglbike.com\/es\/wp-json\/wp\/v2\/product_tag?post=704"}],"curies":[{"name":"wp","href":"https:\/\/api.w.org\/{rel}","templated":true}]}}