{"id":682,"date":"2023-03-31T03:52:45","date_gmt":"2023-03-31T03:52:45","guid":{"rendered":"https:\/\/bglbike.com\/?post_type=product&#038;p=682"},"modified":"2024-01-05T04:29:51","modified_gmt":"2024-01-05T04:29:51","slug":"efb11","status":"publish","type":"product","link":"https:\/\/bglbike.com\/es\/producto\/efb11\/","title":{"rendered":"Bicicleta el\u00e9ctrica plegable EFB11 con motor de 500 W, bater\u00eda de 48 V y cambio Shimano de 7 velocidades"},"content":{"rendered":"<h3>Especificaci\u00f3n<\/h3>\n<div id=\"footable_parent_685\"\n         class=\"footable_parent ninja_table_wrapper loading_ninja_table wp_table_data_press_parent semantic_ui\">\n                <table data-ninja_table_instance=\"ninja_table_instance_0\" data-footable_id=\"685\" data-filter-delay=\"1000\" aria-label=\"EFB11.csv\"            id=\"footable_685\"\n           data-unique_identifier=\"ninja_table_unique_id_381916689_685\"\n           class=\"foo-table ninja_footable foo_table_685 ninja_table_unique_id_381916689_685 ui table  nt_type_legacy_table selectable striped vertical_centered  footable-paging-right ninja_table_pro\">\n                <colgroup>\n                            <col class=\"ninja_column_0\">\n                            <col class=\"ninja_column_1\">\n                    <\/colgroup>\n        <thead>\n<tr class=\"footable-header\">\n                                        <th scope=\"col\"  class=\"ninja_column_0 ninja_clmn_nm_modelnoefb11\">N\u00famero de modelo: EFB11<\/th><th scope=\"col\"  class=\"ninja_column_1 ninja_clmn_nm_chargetime68h\">Tiempo de carga: 6-8H<\/th><\/tr>\n<\/thead>\n<tbody>\n\n        <tr data-row_id=\"344\" class=\"ninja_table_row_0 nt_row_id_344\">\n            <td>Marco: aleaci\u00f3n de aluminio 6061#A plegable<\/td><td>Vida \u00fatil del cargador: &gt;500 veces<\/td>        <\/tr>\n            <tr data-row_id=\"345\" class=\"ninja_table_row_1 nt_row_id_345\">\n            <td>Motor: 36V o 48V 250W \/ 350W\/500W Motor trasero sin escobillas<\/td><td>Cargador: 100V CA - 240V CA<\/td>        <\/tr>\n            <tr data-row_id=\"346\" class=\"ninja_table_row_2 nt_row_id_346\">\n            <td>Bater\u00eda: 36V o 48V 10AH\/13AH\/14AH Bater\u00eda china o SANSUNG<\/td><td>Velocidad m\u00e1xima: 25-38 km\/h<\/td>        <\/tr>\n            <tr data-row_id=\"347\" class=\"ninja_table_row_3 nt_row_id_347\">\n            <td>Horquilla delantera: horquilla de aluminio r\u00edgido o horquilla de suspensi\u00f3n<\/td><td>Distancia de conducci\u00f3n:&gt; 50 km<\/td>        <\/tr>\n            <tr data-row_id=\"348\" class=\"ninja_table_row_4 nt_row_id_348\">\n            <td>Freno: Freno de disco Tektro delantero\/trasero<\/td><td>Capacidad de carga: 150 kg<\/td>        <\/tr>\n            <tr data-row_id=\"349\" class=\"ninja_table_row_5 nt_row_id_349\">\n            <td>Palanca de freno: marca Tektro o Wuxing<\/td><td>Sistema de asistente de pedal: 1:1<\/td>        <\/tr>\n            <tr data-row_id=\"350\" class=\"ninja_table_row_6 nt_row_id_350\">\n            <td>Manillar\/v\u00e1stago: aleaci\u00f3n de aluminio.<\/td><td>Pantalla multifunci\u00f3n en el manillar:<\/td>        <\/tr>\n            <tr data-row_id=\"351\" class=\"ninja_table_row_7 nt_row_id_351\">\n            <td><\/td><td>LCD con velocidad PAS de 5 niveles,<\/td>        <\/tr>\n            <tr data-row_id=\"352\" class=\"ninja_table_row_8 nt_row_id_352\">\n            <td><\/td><td>interruptor de encendido\/apagado<\/td>        <\/tr>\n            <tr data-row_id=\"353\" class=\"ninja_table_row_9 nt_row_id_353\">\n            <td>\u00a0Luz delantera y trasera LED<\/td><td>Carga del contenedor: 20 &quot;FCL 90 piezas 40&quot; FCL 225 piezas<\/td>        <\/tr>\n            <tr data-row_id=\"354\" class=\"ninja_table_row_10 nt_row_id_354\">\n            <td>Mango con indicador de energ\u00eda de la bater\u00eda<\/td><td>NO: 25 kg; GW: 30kg<\/td>        <\/tr>\n            <tr data-row_id=\"355\" class=\"ninja_table_row_11 nt_row_id_355\">\n            <td>Dimensi\u00f3n del neum\u00e1tico: KENDA20*4.0<\/td><td>Caja de embalaje: 94*60*70cm<\/td>        <\/tr>\n            <tr data-row_id=\"356\" class=\"ninja_table_row_12 nt_row_id_356\">\n            <td>Desviador: Shimano7Speed<\/td><td>Colores disponibles: negro, plata u otros colores<\/td>        <\/tr>\n            <tr data-row_id=\"357\" class=\"ninja_table_row_13 nt_row_id_357\">\n            <td><\/td><td><\/td>        <\/tr>\n    <\/tbody><!--ninja_tobody_rendering_done-->\n    <\/table>\n    \n    \n    \n<\/div>\n\n<h3>Empaquetado y entrega<\/h3>\n<p>Detalles del empaque: Espuma y una bolsa de pl\u00e1stico envuelta en el cuerpo de la bicicleta, una caja de cart\u00f3n fuerte para el paquete exterior y una tarima de madera tambi\u00e9n est\u00e1n disponibles.<br \/>\nPuerto\uff1a NINGBO, SHANGH\u00c1I<\/p>\n<p>Tiempo de espera:<div id=\"footable_parent_686\"\n         class=\"footable_parent ninja_table_wrapper loading_ninja_table wp_table_data_press_parent semantic_ui\">\n                <table data-ninja_table_instance=\"ninja_table_instance_1\" data-footable_id=\"686\" data-filter-delay=\"1000\" aria-label=\"EBB.csv\"            id=\"footable_686\"\n           data-unique_identifier=\"ninja_table_unique_id_1283746477_686\"\n           class=\"foo-table ninja_footable foo_table_686 ninja_table_unique_id_1283746477_686 ui table  nt_type_legacy_table selectable striped vertical_centered  footable-paging-right ninja_table_pro\">\n                <colgroup>\n                            <col class=\"ninja_column_0\">\n                            <col class=\"ninja_column_1\">\n                            <col class=\"ninja_column_2\">\n                            <col class=\"ninja_column_3\">\n                    <\/colgroup>\n        <thead>\n<tr class=\"footable-header\">\n                                                                        <th scope=\"col\"  class=\"ninja_column_0 ninja_clmn_nm_quantitypieces\">Cantidad (piezas)<\/th><th scope=\"col\"  class=\"ninja_column_1 ninja_clmn_nm_11\">1-2<\/th><th scope=\"col\"  class=\"ninja_column_2 ninja_clmn_nm_22\">3-90<\/th><th scope=\"col\"  class=\"ninja_column_3 ninja_clmn_nm_2\">&gt;90<\/th><\/tr>\n<\/thead>\n<tbody>\n\n        <tr data-row_id=\"358\" class=\"ninja_table_row_0 nt_row_id_358\">\n            <td>Plazo de ejecuci\u00f3n (d\u00edas)<\/td><td>35<\/td><td>60<\/td><td>Ser negociado<\/td>        <\/tr>\n    <\/tbody><!--ninja_tobody_rendering_done-->\n    <\/table>\n    \n    \n    \n<\/div>\n<\/p>\n<h3>Imagen de detalle<\/h3>\n<p><img fetchpriority=\"high\" decoding=\"async\" class=\"size-full wp-image-3608\" src=\"https:\/\/bglbike.com\/wp-content\/uploads\/2023\/03\/333-14.png\" alt=\"Im\u00e1genes detalladas\" width=\"625\" height=\"600\" srcset=\"https:\/\/bglbike.com\/wp-content\/uploads\/2023\/03\/333-14.png 625w, https:\/\/bglbike.com\/wp-content\/uploads\/2023\/03\/333-14-300x288.png 300w, https:\/\/bglbike.com\/wp-content\/uploads\/2023\/03\/333-14-13x12.png 13w, https:\/\/bglbike.com\/wp-content\/uploads\/2023\/03\/333-14-208x200.png 208w, https:\/\/bglbike.com\/wp-content\/uploads\/2023\/03\/333-14-600x576.png 600w\" sizes=\"(max-width: 625px) 100vw, 625px\" \/><\/p>\n<h3>preguntas frecuentes<\/h3>\n<p>&nbsp;<\/p>\n<p><strong>P1: \u00bfCu\u00e1les son las caracter\u00edsticas clave de la &quot;bicicleta el\u00e9ctrica plegable EFB11&quot;?<\/strong><br \/>\nLa bicicleta el\u00e9ctrica plegable EFB11 tiene muchas caracter\u00edsticas impresionantes, como un marco y una horquilla de aleaci\u00f3n de aluminio resistente, altura del sill\u00edn ajustable, dise\u00f1o plegable para facilitar el almacenamiento, cuatro niveles de asistencia el\u00e9ctrica m\u00e1s modo de solo aceleraci\u00f3n, luces delanteras y traseras para mejorar la visibilidad por la noche, neum\u00e1ticos antideslizantes con sistema de suspensi\u00f3n amortiguadora y frenos de disco mec\u00e1nicos.<\/p>\n<p><strong>P2: \u00bfCu\u00e1nto tiempo se tarda en montar la bicicleta el\u00e9ctrica plegable EFB11?<\/strong><br \/>\nLa bicicleta el\u00e9ctrica plegable EFB11 viene preensamblada y todo lo que necesita hacer es cargar la bater\u00eda en su cuadro antes de poder montarla. Esto no deber\u00eda tomar m\u00e1s de 10 minutos.<\/p>\n<p><strong>P3: \u00bfLa bicicleta el\u00e9ctrica plegable EFB11 es adecuada para escalar colinas?<\/strong><br \/>\n\u00a1S\u00ed! La altura del sill\u00edn ajustable lo hace ideal para hacer frente a las colinas con facilidad y confianza. Adem\u00e1s, sus neum\u00e1ticos antideslizantes brindan un excelente poder de agarre a la carretera para que su viaje sea m\u00e1s suave.<\/p>\n<p><strong>P4:\u00bfQu\u00e9 medidas de seguridad tiene implementada la bicicleta el\u00e9ctrica plegable el\u00e9ctrica EFB11?<\/strong><br \/>\nEl EFB11 cuenta con varias medidas de seguridad, incluida una altura de sill\u00edn ajustable para garantizar un viaje seguro sin importar su tama\u00f1o o edad; neum\u00e1ticos antideslizantes que brindan un excelente poder de agarre a la carretera; un sistema de freno de disco mec\u00e1nico que ofrece una poderosa fuerza de frenado en segundos; luces delanteras y traseras que mejoran la visibilidad por la noche; as\u00ed como un l\u00edmite de velocidad de conducci\u00f3n seguro de 25 km\/h establecido por el sistema de control del motor.<\/p>\n<p><strong>P5: \u00bfHay alguna garant\u00eda disponible para la bicicleta el\u00e9ctrica plegable EFB11?<\/strong><br \/>\n\u00a1S\u00ed! El fabricante ofrece un a\u00f1o de garant\u00eda de mantenimiento gratuito en todas sus bicicletas el\u00e9ctricas plegables, incluido el modelo de Bicicleta El\u00e9ctrica Plegable EFB11, que cubre cualquier defecto de fabricaci\u00f3n o fallas causadas durante el uso regular dentro de este per\u00edodo (lo que ocurra primero).<\/p>","protected":false},"excerpt":{"rendered":"<p>\u00bfBuscas una bicicleta plegable el\u00e9ctrica de calidad? No busque m\u00e1s all\u00e1 de la <strong>Bicicleta el\u00e9ctrica plegable EFB11 con motor de 500 W, bater\u00eda de 48 V y cambio Shimano de 7 velocidades<\/strong> de China. Esta bicicleta es perfecta para empresas que buscan comprar al por mayor. Est\u00e1 fabricado con materiales de alta calidad y cuenta con una bater\u00eda potente que dura kil\u00f3metros. Su capacidad de plegado permite plegarlo r\u00e1pidamente y guardarlo en \u00e1reas urbanas estrechas o discretamente cuando no est\u00e9 en uso. El EFB11 es la combinaci\u00f3n perfecta de comodidad, rendimiento y seguridad, lo que lo convierte en un complemento esencial para su estilo de vida.<\/p>","protected":false},"featured_media":4637,"template":"","meta":{"site-sidebar-layout":"default","site-content-layout":"default","ast-site-content-layout":"default","site-content-style":"default","site-sidebar-style":"default","ast-global-header-display":"","ast-banner-title-visibility":"","ast-main-header-display":"","ast-hfb-above-header-display":"","ast-hfb-below-header-display":"","ast-hfb-mobile-header-display":"","site-post-title":"","ast-breadcrumbs-content":"","ast-featured-img":"","footer-sml-layout":"","ast-disable-related-posts":"","theme-transparent-header-meta":"default","adv-header-id-meta":"","stick-header-meta":"default","header-above-stick-meta":"","header-main-stick-meta":"","header-below-stick-meta":"","astra-migrate-meta-layouts":"set","ast-page-background-enabled":"default","ast-page-background-meta":{"desktop":{"background-color":"var(--ast-global-color-4)","background-image":"","background-repeat":"repeat","background-position":"center center","background-size":"auto","background-attachment":"scroll","background-type":"","background-media":"","overlay-type":"","overlay-color":"","overlay-opacity":"","overlay-gradient":""},"tablet":{"background-color":"","background-image":"","background-repeat":"repeat","background-position":"center center","background-size":"auto","background-attachment":"scroll","background-type":"","background-media":"","overlay-type":"","overlay-color":"","overlay-opacity":"","overlay-gradient":""},"mobile":{"background-color":"","background-image":"","background-repeat":"repeat","background-position":"center center","background-size":"auto","background-attachment":"scroll","background-type":"","background-media":"","overlay-type":"","overlay-color":"","overlay-opacity":"","overlay-gradient":""}},"ast-content-background-meta":{"desktop":{"background-color":"var(--ast-global-color-5)","background-image":"","background-repeat":"repeat","background-position":"center center","background-size":"auto","background-attachment":"scroll","background-type":"","background-media":"","overlay-type":"","overlay-color":"","overlay-opacity":"","overlay-gradient":""},"tablet":{"background-color":"var(--ast-global-color-5)","background-image":"","background-repeat":"repeat","background-position":"center center","background-size":"auto","background-attachment":"scroll","background-type":"","background-media":"","overlay-type":"","overlay-color":"","overlay-opacity":"","overlay-gradient":""},"mobile":{"background-color":"var(--ast-global-color-5)","background-image":"","background-repeat":"repeat","background-position":"center center","background-size":"auto","background-attachment":"scroll","background-type":"","background-media":"","overlay-type":"","overlay-color":"","overlay-opacity":"","overlay-gradient":""}}},"product_brand":[],"product_cat":[22],"product_tag":[],"class_list":{"0":"post-682","1":"product","2":"type-product","3":"status-publish","4":"has-post-thumbnail","6":"product_cat-electric-folding-bike","7":"desktop-align-left","8":"tablet-align-left","9":"mobile-align-left","10":"ast-product-gallery-layout-horizontal-slider","11":"ast-product-gallery-with-no-image","12":"ast-product-single-variable","13":"ast-product-tabs-layout-horizontal","15":"first","16":"instock","17":"shipping-taxable","18":"purchasable","19":"product-type-variable"},"yoast_head":"<!-- This site is optimized with the Yoast SEO Premium plugin v20.9 (Yoast SEO v27.3) - https:\/\/yoast.com\/product\/yoast-seo-premium-wordpress\/ -->\n<title>EFB11 Folding Electric Bike with 500W Motor, 48V Battery, and 7-Speed Shimano Derailleur - Bglbike<\/title>\n<meta name=\"description\" content=\"The Electric Folding Bike (EFB11) is the perfect transportation solution for those looking for a convenient and energy-efficient way to get around town.\" \/>\n<meta name=\"robots\" content=\"index, follow, max-snippet:-1, max-image-preview:large, max-video-preview:-1\" \/>\n<link rel=\"canonical\" href=\"https:\/\/bglbike.com\/es\/producto\/efb11\/\" \/>\n<meta property=\"og:locale\" content=\"es_ES\" \/>\n<meta property=\"og:type\" content=\"article\" \/>\n<meta property=\"og:title\" content=\"EFB11 Folding Electric Bike with 500W Motor, 48V Battery, and 7-Speed Shimano Derailleur\" \/>\n<meta property=\"og:description\" content=\"The Electric Folding Bike (EFB11) is the perfect transportation solution for those looking for a convenient and energy-efficient way to get around town.\" \/>\n<meta property=\"og:url\" content=\"https:\/\/bglbike.com\/es\/producto\/efb11\/\" \/>\n<meta property=\"og:site_name\" content=\"Bglbike\" \/>\n<meta property=\"article:modified_time\" content=\"2024-01-05T04:29:51+00:00\" \/>\n<meta property=\"og:image\" content=\"https:\/\/bglbike.com\/wp-content\/uploads\/2023\/03\/1-44.png\" \/>\n\t<meta property=\"og:image:width\" content=\"600\" \/>\n\t<meta property=\"og:image:height\" content=\"600\" \/>\n\t<meta property=\"og:image:type\" content=\"image\/png\" \/>\n<meta name=\"twitter:card\" content=\"summary_large_image\" \/>\n<meta name=\"twitter:label1\" content=\"Tiempo de lectura\" \/>\n\t<meta name=\"twitter:data1\" content=\"2 minutos\" \/>\n<script type=\"application\/ld+json\" class=\"yoast-schema-graph\">{\"@context\":\"https:\\\/\\\/schema.org\",\"@graph\":[{\"@type\":\"WebPage\",\"@id\":\"https:\\\/\\\/bglbike.com\\\/product\\\/efb11\\\/\",\"url\":\"https:\\\/\\\/bglbike.com\\\/product\\\/efb11\\\/\",\"name\":\"EFB11 Folding Electric Bike with 500W Motor, 48V Battery, and 7-Speed Shimano Derailleur - Bglbike\",\"isPartOf\":{\"@id\":\"https:\\\/\\\/bglbike.com\\\/#website\"},\"primaryImageOfPage\":{\"@id\":\"https:\\\/\\\/bglbike.com\\\/product\\\/efb11\\\/#primaryimage\"},\"image\":{\"@id\":\"https:\\\/\\\/bglbike.com\\\/product\\\/efb11\\\/#primaryimage\"},\"thumbnailUrl\":\"https:\\\/\\\/bglbike.com\\\/wp-content\\\/uploads\\\/2023\\\/03\\\/1-44.png\",\"datePublished\":\"2023-03-31T03:52:45+00:00\",\"dateModified\":\"2024-01-05T04:29:51+00:00\",\"description\":\"The Electric Folding Bike (EFB11) is the perfect transportation solution for those looking for a convenient and energy-efficient way to get around town.\",\"breadcrumb\":{\"@id\":\"https:\\\/\\\/bglbike.com\\\/product\\\/efb11\\\/#breadcrumb\"},\"inLanguage\":\"es\",\"potentialAction\":[{\"@type\":\"ReadAction\",\"target\":[\"https:\\\/\\\/bglbike.com\\\/product\\\/efb11\\\/\"]}]},{\"@type\":\"ImageObject\",\"inLanguage\":\"es\",\"@id\":\"https:\\\/\\\/bglbike.com\\\/product\\\/efb11\\\/#primaryimage\",\"url\":\"https:\\\/\\\/bglbike.com\\\/wp-content\\\/uploads\\\/2023\\\/03\\\/1-44.png\",\"contentUrl\":\"https:\\\/\\\/bglbike.com\\\/wp-content\\\/uploads\\\/2023\\\/03\\\/1-44.png\",\"width\":600,\"height\":600,\"caption\":\"EFB11\"},{\"@type\":\"BreadcrumbList\",\"@id\":\"https:\\\/\\\/bglbike.com\\\/product\\\/efb11\\\/#breadcrumb\",\"itemListElement\":[{\"@type\":\"ListItem\",\"position\":1,\"name\":\"Home\",\"item\":\"https:\\\/\\\/bglbike.com\\\/\"},{\"@type\":\"ListItem\",\"position\":2,\"name\":\"Wholesale Electric Bike\",\"item\":\"https:\\\/\\\/bglbike.com\\\/wholesale-electric-bike\\\/\"},{\"@type\":\"ListItem\",\"position\":3,\"name\":\"EFB11 Folding Electric Bike with 500W Motor, 48V Battery, and 7-Speed Shimano Derailleur\"}]},{\"@type\":\"WebSite\",\"@id\":\"https:\\\/\\\/bglbike.com\\\/#website\",\"url\":\"https:\\\/\\\/bglbike.com\\\/\",\"name\":\"Bglbike\",\"description\":\"Top  Ebike manufacturer in China\",\"publisher\":{\"@id\":\"https:\\\/\\\/bglbike.com\\\/#organization\"},\"potentialAction\":[{\"@type\":\"SearchAction\",\"target\":{\"@type\":\"EntryPoint\",\"urlTemplate\":\"https:\\\/\\\/bglbike.com\\\/?s={search_term_string}\"},\"query-input\":{\"@type\":\"PropertyValueSpecification\",\"valueRequired\":true,\"valueName\":\"search_term_string\"}}],\"inLanguage\":\"es\"},{\"@type\":\"Organization\",\"@id\":\"https:\\\/\\\/bglbike.com\\\/#organization\",\"name\":\"Bglbike\",\"url\":\"https:\\\/\\\/bglbike.com\\\/\",\"logo\":{\"@type\":\"ImageObject\",\"inLanguage\":\"es\",\"@id\":\"https:\\\/\\\/bglbike.com\\\/#\\\/schema\\\/logo\\\/image\\\/\",\"url\":\"https:\\\/\\\/bglbike.com\\\/wp-content\\\/uploads\\\/2023\\\/04\\\/cropped-LOGO.png\",\"contentUrl\":\"https:\\\/\\\/bglbike.com\\\/wp-content\\\/uploads\\\/2023\\\/04\\\/cropped-LOGO.png\",\"width\":426,\"height\":141,\"caption\":\"Bglbike\"},\"image\":{\"@id\":\"https:\\\/\\\/bglbike.com\\\/#\\\/schema\\\/logo\\\/image\\\/\"}}]}<\/script>\n<!-- \/ Yoast SEO Premium plugin. -->","yoast_head_json":{"title":"EFB11 Folding Electric Bike with 500W Motor, 48V Battery, and 7-Speed Shimano Derailleur - Bglbike","description":"The Electric Folding Bike (EFB11) is the perfect transportation solution for those looking for a convenient and energy-efficient way to get around town.","robots":{"index":"index","follow":"follow","max-snippet":"max-snippet:-1","max-image-preview":"max-image-preview:large","max-video-preview":"max-video-preview:-1"},"canonical":"https:\/\/bglbike.com\/es\/producto\/efb11\/","og_locale":"es_ES","og_type":"article","og_title":"EFB11 Folding Electric Bike with 500W Motor, 48V Battery, and 7-Speed Shimano Derailleur","og_description":"The Electric Folding Bike (EFB11) is the perfect transportation solution for those looking for a convenient and energy-efficient way to get around town.","og_url":"https:\/\/bglbike.com\/es\/producto\/efb11\/","og_site_name":"Bglbike","article_modified_time":"2024-01-05T04:29:51+00:00","og_image":[{"width":600,"height":600,"url":"https:\/\/bglbike.com\/wp-content\/uploads\/2023\/03\/1-44.png","type":"image\/png"}],"twitter_card":"summary_large_image","twitter_misc":{"Tiempo de lectura":"2 minutos"},"schema":{"@context":"https:\/\/schema.org","@graph":[{"@type":"WebPage","@id":"https:\/\/bglbike.com\/product\/efb11\/","url":"https:\/\/bglbike.com\/product\/efb11\/","name":"EFB11 Folding Electric Bike with 500W Motor, 48V Battery, and 7-Speed Shimano Derailleur - Bglbike","isPartOf":{"@id":"https:\/\/bglbike.com\/#website"},"primaryImageOfPage":{"@id":"https:\/\/bglbike.com\/product\/efb11\/#primaryimage"},"image":{"@id":"https:\/\/bglbike.com\/product\/efb11\/#primaryimage"},"thumbnailUrl":"https:\/\/bglbike.com\/wp-content\/uploads\/2023\/03\/1-44.png","datePublished":"2023-03-31T03:52:45+00:00","dateModified":"2024-01-05T04:29:51+00:00","description":"The Electric Folding Bike (EFB11) is the perfect transportation solution for those looking for a convenient and energy-efficient way to get around town.","breadcrumb":{"@id":"https:\/\/bglbike.com\/product\/efb11\/#breadcrumb"},"inLanguage":"es","potentialAction":[{"@type":"ReadAction","target":["https:\/\/bglbike.com\/product\/efb11\/"]}]},{"@type":"ImageObject","inLanguage":"es","@id":"https:\/\/bglbike.com\/product\/efb11\/#primaryimage","url":"https:\/\/bglbike.com\/wp-content\/uploads\/2023\/03\/1-44.png","contentUrl":"https:\/\/bglbike.com\/wp-content\/uploads\/2023\/03\/1-44.png","width":600,"height":600,"caption":"EFB11"},{"@type":"BreadcrumbList","@id":"https:\/\/bglbike.com\/product\/efb11\/#breadcrumb","itemListElement":[{"@type":"ListItem","position":1,"name":"Home","item":"https:\/\/bglbike.com\/"},{"@type":"ListItem","position":2,"name":"Wholesale Electric Bike","item":"https:\/\/bglbike.com\/wholesale-electric-bike\/"},{"@type":"ListItem","position":3,"name":"EFB11 Folding Electric Bike with 500W Motor, 48V Battery, and 7-Speed Shimano Derailleur"}]},{"@type":"WebSite","@id":"https:\/\/bglbike.com\/#website","url":"https:\/\/bglbike.com\/","name":"Bglbike","description":"Top  Ebike manufacturer in China","publisher":{"@id":"https:\/\/bglbike.com\/#organization"},"potentialAction":[{"@type":"SearchAction","target":{"@type":"EntryPoint","urlTemplate":"https:\/\/bglbike.com\/?s={search_term_string}"},"query-input":{"@type":"PropertyValueSpecification","valueRequired":true,"valueName":"search_term_string"}}],"inLanguage":"es"},{"@type":"Organization","@id":"https:\/\/bglbike.com\/#organization","name":"Bglbike","url":"https:\/\/bglbike.com\/","logo":{"@type":"ImageObject","inLanguage":"es","@id":"https:\/\/bglbike.com\/#\/schema\/logo\/image\/","url":"https:\/\/bglbike.com\/wp-content\/uploads\/2023\/04\/cropped-LOGO.png","contentUrl":"https:\/\/bglbike.com\/wp-content\/uploads\/2023\/04\/cropped-LOGO.png","width":426,"height":141,"caption":"Bglbike"},"image":{"@id":"https:\/\/bglbike.com\/#\/schema\/logo\/image\/"}}]}},"_links":{"self":[{"href":"https:\/\/bglbike.com\/es\/wp-json\/wp\/v2\/product\/682","targetHints":{"allow":["GET"]}}],"collection":[{"href":"https:\/\/bglbike.com\/es\/wp-json\/wp\/v2\/product"}],"about":[{"href":"https:\/\/bglbike.com\/es\/wp-json\/wp\/v2\/types\/product"}],"wp:featuredmedia":[{"embeddable":true,"href":"https:\/\/bglbike.com\/es\/wp-json\/wp\/v2\/media\/4637"}],"wp:attachment":[{"href":"https:\/\/bglbike.com\/es\/wp-json\/wp\/v2\/media?parent=682"}],"wp:term":[{"taxonomy":"product_brand","embeddable":true,"href":"https:\/\/bglbike.com\/es\/wp-json\/wp\/v2\/product_brand?post=682"},{"taxonomy":"product_cat","embeddable":true,"href":"https:\/\/bglbike.com\/es\/wp-json\/wp\/v2\/product_cat?post=682"},{"taxonomy":"product_tag","embeddable":true,"href":"https:\/\/bglbike.com\/es\/wp-json\/wp\/v2\/product_tag?post=682"}],"curies":[{"name":"wp","href":"https:\/\/api.w.org\/{rel}","templated":true}]}}