{"id":673,"date":"2023-03-31T03:02:04","date_gmt":"2023-03-31T03:02:04","guid":{"rendered":"https:\/\/bglbike.com\/?post_type=product&#038;p=673"},"modified":"2023-05-31T02:52:06","modified_gmt":"2023-05-31T02:52:06","slug":"efb10","status":"publish","type":"product","link":"https:\/\/bglbike.com\/es\/producto\/efb10\/","title":{"rendered":"Bicicleta el\u00e9ctrica plegable EFB10 32km\/h. Obtenga hasta 40 millas (64 km) de alcance estimado"},"content":{"rendered":"<h3>Caracter\u00edsticas<\/h3>\n<p>\u2022 La bicicleta el\u00e9ctrica plegable EFB10 es una bicicleta liviana y plegable con una portabilidad superior.<br \/>\n\u2022 Su estructura est\u00e1 construida con aleaci\u00f3n de aluminio y cuenta con un dise\u00f1o plegable patentado.<br \/>\n\u2022 El sistema de motor integrado con motores de cubo delantero y trasero proporciona hasta 25 millas de alcance con una sola carga.<br \/>\n\u2022 La potente bater\u00eda y el software de control intuitivo permiten personalizar la velocidad y la potencia de salida.<br \/>\n\u2022 La combinaci\u00f3n de caracter\u00edsticas la convierte en una de las bicicletas plegables m\u00e1s avanzadas del mercado actual.<\/p>\n<h3>Especificaci\u00f3n<\/h3>\n<div id=\"footable_parent_676\"\n         class=\"footable_parent ninja_table_wrapper loading_ninja_table wp_table_data_press_parent semantic_ui\">\n                <table data-ninja_table_instance=\"ninja_table_instance_0\" data-footable_id=\"676\" data-filter-delay=\"1000\" aria-label=\"EFB10.csv\"            id=\"footable_676\"\n           data-unique_identifier=\"ninja_table_unique_id_2151012362_676\"\n           class=\"foo-table ninja_footable foo_table_676 ninja_table_unique_id_2151012362_676 ui table  nt_type_legacy_table selectable striped vertical_centered  footable-paging-right ninja_table_pro\">\n                <colgroup>\n                            <col class=\"ninja_column_0\">\n                            <col class=\"ninja_column_1\">\n                            <col class=\"ninja_column_2\">\n                            <col class=\"ninja_column_3\">\n                    <\/colgroup>\n        <thead>\n<tr class=\"footable-header\">\n                                                                        <th scope=\"col\"  class=\"ninja_column_0 ninja_clmn_nm_mainconponents\">COMPONENTES PRINCIPALES<\/th><th scope=\"col\"  class=\"ninja_column_1 ninja_clmn_nm_ninja_column_2\"><\/th><th scope=\"col\"  class=\"ninja_column_2 ninja_clmn_nm_electricsystem\">SISTEMA ELECTRICO<\/th><th scope=\"col\"  class=\"ninja_column_3 ninja_clmn_nm_ninja_column_4\"><\/th><\/tr>\n<\/thead>\n<tbody>\n\n        <tr data-row_id=\"327\" class=\"ninja_table_row_0 nt_row_id_327\">\n            <td>Marco<\/td><td>20&quot;, aleaci\u00f3n de aluminio 6061<\/td><td>36Motor<\/td><td>36V 250W\/48V 250W\/48V 350W\/48V 500W\/48V 750W\/48V 1000W\/60V 1000W<\/td>        <\/tr>\n            <tr data-row_id=\"328\" class=\"ninja_table_row_1 nt_row_id_328\">\n            <td>Tenedor<\/td><td>Aleaci\u00f3n de aluminio 6061, r\u00edgido<\/td><td><\/td><td>(bafang) Buje sin escobillas montado en la parte trasera<\/td>        <\/tr>\n            <tr data-row_id=\"329\" class=\"ninja_table_row_2 nt_row_id_329\">\n            <td>Freno<\/td><td>Disco Tektro con rotores de 160 mm<\/td><td>Bater\u00eda<\/td><td>48V 10AH \/ 48V16AH \/ 48V 20AH \/ 52V 20AH \/ 60V 21AH<\/td>        <\/tr>\n            <tr data-row_id=\"330\" class=\"ninja_table_row_3 nt_row_id_330\">\n            <td>Las palancas de freno<\/td><td>Palancas Tektro e Inhibidor de Motor<\/td><td><\/td><td>(LG SAMSUNG) Iones de litio<\/td>        <\/tr>\n            <tr data-row_id=\"331\" class=\"ninja_table_row_4 nt_row_id_331\">\n            <td>desviador<\/td><td>7 velocidades 1x7, Shimano Tourney TX<\/td><td>Cargador<\/td><td>48V 2A CE\/UL<\/td>        <\/tr>\n            <tr data-row_id=\"332\" class=\"ninja_table_row_5 nt_row_id_332\">\n            <td>palanca de cambios<\/td><td>Shimano de 7 velocidades<\/td><td><\/td><td>4-6 horas<\/td>        <\/tr>\n            <tr data-row_id=\"333\" class=\"ninja_table_row_6 nt_row_id_333\">\n            <td>Bielas<\/td><td>Plato de 48 dientes, bielas Prowheel de 170 mm<\/td><td>Controlador<\/td><td>48V22A \/ 48V25A \/ 48V30A<\/td>        <\/tr>\n            <tr data-row_id=\"334\" class=\"ninja_table_row_7 nt_row_id_334\">\n            <td>Auriculares<\/td><td>rodamiento sellado<\/td><td><\/td><td>controlador integrado<\/td>        <\/tr>\n            <tr data-row_id=\"335\" class=\"ninja_table_row_8 nt_row_id_335\">\n            <td>Provenir<\/td><td>Aleaci\u00f3n de aluminio negro o igual que el marco<\/td><td>Modo conductor<\/td><td>Pedal de detecci\u00f3n de cadencia asistida 5 niveles, acelerador de pulgar<\/td>        <\/tr>\n            <tr data-row_id=\"336\" class=\"ninja_table_row_9 nt_row_id_336\">\n            <td>Manillar<\/td><td>Aleaci\u00f3n de aluminio negro o igual que el marco<\/td><td>Luz<\/td><td>LED delantero y trasero<\/td>        <\/tr>\n            <tr data-row_id=\"337\" class=\"ninja_table_row_10 nt_row_id_337\">\n            <td>Pu\u00f1os<\/td><td>Pu\u00f1os de goma Velo, black<\/td><td>Mostrar<\/td><td>Pantalla LCD (C961)<\/td>        <\/tr>\n            <tr data-row_id=\"338\" class=\"ninja_table_row_11 nt_row_id_338\">\n            <td>Sill\u00edn<\/td><td>Para dos personas negro<\/td><td>ACTUACI\u00d3N<\/td><td><\/td>        <\/tr>\n            <tr data-row_id=\"339\" class=\"ninja_table_row_12 nt_row_id_339\">\n            <td>Borde<\/td><td>Aleaci\u00f3n de aluminio negro<\/td><td>Rango estimado<\/td><td>20 millas (32 km)-40 millas (64 km) depende de<\/td>        <\/tr>\n            <tr data-row_id=\"340\" class=\"ninja_table_row_13 nt_row_id_340\">\n            <td>radios<\/td><td>Acero inoxidable, 36H<\/td><td>Velocidad m\u00e1xima<\/td><td>Europa 25 km\/h o Am\u00e9rica del Norte: 32 km\/h<\/td>        <\/tr>\n            <tr data-row_id=\"341\" class=\"ninja_table_row_14 nt_row_id_341\">\n            <td>Neum\u00e1tico<\/td><td>Kenda 20&quot; x 4.0&quot;<\/td><td>Tama\u00f1o del cart\u00f3n<\/td><td>148*25*93cm<\/td>        <\/tr>\n            <tr data-row_id=\"342\" class=\"ninja_table_row_15 nt_row_id_342\">\n            <td>pata de cabra<\/td><td>Soporte de aleaci\u00f3n<\/td><td>CANTIDAD\/20 PIES<\/td><td>80 piezas<\/td>        <\/tr>\n    <\/tbody><!--ninja_tobody_rendering_done-->\n    <\/table>\n    \n    \n    \n<\/div>\n\n<h3>Empaquetado y entrega<\/h3>\n<p>Detalles de empaquetado: espuma con cajas de cart\u00f3n.<br \/>\nPuerto: Ning Bo o Shangh\u00e1i<\/p>\n<p>Tiempo de espera:<div id=\"footable_parent_677\"\n         class=\"footable_parent ninja_table_wrapper loading_ninja_table wp_table_data_press_parent semantic_ui\">\n                <table data-ninja_table_instance=\"ninja_table_instance_1\" data-footable_id=\"677\" data-filter-delay=\"1000\" aria-label=\"EBB.csv\"            id=\"footable_677\"\n           data-unique_identifier=\"ninja_table_unique_id_2628355205_677\"\n           class=\"foo-table ninja_footable foo_table_677 ninja_table_unique_id_2628355205_677 ui table  nt_type_legacy_table selectable striped vertical_centered  footable-paging-right ninja_table_pro\">\n                <colgroup>\n                            <col class=\"ninja_column_0\">\n                            <col class=\"ninja_column_1\">\n                            <col class=\"ninja_column_2\">\n                            <col class=\"ninja_column_3\">\n                    <\/colgroup>\n        <thead>\n<tr class=\"footable-header\">\n                                                                        <th scope=\"col\"  class=\"ninja_column_0 ninja_clmn_nm_quantitypieces\">Cantidad (piezas)<\/th><th scope=\"col\"  class=\"ninja_column_1 ninja_clmn_nm_11\">1-1<\/th><th scope=\"col\"  class=\"ninja_column_2 ninja_clmn_nm_22\">2\u00a0-20<\/th><th scope=\"col\"  class=\"ninja_column_3 ninja_clmn_nm_2\">&gt;20<\/th><\/tr>\n<\/thead>\n<tbody>\n\n        <tr data-row_id=\"343\" class=\"ninja_table_row_0 nt_row_id_343\">\n            <td>Plazo de ejecuci\u00f3n (d\u00edas)<\/td><td>3<\/td><td>7<\/td><td>Ser negociado<\/td>        <\/tr>\n    <\/tbody><!--ninja_tobody_rendering_done-->\n    <\/table>\n    \n    \n    \n<\/div>\n<\/p>\n<h3>Imagen de embalaje<\/h3>\n<p><img fetchpriority=\"high\" decoding=\"async\" class=\"size-full wp-image-679\" src=\"https:\/\/bglbike.com\/wp-content\/uploads\/2023\/03\/\u53bb.png\" alt=\"imagen de embalaje\" width=\"600\" height=\"400\" srcset=\"https:\/\/bglbike.com\/wp-content\/uploads\/2023\/03\/\u53bb.png 600w, https:\/\/bglbike.com\/wp-content\/uploads\/2023\/03\/\u53bb-300x200.png 300w, https:\/\/bglbike.com\/wp-content\/uploads\/2023\/03\/\u53bb-250x167.png 250w\" sizes=\"(max-width: 600px) 100vw, 600px\" \/><\/p>\n<h3>Capacidad de suministro<\/h3>\n<p>20000 piezas\/piezas por mes<\/p>\n<h3>Nuestras ventajas<\/h3>\n<p><img decoding=\"async\" class=\"wp-image-3564\" src=\"https:\/\/bglbike.com\/wp-content\/uploads\/2023\/04\/1111.webp\" alt=\"Nuestras ventajas\" width=\"600\" height=\"400\" \/><\/p>\n<h3>preguntas frecuentes<\/h3>\n<p>&nbsp;<\/p>\n<p><strong>P2: \u00bfQu\u00e9 caracter\u00edsticas de seguridad se incluyen con la bicicleta plegable el\u00e9ctrica EFB10?<\/strong><br \/>\nEl EFB10 ha sido dise\u00f1ado pensando en la seguridad, con varios componentes clave que garantizan la seguridad del ciclista mientras maneja la bicicleta. Estos incluyen frenos de disco doble, llantas de ruedas de alta densidad, manubrios de acero duraderos, un dise\u00f1o de centro de gravedad bajo y un revestimiento de goma antideslizante aplicado a la superficie de cada rueda. La bicicleta tambi\u00e9n tiene un sistema de computadora de viaje integrado que monitorea la velocidad del ciclista y la potencia de salida para evitar posibles accidentes o percances durante la operaci\u00f3n.<\/p>\n<p><strong>P3:\u00bfQu\u00e9 tipo de terreno puede manejar la bicicleta plegable el\u00e9ctrica EFB10?<\/strong><br \/>\nEl EFB10 es adecuado para andar tanto en caminos pavimentados como en terrenos moderados, como senderos de hierba o tierra. El sistema de motor integrado de la bicicleta proporciona suficiente potencia para subir colinas o abordar terrenos irregulares con facilidad gracias a su tracci\u00f3n mejorada en condiciones resbaladizas en comparaci\u00f3n con las bicicletas plegables est\u00e1ndar con ruedas de menor tama\u00f1o.<\/p>\n<p><strong>P4: \u00bfCu\u00e1nto tiempo se tarda en recargar la bater\u00eda?<\/strong><br \/>\nEl EFB10 viene equipado con una potente bater\u00eda de litio de 48 V y 19,2 Ah. \u00a1Esto lo hace ideal para los viajeros que requieren tiempos de carga r\u00e1pidos entre viajes para cumplir con el cronograma mientras disfrutan de todo su tiempo de viaje sin interrupciones debido a problemas de bater\u00eda!<\/p>","protected":false},"excerpt":{"rendered":"<p>El<strong> Bicicleta el\u00e9ctrica plegable EFB10 32km\/h. Obtenga hasta 40 millas (64 km) de alcance estimado<\/strong>\u00a0Pero no se trata solo de comodidad, sino tambi\u00e9n de seguridad. Est\u00e1 equipada con frenos de disco delanteros y traseros que proporcionan una potencia de frenado superior en todas las condiciones clim\u00e1ticas, as\u00ed como luces integradas para mayor visibilidad al conducir de noche o cuando la visibilidad es deficiente.<\/p>\n<p>As\u00ed que, si buscas una nueva forma de moverte por la ciudad o simplemente quieres algo divertido para pasear los fines de semana, \u00a1considera invertir en una bicicleta el\u00e9ctrica plegable! Con su dise\u00f1o liviano, caracter\u00edsticas de conveniencia, capacidades de rendimiento impresionantes y caracter\u00edsticas de seguridad superiores, no hay duda de que esta forma de transporte de dos ruedas se convertir\u00e1 en una parte importante de tus necesidades de transporte.<\/p>","protected":false},"featured_media":3934,"template":"","meta":{"site-sidebar-layout":"default","site-content-layout":"default","ast-site-content-layout":"default","site-content-style":"default","site-sidebar-style":"default","ast-global-header-display":"","ast-banner-title-visibility":"","ast-main-header-display":"","ast-hfb-above-header-display":"","ast-hfb-below-header-display":"","ast-hfb-mobile-header-display":"","site-post-title":"","ast-breadcrumbs-content":"","ast-featured-img":"","footer-sml-layout":"","ast-disable-related-posts":"","theme-transparent-header-meta":"default","adv-header-id-meta":"","stick-header-meta":"default","header-above-stick-meta":"","header-main-stick-meta":"","header-below-stick-meta":"","astra-migrate-meta-layouts":"default","ast-page-background-enabled":"default","ast-page-background-meta":{"desktop":{"background-color":"var(--ast-global-color-4)","background-image":"","background-repeat":"repeat","background-position":"center center","background-size":"auto","background-attachment":"scroll","background-type":"","background-media":"","overlay-type":"","overlay-color":"","overlay-opacity":"","overlay-gradient":""},"tablet":{"background-color":"","background-image":"","background-repeat":"repeat","background-position":"center center","background-size":"auto","background-attachment":"scroll","background-type":"","background-media":"","overlay-type":"","overlay-color":"","overlay-opacity":"","overlay-gradient":""},"mobile":{"background-color":"","background-image":"","background-repeat":"repeat","background-position":"center center","background-size":"auto","background-attachment":"scroll","background-type":"","background-media":"","overlay-type":"","overlay-color":"","overlay-opacity":"","overlay-gradient":""}},"ast-content-background-meta":{"desktop":{"background-color":"var(--ast-global-color-5)","background-image":"","background-repeat":"repeat","background-position":"center center","background-size":"auto","background-attachment":"scroll","background-type":"","background-media":"","overlay-type":"","overlay-color":"","overlay-opacity":"","overlay-gradient":""},"tablet":{"background-color":"var(--ast-global-color-5)","background-image":"","background-repeat":"repeat","background-position":"center center","background-size":"auto","background-attachment":"scroll","background-type":"","background-media":"","overlay-type":"","overlay-color":"","overlay-opacity":"","overlay-gradient":""},"mobile":{"background-color":"var(--ast-global-color-5)","background-image":"","background-repeat":"repeat","background-position":"center center","background-size":"auto","background-attachment":"scroll","background-type":"","background-media":"","overlay-type":"","overlay-color":"","overlay-opacity":"","overlay-gradient":""}}},"product_brand":[],"product_cat":[22],"product_tag":[],"class_list":{"0":"post-673","1":"product","2":"type-product","3":"status-publish","4":"has-post-thumbnail","6":"product_cat-electric-folding-bike","7":"desktop-align-left","8":"tablet-align-left","9":"mobile-align-left","10":"ast-product-gallery-layout-horizontal-slider","11":"ast-product-gallery-with-no-image","12":"ast-product-single-variable","13":"ast-product-tabs-layout-horizontal","15":"first","16":"instock","17":"shipping-taxable","18":"purchasable","19":"product-type-variable"},"yoast_head":"<!-- This site is optimized with the Yoast SEO Premium plugin v20.9 (Yoast SEO v27.3) - https:\/\/yoast.com\/product\/yoast-seo-premium-wordpress\/ -->\n<title>EFB10 Electric Folding Bike 32km\/h. Get up to 40 miles(64 km) of estimated range - Bglbike<\/title>\n<meta name=\"description\" content=\"This energy-efficient electric bike is designed to fold up quickly and easily, making it perfect for everyday commutes or long adventures. With its lightweight frame and powerful motor, you&#039;ll get maximum performance with minimal effort.\" \/>\n<meta name=\"robots\" content=\"index, follow, max-snippet:-1, max-image-preview:large, max-video-preview:-1\" \/>\n<link rel=\"canonical\" href=\"https:\/\/bglbike.com\/es\/producto\/efb10\/\" \/>\n<meta property=\"og:locale\" content=\"es_ES\" \/>\n<meta property=\"og:type\" content=\"article\" \/>\n<meta property=\"og:title\" content=\"EFB10 Electric Folding Bike 32km\/h. Get up to 40 miles(64 km) of estimated range\" \/>\n<meta property=\"og:description\" content=\"This energy-efficient electric bike is designed to fold up quickly and easily, making it perfect for everyday commutes or long adventures. With its lightweight frame and powerful motor, you&#039;ll get maximum performance with minimal effort.\" \/>\n<meta property=\"og:url\" content=\"https:\/\/bglbike.com\/es\/producto\/efb10\/\" \/>\n<meta property=\"og:site_name\" content=\"Bglbike\" \/>\n<meta property=\"article:modified_time\" content=\"2023-05-31T02:52:06+00:00\" \/>\n<meta property=\"og:image\" content=\"https:\/\/bglbike.com\/wp-content\/uploads\/2023\/03\/1-40.png\" \/>\n\t<meta property=\"og:image:width\" content=\"600\" \/>\n\t<meta property=\"og:image:height\" content=\"600\" \/>\n\t<meta property=\"og:image:type\" content=\"image\/png\" \/>\n<meta name=\"twitter:card\" content=\"summary_large_image\" \/>\n<meta name=\"twitter:label1\" content=\"Tiempo de lectura\" \/>\n\t<meta name=\"twitter:data1\" content=\"2 minutos\" \/>\n<script type=\"application\/ld+json\" class=\"yoast-schema-graph\">{\"@context\":\"https:\\\/\\\/schema.org\",\"@graph\":[{\"@type\":\"WebPage\",\"@id\":\"https:\\\/\\\/bglbike.com\\\/product\\\/efb10\\\/\",\"url\":\"https:\\\/\\\/bglbike.com\\\/product\\\/efb10\\\/\",\"name\":\"EFB10 Electric Folding Bike 32km\\\/h. Get up to 40 miles(64 km) of estimated range - Bglbike\",\"isPartOf\":{\"@id\":\"https:\\\/\\\/bglbike.com\\\/#website\"},\"primaryImageOfPage\":{\"@id\":\"https:\\\/\\\/bglbike.com\\\/product\\\/efb10\\\/#primaryimage\"},\"image\":{\"@id\":\"https:\\\/\\\/bglbike.com\\\/product\\\/efb10\\\/#primaryimage\"},\"thumbnailUrl\":\"https:\\\/\\\/bglbike.com\\\/wp-content\\\/uploads\\\/2023\\\/03\\\/1-40.png\",\"datePublished\":\"2023-03-31T03:02:04+00:00\",\"dateModified\":\"2023-05-31T02:52:06+00:00\",\"description\":\"This energy-efficient electric bike is designed to fold up quickly and easily, making it perfect for everyday commutes or long adventures. With its lightweight frame and powerful motor, you'll get maximum performance with minimal effort.\",\"breadcrumb\":{\"@id\":\"https:\\\/\\\/bglbike.com\\\/product\\\/efb10\\\/#breadcrumb\"},\"inLanguage\":\"es\",\"potentialAction\":[{\"@type\":\"ReadAction\",\"target\":[\"https:\\\/\\\/bglbike.com\\\/product\\\/efb10\\\/\"]}]},{\"@type\":\"ImageObject\",\"inLanguage\":\"es\",\"@id\":\"https:\\\/\\\/bglbike.com\\\/product\\\/efb10\\\/#primaryimage\",\"url\":\"https:\\\/\\\/bglbike.com\\\/wp-content\\\/uploads\\\/2023\\\/03\\\/1-40.png\",\"contentUrl\":\"https:\\\/\\\/bglbike.com\\\/wp-content\\\/uploads\\\/2023\\\/03\\\/1-40.png\",\"width\":600,\"height\":600,\"caption\":\"EFB10\"},{\"@type\":\"BreadcrumbList\",\"@id\":\"https:\\\/\\\/bglbike.com\\\/product\\\/efb10\\\/#breadcrumb\",\"itemListElement\":[{\"@type\":\"ListItem\",\"position\":1,\"name\":\"Home\",\"item\":\"https:\\\/\\\/bglbike.com\\\/\"},{\"@type\":\"ListItem\",\"position\":2,\"name\":\"Wholesale Electric Bike\",\"item\":\"https:\\\/\\\/bglbike.com\\\/wholesale-electric-bike\\\/\"},{\"@type\":\"ListItem\",\"position\":3,\"name\":\"EFB10 Electric Folding Bike 32km\\\/h. Get up to 40 miles(64 km) of estimated range\"}]},{\"@type\":\"WebSite\",\"@id\":\"https:\\\/\\\/bglbike.com\\\/#website\",\"url\":\"https:\\\/\\\/bglbike.com\\\/\",\"name\":\"Bglbike\",\"description\":\"Top  Ebike manufacturer in China\",\"publisher\":{\"@id\":\"https:\\\/\\\/bglbike.com\\\/#organization\"},\"potentialAction\":[{\"@type\":\"SearchAction\",\"target\":{\"@type\":\"EntryPoint\",\"urlTemplate\":\"https:\\\/\\\/bglbike.com\\\/?s={search_term_string}\"},\"query-input\":{\"@type\":\"PropertyValueSpecification\",\"valueRequired\":true,\"valueName\":\"search_term_string\"}}],\"inLanguage\":\"es\"},{\"@type\":\"Organization\",\"@id\":\"https:\\\/\\\/bglbike.com\\\/#organization\",\"name\":\"Bglbike\",\"url\":\"https:\\\/\\\/bglbike.com\\\/\",\"logo\":{\"@type\":\"ImageObject\",\"inLanguage\":\"es\",\"@id\":\"https:\\\/\\\/bglbike.com\\\/#\\\/schema\\\/logo\\\/image\\\/\",\"url\":\"https:\\\/\\\/bglbike.com\\\/wp-content\\\/uploads\\\/2023\\\/04\\\/cropped-LOGO.png\",\"contentUrl\":\"https:\\\/\\\/bglbike.com\\\/wp-content\\\/uploads\\\/2023\\\/04\\\/cropped-LOGO.png\",\"width\":426,\"height\":141,\"caption\":\"Bglbike\"},\"image\":{\"@id\":\"https:\\\/\\\/bglbike.com\\\/#\\\/schema\\\/logo\\\/image\\\/\"}}]}<\/script>\n<!-- \/ Yoast SEO Premium plugin. -->","yoast_head_json":{"title":"EFB10 Electric Folding Bike 32km\/h. Get up to 40 miles(64 km) of estimated range - Bglbike","description":"This energy-efficient electric bike is designed to fold up quickly and easily, making it perfect for everyday commutes or long adventures. With its lightweight frame and powerful motor, you'll get maximum performance with minimal effort.","robots":{"index":"index","follow":"follow","max-snippet":"max-snippet:-1","max-image-preview":"max-image-preview:large","max-video-preview":"max-video-preview:-1"},"canonical":"https:\/\/bglbike.com\/es\/producto\/efb10\/","og_locale":"es_ES","og_type":"article","og_title":"EFB10 Electric Folding Bike 32km\/h. Get up to 40 miles(64 km) of estimated range","og_description":"This energy-efficient electric bike is designed to fold up quickly and easily, making it perfect for everyday commutes or long adventures. With its lightweight frame and powerful motor, you'll get maximum performance with minimal effort.","og_url":"https:\/\/bglbike.com\/es\/producto\/efb10\/","og_site_name":"Bglbike","article_modified_time":"2023-05-31T02:52:06+00:00","og_image":[{"width":600,"height":600,"url":"https:\/\/bglbike.com\/wp-content\/uploads\/2023\/03\/1-40.png","type":"image\/png"}],"twitter_card":"summary_large_image","twitter_misc":{"Tiempo de lectura":"2 minutos"},"schema":{"@context":"https:\/\/schema.org","@graph":[{"@type":"WebPage","@id":"https:\/\/bglbike.com\/product\/efb10\/","url":"https:\/\/bglbike.com\/product\/efb10\/","name":"EFB10 Electric Folding Bike 32km\/h. Get up to 40 miles(64 km) of estimated range - Bglbike","isPartOf":{"@id":"https:\/\/bglbike.com\/#website"},"primaryImageOfPage":{"@id":"https:\/\/bglbike.com\/product\/efb10\/#primaryimage"},"image":{"@id":"https:\/\/bglbike.com\/product\/efb10\/#primaryimage"},"thumbnailUrl":"https:\/\/bglbike.com\/wp-content\/uploads\/2023\/03\/1-40.png","datePublished":"2023-03-31T03:02:04+00:00","dateModified":"2023-05-31T02:52:06+00:00","description":"This energy-efficient electric bike is designed to fold up quickly and easily, making it perfect for everyday commutes or long adventures. With its lightweight frame and powerful motor, you'll get maximum performance with minimal effort.","breadcrumb":{"@id":"https:\/\/bglbike.com\/product\/efb10\/#breadcrumb"},"inLanguage":"es","potentialAction":[{"@type":"ReadAction","target":["https:\/\/bglbike.com\/product\/efb10\/"]}]},{"@type":"ImageObject","inLanguage":"es","@id":"https:\/\/bglbike.com\/product\/efb10\/#primaryimage","url":"https:\/\/bglbike.com\/wp-content\/uploads\/2023\/03\/1-40.png","contentUrl":"https:\/\/bglbike.com\/wp-content\/uploads\/2023\/03\/1-40.png","width":600,"height":600,"caption":"EFB10"},{"@type":"BreadcrumbList","@id":"https:\/\/bglbike.com\/product\/efb10\/#breadcrumb","itemListElement":[{"@type":"ListItem","position":1,"name":"Home","item":"https:\/\/bglbike.com\/"},{"@type":"ListItem","position":2,"name":"Wholesale Electric Bike","item":"https:\/\/bglbike.com\/wholesale-electric-bike\/"},{"@type":"ListItem","position":3,"name":"EFB10 Electric Folding Bike 32km\/h. Get up to 40 miles(64 km) of estimated range"}]},{"@type":"WebSite","@id":"https:\/\/bglbike.com\/#website","url":"https:\/\/bglbike.com\/","name":"Bglbike","description":"Top  Ebike manufacturer in China","publisher":{"@id":"https:\/\/bglbike.com\/#organization"},"potentialAction":[{"@type":"SearchAction","target":{"@type":"EntryPoint","urlTemplate":"https:\/\/bglbike.com\/?s={search_term_string}"},"query-input":{"@type":"PropertyValueSpecification","valueRequired":true,"valueName":"search_term_string"}}],"inLanguage":"es"},{"@type":"Organization","@id":"https:\/\/bglbike.com\/#organization","name":"Bglbike","url":"https:\/\/bglbike.com\/","logo":{"@type":"ImageObject","inLanguage":"es","@id":"https:\/\/bglbike.com\/#\/schema\/logo\/image\/","url":"https:\/\/bglbike.com\/wp-content\/uploads\/2023\/04\/cropped-LOGO.png","contentUrl":"https:\/\/bglbike.com\/wp-content\/uploads\/2023\/04\/cropped-LOGO.png","width":426,"height":141,"caption":"Bglbike"},"image":{"@id":"https:\/\/bglbike.com\/#\/schema\/logo\/image\/"}}]}},"_links":{"self":[{"href":"https:\/\/bglbike.com\/es\/wp-json\/wp\/v2\/product\/673","targetHints":{"allow":["GET"]}}],"collection":[{"href":"https:\/\/bglbike.com\/es\/wp-json\/wp\/v2\/product"}],"about":[{"href":"https:\/\/bglbike.com\/es\/wp-json\/wp\/v2\/types\/product"}],"wp:featuredmedia":[{"embeddable":true,"href":"https:\/\/bglbike.com\/es\/wp-json\/wp\/v2\/media\/3934"}],"wp:attachment":[{"href":"https:\/\/bglbike.com\/es\/wp-json\/wp\/v2\/media?parent=673"}],"wp:term":[{"taxonomy":"product_brand","embeddable":true,"href":"https:\/\/bglbike.com\/es\/wp-json\/wp\/v2\/product_brand?post=673"},{"taxonomy":"product_cat","embeddable":true,"href":"https:\/\/bglbike.com\/es\/wp-json\/wp\/v2\/product_cat?post=673"},{"taxonomy":"product_tag","embeddable":true,"href":"https:\/\/bglbike.com\/es\/wp-json\/wp\/v2\/product_tag?post=673"}],"curies":[{"name":"wp","href":"https:\/\/api.w.org\/{rel}","templated":true}]}}