{"id":664,"date":"2023-03-30T10:33:55","date_gmt":"2023-03-30T10:33:55","guid":{"rendered":"https:\/\/bglbike.com\/?post_type=product&#038;p=664"},"modified":"2023-05-31T02:52:50","modified_gmt":"2023-05-31T02:52:50","slug":"efb09","status":"publish","type":"product","link":"https:\/\/bglbike.com\/es\/producto\/efb09\/","title":{"rendered":"Bicicleta el\u00e9ctrica plegable EFB09: motor de 36 V 250 W, certificaci\u00f3n CE y RoHS en 6 colores"},"content":{"rendered":"<h3>Caracter\u00edsticas<\/h3>\n<p>\u2022 La bicicleta plegable el\u00e9ctrica EFB09 es un medio de transporte vers\u00e1til y potente que cuenta con un motor de 36 V y 250 W.<br \/>\n\u2022 Ha sido certificado por CE y RoHS, lo que garantiza los m\u00e1s altos est\u00e1ndares ambientales y de seguridad.<br \/>\n\u2022 Capaz de plegarse a un tama\u00f1o compacto, esta bicicleta ofrece comodidad y estilo sin sacrificar el rendimiento.<br \/>\n\u2022 Disponible en seis colores, la bicicleta plegable el\u00e9ctrica EFB09 es una soluci\u00f3n ecol\u00f3gica ideal para las necesidades diarias de desplazamiento.<\/p>\n<h3>Especificaci\u00f3n<\/h3>\n<div id=\"footable_parent_667\"\n         class=\"footable_parent ninja_table_wrapper loading_ninja_table wp_table_data_press_parent semantic_ui\">\n                <table data-ninja_table_instance=\"ninja_table_instance_0\" data-footable_id=\"667\" data-filter-delay=\"1000\" aria-label=\"EFB09.csv\"            id=\"footable_667\"\n           data-unique_identifier=\"ninja_table_unique_id_2794886876_667\"\n           class=\"foo-table ninja_footable foo_table_667 ninja_table_unique_id_2794886876_667 ui table  nt_type_legacy_table selectable striped vertical_centered  footable-paging-right ninja_table_pro\">\n                <colgroup>\n                            <col class=\"ninja_column_0\">\n                            <col class=\"ninja_column_1\">\n                            <col class=\"ninja_column_2\">\n                            <col class=\"ninja_column_3\">\n                    <\/colgroup>\n        <thead>\n<tr class=\"footable-header\">\n                                                                        <th scope=\"col\"  class=\"ninja_column_0 ninja_clmn_nm_batteryworkinglife\">Vida \u00fatil de la bater\u00eda<\/th><th scope=\"col\"  class=\"ninja_column_1 ninja_clmn_nm_8cycles\">&gt;800 ciclos<\/th><th scope=\"col\"  class=\"ninja_column_2 ninja_clmn_nm_chargetime\">Tiempo de carga<\/th><th scope=\"col\"  class=\"ninja_column_3 ninja_clmn_nm_46hours\">4-6 horas<\/th><\/tr>\n<\/thead>\n<tbody>\n\n        <tr data-row_id=\"320\" class=\"ninja_table_row_0 nt_row_id_320\">\n            <td>Color<\/td><td>blanco, negro, rojo, verde, azul, amarillo<\/td><td>Velocidad m\u00e1xima<\/td><td>Europa: 25 km\/h; Norteam\u00e9rica, Canad\u00e1: 32 km\/h<\/td>        <\/tr>\n            <tr data-row_id=\"321\" class=\"ninja_table_row_1 nt_row_id_321\">\n            <td>Motor<\/td><td>36V 250W<\/td><td>Certificaci\u00f3n<\/td><td>CE RoHS<\/td>        <\/tr>\n            <tr data-row_id=\"322\" class=\"ninja_table_row_2 nt_row_id_322\">\n            <td>Bater\u00eda<\/td><td>36V 10AH<\/td><td>Garant\u00eda<\/td><td>1 a\u00f1o<\/td>        <\/tr>\n            <tr data-row_id=\"323\" class=\"ninja_table_row_3 nt_row_id_323\">\n            <td>Nombre del \u00e1rticulo<\/td><td>Bicicleta el\u00e9ctrica plegable<\/td><td>Cambio<\/td><td>Shimano de 7 velocidades<\/td>        <\/tr>\n            <tr data-row_id=\"324\" class=\"ninja_table_row_4 nt_row_id_324\">\n            <td>Tenedor<\/td><td>r\u00edgido, aluminio\/ suspensi\u00f3n<\/td><td>MOQ<\/td><td>10 piezas<\/td>        <\/tr>\n            <tr data-row_id=\"325\" class=\"ninja_table_row_5 nt_row_id_325\">\n            <td>N\u00famero de modelo<\/td><td>BGL-EFB09<\/td><td>Precio<\/td><td>10-50 UDS USD 390.00<\/td>        <\/tr>\n            <tr data-row_id=\"326\" class=\"ninja_table_row_6 nt_row_id_326\">\n            <td>Marco<\/td><td>Aleaci\u00f3n de aluminio 6061<\/td><td>Puerto<\/td><td>Ningb\u00f3\/Shangh\u00e1i<\/td>        <\/tr>\n    <\/tbody><!--ninja_tobody_rendering_done-->\n    <\/table>\n    \n    \n    \n<\/div>\n\n<h3>Empaquetado y entrega<\/h3>\n<p>Detalles de empaquetado: Tama\u00f1o del cart\u00f3n: 94*40*70cm<br \/>\nContenedor: 100 piezas\/20 pies 210 piezas\/40 pies 270 piezas\/40HQ<br \/>\nPuerto: Ningb\u00f3<br \/>\nPlazo de ejecuci\u00f3n: Enviado en 45 d\u00edas despu\u00e9s del pago<\/p>\n<h3>Capacidad de suministro<\/h3>\n<p>1000 pieza\/piezas por mes<\/p>\n<h3>Imagen de detalle<\/h3>\n<p><img fetchpriority=\"high\" decoding=\"async\" class=\"wp-image-3616\" src=\"https:\/\/bglbike.com\/wp-content\/uploads\/2023\/03\/333-17-e1681265019222.png\" alt=\"Im\u00e1genes detalladas\" width=\"800\" height=\"545\" srcset=\"https:\/\/bglbike.com\/wp-content\/uploads\/2023\/03\/333-17-e1681265019222.png 600w, https:\/\/bglbike.com\/wp-content\/uploads\/2023\/03\/333-17-e1681265019222-300x205.png 300w, https:\/\/bglbike.com\/wp-content\/uploads\/2023\/03\/333-17-e1681265019222-18x12.png 18w, https:\/\/bglbike.com\/wp-content\/uploads\/2023\/03\/333-17-e1681265019222-250x170.png 250w\" sizes=\"(max-width: 800px) 100vw, 800px\" \/><\/p>\n<h3>preguntas frecuentes<\/h3>\n<p>&nbsp;<\/p>\n<p><strong>1. \u00bfPara qu\u00e9 tipo de terreno es adecuada la bicicleta el\u00e9ctrica plegable EFB09: motor de 36 V 250 W, certificaci\u00f3n CE y RoHS en 6 colores?<\/strong><br \/>\nEl EFB09 est\u00e1 dise\u00f1ado para manejar una variedad de terrenos, incluidas condiciones tanto urbanas como rurales.<\/p>\n<p><strong>2. \u00bfLa bicicleta el\u00e9ctrica plegable EFB09 es f\u00e1cil de plegar y almacenar?<\/strong><br \/>\nSu marco de aluminio liviano y su dise\u00f1o compacto facilitan plegar la bicicleta a un tama\u00f1o peque\u00f1o, que se puede guardar en un armario, debajo de un escritorio o en la cajuela de un autom\u00f3vil.<\/p>\n<p><strong>3. \u00bfEs f\u00e1cil ensamblar la bicicleta plegable el\u00e9ctrica EFB09: motor de 36 V 250 W, certificaci\u00f3n CE y RoHS en 6 colores?<\/strong><br \/>\nS\u00ed, el EFB09 viene parcialmente ensamblado y se fabrica f\u00e1cilmente con solo unas pocas herramientas esenciales. Las instrucciones se incluyen con la bicicleta y la mayor\u00eda de los usuarios pueden ensamblarla en menos de una hora.<\/p>\n<p><strong>4. \u00bfCu\u00e1l es la pol\u00edtica de garant\u00eda para la bicicleta plegable el\u00e9ctrica EFB09: motor de 36 V 250 W, certificaci\u00f3n CE y RoHS en 6 colores?<\/strong><br \/>\nEl EFB09 viene con una garant\u00eda de un a\u00f1o en todas las piezas. Esta garant\u00eda cubre defectos en los materiales o la mano de obra, pero no cubre el desgaste normal ni los da\u00f1os causados por un uso inadecuado o accidentes.<\/p>","protected":false},"excerpt":{"rendered":"<p>Introduciendo el <strong>Bicicleta el\u00e9ctrica plegable EFB09: motor de 36 V 250 W, certificaci\u00f3n CE y RoHS en 6 colores<\/strong>! Esta bicicleta f\u00e1cil de maniobrar est\u00e1 fabricada con materiales de alta calidad y cuenta con las certificaciones CE y RoHS. Impulsado por un motor de 36 V y 250 W, es perfecto para los desplazamientos diarios y los recados. Ya sea que vayas a la escuela o al trabajo, esta bicicleta te llevar\u00e1 all\u00ed de forma r\u00e1pida y sin problemas. Adem\u00e1s, viene en 6 colores vibrantes, para que puedas elegir el que mejor se adapte a tu estilo. \u00bfEntonces, Qu\u00e9 esperas? \u00a1Consiga hoy la bicicleta el\u00e9ctrica plegable EFB09 y experimente el placer de montar en bicicleta!<\/p>","protected":false},"featured_media":3931,"template":"","meta":{"site-sidebar-layout":"default","site-content-layout":"default","ast-site-content-layout":"default","site-content-style":"default","site-sidebar-style":"default","ast-global-header-display":"","ast-banner-title-visibility":"","ast-main-header-display":"","ast-hfb-above-header-display":"","ast-hfb-below-header-display":"","ast-hfb-mobile-header-display":"","site-post-title":"","ast-breadcrumbs-content":"","ast-featured-img":"","footer-sml-layout":"","ast-disable-related-posts":"","theme-transparent-header-meta":"default","adv-header-id-meta":"","stick-header-meta":"default","header-above-stick-meta":"","header-main-stick-meta":"","header-below-stick-meta":"","astra-migrate-meta-layouts":"default","ast-page-background-enabled":"default","ast-page-background-meta":{"desktop":{"background-color":"var(--ast-global-color-4)","background-image":"","background-repeat":"repeat","background-position":"center center","background-size":"auto","background-attachment":"scroll","background-type":"","background-media":"","overlay-type":"","overlay-color":"","overlay-opacity":"","overlay-gradient":""},"tablet":{"background-color":"","background-image":"","background-repeat":"repeat","background-position":"center center","background-size":"auto","background-attachment":"scroll","background-type":"","background-media":"","overlay-type":"","overlay-color":"","overlay-opacity":"","overlay-gradient":""},"mobile":{"background-color":"","background-image":"","background-repeat":"repeat","background-position":"center center","background-size":"auto","background-attachment":"scroll","background-type":"","background-media":"","overlay-type":"","overlay-color":"","overlay-opacity":"","overlay-gradient":""}},"ast-content-background-meta":{"desktop":{"background-color":"var(--ast-global-color-5)","background-image":"","background-repeat":"repeat","background-position":"center center","background-size":"auto","background-attachment":"scroll","background-type":"","background-media":"","overlay-type":"","overlay-color":"","overlay-opacity":"","overlay-gradient":""},"tablet":{"background-color":"var(--ast-global-color-5)","background-image":"","background-repeat":"repeat","background-position":"center center","background-size":"auto","background-attachment":"scroll","background-type":"","background-media":"","overlay-type":"","overlay-color":"","overlay-opacity":"","overlay-gradient":""},"mobile":{"background-color":"var(--ast-global-color-5)","background-image":"","background-repeat":"repeat","background-position":"center center","background-size":"auto","background-attachment":"scroll","background-type":"","background-media":"","overlay-type":"","overlay-color":"","overlay-opacity":"","overlay-gradient":""}}},"product_brand":[],"product_cat":[22],"product_tag":[],"class_list":{"0":"post-664","1":"product","2":"type-product","3":"status-publish","4":"has-post-thumbnail","6":"product_cat-electric-folding-bike","7":"desktop-align-left","8":"tablet-align-left","9":"mobile-align-left","10":"ast-product-gallery-layout-horizontal-slider","11":"ast-product-gallery-with-no-image","12":"ast-product-single-variable","13":"ast-product-tabs-layout-horizontal","15":"first","16":"instock","17":"shipping-taxable","18":"purchasable","19":"product-type-variable"},"yoast_head":"<!-- This site is optimized with the Yoast SEO Premium plugin v20.9 (Yoast SEO v27.3) - https:\/\/yoast.com\/product\/yoast-seo-premium-wordpress\/ -->\n<title>EFB09 Electric Folding Bike: 36V 250W Motor, CE and RoHS Certified 6 Colors - Bglbike<\/title>\n<meta name=\"description\" content=\"Introducing the EFB09 Electric Folding Bike, equipped with a powerful 36V 250W motor and available in six vibrant colors.\" \/>\n<meta name=\"robots\" content=\"index, follow, max-snippet:-1, max-image-preview:large, max-video-preview:-1\" \/>\n<link rel=\"canonical\" href=\"https:\/\/bglbike.com\/es\/producto\/efb09\/\" \/>\n<meta property=\"og:locale\" content=\"es_ES\" \/>\n<meta property=\"og:type\" content=\"article\" \/>\n<meta property=\"og:title\" content=\"EFB09 Electric Folding Bike: 36V 250W Motor, CE and RoHS Certified 6 Colors\" \/>\n<meta property=\"og:description\" content=\"Introducing the EFB09 Electric Folding Bike, equipped with a powerful 36V 250W motor and available in six vibrant colors.\" \/>\n<meta property=\"og:url\" content=\"https:\/\/bglbike.com\/es\/producto\/efb09\/\" \/>\n<meta property=\"og:site_name\" content=\"Bglbike\" \/>\n<meta property=\"article:modified_time\" content=\"2023-05-31T02:52:50+00:00\" \/>\n<meta property=\"og:image\" content=\"https:\/\/bglbike.com\/wp-content\/uploads\/2023\/03\/1-37.png\" \/>\n\t<meta property=\"og:image:width\" content=\"600\" \/>\n\t<meta property=\"og:image:height\" content=\"600\" \/>\n\t<meta property=\"og:image:type\" content=\"image\/png\" \/>\n<meta name=\"twitter:card\" content=\"summary_large_image\" \/>\n<meta name=\"twitter:label1\" content=\"Tiempo de lectura\" \/>\n\t<meta name=\"twitter:data1\" content=\"2 minutos\" \/>\n<script type=\"application\/ld+json\" class=\"yoast-schema-graph\">{\"@context\":\"https:\\\/\\\/schema.org\",\"@graph\":[{\"@type\":\"WebPage\",\"@id\":\"https:\\\/\\\/bglbike.com\\\/product\\\/efb09\\\/\",\"url\":\"https:\\\/\\\/bglbike.com\\\/product\\\/efb09\\\/\",\"name\":\"EFB09 Electric Folding Bike: 36V 250W Motor, CE and RoHS Certified 6 Colors - Bglbike\",\"isPartOf\":{\"@id\":\"https:\\\/\\\/bglbike.com\\\/#website\"},\"primaryImageOfPage\":{\"@id\":\"https:\\\/\\\/bglbike.com\\\/product\\\/efb09\\\/#primaryimage\"},\"image\":{\"@id\":\"https:\\\/\\\/bglbike.com\\\/product\\\/efb09\\\/#primaryimage\"},\"thumbnailUrl\":\"https:\\\/\\\/bglbike.com\\\/wp-content\\\/uploads\\\/2023\\\/03\\\/1-37.png\",\"datePublished\":\"2023-03-30T10:33:55+00:00\",\"dateModified\":\"2023-05-31T02:52:50+00:00\",\"description\":\"Introducing the EFB09 Electric Folding Bike, equipped with a powerful 36V 250W motor and available in six vibrant colors.\",\"breadcrumb\":{\"@id\":\"https:\\\/\\\/bglbike.com\\\/product\\\/efb09\\\/#breadcrumb\"},\"inLanguage\":\"es\",\"potentialAction\":[{\"@type\":\"ReadAction\",\"target\":[\"https:\\\/\\\/bglbike.com\\\/product\\\/efb09\\\/\"]}]},{\"@type\":\"ImageObject\",\"inLanguage\":\"es\",\"@id\":\"https:\\\/\\\/bglbike.com\\\/product\\\/efb09\\\/#primaryimage\",\"url\":\"https:\\\/\\\/bglbike.com\\\/wp-content\\\/uploads\\\/2023\\\/03\\\/1-37.png\",\"contentUrl\":\"https:\\\/\\\/bglbike.com\\\/wp-content\\\/uploads\\\/2023\\\/03\\\/1-37.png\",\"width\":600,\"height\":600,\"caption\":\"EFB09\"},{\"@type\":\"BreadcrumbList\",\"@id\":\"https:\\\/\\\/bglbike.com\\\/product\\\/efb09\\\/#breadcrumb\",\"itemListElement\":[{\"@type\":\"ListItem\",\"position\":1,\"name\":\"Home\",\"item\":\"https:\\\/\\\/bglbike.com\\\/\"},{\"@type\":\"ListItem\",\"position\":2,\"name\":\"Wholesale Electric Bike\",\"item\":\"https:\\\/\\\/bglbike.com\\\/wholesale-electric-bike\\\/\"},{\"@type\":\"ListItem\",\"position\":3,\"name\":\"EFB09 Electric Folding Bike: 36V 250W Motor, CE and RoHS Certified 6 Colors\"}]},{\"@type\":\"WebSite\",\"@id\":\"https:\\\/\\\/bglbike.com\\\/#website\",\"url\":\"https:\\\/\\\/bglbike.com\\\/\",\"name\":\"Bglbike\",\"description\":\"Top  Ebike manufacturer in China\",\"publisher\":{\"@id\":\"https:\\\/\\\/bglbike.com\\\/#organization\"},\"potentialAction\":[{\"@type\":\"SearchAction\",\"target\":{\"@type\":\"EntryPoint\",\"urlTemplate\":\"https:\\\/\\\/bglbike.com\\\/?s={search_term_string}\"},\"query-input\":{\"@type\":\"PropertyValueSpecification\",\"valueRequired\":true,\"valueName\":\"search_term_string\"}}],\"inLanguage\":\"es\"},{\"@type\":\"Organization\",\"@id\":\"https:\\\/\\\/bglbike.com\\\/#organization\",\"name\":\"Bglbike\",\"url\":\"https:\\\/\\\/bglbike.com\\\/\",\"logo\":{\"@type\":\"ImageObject\",\"inLanguage\":\"es\",\"@id\":\"https:\\\/\\\/bglbike.com\\\/#\\\/schema\\\/logo\\\/image\\\/\",\"url\":\"https:\\\/\\\/bglbike.com\\\/wp-content\\\/uploads\\\/2023\\\/04\\\/cropped-LOGO.png\",\"contentUrl\":\"https:\\\/\\\/bglbike.com\\\/wp-content\\\/uploads\\\/2023\\\/04\\\/cropped-LOGO.png\",\"width\":426,\"height\":141,\"caption\":\"Bglbike\"},\"image\":{\"@id\":\"https:\\\/\\\/bglbike.com\\\/#\\\/schema\\\/logo\\\/image\\\/\"}}]}<\/script>\n<!-- \/ Yoast SEO Premium plugin. -->","yoast_head_json":{"title":"EFB09 Electric Folding Bike: 36V 250W Motor, CE and RoHS Certified 6 Colors - Bglbike","description":"Introducing the EFB09 Electric Folding Bike, equipped with a powerful 36V 250W motor and available in six vibrant colors.","robots":{"index":"index","follow":"follow","max-snippet":"max-snippet:-1","max-image-preview":"max-image-preview:large","max-video-preview":"max-video-preview:-1"},"canonical":"https:\/\/bglbike.com\/es\/producto\/efb09\/","og_locale":"es_ES","og_type":"article","og_title":"EFB09 Electric Folding Bike: 36V 250W Motor, CE and RoHS Certified 6 Colors","og_description":"Introducing the EFB09 Electric Folding Bike, equipped with a powerful 36V 250W motor and available in six vibrant colors.","og_url":"https:\/\/bglbike.com\/es\/producto\/efb09\/","og_site_name":"Bglbike","article_modified_time":"2023-05-31T02:52:50+00:00","og_image":[{"width":600,"height":600,"url":"https:\/\/bglbike.com\/wp-content\/uploads\/2023\/03\/1-37.png","type":"image\/png"}],"twitter_card":"summary_large_image","twitter_misc":{"Tiempo de lectura":"2 minutos"},"schema":{"@context":"https:\/\/schema.org","@graph":[{"@type":"WebPage","@id":"https:\/\/bglbike.com\/product\/efb09\/","url":"https:\/\/bglbike.com\/product\/efb09\/","name":"EFB09 Electric Folding Bike: 36V 250W Motor, CE and RoHS Certified 6 Colors - Bglbike","isPartOf":{"@id":"https:\/\/bglbike.com\/#website"},"primaryImageOfPage":{"@id":"https:\/\/bglbike.com\/product\/efb09\/#primaryimage"},"image":{"@id":"https:\/\/bglbike.com\/product\/efb09\/#primaryimage"},"thumbnailUrl":"https:\/\/bglbike.com\/wp-content\/uploads\/2023\/03\/1-37.png","datePublished":"2023-03-30T10:33:55+00:00","dateModified":"2023-05-31T02:52:50+00:00","description":"Introducing the EFB09 Electric Folding Bike, equipped with a powerful 36V 250W motor and available in six vibrant colors.","breadcrumb":{"@id":"https:\/\/bglbike.com\/product\/efb09\/#breadcrumb"},"inLanguage":"es","potentialAction":[{"@type":"ReadAction","target":["https:\/\/bglbike.com\/product\/efb09\/"]}]},{"@type":"ImageObject","inLanguage":"es","@id":"https:\/\/bglbike.com\/product\/efb09\/#primaryimage","url":"https:\/\/bglbike.com\/wp-content\/uploads\/2023\/03\/1-37.png","contentUrl":"https:\/\/bglbike.com\/wp-content\/uploads\/2023\/03\/1-37.png","width":600,"height":600,"caption":"EFB09"},{"@type":"BreadcrumbList","@id":"https:\/\/bglbike.com\/product\/efb09\/#breadcrumb","itemListElement":[{"@type":"ListItem","position":1,"name":"Home","item":"https:\/\/bglbike.com\/"},{"@type":"ListItem","position":2,"name":"Wholesale Electric Bike","item":"https:\/\/bglbike.com\/wholesale-electric-bike\/"},{"@type":"ListItem","position":3,"name":"EFB09 Electric Folding Bike: 36V 250W Motor, CE and RoHS Certified 6 Colors"}]},{"@type":"WebSite","@id":"https:\/\/bglbike.com\/#website","url":"https:\/\/bglbike.com\/","name":"Bglbike","description":"Top  Ebike manufacturer in China","publisher":{"@id":"https:\/\/bglbike.com\/#organization"},"potentialAction":[{"@type":"SearchAction","target":{"@type":"EntryPoint","urlTemplate":"https:\/\/bglbike.com\/?s={search_term_string}"},"query-input":{"@type":"PropertyValueSpecification","valueRequired":true,"valueName":"search_term_string"}}],"inLanguage":"es"},{"@type":"Organization","@id":"https:\/\/bglbike.com\/#organization","name":"Bglbike","url":"https:\/\/bglbike.com\/","logo":{"@type":"ImageObject","inLanguage":"es","@id":"https:\/\/bglbike.com\/#\/schema\/logo\/image\/","url":"https:\/\/bglbike.com\/wp-content\/uploads\/2023\/04\/cropped-LOGO.png","contentUrl":"https:\/\/bglbike.com\/wp-content\/uploads\/2023\/04\/cropped-LOGO.png","width":426,"height":141,"caption":"Bglbike"},"image":{"@id":"https:\/\/bglbike.com\/#\/schema\/logo\/image\/"}}]}},"_links":{"self":[{"href":"https:\/\/bglbike.com\/es\/wp-json\/wp\/v2\/product\/664","targetHints":{"allow":["GET"]}}],"collection":[{"href":"https:\/\/bglbike.com\/es\/wp-json\/wp\/v2\/product"}],"about":[{"href":"https:\/\/bglbike.com\/es\/wp-json\/wp\/v2\/types\/product"}],"wp:featuredmedia":[{"embeddable":true,"href":"https:\/\/bglbike.com\/es\/wp-json\/wp\/v2\/media\/3931"}],"wp:attachment":[{"href":"https:\/\/bglbike.com\/es\/wp-json\/wp\/v2\/media?parent=664"}],"wp:term":[{"taxonomy":"product_brand","embeddable":true,"href":"https:\/\/bglbike.com\/es\/wp-json\/wp\/v2\/product_brand?post=664"},{"taxonomy":"product_cat","embeddable":true,"href":"https:\/\/bglbike.com\/es\/wp-json\/wp\/v2\/product_cat?post=664"},{"taxonomy":"product_tag","embeddable":true,"href":"https:\/\/bglbike.com\/es\/wp-json\/wp\/v2\/product_tag?post=664"}],"curies":[{"name":"wp","href":"https:\/\/api.w.org\/{rel}","templated":true}]}}