{"id":655,"date":"2023-03-30T10:15:31","date_gmt":"2023-03-30T10:15:31","guid":{"rendered":"https:\/\/bglbike.com\/?post_type=product&#038;p=655"},"modified":"2023-05-31T02:53:37","modified_gmt":"2023-05-31T02:53:37","slug":"efb08","status":"publish","type":"product","link":"https:\/\/bglbike.com\/es\/producto\/efb08\/","title":{"rendered":"Bicicleta el\u00e9ctrica plegable EFB08: cubo sin escobillas 48V500W, pantalla LCD"},"content":{"rendered":"<h3>Especificaci\u00f3n de bicicleta plegable el\u00e9ctrica EFB08<\/h3>\n<div id=\"footable_parent_660\"\n         class=\"footable_parent ninja_table_wrapper loading_ninja_table wp_table_data_press_parent semantic_ui\">\n                <table data-ninja_table_instance=\"ninja_table_instance_0\" data-footable_id=\"660\" data-filter-delay=\"1000\" aria-label=\"EFB08.csv\"            id=\"footable_660\"\n           data-unique_identifier=\"ninja_table_unique_id_1949174657_660\"\n           class=\"foo-table ninja_footable foo_table_660 ninja_table_unique_id_1949174657_660 ui table  nt_type_legacy_table selectable striped vertical_centered  footable-paging-right ninja_table_pro\">\n                <colgroup>\n                            <col class=\"ninja_column_0\">\n                            <col class=\"ninja_column_1\">\n                    <\/colgroup>\n        <thead>\n<tr class=\"footable-header\">\n                                        <th scope=\"col\"  class=\"ninja_column_0 ninja_clmn_nm_motor\">Motor<\/th><th scope=\"col\"  class=\"ninja_column_1 ninja_clmn_nm_48v5wbafangrearmountedbrushlesshub\">Buje sin escobillas montado en la parte trasera Bafang 48V500W<\/th><\/tr>\n<\/thead>\n<tbody>\n\n        <tr data-row_id=\"292\" class=\"ninja_table_row_0 nt_row_id_292\">\n            <td>Bater\u00eda<\/td><td>48V12.8AH(LG) de iones de litio<\/td>        <\/tr>\n            <tr data-row_id=\"293\" class=\"ninja_table_row_1 nt_row_id_293\">\n            <td>Tiempo de carga<\/td><td>4-6 horas<\/td>        <\/tr>\n            <tr data-row_id=\"294\" class=\"ninja_table_row_2 nt_row_id_294\">\n            <td>Cargador<\/td><td>2A CE\/UL<\/td>        <\/tr>\n            <tr data-row_id=\"295\" class=\"ninja_table_row_3 nt_row_id_295\">\n            <td>Controlador<\/td><td>Controlador integrado 48V 500W<\/td>        <\/tr>\n            <tr data-row_id=\"296\" class=\"ninja_table_row_4 nt_row_id_296\">\n            <td>Rango estimado<\/td><td>19 millas (30 km)-25 millas (40 km)<\/td>        <\/tr>\n            <tr data-row_id=\"297\" class=\"ninja_table_row_5 nt_row_id_297\">\n            <td>Mostrar<\/td><td>pantalla LCD<\/td>        <\/tr>\n            <tr data-row_id=\"298\" class=\"ninja_table_row_6 nt_row_id_298\">\n            <td>Modo conductor<\/td><td>Asistencia de pedal de detecci\u00f3n de cadencia (disco de sensor de 12 imanes)<\/td>        <\/tr>\n            <tr data-row_id=\"299\" class=\"ninja_table_row_7 nt_row_id_299\">\n            <td>Velocidad m\u00e1xima<\/td><td>UE: 15,6 mph (25 kph)<\/td>        <\/tr>\n            <tr data-row_id=\"300\" class=\"ninja_table_row_8 nt_row_id_300\">\n            <td>Peso total<\/td><td>25kg<\/td>        <\/tr>\n            <tr data-row_id=\"301\" class=\"ninja_table_row_9 nt_row_id_301\">\n            <td>Marco<\/td><td>20&quot;, aleaci\u00f3n de aluminio 6061, plegable<\/td>        <\/tr>\n            <tr data-row_id=\"302\" class=\"ninja_table_row_10 nt_row_id_302\">\n            <td>Tenedor<\/td><td>Suspensi\u00f3n Mec\u00e1nica<\/td>        <\/tr>\n            <tr data-row_id=\"303\" class=\"ninja_table_row_11 nt_row_id_303\">\n            <td>Engranaje<\/td><td>7 velocidades 1x7, Shimano Tourney TX<\/td>        <\/tr>\n            <tr data-row_id=\"304\" class=\"ninja_table_row_12 nt_row_id_304\">\n            <td>Cambio<\/td><td>Shimano de 7 velocidades<\/td>        <\/tr>\n            <tr data-row_id=\"305\" class=\"ninja_table_row_13 nt_row_id_305\">\n            <td>Bielas<\/td><td>Pi\u00f1\u00f3n de 52 dientes, bielas de 170 mm<\/td>        <\/tr>\n            <tr data-row_id=\"306\" class=\"ninja_table_row_14 nt_row_id_306\">\n            <td>pedales<\/td><td>Plegable<\/td>        <\/tr>\n            <tr data-row_id=\"307\" class=\"ninja_table_row_15 nt_row_id_307\">\n            <td>Auriculares<\/td><td>rodamiento sellado<\/td>        <\/tr>\n            <tr data-row_id=\"308\" class=\"ninja_table_row_16 nt_row_id_308\">\n            <td>Provenir<\/td><td>Plegable, Aleaci\u00f3n de Aluminio<\/td>        <\/tr>\n            <tr data-row_id=\"309\" class=\"ninja_table_row_17 nt_row_id_309\">\n            <td>Manillar<\/td><td>Aleaci\u00f3n de aluminio<\/td>        <\/tr>\n            <tr data-row_id=\"310\" class=\"ninja_table_row_18 nt_row_id_310\">\n            <td>Freno<\/td><td>Freno de disco mec\u00e1nico Tektro, inhibidor de motor<\/td>        <\/tr>\n            <tr data-row_id=\"311\" class=\"ninja_table_row_19 nt_row_id_311\">\n            <td>Pu\u00f1os<\/td><td>Pu\u00f1os de goma<\/td>        <\/tr>\n            <tr data-row_id=\"312\" class=\"ninja_table_row_20 nt_row_id_312\">\n            <td>Sill\u00edn<\/td><td>C\u00f3modo<\/td>        <\/tr>\n            <tr data-row_id=\"313\" class=\"ninja_table_row_21 nt_row_id_313\">\n            <td>Tija de sill\u00edn<\/td><td>Aleaci\u00f3n de aluminio<\/td>        <\/tr>\n            <tr data-row_id=\"314\" class=\"ninja_table_row_22 nt_row_id_314\">\n            <td>Borde<\/td><td>Aleaci\u00f3n de aluminio, negro<\/td>        <\/tr>\n            <tr data-row_id=\"315\" class=\"ninja_table_row_23 nt_row_id_315\">\n            <td>radios<\/td><td>Acero inoxidable, 36H<\/td>        <\/tr>\n            <tr data-row_id=\"316\" class=\"ninja_table_row_24 nt_row_id_316\">\n            <td>Neum\u00e1tico<\/td><td>Kenda, 20&quot; x 4.0&quot;<\/td>        <\/tr>\n            <tr data-row_id=\"317\" class=\"ninja_table_row_25 nt_row_id_317\">\n            <td>pata de cabra<\/td><td>Aleaci\u00f3n<\/td>        <\/tr>\n            <tr data-row_id=\"318\" class=\"ninja_table_row_26 nt_row_id_318\">\n            <td>Luces led<\/td><td>Faro por bater\u00eda, bater\u00eda seca de luz trasera<\/td>        <\/tr>\n            <tr data-row_id=\"319\" class=\"ninja_table_row_27 nt_row_id_319\">\n            <td>Estante\/Portador<\/td><td>Parrilla trasera y parrilla delantera incluidas<\/td>        <\/tr>\n    <\/tbody><!--ninja_tobody_rendering_done-->\n    <\/table>\n    \n    \n    \n<\/div>\n\n<h3>Empaquetado y entrega<\/h3>\n<p>Detalles de empaquetado: espuma con cajas de cart\u00f3n.<br \/>\nPuerto: Ning Bo o Shangh\u00e1i<\/p>\n<p>Tiempo de espera: <div id=\"footable_parent_659\"\n         class=\"footable_parent ninja_table_wrapper loading_ninja_table wp_table_data_press_parent semantic_ui\">\n                <table data-ninja_table_instance=\"ninja_table_instance_1\" data-footable_id=\"659\" data-filter-delay=\"1000\" aria-label=\"EBB.csv\"            id=\"footable_659\"\n           data-unique_identifier=\"ninja_table_unique_id_3999053687_659\"\n           class=\"foo-table ninja_footable foo_table_659 ninja_table_unique_id_3999053687_659 ui table  nt_type_legacy_table selectable striped vertical_centered  footable-paging-right ninja_table_pro\">\n                <colgroup>\n                            <col class=\"ninja_column_0\">\n                            <col class=\"ninja_column_1\">\n                            <col class=\"ninja_column_2\">\n                            <col class=\"ninja_column_3\">\n                    <\/colgroup>\n        <thead>\n<tr class=\"footable-header\">\n                                                                        <th scope=\"col\"  class=\"ninja_column_0 ninja_clmn_nm_quantitypieces\">Cantidad (piezas)<\/th><th scope=\"col\"  class=\"ninja_column_1 ninja_clmn_nm_11\">1\u00a0-\u00a01<\/th><th scope=\"col\"  class=\"ninja_column_2 ninja_clmn_nm_22\">2\u00a0-\u00a020<\/th><th scope=\"col\"  class=\"ninja_column_3 ninja_clmn_nm_2\">&gt;20<\/th><\/tr>\n<\/thead>\n<tbody>\n\n        <tr data-row_id=\"291\" class=\"ninja_table_row_0 nt_row_id_291\">\n            <td>Plazo de ejecuci\u00f3n (d\u00edas)<\/td><td>7<\/td><td>15<\/td><td>Ser negociado<\/td>        <\/tr>\n    <\/tbody><!--ninja_tobody_rendering_done-->\n    <\/table>\n    \n    \n    \n<\/div>\n<\/p>\n<h3>Nuestras ventajas<\/h3>\n<p><img fetchpriority=\"high\" decoding=\"async\" class=\"size-full wp-image-3564\" src=\"https:\/\/bglbike.com\/wp-content\/uploads\/2023\/04\/1111-e1681265334807.webp\" alt=\"Nuestras ventajas\" width=\"600\" height=\"400\" srcset=\"https:\/\/bglbike.com\/wp-content\/uploads\/2023\/04\/1111-e1681265334807.webp 600w, https:\/\/bglbike.com\/wp-content\/uploads\/2023\/04\/1111-e1681265334807-300x200.webp 300w, https:\/\/bglbike.com\/wp-content\/uploads\/2023\/04\/1111-e1681265334807-18x12.webp 18w, https:\/\/bglbike.com\/wp-content\/uploads\/2023\/04\/1111-e1681265334807-250x167.webp 250w\" sizes=\"(max-width: 600px) 100vw, 600px\" \/><\/p>\n<h3>preguntas frecuentes<\/h3>\n<p><strong>P1:\u00bfDe qu\u00e9 materiales est\u00e1 hecha la Bicicleta Plegable El\u00e9ctrica-EFB08?<\/strong><br \/>\nLa Bicicleta Plegable El\u00e9ctrica-EFB08 est\u00e1 construida con un marco de aleaci\u00f3n de aluminio robusto y liviano que brinda gran estabilidad y comodidad a los ciclistas, incluso en terrenos m\u00e1s dif\u00edciles. Cuenta con una 7 velocidades 1\u00d77, sistema de cambios Shimano Tourney TX, freno de disco mec\u00e1nico Tektro e inhibidor de motor. La bicicleta tambi\u00e9n tiene neum\u00e1ticos Kenda de 20 &quot;x 4.0 para mejorar la tracci\u00f3n y la estabilidad.<\/p>\n<p><strong>P2:\u00bfCu\u00e1les son los principales beneficios de tener una bicicleta plegable el\u00e9ctrica?<\/strong><br \/>\nUna bicicleta plegable el\u00e9ctrica ofrece muchos beneficios sobre las bicicletas tradicionales, incluida una mayor comodidad y portabilidad debido a su peque\u00f1o tama\u00f1o. Adem\u00e1s, las bicicletas plegables el\u00e9ctricas brindan asistencia adicional a los ciclistas que pueden no tener la fuerza para pedalear solos, como las personas mayores o las personas con discapacidades f\u00edsicas, lo que les permite moverse f\u00e1cilmente usando su propia energ\u00eda. Finalmente, las bicicletas plegables el\u00e9ctricas requieren menos espacio de almacenamiento que las bicicletas tradicionales debido a su capacidad de plegarse para guardarlas f\u00e1cilmente cuando no se usan.<\/p>\n<p><strong>P3:\u00bfLa bicicleta plegable el\u00e9ctrica-EFB08 viene con caracter\u00edsticas de seguridad?<\/strong><br \/>\n\u00a1S\u00ed! La Bicicleta Plegable El\u00e9ctrica-EFB08 viene de serie con paredes laterales reflectantes para aumentar la visibilidad mientras conduce en condiciones de poca luz y un conjunto integrado de luces delanteras y traseras, que permite a los ciclistas ver claramente mientras conducen de noche o en otros entornos con poca luz. Adem\u00e1s, incluye una bocina para que los ciclistas puedan alertar de forma segura a otros ciclistas o peatones de su aproximaci\u00f3n si es necesario.<\/p>\n<p><strong>P4: \u00bfCu\u00e1l es el alcance de la bicicleta el\u00e9ctrica plegable EFB08?<\/strong><br \/>\nLa bicicleta el\u00e9ctrica plegable EFB08 tiene un alcance de 19 millas (30 km) y -25 millas (40 km) cuando est\u00e1 completamente cargada con su controlador integrado de 48 V 500 W por un ion de litio de 48 V 12,8 AH (LG).<\/p>","protected":false},"excerpt":{"rendered":"<p>El <strong>Bicicleta el\u00e9ctrica plegable EFB08: cubo sin escobillas 48V500W, pantalla LCD<\/strong>\u00a0es la elecci\u00f3n perfecta para las empresas que buscan una bicicleta el\u00e9ctrica asequible y fiable. Esta bicicleta est\u00e1 fabricada con materiales de alta calidad y viene con una variedad de caracter\u00edsticas que la hacen perfecta para el transporte urbano. El EFB08 se pliega r\u00e1pida y f\u00e1cilmente, lo que facilita su almacenamiento en espacios reducidos. Tambi\u00e9n tiene un potente motor que facilita la navegaci\u00f3n por colinas y otros obst\u00e1culos. Adem\u00e1s, la bicicleta el\u00e9ctrica plegable EFB08: 48V500W Brushless Hub, la pantalla LCD viene con una pantalla LCD incorporada que le permite realizar un seguimiento de su velocidad, distancia recorrida y m\u00e1s. \u00a1Ordene su bicicleta el\u00e9ctrica plegable-EFB08 hoy!<\/p>","protected":false},"featured_media":3930,"template":"","meta":{"site-sidebar-layout":"default","site-content-layout":"default","ast-site-content-layout":"default","site-content-style":"default","site-sidebar-style":"default","ast-global-header-display":"","ast-banner-title-visibility":"","ast-main-header-display":"","ast-hfb-above-header-display":"","ast-hfb-below-header-display":"","ast-hfb-mobile-header-display":"","site-post-title":"","ast-breadcrumbs-content":"","ast-featured-img":"","footer-sml-layout":"","ast-disable-related-posts":"","theme-transparent-header-meta":"default","adv-header-id-meta":"","stick-header-meta":"default","header-above-stick-meta":"","header-main-stick-meta":"","header-below-stick-meta":"","astra-migrate-meta-layouts":"default","ast-page-background-enabled":"default","ast-page-background-meta":{"desktop":{"background-color":"var(--ast-global-color-4)","background-image":"","background-repeat":"repeat","background-position":"center center","background-size":"auto","background-attachment":"scroll","background-type":"","background-media":"","overlay-type":"","overlay-color":"","overlay-opacity":"","overlay-gradient":""},"tablet":{"background-color":"","background-image":"","background-repeat":"repeat","background-position":"center center","background-size":"auto","background-attachment":"scroll","background-type":"","background-media":"","overlay-type":"","overlay-color":"","overlay-opacity":"","overlay-gradient":""},"mobile":{"background-color":"","background-image":"","background-repeat":"repeat","background-position":"center center","background-size":"auto","background-attachment":"scroll","background-type":"","background-media":"","overlay-type":"","overlay-color":"","overlay-opacity":"","overlay-gradient":""}},"ast-content-background-meta":{"desktop":{"background-color":"var(--ast-global-color-5)","background-image":"","background-repeat":"repeat","background-position":"center center","background-size":"auto","background-attachment":"scroll","background-type":"","background-media":"","overlay-type":"","overlay-color":"","overlay-opacity":"","overlay-gradient":""},"tablet":{"background-color":"var(--ast-global-color-5)","background-image":"","background-repeat":"repeat","background-position":"center center","background-size":"auto","background-attachment":"scroll","background-type":"","background-media":"","overlay-type":"","overlay-color":"","overlay-opacity":"","overlay-gradient":""},"mobile":{"background-color":"var(--ast-global-color-5)","background-image":"","background-repeat":"repeat","background-position":"center center","background-size":"auto","background-attachment":"scroll","background-type":"","background-media":"","overlay-type":"","overlay-color":"","overlay-opacity":"","overlay-gradient":""}}},"product_brand":[],"product_cat":[22],"product_tag":[],"class_list":{"0":"post-655","1":"product","2":"type-product","3":"status-publish","4":"has-post-thumbnail","6":"product_cat-electric-folding-bike","7":"desktop-align-left","8":"tablet-align-left","9":"mobile-align-left","10":"ast-product-gallery-layout-horizontal-slider","11":"ast-product-gallery-with-no-image","12":"ast-product-single-variable","13":"ast-product-tabs-layout-horizontal","15":"first","16":"instock","17":"shipping-taxable","18":"purchasable","19":"product-type-variable"},"yoast_head":"<!-- This site is optimized with the Yoast SEO Premium plugin v20.9 (Yoast SEO v27.3) - https:\/\/yoast.com\/product\/yoast-seo-premium-wordpress\/ -->\n<title>EFB08 Electric Folding Bike: 48V500W Brushless Hub, LCD Display - Bglbike<\/title>\n<meta name=\"description\" content=\"This electric bike offers you convenience, portability and style. Its lightweight frame can be easily folded up, making it perfect for taking with you on your daily commute or even on a long journey.\" \/>\n<meta name=\"robots\" content=\"index, follow, max-snippet:-1, max-image-preview:large, max-video-preview:-1\" \/>\n<link rel=\"canonical\" href=\"https:\/\/bglbike.com\/es\/producto\/efb08\/\" \/>\n<meta property=\"og:locale\" content=\"es_ES\" \/>\n<meta property=\"og:type\" content=\"article\" \/>\n<meta property=\"og:title\" content=\"EFB08 Electric Folding Bike: 48V500W Brushless Hub, LCD Display\" \/>\n<meta property=\"og:description\" content=\"This electric bike offers you convenience, portability and style. Its lightweight frame can be easily folded up, making it perfect for taking with you on your daily commute or even on a long journey.\" \/>\n<meta property=\"og:url\" content=\"https:\/\/bglbike.com\/es\/producto\/efb08\/\" \/>\n<meta property=\"og:site_name\" content=\"Bglbike\" \/>\n<meta property=\"article:modified_time\" content=\"2023-05-31T02:53:37+00:00\" \/>\n<meta property=\"og:image\" content=\"https:\/\/bglbike.com\/wp-content\/uploads\/2023\/03\/1-36.png\" \/>\n\t<meta property=\"og:image:width\" content=\"600\" \/>\n\t<meta property=\"og:image:height\" content=\"600\" \/>\n\t<meta property=\"og:image:type\" content=\"image\/png\" \/>\n<meta name=\"twitter:card\" content=\"summary_large_image\" \/>\n<meta name=\"twitter:label1\" content=\"Tiempo de lectura\" \/>\n\t<meta name=\"twitter:data1\" content=\"2 minutos\" \/>\n<script type=\"application\/ld+json\" class=\"yoast-schema-graph\">{\"@context\":\"https:\\\/\\\/schema.org\",\"@graph\":[{\"@type\":\"WebPage\",\"@id\":\"https:\\\/\\\/bglbike.com\\\/product\\\/efb08\\\/\",\"url\":\"https:\\\/\\\/bglbike.com\\\/product\\\/efb08\\\/\",\"name\":\"EFB08 Electric Folding Bike: 48V500W Brushless Hub, LCD Display - Bglbike\",\"isPartOf\":{\"@id\":\"https:\\\/\\\/bglbike.com\\\/#website\"},\"primaryImageOfPage\":{\"@id\":\"https:\\\/\\\/bglbike.com\\\/product\\\/efb08\\\/#primaryimage\"},\"image\":{\"@id\":\"https:\\\/\\\/bglbike.com\\\/product\\\/efb08\\\/#primaryimage\"},\"thumbnailUrl\":\"https:\\\/\\\/bglbike.com\\\/wp-content\\\/uploads\\\/2023\\\/03\\\/1-36.png\",\"datePublished\":\"2023-03-30T10:15:31+00:00\",\"dateModified\":\"2023-05-31T02:53:37+00:00\",\"description\":\"This electric bike offers you convenience, portability and style. Its lightweight frame can be easily folded up, making it perfect for taking with you on your daily commute or even on a long journey.\",\"breadcrumb\":{\"@id\":\"https:\\\/\\\/bglbike.com\\\/product\\\/efb08\\\/#breadcrumb\"},\"inLanguage\":\"es\",\"potentialAction\":[{\"@type\":\"ReadAction\",\"target\":[\"https:\\\/\\\/bglbike.com\\\/product\\\/efb08\\\/\"]}]},{\"@type\":\"ImageObject\",\"inLanguage\":\"es\",\"@id\":\"https:\\\/\\\/bglbike.com\\\/product\\\/efb08\\\/#primaryimage\",\"url\":\"https:\\\/\\\/bglbike.com\\\/wp-content\\\/uploads\\\/2023\\\/03\\\/1-36.png\",\"contentUrl\":\"https:\\\/\\\/bglbike.com\\\/wp-content\\\/uploads\\\/2023\\\/03\\\/1-36.png\",\"width\":600,\"height\":600,\"caption\":\"EFB08\"},{\"@type\":\"BreadcrumbList\",\"@id\":\"https:\\\/\\\/bglbike.com\\\/product\\\/efb08\\\/#breadcrumb\",\"itemListElement\":[{\"@type\":\"ListItem\",\"position\":1,\"name\":\"Home\",\"item\":\"https:\\\/\\\/bglbike.com\\\/\"},{\"@type\":\"ListItem\",\"position\":2,\"name\":\"Wholesale Electric Bike\",\"item\":\"https:\\\/\\\/bglbike.com\\\/wholesale-electric-bike\\\/\"},{\"@type\":\"ListItem\",\"position\":3,\"name\":\"EFB08 Electric Folding Bike: 48V500W Brushless Hub, LCD Display\"}]},{\"@type\":\"WebSite\",\"@id\":\"https:\\\/\\\/bglbike.com\\\/#website\",\"url\":\"https:\\\/\\\/bglbike.com\\\/\",\"name\":\"Bglbike\",\"description\":\"Top  Ebike manufacturer in China\",\"publisher\":{\"@id\":\"https:\\\/\\\/bglbike.com\\\/#organization\"},\"potentialAction\":[{\"@type\":\"SearchAction\",\"target\":{\"@type\":\"EntryPoint\",\"urlTemplate\":\"https:\\\/\\\/bglbike.com\\\/?s={search_term_string}\"},\"query-input\":{\"@type\":\"PropertyValueSpecification\",\"valueRequired\":true,\"valueName\":\"search_term_string\"}}],\"inLanguage\":\"es\"},{\"@type\":\"Organization\",\"@id\":\"https:\\\/\\\/bglbike.com\\\/#organization\",\"name\":\"Bglbike\",\"url\":\"https:\\\/\\\/bglbike.com\\\/\",\"logo\":{\"@type\":\"ImageObject\",\"inLanguage\":\"es\",\"@id\":\"https:\\\/\\\/bglbike.com\\\/#\\\/schema\\\/logo\\\/image\\\/\",\"url\":\"https:\\\/\\\/bglbike.com\\\/wp-content\\\/uploads\\\/2023\\\/04\\\/cropped-LOGO.png\",\"contentUrl\":\"https:\\\/\\\/bglbike.com\\\/wp-content\\\/uploads\\\/2023\\\/04\\\/cropped-LOGO.png\",\"width\":426,\"height\":141,\"caption\":\"Bglbike\"},\"image\":{\"@id\":\"https:\\\/\\\/bglbike.com\\\/#\\\/schema\\\/logo\\\/image\\\/\"}}]}<\/script>\n<!-- \/ Yoast SEO Premium plugin. -->","yoast_head_json":{"title":"EFB08 Electric Folding Bike: 48V500W Brushless Hub, LCD Display - Bglbike","description":"This electric bike offers you convenience, portability and style. Its lightweight frame can be easily folded up, making it perfect for taking with you on your daily commute or even on a long journey.","robots":{"index":"index","follow":"follow","max-snippet":"max-snippet:-1","max-image-preview":"max-image-preview:large","max-video-preview":"max-video-preview:-1"},"canonical":"https:\/\/bglbike.com\/es\/producto\/efb08\/","og_locale":"es_ES","og_type":"article","og_title":"EFB08 Electric Folding Bike: 48V500W Brushless Hub, LCD Display","og_description":"This electric bike offers you convenience, portability and style. Its lightweight frame can be easily folded up, making it perfect for taking with you on your daily commute or even on a long journey.","og_url":"https:\/\/bglbike.com\/es\/producto\/efb08\/","og_site_name":"Bglbike","article_modified_time":"2023-05-31T02:53:37+00:00","og_image":[{"width":600,"height":600,"url":"https:\/\/bglbike.com\/wp-content\/uploads\/2023\/03\/1-36.png","type":"image\/png"}],"twitter_card":"summary_large_image","twitter_misc":{"Tiempo de lectura":"2 minutos"},"schema":{"@context":"https:\/\/schema.org","@graph":[{"@type":"WebPage","@id":"https:\/\/bglbike.com\/product\/efb08\/","url":"https:\/\/bglbike.com\/product\/efb08\/","name":"EFB08 Electric Folding Bike: 48V500W Brushless Hub, LCD Display - Bglbike","isPartOf":{"@id":"https:\/\/bglbike.com\/#website"},"primaryImageOfPage":{"@id":"https:\/\/bglbike.com\/product\/efb08\/#primaryimage"},"image":{"@id":"https:\/\/bglbike.com\/product\/efb08\/#primaryimage"},"thumbnailUrl":"https:\/\/bglbike.com\/wp-content\/uploads\/2023\/03\/1-36.png","datePublished":"2023-03-30T10:15:31+00:00","dateModified":"2023-05-31T02:53:37+00:00","description":"This electric bike offers you convenience, portability and style. Its lightweight frame can be easily folded up, making it perfect for taking with you on your daily commute or even on a long journey.","breadcrumb":{"@id":"https:\/\/bglbike.com\/product\/efb08\/#breadcrumb"},"inLanguage":"es","potentialAction":[{"@type":"ReadAction","target":["https:\/\/bglbike.com\/product\/efb08\/"]}]},{"@type":"ImageObject","inLanguage":"es","@id":"https:\/\/bglbike.com\/product\/efb08\/#primaryimage","url":"https:\/\/bglbike.com\/wp-content\/uploads\/2023\/03\/1-36.png","contentUrl":"https:\/\/bglbike.com\/wp-content\/uploads\/2023\/03\/1-36.png","width":600,"height":600,"caption":"EFB08"},{"@type":"BreadcrumbList","@id":"https:\/\/bglbike.com\/product\/efb08\/#breadcrumb","itemListElement":[{"@type":"ListItem","position":1,"name":"Home","item":"https:\/\/bglbike.com\/"},{"@type":"ListItem","position":2,"name":"Wholesale Electric Bike","item":"https:\/\/bglbike.com\/wholesale-electric-bike\/"},{"@type":"ListItem","position":3,"name":"EFB08 Electric Folding Bike: 48V500W Brushless Hub, LCD Display"}]},{"@type":"WebSite","@id":"https:\/\/bglbike.com\/#website","url":"https:\/\/bglbike.com\/","name":"Bglbike","description":"Top  Ebike manufacturer in China","publisher":{"@id":"https:\/\/bglbike.com\/#organization"},"potentialAction":[{"@type":"SearchAction","target":{"@type":"EntryPoint","urlTemplate":"https:\/\/bglbike.com\/?s={search_term_string}"},"query-input":{"@type":"PropertyValueSpecification","valueRequired":true,"valueName":"search_term_string"}}],"inLanguage":"es"},{"@type":"Organization","@id":"https:\/\/bglbike.com\/#organization","name":"Bglbike","url":"https:\/\/bglbike.com\/","logo":{"@type":"ImageObject","inLanguage":"es","@id":"https:\/\/bglbike.com\/#\/schema\/logo\/image\/","url":"https:\/\/bglbike.com\/wp-content\/uploads\/2023\/04\/cropped-LOGO.png","contentUrl":"https:\/\/bglbike.com\/wp-content\/uploads\/2023\/04\/cropped-LOGO.png","width":426,"height":141,"caption":"Bglbike"},"image":{"@id":"https:\/\/bglbike.com\/#\/schema\/logo\/image\/"}}]}},"_links":{"self":[{"href":"https:\/\/bglbike.com\/es\/wp-json\/wp\/v2\/product\/655","targetHints":{"allow":["GET"]}}],"collection":[{"href":"https:\/\/bglbike.com\/es\/wp-json\/wp\/v2\/product"}],"about":[{"href":"https:\/\/bglbike.com\/es\/wp-json\/wp\/v2\/types\/product"}],"wp:featuredmedia":[{"embeddable":true,"href":"https:\/\/bglbike.com\/es\/wp-json\/wp\/v2\/media\/3930"}],"wp:attachment":[{"href":"https:\/\/bglbike.com\/es\/wp-json\/wp\/v2\/media?parent=655"}],"wp:term":[{"taxonomy":"product_brand","embeddable":true,"href":"https:\/\/bglbike.com\/es\/wp-json\/wp\/v2\/product_brand?post=655"},{"taxonomy":"product_cat","embeddable":true,"href":"https:\/\/bglbike.com\/es\/wp-json\/wp\/v2\/product_cat?post=655"},{"taxonomy":"product_tag","embeddable":true,"href":"https:\/\/bglbike.com\/es\/wp-json\/wp\/v2\/product_tag?post=655"}],"curies":[{"name":"wp","href":"https:\/\/api.w.org\/{rel}","templated":true}]}}