{"id":647,"date":"2023-03-30T09:23:12","date_gmt":"2023-03-30T09:23:12","guid":{"rendered":"https:\/\/bglbike.com\/?post_type=product&#038;p=647"},"modified":"2023-05-31T02:54:09","modified_gmt":"2023-05-31T02:54:09","slug":"efb06","status":"publish","type":"product","link":"https:\/\/bglbike.com\/es\/producto\/emb06\/","title":{"rendered":"Bicicleta plegable el\u00e9ctrica ligera EFB06 con bater\u00eda de iones de litio Samsung"},"content":{"rendered":"<h3>Especificaciones del producto<\/h3>\n<div id=\"footable_parent_3634\"\n         class=\"footable_parent ninja_table_wrapper loading_ninja_table wp_table_data_press_parent semantic_ui\">\n                <table data-ninja_table_instance=\"ninja_table_instance_0\" data-footable_id=\"3634\" data-filter-delay=\"1000\" aria-label=\"EMB06.csv\"            id=\"footable_3634\"\n           data-unique_identifier=\"ninja_table_unique_id_3870182914_3634\"\n           class=\"foo-table ninja_footable foo_table_3634 ninja_table_unique_id_3870182914_3634 ui table  nt_type_legacy_table selectable striped vertical_centered  footable-paging-right ninja_table_pro\">\n                <colgroup>\n                            <col class=\"ninja_column_0\">\n                            <col class=\"ninja_column_1\">\n                            <col class=\"ninja_column_2\">\n                            <col class=\"ninja_column_3\">\n                    <\/colgroup>\n        <thead>\n<tr class=\"footable-header\">\n                                                                        <th scope=\"col\"  class=\"ninja_column_0 ninja_clmn_nm_model\">Modelo<\/th><th scope=\"col\"  class=\"ninja_column_1 ninja_clmn_nm_emb6\">EMB06<\/th><th scope=\"col\"  class=\"ninja_column_2 ninja_clmn_nm_certification\">Certificaci\u00f3n<\/th><th scope=\"col\"  class=\"ninja_column_3 ninja_clmn_nm_ceen15194ios\">CE, EN15194, IOS<\/th><\/tr>\n<\/thead>\n<tbody>\n\n        <tr data-row_id=\"930\" class=\"ninja_table_row_0 nt_row_id_930\">\n            <td><\/td><td>36V250W(XF)<\/td><td><\/td><td>36V<\/td>        <\/tr>\n            <tr data-row_id=\"931\" class=\"ninja_table_row_1 nt_row_id_931\">\n            <td>Motor<\/td><td>Montado en la parte trasera<\/td><td>Bater\u00eda<\/td><td>Samsung de iones de litio <\/td>        <\/tr>\n            <tr data-row_id=\"932\" class=\"ninja_table_row_2 nt_row_id_932\">\n            <td><\/td><td>Hub sin engranajes<\/td><td><\/td><td><\/td>        <\/tr>\n            <tr data-row_id=\"933\" class=\"ninja_table_row_3 nt_row_id_933\">\n            <td>Neum\u00e1tico<\/td><td>Kenda, 20&quot; x 2.35&quot;<\/td><td>Garant\u00eda<\/td><td>2 a\u00f1os<\/td>        <\/tr>\n            <tr data-row_id=\"934\" class=\"ninja_table_row_4 nt_row_id_934\">\n            <td>Cargador<\/td><td>2A CE\/UL<\/td><td>Tiempo de carga<\/td><td>4-6 horas<\/td>        <\/tr>\n            <tr data-row_id=\"935\" class=\"ninja_table_row_5 nt_row_id_935\">\n            <td>Rango estimado<\/td><td>20 millas (32 km)-30 millas (48 km)<\/td><td>Controlador<\/td><td>controlador integrado 36V15A<\/td>        <\/tr>\n            <tr data-row_id=\"936\" class=\"ninja_table_row_6 nt_row_id_936\">\n            <td><\/td><td>Pedal de detecci\u00f3n de cadencia asistida, acelerador de gatillo (disco de sensor de 6 imanes)<\/td><td>Velocidad m\u00e1xima<\/td><td>UE: 15,6 mph (25 kph)\/Am\u00e9rica del Norte: 20 mph (32 kph)<\/td>        <\/tr>\n            <tr data-row_id=\"937\" class=\"ninja_table_row_7 nt_row_id_937\">\n            <td>Modo conductor<\/td><td><\/td><td><\/td><td><\/td>        <\/tr>\n            <tr data-row_id=\"938\" class=\"ninja_table_row_8 nt_row_id_938\">\n            <td>Tenedor<\/td><td>Suspensi\u00f3n b\u00e1sica<\/td><td>Peso total<\/td><td>48,5 libras (22 kg)<\/td>        <\/tr>\n            <tr data-row_id=\"939\" class=\"ninja_table_row_9 nt_row_id_939\">\n            <td>Marco<\/td><td>20&quot;, aleaci\u00f3n de aluminio 6061, plegable<\/td><td>Mostrar<\/td><td>Pantalla LED o LCD<\/td>        <\/tr>\n            <tr data-row_id=\"940\" class=\"ninja_table_row_10 nt_row_id_940\">\n            <td>Engranaje<\/td><td>7 velocidades 1x7, Shimano Tourney TX<\/td><td>Bielas<\/td><td>Plato de 50 dientes, bielas de 170 mm<\/td>        <\/tr>\n            <tr data-row_id=\"941\" class=\"ninja_table_row_11 nt_row_id_941\">\n            <td>Cambio<\/td><td>Shimano de 7 velocidades<\/td><td>pedales<\/td><td>Aleaci\u00f3n de aluminio<\/td>        <\/tr>\n            <tr data-row_id=\"942\" class=\"ninja_table_row_12 nt_row_id_942\">\n            <td>Auriculares<\/td><td>rodamiento sellado<\/td><td>Provenir<\/td><td>Aleaci\u00f3n de aluminio<\/td>        <\/tr>\n            <tr data-row_id=\"943\" class=\"ninja_table_row_13 nt_row_id_943\">\n            <td>Manillar<\/td><td>Aleaci\u00f3n de aluminio<\/td><td>Pu\u00f1os<\/td><td>Pu\u00f1os de goma<\/td>        <\/tr>\n            <tr data-row_id=\"944\" class=\"ninja_table_row_14 nt_row_id_944\">\n            <td>Freno<\/td><td>Disco Zoom OR Tektro con rotores de 160 mm<\/td><td>Palancas<\/td><td>Palancas Tektro e Inhibidor de Motor<\/td>        <\/tr>\n    <\/tbody><!--ninja_tobody_rendering_done-->\n    <\/table>\n    \n    \n    \n<\/div>\n\n<h3>Empaquetado y entrega<\/h3>\n<p>Detalles de empaquetado: espuma con cajas de cart\u00f3n.<br \/>\nPuerto: Ning Bo o Shangh\u00e1i<\/p>\n<p>Tiempo de espera:<div id=\"footable_parent_651\"\n         class=\"footable_parent ninja_table_wrapper loading_ninja_table wp_table_data_press_parent semantic_ui\">\n                <table data-ninja_table_instance=\"ninja_table_instance_1\" data-footable_id=\"651\" data-filter-delay=\"1000\" aria-label=\"EBB.csv\"            id=\"footable_651\"\n           data-unique_identifier=\"ninja_table_unique_id_442313484_651\"\n           class=\"foo-table ninja_footable foo_table_651 ninja_table_unique_id_442313484_651 ui table  nt_type_legacy_table selectable striped vertical_centered  footable-paging-right ninja_table_pro\">\n                <colgroup>\n                            <col class=\"ninja_column_0\">\n                            <col class=\"ninja_column_1\">\n                            <col class=\"ninja_column_2\">\n                            <col class=\"ninja_column_3\">\n                    <\/colgroup>\n        <thead>\n<tr class=\"footable-header\">\n                                                                        <th scope=\"col\"  class=\"ninja_column_0 ninja_clmn_nm_quantitypieces\">Cantidad (piezas)<\/th><th scope=\"col\"  class=\"ninja_column_1 ninja_clmn_nm_11\">1\u00a0-\u00a01<\/th><th scope=\"col\"  class=\"ninja_column_2 ninja_clmn_nm_22\">2\u00a0-\u00a020<\/th><th scope=\"col\"  class=\"ninja_column_3 ninja_clmn_nm_2\">&gt;20<\/th><\/tr>\n<\/thead>\n<tbody>\n\n        <tr data-row_id=\"290\" class=\"ninja_table_row_0 nt_row_id_290\">\n            <td>Plazo de ejecuci\u00f3n (d\u00edas)<\/td><td>7<\/td><td>15<\/td><td>Ser negociado<\/td>        <\/tr>\n    <\/tbody><!--ninja_tobody_rendering_done-->\n    <\/table>\n    \n    \n    \n<\/div>\n<\/p>\n<h3>imagen de embalaje<\/h3>\n<p><img fetchpriority=\"high\" decoding=\"async\" class=\"size-full wp-image-3521\" src=\"https:\/\/bglbike.com\/wp-content\/uploads\/2023\/04\/111-4.png\" alt=\"imagen de embalaje\" width=\"600\" height=\"600\" srcset=\"https:\/\/bglbike.com\/wp-content\/uploads\/2023\/04\/111-4.png 600w, https:\/\/bglbike.com\/wp-content\/uploads\/2023\/04\/111-4-300x300.png 300w, https:\/\/bglbike.com\/wp-content\/uploads\/2023\/04\/111-4-150x150.png 150w, https:\/\/bglbike.com\/wp-content\/uploads\/2023\/04\/111-4-12x12.png 12w, https:\/\/bglbike.com\/wp-content\/uploads\/2023\/04\/111-4-200x200.png 200w, https:\/\/bglbike.com\/wp-content\/uploads\/2023\/04\/111-4-100x100.png 100w\" sizes=\"(max-width: 600px) 100vw, 600px\" \/><\/p>\n<h3>Capacidad de suministro<\/h3>\n<p>20000 piezas\/piezas por mes<\/p>\n<h3>Imagen de detalle<\/h3>\n<p><img decoding=\"async\" class=\"size-full wp-image-3629\" src=\"https:\/\/bglbike.com\/wp-content\/uploads\/2023\/03\/333-19-e1681265535302.png\" alt=\"Im\u00e1genes detalladas\" width=\"600\" height=\"576\" srcset=\"https:\/\/bglbike.com\/wp-content\/uploads\/2023\/03\/333-19-e1681265535302.png 600w, https:\/\/bglbike.com\/wp-content\/uploads\/2023\/03\/333-19-e1681265535302-300x288.png 300w, https:\/\/bglbike.com\/wp-content\/uploads\/2023\/03\/333-19-e1681265535302-13x12.png 13w, https:\/\/bglbike.com\/wp-content\/uploads\/2023\/03\/333-19-e1681265535302-208x200.png 208w\" sizes=\"(max-width: 600px) 100vw, 600px\" \/><\/p>\n<h3>Bicicleta plegable el\u00e9ctrica liviana EFB06 con bater\u00eda de iones de litio de Samsung<\/h3>\n<p>&nbsp;<\/p>\n<p><strong>P1.\u00bfCu\u00e1les son las caracter\u00edsticas de la bicicleta el\u00e9ctrica plegable liviana EFB06 con bater\u00eda de iones de litio de Samsung?<\/strong><br \/>\nLa bicicleta el\u00e9ctrica plegable liviana EFB06 con bater\u00eda de iones de litio de Samsung es una bicicleta el\u00e9ctrica \u00fanica y de alto rendimiento que combina la comodidad de un cuadro plegable con componentes l\u00edderes en la industria y tecnolog\u00eda avanzada.<br \/>\nTiene un motor de CC sin escobillas de 250 W de potencia, una bater\u00eda de litio de 48 V 20 Ah para recorridos de largo alcance, transmisi\u00f3n Shimano Tourney de 7 velocidades para un pedaleo suave, frenos de disco mec\u00e1nicos para una potencia de frenado eficiente y un dise\u00f1o plegable patentado que se puede plegar r\u00e1pidamente en solo 3 pasos.<\/p>\n<p><strong>P2:\u00bfLa bicicleta el\u00e9ctrica plegable liviana EFB06 con bater\u00eda de iones de litio de Samsung requiere ensamblaje?<\/strong><br \/>\nNo se requiere ensamblaje; todas las piezas vienen preensambladas en una caja.<\/p>\n<p><strong>P3:\u00bfQu\u00e9 caracter\u00edsticas de seguridad tiene la bicicleta el\u00e9ctrica plegable liviana EFB06 con bater\u00eda de iones de litio de Samsung?<\/strong><br \/>\nIncluye una pantalla LCD delantera y trasera brillante para visibilidad nocturna, paredes laterales reflectantes para una mejor visibilidad de otros veh\u00edculos en condiciones de poca luz y una clasificaci\u00f3n de resistencia a la intemperie IPX6 para que no se vea afectado por la lluvia o la nieve.<\/p>","protected":false},"excerpt":{"rendered":"<p><strong>Bicicleta plegable el\u00e9ctrica ligera EFB06 con bater\u00eda de iones de litio Samsung<\/strong> es elegante y con estilo y est\u00e1 dise\u00f1ado pensando en la comodidad. El marco liviano se pliega r\u00e1pidamente, lo que facilita su transporte diario o incluso un viaje largo. Disfrute recorriendo la ciudad o dando paseos panor\u00e1micos por el campo con su potente motor el\u00e9ctrico de bajo consumo. Esta bicicleta est\u00e1 fabricada con materiales de alta calidad y cuenta con un potente motor que facilita su manejo. Se pliega r\u00e1pida y f\u00e1cilmente, lo que lo hace perfecto para el transporte y el almacenamiento.<\/p>\n<p>&nbsp;<\/p>","protected":false},"featured_media":3923,"template":"","meta":{"site-sidebar-layout":"default","site-content-layout":"default","ast-site-content-layout":"default","site-content-style":"default","site-sidebar-style":"default","ast-global-header-display":"","ast-banner-title-visibility":"","ast-main-header-display":"","ast-hfb-above-header-display":"","ast-hfb-below-header-display":"","ast-hfb-mobile-header-display":"","site-post-title":"","ast-breadcrumbs-content":"","ast-featured-img":"","footer-sml-layout":"","ast-disable-related-posts":"","theme-transparent-header-meta":"default","adv-header-id-meta":"","stick-header-meta":"default","header-above-stick-meta":"","header-main-stick-meta":"","header-below-stick-meta":"","astra-migrate-meta-layouts":"default","ast-page-background-enabled":"default","ast-page-background-meta":{"desktop":{"background-color":"var(--ast-global-color-4)","background-image":"","background-repeat":"repeat","background-position":"center center","background-size":"auto","background-attachment":"scroll","background-type":"","background-media":"","overlay-type":"","overlay-color":"","overlay-opacity":"","overlay-gradient":""},"tablet":{"background-color":"","background-image":"","background-repeat":"repeat","background-position":"center center","background-size":"auto","background-attachment":"scroll","background-type":"","background-media":"","overlay-type":"","overlay-color":"","overlay-opacity":"","overlay-gradient":""},"mobile":{"background-color":"","background-image":"","background-repeat":"repeat","background-position":"center center","background-size":"auto","background-attachment":"scroll","background-type":"","background-media":"","overlay-type":"","overlay-color":"","overlay-opacity":"","overlay-gradient":""}},"ast-content-background-meta":{"desktop":{"background-color":"var(--ast-global-color-5)","background-image":"","background-repeat":"repeat","background-position":"center center","background-size":"auto","background-attachment":"scroll","background-type":"","background-media":"","overlay-type":"","overlay-color":"","overlay-opacity":"","overlay-gradient":""},"tablet":{"background-color":"var(--ast-global-color-5)","background-image":"","background-repeat":"repeat","background-position":"center center","background-size":"auto","background-attachment":"scroll","background-type":"","background-media":"","overlay-type":"","overlay-color":"","overlay-opacity":"","overlay-gradient":""},"mobile":{"background-color":"var(--ast-global-color-5)","background-image":"","background-repeat":"repeat","background-position":"center center","background-size":"auto","background-attachment":"scroll","background-type":"","background-media":"","overlay-type":"","overlay-color":"","overlay-opacity":"","overlay-gradient":""}}},"product_brand":[],"product_cat":[22],"product_tag":[],"class_list":{"0":"post-647","1":"product","2":"type-product","3":"status-publish","4":"has-post-thumbnail","6":"product_cat-electric-folding-bike","7":"desktop-align-left","8":"tablet-align-left","9":"mobile-align-left","10":"ast-product-gallery-layout-horizontal-slider","11":"ast-product-gallery-with-no-image","12":"ast-product-single-variable","13":"ast-product-tabs-layout-horizontal","15":"first","16":"instock","17":"shipping-taxable","18":"purchasable","19":"product-type-variable"},"yoast_head":"<!-- This site is optimized with the Yoast SEO Premium plugin v20.9 (Yoast SEO v27.3) - https:\/\/yoast.com\/product\/yoast-seo-premium-wordpress\/ -->\n<title>EFB06 Lightweight Electric Folding Bike with Samsung Lithium-Ion Battery - Bglbike<\/title>\n<meta name=\"description\" content=\"It&#039;s light, compact, and easy to carry, so you can take it wherever you go. Enjoy zipping around town or taking scenic countryside rides on this efficient and eco-friendly bike. .\" \/>\n<meta name=\"robots\" content=\"index, follow, max-snippet:-1, max-image-preview:large, max-video-preview:-1\" \/>\n<link rel=\"canonical\" href=\"https:\/\/bglbike.com\/es\/producto\/emb06\/\" \/>\n<meta property=\"og:locale\" content=\"es_ES\" \/>\n<meta property=\"og:type\" content=\"article\" \/>\n<meta property=\"og:title\" content=\"EFB06 Lightweight Electric Folding Bike with Samsung Lithium-Ion Battery\" \/>\n<meta property=\"og:description\" content=\"It&#039;s light, compact, and easy to carry, so you can take it wherever you go. Enjoy zipping around town or taking scenic countryside rides on this efficient and eco-friendly bike. .\" \/>\n<meta property=\"og:url\" content=\"https:\/\/bglbike.com\/es\/producto\/emb06\/\" \/>\n<meta property=\"og:site_name\" content=\"Bglbike\" \/>\n<meta property=\"article:modified_time\" content=\"2023-05-31T02:54:09+00:00\" \/>\n<meta property=\"og:image\" content=\"https:\/\/bglbike.com\/wp-content\/uploads\/2023\/03\/1-33.png\" \/>\n\t<meta property=\"og:image:width\" content=\"600\" \/>\n\t<meta property=\"og:image:height\" content=\"600\" \/>\n\t<meta property=\"og:image:type\" content=\"image\/png\" \/>\n<meta name=\"twitter:card\" content=\"summary_large_image\" \/>\n<meta name=\"twitter:label1\" content=\"Tiempo de lectura\" \/>\n\t<meta name=\"twitter:data1\" content=\"2 minutos\" \/>\n<script type=\"application\/ld+json\" class=\"yoast-schema-graph\">{\"@context\":\"https:\\\/\\\/schema.org\",\"@graph\":[{\"@type\":\"WebPage\",\"@id\":\"https:\\\/\\\/bglbike.com\\\/product\\\/efb06\\\/\",\"url\":\"https:\\\/\\\/bglbike.com\\\/product\\\/efb06\\\/\",\"name\":\"EFB06 Lightweight Electric Folding Bike with Samsung Lithium-Ion Battery - Bglbike\",\"isPartOf\":{\"@id\":\"https:\\\/\\\/bglbike.com\\\/#website\"},\"primaryImageOfPage\":{\"@id\":\"https:\\\/\\\/bglbike.com\\\/product\\\/efb06\\\/#primaryimage\"},\"image\":{\"@id\":\"https:\\\/\\\/bglbike.com\\\/product\\\/efb06\\\/#primaryimage\"},\"thumbnailUrl\":\"https:\\\/\\\/bglbike.com\\\/wp-content\\\/uploads\\\/2023\\\/03\\\/1-33.png\",\"datePublished\":\"2023-03-30T09:23:12+00:00\",\"dateModified\":\"2023-05-31T02:54:09+00:00\",\"description\":\"It's light, compact, and easy to carry, so you can take it wherever you go. Enjoy zipping around town or taking scenic countryside rides on this efficient and eco-friendly bike. .\",\"breadcrumb\":{\"@id\":\"https:\\\/\\\/bglbike.com\\\/product\\\/efb06\\\/#breadcrumb\"},\"inLanguage\":\"es\",\"potentialAction\":[{\"@type\":\"ReadAction\",\"target\":[\"https:\\\/\\\/bglbike.com\\\/product\\\/efb06\\\/\"]}]},{\"@type\":\"ImageObject\",\"inLanguage\":\"es\",\"@id\":\"https:\\\/\\\/bglbike.com\\\/product\\\/efb06\\\/#primaryimage\",\"url\":\"https:\\\/\\\/bglbike.com\\\/wp-content\\\/uploads\\\/2023\\\/03\\\/1-33.png\",\"contentUrl\":\"https:\\\/\\\/bglbike.com\\\/wp-content\\\/uploads\\\/2023\\\/03\\\/1-33.png\",\"width\":600,\"height\":600,\"caption\":\"EFB06\"},{\"@type\":\"BreadcrumbList\",\"@id\":\"https:\\\/\\\/bglbike.com\\\/product\\\/efb06\\\/#breadcrumb\",\"itemListElement\":[{\"@type\":\"ListItem\",\"position\":1,\"name\":\"Home\",\"item\":\"https:\\\/\\\/bglbike.com\\\/\"},{\"@type\":\"ListItem\",\"position\":2,\"name\":\"Wholesale Electric Bike\",\"item\":\"https:\\\/\\\/bglbike.com\\\/wholesale-electric-bike\\\/\"},{\"@type\":\"ListItem\",\"position\":3,\"name\":\"EFB06 Lightweight Electric Folding Bike with Samsung Lithium-Ion Battery\"}]},{\"@type\":\"WebSite\",\"@id\":\"https:\\\/\\\/bglbike.com\\\/#website\",\"url\":\"https:\\\/\\\/bglbike.com\\\/\",\"name\":\"Bglbike\",\"description\":\"Top  Ebike manufacturer in China\",\"publisher\":{\"@id\":\"https:\\\/\\\/bglbike.com\\\/#organization\"},\"potentialAction\":[{\"@type\":\"SearchAction\",\"target\":{\"@type\":\"EntryPoint\",\"urlTemplate\":\"https:\\\/\\\/bglbike.com\\\/?s={search_term_string}\"},\"query-input\":{\"@type\":\"PropertyValueSpecification\",\"valueRequired\":true,\"valueName\":\"search_term_string\"}}],\"inLanguage\":\"es\"},{\"@type\":\"Organization\",\"@id\":\"https:\\\/\\\/bglbike.com\\\/#organization\",\"name\":\"Bglbike\",\"url\":\"https:\\\/\\\/bglbike.com\\\/\",\"logo\":{\"@type\":\"ImageObject\",\"inLanguage\":\"es\",\"@id\":\"https:\\\/\\\/bglbike.com\\\/#\\\/schema\\\/logo\\\/image\\\/\",\"url\":\"https:\\\/\\\/bglbike.com\\\/wp-content\\\/uploads\\\/2023\\\/04\\\/cropped-LOGO.png\",\"contentUrl\":\"https:\\\/\\\/bglbike.com\\\/wp-content\\\/uploads\\\/2023\\\/04\\\/cropped-LOGO.png\",\"width\":426,\"height\":141,\"caption\":\"Bglbike\"},\"image\":{\"@id\":\"https:\\\/\\\/bglbike.com\\\/#\\\/schema\\\/logo\\\/image\\\/\"}}]}<\/script>\n<!-- \/ Yoast SEO Premium plugin. -->","yoast_head_json":{"title":"EFB06 Lightweight Electric Folding Bike with Samsung Lithium-Ion Battery - Bglbike","description":"It's light, compact, and easy to carry, so you can take it wherever you go. Enjoy zipping around town or taking scenic countryside rides on this efficient and eco-friendly bike. .","robots":{"index":"index","follow":"follow","max-snippet":"max-snippet:-1","max-image-preview":"max-image-preview:large","max-video-preview":"max-video-preview:-1"},"canonical":"https:\/\/bglbike.com\/es\/producto\/emb06\/","og_locale":"es_ES","og_type":"article","og_title":"EFB06 Lightweight Electric Folding Bike with Samsung Lithium-Ion Battery","og_description":"It's light, compact, and easy to carry, so you can take it wherever you go. Enjoy zipping around town or taking scenic countryside rides on this efficient and eco-friendly bike. .","og_url":"https:\/\/bglbike.com\/es\/producto\/emb06\/","og_site_name":"Bglbike","article_modified_time":"2023-05-31T02:54:09+00:00","og_image":[{"width":600,"height":600,"url":"https:\/\/bglbike.com\/wp-content\/uploads\/2023\/03\/1-33.png","type":"image\/png"}],"twitter_card":"summary_large_image","twitter_misc":{"Tiempo de lectura":"2 minutos"},"schema":{"@context":"https:\/\/schema.org","@graph":[{"@type":"WebPage","@id":"https:\/\/bglbike.com\/product\/efb06\/","url":"https:\/\/bglbike.com\/product\/efb06\/","name":"EFB06 Lightweight Electric Folding Bike with Samsung Lithium-Ion Battery - Bglbike","isPartOf":{"@id":"https:\/\/bglbike.com\/#website"},"primaryImageOfPage":{"@id":"https:\/\/bglbike.com\/product\/efb06\/#primaryimage"},"image":{"@id":"https:\/\/bglbike.com\/product\/efb06\/#primaryimage"},"thumbnailUrl":"https:\/\/bglbike.com\/wp-content\/uploads\/2023\/03\/1-33.png","datePublished":"2023-03-30T09:23:12+00:00","dateModified":"2023-05-31T02:54:09+00:00","description":"It's light, compact, and easy to carry, so you can take it wherever you go. Enjoy zipping around town or taking scenic countryside rides on this efficient and eco-friendly bike. .","breadcrumb":{"@id":"https:\/\/bglbike.com\/product\/efb06\/#breadcrumb"},"inLanguage":"es","potentialAction":[{"@type":"ReadAction","target":["https:\/\/bglbike.com\/product\/efb06\/"]}]},{"@type":"ImageObject","inLanguage":"es","@id":"https:\/\/bglbike.com\/product\/efb06\/#primaryimage","url":"https:\/\/bglbike.com\/wp-content\/uploads\/2023\/03\/1-33.png","contentUrl":"https:\/\/bglbike.com\/wp-content\/uploads\/2023\/03\/1-33.png","width":600,"height":600,"caption":"EFB06"},{"@type":"BreadcrumbList","@id":"https:\/\/bglbike.com\/product\/efb06\/#breadcrumb","itemListElement":[{"@type":"ListItem","position":1,"name":"Home","item":"https:\/\/bglbike.com\/"},{"@type":"ListItem","position":2,"name":"Wholesale Electric Bike","item":"https:\/\/bglbike.com\/wholesale-electric-bike\/"},{"@type":"ListItem","position":3,"name":"EFB06 Lightweight Electric Folding Bike with Samsung Lithium-Ion Battery"}]},{"@type":"WebSite","@id":"https:\/\/bglbike.com\/#website","url":"https:\/\/bglbike.com\/","name":"Bglbike","description":"Top  Ebike manufacturer in China","publisher":{"@id":"https:\/\/bglbike.com\/#organization"},"potentialAction":[{"@type":"SearchAction","target":{"@type":"EntryPoint","urlTemplate":"https:\/\/bglbike.com\/?s={search_term_string}"},"query-input":{"@type":"PropertyValueSpecification","valueRequired":true,"valueName":"search_term_string"}}],"inLanguage":"es"},{"@type":"Organization","@id":"https:\/\/bglbike.com\/#organization","name":"Bglbike","url":"https:\/\/bglbike.com\/","logo":{"@type":"ImageObject","inLanguage":"es","@id":"https:\/\/bglbike.com\/#\/schema\/logo\/image\/","url":"https:\/\/bglbike.com\/wp-content\/uploads\/2023\/04\/cropped-LOGO.png","contentUrl":"https:\/\/bglbike.com\/wp-content\/uploads\/2023\/04\/cropped-LOGO.png","width":426,"height":141,"caption":"Bglbike"},"image":{"@id":"https:\/\/bglbike.com\/#\/schema\/logo\/image\/"}}]}},"_links":{"self":[{"href":"https:\/\/bglbike.com\/es\/wp-json\/wp\/v2\/product\/647","targetHints":{"allow":["GET"]}}],"collection":[{"href":"https:\/\/bglbike.com\/es\/wp-json\/wp\/v2\/product"}],"about":[{"href":"https:\/\/bglbike.com\/es\/wp-json\/wp\/v2\/types\/product"}],"wp:featuredmedia":[{"embeddable":true,"href":"https:\/\/bglbike.com\/es\/wp-json\/wp\/v2\/media\/3923"}],"wp:attachment":[{"href":"https:\/\/bglbike.com\/es\/wp-json\/wp\/v2\/media?parent=647"}],"wp:term":[{"taxonomy":"product_brand","embeddable":true,"href":"https:\/\/bglbike.com\/es\/wp-json\/wp\/v2\/product_brand?post=647"},{"taxonomy":"product_cat","embeddable":true,"href":"https:\/\/bglbike.com\/es\/wp-json\/wp\/v2\/product_cat?post=647"},{"taxonomy":"product_tag","embeddable":true,"href":"https:\/\/bglbike.com\/es\/wp-json\/wp\/v2\/product_tag?post=647"}],"curies":[{"name":"wp","href":"https:\/\/api.w.org\/{rel}","templated":true}]}}