{"id":635,"date":"2023-03-30T07:41:53","date_gmt":"2023-03-30T07:41:53","guid":{"rendered":"https:\/\/bglbike.com\/?post_type=product&#038;p=635"},"modified":"2023-05-31T02:55:04","modified_gmt":"2023-05-31T02:55:04","slug":"electric-city-bike-ebb05","status":"publish","type":"product","link":"https:\/\/bglbike.com\/es\/producto\/bici-urbana-electrica-ebb05\/","title":{"rendered":"EBB05 Bicicleta de ciudad el\u00e9ctrica Marco de aluminio ligero 250W Motor de cubo sin escobillas, 36V 10AH"},"content":{"rendered":"<h3>Caracter\u00edsticas de la bicicleta urbana el\u00e9ctrica EBB05<\/h3>\n<p>\u2022 Marco de aluminio ligero para una f\u00e1cil maniobrabilidad<br \/>\n\u2022 Potente motor de cubo sin escobillas de 250 W para una aceleraci\u00f3n excepcional<br \/>\n\u2022 Bater\u00eda recargable de 36V 10AH que permite una velocidad m\u00e1xima de 32 km\/h y una autonom\u00eda de 40 km<br \/>\n\u2022 Pantalla LCD que proporciona informaci\u00f3n sobre la velocidad, la distancia y la duraci\u00f3n de la bater\u00eda<\/p>\n<h3>Especificaciones<\/h3>\n<div id=\"footable_parent_638\"\n         class=\"footable_parent ninja_table_wrapper loading_ninja_table wp_table_data_press_parent semantic_ui\">\n                <table data-ninja_table_instance=\"ninja_table_instance_0\" data-footable_id=\"638\" data-filter-delay=\"1000\" aria-label=\"EBB05.csv\"            id=\"footable_638\"\n           data-unique_identifier=\"ninja_table_unique_id_3602031757_638\"\n           class=\"foo-table ninja_footable foo_table_638 ninja_table_unique_id_3602031757_638 ui table  nt_type_legacy_table selectable striped vertical_centered  footable-paging-right ninja_table_pro\">\n                <colgroup>\n                            <col class=\"ninja_column_0\">\n                            <col class=\"ninja_column_1\">\n                    <\/colgroup>\n        <thead>\n<tr class=\"footable-header\">\n                                        <th scope=\"col\"  class=\"ninja_column_0 ninja_clmn_nm_1frame661aluminumalloy\">1. Marco: aleaci\u00f3n de aluminio 6061<\/th><th scope=\"col\"  class=\"ninja_column_1 ninja_clmn_nm_8chargetime46h\">8. Tiempo de carga: 4-6h<\/th><\/tr>\n<\/thead>\n<tbody>\n\n        <tr data-row_id=\"257\" class=\"ninja_table_row_0 nt_row_id_257\">\n            <td>2. Motor: motor de cubo sin escobillas de 250 W<\/td><td>9. Capacidad de ascenso:<10\u00b0<\/td>        <\/tr>\n            <tr data-row_id=\"258\" class=\"ninja_table_row_1 nt_row_id_258\">\n            <td>3. Bater\u00eda: bater\u00eda de iones de litio de 36V 10AH<\/td><td>10. Horquilla: Aluminio r\u00edgido\/Suspensi\u00f3n b\u00e1sica<\/td>        <\/tr>\n            <tr data-row_id=\"259\" class=\"ninja_table_row_2 nt_row_id_259\">\n            <td>4. Controlador: controlador inteligente<\/td><td>11. Pantalla: Pantalla LED\/Pantalla LCD<\/td>        <\/tr>\n            <tr data-row_id=\"260\" class=\"ninja_table_row_3 nt_row_id_260\">\n            <td>5. Sistema de sensores: sensor PAS 1:1<\/td><td>12 Velocidad m\u00e1xima: 25 km\/h, 32 km\/h<\/td>        <\/tr>\n            <tr data-row_id=\"261\" class=\"ninja_table_row_4 nt_row_id_261\">\n            <td>6. Engranajes de velocidad: engranajes Shimano de 7 velocidades<\/td><td>13. Tama\u00f1o del cart\u00f3n: 132x27x68cm<\/td>        <\/tr>\n            <tr data-row_id=\"262\" class=\"ninja_table_row_5 nt_row_id_262\">\n            <td>7. Freno: freno en V\/freno de disco<\/td><td>14. Cantidad de contenedores: 120 piezas\/20 pies 240 piezas\/40 pies 280 piezas\/40HQ<\/td>        <\/tr>\n    <\/tbody><!--ninja_tobody_rendering_done-->\n    <\/table>\n    \n    \n    \n<\/div>\n\n<h3>Empaquetado y entrega<\/h3>\n<p>Detalles de empaquetado: Tama\u00f1o del cart\u00f3n: 132x27x68cm<br \/>\nFCL: 120 piezas\/20 pies 240 piezas\/40 pies 280 piezas\/40HQ<br \/>\nPuerto: Ningb\u00f3<br \/>\nPlazo de ejecuci\u00f3n: 30-45 d\u00edas despu\u00e9s de confirmado el pago<\/p>\n<h3>Nuestras ventajas<\/h3>\n<p><img fetchpriority=\"high\" decoding=\"async\" class=\"size-full wp-image-3564\" src=\"https:\/\/bglbike.com\/wp-content\/uploads\/2023\/04\/1111-e1681265334807.webp\" alt=\"Nuestras ventajas\" width=\"600\" height=\"400\" srcset=\"https:\/\/bglbike.com\/wp-content\/uploads\/2023\/04\/1111-e1681265334807.webp 600w, https:\/\/bglbike.com\/wp-content\/uploads\/2023\/04\/1111-e1681265334807-300x200.webp 300w, https:\/\/bglbike.com\/wp-content\/uploads\/2023\/04\/1111-e1681265334807-18x12.webp 18w, https:\/\/bglbike.com\/wp-content\/uploads\/2023\/04\/1111-e1681265334807-250x167.webp 250w\" sizes=\"(max-width: 600px) 100vw, 600px\" \/><\/p>\n<h3>Capacidad de suministro<\/h3>\n<p>3000 pieza\/piezas por mes bicicleta el\u00e9ctrica<\/p>\n<h3><b>Nuestro servicio<\/b><\/h3>\n<p>1. Orden de muestra<\/p>\n<p>2. Responderemos a su consulta en 24 horas.<\/p>\n<p>Fabricante profesional de bicicletas el\u00e9ctricas de 3,20 a\u00f1os:<br \/>\nBicicletas plegables, Bicicletas el\u00e9ctricas, EMB, Patinetes el\u00e9ctricos, Patinetes compartidos, etc.<\/p>\n<p>4. Nuestro departamento de dise\u00f1o est\u00e1 listo para crear bicicletas y scooters el\u00e9ctricos personalizados seg\u00fan sus necesidades y presupuesto espec\u00edficos.<\/p>\n<p>5. Cuando nos solicite productos, los rastrearemos cada dos d\u00edas hasta que lleguen a usted. Una vez que los reciba, aseg\u00farese de probarlos e inspeccionarlos minuciosamente. No dude en ponerse en contacto con nosotros si surge alg\u00fan problema: le proporcionaremos soluciones r\u00e1pidas y eficientes. \u00a1Disfrute de la tranquilidad de saber que su compra est\u00e1 en buenas manos con nosotros!<\/p>","protected":false},"excerpt":{"rendered":"<p>\u00bfBusca una forma elegante y eficiente de desplazarse por la ciudad? Introduciendo el <strong>Bicicleta el\u00e9ctrica de ciudad EBB05<\/strong>, que cuenta con un cuadro de aluminio liviano, un potente motor de cubo sin escobillas de 250 W y una bater\u00eda de 36 V y 10 AH para una experiencia de conducci\u00f3n inmejorable. Perfecta para la vida en la ciudad, esta bicicleta est\u00e1 dise\u00f1ada para hacer que los desplazamientos urbanos sean m\u00e1s f\u00e1ciles y agradables. Su estructura liviana facilita las maniobras en el tr\u00e1fico y el motor el\u00e9ctrico brinda impulso cuando m\u00e1s lo necesita. Ya sea que viajes diariamente o simplemente busques explorar la ciudad, la bicicleta urbana el\u00e9ctrica EBB05 es la elecci\u00f3n perfecta para un paseo suave y sin esfuerzo.<\/p>","protected":false},"featured_media":3935,"template":"","meta":{"site-sidebar-layout":"default","site-content-layout":"default","ast-site-content-layout":"default","site-content-style":"default","site-sidebar-style":"default","ast-global-header-display":"","ast-banner-title-visibility":"","ast-main-header-display":"","ast-hfb-above-header-display":"","ast-hfb-below-header-display":"","ast-hfb-mobile-header-display":"","site-post-title":"","ast-breadcrumbs-content":"","ast-featured-img":"","footer-sml-layout":"","ast-disable-related-posts":"","theme-transparent-header-meta":"default","adv-header-id-meta":"","stick-header-meta":"default","header-above-stick-meta":"","header-main-stick-meta":"","header-below-stick-meta":"","astra-migrate-meta-layouts":"default","ast-page-background-enabled":"default","ast-page-background-meta":{"desktop":{"background-color":"var(--ast-global-color-4)","background-image":"","background-repeat":"repeat","background-position":"center center","background-size":"auto","background-attachment":"scroll","background-type":"","background-media":"","overlay-type":"","overlay-color":"","overlay-opacity":"","overlay-gradient":""},"tablet":{"background-color":"","background-image":"","background-repeat":"repeat","background-position":"center center","background-size":"auto","background-attachment":"scroll","background-type":"","background-media":"","overlay-type":"","overlay-color":"","overlay-opacity":"","overlay-gradient":""},"mobile":{"background-color":"","background-image":"","background-repeat":"repeat","background-position":"center center","background-size":"auto","background-attachment":"scroll","background-type":"","background-media":"","overlay-type":"","overlay-color":"","overlay-opacity":"","overlay-gradient":""}},"ast-content-background-meta":{"desktop":{"background-color":"var(--ast-global-color-5)","background-image":"","background-repeat":"repeat","background-position":"center center","background-size":"auto","background-attachment":"scroll","background-type":"","background-media":"","overlay-type":"","overlay-color":"","overlay-opacity":"","overlay-gradient":""},"tablet":{"background-color":"var(--ast-global-color-5)","background-image":"","background-repeat":"repeat","background-position":"center center","background-size":"auto","background-attachment":"scroll","background-type":"","background-media":"","overlay-type":"","overlay-color":"","overlay-opacity":"","overlay-gradient":""},"mobile":{"background-color":"var(--ast-global-color-5)","background-image":"","background-repeat":"repeat","background-position":"center center","background-size":"auto","background-attachment":"scroll","background-type":"","background-media":"","overlay-type":"","overlay-color":"","overlay-opacity":"","overlay-gradient":""}}},"product_brand":[],"product_cat":[21],"product_tag":[],"class_list":{"0":"post-635","1":"product","2":"type-product","3":"status-publish","4":"has-post-thumbnail","6":"product_cat-electric-city-bike","7":"desktop-align-left","8":"tablet-align-left","9":"mobile-align-left","10":"ast-product-gallery-layout-horizontal-slider","11":"ast-product-gallery-with-no-image","12":"ast-product-single-variable","13":"ast-product-tabs-layout-horizontal","15":"first","16":"instock","17":"shipping-taxable","18":"purchasable","19":"product-type-variable"},"yoast_head":"<!-- This site is optimized with the Yoast SEO Premium plugin v20.9 (Yoast SEO v27.3) - https:\/\/yoast.com\/product\/yoast-seo-premium-wordpress\/ -->\n<title>EBB05 Electric City Bike Lightweight Aluminum Frame 250W Brushless Hub Motor, 36V 10AH - Bglbike<\/title>\n<meta name=\"description\" content=\"Ake on the urban landscape in style with the EBB05 Electric City Bike. This powerful bike uses a premium motor to tackle long distances and tight spaces.\" \/>\n<meta name=\"robots\" content=\"index, follow, max-snippet:-1, max-image-preview:large, max-video-preview:-1\" \/>\n<link rel=\"canonical\" href=\"https:\/\/bglbike.com\/es\/producto\/bici-urbana-electrica-ebb05\/\" \/>\n<meta property=\"og:locale\" content=\"es_ES\" \/>\n<meta property=\"og:type\" content=\"article\" \/>\n<meta property=\"og:title\" content=\"EBB05 Electric City Bike Lightweight Aluminum Frame 250W Brushless Hub Motor, 36V 10AH\" \/>\n<meta property=\"og:description\" content=\"Ake on the urban landscape in style with the EBB05 Electric City Bike. This powerful bike uses a premium motor to tackle long distances and tight spaces.\" \/>\n<meta property=\"og:url\" content=\"https:\/\/bglbike.com\/es\/producto\/bici-urbana-electrica-ebb05\/\" \/>\n<meta property=\"og:site_name\" content=\"Bglbike\" \/>\n<meta property=\"article:modified_time\" content=\"2023-05-31T02:55:04+00:00\" \/>\n<meta property=\"og:image\" content=\"https:\/\/bglbike.com\/wp-content\/uploads\/2023\/03\/1-41.png\" \/>\n\t<meta property=\"og:image:width\" content=\"600\" \/>\n\t<meta property=\"og:image:height\" content=\"600\" \/>\n\t<meta property=\"og:image:type\" content=\"image\/png\" \/>\n<meta name=\"twitter:card\" content=\"summary_large_image\" \/>\n<meta name=\"twitter:label1\" content=\"Tiempo de lectura\" \/>\n\t<meta name=\"twitter:data1\" content=\"2 minutos\" \/>\n<script type=\"application\/ld+json\" class=\"yoast-schema-graph\">{\"@context\":\"https:\\\/\\\/schema.org\",\"@graph\":[{\"@type\":\"WebPage\",\"@id\":\"https:\\\/\\\/bglbike.com\\\/product\\\/electric-city-bike-ebb05\\\/\",\"url\":\"https:\\\/\\\/bglbike.com\\\/product\\\/electric-city-bike-ebb05\\\/\",\"name\":\"EBB05 Electric City Bike Lightweight Aluminum Frame 250W Brushless Hub Motor, 36V 10AH - Bglbike\",\"isPartOf\":{\"@id\":\"https:\\\/\\\/bglbike.com\\\/#website\"},\"primaryImageOfPage\":{\"@id\":\"https:\\\/\\\/bglbike.com\\\/product\\\/electric-city-bike-ebb05\\\/#primaryimage\"},\"image\":{\"@id\":\"https:\\\/\\\/bglbike.com\\\/product\\\/electric-city-bike-ebb05\\\/#primaryimage\"},\"thumbnailUrl\":\"https:\\\/\\\/bglbike.com\\\/wp-content\\\/uploads\\\/2023\\\/03\\\/1-41.png\",\"datePublished\":\"2023-03-30T07:41:53+00:00\",\"dateModified\":\"2023-05-31T02:55:04+00:00\",\"description\":\"Ake on the urban landscape in style with the EBB05 Electric City Bike. This powerful bike uses a premium motor to tackle long distances and tight spaces.\",\"breadcrumb\":{\"@id\":\"https:\\\/\\\/bglbike.com\\\/product\\\/electric-city-bike-ebb05\\\/#breadcrumb\"},\"inLanguage\":\"es\",\"potentialAction\":[{\"@type\":\"ReadAction\",\"target\":[\"https:\\\/\\\/bglbike.com\\\/product\\\/electric-city-bike-ebb05\\\/\"]}]},{\"@type\":\"ImageObject\",\"inLanguage\":\"es\",\"@id\":\"https:\\\/\\\/bglbike.com\\\/product\\\/electric-city-bike-ebb05\\\/#primaryimage\",\"url\":\"https:\\\/\\\/bglbike.com\\\/wp-content\\\/uploads\\\/2023\\\/03\\\/1-41.png\",\"contentUrl\":\"https:\\\/\\\/bglbike.com\\\/wp-content\\\/uploads\\\/2023\\\/03\\\/1-41.png\",\"width\":600,\"height\":600,\"caption\":\"EBB05\"},{\"@type\":\"BreadcrumbList\",\"@id\":\"https:\\\/\\\/bglbike.com\\\/product\\\/electric-city-bike-ebb05\\\/#breadcrumb\",\"itemListElement\":[{\"@type\":\"ListItem\",\"position\":1,\"name\":\"Home\",\"item\":\"https:\\\/\\\/bglbike.com\\\/\"},{\"@type\":\"ListItem\",\"position\":2,\"name\":\"Wholesale Electric Bike\",\"item\":\"https:\\\/\\\/bglbike.com\\\/wholesale-electric-bike\\\/\"},{\"@type\":\"ListItem\",\"position\":3,\"name\":\"EBB05 Electric City Bike Lightweight Aluminum Frame 250W Brushless Hub Motor, 36V 10AH\"}]},{\"@type\":\"WebSite\",\"@id\":\"https:\\\/\\\/bglbike.com\\\/#website\",\"url\":\"https:\\\/\\\/bglbike.com\\\/\",\"name\":\"Bglbike\",\"description\":\"Top  Ebike manufacturer in China\",\"publisher\":{\"@id\":\"https:\\\/\\\/bglbike.com\\\/#organization\"},\"potentialAction\":[{\"@type\":\"SearchAction\",\"target\":{\"@type\":\"EntryPoint\",\"urlTemplate\":\"https:\\\/\\\/bglbike.com\\\/?s={search_term_string}\"},\"query-input\":{\"@type\":\"PropertyValueSpecification\",\"valueRequired\":true,\"valueName\":\"search_term_string\"}}],\"inLanguage\":\"es\"},{\"@type\":\"Organization\",\"@id\":\"https:\\\/\\\/bglbike.com\\\/#organization\",\"name\":\"Bglbike\",\"url\":\"https:\\\/\\\/bglbike.com\\\/\",\"logo\":{\"@type\":\"ImageObject\",\"inLanguage\":\"es\",\"@id\":\"https:\\\/\\\/bglbike.com\\\/#\\\/schema\\\/logo\\\/image\\\/\",\"url\":\"https:\\\/\\\/bglbike.com\\\/wp-content\\\/uploads\\\/2023\\\/04\\\/cropped-LOGO.png\",\"contentUrl\":\"https:\\\/\\\/bglbike.com\\\/wp-content\\\/uploads\\\/2023\\\/04\\\/cropped-LOGO.png\",\"width\":426,\"height\":141,\"caption\":\"Bglbike\"},\"image\":{\"@id\":\"https:\\\/\\\/bglbike.com\\\/#\\\/schema\\\/logo\\\/image\\\/\"}}]}<\/script>\n<!-- \/ Yoast SEO Premium plugin. -->","yoast_head_json":{"title":"EBB05 Electric City Bike Lightweight Aluminum Frame 250W Brushless Hub Motor, 36V 10AH - Bglbike","description":"Ake on the urban landscape in style with the EBB05 Electric City Bike. This powerful bike uses a premium motor to tackle long distances and tight spaces.","robots":{"index":"index","follow":"follow","max-snippet":"max-snippet:-1","max-image-preview":"max-image-preview:large","max-video-preview":"max-video-preview:-1"},"canonical":"https:\/\/bglbike.com\/es\/producto\/bici-urbana-electrica-ebb05\/","og_locale":"es_ES","og_type":"article","og_title":"EBB05 Electric City Bike Lightweight Aluminum Frame 250W Brushless Hub Motor, 36V 10AH","og_description":"Ake on the urban landscape in style with the EBB05 Electric City Bike. This powerful bike uses a premium motor to tackle long distances and tight spaces.","og_url":"https:\/\/bglbike.com\/es\/producto\/bici-urbana-electrica-ebb05\/","og_site_name":"Bglbike","article_modified_time":"2023-05-31T02:55:04+00:00","og_image":[{"width":600,"height":600,"url":"https:\/\/bglbike.com\/wp-content\/uploads\/2023\/03\/1-41.png","type":"image\/png"}],"twitter_card":"summary_large_image","twitter_misc":{"Tiempo de lectura":"2 minutos"},"schema":{"@context":"https:\/\/schema.org","@graph":[{"@type":"WebPage","@id":"https:\/\/bglbike.com\/product\/electric-city-bike-ebb05\/","url":"https:\/\/bglbike.com\/product\/electric-city-bike-ebb05\/","name":"EBB05 Electric City Bike Lightweight Aluminum Frame 250W Brushless Hub Motor, 36V 10AH - Bglbike","isPartOf":{"@id":"https:\/\/bglbike.com\/#website"},"primaryImageOfPage":{"@id":"https:\/\/bglbike.com\/product\/electric-city-bike-ebb05\/#primaryimage"},"image":{"@id":"https:\/\/bglbike.com\/product\/electric-city-bike-ebb05\/#primaryimage"},"thumbnailUrl":"https:\/\/bglbike.com\/wp-content\/uploads\/2023\/03\/1-41.png","datePublished":"2023-03-30T07:41:53+00:00","dateModified":"2023-05-31T02:55:04+00:00","description":"Ake on the urban landscape in style with the EBB05 Electric City Bike. This powerful bike uses a premium motor to tackle long distances and tight spaces.","breadcrumb":{"@id":"https:\/\/bglbike.com\/product\/electric-city-bike-ebb05\/#breadcrumb"},"inLanguage":"es","potentialAction":[{"@type":"ReadAction","target":["https:\/\/bglbike.com\/product\/electric-city-bike-ebb05\/"]}]},{"@type":"ImageObject","inLanguage":"es","@id":"https:\/\/bglbike.com\/product\/electric-city-bike-ebb05\/#primaryimage","url":"https:\/\/bglbike.com\/wp-content\/uploads\/2023\/03\/1-41.png","contentUrl":"https:\/\/bglbike.com\/wp-content\/uploads\/2023\/03\/1-41.png","width":600,"height":600,"caption":"EBB05"},{"@type":"BreadcrumbList","@id":"https:\/\/bglbike.com\/product\/electric-city-bike-ebb05\/#breadcrumb","itemListElement":[{"@type":"ListItem","position":1,"name":"Home","item":"https:\/\/bglbike.com\/"},{"@type":"ListItem","position":2,"name":"Wholesale Electric Bike","item":"https:\/\/bglbike.com\/wholesale-electric-bike\/"},{"@type":"ListItem","position":3,"name":"EBB05 Electric City Bike Lightweight Aluminum Frame 250W Brushless Hub Motor, 36V 10AH"}]},{"@type":"WebSite","@id":"https:\/\/bglbike.com\/#website","url":"https:\/\/bglbike.com\/","name":"Bglbike","description":"Top  Ebike manufacturer in China","publisher":{"@id":"https:\/\/bglbike.com\/#organization"},"potentialAction":[{"@type":"SearchAction","target":{"@type":"EntryPoint","urlTemplate":"https:\/\/bglbike.com\/?s={search_term_string}"},"query-input":{"@type":"PropertyValueSpecification","valueRequired":true,"valueName":"search_term_string"}}],"inLanguage":"es"},{"@type":"Organization","@id":"https:\/\/bglbike.com\/#organization","name":"Bglbike","url":"https:\/\/bglbike.com\/","logo":{"@type":"ImageObject","inLanguage":"es","@id":"https:\/\/bglbike.com\/#\/schema\/logo\/image\/","url":"https:\/\/bglbike.com\/wp-content\/uploads\/2023\/04\/cropped-LOGO.png","contentUrl":"https:\/\/bglbike.com\/wp-content\/uploads\/2023\/04\/cropped-LOGO.png","width":426,"height":141,"caption":"Bglbike"},"image":{"@id":"https:\/\/bglbike.com\/#\/schema\/logo\/image\/"}}]}},"_links":{"self":[{"href":"https:\/\/bglbike.com\/es\/wp-json\/wp\/v2\/product\/635","targetHints":{"allow":["GET"]}}],"collection":[{"href":"https:\/\/bglbike.com\/es\/wp-json\/wp\/v2\/product"}],"about":[{"href":"https:\/\/bglbike.com\/es\/wp-json\/wp\/v2\/types\/product"}],"wp:featuredmedia":[{"embeddable":true,"href":"https:\/\/bglbike.com\/es\/wp-json\/wp\/v2\/media\/3935"}],"wp:attachment":[{"href":"https:\/\/bglbike.com\/es\/wp-json\/wp\/v2\/media?parent=635"}],"wp:term":[{"taxonomy":"product_brand","embeddable":true,"href":"https:\/\/bglbike.com\/es\/wp-json\/wp\/v2\/product_brand?post=635"},{"taxonomy":"product_cat","embeddable":true,"href":"https:\/\/bglbike.com\/es\/wp-json\/wp\/v2\/product_cat?post=635"},{"taxonomy":"product_tag","embeddable":true,"href":"https:\/\/bglbike.com\/es\/wp-json\/wp\/v2\/product_tag?post=635"}],"curies":[{"name":"wp","href":"https:\/\/api.w.org\/{rel}","templated":true}]}}