{"id":622,"date":"2023-03-30T06:45:43","date_gmt":"2023-03-30T06:45:43","guid":{"rendered":"https:\/\/bglbike.com\/?post_type=product&#038;p=622"},"modified":"2023-05-31T02:55:42","modified_gmt":"2023-05-31T02:55:42","slug":"ebb04","status":"publish","type":"product","link":"https:\/\/bglbike.com\/es\/producto\/reflujo04\/","title":{"rendered":"Marco de aluminio ligero de la bici el\u00e9ctrica de la ciudad EBB04, motor 48V350W con la exhibici\u00f3n del LCD"},"content":{"rendered":"<h3>Especificaci\u00f3n<\/h3>\n<div id=\"footable_parent_628\"\n         class=\"footable_parent ninja_table_wrapper loading_ninja_table wp_table_data_press_parent semantic_ui\">\n                <table data-ninja_table_instance=\"ninja_table_instance_0\" data-footable_id=\"628\" data-filter-delay=\"1000\" aria-label=\"EBB04.csv\"            id=\"footable_628\"\n           data-unique_identifier=\"ninja_table_unique_id_1606532386_628\"\n           class=\"foo-table ninja_footable foo_table_628 ninja_table_unique_id_1606532386_628 ui table  nt_type_legacy_table selectable striped vertical_centered  footable-paging-right ninja_table_pro\">\n                <colgroup>\n                            <col class=\"ninja_column_0\">\n                            <col class=\"ninja_column_1\">\n                    <\/colgroup>\n        <thead>\n<tr class=\"footable-header\">\n                                        <th scope=\"col\"  class=\"ninja_column_0 ninja_clmn_nm_motor\">Motor<\/th><th scope=\"col\"  class=\"ninja_column_1 ninja_clmn_nm_48v35wbangfangmotorrearmountedbrushlesshub\">Motor Bangfang 48V350W, buje sin escobillas montado en la parte trasera<\/th><\/tr>\n<\/thead>\n<tbody>\n\n        <tr data-row_id=\"225\" class=\"ninja_table_row_0 nt_row_id_225\">\n            <td>Bater\u00eda<\/td><td>48V17.5AH (LG3500mAh) de iones de litio<\/td>        <\/tr>\n            <tr data-row_id=\"226\" class=\"ninja_table_row_1 nt_row_id_226\">\n            <td>Tiempo de carga<\/td><td>4-6 horas<\/td>        <\/tr>\n            <tr data-row_id=\"227\" class=\"ninja_table_row_2 nt_row_id_227\">\n            <td>Cargador<\/td><td>2A CE\/UL<\/td>        <\/tr>\n            <tr data-row_id=\"228\" class=\"ninja_table_row_3 nt_row_id_228\">\n            <td>Controlador<\/td><td>Controlador integrado 48V350W<\/td>        <\/tr>\n            <tr data-row_id=\"229\" class=\"ninja_table_row_4 nt_row_id_229\">\n            <td>Rango estimado<\/td><td>25 millas -35 millas<\/td>        <\/tr>\n            <tr data-row_id=\"230\" class=\"ninja_table_row_5 nt_row_id_230\">\n            <td>Mostrar<\/td><td>Pantalla LCD C961<\/td>        <\/tr>\n            <tr data-row_id=\"231\" class=\"ninja_table_row_6 nt_row_id_231\">\n            <td>Modo conductor<\/td><td>Asistente de pedal con sensor de cadencia, acelerador de pulgar (disco con sensor de 12 imanes)<\/td>        <\/tr>\n            <tr data-row_id=\"232\" class=\"ninja_table_row_7 nt_row_id_232\">\n            <td>Velocidad m\u00e1xima<\/td><td>Am\u00e9rica del Norte: 20 mph (32 kph) o sin l\u00edmite<\/td>        <\/tr>\n            <tr data-row_id=\"233\" class=\"ninja_table_row_8 nt_row_id_233\">\n            <td>Peso total<\/td><td>57 libras (26 kg)<\/td>        <\/tr>\n            <tr data-row_id=\"234\" class=\"ninja_table_row_9 nt_row_id_234\">\n            <td>Marco<\/td><td>26&quot;, aleaci\u00f3n de aluminio 6061<\/td>        <\/tr>\n            <tr data-row_id=\"235\" class=\"ninja_table_row_10 nt_row_id_235\">\n            <td>Tenedor<\/td><td>R\u00edgido, Aleaci\u00f3n de Aluminio<\/td>        <\/tr>\n            <tr data-row_id=\"236\" class=\"ninja_table_row_11 nt_row_id_236\">\n            <td>Engranaje<\/td><td>7 velocidades 1x7, Shimano Tourney TX<\/td>        <\/tr>\n            <tr data-row_id=\"237\" class=\"ninja_table_row_12 nt_row_id_237\">\n            <td>Cambio<\/td><td>Shimano de 7 velocidades<\/td>        <\/tr>\n            <tr data-row_id=\"238\" class=\"ninja_table_row_13 nt_row_id_238\">\n            <td>Bielas<\/td><td>Plato de 44 dientes, 170 mm<\/td>        <\/tr>\n            <tr data-row_id=\"239\" class=\"ninja_table_row_14 nt_row_id_239\">\n            <td>pedales<\/td><td>Aleaci\u00f3n de aluminio<\/td>        <\/tr>\n            <tr data-row_id=\"240\" class=\"ninja_table_row_15 nt_row_id_240\">\n            <td>Auriculares<\/td><td>rodamiento sellado<\/td>        <\/tr>\n            <tr data-row_id=\"241\" class=\"ninja_table_row_16 nt_row_id_241\">\n            <td>Provenir<\/td><td>Aleaci\u00f3n de aluminio<\/td>        <\/tr>\n            <tr data-row_id=\"242\" class=\"ninja_table_row_17 nt_row_id_242\">\n            <td>Manillar<\/td><td>Aleaci\u00f3n de aluminio<\/td>        <\/tr>\n            <tr data-row_id=\"243\" class=\"ninja_table_row_18 nt_row_id_243\">\n            <td>Freno<\/td><td>Disco Tektro con rotores de 160 mm<\/td>        <\/tr>\n            <tr data-row_id=\"244\" class=\"ninja_table_row_19 nt_row_id_244\">\n            <td>Palancas<\/td><td>Palancas Tektro e Inhibidor de Motor<\/td>        <\/tr>\n            <tr data-row_id=\"245\" class=\"ninja_table_row_20 nt_row_id_245\">\n            <td>Pu\u00f1os<\/td><td>pu\u00f1os de goma velo<\/td>        <\/tr>\n            <tr data-row_id=\"246\" class=\"ninja_table_row_21 nt_row_id_246\">\n            <td>Sill\u00edn<\/td><td>Versi\u00f3n Velo Sports<\/td>        <\/tr>\n            <tr data-row_id=\"247\" class=\"ninja_table_row_22 nt_row_id_247\">\n            <td>Tija de sill\u00edn<\/td><td>Aleaci\u00f3n de aluminio<\/td>        <\/tr>\n            <tr data-row_id=\"248\" class=\"ninja_table_row_23 nt_row_id_248\">\n            <td>Borde<\/td><td>Aleaci\u00f3n de aluminio<\/td>        <\/tr>\n            <tr data-row_id=\"249\" class=\"ninja_table_row_24 nt_row_id_249\">\n            <td>radios<\/td><td>Acero inoxidable, 36H<\/td>        <\/tr>\n            <tr data-row_id=\"250\" class=\"ninja_table_row_25 nt_row_id_250\">\n            <td>Neum\u00e1tico<\/td><td>Kenda, 26&quot; x 4.0&quot;<\/td>        <\/tr>\n            <tr data-row_id=\"251\" class=\"ninja_table_row_26 nt_row_id_251\">\n            <td>pata de cabra<\/td><td>Aleaci\u00f3n de aluminio<\/td>        <\/tr>\n            <tr data-row_id=\"252\" class=\"ninja_table_row_27 nt_row_id_252\">\n            <td>Faro<\/td><td>LED, alimentado por bater\u00eda de bicicleta<\/td>        <\/tr>\n            <tr data-row_id=\"253\" class=\"ninja_table_row_28 nt_row_id_253\">\n            <td>Luz de la cola<\/td><td>en tija de sill\u00edn, con bater\u00eda seca<\/td>        <\/tr>\n            <tr data-row_id=\"254\" class=\"ninja_table_row_29 nt_row_id_254\">\n            <td>Tama\u00f1o de embalaje<\/td><td>162x32x93cm<\/td>        <\/tr>\n    <\/tbody><!--ninja_tobody_rendering_done-->\n    <\/table>\n    \n    \n    \n<\/div>\n\n<h3>Empaquetado y entrega<\/h3>\n<p>Detalles de empaquetado: espuma con cajas de cart\u00f3n.<br \/>\nPuerto: Ning Bo o Shangh\u00e1i<\/p>\n<p>Tiempo de espera: <div id=\"footable_parent_630\"\n         class=\"footable_parent ninja_table_wrapper loading_ninja_table wp_table_data_press_parent semantic_ui\">\n                <table data-ninja_table_instance=\"ninja_table_instance_1\" data-footable_id=\"630\" data-filter-delay=\"1000\" aria-label=\"EBB.csv\"            id=\"footable_630\"\n           data-unique_identifier=\"ninja_table_unique_id_4010683412_630\"\n           class=\"foo-table ninja_footable foo_table_630 ninja_table_unique_id_4010683412_630 ui table  nt_type_legacy_table selectable striped vertical_centered  footable-paging-right ninja_table_pro\">\n                <colgroup>\n                            <col class=\"ninja_column_0\">\n                            <col class=\"ninja_column_1\">\n                            <col class=\"ninja_column_2\">\n                            <col class=\"ninja_column_3\">\n                    <\/colgroup>\n        <thead>\n<tr class=\"footable-header\">\n                                                                        <th scope=\"col\"  class=\"ninja_column_0 ninja_clmn_nm_quantitypieces\">Cantidad (piezas)<\/th><th scope=\"col\"  class=\"ninja_column_1 ninja_clmn_nm_11\">1\u00a0-\u00a01<\/th><th scope=\"col\"  class=\"ninja_column_2 ninja_clmn_nm_22\">2\u00a0-\u00a020<\/th><th scope=\"col\"  class=\"ninja_column_3 ninja_clmn_nm_2\">&gt;20<\/th><\/tr>\n<\/thead>\n<tbody>\n\n        <tr data-row_id=\"256\" class=\"ninja_table_row_0 nt_row_id_256\">\n            <td>Plazo de ejecuci\u00f3n (d\u00edas)<\/td><td>7<\/td><td>15<\/td><td>Ser negociado<\/td>        <\/tr>\n    <\/tbody><!--ninja_tobody_rendering_done-->\n    <\/table>\n    \n    \n    \n<\/div>\n<\/p>\n<h3>imagen de embalaje<\/h3>\n<p><img fetchpriority=\"high\" decoding=\"async\" class=\"size-full wp-image-3658\" src=\"https:\/\/bglbike.com\/wp-content\/uploads\/2023\/03\/EBB05-1.png\" alt=\"imagen de embalaje\" width=\"600\" height=\"600\" srcset=\"https:\/\/bglbike.com\/wp-content\/uploads\/2023\/03\/EBB05-1.png 600w, https:\/\/bglbike.com\/wp-content\/uploads\/2023\/03\/EBB05-1-300x300.png 300w, https:\/\/bglbike.com\/wp-content\/uploads\/2023\/03\/EBB05-1-150x150.png 150w, https:\/\/bglbike.com\/wp-content\/uploads\/2023\/03\/EBB05-1-12x12.png 12w, https:\/\/bglbike.com\/wp-content\/uploads\/2023\/03\/EBB05-1-200x200.png 200w, https:\/\/bglbike.com\/wp-content\/uploads\/2023\/03\/EBB05-1-100x100.png 100w\" sizes=\"(max-width: 600px) 100vw, 600px\" \/><\/p>\n<h3>Imagen de detalle<\/h3>\n<p><img decoding=\"async\" class=\"size-full wp-image-3662\" src=\"https:\/\/bglbike.com\/wp-content\/uploads\/2023\/03\/EBB04-6-e1681266788531.png\" alt=\"Im\u00e1genes detalladas\" width=\"600\" height=\"576\" srcset=\"https:\/\/bglbike.com\/wp-content\/uploads\/2023\/03\/EBB04-6-e1681266788531.png 600w, https:\/\/bglbike.com\/wp-content\/uploads\/2023\/03\/EBB04-6-e1681266788531-300x288.png 300w, https:\/\/bglbike.com\/wp-content\/uploads\/2023\/03\/EBB04-6-e1681266788531-13x12.png 13w, https:\/\/bglbike.com\/wp-content\/uploads\/2023\/03\/EBB04-6-e1681266788531-208x200.png 208w\" sizes=\"(max-width: 600px) 100vw, 600px\" \/><\/p>\n<h3>Preguntas frecuentes sobre el marco de aluminio ligero de la bicicleta el\u00e9ctrica urbana EBB04, motor 48V350W con pantalla LCD<\/h3>\n<p><strong>P1: \u00bfQu\u00e9 es una bicicleta el\u00e9ctrica de ciudad EBB04?<\/strong><strong>?<\/strong><br \/>\nEs un tipo de bicicleta que utiliza asistencia a bater\u00eda para permitir que los ciclistas alcancen velocidades m\u00e1s altas cuando andan en bicicleta. Estas bicicletas tienen un motor, un controlador y un sistema de bater\u00eda construidos para que puedas pedalear con potencia adicional. Muchas bicicletas urbanas el\u00e9ctricas est\u00e1n equipadas con caracter\u00edsticas adicionales.<\/p>\n<p><strong>P2:\u00bfCu\u00e1les son los beneficios de andar en bicicleta el\u00e9ctrica urbana EBB04?<\/strong><br \/>\nAndar en bicicleta el\u00e9ctrica de ciudad ofrece numerosas ventajas frente al uso de bicicletas tradicionales. En primer lugar, las eBikes facilitan recorrer distancias m\u00e1s largas con mayor rapidez, gracias a la asistencia motorizada que ofrece el sistema de bater\u00eda de la bicicleta. Adem\u00e1s, muchas bicicletas urbanas el\u00e9ctricas vienen con velocidades ajustables, por lo que puede elegir el nivel de asistencia que mejor se adapte a su viaje actual.<\/p>\n<p><strong>P3:\u00bfCu\u00e1nto cuesta una bicicleta urbana el\u00e9ctrica EBB04?<\/strong><br \/>\nEl precio de una Bicicleta El\u00e9ctrica Urbana EBB04 puede variar seg\u00fan el modelo y la marca. En t\u00e9rminos generales, los materiales y componentes de mayor calidad tienden a costar m\u00e1s que los de menor calidad, por lo que es importante tener esto en cuenta en su presupuesto cuando compre una bicicleta el\u00e9ctrica.<\/p>\n<p><strong>P4:\u00bfC\u00f3mo realizo el mantenimiento de mi bicicleta el\u00e9ctrica urbana EBB04?<\/strong><br \/>\nEl mantenimiento de su bicicleta urbana el\u00e9ctrica EBB04 requiere mantenimiento y cuidado regulares, incluida la inspecci\u00f3n de todas las piezas m\u00f3viles, como frenos, cadenas y engranajes; asegurarse de que todas las bater\u00edas se carguen regularmente; revisar los neum\u00e1ticos para ver si est\u00e1n desgastados o rotos; lubricar todas las partes m\u00f3viles; ajustar la altura del asiento si es necesario; sustituci\u00f3n de cables si es necesario, etc\u00e9tera. Adem\u00e1s, se recomienda consultar los manuales de usuario para obtener instrucciones de mantenimiento espec\u00edficas relacionadas espec\u00edficamente con el modelo que posee.<\/p>","protected":false},"excerpt":{"rendered":"<p>El <strong>Marco de aluminio ligero de la bici el\u00e9ctrica de la ciudad EBB04, motor 48V350W con la exhibici\u00f3n del LCD<\/strong> es perfecto para empresas que buscan comprar bicicletas el\u00e9ctricas al por mayor. Esta bicicleta est\u00e1 fabricada con materiales de alta calidad y presenta un dise\u00f1o duradero que puede soportar las demandas del uso diario. Tambi\u00e9n ofrece una gama de opciones personalizables para que puedas crear la bicicleta perfecta para tus necesidades. Es f\u00e1cil de operar y tiene un alcance de entre 40 y 50 millas con una sola carga. La EBB04 es la elecci\u00f3n perfecta para las empresas que buscan vender al por mayor bicicletas urbanas el\u00e9ctricas al por mayor.<\/p>","protected":false},"featured_media":3895,"template":"","meta":{"site-sidebar-layout":"default","site-content-layout":"default","ast-site-content-layout":"default","site-content-style":"default","site-sidebar-style":"default","ast-global-header-display":"","ast-banner-title-visibility":"","ast-main-header-display":"","ast-hfb-above-header-display":"","ast-hfb-below-header-display":"","ast-hfb-mobile-header-display":"","site-post-title":"","ast-breadcrumbs-content":"","ast-featured-img":"","footer-sml-layout":"","ast-disable-related-posts":"","theme-transparent-header-meta":"default","adv-header-id-meta":"","stick-header-meta":"default","header-above-stick-meta":"","header-main-stick-meta":"","header-below-stick-meta":"","astra-migrate-meta-layouts":"default","ast-page-background-enabled":"default","ast-page-background-meta":{"desktop":{"background-color":"var(--ast-global-color-4)","background-image":"","background-repeat":"repeat","background-position":"center center","background-size":"auto","background-attachment":"scroll","background-type":"","background-media":"","overlay-type":"","overlay-color":"","overlay-opacity":"","overlay-gradient":""},"tablet":{"background-color":"","background-image":"","background-repeat":"repeat","background-position":"center center","background-size":"auto","background-attachment":"scroll","background-type":"","background-media":"","overlay-type":"","overlay-color":"","overlay-opacity":"","overlay-gradient":""},"mobile":{"background-color":"","background-image":"","background-repeat":"repeat","background-position":"center center","background-size":"auto","background-attachment":"scroll","background-type":"","background-media":"","overlay-type":"","overlay-color":"","overlay-opacity":"","overlay-gradient":""}},"ast-content-background-meta":{"desktop":{"background-color":"var(--ast-global-color-5)","background-image":"","background-repeat":"repeat","background-position":"center center","background-size":"auto","background-attachment":"scroll","background-type":"","background-media":"","overlay-type":"","overlay-color":"","overlay-opacity":"","overlay-gradient":""},"tablet":{"background-color":"var(--ast-global-color-5)","background-image":"","background-repeat":"repeat","background-position":"center center","background-size":"auto","background-attachment":"scroll","background-type":"","background-media":"","overlay-type":"","overlay-color":"","overlay-opacity":"","overlay-gradient":""},"mobile":{"background-color":"var(--ast-global-color-5)","background-image":"","background-repeat":"repeat","background-position":"center center","background-size":"auto","background-attachment":"scroll","background-type":"","background-media":"","overlay-type":"","overlay-color":"","overlay-opacity":"","overlay-gradient":""}}},"product_brand":[],"product_cat":[21],"product_tag":[],"class_list":{"0":"post-622","1":"product","2":"type-product","3":"status-publish","4":"has-post-thumbnail","6":"product_cat-electric-city-bike","7":"desktop-align-left","8":"tablet-align-left","9":"mobile-align-left","10":"ast-product-gallery-layout-horizontal-slider","11":"ast-product-single-variable","12":"ast-product-tabs-layout-horizontal","14":"first","15":"instock","16":"shipping-taxable","17":"purchasable","18":"product-type-variable"},"yoast_head":"<!-- This site is optimized with the Yoast SEO Premium plugin v20.9 (Yoast SEO v27.3) - https:\/\/yoast.com\/product\/yoast-seo-premium-wordpress\/ -->\n<title>EBB04 Electric City Bike Lightweight Aluminum Frame, 48V350W Motor with LCD Display - Bglbike<\/title>\n<meta name=\"description\" content=\"Get ready to take on the city streets with the EBB04 Electric City Bike Lightweight Aluminum Frame, 48V350W Motor with LCD Display.\" \/>\n<meta name=\"robots\" content=\"index, follow, max-snippet:-1, max-image-preview:large, max-video-preview:-1\" \/>\n<link rel=\"canonical\" href=\"https:\/\/bglbike.com\/es\/producto\/reflujo04\/\" \/>\n<meta property=\"og:locale\" content=\"es_ES\" \/>\n<meta property=\"og:type\" content=\"article\" \/>\n<meta property=\"og:title\" content=\"EBB04 Electric City Bike Lightweight Aluminum Frame, 48V350W Motor with LCD Display\" \/>\n<meta property=\"og:description\" content=\"Get ready to take on the city streets with the EBB04 Electric City Bike Lightweight Aluminum Frame, 48V350W Motor with LCD Display.\" \/>\n<meta property=\"og:url\" content=\"https:\/\/bglbike.com\/es\/producto\/reflujo04\/\" \/>\n<meta property=\"og:site_name\" content=\"Bglbike\" \/>\n<meta property=\"article:modified_time\" content=\"2023-05-31T02:55:42+00:00\" \/>\n<meta property=\"og:image\" content=\"https:\/\/bglbike.com\/wp-content\/uploads\/2023\/03\/1-25.png\" \/>\n\t<meta property=\"og:image:width\" content=\"600\" \/>\n\t<meta property=\"og:image:height\" content=\"600\" \/>\n\t<meta property=\"og:image:type\" content=\"image\/png\" \/>\n<meta name=\"twitter:card\" content=\"summary_large_image\" \/>\n<meta name=\"twitter:label1\" content=\"Tiempo de lectura\" \/>\n\t<meta name=\"twitter:data1\" content=\"2 minutos\" \/>\n<script type=\"application\/ld+json\" class=\"yoast-schema-graph\">{\"@context\":\"https:\\\/\\\/schema.org\",\"@graph\":[{\"@type\":\"WebPage\",\"@id\":\"https:\\\/\\\/bglbike.com\\\/product\\\/ebb04\\\/\",\"url\":\"https:\\\/\\\/bglbike.com\\\/product\\\/ebb04\\\/\",\"name\":\"EBB04 Electric City Bike Lightweight Aluminum Frame, 48V350W Motor with LCD Display - Bglbike\",\"isPartOf\":{\"@id\":\"https:\\\/\\\/bglbike.com\\\/#website\"},\"primaryImageOfPage\":{\"@id\":\"https:\\\/\\\/bglbike.com\\\/product\\\/ebb04\\\/#primaryimage\"},\"image\":{\"@id\":\"https:\\\/\\\/bglbike.com\\\/product\\\/ebb04\\\/#primaryimage\"},\"thumbnailUrl\":\"https:\\\/\\\/bglbike.com\\\/wp-content\\\/uploads\\\/2023\\\/03\\\/1-25.png\",\"datePublished\":\"2023-03-30T06:45:43+00:00\",\"dateModified\":\"2023-05-31T02:55:42+00:00\",\"description\":\"Get ready to take on the city streets with the EBB04 Electric City Bike Lightweight Aluminum Frame, 48V350W Motor with LCD Display.\",\"breadcrumb\":{\"@id\":\"https:\\\/\\\/bglbike.com\\\/product\\\/ebb04\\\/#breadcrumb\"},\"inLanguage\":\"es\",\"potentialAction\":[{\"@type\":\"ReadAction\",\"target\":[\"https:\\\/\\\/bglbike.com\\\/product\\\/ebb04\\\/\"]}]},{\"@type\":\"ImageObject\",\"inLanguage\":\"es\",\"@id\":\"https:\\\/\\\/bglbike.com\\\/product\\\/ebb04\\\/#primaryimage\",\"url\":\"https:\\\/\\\/bglbike.com\\\/wp-content\\\/uploads\\\/2023\\\/03\\\/1-25.png\",\"contentUrl\":\"https:\\\/\\\/bglbike.com\\\/wp-content\\\/uploads\\\/2023\\\/03\\\/1-25.png\",\"width\":600,\"height\":600,\"caption\":\"EBB04\"},{\"@type\":\"BreadcrumbList\",\"@id\":\"https:\\\/\\\/bglbike.com\\\/product\\\/ebb04\\\/#breadcrumb\",\"itemListElement\":[{\"@type\":\"ListItem\",\"position\":1,\"name\":\"Home\",\"item\":\"https:\\\/\\\/bglbike.com\\\/\"},{\"@type\":\"ListItem\",\"position\":2,\"name\":\"Wholesale Electric Bike\",\"item\":\"https:\\\/\\\/bglbike.com\\\/wholesale-electric-bike\\\/\"},{\"@type\":\"ListItem\",\"position\":3,\"name\":\"EBB04 Electric City Bike Lightweight Aluminum Frame, 48V350W Motor with LCD Display\"}]},{\"@type\":\"WebSite\",\"@id\":\"https:\\\/\\\/bglbike.com\\\/#website\",\"url\":\"https:\\\/\\\/bglbike.com\\\/\",\"name\":\"Bglbike\",\"description\":\"Top  Ebike manufacturer in China\",\"publisher\":{\"@id\":\"https:\\\/\\\/bglbike.com\\\/#organization\"},\"potentialAction\":[{\"@type\":\"SearchAction\",\"target\":{\"@type\":\"EntryPoint\",\"urlTemplate\":\"https:\\\/\\\/bglbike.com\\\/?s={search_term_string}\"},\"query-input\":{\"@type\":\"PropertyValueSpecification\",\"valueRequired\":true,\"valueName\":\"search_term_string\"}}],\"inLanguage\":\"es\"},{\"@type\":\"Organization\",\"@id\":\"https:\\\/\\\/bglbike.com\\\/#organization\",\"name\":\"Bglbike\",\"url\":\"https:\\\/\\\/bglbike.com\\\/\",\"logo\":{\"@type\":\"ImageObject\",\"inLanguage\":\"es\",\"@id\":\"https:\\\/\\\/bglbike.com\\\/#\\\/schema\\\/logo\\\/image\\\/\",\"url\":\"https:\\\/\\\/bglbike.com\\\/wp-content\\\/uploads\\\/2023\\\/04\\\/cropped-LOGO.png\",\"contentUrl\":\"https:\\\/\\\/bglbike.com\\\/wp-content\\\/uploads\\\/2023\\\/04\\\/cropped-LOGO.png\",\"width\":426,\"height\":141,\"caption\":\"Bglbike\"},\"image\":{\"@id\":\"https:\\\/\\\/bglbike.com\\\/#\\\/schema\\\/logo\\\/image\\\/\"}}]}<\/script>\n<!-- \/ Yoast SEO Premium plugin. -->","yoast_head_json":{"title":"EBB04 Electric City Bike Lightweight Aluminum Frame, 48V350W Motor with LCD Display - Bglbike","description":"Get ready to take on the city streets with the EBB04 Electric City Bike Lightweight Aluminum Frame, 48V350W Motor with LCD Display.","robots":{"index":"index","follow":"follow","max-snippet":"max-snippet:-1","max-image-preview":"max-image-preview:large","max-video-preview":"max-video-preview:-1"},"canonical":"https:\/\/bglbike.com\/es\/producto\/reflujo04\/","og_locale":"es_ES","og_type":"article","og_title":"EBB04 Electric City Bike Lightweight Aluminum Frame, 48V350W Motor with LCD Display","og_description":"Get ready to take on the city streets with the EBB04 Electric City Bike Lightweight Aluminum Frame, 48V350W Motor with LCD Display.","og_url":"https:\/\/bglbike.com\/es\/producto\/reflujo04\/","og_site_name":"Bglbike","article_modified_time":"2023-05-31T02:55:42+00:00","og_image":[{"width":600,"height":600,"url":"https:\/\/bglbike.com\/wp-content\/uploads\/2023\/03\/1-25.png","type":"image\/png"}],"twitter_card":"summary_large_image","twitter_misc":{"Tiempo de lectura":"2 minutos"},"schema":{"@context":"https:\/\/schema.org","@graph":[{"@type":"WebPage","@id":"https:\/\/bglbike.com\/product\/ebb04\/","url":"https:\/\/bglbike.com\/product\/ebb04\/","name":"EBB04 Electric City Bike Lightweight Aluminum Frame, 48V350W Motor with LCD Display - Bglbike","isPartOf":{"@id":"https:\/\/bglbike.com\/#website"},"primaryImageOfPage":{"@id":"https:\/\/bglbike.com\/product\/ebb04\/#primaryimage"},"image":{"@id":"https:\/\/bglbike.com\/product\/ebb04\/#primaryimage"},"thumbnailUrl":"https:\/\/bglbike.com\/wp-content\/uploads\/2023\/03\/1-25.png","datePublished":"2023-03-30T06:45:43+00:00","dateModified":"2023-05-31T02:55:42+00:00","description":"Get ready to take on the city streets with the EBB04 Electric City Bike Lightweight Aluminum Frame, 48V350W Motor with LCD Display.","breadcrumb":{"@id":"https:\/\/bglbike.com\/product\/ebb04\/#breadcrumb"},"inLanguage":"es","potentialAction":[{"@type":"ReadAction","target":["https:\/\/bglbike.com\/product\/ebb04\/"]}]},{"@type":"ImageObject","inLanguage":"es","@id":"https:\/\/bglbike.com\/product\/ebb04\/#primaryimage","url":"https:\/\/bglbike.com\/wp-content\/uploads\/2023\/03\/1-25.png","contentUrl":"https:\/\/bglbike.com\/wp-content\/uploads\/2023\/03\/1-25.png","width":600,"height":600,"caption":"EBB04"},{"@type":"BreadcrumbList","@id":"https:\/\/bglbike.com\/product\/ebb04\/#breadcrumb","itemListElement":[{"@type":"ListItem","position":1,"name":"Home","item":"https:\/\/bglbike.com\/"},{"@type":"ListItem","position":2,"name":"Wholesale Electric Bike","item":"https:\/\/bglbike.com\/wholesale-electric-bike\/"},{"@type":"ListItem","position":3,"name":"EBB04 Electric City Bike Lightweight Aluminum Frame, 48V350W Motor with LCD Display"}]},{"@type":"WebSite","@id":"https:\/\/bglbike.com\/#website","url":"https:\/\/bglbike.com\/","name":"Bglbike","description":"Top  Ebike manufacturer in China","publisher":{"@id":"https:\/\/bglbike.com\/#organization"},"potentialAction":[{"@type":"SearchAction","target":{"@type":"EntryPoint","urlTemplate":"https:\/\/bglbike.com\/?s={search_term_string}"},"query-input":{"@type":"PropertyValueSpecification","valueRequired":true,"valueName":"search_term_string"}}],"inLanguage":"es"},{"@type":"Organization","@id":"https:\/\/bglbike.com\/#organization","name":"Bglbike","url":"https:\/\/bglbike.com\/","logo":{"@type":"ImageObject","inLanguage":"es","@id":"https:\/\/bglbike.com\/#\/schema\/logo\/image\/","url":"https:\/\/bglbike.com\/wp-content\/uploads\/2023\/04\/cropped-LOGO.png","contentUrl":"https:\/\/bglbike.com\/wp-content\/uploads\/2023\/04\/cropped-LOGO.png","width":426,"height":141,"caption":"Bglbike"},"image":{"@id":"https:\/\/bglbike.com\/#\/schema\/logo\/image\/"}}]}},"_links":{"self":[{"href":"https:\/\/bglbike.com\/es\/wp-json\/wp\/v2\/product\/622","targetHints":{"allow":["GET"]}}],"collection":[{"href":"https:\/\/bglbike.com\/es\/wp-json\/wp\/v2\/product"}],"about":[{"href":"https:\/\/bglbike.com\/es\/wp-json\/wp\/v2\/types\/product"}],"wp:featuredmedia":[{"embeddable":true,"href":"https:\/\/bglbike.com\/es\/wp-json\/wp\/v2\/media\/3895"}],"wp:attachment":[{"href":"https:\/\/bglbike.com\/es\/wp-json\/wp\/v2\/media?parent=622"}],"wp:term":[{"taxonomy":"product_brand","embeddable":true,"href":"https:\/\/bglbike.com\/es\/wp-json\/wp\/v2\/product_brand?post=622"},{"taxonomy":"product_cat","embeddable":true,"href":"https:\/\/bglbike.com\/es\/wp-json\/wp\/v2\/product_cat?post=622"},{"taxonomy":"product_tag","embeddable":true,"href":"https:\/\/bglbike.com\/es\/wp-json\/wp\/v2\/product_tag?post=622"}],"curies":[{"name":"wp","href":"https:\/\/api.w.org\/{rel}","templated":true}]}}