{"id":612,"date":"2023-03-30T05:27:35","date_gmt":"2023-03-30T05:27:35","guid":{"rendered":"https:\/\/bglbike.com\/?post_type=product&#038;p=612"},"modified":"2023-05-31T02:56:26","modified_gmt":"2023-05-31T02:56:26","slug":"ecb08","status":"publish","type":"product","link":"https:\/\/bglbike.com\/es\/producto\/ecb08\/","title":{"rendered":"ECB08 Bicicleta el\u00e9ctrica de ciudad 7 velocidades 48V Bater\u00eda de litio Alcance de 50 km"},"content":{"rendered":"<h3>Detalles esenciales<\/h3>\n<div id=\"footable_parent_617\"\n         class=\"footable_parent ninja_table_wrapper loading_ninja_table wp_table_data_press_parent semantic_ui\">\n                <table data-ninja_table_instance=\"ninja_table_instance_0\" data-footable_id=\"617\" data-filter-delay=\"1000\" aria-label=\"ECB08.csv\"            id=\"footable_617\"\n           data-unique_identifier=\"ninja_table_unique_id_3202320250_617\"\n           class=\"foo-table ninja_footable foo_table_617 ninja_table_unique_id_3202320250_617 ui table  nt_type_legacy_table selectable striped vertical_centered  footable-paging-right ninja_table_pro\">\n                <colgroup>\n                            <col class=\"ninja_column_0\">\n                            <col class=\"ninja_column_1\">\n                    <\/colgroup>\n        <thead>\n<tr class=\"footable-header\">\n                                        <th scope=\"col\"  class=\"ninja_column_0 ninja_clmn_nm_essentialdetails\">Detalles esenciales<\/th><th scope=\"col\"  class=\"ninja_column_1 ninja_clmn_nm_ninja_column_2\"><\/th><\/tr>\n<\/thead>\n<tbody>\n\n        <tr data-row_id=\"212\" class=\"ninja_table_row_0 nt_row_id_212\">\n            <td>Lugar de origen: Zhejiang, China<\/td><td>Nombre de la marca: BAOGL<\/td>        <\/tr>\n            <tr data-row_id=\"213\" class=\"ninja_table_row_1 nt_row_id_213\">\n            <td>N\u00famero de modelo: ECB08<\/td><td>Engranajes: 7 velocidades<\/td>        <\/tr>\n            <tr data-row_id=\"214\" class=\"ninja_table_row_2 nt_row_id_214\">\n            <td>Autonom\u00eda por Potencia: 31 - 60 km<\/td><td>Material del marco:Aleaci\u00f3n de aluminio<\/td>        <\/tr>\n            <tr data-row_id=\"215\" class=\"ninja_table_row_3 nt_row_id_215\">\n            <td>Tama\u00f1o de la rueda: 26&quot;<\/td><td>Velocidad m\u00e1xima: 30-50 km\/h<\/td>        <\/tr>\n            <tr data-row_id=\"216\" class=\"ninja_table_row_4 nt_row_id_216\">\n            <td>Voltaje: 48<\/td><td>Fuente de alimentaci\u00f3n: bater\u00eda de litio<\/td>        <\/tr>\n            <tr data-row_id=\"217\" class=\"ninja_table_row_5 nt_row_id_217\">\n            <td>Sistema de frenos: Freno de disco<\/td><td>Posici\u00f3n del motor: Motor de buje trasero<\/td>        <\/tr>\n            <tr data-row_id=\"218\" class=\"ninja_table_row_6 nt_row_id_218\">\n            <td>Posici\u00f3n de la bater\u00eda: Tubo inferior<\/td><td>Capacidad de la bater\u00eda: 10,5 AH<\/td>        <\/tr>\n            <tr data-row_id=\"219\" class=\"ninja_table_row_7 nt_row_id_219\">\n            <td>Tipo inteligente: Sensor<\/td><td>Rango: 40-50 km<\/td>        <\/tr>\n            <tr data-row_id=\"220\" class=\"ninja_table_row_8 nt_row_id_220\">\n            <td>Horquilla: Horquilla de suspensi\u00f3n<\/td><td>Modelo: ECB08<\/td>        <\/tr>\n            <tr data-row_id=\"221\" class=\"ninja_table_row_9 nt_row_id_221\">\n            <td>Freno (delantero\/trasero): frenos de disco\/freno de disco<\/td><td>Tiempo de carga: 4-6 horas<\/td>        <\/tr>\n            <tr data-row_id=\"222\" class=\"ninja_table_row_10 nt_row_id_222\">\n            <td>Engranajes de velocidad: engranajes de 7 velocidades<\/td><td>Neum\u00e1tico: 26 &quot;* 2,35<\/td>        <\/tr>\n            <tr data-row_id=\"223\" class=\"ninja_table_row_11 nt_row_id_223\">\n            <td>Color: blanco.azul.verde.negro.plata .....<\/td><td>Bater\u00eda: 48V10AH, bater\u00eda de litio<\/td>        <\/tr>\n    <\/tbody><!--ninja_tobody_rendering_done-->\n    <\/table>\n    \n    \n    \n<\/div>\n\n<h3>Empaquetado y entrega<\/h3>\n<p>Detalles de empaquetado: espuma + cart\u00f3n de exportaci\u00f3n<br \/>\nTama\u00f1o del cart\u00f3n: 147x25x78cm<br \/>\nFCL: 108 piezas\/20 pies; 216 piezas\/40 pies; 230 piezas\/40HQ<\/p>\n<p>Tiempo de espera: <div id=\"footable_parent_618\"\n         class=\"footable_parent ninja_table_wrapper loading_ninja_table wp_table_data_press_parent semantic_ui\">\n                <table data-ninja_table_instance=\"ninja_table_instance_1\" data-footable_id=\"618\" data-filter-delay=\"1000\" aria-label=\"PACK08.csv\"            id=\"footable_618\"\n           data-unique_identifier=\"ninja_table_unique_id_1721901601_618\"\n           class=\"foo-table ninja_footable foo_table_618 ninja_table_unique_id_1721901601_618 ui table  nt_type_legacy_table selectable striped vertical_centered  footable-paging-right ninja_table_pro\">\n                <colgroup>\n                            <col class=\"ninja_column_0\">\n                            <col class=\"ninja_column_1\">\n                            <col class=\"ninja_column_2\">\n                    <\/colgroup>\n        <thead>\n<tr class=\"footable-header\">\n                                                        <th scope=\"col\"  class=\"ninja_column_0 ninja_clmn_nm_quantitypieces\">Cantidad (piezas)<\/th><th scope=\"col\"  class=\"ninja_column_1 ninja_clmn_nm_11\">1\u00a0-10<\/th><th scope=\"col\"  class=\"ninja_column_2 ninja_clmn_nm_1\">&gt;10<\/th><\/tr>\n<\/thead>\n<tbody>\n\n        <tr data-row_id=\"224\" class=\"ninja_table_row_0 nt_row_id_224\">\n            <td>Plazo de ejecuci\u00f3n (d\u00edas)<\/td><td>45<\/td><td>Ser negociado<\/td>        <\/tr>\n    <\/tbody><!--ninja_tobody_rendering_done-->\n    <\/table>\n    \n    \n    \n<\/div>\n<\/p>\n<h3>Imagen del producto<\/h3>\n<p><img fetchpriority=\"high\" decoding=\"async\" class=\"size-full wp-image-619\" src=\"https:\/\/bglbike.com\/wp-content\/uploads\/2023\/03\/333-e1680153177108.png\" alt=\"ECB08\" width=\"625\" height=\"600\" srcset=\"https:\/\/bglbike.com\/wp-content\/uploads\/2023\/03\/333-e1680153177108.png 625w, https:\/\/bglbike.com\/wp-content\/uploads\/2023\/03\/333-e1680153177108-300x288.png 300w, https:\/\/bglbike.com\/wp-content\/uploads\/2023\/03\/333-e1680153177108-208x200.png 208w, https:\/\/bglbike.com\/wp-content\/uploads\/2023\/03\/333-e1680153177108-600x576.png 600w\" sizes=\"(max-width: 625px) 100vw, 625px\" \/><\/p>\n<h3>preguntas frecuentes<\/h3>\n<p><strong>P1:\u00bfQu\u00e9 es la bicicleta el\u00e9ctrica de ciudad ECB08 con bater\u00eda de litio de 7 velocidades y 48 V y autonom\u00eda de 50 km?<\/strong><br \/>\nLa bicicleta urbana el\u00e9ctrica ECB08 tiene un alcance impresionante de hasta 40-50 millas con una sola carga, seg\u00fan el terreno y el peso del ciclista. El motor puede alcanzar una velocidad m\u00e1xima de 30-50Km\/h.<\/p>\n<p><strong>P2:\u00bfQu\u00e9 tipo de bater\u00eda tiene la bicicleta el\u00e9ctrica urbana ECB08?<\/strong><br \/>\nLa bicicleta urbana el\u00e9ctrica ECB08 funciona con una bater\u00eda de litio de alta capacidad dise\u00f1ada espec\u00edficamente para bicicletas el\u00e9ctricas. La bater\u00eda es f\u00e1cilmente extra\u00edble y se puede recargar con el cargador en cualquier toma de corriente normal.<\/p>\n<p><strong>P3:\u00bfCu\u00e1nto tiempo se tarda en cargar una bicicleta el\u00e9ctrica urbana ECB08?<\/strong><br \/>\nSe tarda aproximadamente de 4 a 6 horas en recargar por completo una bater\u00eda agotada con el cargador incluido y el tomacorriente dom\u00e9stico est\u00e1ndar. Sin embargo, si tiene prisa, puede recargar parcialmente su bater\u00eda en solo 2 horas y a\u00fan obtener aproximadamente 25 millas de autonom\u00eda.<\/p>\n<p><strong>P4: \u00bfQu\u00e9 funciones se incluyen con la bicicleta el\u00e9ctrica urbana ECB08?<\/strong><br \/>\nLa bicicleta urbana el\u00e9ctrica ECB08 tiene caracter\u00edsticas como suspensi\u00f3n total, cambios de velocidad, altura del asiento y manillar ajustables, neum\u00e1ticos resistentes a los pinchazos y frenos de disco hidr\u00e1ulicos para una mayor seguridad en superficies mojadas o descensos r\u00e1pidos.<\/p>\n<p><strong>P5:\u00bfEs f\u00e1cil guardar una bicicleta urbana el\u00e9ctrica ECB08 cuando no est\u00e1 en uso?<\/strong><br \/>\nEl cuadro liviano facilita subir la bicicleta al piso de arriba oa espacios peque\u00f1os como ascensores o pasillos cuando sea necesario.<\/p>","protected":false},"excerpt":{"rendered":"<p>El <strong>ECB08 Bicicleta el\u00e9ctrica de ciudad 7 velocidades 48V Bater\u00eda de litio Alcance de 50 km<\/strong> es perfecto para empresas que buscan comprar bicicletas urbanas el\u00e9ctricas al por mayor. Esta bicicleta est\u00e1 fabricada con materiales de alta calidad y cuenta con un cuadro resistente. Tambi\u00e9n tiene un sistema inteligente de administraci\u00f3n de bater\u00eda que lo ayuda a aprovechar al m\u00e1ximo su bater\u00eda. Gracias a su robusta construcci\u00f3n, esta bicicleta se puede utilizar durante a\u00f1os sin problemas. Entonces, si est\u00e1 buscando una bicicleta urbana el\u00e9ctrica de alta calidad, la ECB08 deber\u00eda estar en la parte superior de su lista.<\/p>","protected":false},"featured_media":3937,"template":"","meta":{"site-sidebar-layout":"default","site-content-layout":"default","ast-site-content-layout":"default","site-content-style":"default","site-sidebar-style":"default","ast-global-header-display":"","ast-banner-title-visibility":"","ast-main-header-display":"","ast-hfb-above-header-display":"","ast-hfb-below-header-display":"","ast-hfb-mobile-header-display":"","site-post-title":"","ast-breadcrumbs-content":"","ast-featured-img":"","footer-sml-layout":"","ast-disable-related-posts":"","theme-transparent-header-meta":"default","adv-header-id-meta":"","stick-header-meta":"default","header-above-stick-meta":"","header-main-stick-meta":"","header-below-stick-meta":"","astra-migrate-meta-layouts":"default","ast-page-background-enabled":"default","ast-page-background-meta":{"desktop":{"background-color":"var(--ast-global-color-4)","background-image":"","background-repeat":"repeat","background-position":"center center","background-size":"auto","background-attachment":"scroll","background-type":"","background-media":"","overlay-type":"","overlay-color":"","overlay-opacity":"","overlay-gradient":""},"tablet":{"background-color":"","background-image":"","background-repeat":"repeat","background-position":"center center","background-size":"auto","background-attachment":"scroll","background-type":"","background-media":"","overlay-type":"","overlay-color":"","overlay-opacity":"","overlay-gradient":""},"mobile":{"background-color":"","background-image":"","background-repeat":"repeat","background-position":"center center","background-size":"auto","background-attachment":"scroll","background-type":"","background-media":"","overlay-type":"","overlay-color":"","overlay-opacity":"","overlay-gradient":""}},"ast-content-background-meta":{"desktop":{"background-color":"var(--ast-global-color-5)","background-image":"","background-repeat":"repeat","background-position":"center center","background-size":"auto","background-attachment":"scroll","background-type":"","background-media":"","overlay-type":"","overlay-color":"","overlay-opacity":"","overlay-gradient":""},"tablet":{"background-color":"var(--ast-global-color-5)","background-image":"","background-repeat":"repeat","background-position":"center center","background-size":"auto","background-attachment":"scroll","background-type":"","background-media":"","overlay-type":"","overlay-color":"","overlay-opacity":"","overlay-gradient":""},"mobile":{"background-color":"var(--ast-global-color-5)","background-image":"","background-repeat":"repeat","background-position":"center center","background-size":"auto","background-attachment":"scroll","background-type":"","background-media":"","overlay-type":"","overlay-color":"","overlay-opacity":"","overlay-gradient":""}}},"product_brand":[],"product_cat":[21],"product_tag":[],"class_list":{"0":"post-612","1":"product","2":"type-product","3":"status-publish","4":"has-post-thumbnail","6":"product_cat-electric-city-bike","7":"desktop-align-left","8":"tablet-align-left","9":"mobile-align-left","10":"ast-product-gallery-layout-horizontal-slider","11":"ast-product-gallery-with-no-image","12":"ast-product-single-variable","13":"ast-product-tabs-layout-horizontal","15":"first","16":"instock","17":"shipping-taxable","18":"purchasable","19":"product-type-variable"},"yoast_head":"<!-- This site is optimized with the Yoast SEO Premium plugin v20.9 (Yoast SEO v27.3) - https:\/\/yoast.com\/product\/yoast-seo-premium-wordpress\/ -->\n<title>ECB08 Electric City Bike 7-Speed 48V Lithium Battery 50km Range - Bglbike<\/title>\n<meta name=\"description\" content=\"The ECB08 Electric City Bike 7-Speed 48V Lithium Battery 50km Range equipped with a premium motor is designed to tackle long distances while still being easy to maneuver in tight spaces.\" \/>\n<meta name=\"robots\" content=\"index, follow, max-snippet:-1, max-image-preview:large, max-video-preview:-1\" \/>\n<link rel=\"canonical\" href=\"https:\/\/bglbike.com\/es\/producto\/ecb08\/\" \/>\n<meta property=\"og:locale\" content=\"es_ES\" \/>\n<meta property=\"og:type\" content=\"article\" \/>\n<meta property=\"og:title\" content=\"ECB08 Electric City Bike 7-Speed 48V Lithium Battery 50km Range\" \/>\n<meta property=\"og:description\" content=\"The ECB08 Electric City Bike 7-Speed 48V Lithium Battery 50km Range equipped with a premium motor is designed to tackle long distances while still being easy to maneuver in tight spaces.\" \/>\n<meta property=\"og:url\" content=\"https:\/\/bglbike.com\/es\/producto\/ecb08\/\" \/>\n<meta property=\"og:site_name\" content=\"Bglbike\" \/>\n<meta property=\"article:modified_time\" content=\"2023-05-31T02:56:26+00:00\" \/>\n<meta property=\"og:image\" content=\"https:\/\/bglbike.com\/wp-content\/uploads\/2023\/03\/1-43.png\" \/>\n\t<meta property=\"og:image:width\" content=\"600\" \/>\n\t<meta property=\"og:image:height\" content=\"600\" \/>\n\t<meta property=\"og:image:type\" content=\"image\/png\" \/>\n<meta name=\"twitter:card\" content=\"summary_large_image\" \/>\n<meta name=\"twitter:label1\" content=\"Tiempo de lectura\" \/>\n\t<meta name=\"twitter:data1\" content=\"2 minutos\" \/>\n<script type=\"application\/ld+json\" class=\"yoast-schema-graph\">{\"@context\":\"https:\\\/\\\/schema.org\",\"@graph\":[{\"@type\":\"WebPage\",\"@id\":\"https:\\\/\\\/bglbike.com\\\/product\\\/ecb08\\\/\",\"url\":\"https:\\\/\\\/bglbike.com\\\/product\\\/ecb08\\\/\",\"name\":\"ECB08 Electric City Bike 7-Speed 48V Lithium Battery 50km Range - Bglbike\",\"isPartOf\":{\"@id\":\"https:\\\/\\\/bglbike.com\\\/#website\"},\"primaryImageOfPage\":{\"@id\":\"https:\\\/\\\/bglbike.com\\\/product\\\/ecb08\\\/#primaryimage\"},\"image\":{\"@id\":\"https:\\\/\\\/bglbike.com\\\/product\\\/ecb08\\\/#primaryimage\"},\"thumbnailUrl\":\"https:\\\/\\\/bglbike.com\\\/wp-content\\\/uploads\\\/2023\\\/03\\\/1-43.png\",\"datePublished\":\"2023-03-30T05:27:35+00:00\",\"dateModified\":\"2023-05-31T02:56:26+00:00\",\"description\":\"The ECB08 Electric City Bike 7-Speed 48V Lithium Battery 50km Range equipped with a premium motor is designed to tackle long distances while still being easy to maneuver in tight spaces.\",\"breadcrumb\":{\"@id\":\"https:\\\/\\\/bglbike.com\\\/product\\\/ecb08\\\/#breadcrumb\"},\"inLanguage\":\"es\",\"potentialAction\":[{\"@type\":\"ReadAction\",\"target\":[\"https:\\\/\\\/bglbike.com\\\/product\\\/ecb08\\\/\"]}]},{\"@type\":\"ImageObject\",\"inLanguage\":\"es\",\"@id\":\"https:\\\/\\\/bglbike.com\\\/product\\\/ecb08\\\/#primaryimage\",\"url\":\"https:\\\/\\\/bglbike.com\\\/wp-content\\\/uploads\\\/2023\\\/03\\\/1-43.png\",\"contentUrl\":\"https:\\\/\\\/bglbike.com\\\/wp-content\\\/uploads\\\/2023\\\/03\\\/1-43.png\",\"width\":600,\"height\":600,\"caption\":\"ECB08\"},{\"@type\":\"BreadcrumbList\",\"@id\":\"https:\\\/\\\/bglbike.com\\\/product\\\/ecb08\\\/#breadcrumb\",\"itemListElement\":[{\"@type\":\"ListItem\",\"position\":1,\"name\":\"Home\",\"item\":\"https:\\\/\\\/bglbike.com\\\/\"},{\"@type\":\"ListItem\",\"position\":2,\"name\":\"Wholesale Electric Bike\",\"item\":\"https:\\\/\\\/bglbike.com\\\/wholesale-electric-bike\\\/\"},{\"@type\":\"ListItem\",\"position\":3,\"name\":\"ECB08 Electric City Bike 7-Speed 48V Lithium Battery 50km Range\"}]},{\"@type\":\"WebSite\",\"@id\":\"https:\\\/\\\/bglbike.com\\\/#website\",\"url\":\"https:\\\/\\\/bglbike.com\\\/\",\"name\":\"Bglbike\",\"description\":\"Top  Ebike manufacturer in China\",\"publisher\":{\"@id\":\"https:\\\/\\\/bglbike.com\\\/#organization\"},\"potentialAction\":[{\"@type\":\"SearchAction\",\"target\":{\"@type\":\"EntryPoint\",\"urlTemplate\":\"https:\\\/\\\/bglbike.com\\\/?s={search_term_string}\"},\"query-input\":{\"@type\":\"PropertyValueSpecification\",\"valueRequired\":true,\"valueName\":\"search_term_string\"}}],\"inLanguage\":\"es\"},{\"@type\":\"Organization\",\"@id\":\"https:\\\/\\\/bglbike.com\\\/#organization\",\"name\":\"Bglbike\",\"url\":\"https:\\\/\\\/bglbike.com\\\/\",\"logo\":{\"@type\":\"ImageObject\",\"inLanguage\":\"es\",\"@id\":\"https:\\\/\\\/bglbike.com\\\/#\\\/schema\\\/logo\\\/image\\\/\",\"url\":\"https:\\\/\\\/bglbike.com\\\/wp-content\\\/uploads\\\/2023\\\/04\\\/cropped-LOGO.png\",\"contentUrl\":\"https:\\\/\\\/bglbike.com\\\/wp-content\\\/uploads\\\/2023\\\/04\\\/cropped-LOGO.png\",\"width\":426,\"height\":141,\"caption\":\"Bglbike\"},\"image\":{\"@id\":\"https:\\\/\\\/bglbike.com\\\/#\\\/schema\\\/logo\\\/image\\\/\"}}]}<\/script>\n<!-- \/ Yoast SEO Premium plugin. -->","yoast_head_json":{"title":"ECB08 Electric City Bike 7-Speed 48V Lithium Battery 50km Range - Bglbike","description":"The ECB08 Electric City Bike 7-Speed 48V Lithium Battery 50km Range equipped with a premium motor is designed to tackle long distances while still being easy to maneuver in tight spaces.","robots":{"index":"index","follow":"follow","max-snippet":"max-snippet:-1","max-image-preview":"max-image-preview:large","max-video-preview":"max-video-preview:-1"},"canonical":"https:\/\/bglbike.com\/es\/producto\/ecb08\/","og_locale":"es_ES","og_type":"article","og_title":"ECB08 Electric City Bike 7-Speed 48V Lithium Battery 50km Range","og_description":"The ECB08 Electric City Bike 7-Speed 48V Lithium Battery 50km Range equipped with a premium motor is designed to tackle long distances while still being easy to maneuver in tight spaces.","og_url":"https:\/\/bglbike.com\/es\/producto\/ecb08\/","og_site_name":"Bglbike","article_modified_time":"2023-05-31T02:56:26+00:00","og_image":[{"width":600,"height":600,"url":"https:\/\/bglbike.com\/wp-content\/uploads\/2023\/03\/1-43.png","type":"image\/png"}],"twitter_card":"summary_large_image","twitter_misc":{"Tiempo de lectura":"2 minutos"},"schema":{"@context":"https:\/\/schema.org","@graph":[{"@type":"WebPage","@id":"https:\/\/bglbike.com\/product\/ecb08\/","url":"https:\/\/bglbike.com\/product\/ecb08\/","name":"ECB08 Electric City Bike 7-Speed 48V Lithium Battery 50km Range - Bglbike","isPartOf":{"@id":"https:\/\/bglbike.com\/#website"},"primaryImageOfPage":{"@id":"https:\/\/bglbike.com\/product\/ecb08\/#primaryimage"},"image":{"@id":"https:\/\/bglbike.com\/product\/ecb08\/#primaryimage"},"thumbnailUrl":"https:\/\/bglbike.com\/wp-content\/uploads\/2023\/03\/1-43.png","datePublished":"2023-03-30T05:27:35+00:00","dateModified":"2023-05-31T02:56:26+00:00","description":"The ECB08 Electric City Bike 7-Speed 48V Lithium Battery 50km Range equipped with a premium motor is designed to tackle long distances while still being easy to maneuver in tight spaces.","breadcrumb":{"@id":"https:\/\/bglbike.com\/product\/ecb08\/#breadcrumb"},"inLanguage":"es","potentialAction":[{"@type":"ReadAction","target":["https:\/\/bglbike.com\/product\/ecb08\/"]}]},{"@type":"ImageObject","inLanguage":"es","@id":"https:\/\/bglbike.com\/product\/ecb08\/#primaryimage","url":"https:\/\/bglbike.com\/wp-content\/uploads\/2023\/03\/1-43.png","contentUrl":"https:\/\/bglbike.com\/wp-content\/uploads\/2023\/03\/1-43.png","width":600,"height":600,"caption":"ECB08"},{"@type":"BreadcrumbList","@id":"https:\/\/bglbike.com\/product\/ecb08\/#breadcrumb","itemListElement":[{"@type":"ListItem","position":1,"name":"Home","item":"https:\/\/bglbike.com\/"},{"@type":"ListItem","position":2,"name":"Wholesale Electric Bike","item":"https:\/\/bglbike.com\/wholesale-electric-bike\/"},{"@type":"ListItem","position":3,"name":"ECB08 Electric City Bike 7-Speed 48V Lithium Battery 50km Range"}]},{"@type":"WebSite","@id":"https:\/\/bglbike.com\/#website","url":"https:\/\/bglbike.com\/","name":"Bglbike","description":"Top  Ebike manufacturer in China","publisher":{"@id":"https:\/\/bglbike.com\/#organization"},"potentialAction":[{"@type":"SearchAction","target":{"@type":"EntryPoint","urlTemplate":"https:\/\/bglbike.com\/?s={search_term_string}"},"query-input":{"@type":"PropertyValueSpecification","valueRequired":true,"valueName":"search_term_string"}}],"inLanguage":"es"},{"@type":"Organization","@id":"https:\/\/bglbike.com\/#organization","name":"Bglbike","url":"https:\/\/bglbike.com\/","logo":{"@type":"ImageObject","inLanguage":"es","@id":"https:\/\/bglbike.com\/#\/schema\/logo\/image\/","url":"https:\/\/bglbike.com\/wp-content\/uploads\/2023\/04\/cropped-LOGO.png","contentUrl":"https:\/\/bglbike.com\/wp-content\/uploads\/2023\/04\/cropped-LOGO.png","width":426,"height":141,"caption":"Bglbike"},"image":{"@id":"https:\/\/bglbike.com\/#\/schema\/logo\/image\/"}}]}},"_links":{"self":[{"href":"https:\/\/bglbike.com\/es\/wp-json\/wp\/v2\/product\/612","targetHints":{"allow":["GET"]}}],"collection":[{"href":"https:\/\/bglbike.com\/es\/wp-json\/wp\/v2\/product"}],"about":[{"href":"https:\/\/bglbike.com\/es\/wp-json\/wp\/v2\/types\/product"}],"wp:featuredmedia":[{"embeddable":true,"href":"https:\/\/bglbike.com\/es\/wp-json\/wp\/v2\/media\/3937"}],"wp:attachment":[{"href":"https:\/\/bglbike.com\/es\/wp-json\/wp\/v2\/media?parent=612"}],"wp:term":[{"taxonomy":"product_brand","embeddable":true,"href":"https:\/\/bglbike.com\/es\/wp-json\/wp\/v2\/product_brand?post=612"},{"taxonomy":"product_cat","embeddable":true,"href":"https:\/\/bglbike.com\/es\/wp-json\/wp\/v2\/product_cat?post=612"},{"taxonomy":"product_tag","embeddable":true,"href":"https:\/\/bglbike.com\/es\/wp-json\/wp\/v2\/product_tag?post=612"}],"curies":[{"name":"wp","href":"https:\/\/api.w.org\/{rel}","templated":true}]}}