{"id":595,"date":"2023-03-30T03:38:04","date_gmt":"2023-03-30T03:38:04","guid":{"rendered":"https:\/\/bglbike.com\/?post_type=product&#038;p=595"},"modified":"2023-05-31T02:59:36","modified_gmt":"2023-05-31T02:59:36","slug":"ecb04","status":"publish","type":"product","link":"https:\/\/bglbike.com\/es\/producto\/ecb04\/","title":{"rendered":"Bicicleta el\u00e9ctrica urbana ECB04 de 7 velocidades con ruedas de 26\u2033 y autonom\u00eda de 60 km"},"content":{"rendered":"<h3>Especificaci\u00f3n<\/h3>\n<div id=\"footable_parent_598\"\n         class=\"footable_parent ninja_table_wrapper loading_ninja_table wp_table_data_press_parent semantic_ui\">\n                <table data-ninja_table_instance=\"ninja_table_instance_0\" data-footable_id=\"598\" data-filter-delay=\"1000\" aria-label=\"ECB04.csv\"            id=\"footable_598\"\n           data-unique_identifier=\"ninja_table_unique_id_2271594731_598\"\n           class=\"foo-table ninja_footable foo_table_598 ninja_table_unique_id_2271594731_598 ui table  nt_type_legacy_table selectable striped vertical_centered  footable-paging-right ninja_table_pro\">\n                <colgroup>\n                            <col class=\"ninja_column_0\">\n                            <col class=\"ninja_column_1\">\n                    <\/colgroup>\n        <thead>\n<tr class=\"footable-header\">\n                                        <th scope=\"col\"  class=\"ninja_column_0 ninja_clmn_nm_item\">art\u00edculo<\/th><th scope=\"col\"  class=\"ninja_column_1 ninja_clmn_nm_value\">valor<\/th><\/tr>\n<\/thead>\n<tbody>\n\n        <tr data-row_id=\"168\" class=\"ninja_table_row_0 nt_row_id_168\">\n            <td>Lugar de origen<\/td><td>Porcelana<\/td>        <\/tr>\n            <tr data-row_id=\"169\" class=\"ninja_table_row_1 nt_row_id_169\">\n            <td><\/td><td>Zhejiang<\/td>        <\/tr>\n            <tr data-row_id=\"170\" class=\"ninja_table_row_2 nt_row_id_170\">\n            <td>Nombre de la marca<\/td><td>bglbicicleta<\/td>        <\/tr>\n            <tr data-row_id=\"171\" class=\"ninja_table_row_3 nt_row_id_171\">\n            <td>N\u00famero de modelo<\/td><td>ECB04<\/td>        <\/tr>\n            <tr data-row_id=\"172\" class=\"ninja_table_row_4 nt_row_id_172\">\n            <td>Engranajes<\/td><td>7Velocidad<\/td>        <\/tr>\n            <tr data-row_id=\"173\" class=\"ninja_table_row_5 nt_row_id_173\">\n            <td>Rango por Potencia<\/td><td>31 - 60 kil\u00f3metros<\/td>        <\/tr>\n            <tr data-row_id=\"174\" class=\"ninja_table_row_6 nt_row_id_174\">\n            <td>Material del marco<\/td><td>Aleaci\u00f3n de aluminio<\/td>        <\/tr>\n            <tr data-row_id=\"175\" class=\"ninja_table_row_7 nt_row_id_175\">\n            <td>Tama\u00f1o de la rueda<\/td><td>26\"<\/td>        <\/tr>\n            <tr data-row_id=\"176\" class=\"ninja_table_row_8 nt_row_id_176\">\n            <td>M\u00e1xima velocidad<\/td><td>30-50 km\/h<\/td>        <\/tr>\n            <tr data-row_id=\"177\" class=\"ninja_table_row_9 nt_row_id_177\">\n            <td>Voltaje<\/td><td>36V<\/td>        <\/tr>\n            <tr data-row_id=\"178\" class=\"ninja_table_row_10 nt_row_id_178\">\n            <td>Fuente de alimentaci\u00f3n<\/td><td>Bater\u00eda de Litio<\/td>        <\/tr>\n            <tr data-row_id=\"179\" class=\"ninja_table_row_11 nt_row_id_179\">\n            <td>Sistema de frenado<\/td><td>Freno de disco<\/td>        <\/tr>\n            <tr data-row_id=\"180\" class=\"ninja_table_row_12 nt_row_id_180\">\n            <td>Esfuerzo de torsi\u00f3n<\/td><td>50-60 nm<\/td>        <\/tr>\n            <tr data-row_id=\"181\" class=\"ninja_table_row_13 nt_row_id_181\">\n            <td>Tiempo de carga<\/td><td>4-6 horas<\/td>        <\/tr>\n            <tr data-row_id=\"182\" class=\"ninja_table_row_14 nt_row_id_182\">\n            <td>Posici\u00f3n del motor<\/td><td>motor trasero<\/td>        <\/tr>\n            <tr data-row_id=\"183\" class=\"ninja_table_row_15 nt_row_id_183\">\n            <td>Posici\u00f3n de la bater\u00eda<\/td><td>Bater\u00eda integrada<\/td>        <\/tr>\n            <tr data-row_id=\"184\" class=\"ninja_table_row_16 nt_row_id_184\">\n            <td>Capacidad de la bater\u00eda<\/td><td>15AH<\/td>        <\/tr>\n            <tr data-row_id=\"185\" class=\"ninja_table_row_17 nt_row_id_185\">\n            <td>Nombre del producto<\/td><td>Bicicleta electrica<\/td>        <\/tr>\n            <tr data-row_id=\"186\" class=\"ninja_table_row_18 nt_row_id_186\">\n            <td>Bater\u00eda<\/td><td>Bater\u00eda de litio de 36V 15Ah<\/td>        <\/tr>\n            <tr data-row_id=\"187\" class=\"ninja_table_row_19 nt_row_id_187\">\n            <td>Fuerza de motor<\/td><td>250W\/500W<\/td>        <\/tr>\n            <tr data-row_id=\"188\" class=\"ninja_table_row_20 nt_row_id_188\">\n            <td>Neum\u00e1tico<\/td><td>Neum\u00e1ticos de 26*4,0&quot;<\/td>        <\/tr>\n            <tr data-row_id=\"189\" class=\"ninja_table_row_21 nt_row_id_189\">\n            <td>Freno<\/td><td>Freno de disco<\/td>        <\/tr>\n            <tr data-row_id=\"190\" class=\"ninja_table_row_22 nt_row_id_190\">\n            <td>Marco<\/td><td>Aleaci\u00f3n de aluminio<\/td>        <\/tr>\n            <tr data-row_id=\"191\" class=\"ninja_table_row_23 nt_row_id_191\">\n            <td>Mostrar<\/td><td>Pantalla LCD<\/td>        <\/tr>\n            <tr data-row_id=\"192\" class=\"ninja_table_row_24 nt_row_id_192\">\n            <td>Controlador<\/td><td>Sin escobillas inteligente<\/td>        <\/tr>\n            <tr data-row_id=\"193\" class=\"ninja_table_row_25 nt_row_id_193\">\n            <td>Tenedor frontal<\/td><td>Horquilla delantera de suspensi\u00f3n<\/td>        <\/tr>\n            <tr data-row_id=\"194\" class=\"ninja_table_row_26 nt_row_id_194\">\n            <td>M\u00e1xima velocidad<\/td><td>55 km\/h<\/td>        <\/tr>\n    <\/tbody><!--ninja_tobody_rendering_done-->\n    <\/table>\n    \n    \n    \n<\/div>\n\n<h3>Empaquetado y entrega<\/h3>\n<p>Detalles de empaquetado: espuma con cajas de cart\u00f3n.<\/p>\n<p>Puerto: Ning Bo o Shangh\u00e1i<\/p>\n<p>Tiempo de espera: <div id=\"footable_parent_599\"\n         class=\"footable_parent ninja_table_wrapper loading_ninja_table wp_table_data_press_parent semantic_ui\">\n                <table data-ninja_table_instance=\"ninja_table_instance_1\" data-footable_id=\"599\" data-filter-delay=\"1000\" aria-label=\"paquete.csv\"            id=\"footable_599\"\n           data-unique_identifier=\"ninja_table_unique_id_2616087011_599\"\n           class=\"foo-table ninja_footable foo_table_599 ninja_table_unique_id_2616087011_599 ui table  nt_type_legacy_table selectable striped vertical_centered  footable-paging-right ninja_table_pro\">\n                <colgroup>\n                            <col class=\"ninja_column_0\">\n                            <col class=\"ninja_column_1\">\n                            <col class=\"ninja_column_2\">\n                            <col class=\"ninja_column_3\">\n                    <\/colgroup>\n        <thead>\n<tr class=\"footable-header\">\n                                                                        <th scope=\"col\"  class=\"ninja_column_0 ninja_clmn_nm_quantitypieces\">Cantidad (piezas)<\/th><th scope=\"col\"  class=\"ninja_column_1 ninja_clmn_nm_11\">1-1<\/th><th scope=\"col\"  class=\"ninja_column_2 ninja_clmn_nm_22\">2-20<\/th><th scope=\"col\"  class=\"ninja_column_3 ninja_clmn_nm_2\">&gt;20<\/th><\/tr>\n<\/thead>\n<tbody>\n\n        <tr data-row_id=\"195\" class=\"ninja_table_row_0 nt_row_id_195\">\n            <td>Plazo de ejecuci\u00f3n (d\u00edas)<\/td><td>7<\/td><td>15<\/td><td>Ser negociado<\/td>        <\/tr>\n    <\/tbody><!--ninja_tobody_rendering_done-->\n    <\/table>\n    \n    \n    \n<\/div>\n<\/p>\n<h3>imagen de embalaje<\/h3>\n<p><img fetchpriority=\"high\" decoding=\"async\" class=\"alignnone wp-image-3670\" src=\"https:\/\/bglbike.com\/wp-content\/uploads\/2023\/03\/EBB04-9-e1681267240458.png\" alt=\"1\" width=\"800\" height=\"251\" srcset=\"https:\/\/bglbike.com\/wp-content\/uploads\/2023\/03\/EBB04-9-e1681267240458.png 600w, https:\/\/bglbike.com\/wp-content\/uploads\/2023\/03\/EBB04-9-e1681267240458-300x94.png 300w, https:\/\/bglbike.com\/wp-content\/uploads\/2023\/03\/EBB04-9-e1681267240458-18x6.png 18w, https:\/\/bglbike.com\/wp-content\/uploads\/2023\/03\/EBB04-9-e1681267240458-250x78.png 250w\" sizes=\"(max-width: 800px) 100vw, 800px\" \/><\/p>\n<h3>preguntas frecuentes<\/h3>\n<p><strong>P1:\u00bfLa bicicleta urbana el\u00e9ctrica de 7 velocidades ECB04 viene preensamblada o tengo que armarla yo mismo?<\/strong><br \/>\nLa bicicleta urbana el\u00e9ctrica de 7 velocidades ECB04 se entrega parcialmente premontada para que puedas completar el proceso de montaje de manera eficiente en casa utilizando solo las herramientas esenciales, como un juego de llaves Allen o un juego de destornilladores si es necesario, siguiendo las claras instrucciones proporcionadas en el manual que se proporciona con cada bicicleta. compra.<\/p>\n<p><strong>P2: \u00bfPor qu\u00e9 deber\u00eda comprarnos?<\/strong><br \/>\nNuestra ventaja sobre otros proveedores radica en nuestro taller con equipos avanzados y robots de soldadura, que nos permiten mantener los costos bajos y ofrecer tiempos de respuesta m\u00e1s cortos.<\/p>\n<p><strong>P3: \u00bfc\u00f3mo podemos garantizar la calidad?<\/strong><br \/>\nSiempre una muestra de preproducci\u00f3n antes de la producci\u00f3n en masa;<br \/>\nInspecci\u00f3n siempre final antes del env\u00edo;<\/p>\n<p><strong>P4: \u00bfqu\u00e9 servicios podemos proporcionar?<\/strong><br \/>\nT\u00e9rminos de entrega aceptados: FOB, CFR, CIF, EXW, DDP, DDU, Entrega urgente;<br \/>\nMoneda de pago aceptada: USD, EUR, CAD, CNY;<br \/>\nTipo de pago aceptado: T\/T,L\/C,Tarjeta de cr\u00e9dito,PayPal,Western Union;<br \/>\nIdioma hablado: ingl\u00e9s, chino<\/p>","protected":false},"excerpt":{"rendered":"<p>El <strong>Bicicleta de ciudad el\u00e9ctrica de 7 velocidades ECB04<\/strong> es la combinaci\u00f3n perfecta de comodidad y potencia. Con ruedas de 26 \u2033 para paseos m\u00e1s suaves, un potente motor de buje trasero de 500 W para una aceleraci\u00f3n sin esfuerzo y una impresionante autonom\u00eda de bater\u00eda de hasta 60 km con una sola carga. Tambi\u00e9n tiene una transmisi\u00f3n Shimano de 7 velocidades que le brinda mucho torque sin importar el terreno. Ya sea en las calles de la ciudad o en senderos todoterreno, \u00a1esta bicicleta te llevar\u00e1 a donde necesites ir!<\/p>","protected":false},"featured_media":3924,"template":"","meta":{"site-sidebar-layout":"default","site-content-layout":"default","ast-site-content-layout":"default","site-content-style":"default","site-sidebar-style":"default","ast-global-header-display":"","ast-banner-title-visibility":"","ast-main-header-display":"","ast-hfb-above-header-display":"","ast-hfb-below-header-display":"","ast-hfb-mobile-header-display":"","site-post-title":"","ast-breadcrumbs-content":"","ast-featured-img":"","footer-sml-layout":"","ast-disable-related-posts":"","theme-transparent-header-meta":"default","adv-header-id-meta":"","stick-header-meta":"default","header-above-stick-meta":"","header-main-stick-meta":"","header-below-stick-meta":"","astra-migrate-meta-layouts":"default","ast-page-background-enabled":"default","ast-page-background-meta":{"desktop":{"background-color":"var(--ast-global-color-4)","background-image":"","background-repeat":"repeat","background-position":"center center","background-size":"auto","background-attachment":"scroll","background-type":"","background-media":"","overlay-type":"","overlay-color":"","overlay-opacity":"","overlay-gradient":""},"tablet":{"background-color":"","background-image":"","background-repeat":"repeat","background-position":"center center","background-size":"auto","background-attachment":"scroll","background-type":"","background-media":"","overlay-type":"","overlay-color":"","overlay-opacity":"","overlay-gradient":""},"mobile":{"background-color":"","background-image":"","background-repeat":"repeat","background-position":"center center","background-size":"auto","background-attachment":"scroll","background-type":"","background-media":"","overlay-type":"","overlay-color":"","overlay-opacity":"","overlay-gradient":""}},"ast-content-background-meta":{"desktop":{"background-color":"var(--ast-global-color-5)","background-image":"","background-repeat":"repeat","background-position":"center center","background-size":"auto","background-attachment":"scroll","background-type":"","background-media":"","overlay-type":"","overlay-color":"","overlay-opacity":"","overlay-gradient":""},"tablet":{"background-color":"var(--ast-global-color-5)","background-image":"","background-repeat":"repeat","background-position":"center center","background-size":"auto","background-attachment":"scroll","background-type":"","background-media":"","overlay-type":"","overlay-color":"","overlay-opacity":"","overlay-gradient":""},"mobile":{"background-color":"var(--ast-global-color-5)","background-image":"","background-repeat":"repeat","background-position":"center center","background-size":"auto","background-attachment":"scroll","background-type":"","background-media":"","overlay-type":"","overlay-color":"","overlay-opacity":"","overlay-gradient":""}}},"product_brand":[],"product_cat":[21],"product_tag":[],"class_list":{"0":"post-595","1":"product","2":"type-product","3":"status-publish","4":"has-post-thumbnail","6":"product_cat-electric-city-bike","7":"desktop-align-left","8":"tablet-align-left","9":"mobile-align-left","10":"ast-product-gallery-layout-horizontal-slider","11":"ast-product-gallery-with-no-image","12":"ast-product-single-variable","13":"ast-product-tabs-layout-horizontal","15":"first","16":"instock","17":"shipping-taxable","18":"purchasable","19":"product-type-variable"},"yoast_head":"<!-- This site is optimized with the Yoast SEO Premium plugin v20.9 (Yoast SEO v27.3) - https:\/\/yoast.com\/product\/yoast-seo-premium-wordpress\/ -->\n<title>ECB04 7-Speed Electric City Bike with 26&quot; Wheels &amp; 60 km Range - Bglbike<\/title>\n<meta name=\"description\" content=\"The ECB04 7-Speed Electric City Bike with 26&quot; Wheels &amp; 60 km Range is designed to provide riders an efficient and convenient way to get around town.\" \/>\n<meta name=\"robots\" content=\"index, follow, max-snippet:-1, max-image-preview:large, max-video-preview:-1\" \/>\n<link rel=\"canonical\" href=\"https:\/\/bglbike.com\/es\/producto\/ecb04\/\" \/>\n<meta property=\"og:locale\" content=\"es_ES\" \/>\n<meta property=\"og:type\" content=\"article\" \/>\n<meta property=\"og:title\" content=\"ECB04 7-Speed Electric City Bike with 26&quot; Wheels &amp; 60 km Range\" \/>\n<meta property=\"og:description\" content=\"The ECB04 7-Speed Electric City Bike with 26&quot; Wheels &amp; 60 km Range is designed to provide riders an efficient and convenient way to get around town.\" \/>\n<meta property=\"og:url\" content=\"https:\/\/bglbike.com\/es\/producto\/ecb04\/\" \/>\n<meta property=\"og:site_name\" content=\"Bglbike\" \/>\n<meta property=\"article:modified_time\" content=\"2023-05-31T02:59:36+00:00\" \/>\n<meta property=\"og:image\" content=\"https:\/\/bglbike.com\/wp-content\/uploads\/2023\/03\/11-13.png\" \/>\n\t<meta property=\"og:image:width\" content=\"600\" \/>\n\t<meta property=\"og:image:height\" content=\"600\" \/>\n\t<meta property=\"og:image:type\" content=\"image\/png\" \/>\n<meta name=\"twitter:card\" content=\"summary_large_image\" \/>\n<meta name=\"twitter:label1\" content=\"Tiempo de lectura\" \/>\n\t<meta name=\"twitter:data1\" content=\"1 minuto\" \/>\n<script type=\"application\/ld+json\" class=\"yoast-schema-graph\">{\"@context\":\"https:\\\/\\\/schema.org\",\"@graph\":[{\"@type\":\"WebPage\",\"@id\":\"https:\\\/\\\/bglbike.com\\\/product\\\/ecb04\\\/\",\"url\":\"https:\\\/\\\/bglbike.com\\\/product\\\/ecb04\\\/\",\"name\":\"ECB04 7-Speed Electric City Bike with 26\\\" Wheels & 60 km Range - Bglbike\",\"isPartOf\":{\"@id\":\"https:\\\/\\\/bglbike.com\\\/#website\"},\"primaryImageOfPage\":{\"@id\":\"https:\\\/\\\/bglbike.com\\\/product\\\/ecb04\\\/#primaryimage\"},\"image\":{\"@id\":\"https:\\\/\\\/bglbike.com\\\/product\\\/ecb04\\\/#primaryimage\"},\"thumbnailUrl\":\"https:\\\/\\\/bglbike.com\\\/wp-content\\\/uploads\\\/2023\\\/03\\\/11-13.png\",\"datePublished\":\"2023-03-30T03:38:04+00:00\",\"dateModified\":\"2023-05-31T02:59:36+00:00\",\"description\":\"The ECB04 7-Speed Electric City Bike with 26\\\" Wheels & 60 km Range is designed to provide riders an efficient and convenient way to get around town.\",\"breadcrumb\":{\"@id\":\"https:\\\/\\\/bglbike.com\\\/product\\\/ecb04\\\/#breadcrumb\"},\"inLanguage\":\"es\",\"potentialAction\":[{\"@type\":\"ReadAction\",\"target\":[\"https:\\\/\\\/bglbike.com\\\/product\\\/ecb04\\\/\"]}]},{\"@type\":\"ImageObject\",\"inLanguage\":\"es\",\"@id\":\"https:\\\/\\\/bglbike.com\\\/product\\\/ecb04\\\/#primaryimage\",\"url\":\"https:\\\/\\\/bglbike.com\\\/wp-content\\\/uploads\\\/2023\\\/03\\\/11-13.png\",\"contentUrl\":\"https:\\\/\\\/bglbike.com\\\/wp-content\\\/uploads\\\/2023\\\/03\\\/11-13.png\",\"width\":600,\"height\":600,\"caption\":\"ECB04\"},{\"@type\":\"BreadcrumbList\",\"@id\":\"https:\\\/\\\/bglbike.com\\\/product\\\/ecb04\\\/#breadcrumb\",\"itemListElement\":[{\"@type\":\"ListItem\",\"position\":1,\"name\":\"Home\",\"item\":\"https:\\\/\\\/bglbike.com\\\/\"},{\"@type\":\"ListItem\",\"position\":2,\"name\":\"Wholesale Electric Bike\",\"item\":\"https:\\\/\\\/bglbike.com\\\/wholesale-electric-bike\\\/\"},{\"@type\":\"ListItem\",\"position\":3,\"name\":\"ECB04 7-Speed Electric City Bike with 26&#8243; Wheels &#038; 60 km Range\"}]},{\"@type\":\"WebSite\",\"@id\":\"https:\\\/\\\/bglbike.com\\\/#website\",\"url\":\"https:\\\/\\\/bglbike.com\\\/\",\"name\":\"Bglbike\",\"description\":\"Top  Ebike manufacturer in China\",\"publisher\":{\"@id\":\"https:\\\/\\\/bglbike.com\\\/#organization\"},\"potentialAction\":[{\"@type\":\"SearchAction\",\"target\":{\"@type\":\"EntryPoint\",\"urlTemplate\":\"https:\\\/\\\/bglbike.com\\\/?s={search_term_string}\"},\"query-input\":{\"@type\":\"PropertyValueSpecification\",\"valueRequired\":true,\"valueName\":\"search_term_string\"}}],\"inLanguage\":\"es\"},{\"@type\":\"Organization\",\"@id\":\"https:\\\/\\\/bglbike.com\\\/#organization\",\"name\":\"Bglbike\",\"url\":\"https:\\\/\\\/bglbike.com\\\/\",\"logo\":{\"@type\":\"ImageObject\",\"inLanguage\":\"es\",\"@id\":\"https:\\\/\\\/bglbike.com\\\/#\\\/schema\\\/logo\\\/image\\\/\",\"url\":\"https:\\\/\\\/bglbike.com\\\/wp-content\\\/uploads\\\/2023\\\/04\\\/cropped-LOGO.png\",\"contentUrl\":\"https:\\\/\\\/bglbike.com\\\/wp-content\\\/uploads\\\/2023\\\/04\\\/cropped-LOGO.png\",\"width\":426,\"height\":141,\"caption\":\"Bglbike\"},\"image\":{\"@id\":\"https:\\\/\\\/bglbike.com\\\/#\\\/schema\\\/logo\\\/image\\\/\"}}]}<\/script>\n<!-- \/ Yoast SEO Premium plugin. -->","yoast_head_json":{"title":"ECB04 7-Speed Electric City Bike with 26\" Wheels & 60 km Range - Bglbike","description":"The ECB04 7-Speed Electric City Bike with 26\" Wheels & 60 km Range is designed to provide riders an efficient and convenient way to get around town.","robots":{"index":"index","follow":"follow","max-snippet":"max-snippet:-1","max-image-preview":"max-image-preview:large","max-video-preview":"max-video-preview:-1"},"canonical":"https:\/\/bglbike.com\/es\/producto\/ecb04\/","og_locale":"es_ES","og_type":"article","og_title":"ECB04 7-Speed Electric City Bike with 26\" Wheels & 60 km Range","og_description":"The ECB04 7-Speed Electric City Bike with 26\" Wheels & 60 km Range is designed to provide riders an efficient and convenient way to get around town.","og_url":"https:\/\/bglbike.com\/es\/producto\/ecb04\/","og_site_name":"Bglbike","article_modified_time":"2023-05-31T02:59:36+00:00","og_image":[{"width":600,"height":600,"url":"https:\/\/bglbike.com\/wp-content\/uploads\/2023\/03\/11-13.png","type":"image\/png"}],"twitter_card":"summary_large_image","twitter_misc":{"Tiempo de lectura":"1 minuto"},"schema":{"@context":"https:\/\/schema.org","@graph":[{"@type":"WebPage","@id":"https:\/\/bglbike.com\/product\/ecb04\/","url":"https:\/\/bglbike.com\/product\/ecb04\/","name":"ECB04 7-Speed Electric City Bike with 26\" Wheels & 60 km Range - Bglbike","isPartOf":{"@id":"https:\/\/bglbike.com\/#website"},"primaryImageOfPage":{"@id":"https:\/\/bglbike.com\/product\/ecb04\/#primaryimage"},"image":{"@id":"https:\/\/bglbike.com\/product\/ecb04\/#primaryimage"},"thumbnailUrl":"https:\/\/bglbike.com\/wp-content\/uploads\/2023\/03\/11-13.png","datePublished":"2023-03-30T03:38:04+00:00","dateModified":"2023-05-31T02:59:36+00:00","description":"The ECB04 7-Speed Electric City Bike with 26\" Wheels & 60 km Range is designed to provide riders an efficient and convenient way to get around town.","breadcrumb":{"@id":"https:\/\/bglbike.com\/product\/ecb04\/#breadcrumb"},"inLanguage":"es","potentialAction":[{"@type":"ReadAction","target":["https:\/\/bglbike.com\/product\/ecb04\/"]}]},{"@type":"ImageObject","inLanguage":"es","@id":"https:\/\/bglbike.com\/product\/ecb04\/#primaryimage","url":"https:\/\/bglbike.com\/wp-content\/uploads\/2023\/03\/11-13.png","contentUrl":"https:\/\/bglbike.com\/wp-content\/uploads\/2023\/03\/11-13.png","width":600,"height":600,"caption":"ECB04"},{"@type":"BreadcrumbList","@id":"https:\/\/bglbike.com\/product\/ecb04\/#breadcrumb","itemListElement":[{"@type":"ListItem","position":1,"name":"Home","item":"https:\/\/bglbike.com\/"},{"@type":"ListItem","position":2,"name":"Wholesale Electric Bike","item":"https:\/\/bglbike.com\/wholesale-electric-bike\/"},{"@type":"ListItem","position":3,"name":"ECB04 7-Speed Electric City Bike with 26&#8243; Wheels &#038; 60 km Range"}]},{"@type":"WebSite","@id":"https:\/\/bglbike.com\/#website","url":"https:\/\/bglbike.com\/","name":"Bglbike","description":"Top  Ebike manufacturer in China","publisher":{"@id":"https:\/\/bglbike.com\/#organization"},"potentialAction":[{"@type":"SearchAction","target":{"@type":"EntryPoint","urlTemplate":"https:\/\/bglbike.com\/?s={search_term_string}"},"query-input":{"@type":"PropertyValueSpecification","valueRequired":true,"valueName":"search_term_string"}}],"inLanguage":"es"},{"@type":"Organization","@id":"https:\/\/bglbike.com\/#organization","name":"Bglbike","url":"https:\/\/bglbike.com\/","logo":{"@type":"ImageObject","inLanguage":"es","@id":"https:\/\/bglbike.com\/#\/schema\/logo\/image\/","url":"https:\/\/bglbike.com\/wp-content\/uploads\/2023\/04\/cropped-LOGO.png","contentUrl":"https:\/\/bglbike.com\/wp-content\/uploads\/2023\/04\/cropped-LOGO.png","width":426,"height":141,"caption":"Bglbike"},"image":{"@id":"https:\/\/bglbike.com\/#\/schema\/logo\/image\/"}}]}},"_links":{"self":[{"href":"https:\/\/bglbike.com\/es\/wp-json\/wp\/v2\/product\/595","targetHints":{"allow":["GET"]}}],"collection":[{"href":"https:\/\/bglbike.com\/es\/wp-json\/wp\/v2\/product"}],"about":[{"href":"https:\/\/bglbike.com\/es\/wp-json\/wp\/v2\/types\/product"}],"wp:featuredmedia":[{"embeddable":true,"href":"https:\/\/bglbike.com\/es\/wp-json\/wp\/v2\/media\/3924"}],"wp:attachment":[{"href":"https:\/\/bglbike.com\/es\/wp-json\/wp\/v2\/media?parent=595"}],"wp:term":[{"taxonomy":"product_brand","embeddable":true,"href":"https:\/\/bglbike.com\/es\/wp-json\/wp\/v2\/product_brand?post=595"},{"taxonomy":"product_cat","embeddable":true,"href":"https:\/\/bglbike.com\/es\/wp-json\/wp\/v2\/product_cat?post=595"},{"taxonomy":"product_tag","embeddable":true,"href":"https:\/\/bglbike.com\/es\/wp-json\/wp\/v2\/product_tag?post=595"}],"curies":[{"name":"wp","href":"https:\/\/api.w.org\/{rel}","templated":true}]}}