{"id":562,"date":"2023-03-29T06:02:53","date_gmt":"2023-03-29T06:02:53","guid":{"rendered":"https:\/\/bglbike.com\/?post_type=product&#038;p=562"},"modified":"2023-05-31T03:02:04","modified_gmt":"2023-05-31T03:02:04","slug":"emb16","status":"publish","type":"product","link":"https:\/\/bglbike.com\/es\/producto\/emb16\/","title":{"rendered":"Bicicleta de monta\u00f1a el\u00e9ctrica EMB16 Potente motor de cubo sin engranajes de 36V250W rango entre 19-25 millas"},"content":{"rendered":"<h3>Descripci\u00f3n del Producto<\/h3>\n<div id=\"footable_parent_576\"\n         class=\"footable_parent ninja_table_wrapper loading_ninja_table wp_table_data_press_parent semantic_ui\">\n                <table data-ninja_table_instance=\"ninja_table_instance_0\" data-footable_id=\"576\" data-filter-delay=\"1000\" aria-label=\"EMB16.csv\"            id=\"footable_576\"\n           data-unique_identifier=\"ninja_table_unique_id_4255081080_576\"\n           class=\"foo-table ninja_footable foo_table_576 ninja_table_unique_id_4255081080_576 ui table  nt_type_legacy_table selectable striped vertical_centered  footable-paging-right ninja_table_pro\">\n                <colgroup>\n                            <col class=\"ninja_column_0\">\n                            <col class=\"ninja_column_1\">\n                            <col class=\"ninja_column_2\">\n                            <col class=\"ninja_column_3\">\n                    <\/colgroup>\n        <thead>\n<tr class=\"footable-header\">\n                                                                        <th scope=\"col\"  class=\"ninja_column_0 ninja_clmn_nm_model\">Modelo<\/th><th scope=\"col\"  class=\"ninja_column_1 ninja_clmn_nm_emb16\">EMB16<\/th><th scope=\"col\"  class=\"ninja_column_2 ninja_clmn_nm_certification\">Certificaci\u00f3n<\/th><th scope=\"col\"  class=\"ninja_column_3 ninja_clmn_nm_ceen15194ios\">CE, EN15194, IOS<\/th><\/tr>\n<\/thead>\n<tbody>\n\n        <tr data-row_id=\"133\" class=\"ninja_table_row_0 nt_row_id_133\">\n            <td><\/td><td>Buje sin engranajes montado en la parte trasera 36V250W(XF)<\/td><td>Bater\u00eda<\/td><td>36V9AH (China) de iones de litio<\/td>        <\/tr>\n            <tr data-row_id=\"134\" class=\"ninja_table_row_1 nt_row_id_134\">\n            <td>Motor<\/td><td><\/td><td><\/td><td><\/td>        <\/tr>\n            <tr data-row_id=\"135\" class=\"ninja_table_row_2 nt_row_id_135\">\n            <td>Neum\u00e1tico<\/td><td>Kenda, 26&quot; x 1,95&quot;<\/td><td>Garant\u00eda<\/td><td>2 a\u00f1os<\/td>        <\/tr>\n            <tr data-row_id=\"136\" class=\"ninja_table_row_3 nt_row_id_136\">\n            <td>Cargador<\/td><td>2A CE\/UL<\/td><td>Tiempo de carga<\/td><td>4-6 horas<\/td>        <\/tr>\n            <tr data-row_id=\"137\" class=\"ninja_table_row_4 nt_row_id_137\">\n            <td><\/td><td>19 millas (30 km)-25 millas (40 km)<\/td><td>Controlador<\/td><td>controlador integrado 36V15A<\/td>        <\/tr>\n            <tr data-row_id=\"138\" class=\"ninja_table_row_5 nt_row_id_138\">\n            <td>Rango estimado<\/td><td><\/td><td><\/td><td><\/td>        <\/tr>\n            <tr data-row_id=\"139\" class=\"ninja_table_row_6 nt_row_id_139\">\n            <td><\/td><td>Pedal de detecci\u00f3n de cadencia asistida, acelerador de gatillo (disco de sensor de 6 imanes)<\/td><td>Velocidad m\u00e1xima<\/td><td>UE: 15,6 mph (25 kph)\/Am\u00e9rica del Norte: 20 mph (32 kph)<\/td>        <\/tr>\n            <tr data-row_id=\"140\" class=\"ninja_table_row_7 nt_row_id_140\">\n            <td>Modo conductor<\/td><td><\/td><td><\/td><td><\/td>        <\/tr>\n            <tr data-row_id=\"141\" class=\"ninja_table_row_8 nt_row_id_141\">\n            <td>Tenedor<\/td><td>Suspensi\u00f3n b\u00e1sica Zoom<\/td><td>Peso total<\/td><td>48,5 libras (22 kg)<\/td>        <\/tr>\n            <tr data-row_id=\"142\" class=\"ninja_table_row_9 nt_row_id_142\">\n            <td>Marco<\/td><td>26&quot;, aleaci\u00f3n de aluminio 6061<\/td><td>Mostrar<\/td><td>Pantalla LED o LCD<\/td>        <\/tr>\n            <tr data-row_id=\"143\" class=\"ninja_table_row_10 nt_row_id_143\">\n            <td>Engranaje<\/td><td>7 velocidades 1x7, Shimano Tourney TX<\/td><td>Bielas<\/td><td>Plato de 44 dientes, bielas de 170 mm<\/td>        <\/tr>\n            <tr data-row_id=\"144\" class=\"ninja_table_row_11 nt_row_id_144\">\n            <td>Cambio<\/td><td>Shimano de 7 velocidades<\/td><td>pedales<\/td><td>Aleaci\u00f3n de aluminio<\/td>        <\/tr>\n            <tr data-row_id=\"145\" class=\"ninja_table_row_12 nt_row_id_145\">\n            <td>Auriculares<\/td><td>rodamiento sellado<\/td><td>Provenir<\/td><td>Aleaci\u00f3n de aluminio<\/td>        <\/tr>\n            <tr data-row_id=\"146\" class=\"ninja_table_row_13 nt_row_id_146\">\n            <td>Manillar<\/td><td>Aleaci\u00f3n de aluminio<\/td><td>Pu\u00f1os<\/td><td>Pu\u00f1os de goma<\/td>        <\/tr>\n            <tr data-row_id=\"147\" class=\"ninja_table_row_14 nt_row_id_147\">\n            <td>Freno<\/td><td>Disco Zoom OR Tektro con rotores de 160 mm<\/td><td>Palancas<\/td><td>Palancas Tektro e Inhibidor de Motor<\/td>        <\/tr>\n            <tr data-row_id=\"148\" class=\"ninja_table_row_15 nt_row_id_148\">\n            <td>Sill\u00edn<\/td><td>Velo<\/td><td>Tija de sill\u00edn<\/td><td>Aleaci\u00f3n de aluminio<\/td>        <\/tr>\n            <tr data-row_id=\"149\" class=\"ninja_table_row_16 nt_row_id_149\">\n            <td>Borde<\/td><td>Aleaci\u00f3n de aluminio<\/td><td>radios<\/td><td>Acero inoxidable, 36H<\/td>        <\/tr>\n    <\/tbody><!--ninja_tobody_rendering_done-->\n    <\/table>\n    \n    \n    \n<\/div>\n\n<h3>Empaquetado y entrega<\/h3>\n<p>Detalles de empaquetado: 1 unidad\/paquete<\/p>\n<p>Puerto: Ning Bo<\/p>\n<p>Tiempo de espera:<div id=\"footable_parent_572\"\n         class=\"footable_parent ninja_table_wrapper loading_ninja_table wp_table_data_press_parent semantic_ui\">\n                <table data-ninja_table_instance=\"ninja_table_instance_1\" data-footable_id=\"572\" data-filter-delay=\"1000\" aria-label=\"tiempo de entrega.csv\"            id=\"footable_572\"\n           data-unique_identifier=\"ninja_table_unique_id_745941623_572\"\n           class=\"foo-table ninja_footable foo_table_572 ninja_table_unique_id_745941623_572 ui table  nt_type_legacy_table selectable striped vertical_centered  footable-paging-right ninja_table_pro\">\n                <colgroup>\n                            <col class=\"ninja_column_0\">\n                            <col class=\"ninja_column_1\">\n                            <col class=\"ninja_column_2\">\n                    <\/colgroup>\n        <thead>\n<tr class=\"footable-header\">\n                                                        <th scope=\"col\"  class=\"ninja_column_0 ninja_clmn_nm_quantitypieces\">Cantidad (piezas)<\/th><th scope=\"col\"  class=\"ninja_column_1 ninja_clmn_nm_15\">1-50<\/th><th scope=\"col\"  class=\"ninja_column_2 ninja_clmn_nm_5\">&gt;50<\/th><\/tr>\n<\/thead>\n<tbody>\n\n        <tr data-row_id=\"132\" class=\"ninja_table_row_0 nt_row_id_132\">\n            <td>Plazo de ejecuci\u00f3n (d\u00edas)<\/td><td>60<\/td><td>Ser negociado<\/td>        <\/tr>\n    <\/tbody><!--ninja_tobody_rendering_done-->\n    <\/table>\n    \n    \n    \n<\/div>\n<\/p>\n<h3>Especificaciones<\/h3>\n<p>1. Suministro a EE. UU., Europa, Asia y Australia<br \/>\n2. Tiempo de entrega: 45 d\u00edas<br \/>\n3. Tama\u00f1os de cart\u00f3n: 155*77*27cm<br \/>\n4. Contenedor: 65 piezas\/20 pies; 180 piezas\/40 pies<\/p>\n<h3>Imagen de detalle<\/h3>\n<p><img fetchpriority=\"high\" decoding=\"async\" class=\"size-full wp-image-3702\" src=\"https:\/\/bglbike.com\/wp-content\/uploads\/2023\/03\/33-6.png\" alt=\"Im\u00e1genes detalladas\" width=\"600\" height=\"576\" srcset=\"https:\/\/bglbike.com\/wp-content\/uploads\/2023\/03\/33-6.png 600w, https:\/\/bglbike.com\/wp-content\/uploads\/2023\/03\/33-6-300x288.png 300w, https:\/\/bglbike.com\/wp-content\/uploads\/2023\/03\/33-6-13x12.png 13w, https:\/\/bglbike.com\/wp-content\/uploads\/2023\/03\/33-6-208x200.png 208w\" sizes=\"(max-width: 600px) 100vw, 600px\" \/><\/p>\n<h3>preguntas frecuentes<\/h3>\n<p><strong>P1:\u00bfCu\u00e1nto duran las bater\u00edas de una bicicleta de monta\u00f1a el\u00e9ctrica EMB16?<\/strong><br \/>\nLa expectativa de vida exacta depender\u00e1 de los estilos y h\u00e1bitos de conducci\u00f3n individuales, como la frecuencia con la que usan su bicicleta y la cantidad de esfuerzo que ejercen sobre ella.<\/p>\n<p><strong>P2: \u00bfSe requiere mantenimiento para una bicicleta de monta\u00f1a el\u00e9ctrica EMB16?<\/strong><br \/>\nS\u00ed, esto incluye comprobar los niveles de presi\u00f3n de los neum\u00e1ticos con regularidad, as\u00ed como lubricar la cadena peri\u00f3dicamente para garantizar un rendimiento \u00f3ptimo de tu bicicleta a lo largo del tiempo. Adem\u00e1s, es importante cargar constantemente la bater\u00eda con regularidad para que se mantenga saludable durante todo su ciclo de vida.<\/p>\n<p><strong>P3: \u00bfQu\u00e9 consideraciones de seguridad se deben tomar al andar en una bicicleta de monta\u00f1a el\u00e9ctrica EMB16?<\/strong><br \/>\nAl andar en una bicicleta de monta\u00f1a el\u00e9ctrica EMB16, es esencial que se sigan todas las precauciones de seguridad pertinentes, como usar el equipo de protecci\u00f3n adecuado, incluidos cascos, guantes y protecci\u00f3n para los ojos; ser consciente de los alrededores en todo momento; siguiendo todas las leyes de tr\u00e1nsito.<\/p>\n<p><a href=\"https:\/\/bglbike.com\/es\/categoria-de-producto\/electric-mountain-bike\/\" target=\"_blank\">Obtenga la soluci\u00f3n completa de bicicleta de monta\u00f1a el\u00e9ctrica.<\/a><\/p>","protected":false},"excerpt":{"rendered":"<p>\u00bfEst\u00e1 buscando un modo de transporte emocionante y sostenible para recorrer los senderos? El<strong> Bicicleta de monta\u00f1a el\u00e9ctrica EMB16<\/strong> tiene un gran impacto con su potente motor de cubo sin engranajes de 36V250W, dise\u00f1ado para hacer que subir colinas sea muy f\u00e1cil y brindar una emocionante aventura todoterreno. Si eres un ciclista experimentado o est\u00e1s empezando, la bicicleta de monta\u00f1a el\u00e9ctrica EMB16 es una excelente opci\u00f3n para llevar tu experiencia en bicicleta de monta\u00f1a al siguiente nivel. \u00bfEntonces, Qu\u00e9 esperas? \u00a1Prueba hoy la bicicleta de monta\u00f1a el\u00e9ctrica EMB16 y conquista nuevos terrenos con estilo y comodidad!<\/p>\n<p>&nbsp;<\/p>","protected":false},"featured_media":3918,"template":"","meta":{"site-sidebar-layout":"default","site-content-layout":"default","ast-site-content-layout":"default","site-content-style":"default","site-sidebar-style":"default","ast-global-header-display":"","ast-banner-title-visibility":"","ast-main-header-display":"","ast-hfb-above-header-display":"","ast-hfb-below-header-display":"","ast-hfb-mobile-header-display":"","site-post-title":"","ast-breadcrumbs-content":"","ast-featured-img":"","footer-sml-layout":"","ast-disable-related-posts":"","theme-transparent-header-meta":"default","adv-header-id-meta":"","stick-header-meta":"default","header-above-stick-meta":"","header-main-stick-meta":"","header-below-stick-meta":"","astra-migrate-meta-layouts":"default","ast-page-background-enabled":"default","ast-page-background-meta":{"desktop":{"background-color":"var(--ast-global-color-4)","background-image":"","background-repeat":"repeat","background-position":"center center","background-size":"auto","background-attachment":"scroll","background-type":"","background-media":"","overlay-type":"","overlay-color":"","overlay-opacity":"","overlay-gradient":""},"tablet":{"background-color":"","background-image":"","background-repeat":"repeat","background-position":"center center","background-size":"auto","background-attachment":"scroll","background-type":"","background-media":"","overlay-type":"","overlay-color":"","overlay-opacity":"","overlay-gradient":""},"mobile":{"background-color":"","background-image":"","background-repeat":"repeat","background-position":"center center","background-size":"auto","background-attachment":"scroll","background-type":"","background-media":"","overlay-type":"","overlay-color":"","overlay-opacity":"","overlay-gradient":""}},"ast-content-background-meta":{"desktop":{"background-color":"var(--ast-global-color-5)","background-image":"","background-repeat":"repeat","background-position":"center center","background-size":"auto","background-attachment":"scroll","background-type":"","background-media":"","overlay-type":"","overlay-color":"","overlay-opacity":"","overlay-gradient":""},"tablet":{"background-color":"var(--ast-global-color-5)","background-image":"","background-repeat":"repeat","background-position":"center center","background-size":"auto","background-attachment":"scroll","background-type":"","background-media":"","overlay-type":"","overlay-color":"","overlay-opacity":"","overlay-gradient":""},"mobile":{"background-color":"var(--ast-global-color-5)","background-image":"","background-repeat":"repeat","background-position":"center center","background-size":"auto","background-attachment":"scroll","background-type":"","background-media":"","overlay-type":"","overlay-color":"","overlay-opacity":"","overlay-gradient":""}}},"product_brand":[],"product_cat":[20],"product_tag":[],"class_list":{"0":"post-562","1":"product","2":"type-product","3":"status-publish","4":"has-post-thumbnail","6":"product_cat-electric-mountain-bike","7":"desktop-align-left","8":"tablet-align-left","9":"mobile-align-left","10":"ast-product-gallery-layout-horizontal-slider","11":"ast-product-gallery-with-no-image","12":"ast-product-single-variable","13":"ast-product-tabs-layout-horizontal","15":"first","16":"instock","17":"shipping-taxable","18":"purchasable","19":"product-type-variable"},"yoast_head":"<!-- This site is optimized with the Yoast SEO Premium plugin v20.9 (Yoast SEO v27.3) - https:\/\/yoast.com\/product\/yoast-seo-premium-wordpress\/ -->\n<title>EMB16 Electric Mountain Bike Powerful 36V250W gearless hub motor range between 19-25 miles - Bglbike<\/title>\n<meta name=\"description\" content=\"With its aluminum frame, hydraulic brakes, and adjustable suspension, this electric mountain bike is sure to provide a comfortable ride every time.\" \/>\n<meta name=\"robots\" content=\"index, follow, max-snippet:-1, max-image-preview:large, max-video-preview:-1\" \/>\n<link rel=\"canonical\" href=\"https:\/\/bglbike.com\/es\/producto\/emb16\/\" \/>\n<meta property=\"og:locale\" content=\"es_ES\" \/>\n<meta property=\"og:type\" content=\"article\" \/>\n<meta property=\"og:title\" content=\"EMB16 Electric Mountain Bike Powerful 36V250W gearless hub motor range between 19-25 miles\" \/>\n<meta property=\"og:description\" content=\"With its aluminum frame, hydraulic brakes, and adjustable suspension, this electric mountain bike is sure to provide a comfortable ride every time.\" \/>\n<meta property=\"og:url\" content=\"https:\/\/bglbike.com\/es\/producto\/emb16\/\" \/>\n<meta property=\"og:site_name\" content=\"Bglbike\" \/>\n<meta property=\"article:modified_time\" content=\"2023-05-31T03:02:04+00:00\" \/>\n<meta property=\"og:image\" content=\"https:\/\/bglbike.com\/wp-content\/uploads\/2023\/03\/EBB04-2-5.png\" \/>\n\t<meta property=\"og:image:width\" content=\"600\" \/>\n\t<meta property=\"og:image:height\" content=\"600\" \/>\n\t<meta property=\"og:image:type\" content=\"image\/png\" \/>\n<meta name=\"twitter:card\" content=\"summary_large_image\" \/>\n<meta name=\"twitter:label1\" content=\"Tiempo de lectura\" \/>\n\t<meta name=\"twitter:data1\" content=\"2 minutos\" \/>\n<script type=\"application\/ld+json\" class=\"yoast-schema-graph\">{\"@context\":\"https:\\\/\\\/schema.org\",\"@graph\":[{\"@type\":\"WebPage\",\"@id\":\"https:\\\/\\\/bglbike.com\\\/product\\\/emb16\\\/\",\"url\":\"https:\\\/\\\/bglbike.com\\\/product\\\/emb16\\\/\",\"name\":\"EMB16 Electric Mountain Bike Powerful 36V250W gearless hub motor range between 19-25 miles - Bglbike\",\"isPartOf\":{\"@id\":\"https:\\\/\\\/bglbike.com\\\/#website\"},\"primaryImageOfPage\":{\"@id\":\"https:\\\/\\\/bglbike.com\\\/product\\\/emb16\\\/#primaryimage\"},\"image\":{\"@id\":\"https:\\\/\\\/bglbike.com\\\/product\\\/emb16\\\/#primaryimage\"},\"thumbnailUrl\":\"https:\\\/\\\/bglbike.com\\\/wp-content\\\/uploads\\\/2023\\\/03\\\/EBB04-2-5.png\",\"datePublished\":\"2023-03-29T06:02:53+00:00\",\"dateModified\":\"2023-05-31T03:02:04+00:00\",\"description\":\"With its aluminum frame, hydraulic brakes, and adjustable suspension, this electric mountain bike is sure to provide a comfortable ride every time.\",\"breadcrumb\":{\"@id\":\"https:\\\/\\\/bglbike.com\\\/product\\\/emb16\\\/#breadcrumb\"},\"inLanguage\":\"es\",\"potentialAction\":[{\"@type\":\"ReadAction\",\"target\":[\"https:\\\/\\\/bglbike.com\\\/product\\\/emb16\\\/\"]}]},{\"@type\":\"ImageObject\",\"inLanguage\":\"es\",\"@id\":\"https:\\\/\\\/bglbike.com\\\/product\\\/emb16\\\/#primaryimage\",\"url\":\"https:\\\/\\\/bglbike.com\\\/wp-content\\\/uploads\\\/2023\\\/03\\\/EBB04-2-5.png\",\"contentUrl\":\"https:\\\/\\\/bglbike.com\\\/wp-content\\\/uploads\\\/2023\\\/03\\\/EBB04-2-5.png\",\"width\":600,\"height\":600,\"caption\":\"EMB16\"},{\"@type\":\"BreadcrumbList\",\"@id\":\"https:\\\/\\\/bglbike.com\\\/product\\\/emb16\\\/#breadcrumb\",\"itemListElement\":[{\"@type\":\"ListItem\",\"position\":1,\"name\":\"Home\",\"item\":\"https:\\\/\\\/bglbike.com\\\/\"},{\"@type\":\"ListItem\",\"position\":2,\"name\":\"Wholesale Electric Bike\",\"item\":\"https:\\\/\\\/bglbike.com\\\/wholesale-electric-bike\\\/\"},{\"@type\":\"ListItem\",\"position\":3,\"name\":\"EMB16 Electric Mountain Bike Powerful 36V250W gearless hub motor range between 19-25 miles\"}]},{\"@type\":\"WebSite\",\"@id\":\"https:\\\/\\\/bglbike.com\\\/#website\",\"url\":\"https:\\\/\\\/bglbike.com\\\/\",\"name\":\"Bglbike\",\"description\":\"Top  Ebike manufacturer in China\",\"publisher\":{\"@id\":\"https:\\\/\\\/bglbike.com\\\/#organization\"},\"potentialAction\":[{\"@type\":\"SearchAction\",\"target\":{\"@type\":\"EntryPoint\",\"urlTemplate\":\"https:\\\/\\\/bglbike.com\\\/?s={search_term_string}\"},\"query-input\":{\"@type\":\"PropertyValueSpecification\",\"valueRequired\":true,\"valueName\":\"search_term_string\"}}],\"inLanguage\":\"es\"},{\"@type\":\"Organization\",\"@id\":\"https:\\\/\\\/bglbike.com\\\/#organization\",\"name\":\"Bglbike\",\"url\":\"https:\\\/\\\/bglbike.com\\\/\",\"logo\":{\"@type\":\"ImageObject\",\"inLanguage\":\"es\",\"@id\":\"https:\\\/\\\/bglbike.com\\\/#\\\/schema\\\/logo\\\/image\\\/\",\"url\":\"https:\\\/\\\/bglbike.com\\\/wp-content\\\/uploads\\\/2023\\\/04\\\/cropped-LOGO.png\",\"contentUrl\":\"https:\\\/\\\/bglbike.com\\\/wp-content\\\/uploads\\\/2023\\\/04\\\/cropped-LOGO.png\",\"width\":426,\"height\":141,\"caption\":\"Bglbike\"},\"image\":{\"@id\":\"https:\\\/\\\/bglbike.com\\\/#\\\/schema\\\/logo\\\/image\\\/\"}}]}<\/script>\n<!-- \/ Yoast SEO Premium plugin. -->","yoast_head_json":{"title":"EMB16 Electric Mountain Bike Powerful 36V250W gearless hub motor range between 19-25 miles - Bglbike","description":"With its aluminum frame, hydraulic brakes, and adjustable suspension, this electric mountain bike is sure to provide a comfortable ride every time.","robots":{"index":"index","follow":"follow","max-snippet":"max-snippet:-1","max-image-preview":"max-image-preview:large","max-video-preview":"max-video-preview:-1"},"canonical":"https:\/\/bglbike.com\/es\/producto\/emb16\/","og_locale":"es_ES","og_type":"article","og_title":"EMB16 Electric Mountain Bike Powerful 36V250W gearless hub motor range between 19-25 miles","og_description":"With its aluminum frame, hydraulic brakes, and adjustable suspension, this electric mountain bike is sure to provide a comfortable ride every time.","og_url":"https:\/\/bglbike.com\/es\/producto\/emb16\/","og_site_name":"Bglbike","article_modified_time":"2023-05-31T03:02:04+00:00","og_image":[{"width":600,"height":600,"url":"https:\/\/bglbike.com\/wp-content\/uploads\/2023\/03\/EBB04-2-5.png","type":"image\/png"}],"twitter_card":"summary_large_image","twitter_misc":{"Tiempo de lectura":"2 minutos"},"schema":{"@context":"https:\/\/schema.org","@graph":[{"@type":"WebPage","@id":"https:\/\/bglbike.com\/product\/emb16\/","url":"https:\/\/bglbike.com\/product\/emb16\/","name":"EMB16 Electric Mountain Bike Powerful 36V250W gearless hub motor range between 19-25 miles - Bglbike","isPartOf":{"@id":"https:\/\/bglbike.com\/#website"},"primaryImageOfPage":{"@id":"https:\/\/bglbike.com\/product\/emb16\/#primaryimage"},"image":{"@id":"https:\/\/bglbike.com\/product\/emb16\/#primaryimage"},"thumbnailUrl":"https:\/\/bglbike.com\/wp-content\/uploads\/2023\/03\/EBB04-2-5.png","datePublished":"2023-03-29T06:02:53+00:00","dateModified":"2023-05-31T03:02:04+00:00","description":"With its aluminum frame, hydraulic brakes, and adjustable suspension, this electric mountain bike is sure to provide a comfortable ride every time.","breadcrumb":{"@id":"https:\/\/bglbike.com\/product\/emb16\/#breadcrumb"},"inLanguage":"es","potentialAction":[{"@type":"ReadAction","target":["https:\/\/bglbike.com\/product\/emb16\/"]}]},{"@type":"ImageObject","inLanguage":"es","@id":"https:\/\/bglbike.com\/product\/emb16\/#primaryimage","url":"https:\/\/bglbike.com\/wp-content\/uploads\/2023\/03\/EBB04-2-5.png","contentUrl":"https:\/\/bglbike.com\/wp-content\/uploads\/2023\/03\/EBB04-2-5.png","width":600,"height":600,"caption":"EMB16"},{"@type":"BreadcrumbList","@id":"https:\/\/bglbike.com\/product\/emb16\/#breadcrumb","itemListElement":[{"@type":"ListItem","position":1,"name":"Home","item":"https:\/\/bglbike.com\/"},{"@type":"ListItem","position":2,"name":"Wholesale Electric Bike","item":"https:\/\/bglbike.com\/wholesale-electric-bike\/"},{"@type":"ListItem","position":3,"name":"EMB16 Electric Mountain Bike Powerful 36V250W gearless hub motor range between 19-25 miles"}]},{"@type":"WebSite","@id":"https:\/\/bglbike.com\/#website","url":"https:\/\/bglbike.com\/","name":"Bglbike","description":"Top  Ebike manufacturer in China","publisher":{"@id":"https:\/\/bglbike.com\/#organization"},"potentialAction":[{"@type":"SearchAction","target":{"@type":"EntryPoint","urlTemplate":"https:\/\/bglbike.com\/?s={search_term_string}"},"query-input":{"@type":"PropertyValueSpecification","valueRequired":true,"valueName":"search_term_string"}}],"inLanguage":"es"},{"@type":"Organization","@id":"https:\/\/bglbike.com\/#organization","name":"Bglbike","url":"https:\/\/bglbike.com\/","logo":{"@type":"ImageObject","inLanguage":"es","@id":"https:\/\/bglbike.com\/#\/schema\/logo\/image\/","url":"https:\/\/bglbike.com\/wp-content\/uploads\/2023\/04\/cropped-LOGO.png","contentUrl":"https:\/\/bglbike.com\/wp-content\/uploads\/2023\/04\/cropped-LOGO.png","width":426,"height":141,"caption":"Bglbike"},"image":{"@id":"https:\/\/bglbike.com\/#\/schema\/logo\/image\/"}}]}},"_links":{"self":[{"href":"https:\/\/bglbike.com\/es\/wp-json\/wp\/v2\/product\/562","targetHints":{"allow":["GET"]}}],"collection":[{"href":"https:\/\/bglbike.com\/es\/wp-json\/wp\/v2\/product"}],"about":[{"href":"https:\/\/bglbike.com\/es\/wp-json\/wp\/v2\/types\/product"}],"wp:featuredmedia":[{"embeddable":true,"href":"https:\/\/bglbike.com\/es\/wp-json\/wp\/v2\/media\/3918"}],"wp:attachment":[{"href":"https:\/\/bglbike.com\/es\/wp-json\/wp\/v2\/media?parent=562"}],"wp:term":[{"taxonomy":"product_brand","embeddable":true,"href":"https:\/\/bglbike.com\/es\/wp-json\/wp\/v2\/product_brand?post=562"},{"taxonomy":"product_cat","embeddable":true,"href":"https:\/\/bglbike.com\/es\/wp-json\/wp\/v2\/product_cat?post=562"},{"taxonomy":"product_tag","embeddable":true,"href":"https:\/\/bglbike.com\/es\/wp-json\/wp\/v2\/product_tag?post=562"}],"curies":[{"name":"wp","href":"https:\/\/api.w.org\/{rel}","templated":true}]}}