{"id":553,"date":"2023-03-29T03:18:25","date_gmt":"2023-03-29T03:18:25","guid":{"rendered":"https:\/\/bglbike.com\/?post_type=product&#038;p=553"},"modified":"2023-05-31T03:02:52","modified_gmt":"2023-05-31T03:02:52","slug":"emb12","status":"publish","type":"product","link":"https:\/\/bglbike.com\/es\/producto\/emb12\/","title":{"rendered":"Distancia plegable de la suspensi\u00f3n 50km+Driving del motor de la parte posterior de la bici de monta\u00f1a el\u00e9ctrica EMB12 750W"},"content":{"rendered":"<h3>Descripci\u00f3n del Producto<\/h3>\n<div id=\"footable_parent_556\"\n         class=\"footable_parent ninja_table_wrapper loading_ninja_table wp_table_data_press_parent semantic_ui\">\n                <table data-ninja_table_instance=\"ninja_table_instance_0\" data-footable_id=\"556\" data-filter-delay=\"1000\" aria-label=\"EMB12.csv\"            id=\"footable_556\"\n           data-unique_identifier=\"ninja_table_unique_id_2962017659_556\"\n           class=\"foo-table ninja_footable foo_table_556 ninja_table_unique_id_2962017659_556 ui table  nt_type_legacy_table selectable striped vertical_centered  footable-paging-right ninja_table_pro\">\n                <colgroup>\n                            <col class=\"ninja_column_0\">\n                            <col class=\"ninja_column_1\">\n                    <\/colgroup>\n        <thead>\n<tr class=\"footable-header\">\n                                        <th scope=\"col\"  class=\"ninja_column_0 ninja_clmn_nm_modelnoemb12\">N\u00famero de modelo: EMB12<\/th><th scope=\"col\"  class=\"ninja_column_1 ninja_clmn_nm_chargetime46h\">\u00a0\u00a0 Tiempo de carga: 4-6H<\/th><\/tr>\n<\/thead>\n<tbody>\n\n        <tr data-row_id=\"100\" class=\"ninja_table_row_0 nt_row_id_100\">\n            <td>Marco :6061#Aleaci\u00f3n de aluminio, Plegable, Suspensi\u00f3n<\/td><td>Vida \u00fatil del cargador: &gt;500 veces<\/td>        <\/tr>\n            <tr data-row_id=\"101\" class=\"ninja_table_row_1 nt_row_id_101\">\n            <td>Motor: 36V o 48V 250W \/ 350W\/500W \/750W Motor trasero Bafang<\/td><td>Cargador: 100V CA - 240V CA<\/td>        <\/tr>\n            <tr data-row_id=\"102\" class=\"ninja_table_row_2 nt_row_id_102\">\n            <td>Bater\u00eda: bater\u00eda china o SANSUNG de 36V o 48V 10AH<\/td><td>Velocidad m\u00e1xima: 25-32 km\/h<\/td>        <\/tr>\n            <tr data-row_id=\"103\" class=\"ninja_table_row_3 nt_row_id_103\">\n            <td>Horquilla delantera: horquilla de integraci\u00f3n o horquilla de suspensi\u00f3n<\/td><td>Distancia de conducci\u00f3n:&gt; 50 km<\/td>        <\/tr>\n            <tr data-row_id=\"104\" class=\"ninja_table_row_4 nt_row_id_104\">\n            <td>Freno: Freno de disco Tektro delantero\/trasero<\/td><td>Capacidad de carga: 120 kg<\/td>        <\/tr>\n            <tr data-row_id=\"105\" class=\"ninja_table_row_5 nt_row_id_105\">\n            <td>Palanca de freno: Marca Tektro<\/td><td>Sistema de asistente de pedal: 1:1<\/td>        <\/tr>\n            <tr data-row_id=\"106\" class=\"ninja_table_row_6 nt_row_id_106\">\n            <td>Manillar\/v\u00e1stago: aleaci\u00f3n de aluminio.<\/td><td>Pantalla multifunci\u00f3n en el manillar:<\/td>        <\/tr>\n            <tr data-row_id=\"107\" class=\"ninja_table_row_7 nt_row_id_107\">\n            <td><\/td><td>LCD con velocidad PAS de 5 niveles,<\/td>        <\/tr>\n            <tr data-row_id=\"108\" class=\"ninja_table_row_8 nt_row_id_108\">\n            <td><\/td><td>interruptor de encendido\/apagado<\/td>        <\/tr>\n            <tr data-row_id=\"109\" class=\"ninja_table_row_9 nt_row_id_109\">\n            <td>Luz delantera y trasera LED<\/td><td>Carga del contenedor: 20 &quot;FCL 90 piezas 40&quot; FCL 225 piezas<\/td>        <\/tr>\n            <tr data-row_id=\"110\" class=\"ninja_table_row_10 nt_row_id_110\">\n            <td>\u00a0Mango con indicador de energ\u00eda de la bater\u00eda<\/td><td>\u00a0\u00a0NO: 25 kg; GW: 30kg<\/td>        <\/tr>\n            <tr data-row_id=\"111\" class=\"ninja_table_row_11 nt_row_id_111\">\n            <td>Dimensi\u00f3n del neum\u00e1tico: KENDA 26*1,95<\/td><td>Caja de embalaje: 147*25*78cm<\/td>        <\/tr>\n            <tr data-row_id=\"112\" class=\"ninja_table_row_12 nt_row_id_112\">\n            <td>Desviador: Shimano 7 velocidades<\/td><td>Colores disponibles: negro, plata u otros colores<\/td>        <\/tr>\n            <tr data-row_id=\"113\" class=\"ninja_table_row_13 nt_row_id_113\">\n            <td><\/td><td><\/td>        <\/tr>\n    <\/tbody><!--ninja_tobody_rendering_done-->\n    <\/table>\n    \n    \n    \n<\/div>\n\n<h3>Empaquetado y entrega<\/h3>\n<p>Detalles de empaquetado: Tama\u00f1o del cart\u00f3n: 147*25*78cm<\/p>\n<p>Cantidad de contenedores: 96 piezas\/20 pies, 250 piezas\/40HQ<\/p>\n<p>Puerto: Ningbo o Shanghai<\/p>\n<p>Tiempo de espera:<div id=\"footable_parent_557\"\n         class=\"footable_parent ninja_table_wrapper loading_ninja_table wp_table_data_press_parent semantic_ui\">\n                <table data-ninja_table_instance=\"ninja_table_instance_1\" data-footable_id=\"557\" data-filter-delay=\"1000\" aria-label=\"tiempo de entrega.csv\"            id=\"footable_557\"\n           data-unique_identifier=\"ninja_table_unique_id_2772564992_557\"\n           class=\"foo-table ninja_footable foo_table_557 ninja_table_unique_id_2772564992_557 ui table  nt_type_legacy_table selectable striped vertical_centered  footable-paging-right ninja_table_pro\">\n                <colgroup>\n                            <col class=\"ninja_column_0\">\n                            <col class=\"ninja_column_1\">\n                            <col class=\"ninja_column_2\">\n                    <\/colgroup>\n        <thead>\n<tr class=\"footable-header\">\n                                                        <th scope=\"col\"  class=\"ninja_column_0 ninja_clmn_nm_quantitypieces\">Cantidad (piezas)<\/th><th scope=\"col\"  class=\"ninja_column_1 ninja_clmn_nm_15\">1-50<\/th><th scope=\"col\"  class=\"ninja_column_2 ninja_clmn_nm_5\">&gt;50<\/th><\/tr>\n<\/thead>\n<tbody>\n\n        <tr data-row_id=\"114\" class=\"ninja_table_row_0 nt_row_id_114\">\n            <td>Plazo de ejecuci\u00f3n (d\u00edas)<\/td><td>70<\/td><td>Ser negociado<\/td>        <\/tr>\n    <\/tbody><!--ninja_tobody_rendering_done-->\n    <\/table>\n    \n    \n    \n<\/div>\n<\/p>\n<h3>Imagen de detalle<\/h3>\n<p><img fetchpriority=\"high\" decoding=\"async\" class=\"size-full wp-image-3705\" src=\"https:\/\/bglbike.com\/wp-content\/uploads\/2023\/03\/33-8-e1681268965183.png\" alt=\"Im\u00e1genes detalladas\" width=\"600\" height=\"576\" srcset=\"https:\/\/bglbike.com\/wp-content\/uploads\/2023\/03\/33-8-e1681268965183.png 600w, https:\/\/bglbike.com\/wp-content\/uploads\/2023\/03\/33-8-e1681268965183-300x288.png 300w, https:\/\/bglbike.com\/wp-content\/uploads\/2023\/03\/33-8-e1681268965183-13x12.png 13w, https:\/\/bglbike.com\/wp-content\/uploads\/2023\/03\/33-8-e1681268965183-208x200.png 208w\" sizes=\"(max-width: 600px) 100vw, 600px\" \/><\/p>\n<h3>Preguntas frecuentes sobre la bicicleta de monta\u00f1a el\u00e9ctrica EMB12<\/h3>\n<p>&nbsp;<\/p>\n<p><strong>\u00bfCu\u00e1l es la velocidad m\u00e1xima de la bicicleta de monta\u00f1a el\u00e9ctrica EMB12?<\/strong><\/p>\n<p>La bicicleta de monta\u00f1a el\u00e9ctrica EMB12 tiene una velocidad m\u00e1xima de 32 km\/h, lo que la convierte en una opci\u00f3n ideal para aventuras todoterreno.<\/p>\n<p><strong>\u00bfQu\u00e9 tipo de suspensi\u00f3n tiene la Mountain Bike El\u00e9ctrica EMB12?<\/strong><\/p>\n<p>La bicicleta de monta\u00f1a el\u00e9ctrica EMB12 cuenta con un sistema de suspensi\u00f3n premium, que incluye una suspensi\u00f3n de horquilla delantera y un amortiguador de suspensi\u00f3n trasera. Esto ayuda a garantizar una conducci\u00f3n suave y c\u00f3moda, incluso en terrenos irregulares y accidentados.<\/p>\n<p><strong>\u00bfLa bicicleta de monta\u00f1a el\u00e9ctrica EMB12 es adecuada para ciclistas de todos los niveles?<\/strong><\/p>\n<p>S\u00ed, la bicicleta de monta\u00f1a el\u00e9ctrica EMB12 es adecuada para ciclistas de todos los niveles, desde principiantes hasta ciclistas experimentados. Los niveles de velocidad ajustables de la bicicleta, as\u00ed como su sistema de suspensi\u00f3n y su potente motor, la convierten en una opci\u00f3n vers\u00e1til para una amplia gama de escenarios de conducci\u00f3n. Ya sea que est\u00e9 recorriendo la ciudad o enfrentando desafiantes senderos de monta\u00f1a, la bicicleta de monta\u00f1a el\u00e9ctrica EMB12 est\u00e1 lista para el desaf\u00edo.<\/p>\n<p><a href=\"https:\/\/bglbike.com\/es\/categoria-de-producto\/electric-mountain-bike\/\" target=\"_blank\">Obtenga la soluci\u00f3n completa de bicicleta de monta\u00f1a el\u00e9ctrica.<\/a><\/p>","protected":false},"excerpt":{"rendered":"<p><strong>Distancia de conducci\u00f3n de la suspensi\u00f3n 50km+ del motor trasero plegable 750W de la bici de monta\u00f1a el\u00e9ctrica EMB12<\/strong> es liviano y est\u00e1 repleto de caracter\u00edsticas, como un potente motor el\u00e9ctrico, configuraciones de velocidad ajustables y una construcci\u00f3n ultra duradera que puede manejar terrenos dif\u00edciles. El motor tiene un sistema de protecci\u00f3n de energ\u00eda que asegura que su bicicleta disfrute de un andar suave incluso cuando conduce fuera de la carretera. El EMB12 para bicicletas de monta\u00f1a el\u00e9ctricas es la elecci\u00f3n perfecta para las empresas que compran bicicletas el\u00e9ctricas al por mayor. Esta bicicleta est\u00e1 fabricada con materiales de alta calidad y viene con una variedad de caracter\u00edsticas que la hacen ideal para ciclismo de monta\u00f1a u otras actividades al aire libre.<\/p>","protected":false},"featured_media":3920,"template":"","meta":{"site-sidebar-layout":"default","site-content-layout":"default","ast-site-content-layout":"default","site-content-style":"default","site-sidebar-style":"default","ast-global-header-display":"","ast-banner-title-visibility":"","ast-main-header-display":"","ast-hfb-above-header-display":"","ast-hfb-below-header-display":"","ast-hfb-mobile-header-display":"","site-post-title":"","ast-breadcrumbs-content":"","ast-featured-img":"","footer-sml-layout":"","ast-disable-related-posts":"","theme-transparent-header-meta":"default","adv-header-id-meta":"","stick-header-meta":"default","header-above-stick-meta":"","header-main-stick-meta":"","header-below-stick-meta":"","astra-migrate-meta-layouts":"default","ast-page-background-enabled":"default","ast-page-background-meta":{"desktop":{"background-color":"var(--ast-global-color-4)","background-image":"","background-repeat":"repeat","background-position":"center center","background-size":"auto","background-attachment":"scroll","background-type":"","background-media":"","overlay-type":"","overlay-color":"","overlay-opacity":"","overlay-gradient":""},"tablet":{"background-color":"","background-image":"","background-repeat":"repeat","background-position":"center center","background-size":"auto","background-attachment":"scroll","background-type":"","background-media":"","overlay-type":"","overlay-color":"","overlay-opacity":"","overlay-gradient":""},"mobile":{"background-color":"","background-image":"","background-repeat":"repeat","background-position":"center center","background-size":"auto","background-attachment":"scroll","background-type":"","background-media":"","overlay-type":"","overlay-color":"","overlay-opacity":"","overlay-gradient":""}},"ast-content-background-meta":{"desktop":{"background-color":"var(--ast-global-color-5)","background-image":"","background-repeat":"repeat","background-position":"center center","background-size":"auto","background-attachment":"scroll","background-type":"","background-media":"","overlay-type":"","overlay-color":"","overlay-opacity":"","overlay-gradient":""},"tablet":{"background-color":"var(--ast-global-color-5)","background-image":"","background-repeat":"repeat","background-position":"center center","background-size":"auto","background-attachment":"scroll","background-type":"","background-media":"","overlay-type":"","overlay-color":"","overlay-opacity":"","overlay-gradient":""},"mobile":{"background-color":"var(--ast-global-color-5)","background-image":"","background-repeat":"repeat","background-position":"center center","background-size":"auto","background-attachment":"scroll","background-type":"","background-media":"","overlay-type":"","overlay-color":"","overlay-opacity":"","overlay-gradient":""}}},"product_brand":[],"product_cat":[20],"product_tag":[],"class_list":{"0":"post-553","1":"product","2":"type-product","3":"status-publish","4":"has-post-thumbnail","6":"product_cat-electric-mountain-bike","7":"desktop-align-left","8":"tablet-align-left","9":"mobile-align-left","10":"ast-product-gallery-layout-horizontal-slider","11":"ast-product-gallery-with-no-image","12":"ast-product-single-variable","13":"ast-product-tabs-layout-horizontal","15":"first","16":"instock","17":"shipping-taxable","18":"purchasable","19":"product-type-variable"},"yoast_head":"<!-- This site is optimized with the Yoast SEO Premium plugin v20.9 (Yoast SEO v27.4) - https:\/\/yoast.com\/product\/yoast-seo-premium-wordpress\/ -->\n<title>EMB12 Electric Mountain Bike Foldable 750W Rear Motor Suspension 50km+Driving Distance - Bglbike<\/title>\n<meta name=\"description\" content=\"This stylish accessory adds more power and control over the terrain and will take your mountain biking experience to the next level.\" \/>\n<meta name=\"robots\" content=\"index, follow, max-snippet:-1, max-image-preview:large, max-video-preview:-1\" \/>\n<link rel=\"canonical\" href=\"https:\/\/bglbike.com\/es\/producto\/emb12\/\" \/>\n<meta property=\"og:locale\" content=\"es_ES\" \/>\n<meta property=\"og:type\" content=\"article\" \/>\n<meta property=\"og:title\" content=\"EMB12 Electric Mountain Bike Foldable 750W Rear Motor Suspension 50km+Driving Distance\" \/>\n<meta property=\"og:description\" content=\"This stylish accessory adds more power and control over the terrain and will take your mountain biking experience to the next level.\" \/>\n<meta property=\"og:url\" content=\"https:\/\/bglbike.com\/es\/producto\/emb12\/\" \/>\n<meta property=\"og:site_name\" content=\"Bglbike\" \/>\n<meta property=\"article:modified_time\" content=\"2023-05-31T03:02:52+00:00\" \/>\n<meta property=\"og:image\" content=\"https:\/\/bglbike.com\/wp-content\/uploads\/2023\/03\/EBB04-3-3.png\" \/>\n\t<meta property=\"og:image:width\" content=\"600\" \/>\n\t<meta property=\"og:image:height\" content=\"600\" \/>\n\t<meta property=\"og:image:type\" content=\"image\/png\" \/>\n<meta name=\"twitter:card\" content=\"summary_large_image\" \/>\n<meta name=\"twitter:label1\" content=\"Tiempo de lectura\" \/>\n\t<meta name=\"twitter:data1\" content=\"2 minutos\" \/>\n<script type=\"application\/ld+json\" class=\"yoast-schema-graph\">{\"@context\":\"https:\\\/\\\/schema.org\",\"@graph\":[{\"@type\":\"WebPage\",\"@id\":\"https:\\\/\\\/bglbike.com\\\/product\\\/emb12\\\/\",\"url\":\"https:\\\/\\\/bglbike.com\\\/product\\\/emb12\\\/\",\"name\":\"EMB12 Electric Mountain Bike Foldable 750W Rear Motor Suspension 50km+Driving Distance - Bglbike\",\"isPartOf\":{\"@id\":\"https:\\\/\\\/bglbike.com\\\/#website\"},\"primaryImageOfPage\":{\"@id\":\"https:\\\/\\\/bglbike.com\\\/product\\\/emb12\\\/#primaryimage\"},\"image\":{\"@id\":\"https:\\\/\\\/bglbike.com\\\/product\\\/emb12\\\/#primaryimage\"},\"thumbnailUrl\":\"https:\\\/\\\/bglbike.com\\\/wp-content\\\/uploads\\\/2023\\\/03\\\/EBB04-3-3.png\",\"datePublished\":\"2023-03-29T03:18:25+00:00\",\"dateModified\":\"2023-05-31T03:02:52+00:00\",\"description\":\"This stylish accessory adds more power and control over the terrain and will take your mountain biking experience to the next level.\",\"breadcrumb\":{\"@id\":\"https:\\\/\\\/bglbike.com\\\/product\\\/emb12\\\/#breadcrumb\"},\"inLanguage\":\"es\",\"potentialAction\":[{\"@type\":\"ReadAction\",\"target\":[\"https:\\\/\\\/bglbike.com\\\/product\\\/emb12\\\/\"]}]},{\"@type\":\"ImageObject\",\"inLanguage\":\"es\",\"@id\":\"https:\\\/\\\/bglbike.com\\\/product\\\/emb12\\\/#primaryimage\",\"url\":\"https:\\\/\\\/bglbike.com\\\/wp-content\\\/uploads\\\/2023\\\/03\\\/EBB04-3-3.png\",\"contentUrl\":\"https:\\\/\\\/bglbike.com\\\/wp-content\\\/uploads\\\/2023\\\/03\\\/EBB04-3-3.png\",\"width\":600,\"height\":600,\"caption\":\"EMB12\"},{\"@type\":\"BreadcrumbList\",\"@id\":\"https:\\\/\\\/bglbike.com\\\/product\\\/emb12\\\/#breadcrumb\",\"itemListElement\":[{\"@type\":\"ListItem\",\"position\":1,\"name\":\"Home\",\"item\":\"https:\\\/\\\/bglbike.com\\\/\"},{\"@type\":\"ListItem\",\"position\":2,\"name\":\"Wholesale Electric Bike\",\"item\":\"https:\\\/\\\/bglbike.com\\\/wholesale-electric-bike\\\/\"},{\"@type\":\"ListItem\",\"position\":3,\"name\":\"EMB12 Electric Mountain Bike Foldable 750W Rear Motor Suspension 50km+Driving Distance\"}]},{\"@type\":\"WebSite\",\"@id\":\"https:\\\/\\\/bglbike.com\\\/#website\",\"url\":\"https:\\\/\\\/bglbike.com\\\/\",\"name\":\"Bglbike\",\"description\":\"Top  Ebike manufacturer in China\",\"publisher\":{\"@id\":\"https:\\\/\\\/bglbike.com\\\/#organization\"},\"potentialAction\":[{\"@type\":\"SearchAction\",\"target\":{\"@type\":\"EntryPoint\",\"urlTemplate\":\"https:\\\/\\\/bglbike.com\\\/?s={search_term_string}\"},\"query-input\":{\"@type\":\"PropertyValueSpecification\",\"valueRequired\":true,\"valueName\":\"search_term_string\"}}],\"inLanguage\":\"es\"},{\"@type\":\"Organization\",\"@id\":\"https:\\\/\\\/bglbike.com\\\/#organization\",\"name\":\"Bglbike\",\"url\":\"https:\\\/\\\/bglbike.com\\\/\",\"logo\":{\"@type\":\"ImageObject\",\"inLanguage\":\"es\",\"@id\":\"https:\\\/\\\/bglbike.com\\\/#\\\/schema\\\/logo\\\/image\\\/\",\"url\":\"https:\\\/\\\/bglbike.com\\\/wp-content\\\/uploads\\\/2023\\\/04\\\/cropped-LOGO.png\",\"contentUrl\":\"https:\\\/\\\/bglbike.com\\\/wp-content\\\/uploads\\\/2023\\\/04\\\/cropped-LOGO.png\",\"width\":426,\"height\":141,\"caption\":\"Bglbike\"},\"image\":{\"@id\":\"https:\\\/\\\/bglbike.com\\\/#\\\/schema\\\/logo\\\/image\\\/\"}}]}<\/script>\n<!-- \/ Yoast SEO Premium plugin. -->","yoast_head_json":{"title":"EMB12 Electric Mountain Bike Foldable 750W Rear Motor Suspension 50km+Driving Distance - Bglbike","description":"This stylish accessory adds more power and control over the terrain and will take your mountain biking experience to the next level.","robots":{"index":"index","follow":"follow","max-snippet":"max-snippet:-1","max-image-preview":"max-image-preview:large","max-video-preview":"max-video-preview:-1"},"canonical":"https:\/\/bglbike.com\/es\/producto\/emb12\/","og_locale":"es_ES","og_type":"article","og_title":"EMB12 Electric Mountain Bike Foldable 750W Rear Motor Suspension 50km+Driving Distance","og_description":"This stylish accessory adds more power and control over the terrain and will take your mountain biking experience to the next level.","og_url":"https:\/\/bglbike.com\/es\/producto\/emb12\/","og_site_name":"Bglbike","article_modified_time":"2023-05-31T03:02:52+00:00","og_image":[{"width":600,"height":600,"url":"https:\/\/bglbike.com\/wp-content\/uploads\/2023\/03\/EBB04-3-3.png","type":"image\/png"}],"twitter_card":"summary_large_image","twitter_misc":{"Tiempo de lectura":"2 minutos"},"schema":{"@context":"https:\/\/schema.org","@graph":[{"@type":"WebPage","@id":"https:\/\/bglbike.com\/product\/emb12\/","url":"https:\/\/bglbike.com\/product\/emb12\/","name":"EMB12 Electric Mountain Bike Foldable 750W Rear Motor Suspension 50km+Driving Distance - Bglbike","isPartOf":{"@id":"https:\/\/bglbike.com\/#website"},"primaryImageOfPage":{"@id":"https:\/\/bglbike.com\/product\/emb12\/#primaryimage"},"image":{"@id":"https:\/\/bglbike.com\/product\/emb12\/#primaryimage"},"thumbnailUrl":"https:\/\/bglbike.com\/wp-content\/uploads\/2023\/03\/EBB04-3-3.png","datePublished":"2023-03-29T03:18:25+00:00","dateModified":"2023-05-31T03:02:52+00:00","description":"This stylish accessory adds more power and control over the terrain and will take your mountain biking experience to the next level.","breadcrumb":{"@id":"https:\/\/bglbike.com\/product\/emb12\/#breadcrumb"},"inLanguage":"es","potentialAction":[{"@type":"ReadAction","target":["https:\/\/bglbike.com\/product\/emb12\/"]}]},{"@type":"ImageObject","inLanguage":"es","@id":"https:\/\/bglbike.com\/product\/emb12\/#primaryimage","url":"https:\/\/bglbike.com\/wp-content\/uploads\/2023\/03\/EBB04-3-3.png","contentUrl":"https:\/\/bglbike.com\/wp-content\/uploads\/2023\/03\/EBB04-3-3.png","width":600,"height":600,"caption":"EMB12"},{"@type":"BreadcrumbList","@id":"https:\/\/bglbike.com\/product\/emb12\/#breadcrumb","itemListElement":[{"@type":"ListItem","position":1,"name":"Home","item":"https:\/\/bglbike.com\/"},{"@type":"ListItem","position":2,"name":"Wholesale Electric Bike","item":"https:\/\/bglbike.com\/wholesale-electric-bike\/"},{"@type":"ListItem","position":3,"name":"EMB12 Electric Mountain Bike Foldable 750W Rear Motor Suspension 50km+Driving Distance"}]},{"@type":"WebSite","@id":"https:\/\/bglbike.com\/#website","url":"https:\/\/bglbike.com\/","name":"Bglbike","description":"Top  Ebike manufacturer in China","publisher":{"@id":"https:\/\/bglbike.com\/#organization"},"potentialAction":[{"@type":"SearchAction","target":{"@type":"EntryPoint","urlTemplate":"https:\/\/bglbike.com\/?s={search_term_string}"},"query-input":{"@type":"PropertyValueSpecification","valueRequired":true,"valueName":"search_term_string"}}],"inLanguage":"es"},{"@type":"Organization","@id":"https:\/\/bglbike.com\/#organization","name":"Bglbike","url":"https:\/\/bglbike.com\/","logo":{"@type":"ImageObject","inLanguage":"es","@id":"https:\/\/bglbike.com\/#\/schema\/logo\/image\/","url":"https:\/\/bglbike.com\/wp-content\/uploads\/2023\/04\/cropped-LOGO.png","contentUrl":"https:\/\/bglbike.com\/wp-content\/uploads\/2023\/04\/cropped-LOGO.png","width":426,"height":141,"caption":"Bglbike"},"image":{"@id":"https:\/\/bglbike.com\/#\/schema\/logo\/image\/"}}]}},"_links":{"self":[{"href":"https:\/\/bglbike.com\/es\/wp-json\/wp\/v2\/product\/553","targetHints":{"allow":["GET"]}}],"collection":[{"href":"https:\/\/bglbike.com\/es\/wp-json\/wp\/v2\/product"}],"about":[{"href":"https:\/\/bglbike.com\/es\/wp-json\/wp\/v2\/types\/product"}],"wp:featuredmedia":[{"embeddable":true,"href":"https:\/\/bglbike.com\/es\/wp-json\/wp\/v2\/media\/3920"}],"wp:attachment":[{"href":"https:\/\/bglbike.com\/es\/wp-json\/wp\/v2\/media?parent=553"}],"wp:term":[{"taxonomy":"product_brand","embeddable":true,"href":"https:\/\/bglbike.com\/es\/wp-json\/wp\/v2\/product_brand?post=553"},{"taxonomy":"product_cat","embeddable":true,"href":"https:\/\/bglbike.com\/es\/wp-json\/wp\/v2\/product_cat?post=553"},{"taxonomy":"product_tag","embeddable":true,"href":"https:\/\/bglbike.com\/es\/wp-json\/wp\/v2\/product_tag?post=553"}],"curies":[{"name":"wp","href":"https:\/\/api.w.org\/{rel}","templated":true}]}}