{"id":536,"date":"2023-03-28T08:25:34","date_gmt":"2023-03-28T08:25:34","guid":{"rendered":"https:\/\/bglbike.com\/?post_type=product&#038;p=536"},"modified":"2023-05-31T03:03:15","modified_gmt":"2023-05-31T03:03:15","slug":"emb02","status":"publish","type":"product","link":"https:\/\/bglbike.com\/es\/producto\/emb02\/","title":{"rendered":"EMB02 Bicicleta de monta\u00f1a el\u00e9ctrica 350W Motor Shimano 7\/8 Velocidad Engranajes 36V \/ 48V Bater\u00eda de litio"},"content":{"rendered":"<h3>Descripci\u00f3n del Producto<\/h3>\n<div id=\"footable_parent_552\"\n         class=\"footable_parent ninja_table_wrapper loading_ninja_table wp_table_data_press_parent semantic_ui colored_table\">\n                <table data-ninja_table_instance=\"ninja_table_instance_0\" data-footable_id=\"552\" data-filter-delay=\"1000\" aria-label=\"EMB02.csv\"            id=\"footable_552\"\n           data-unique_identifier=\"ninja_table_unique_id_3905847230_552\"\n           class=\"foo-table ninja_footable foo_table_552 ninja_table_unique_id_3905847230_552 ui table  white nt_type_legacy_table selectable striped vertical_centered inverted footable-paging-right ninja_table_pro\">\n                <colgroup>\n                            <col class=\"ninja_column_0\">\n                            <col class=\"ninja_column_1\">\n                            <col class=\"ninja_column_2\">\n                            <col class=\"ninja_column_3\">\n                    <\/colgroup>\n        <thead>\n<tr class=\"footable-header\">\n                                                                        <th scope=\"col\"  class=\"ninja_column_0 ninja_clmn_nm_motor\">motora<\/th><th scope=\"col\"  class=\"ninja_column_1 ninja_clmn_nm_36v25w48v35wbrushlesshubmotor\">Motor de cubo sin escobillas 36V 250W\/48V 350W<\/th><th scope=\"col\"  class=\"ninja_column_2 ninja_clmn_nm_display\">Mostrar<\/th><th scope=\"col\"  class=\"ninja_column_3 ninja_clmn_nm_ledlcddisplay\">Pantalla LED\/LCD<\/th><\/tr>\n<\/thead>\n<tbody>\n\n        <tr data-row_id=\"93\" class=\"ninja_table_row_0 nt_row_id_93\">\n            <td>Bater\u00eda<\/td><td>Bater\u00eda de litio 36V\/48V 10AH<\/td><td>Freno<\/td><td>Freno de disco delantero y trasero<\/td>        <\/tr>\n            <tr data-row_id=\"94\" class=\"ninja_table_row_1 nt_row_id_94\">\n            <td>Fuerza<\/td><td>250w\/350w\/500w<\/td><td>Velocidad m\u00e1xima<\/td><td>Europa: 25 km\/h; Norteam\u00e9rica: 32 km\/h<\/td>        <\/tr>\n            <tr data-row_id=\"95\" class=\"ninja_table_row_2 nt_row_id_95\">\n            <td>Tenedor<\/td><td>Suspensi\u00f3n b\u00e1sica<\/td><td>Certificaci\u00f3n<\/td><td>CE<\/td>        <\/tr>\n            <tr data-row_id=\"96\" class=\"ninja_table_row_3 nt_row_id_96\">\n            <td>Engranajes de velocidad<\/td><td>Engranajes Shimano de 7\/8 velocidades<\/td><td>Garant\u00eda<\/td><td>1 a\u00f1o<\/td>        <\/tr>\n            <tr data-row_id=\"97\" class=\"ninja_table_row_4 nt_row_id_97\">\n            <td>N\u00famero de modelo<\/td><td>EMB02<\/td><td>MOQ<\/td><td>10 piezas<\/td>        <\/tr>\n            <tr data-row_id=\"98\" class=\"ninja_table_row_5 nt_row_id_98\">\n            <td>Color<\/td><td>personalizado<\/td><td>Neum\u00e1tico<\/td><td>\u00a0Kenda 26\u00d71.95<\/td>        <\/tr>\n            <tr data-row_id=\"99\" class=\"ninja_table_row_6 nt_row_id_99\">\n            <td>G\u00e9nero<\/td><td>Adulto, Hombres<\/td><td>Precio<\/td><td>USD365-USD485<\/td>        <\/tr>\n    <\/tbody><!--ninja_tobody_rendering_done-->\n    <\/table>\n    \n    \n    \n<\/div>\n\n<h3>Empaquetado y entrega<\/h3>\n<p>Detalles de empaquetado: 135*24*70cm 110 piezas\/20 pies 240 piezas\/40 pies 285 piezas\/40HQ<br \/>\nPuerto: Ningb\u00f3<br \/>\nPlazo de ejecuci\u00f3n: 30-45 d\u00edas<\/p>\n<h3>Imagen de detalle<\/h3>\n<p><img fetchpriority=\"high\" decoding=\"async\" class=\"size-full wp-image-3711\" src=\"https:\/\/bglbike.com\/wp-content\/uploads\/2023\/03\/333-23.png\" alt=\"Im\u00e1genes detalladas\" width=\"600\" height=\"600\" srcset=\"https:\/\/bglbike.com\/wp-content\/uploads\/2023\/03\/333-23.png 600w, https:\/\/bglbike.com\/wp-content\/uploads\/2023\/03\/333-23-300x300.png 300w, https:\/\/bglbike.com\/wp-content\/uploads\/2023\/03\/333-23-150x150.png 150w, https:\/\/bglbike.com\/wp-content\/uploads\/2023\/03\/333-23-12x12.png 12w, https:\/\/bglbike.com\/wp-content\/uploads\/2023\/03\/333-23-200x200.png 200w, https:\/\/bglbike.com\/wp-content\/uploads\/2023\/03\/333-23-100x100.png 100w\" sizes=\"(max-width: 600px) 100vw, 600px\" \/><\/p>\n<h3>preguntas frecuentes<\/h3>\n<p><strong>P1: \u00bfQu\u00e9 es una bicicleta de monta\u00f1a el\u00e9ctrica?<\/strong><br \/>\nUna bicicleta de monta\u00f1a el\u00e9ctrica es un tipo de bicicleta con un motor el\u00e9ctrico y una bater\u00eda integrados, que pueden ayudar al ciclista mientras est\u00e1 en un paseo. Este tipo de bicicleta es ideal para terrenos m\u00e1s desafiantes, como senderos monta\u00f1osos, ya que la asistencia del motor facilita la conquista de este tipo de rutas.<\/p>\n<p><strong>P2: \u00bfQu\u00e9 tan r\u00e1pido puede ir una bicicleta de monta\u00f1a el\u00e9ctrica?<\/strong><br \/>\nLa velocidad de una bicicleta de monta\u00f1a el\u00e9ctrica depende de su potencia nominal y del peso del ciclista. En t\u00e9rminos generales, la mayor\u00eda de las bicicletas el\u00e9ctricas pueden alcanzar velocidades de hasta 32 km\/h (20 mph). Sin embargo, los modelos con clasificaciones de vataje m\u00e1s altas pueden obtener tasas m\u00e1s altas a m\u00e1s de 48 km\/h (30 mph).<\/p>\n<p><strong>P3:\u00bfCu\u00e1les son los beneficios de andar en bicicleta de monta\u00f1a el\u00e9ctrica?<\/strong><br \/>\nLas bicicletas el\u00e9ctricas ofrecen numerosos beneficios en comparaci\u00f3n con las bicicletas tradicionales, incluida una aceleraci\u00f3n m\u00e1s r\u00e1pida y una mayor capacidad para subir pendientes gracias a sus motores y una mayor comodidad durante los viajes m\u00e1s largos gracias a sus sistemas de suspensi\u00f3n. Tambi\u00e9n permiten a los ciclistas recorrer distancias m\u00e1s largas con menos esfuerzo que si solo confiaran en su potencia de pedaleo.<\/p>\n<p><strong>P4: \u00bfPuedo reemplazar la bater\u00eda de mi bicicleta de monta\u00f1a el\u00e9ctrica?<\/strong><br \/>\nLa bater\u00eda en la mayor\u00eda de las bicicletas el\u00e9ctricas se puede reemplazar si es necesario, aunque es importante tener en cuenta que esto a menudo anular\u00e1 la garant\u00eda que viene con la compra de su bicicleta el\u00e9ctrica. Tambi\u00e9n se recomienda que consulte con un t\u00e9cnico profesional antes de intentar cualquier trabajo de mantenimiento o reparaci\u00f3n en su bicicleta el\u00e9ctrica, ya que un manejo inadecuado puede causar da\u00f1os tanto a la bater\u00eda como a otros componentes de su bicicleta el\u00e9ctrica.<\/p>\n<p><a href=\"https:\/\/bglbike.com\/es\/categoria-de-producto\/electric-mountain-bike\/\" target=\"_blank\">Obtenga la soluci\u00f3n completa de bicicleta de monta\u00f1a el\u00e9ctrica.<\/a><\/p>","protected":false},"excerpt":{"rendered":"<p>El <strong>EMB02 Bicicleta de monta\u00f1a el\u00e9ctrica 350W Motor Shimano 7\/8 Velocidad Engranajes 36V \/ 48V Bater\u00eda de litio<\/strong> es una excelente opci\u00f3n para empresas que buscan una bicicleta el\u00e9ctrica asequible y confiable. Tiene un marco duradero y un motor potente que lo hacen perfecto para atravesar terrenos accidentados. Adem\u00e1s, viene con todas las comodidades que necesitas para que tu viaje sea lo m\u00e1s c\u00f3modo posible, incluido un sistema de suspensi\u00f3n y una altura de asiento ajustable. Entonces, si buscas una excelente bicicleta el\u00e9ctrica que pueda manejarse en cualquier terreno, la EMB02 es la elecci\u00f3n perfecta. \u00a1Pide el tuyo hoy!<\/p>","protected":false},"featured_media":3917,"template":"","meta":{"site-sidebar-layout":"default","site-content-layout":"default","ast-site-content-layout":"default","site-content-style":"default","site-sidebar-style":"default","ast-global-header-display":"","ast-banner-title-visibility":"","ast-main-header-display":"","ast-hfb-above-header-display":"","ast-hfb-below-header-display":"","ast-hfb-mobile-header-display":"","site-post-title":"","ast-breadcrumbs-content":"","ast-featured-img":"","footer-sml-layout":"","ast-disable-related-posts":"","theme-transparent-header-meta":"default","adv-header-id-meta":"","stick-header-meta":"default","header-above-stick-meta":"","header-main-stick-meta":"","header-below-stick-meta":"","astra-migrate-meta-layouts":"default","ast-page-background-enabled":"default","ast-page-background-meta":{"desktop":{"background-color":"var(--ast-global-color-4)","background-image":"","background-repeat":"repeat","background-position":"center center","background-size":"auto","background-attachment":"scroll","background-type":"","background-media":"","overlay-type":"","overlay-color":"","overlay-opacity":"","overlay-gradient":""},"tablet":{"background-color":"","background-image":"","background-repeat":"repeat","background-position":"center center","background-size":"auto","background-attachment":"scroll","background-type":"","background-media":"","overlay-type":"","overlay-color":"","overlay-opacity":"","overlay-gradient":""},"mobile":{"background-color":"","background-image":"","background-repeat":"repeat","background-position":"center center","background-size":"auto","background-attachment":"scroll","background-type":"","background-media":"","overlay-type":"","overlay-color":"","overlay-opacity":"","overlay-gradient":""}},"ast-content-background-meta":{"desktop":{"background-color":"var(--ast-global-color-5)","background-image":"","background-repeat":"repeat","background-position":"center center","background-size":"auto","background-attachment":"scroll","background-type":"","background-media":"","overlay-type":"","overlay-color":"","overlay-opacity":"","overlay-gradient":""},"tablet":{"background-color":"var(--ast-global-color-5)","background-image":"","background-repeat":"repeat","background-position":"center center","background-size":"auto","background-attachment":"scroll","background-type":"","background-media":"","overlay-type":"","overlay-color":"","overlay-opacity":"","overlay-gradient":""},"mobile":{"background-color":"var(--ast-global-color-5)","background-image":"","background-repeat":"repeat","background-position":"center center","background-size":"auto","background-attachment":"scroll","background-type":"","background-media":"","overlay-type":"","overlay-color":"","overlay-opacity":"","overlay-gradient":""}}},"product_brand":[],"product_cat":[20],"product_tag":[],"class_list":{"0":"post-536","1":"product","2":"type-product","3":"status-publish","4":"has-post-thumbnail","6":"product_cat-electric-mountain-bike","7":"desktop-align-left","8":"tablet-align-left","9":"mobile-align-left","10":"ast-product-gallery-layout-horizontal-slider","11":"ast-product-gallery-with-no-image","12":"ast-product-single-variable","13":"ast-product-tabs-layout-horizontal","15":"first","16":"instock","17":"shipping-taxable","18":"purchasable","19":"product-type-variable"},"yoast_head":"<!-- This site is optimized with the Yoast SEO Premium plugin v20.9 (Yoast SEO v27.3) - https:\/\/yoast.com\/product\/yoast-seo-premium-wordpress\/ -->\n<title>EMB02 Electric Mountain Bike 350W Motor Shimano 7\/8 Speed Gears 36V\/48V Lithium Battery - Bglbike<\/title>\n<meta name=\"description\" content=\"EMB02 Electric Mountain Bike is an easy-to-install, efficient enhancement to any mountain bike. Its robust construction includes a powerful motor enhanced with a built-in power protection system that ensures optimal performance even in harsh conditions.\" \/>\n<meta name=\"robots\" content=\"index, follow, max-snippet:-1, max-image-preview:large, max-video-preview:-1\" \/>\n<link rel=\"canonical\" href=\"https:\/\/bglbike.com\/es\/producto\/emb02\/\" \/>\n<meta property=\"og:locale\" content=\"es_ES\" \/>\n<meta property=\"og:type\" content=\"article\" \/>\n<meta property=\"og:title\" content=\"EMB02 Electric Mountain Bike 350W Motor Shimano 7\/8 Speed Gears 36V\/48V Lithium Battery\" \/>\n<meta property=\"og:description\" content=\"EMB02 Electric Mountain Bike is an easy-to-install, efficient enhancement to any mountain bike. Its robust construction includes a powerful motor enhanced with a built-in power protection system that ensures optimal performance even in harsh conditions.\" \/>\n<meta property=\"og:url\" content=\"https:\/\/bglbike.com\/es\/producto\/emb02\/\" \/>\n<meta property=\"og:site_name\" content=\"Bglbike\" \/>\n<meta property=\"article:modified_time\" content=\"2023-05-31T03:03:15+00:00\" \/>\n<meta property=\"og:image\" content=\"https:\/\/bglbike.com\/wp-content\/uploads\/2023\/03\/1-30.png\" \/>\n\t<meta property=\"og:image:width\" content=\"600\" \/>\n\t<meta property=\"og:image:height\" content=\"600\" \/>\n\t<meta property=\"og:image:type\" content=\"image\/png\" \/>\n<meta name=\"twitter:card\" content=\"summary_large_image\" \/>\n<meta name=\"twitter:label1\" content=\"Tiempo de lectura\" \/>\n\t<meta name=\"twitter:data1\" content=\"2 minutos\" \/>\n<script type=\"application\/ld+json\" class=\"yoast-schema-graph\">{\"@context\":\"https:\\\/\\\/schema.org\",\"@graph\":[{\"@type\":\"WebPage\",\"@id\":\"https:\\\/\\\/bglbike.com\\\/product\\\/emb02\\\/\",\"url\":\"https:\\\/\\\/bglbike.com\\\/product\\\/emb02\\\/\",\"name\":\"EMB02 Electric Mountain Bike 350W Motor Shimano 7\\\/8 Speed Gears 36V\\\/48V Lithium Battery - Bglbike\",\"isPartOf\":{\"@id\":\"https:\\\/\\\/bglbike.com\\\/#website\"},\"primaryImageOfPage\":{\"@id\":\"https:\\\/\\\/bglbike.com\\\/product\\\/emb02\\\/#primaryimage\"},\"image\":{\"@id\":\"https:\\\/\\\/bglbike.com\\\/product\\\/emb02\\\/#primaryimage\"},\"thumbnailUrl\":\"https:\\\/\\\/bglbike.com\\\/wp-content\\\/uploads\\\/2023\\\/03\\\/1-30.png\",\"datePublished\":\"2023-03-28T08:25:34+00:00\",\"dateModified\":\"2023-05-31T03:03:15+00:00\",\"description\":\"EMB02 Electric Mountain Bike is an easy-to-install, efficient enhancement to any mountain bike. Its robust construction includes a powerful motor enhanced with a built-in power protection system that ensures optimal performance even in harsh conditions.\",\"breadcrumb\":{\"@id\":\"https:\\\/\\\/bglbike.com\\\/product\\\/emb02\\\/#breadcrumb\"},\"inLanguage\":\"es\",\"potentialAction\":[{\"@type\":\"ReadAction\",\"target\":[\"https:\\\/\\\/bglbike.com\\\/product\\\/emb02\\\/\"]}]},{\"@type\":\"ImageObject\",\"inLanguage\":\"es\",\"@id\":\"https:\\\/\\\/bglbike.com\\\/product\\\/emb02\\\/#primaryimage\",\"url\":\"https:\\\/\\\/bglbike.com\\\/wp-content\\\/uploads\\\/2023\\\/03\\\/1-30.png\",\"contentUrl\":\"https:\\\/\\\/bglbike.com\\\/wp-content\\\/uploads\\\/2023\\\/03\\\/1-30.png\",\"width\":600,\"height\":600,\"caption\":\"EMB02\"},{\"@type\":\"BreadcrumbList\",\"@id\":\"https:\\\/\\\/bglbike.com\\\/product\\\/emb02\\\/#breadcrumb\",\"itemListElement\":[{\"@type\":\"ListItem\",\"position\":1,\"name\":\"Home\",\"item\":\"https:\\\/\\\/bglbike.com\\\/\"},{\"@type\":\"ListItem\",\"position\":2,\"name\":\"Wholesale Electric Bike\",\"item\":\"https:\\\/\\\/bglbike.com\\\/wholesale-electric-bike\\\/\"},{\"@type\":\"ListItem\",\"position\":3,\"name\":\"EMB02 Electric Mountain Bike 350W Motor Shimano 7\\\/8 Speed Gears 36V\\\/48V Lithium Battery\"}]},{\"@type\":\"WebSite\",\"@id\":\"https:\\\/\\\/bglbike.com\\\/#website\",\"url\":\"https:\\\/\\\/bglbike.com\\\/\",\"name\":\"Bglbike\",\"description\":\"Top  Ebike manufacturer in China\",\"publisher\":{\"@id\":\"https:\\\/\\\/bglbike.com\\\/#organization\"},\"potentialAction\":[{\"@type\":\"SearchAction\",\"target\":{\"@type\":\"EntryPoint\",\"urlTemplate\":\"https:\\\/\\\/bglbike.com\\\/?s={search_term_string}\"},\"query-input\":{\"@type\":\"PropertyValueSpecification\",\"valueRequired\":true,\"valueName\":\"search_term_string\"}}],\"inLanguage\":\"es\"},{\"@type\":\"Organization\",\"@id\":\"https:\\\/\\\/bglbike.com\\\/#organization\",\"name\":\"Bglbike\",\"url\":\"https:\\\/\\\/bglbike.com\\\/\",\"logo\":{\"@type\":\"ImageObject\",\"inLanguage\":\"es\",\"@id\":\"https:\\\/\\\/bglbike.com\\\/#\\\/schema\\\/logo\\\/image\\\/\",\"url\":\"https:\\\/\\\/bglbike.com\\\/wp-content\\\/uploads\\\/2023\\\/04\\\/cropped-LOGO.png\",\"contentUrl\":\"https:\\\/\\\/bglbike.com\\\/wp-content\\\/uploads\\\/2023\\\/04\\\/cropped-LOGO.png\",\"width\":426,\"height\":141,\"caption\":\"Bglbike\"},\"image\":{\"@id\":\"https:\\\/\\\/bglbike.com\\\/#\\\/schema\\\/logo\\\/image\\\/\"}}]}<\/script>\n<!-- \/ Yoast SEO Premium plugin. -->","yoast_head_json":{"title":"EMB02 Electric Mountain Bike 350W Motor Shimano 7\/8 Speed Gears 36V\/48V Lithium Battery - Bglbike","description":"EMB02 Electric Mountain Bike is an easy-to-install, efficient enhancement to any mountain bike. Its robust construction includes a powerful motor enhanced with a built-in power protection system that ensures optimal performance even in harsh conditions.","robots":{"index":"index","follow":"follow","max-snippet":"max-snippet:-1","max-image-preview":"max-image-preview:large","max-video-preview":"max-video-preview:-1"},"canonical":"https:\/\/bglbike.com\/es\/producto\/emb02\/","og_locale":"es_ES","og_type":"article","og_title":"EMB02 Electric Mountain Bike 350W Motor Shimano 7\/8 Speed Gears 36V\/48V Lithium Battery","og_description":"EMB02 Electric Mountain Bike is an easy-to-install, efficient enhancement to any mountain bike. Its robust construction includes a powerful motor enhanced with a built-in power protection system that ensures optimal performance even in harsh conditions.","og_url":"https:\/\/bglbike.com\/es\/producto\/emb02\/","og_site_name":"Bglbike","article_modified_time":"2023-05-31T03:03:15+00:00","og_image":[{"width":600,"height":600,"url":"https:\/\/bglbike.com\/wp-content\/uploads\/2023\/03\/1-30.png","type":"image\/png"}],"twitter_card":"summary_large_image","twitter_misc":{"Tiempo de lectura":"2 minutos"},"schema":{"@context":"https:\/\/schema.org","@graph":[{"@type":"WebPage","@id":"https:\/\/bglbike.com\/product\/emb02\/","url":"https:\/\/bglbike.com\/product\/emb02\/","name":"EMB02 Electric Mountain Bike 350W Motor Shimano 7\/8 Speed Gears 36V\/48V Lithium Battery - Bglbike","isPartOf":{"@id":"https:\/\/bglbike.com\/#website"},"primaryImageOfPage":{"@id":"https:\/\/bglbike.com\/product\/emb02\/#primaryimage"},"image":{"@id":"https:\/\/bglbike.com\/product\/emb02\/#primaryimage"},"thumbnailUrl":"https:\/\/bglbike.com\/wp-content\/uploads\/2023\/03\/1-30.png","datePublished":"2023-03-28T08:25:34+00:00","dateModified":"2023-05-31T03:03:15+00:00","description":"EMB02 Electric Mountain Bike is an easy-to-install, efficient enhancement to any mountain bike. Its robust construction includes a powerful motor enhanced with a built-in power protection system that ensures optimal performance even in harsh conditions.","breadcrumb":{"@id":"https:\/\/bglbike.com\/product\/emb02\/#breadcrumb"},"inLanguage":"es","potentialAction":[{"@type":"ReadAction","target":["https:\/\/bglbike.com\/product\/emb02\/"]}]},{"@type":"ImageObject","inLanguage":"es","@id":"https:\/\/bglbike.com\/product\/emb02\/#primaryimage","url":"https:\/\/bglbike.com\/wp-content\/uploads\/2023\/03\/1-30.png","contentUrl":"https:\/\/bglbike.com\/wp-content\/uploads\/2023\/03\/1-30.png","width":600,"height":600,"caption":"EMB02"},{"@type":"BreadcrumbList","@id":"https:\/\/bglbike.com\/product\/emb02\/#breadcrumb","itemListElement":[{"@type":"ListItem","position":1,"name":"Home","item":"https:\/\/bglbike.com\/"},{"@type":"ListItem","position":2,"name":"Wholesale Electric Bike","item":"https:\/\/bglbike.com\/wholesale-electric-bike\/"},{"@type":"ListItem","position":3,"name":"EMB02 Electric Mountain Bike 350W Motor Shimano 7\/8 Speed Gears 36V\/48V Lithium Battery"}]},{"@type":"WebSite","@id":"https:\/\/bglbike.com\/#website","url":"https:\/\/bglbike.com\/","name":"Bglbike","description":"Top  Ebike manufacturer in China","publisher":{"@id":"https:\/\/bglbike.com\/#organization"},"potentialAction":[{"@type":"SearchAction","target":{"@type":"EntryPoint","urlTemplate":"https:\/\/bglbike.com\/?s={search_term_string}"},"query-input":{"@type":"PropertyValueSpecification","valueRequired":true,"valueName":"search_term_string"}}],"inLanguage":"es"},{"@type":"Organization","@id":"https:\/\/bglbike.com\/#organization","name":"Bglbike","url":"https:\/\/bglbike.com\/","logo":{"@type":"ImageObject","inLanguage":"es","@id":"https:\/\/bglbike.com\/#\/schema\/logo\/image\/","url":"https:\/\/bglbike.com\/wp-content\/uploads\/2023\/04\/cropped-LOGO.png","contentUrl":"https:\/\/bglbike.com\/wp-content\/uploads\/2023\/04\/cropped-LOGO.png","width":426,"height":141,"caption":"Bglbike"},"image":{"@id":"https:\/\/bglbike.com\/#\/schema\/logo\/image\/"}}]}},"_links":{"self":[{"href":"https:\/\/bglbike.com\/es\/wp-json\/wp\/v2\/product\/536","targetHints":{"allow":["GET"]}}],"collection":[{"href":"https:\/\/bglbike.com\/es\/wp-json\/wp\/v2\/product"}],"about":[{"href":"https:\/\/bglbike.com\/es\/wp-json\/wp\/v2\/types\/product"}],"wp:featuredmedia":[{"embeddable":true,"href":"https:\/\/bglbike.com\/es\/wp-json\/wp\/v2\/media\/3917"}],"wp:attachment":[{"href":"https:\/\/bglbike.com\/es\/wp-json\/wp\/v2\/media?parent=536"}],"wp:term":[{"taxonomy":"product_brand","embeddable":true,"href":"https:\/\/bglbike.com\/es\/wp-json\/wp\/v2\/product_brand?post=536"},{"taxonomy":"product_cat","embeddable":true,"href":"https:\/\/bglbike.com\/es\/wp-json\/wp\/v2\/product_cat?post=536"},{"taxonomy":"product_tag","embeddable":true,"href":"https:\/\/bglbike.com\/es\/wp-json\/wp\/v2\/product_tag?post=536"}],"curies":[{"name":"wp","href":"https:\/\/api.w.org\/{rel}","templated":true}]}}